{"id":1373,"date":"2024-12-23T02:18:57","date_gmt":"2024-12-23T02:18:57","guid":{"rendered":"https:\/\/fmp-components.com\/product\/new-arrival-micro-hydraulic-piston-cylinder-for-tractor\/"},"modified":"2024-12-23T03:24:36","modified_gmt":"2024-12-23T03:24:36","slug":"new-arrival-micro-hydraulic-piston-cylinder-for-tractor","status":"publish","type":"product","link":"https:\/\/fmp-components.com\/lv\/product\/new-arrival-micro-hydraulic-piston-cylinder-for-tractor\/","title":{"rendered":"Jauns iera\u0161an\u0101s mikro hidrauliskais virzu\u013ccilindrs traktoram"},"content":{"rendered":"<h2>Iepaz\u012bstin\u0101m ar jauno mikrohidraulisko virzu\u013ccilindru traktoram:<\/h2>\n<p>Jaunpien\u0101c\u0113js mikrohidrauliskais virzu\u013ccilindrs traktoriem ir inovat\u012bvs un augstas kvalit\u0101tes produkts, kas paredz\u0113ts, lai uzlabotu traktoru veiktsp\u0113ju un funkcionalit\u0101ti. \u0160is hidrauliskais virzu\u013ccilindrs ir \u012bpa\u0161i izstr\u0101d\u0101ts, lai nodro\u0161in\u0101tu uzticamu un efekt\u012bvu jaudas p\u0101rnesi, padarot to par b\u016btisku sast\u0101vda\u013cu da\u017e\u0101diem traktoru lietojumiem.<\/p>\n<p>\u0160is virzu\u013ccilindrs, kas apr\u012bkots ar modernu hidraulisko tehnolo\u0123iju, nodro\u0161ina izcilu iztur\u012bbu un precizit\u0101ti. T\u0101 kompaktais izm\u0113rs \u013cauj to viegli uzst\u0101d\u012bt, padarot to piem\u0113rotu gan maziem, gan lieliem traktoriem. Mikro dizains nodro\u0161ina vienm\u0113r\u012bgu darb\u012bbu un samazina berzi, k\u0101 rezult\u0101t\u0101 uzlabojas efektivit\u0101te un samazin\u0101s apkopes pras\u012bbas.<\/p>\n<p>\u0160im hidrauliskajam virzu\u013ccilindram ir iztur\u012bga konstrukcija, kas paredz\u0113ta, lai iztur\u0113tu sare\u017e\u0123\u012btus darba apst\u0101k\u013cus. T\u0101 augstspiediena jauda nodro\u0161ina optim\u0101lu veiktsp\u0113ju pat sare\u017e\u0123\u012btos lauksaimniec\u012bbas darbos. Ar prec\u012bzu vad\u012bbu un \u0101tru rea\u0123\u0113\u0161anu tas \u013cauj operatoriem efekt\u012bvi p\u0101rvald\u012bt da\u017e\u0101das traktora funkcijas, piem\u0113ram, smagu kravu cel\u0161anu vai agreg\u0101tu vad\u012bbu.<\/p>\n<p><img loading=\"lazy\" decoding=\"async\" class=\"alignnone size-full wp-image-1334\" src=\"https:\/\/fmp-components.com\/wp-content\/uploads\/2024\/12\/Adjustable-Clevis-Type-Cylinders-4.webp\" alt=\"Regul\u0113jami skavu tipa cilindri\" width=\"800\" height=\"800\" title=\"\" srcset=\"https:\/\/fmp-components.com\/wp-content\/uploads\/2024\/12\/Adjustable-Clevis-Type-Cylinders-4.webp 800w, https:\/\/fmp-components.com\/wp-content\/uploads\/2024\/12\/Adjustable-Clevis-Type-Cylinders-4-480x480.webp 480w\" sizes=\"(min-width: 0px) and (max-width: 480px) 480px, (min-width: 481px) 800px, 100vw\" \/><\/p>\n<p>Jaunpien\u0101c\u0113js mikrohidrauliskais virzu\u013ccilindrs traktoram ir izstr\u0101d\u0101ts, dom\u0101jot par dro\u0161\u012bbu. Tas ietver uzticamus bl\u012bv\u0113jumus un v\u0101rstus, lai nov\u0113rstu nopl\u016bdes un nodro\u0161in\u0101tu vienm\u0113r\u012bgu darb\u012bbu. Turkl\u0101t t\u0101 korozijiztur\u012bgie materi\u0101li pied\u0101v\u0101 ilgsto\u0161u aizsardz\u012bbu pret vides faktoriem, nodro\u0161inot ilg\u0101ku kalpo\u0161anas laiku.<\/p>\n<p>Rezum\u0113jot, jaunais mikrohidrauliskais virzu\u013ccilindrs traktoriem ir revolucion\u0101rs lauksaimniec\u012bbas nozar\u0113. Pateicoties izcilajai veiktsp\u0113jai, iztur\u012bbai un dro\u0161\u012bbas funkcij\u0101m, t\u0101 ir lieliska izv\u0113le traktoru \u012bpa\u0161niekiem un operatoriem, kuri v\u0113las uzlabot produktivit\u0101ti un efektivit\u0101ti.<\/p>\n<p>Iepaz\u012bstin\u0101m ar jauno mikrohidraulisko virzu\u013ccilindru, kas b\u016bs pieejams 2023. gad\u0101 un ir lieliski piem\u0113rots traktoriem un da\u017e\u0101d\u0101m nozar\u0113m, tostarp tehnikas remonta darbn\u012bc\u0101m, ferm\u0101m, ener\u0123\u0113tikas un ieguves r\u016bpniec\u012bbai, tehnikas ra\u017eo\u0161anai un ma\u0161\u012bnb\u016bves r\u016bpn\u012bc\u0101m. \u0160is cilindrs ir izgatavots atbilsto\u0161i standarta specifik\u0101cij\u0101m ar virzu\u013ca konstrukciju un darbojas ar hidraulisko sp\u0113ku. Tas sver 60 kg un ir izgatavots no t\u0113rauda, \u200b\u200bkas nodro\u0161ina t\u0101 iztur\u012bbu un sp\u0113ju iztur\u0113t sare\u017e\u0123\u012btus apst\u0101k\u013cus.<\/p>\n<table style=\"width: 100%;\" border=\"1\" width=\"100%\" cellspacing=\"0\" cellpadding=\"0\">\n<tbody>\n<tr>\n<th>Produkta nosaukums<\/th>\n<td>Mikrohidrauliskais virzu\u013ccilindrs<\/td>\n<\/tr>\n<tr>\n<th>Tips<\/th>\n<td>Regul\u0113jams skavu tips<\/td>\n<\/tr>\n<tr>\n<th>Maksim\u0101l\u0101 vilce<\/th>\n<td>3000<\/td>\n<\/tr>\n<tr>\n<th>Maksim\u0101lais vilk\u0161anas sp\u0113ks<\/th>\n<td>20 tonnas<\/td>\n<\/tr>\n<tr>\n<th>Sertifik\u0101cija<\/th>\n<td>ISO 9001:2000<\/td>\n<\/tr>\n<tr>\n<th>Urbuma izm\u0113rs<\/th>\n<td>2\u20136 collas<\/td>\n<\/tr>\n<tr>\n<th>Stie\u0146a izm\u0113rs<\/th>\n<td>1,125\u20134 collas<\/td>\n<\/tr>\n<tr>\n<th>Trieciena izm\u0113rs<\/th>\n<td>4\u2013100 collas<\/td>\n<\/tr>\n<tr>\n<th>Tapas izm\u0113rs<\/th>\n<td>0,5\u20132 collas<\/td>\n<\/tr>\n<tr>\n<th>Kr\u0101sa<\/th>\n<td>Melns<\/td>\n<\/tr>\n<tr>\n<th>Iepakojuma deta\u013cas<\/th>\n<td>Dzelzs korpuss, sapl\u0101k\u0161\u0146a korpuss vai kartona kaste<\/td>\n<\/tr>\n<\/tbody>\n<\/table>\n<p>&nbsp;<\/p>\n<p><img decoding=\"async\" src=\"https:\/\/img.jiansujichilun.com\/img\/hydrauliccylinders\/T_hydrauliccylinders-2.webp\" alt=\"hidrauliskais cilindrs\" width=\"800\" title=\"\"><\/p>\n<h2>Regul\u0113jamu skavu tipa cilindru priek\u0161roc\u012bbas<\/h2>\n<p>Regul\u0113jami skavu tipa cilindri ir revolucion\u0101rs jaunin\u0101jums hidraulisko sist\u0113mu jom\u0101. \u0160iem cilindriem ir vair\u0101kas at\u0161\u0137ir\u012bgas priek\u0161roc\u012bbas sal\u012bdzin\u0101jum\u0101 ar tradicion\u0101lajiem cilindriem, padarot tos par iecien\u012btu izv\u0113li da\u017e\u0101diem pielietojumiem. \u0160aj\u0101 rakst\u0101 m\u0113s detaliz\u0113ti izp\u0113t\u012bsim \u0161\u012bs priek\u0161roc\u012bbas, izce\u013cot to unik\u0101l\u0101s \u012bpa\u0161\u012bbas un ieguvumus.<\/p>\n<h3>1. Uzlabota elast\u012bba un piel\u0101go\u0161an\u0101s sp\u0113ja<\/h3>\n<p>Viena no regul\u0113jamu skavu tipa cilindru galvenaj\u0101m priek\u0161roc\u012bb\u0101m ir to sp\u0113ja piel\u0101goties da\u017e\u0101d\u0101m mont\u0101\u017eas poz\u012bcij\u0101m un le\u0146\u0137iem. Regul\u0113jam\u0101s skavu konstrukcija \u013cauj viegli piel\u0101got cilindru, \u013caujot to pievienot da\u017e\u0101dos iek\u0101rtas vai tehnikas punktos. \u0160\u012b elast\u012bba uzlabo hidraulisk\u0101s sist\u0113mas visp\u0101r\u0113jo funkcionalit\u0101ti un efektivit\u0101ti, jo to var piel\u0101got konkr\u0113t\u0101m pras\u012bb\u0101m.<\/p>\n<h3>2. Optim\u0101la veiktsp\u0113ja un slodzes sadal\u012bjums<\/h3>\n<p>Regul\u0113jami skavu tipa cilindri izce\u013cas ar optim\u0101lu veiktsp\u0113ju un slodzes sadal\u012bjumu. Sak\u0146u konstrukcija nodro\u0161ina vienm\u0113r\u012bgu slodzes sadal\u012bjumu pa cilindru, samazinot spriegumu un priek\u0161laic\u012bgas nodiluma risku. Tas uzlabo hidraulisk\u0101s sist\u0113mas kop\u0113jo veiktsp\u0113ju un ilgm\u016b\u017e\u012bbu, padarot to par rentablu risin\u0101jumu ilgsto\u0161ai lieto\u0161anai.<\/p>\n<h3>3. Prec\u012bza pozicion\u0113\u0161ana un vad\u012bba<\/h3>\n<p>Ar regul\u0113jamiem skavu tipa cilindriem ir viegli pan\u0101kt prec\u012bzu pozicion\u0113\u0161anu un vad\u012bbu. Sp\u0113ja prec\u012bzi noregul\u0113t mont\u0101\u017eas poz\u012bciju un le\u0146\u0137i nodro\u0161ina prec\u012bzu cilindra kust\u012bbu un vad\u012bbu, \u013caujot operatoriem veikt uzdevumus ar augstu precizit\u0101ti. \u0160\u0101ds kontroles l\u012bmenis ir \u012bpa\u0161i noder\u012bgs lietojumos, kuros nepiecie\u0161ama delik\u0101ta apie\u0161an\u0101s vai prec\u012bza manevr\u0113\u0161ana.<\/p>\n<h3>4. Paaugstin\u0101ta dro\u0161\u012bba un uzticam\u012bba<\/h3>\n<p>Regul\u0113jami skavu tipa cilindri priorit\u0101ri izvirza dro\u0161\u012bbu un uzticam\u012bbu. \u0160o cilindru uzlabot\u0101 elast\u012bba un piel\u0101gojam\u012bba veicina dro\u0161\u0101ku darb\u012bbu, jo tos var dro\u0161i uzst\u0101d\u012bt vispiem\u0113rot\u0101kaj\u0101s poz\u012bcij\u0101s. Turkl\u0101t iztur\u012bgais dizains un augstas kvalit\u0101tes materi\u0101li, kas izmantoti to konstrukcij\u0101, nodro\u0161ina iztur\u012bbu un uzticam\u012bbu, samazinot negaid\u012btu k\u013c\u016bmju vai boj\u0101jumu risku.<\/p>\n<h3>5. Izmaksu efektivit\u0101te un laika efektivit\u0101te<\/h3>\n<p>Pied\u0101v\u0101jot izcilu veiktsp\u0113ju, piel\u0101gojam\u012bbu un uzticam\u012bbu, regul\u0113jamie skavu tipa cilindri galu gal\u0101 izr\u0101d\u0101s rentabli un laika zi\u0146\u0101 efekt\u012bvi. Optimiz\u0113tais slodzes sadal\u012bjums un prec\u012bz\u0101 vad\u012bba samazina ener\u0123ijas un resursu iz\u0161\u0137\u0113rd\u0113\u0161anu, k\u0101 rezult\u0101t\u0101 samazin\u0101s ekspluat\u0101cijas izmaksas. Turkl\u0101t vienk\u0101r\u0161\u0101 uzst\u0101d\u012b\u0161ana un regul\u0113\u0161ana ietaupa v\u0113rt\u012bgu laiku iestat\u012b\u0161anas un apkopes laik\u0101, padarot tos par ide\u0101lu izv\u0113li projektiem, kuriem ir ierobe\u017eots laiks.<\/p>\n<p>Rezum\u0113jot, regul\u0113jamiem skavu tipa cilindriem ir daudz priek\u0161roc\u012bbu sal\u012bdzin\u0101jum\u0101 ar tradicion\u0101lajiem cilindriem. To uzlabot\u0101 elast\u012bba, optim\u0101l\u0101 veiktsp\u0113ja, prec\u012bz\u0101 pozicion\u0113\u0161ana, paaugstin\u0101t\u0101 dro\u0161\u012bba un izmaksu efektivit\u0101te padara tos par v\u0113rt\u012bgu resursu hidrauliskaj\u0101s sist\u0113m\u0101s. \u0160o cilindru iek\u013cau\u0161ana var iev\u0113rojami uzlabot iek\u0101rtu vai ma\u0161\u012bnu kop\u0113jo efektivit\u0101ti un produktivit\u0101ti, pied\u0101v\u0101jot iev\u0113rojamas konkurences priek\u0161roc\u012bbas da\u017e\u0101d\u0101s nozar\u0113s.<\/p>\n<p><img decoding=\"async\" src=\"https:\/\/fmp-components.com\/wp-content\/uploads\/2024\/12\/Adjustable-Clevis-Type-Cylinders5.webp\" alt=\"Regul\u0113jams skavu tipa cilindrs\" width=\"800\" title=\"\"><\/p>\n<h2>Regul\u0113jamu skavu tipa cilindru pielietojums<\/h2>\n<p>Regul\u0113jami skavu tipa cilindri, piem\u0113ram, jaunievedotais mikrohidrauliskais virzu\u013ccilindrs traktoriem, ir b\u016btiska sast\u0101vda\u013ca da\u017e\u0101d\u0101s nozar\u0113s. \u0160ie cilindri nodro\u0161ina prec\u012bzu vad\u012bbu un izcilu iztur\u012bbu, padarot tos piem\u0113rotus pla\u0161am pielietojumu kl\u0101stam. \u0160aj\u0101 rakst\u0101 m\u0113s izp\u0113t\u012bsim da\u017e\u0101das jomas, kur\u0101s \u0161ie cilindri tiek pla\u0161i izmantoti.<\/p>\n<h3>1. Lauksaimniec\u012bbas tehnika<\/h3>\n<p>Regul\u0113jamiem skavu tipa cilindriem ir iz\u0161\u0137iro\u0161a noz\u012bme lauksaimniec\u012bbas tehnik\u0101, \u012bpa\u0161i traktoros. \u0160ie cilindri tiek izmantoti da\u017e\u0101dos traktoru stiprin\u0101jumos un instrumentos, lai nodro\u0161in\u0101tu hidraulisko jaudu da\u017e\u0101du uzdevumu veik\u0161anai. Viens no \u0161\u0101diem pielietojumiem ir traktoru hidraulisk\u0101 pacel\u0161anas sist\u0113ma, kas nodro\u0161ina vienm\u0113r\u012bgu un kontrol\u0113tu pievienot\u0101 apr\u012bkojuma, piem\u0113ram, arklu, kombainu un iekr\u0101v\u0113ju, kust\u012bbu. Jaunpien\u0101c\u0113js mikrohidrauliskais virzu\u013ccilindrs traktoriem pied\u0101v\u0101 uzlabotu regul\u0113jam\u012bbu un efektivit\u0101ti, nodro\u0161inot optim\u0101lu veiktsp\u0113ju lauksaimniec\u012bbas darbos.<\/p>\n<h3>2. Celtniec\u012bbas iek\u0101rtas<\/h3>\n<p>V\u0113l viena nozare, kur\u0101 pla\u0161i tiek izmantoti regul\u0113jami skavu tipa cilindri, ir b\u016bvniec\u012bba. \u0160ie cilindri tiek izmantoti da\u017e\u0101d\u0101s celtniec\u012bbas iek\u0101rt\u0101s, piem\u0113ram, ekskavatoros, buldozeros un ekskavatoros. Cilindri nodro\u0161ina prec\u012bzu ma\u0161\u012bnu deta\u013cu kust\u012bbas kontroli, atvieglojot t\u0101dus uzdevumus k\u0101 rak\u0161ana, cel\u0161ana un smagu kravu stum\u0161ana. Jaunpien\u0101c\u0113js mikrohidrauliskais virzu\u013ccilindrs traktoriem pied\u0101v\u0101 izcilu iztur\u012bbu un ilgm\u016b\u017e\u012bbu, padarot to piem\u0113rotu pras\u012bgiem celtniec\u012bbas darbiem.<\/p>\n<h3>3. Materi\u0101lu apstr\u0101des sist\u0113mas<\/h3>\n<p>Regul\u0113jamie skavu tipa cilindri tiek pla\u0161i izmantoti ar\u012b materi\u0101lu apstr\u0101des sist\u0113m\u0101s. \u0160\u012bs sist\u0113mas ietver konveijera lentes, pacel\u0161anas platformas un automatiz\u0113tu noliktavu apr\u012bkojumu. Cilindri nodro\u0161ina nepiecie\u0161amo sp\u0113ku un kontroli smagu priek\u0161metu p\u0101rvieto\u0161anai ar vieglu un prec\u012bzu precizit\u0101ti. Materi\u0101lu apstr\u0101des pielietojumos jaunais mikrohidrauliskais virzu\u013ccilindrs traktoriem pier\u0101da savu augsto uzticam\u012bbu un efektivit\u0101ti, nodro\u0161inot vienm\u0113r\u012bgu darb\u012bbu un palielin\u0101tu produktivit\u0101ti.<\/p>\n<h3>4. R\u016bpniecisk\u0101 automatiz\u0101cija<\/h3>\n<p>R\u016bpniecisk\u0101 automatiz\u0101cija da\u017e\u0101du uzdevumu veik\u0161anai liel\u0101 m\u0113r\u0101 balst\u0101s uz regul\u0113jamiem skavu tipa cilindriem. \u0160ie cilindri tiek izmantoti robotiz\u0113t\u0101s sist\u0113m\u0101s, mont\u0101\u017eas l\u012bnij\u0101s un citos automatiz\u0113tos procesos, lai nodro\u0161in\u0101tu prec\u012bzas un kontrol\u0113tas kust\u012bbas. Jaunpien\u0101c\u0113js mikrohidrauliskais virzu\u013ccilindrs traktoriem pied\u0101v\u0101 uzlabotas funkcijas, piem\u0113ram, regul\u0113jamu g\u0101jiena garumu un lielu nestsp\u0113ju, padarot to par lielisku izv\u0113li r\u016bpniecisk\u0101s automatiz\u0101cijas lietojumprogramm\u0101m.<\/p>\n<h3>5. J\u016bras un atkl\u0101t\u0101s j\u016bras pielietojumi<\/h3>\n<p>Regul\u0113jamie skavu tipa cilindri tiek izmantoti ar\u012b j\u016bras un piekrastes r\u016bpniec\u012bb\u0101. \u0160ie cilindri tiek izmantoti j\u016bras apr\u012bkojum\u0101, piem\u0113ram, celt\u0146os, vin\u010d\u0101s un ku\u0123u un piekrastes platformu hidrauliskaj\u0101s sist\u0113m\u0101s. \u0160o cilindru sp\u0113ja iztur\u0113t skarbus vides apst\u0101k\u013cus, piem\u0113ram, s\u0101ls\u016bdens koroziju, padara tos \u013coti piem\u0113rotus j\u016bras vajadz\u012bb\u0101m. Jaunpien\u0101c\u0113js mikrohidrauliskais virzu\u013ccilindrs traktoriem nodro\u0161ina uzticamu veiktsp\u0113ju sare\u017e\u0123\u012btos j\u016bras un piekrastes apst\u0101k\u013cos.<\/p>\n<p>Nosl\u0113gum\u0101 j\u0101secina, ka regul\u0113jamu skavu tipa cilindru, \u012bpa\u0161i jaun\u0101 mikrohidraulisk\u0101 virzu\u013ccilindra traktoriem, pielietojums aptver da\u017e\u0101das nozares. S\u0101kot no lauksaimniec\u012bbas un b\u016bvniec\u012bbas l\u012bdz materi\u0101lu apstr\u0101des sist\u0113m\u0101m, r\u016bpnieciskajai automatiz\u0101cijai un j\u016bras lietojumiem, \u0161ie cilindri nodro\u0161ina uzticamu un prec\u012bzu hidraulisko jaudu. To piel\u0101gojam\u012bba, iztur\u012bba un ilgm\u016b\u017e\u012bba padara tos par neaizst\u0101jamu sast\u0101vda\u013cu daudz\u0101s iek\u0101rt\u0101s un ma\u0161\u012bn\u0101s.<\/p>\n<p><img decoding=\"async\" src=\"https:\/\/fmp-components.com\/wp-content\/uploads\/2024\/12\/Application-of-Adjustable-Clevis-Type-Cylinders.webp\" alt=\"Regul\u0113jams skavu tipa cilindrs\" width=\"800\" title=\"\"><\/p>\n<h3>Par FMP<\/h3>\n<p>FMP ir vado\u0161ais uz\u0146\u0113mums, kas specializ\u0113jas hidraulisko cilindru ra\u017eo\u0161an\u0101 un p\u0101rdo\u0161an\u0101. Pateicoties m\u016bsu pla\u0161ajai pieredzei nozar\u0113 un profesion\u0101lajai komandai, m\u0113s esam ap\u0146\u0113mu\u0161ies nodro\u0161in\u0101t klientus ar augstas kvalit\u0101tes un uzticamiem hidrauliskajiem cilindriem da\u017e\u0101diem celtniec\u012bbas tehnikas pielietojumiem.<\/p>\n<p><img decoding=\"async\" src=\"https:\/\/fmp-components.com\/wp-content\/uploads\/2024\/12\/Adjustable-Clevis-Type-Cylinders-6.webp\" alt=\"Regul\u0113jams skavu tipa cilindrs\" width=\"835\" title=\"\"><\/p>\n<p>\u0160eit ir pieci iemesli, k\u0101p\u0113c FMP izv\u0113le j\u016bsu hidraulisko cilindru vajadz\u012bb\u0101m ir pareizais l\u0113mums:<\/p>\n<ol>\n<li><strong>Pla\u0161s produktu kl\u0101sts:<\/strong> M\u0113s pied\u0101v\u0101jam pla\u0161u hidraulisko cilindru kl\u0101stu, kas piem\u0113rots da\u017e\u0101diem pielietojumiem b\u016bvniec\u012bbas tehnikas nozar\u0113. Neatkar\u012bgi no t\u0101, vai jums nepiecie\u0161ami cilindri lauksaimniec\u012bbas tehnikai, r\u016bpnieciskaj\u0101m p\u0101rnesumk\u0101rb\u0101m vai planet\u0101raj\u0101m p\u0101rnesumk\u0101rb\u0101m, m\u0113s par\u016bp\u0113simies par visu.<\/li>\n<li><strong>Stingri kvalit\u0101tes standarti:<\/strong> FMP m\u0113s pie\u0161\u0137iram priorit\u0101ti kvalit\u0101tei un nodro\u0161in\u0101m, lai visi m\u016bsu pieg\u0101d\u0101tie hidrauliskie cilindri atbilstu stingriem kvalit\u0101tes standartiem. Pateicoties ilgtermi\u0146a un stabil\u0101m partnerattiec\u012bb\u0101m ar augstas kvalit\u0101tes pieg\u0101d\u0101t\u0101jiem, m\u0113s garant\u0113jam m\u016bsu produktu uzticam\u012bbu un iztur\u012bbu.<\/li>\n<li><strong>Pieredz\u0113jusi p\u0101rdo\u0161anas komanda:<\/strong> M\u016bsu zino\u0161\u0101 p\u0101rdo\u0161anas komanda labi p\u0101rzina jaun\u0101k\u0101s tendences un klientu piepras\u012bjumu b\u016bvniec\u012bbas tehnikas nozar\u0113. Vi\u0146i var sniegt jums profesion\u0101las konsult\u0101cijas par produktiem, pal\u012bdzot pie\u0146emt p\u0101rdom\u0101tus l\u0113mumus un atrast j\u016bsu \u012bpa\u0161aj\u0101m pras\u012bb\u0101m piem\u0113rot\u0101ko hidraulisko cilindru.<\/li>\n<li><strong>Efekt\u012bva lo\u0123istikas izplat\u012b\u0161ana:<\/strong> M\u0113s saprotam savlaic\u012bgas pieg\u0101des noz\u012bmi. M\u016bsu efekt\u012bv\u0101 lo\u0123istikas izplat\u012b\u0161anas sist\u0113ma nodro\u0161ina, ka j\u016bs \u0101tri un prec\u012bzi sa\u0146emsiet nepiecie\u0161amos hidrauliskos cilindrus, samazinot d\u012bkst\u0101ves laiku un nodro\u0161inot j\u016bsu darb\u012bbas netrauc\u0113tu norisi.<\/li>\n<li><strong>Visaptvero\u0161s p\u0113cp\u0101rdo\u0161anas atbalsts:<\/strong> FMP m\u0113s augstu v\u0113rt\u0113jam klientu apmierin\u0101t\u012bbu. M\u016bsu \u012bpa\u0161i atlas\u012bt\u0101 atbalsta komanda vienm\u0113r ir gatava pal\u012bdz\u0113t ar visiem j\u016bsu jaut\u0101jumiem vai ba\u017e\u0101m, sniedzot visaptvero\u0161u p\u0113cp\u0101rdo\u0161anas atbalstu, lai nodro\u0161in\u0101tu j\u016bsu maksim\u0101lu apmierin\u0101t\u012bbu ar m\u016bsu hidrauliskajiem cilindriem.<\/li>\n<\/ol>\n<p>Sadarbojieties ar FMP jau \u0161odien un izbaudiet m\u016bsu hidraulisko cilindru kvalit\u0101ti, uzticam\u012bbu un izcilo veiktsp\u0113ju. Sazinieties ar mums t\u016bl\u012bt, lai apspriestu savas \u012bpa\u0161\u0101s vajadz\u012bbas un uzs\u0101ktu augl\u012bgu sadarb\u012bbu.<\/p>\n<h2>Bie\u017ei uzdotie jaut\u0101jumi<\/h2>\n<p><b>J: K\u0101da ir mikrohidraulisk\u0101 virzu\u013ccilindra maksim\u0101l\u0101 vilces jauda?<\/b><br \/>\nA: Mikrohidraulisk\u0101 virzu\u013ccilindra maksim\u0101l\u0101 vilces jauda ir 3000.<\/p>\n<p><b>J: K\u0101ds ir mikrohidraulisk\u0101 virzu\u013ccilindra svars?<\/b><br \/>\nA: Mikrohidraulisk\u0101 virzu\u013ccilindra svars ir 60 kg.<\/p>\n<p><b>J: K\u0101da veida garantija ir pieejama mikrohidrauliskajam virzu\u013ccilindram?<\/b><br \/>\nA: Mikrohidrauliskajam virzu\u013ccilindram ir 1 gada garantija.<\/p>\n<p>Autors: CX<\/p>","protected":false},"excerpt":{"rendered":"<p>Introducing the New Arrival Micro Hydraulic Piston Cylinder For Tractor: The New Arrival Micro Hydraulic Piston Cylinder For Tractor is an innovative and high-quality product designed to enhance the performance and functionality of tractors. This hydraulic piston cylinder is specifically engineered to provide reliable and efficient power transfer, making it an essential component for various [&hellip;]<\/p>","protected":false},"featured_media":1340,"comment_status":"closed","ping_status":"closed","template":"","meta":{"_et_pb_use_builder":"","_et_pb_old_content":"","_et_gb_content_width":""},"product_brand":[],"product_cat":[39],"product_tag":[41,34],"class_list":{"0":"post-1373","1":"product","2":"type-product","3":"status-publish","4":"has-post-thumbnail","6":"product_cat-adjustable-clevis-type-cylinders","7":"product_tag-adjustable-clevis-type-cylinders","8":"product_tag-hydraulic-cylinder","10":"first","11":"instock","12":"product-type-simple"},"_links":{"self":[{"href":"https:\/\/fmp-components.com\/lv\/wp-json\/wp\/v2\/product\/1373","targetHints":{"allow":["GET"]}}],"collection":[{"href":"https:\/\/fmp-components.com\/lv\/wp-json\/wp\/v2\/product"}],"about":[{"href":"https:\/\/fmp-components.com\/lv\/wp-json\/wp\/v2\/types\/product"}],"replies":[{"embeddable":true,"href":"https:\/\/fmp-components.com\/lv\/wp-json\/wp\/v2\/comments?post=1373"}],"wp:featuredmedia":[{"embeddable":true,"href":"https:\/\/fmp-components.com\/lv\/wp-json\/wp\/v2\/media\/1340"}],"wp:attachment":[{"href":"https:\/\/fmp-components.com\/lv\/wp-json\/wp\/v2\/media?parent=1373"}],"wp:term":[{"taxonomy":"product_brand","embeddable":true,"href":"https:\/\/fmp-components.com\/lv\/wp-json\/wp\/v2\/product_brand?post=1373"},{"taxonomy":"product_cat","embeddable":true,"href":"https:\/\/fmp-components.com\/lv\/wp-json\/wp\/v2\/product_cat?post=1373"},{"taxonomy":"product_tag","embeddable":true,"href":"https:\/\/fmp-components.com\/lv\/wp-json\/wp\/v2\/product_tag?post=1373"}],"curies":[{"name":"wp","href":"https:\/\/api.w.org\/{rel}","templated":true}]}}