{"id":1371,"date":"2024-12-23T02:18:57","date_gmt":"2024-12-23T02:18:57","guid":{"rendered":"https:\/\/fmp-components.com\/product\/cheap-small-double-acting-welded-trailer-hydraulic-cylinder\/"},"modified":"2024-12-23T03:24:49","modified_gmt":"2024-12-23T03:24:49","slug":"cheap-small-double-acting-welded-trailer-hydraulic-cylinder","status":"publish","type":"product","link":"https:\/\/fmp-components.com\/lv\/product\/cheap-small-double-acting-welded-trailer-hydraulic-cylinder\/","title":{"rendered":"L\u0113ts mazs divk\u0101r\u0161as darb\u012bbas metin\u0101ts piekabes hidrauliskais cilindrs"},"content":{"rendered":"<p>L\u0113tais mazais divk\u0101r\u0161as darb\u012bbas metin\u0101tais piekabes hidrauliskais cilindrs ir jaud\u012bga un uzticama tehnika, kas ir b\u016btiska jebkurai r\u016bpnieciskai vai lauksaimniec\u012bbas darb\u012bbai. \u0160is hidrauliskais cilindrs ir paredz\u0113ts divk\u0101r\u0161as darb\u012bbas sp\u0113ka nodro\u0161in\u0101\u0161anai, garant\u0113jot maksim\u0101lu efektivit\u0101ti katr\u0101 pielietojum\u0101.<\/p>\n<p>Viena no \u0161\u012b hidraulisk\u0101 cilindra galvenaj\u0101m iez\u012bm\u0113m ir t\u0101 metin\u0101t\u0101 konstrukcija, kas nodro\u0161ina izcilu iztur\u012bbu un veiktsp\u0113ju ilgtermi\u0146\u0101. \u0160\u012b konstrukcija nodro\u0161ina, ka cilindrs sp\u0113j iztur\u0113t vissmag\u0101kos apst\u0101k\u013cus, tostarp intens\u012bvu lieto\u0161anu un pak\u013cau\u0161anu elementu iedarb\u012bbai.<\/p>\n<p>Papildus iztur\u012bgajam dizainam, l\u0113to mazo divk\u0101r\u0161\u0101s darb\u012bbas metin\u0101to piekabes hidraulisko cilindru ir ar\u012b neticami viegli uzst\u0101d\u012bt un uztur\u0113t. Tas padara to par ide\u0101lu izv\u0113li ikvienam, kam nepiecie\u0161ams uzticams un efekt\u012bvs hidrauliskais cilindrs, ko var \u0101tri un vienk\u0101r\u0161i integr\u0113t eso\u0161aj\u0101 apr\u012bkojum\u0101.<\/p>\n<p><img loading=\"lazy\" decoding=\"async\" class=\"alignnone size-full wp-image-1334\" src=\"https:\/\/fmp-components.com\/wp-content\/uploads\/2024\/12\/Adjustable-Clevis-Type-Cylinders-4.webp\" alt=\"Regul\u0113jami skavu tipa cilindri\" width=\"800\" height=\"800\" title=\"\" srcset=\"https:\/\/fmp-components.com\/wp-content\/uploads\/2024\/12\/Adjustable-Clevis-Type-Cylinders-4.webp 800w, https:\/\/fmp-components.com\/wp-content\/uploads\/2024\/12\/Adjustable-Clevis-Type-Cylinders-4-480x480.webp 480w\" sizes=\"(min-width: 0px) and (max-width: 480px) 480px, (min-width: 481px) 800px, 100vw\" \/><\/p>\n<p>Kopum\u0101 l\u0113tais mazais divk\u0101r\u0161\u0101s darb\u012bbas metin\u0101tais piekabes hidrauliskais cilindrs ir lieliska izv\u0113le ikvienam, kam nepiecie\u0161ams augstas kvalit\u0101tes hidrauliskais cilindrs, kas nodro\u0161ina past\u0101v\u012bgu veiktsp\u0113ju un uzticamu darb\u012bbu. Neatkar\u012bgi no t\u0101, vai str\u0101d\u0101jat b\u016bvniec\u012bb\u0101, lauksaimniec\u012bb\u0101 vai jebkur\u0101 cit\u0101 nozar\u0113, kas ir atkar\u012bga no hidrauliskaj\u0101m sist\u0113m\u0101m, \u0161is cilindrs noteikti atbild\u012bs j\u016bsu vajadz\u012bb\u0101m un p\u0101rsniegs j\u016bsu cer\u012bbas.<\/p>\n<h2>Regul\u0113jamu skavu tipa cilindru priek\u0161roc\u012bbas<\/h2>\n<p>Regul\u0113jami skavu tipa cilindri ir daudzpus\u012bga hidrauliska sast\u0101vda\u013ca, kas pied\u0101v\u0101 daudzas priek\u0161roc\u012bbas da\u017e\u0101dos pielietojumos. \u0160ie cilindri ir konstru\u0113ti ar unik\u0101lu regul\u0113jamu skavu stiprin\u0101jumu, kas nodro\u0161ina elast\u012bbu un \u0113rt\u012bbas da\u017e\u0101dos darba apst\u0101k\u013cos. \u0160aj\u0101 rakst\u0101 m\u0113s detaliz\u0113ti izp\u0113t\u012bsim regul\u0113jamu skavu tipa cilindru priek\u0161roc\u012bbas, izce\u013cot to galven\u0101s iez\u012bmes un ieguvumus.<\/p>\n<h3>Uzlabota regul\u0113jam\u012bba<\/h3>\n<p>Viena no regul\u0113jamu skavu tipa cilindru galvenaj\u0101m priek\u0161roc\u012bb\u0101m ir to uzlabot\u0101 regul\u0113jam\u012bba. Sak\u0146u stiprin\u0101jums \u013cauj viegli un prec\u012bzi novietot cilindru, padarot to piem\u0113rotu lietojumiem, kuros prec\u012bza izl\u012bdzin\u0101\u0161ana ir \u013coti svar\u012bga. \u0160\u012b funkcija nodro\u0161ina optim\u0101lu veiktsp\u0113ju un samazina nepareizas izl\u012bdzin\u0101\u0161anas vai nepareizas uzst\u0101d\u012b\u0161anas risku.<\/p>\n<p>Turkl\u0101t regul\u0113jamie skavu tipa cilindri pied\u0101v\u0101 da\u017e\u0101das mont\u0101\u017eas iesp\u0113jas, nodro\u0161inot elast\u012bbu, lai atbilstu da\u017e\u0101d\u0101m uzst\u0101d\u012b\u0161anas pras\u012bb\u0101m. Neatkar\u012bgi no t\u0101, vai tas ir horizont\u0101li, vertik\u0101li vai le\u0146\u0137\u012b, \u0161os cilindrus var viegli piel\u0101got v\u0113lamajai mont\u0101\u017eas poz\u012bcijai.<\/p>\n<h3>Optimiz\u0113ta veiktsp\u0113ja<\/h3>\n<p>Regul\u0113jami skavu tipa cilindri ir paredz\u0113ti, lai nodro\u0161in\u0101tu optimiz\u0113tu veiktsp\u0113ju hidrauliskaj\u0101s sist\u0113m\u0101s. Cilindri ir izgatavoti no augstas kvalit\u0101tes materi\u0101liem un progres\u012bv\u0101m in\u017eeniertehniskaj\u0101m metod\u0113m, nodro\u0161inot iztur\u012bbu un uzticam\u012bbu sare\u017e\u0123\u012btos pielietojumos.<\/p>\n<p>Pateicoties iztur\u012bgajai konstrukcijai, \u0161ie cilindri var iztur\u0113t augstu spiedienu un lielas slodzes, pied\u0101v\u0101jot izcilu veiktsp\u0113ju un ilgu kalpo\u0161anas laiku. Tie ir ar\u012b izstr\u0101d\u0101ti, lai samazin\u0101tu iek\u0161\u0113jo nopl\u016bdi un nodro\u0161in\u0101tu prec\u012bzu hidraulisko sp\u0113ku kontroli, k\u0101 rezult\u0101t\u0101 darb\u012bba ir vienm\u0113r\u012bga un efekt\u012bva.<\/p>\n<h3>Pla\u0161s pielietojumu kl\u0101sts<\/h3>\n<p>Pateicoties to daudzpus\u012bbai, regul\u0113jamie skavu tipa cilindri tiek izmantoti da\u017e\u0101d\u0101s nozar\u0113s un sektoros. Tos parasti izmanto lauksaimniec\u012bbas ma\u0161\u012bn\u0101s, celtniec\u012bbas iek\u0101rt\u0101s, materi\u0101lu apstr\u0101des sist\u0113m\u0101s un r\u016bpnieciskaj\u0101 automatiz\u0101cij\u0101.<\/p>\n<p>\u0160ie cilindri ir \u012bpa\u0161i piem\u0113roti lietojumiem, kuriem nepiecie\u0161ama prec\u012bza vad\u012bba un regul\u0113\u0161ana, piem\u0113ram, pozicion\u0113\u0161anas sist\u0113m\u0101m, pacel\u0161anas meh\u0101nismiem un slodzes stabiliz\u0101cijai. To piel\u0101gojam\u012bba un regul\u0113jam\u012bba padara tos par iecien\u012btu izv\u0113li daudziem hidraulisko sist\u0113mu projekt\u0113t\u0101jiem un in\u017eenieriem.<\/p>\n<h3>Izmaksu zi\u0146\u0101 efekt\u012bvs risin\u0101jums<\/h3>\n<p>V\u0113l viena regul\u0113jamu skavu tipa cilindru priek\u0161roc\u012bba ir to izmaksu efektivit\u0101te. Sal\u012bdzinot ar cita veida cilindriem, \u0161ie cilindri pied\u0101v\u0101 pieejam\u0101ku risin\u0101jumu, neapdraudot veiktsp\u0113ju vai kvalit\u0101ti.<\/p>\n<p>To regul\u0113jam\u0101 konstrukcija nov\u0113r\u0161 nepiecie\u0161am\u012bbu p\u0113c papildu mont\u0101\u017eas kron\u0161teiniem vai piel\u0101got\u0101m modifik\u0101cij\u0101m, samazinot uzst\u0101d\u012b\u0161anas laiku un izmaksas. Turkl\u0101t \u0161o cilindru iztur\u012bba un uzticam\u012bba samazina apkopes un nomai\u0146as izmaksas, padarot tos par rentablu izv\u0113li ilgtermi\u0146\u0101.<\/p>\n<p>Regul\u0113jami skavu tipa cilindri sniedz daudzas priek\u0161roc\u012bbas hidraulisko sist\u0113mu pielietojumos. Pateicoties uzlabotajai regul\u0113jam\u012bbai, optimiz\u0113tajai veiktsp\u0113jai, pla\u0161ajam pielietojumu kl\u0101stam un izmaksu efektivit\u0101tei, \u0161ie cilindri pied\u0101v\u0101 uzticamu un efekt\u012bvu risin\u0101jumu da\u017e\u0101d\u0101m nozar\u0113m. Neatkar\u012bgi no t\u0101, vai t\u0101 ir prec\u012bza pozicion\u0113\u0161ana, slodzes stabiliz\u0101cija vai daudzpus\u012bga uzst\u0101d\u012b\u0161ana, regul\u0113jami skavu tipa cilindri lieliski atbilst m\u016bsdienu hidraulisko sist\u0113mu pras\u012bb\u0101m.<\/p>\n<p><img decoding=\"async\" src=\"https:\/\/fmp-components.com\/wp-content\/uploads\/2024\/12\/Adjustable-Clevis-Type-Cylinders5.webp\" alt=\"Regul\u0113jams skavu tipa cilindrs\" width=\"800\" title=\"\"><\/p>\n<h2>Regul\u0113jamu skavu tipa cilindru pielietojums<\/h2>\n<p>Regul\u0113jami skavas tipa cilindri ir hidrauliskie cilindri ar skavas galiem, kurus var regul\u0113t, lai tie atbilstu da\u017e\u0101d\u0101m mont\u0101\u017eas poz\u012bcij\u0101m. \u0160ie cilindri tiek pla\u0161i izmantoti da\u017e\u0101dos r\u016bpnieciskos pielietojumos, kur nepiecie\u0161ama prec\u012bza un uzticama line\u0101ra kust\u012bba. T\u0101l\u0101k ir nor\u0101d\u012bti da\u017ei no regul\u0113jamu skavas tipa cilindru izplat\u012bt\u0101kajiem pielietojumiem:<\/p>\n<ol>\n<li><strong>Celtniec\u012bbas apr\u012bkojums:<\/strong> Regul\u0113jami skavu tipa cilindri tiek pla\u0161i izmantoti celtniec\u012bbas tehnik\u0101, piem\u0113ram, ekskavatoros, buldozeros, iekr\u0101v\u0113jos un ekskavatoros. \u0160ie cilindri nodro\u0161ina nepiecie\u0161amo sp\u0113ku, lai viegli paceltu un p\u0101rvietotu smagas kravas. To regul\u0113jamie skavu gali \u013cauj viegli uzst\u0101d\u012bt un izl\u012bdzin\u0101t, padarot tos par popul\u0101ru izv\u0113li celtniec\u012bbas tehnikas ra\u017eot\u0101ju vid\u016b. Celtniec\u012bbas tehnik\u0101 l\u0113ts mazs divk\u0101r\u0161as darb\u012bbas metin\u0101ts piekabes hidrauliskais cilindrs ir popul\u0101ra izv\u0113le, pateicoties t\u0101 izmaksu efektivit\u0101tei un uzticam\u012bbai. \u0160ie cilindri ir izstr\u0101d\u0101ti, lai iztur\u0113tu skarbus darba apst\u0101k\u013cus un nodro\u0161in\u0101tu nemain\u012bgu veiktsp\u0113ju.<\/li>\n<li><strong>Lauksaimniec\u012bbas tehnika:<\/strong> V\u0113l viens izplat\u012bts regul\u0113jamu skavu tipa cilindru pielietojums ir lauksaimniec\u012bbas tehnik\u0101, piem\u0113ram, traktoros, kombainos un smidzin\u0101t\u0101jos. \u0160os cilindrus izmanto, lai kontrol\u0113tu da\u017e\u0101du instrumentu, piem\u0113ram, arklu, kultivatoru un st\u0101d\u012bt\u0101ju, kust\u012bbu. Regul\u0113jamie skavu gali \u013cauj viegli piestiprin\u0101t un regul\u0113t \u0161os instrumentus, padarot tos ide\u0101li piem\u0113rotus izmanto\u0161anai da\u017e\u0101d\u0101s lauksaimniec\u012bbas darb\u012bb\u0101s. L\u0113ts mazs divk\u0101r\u0161as darb\u012bbas metin\u0101ts piekabes hidrauliskais cilindrs tiek pla\u0161i izmantots ar\u012b lauksaimniec\u012bbas tehnik\u0101, pateicoties t\u0101 iztur\u012bbai un zemaj\u0101m apkopes pras\u012bb\u0101m. \u0160ie cilindri var iztur\u0113t net\u012brumu, putek\u013cu un citu vides faktoru iedarb\u012bbu, kas parasti ir sastopama lauksaimniec\u012bbas darb\u012bb\u0101s.<\/li>\n<li><strong>Materi\u0101lu apstr\u0101de:<\/strong> Regul\u0113jami skavu tipa cilindri tiek izmantoti ar\u012b materi\u0101lu apstr\u0101des lietojumprogramm\u0101s, piem\u0113ram, konveijeru sist\u0113m\u0101s, cel\u0161anas iek\u0101rt\u0101s un noliktavu automatiz\u0101cij\u0101. \u0160ie cilindri nodro\u0161ina nepiecie\u0161amo sp\u0113ku, lai p\u0101rvietotu smagas kravas, regul\u0113tu konveijera augstumu un kontrol\u0113tu da\u017e\u0101du cel\u0161anas ier\u012b\u010du kust\u012bbu. L\u0113ts mazs divk\u0101r\u0161as darb\u012bbas metin\u0101ts piekabes hidrauliskais cilindrs ir popul\u0101ra izv\u0113le materi\u0101lu apstr\u0101des lietojumprogramm\u0101s, pateicoties t\u0101 kompaktajam izm\u0113ram un augstajai veiktsp\u0113jai. \u0160os cilindrus var viegli integr\u0113t eso\u0161aj\u0101s sist\u0113m\u0101s, un tie nodro\u0161ina vienm\u0113r\u012bgu un prec\u012bzu line\u0101ru kust\u012bbu.<\/li>\n<li><strong>R\u016bpniecisk\u0101s iek\u0101rtas:<\/strong> Regul\u0113jami skavu tipa cilindri tiek izmantoti ar\u012b da\u017e\u0101d\u0101s r\u016bpniecisk\u0101s tehnikas lietojumprogramm\u0101s, piem\u0113ram, pres\u0113s, \u0161tanc\u0113\u0161anas ma\u0161\u012bn\u0101s un iesmidzin\u0101\u0161anas form\u0113\u0161anas ma\u0161\u012bn\u0101s. \u0160ie cilindri nodro\u0161ina nepiecie\u0161amo sp\u0113ku, lai kontrol\u0113tu da\u017e\u0101du komponentu kust\u012bbu un nodro\u0161in\u0101tu prec\u012bzu un uzticamu darb\u012bbu. L\u0113ts mazs divk\u0101r\u0161as darb\u012bbas metin\u0101ts piekabes hidrauliskais cilindrs ir v\u0113lama izv\u0113le r\u016bpniecisk\u0101s tehnikas lietojumprogramm\u0101s, pateicoties t\u0101 lielajai sp\u0113ka jaudai un \u0101trajam reakcijas laikam. \u0160os cilindrus var piel\u0101got, lai tie atbilstu konkr\u0113t\u0101m lietojumprogrammu pras\u012bb\u0101m, un tie nodro\u0161ina nemain\u012bgu veiktsp\u0113ju pat lielas slodzes un spiediena apst\u0101k\u013cos.<\/li>\n<\/ol>\n<p>Nosl\u0113gum\u0101 j\u0101saka, ka regul\u0113jamie skavu tipa cilindri ir daudzpus\u012bgi hidrauliskie cilindri, kas atrodami da\u017e\u0101d\u0101s nozar\u0113s. To regul\u0113jamie skavu gali, kompaktais izm\u0113rs un augst\u0101 veiktsp\u0113ja padara tos par popul\u0101ru izv\u0113li gan iek\u0101rtu ra\u017eot\u0101ju, gan gala lietot\u0101ju vid\u016b. Pateicoties l\u0113tu mazo divk\u0101r\u0161as darb\u012bbas metin\u0101to piekabes hidraulisko cilindru pieejam\u012bbai, tagad ir iesp\u0113jams pan\u0101kt uzticamu un prec\u012bzu line\u0101ru kust\u012bbu par pie\u0146emamu cenu.<img decoding=\"async\" src=\"https:\/\/fmp-components.com\/wp-content\/uploads\/2024\/12\/Application-of-Adjustable-Clevis-Type-Cylinders.webp\" alt=\"Regul\u0113jams skavu tipa cilindrs\" width=\"800\" title=\"\"><\/p>\n<h3>Par FMP \u2013 profesion\u0101lu hidraulisko cilindru ra\u017eot\u0101ju un p\u0101rdev\u0113ju<\/h3>\n<p>Mekl\u0113jat uzticamu un augstas kvalit\u0101tes hidraulisko cilindru savai celtniec\u012bbas tehnikai? FMP ir \u012bst\u0101 izv\u0113le! K\u0101 profesion\u0101ls celtniec\u012bbas tehnikas deta\u013cu un nokomplekt\u0113tu iek\u0101rtu ra\u017eot\u0101js un p\u0101rdev\u0113js, m\u0113s pied\u0101v\u0101jam pla\u0161u hidraulisko cilindru kl\u0101stu, kas paredz\u0113ts da\u017e\u0101du pielietojumu vajadz\u012bb\u0101m.<\/p>\n<p>\u0160eit ir da\u017ei iemesli, k\u0101p\u0113c jums vajadz\u0113tu izv\u0113l\u0113ties FMP hidrauliskos cilindrus:<\/p>\n<p>1. Augstas kvalit\u0101tes materi\u0101li \u2013 M\u016bsu hidrauliskie cilindri ir izgatavoti no augst\u0101k\u0101s kvalit\u0101tes materi\u0101liem, lai nodro\u0161in\u0101tu iztur\u012bbu, uzticam\u012bbu un ilgu kalpo\u0161anas laiku. M\u0113s ieg\u016bstam materi\u0101lus no augstas kvalit\u0101tes pieg\u0101d\u0101t\u0101jiem gan m\u0101j\u0101s, gan \u0101rzem\u0113s un pak\u013caujam tos stingriem kvalit\u0101tes kontroles standartiem.<\/p>\n<p>2. Piel\u0101gojami dizaini \u2014 m\u0113s pied\u0101v\u0101jam pla\u0161u hidraulisko cilindru dizainu kl\u0101stu un varam ar\u012b piel\u0101got dizainus atbilsto\u0161i klientu vajadz\u012bb\u0101m un specifik\u0101cij\u0101m. Neatkar\u012bgi no t\u0101, vai jums ir nepiecie\u0161ams standarta cilindrs vai piel\u0101gots risin\u0101jums, m\u0113s varam pal\u012bdz\u0113t jums atrast pareizo produktu.<\/p>\n<p>3. Pla\u0161s pielietojuma kl\u0101sts \u2014 m\u016bsu hidrauliskie cilindri ir piem\u0113roti da\u017e\u0101d\u0101m celtniec\u012bbas ma\u0161\u012bn\u0101m, tostarp lauksaimniec\u012bbas ma\u0161\u012bn\u0101m, r\u016bpniec\u012bbas iek\u0101rt\u0101m un cit\u0101m. S\u0101kot no st\u0101d\u012b\u0161anas ma\u0161\u012bnu cilindriem l\u012bdz ekskavatoru cilindriem, mums ir piem\u0113rots produkts j\u016bsu vajadz\u012bb\u0101m.<\/p>\n<p>4. Profesion\u0101las konsult\u0101cijas \u2013 m\u016bsu pieredz\u0113ju\u0161\u0101 p\u0101rdo\u0161anas komanda vienm\u0113r ir pieejama, lai sniegtu profesion\u0101las konsult\u0101cijas par produktiem un p\u0101rdom\u0101tus pirk\u0161anas ieteikumus. M\u0113s sekojam l\u012bdzi jaun\u0101kaj\u0101m tendenc\u0113m un klientu vajadz\u012bb\u0101m b\u016bvniec\u012bbas tehnikas nozar\u0113, lai nodro\u0161in\u0101tu vislab\u0101ko servisu m\u016bsu klientiem.<\/p>\n<p>5. Efekt\u012bva lo\u0123istika \u2014 mums ir efekt\u012bva lo\u0123istikas izplat\u012b\u0161anas sist\u0113ma, lai nodro\u0161in\u0101tu, ka klienti savlaic\u012bgi un prec\u012bzi sa\u0146em nepiecie\u0161am\u0101s deta\u013cas. M\u0113s saprotam, cik svar\u012bgi ir samazin\u0101t d\u012bkst\u0101ves laiku un nodro\u0161in\u0101t j\u016bsu iek\u0101rtu nevainojamu darb\u012bbu.<\/p>\n<p>Izmantojot FMP hidrauliskos cilindrus, j\u016bs varat b\u016bt p\u0101rliecin\u0101ti par savu celtniec\u012bbas ma\u0161\u012bnu kvalit\u0101ti un uzticam\u012bbu. Sazinieties ar mums jau \u0161odien, lai uzzin\u0101tu vair\u0101k par m\u016bsu produktiem un to, k\u0101 m\u0113s varam pal\u012bdz\u0113t jums atrast pareizo risin\u0101jumu j\u016bsu vajadz\u012bb\u0101m.<\/p>\n<p><img decoding=\"async\" src=\"https:\/\/fmp-components.com\/wp-content\/uploads\/2024\/12\/Adjustable-Clevis-Type-Cylinders-6.webp\" alt=\"Regul\u0113jams skavu tipa cilindrs\" width=\"833\" title=\"\"><\/p>\n<h4>Bie\u017ei uzdotie jaut\u0101jumi<\/h4>\n<p><b>J:<\/b> K\u0101du maksim\u0101lo vilk\u0161anas sp\u0113ku \u0161is hidrauliskais cilindrs var iztur\u0113t?<br \/>\n<b>A:<\/b> \u0160is hidrauliskais cilindrs var iztur\u0113t maksim\u0101lo vilk\u0161anas sp\u0113ku 20 tonnas.<br \/>\n<b>J:<\/b> K\u0101ds ir \u0161\u012b hidraulisk\u0101 cilindra urbuma izm\u0113ru diapazons?<br \/>\n<b>A:<\/b> \u0160\u012b hidraulisk\u0101 cilindra urbuma izm\u0113rs ir no 2 l\u012bdz 6 coll\u0101m.<br \/>\n<b>J:<\/b> Vai \u0161is hidrauliskais cilindrs ir piem\u0113rots lieljaudas r\u016bpnieciskiem lietojumiem?<br \/>\n<b>A:<\/b> J\u0101, ar 3000 tonnu vilces sp\u0113ku un maksim\u0101lo vilk\u0161anas sp\u0113ku 20 tonnu, \u0161is hidrauliskais cilindrs ir ide\u0101li piem\u0113rots lieljaudas r\u016bpnieciskiem lietojumiem.<\/p>\n<p><img decoding=\"async\" src=\"https:\/\/img.jiansujichilun.com\/img\/hydrauliccylinders\/C_hydrauliccylinders-5.webp\" alt=\"hidrauliskais cilindrs\" width=\"800\" title=\"\"><\/p>\n<p>Autors: CX<\/p>","protected":false},"excerpt":{"rendered":"<p>The Cheap Small Double Acting Welded Trailer Hydraulic Cylinder is a powerful and reliable piece of machinery that is essential for any industrial or agricultural operation. This hydraulic cylinder is designed to provide double-acting force, ensuring maximum efficiency in every application. One of the key features of this hydraulic cylinder is its welded design, which [&hellip;]<\/p>","protected":false},"featured_media":1336,"comment_status":"closed","ping_status":"closed","template":"","meta":{"_et_pb_use_builder":"","_et_pb_old_content":"","_et_gb_content_width":""},"product_brand":[],"product_cat":[39],"product_tag":[41,34],"class_list":{"0":"post-1371","1":"product","2":"type-product","3":"status-publish","4":"has-post-thumbnail","6":"product_cat-adjustable-clevis-type-cylinders","7":"product_tag-adjustable-clevis-type-cylinders","8":"product_tag-hydraulic-cylinder","10":"first","11":"instock","12":"product-type-simple"},"_links":{"self":[{"href":"https:\/\/fmp-components.com\/lv\/wp-json\/wp\/v2\/product\/1371","targetHints":{"allow":["GET"]}}],"collection":[{"href":"https:\/\/fmp-components.com\/lv\/wp-json\/wp\/v2\/product"}],"about":[{"href":"https:\/\/fmp-components.com\/lv\/wp-json\/wp\/v2\/types\/product"}],"replies":[{"embeddable":true,"href":"https:\/\/fmp-components.com\/lv\/wp-json\/wp\/v2\/comments?post=1371"}],"wp:featuredmedia":[{"embeddable":true,"href":"https:\/\/fmp-components.com\/lv\/wp-json\/wp\/v2\/media\/1336"}],"wp:attachment":[{"href":"https:\/\/fmp-components.com\/lv\/wp-json\/wp\/v2\/media?parent=1371"}],"wp:term":[{"taxonomy":"product_brand","embeddable":true,"href":"https:\/\/fmp-components.com\/lv\/wp-json\/wp\/v2\/product_brand?post=1371"},{"taxonomy":"product_cat","embeddable":true,"href":"https:\/\/fmp-components.com\/lv\/wp-json\/wp\/v2\/product_cat?post=1371"},{"taxonomy":"product_tag","embeddable":true,"href":"https:\/\/fmp-components.com\/lv\/wp-json\/wp\/v2\/product_tag?post=1371"}],"curies":[{"name":"wp","href":"https:\/\/api.w.org\/{rel}","templated":true}]}}