{"id":1368,"date":"2024-12-23T02:18:57","date_gmt":"2024-12-23T02:18:57","guid":{"rendered":"https:\/\/fmp-components.com\/product\/factory-customized-double-effect-trailer-hydraulic-cylinder\/"},"modified":"2024-12-23T03:02:40","modified_gmt":"2024-12-23T03:02:40","slug":"factory-customized-double-effect-trailer-hydraulic-cylinder","status":"publish","type":"product","link":"https:\/\/fmp-components.com\/lv\/product\/factory-customized-double-effect-trailer-hydraulic-cylinder\/","title":{"rendered":"R\u016bpn\u012bc\u0101 piel\u0101gots dubult\u0101 efekta piekabes hidrauliskais cilindrs"},"content":{"rendered":"<p>R\u016bpn\u012bc\u0101 piel\u0101gots divk\u0101r\u0161as darb\u012bbas piekabes hidrauliskais cilindrs ir augstas kvalit\u0101tes hidrauliskais cilindrs, kas paredz\u0113ts piekab\u0113m. \u0160im produktam ir divk\u0101r\u0161as darb\u012bbas konstrukcija, kas \u013cauj to viegli izstiept un ievilkt, padarot to ide\u0101li piem\u0113rotu lieto\u0161anai da\u017e\u0101dos pielietojumos.<\/p>\n<p>Viena no \u0161\u012b hidraulisk\u0101 cilindra izcil\u0101kaj\u0101m iez\u012bm\u0113m ir t\u0101 piel\u0101go\u0161anas iesp\u0113jas. R\u016bpn\u012bca pied\u0101v\u0101 klientiem virkni iesp\u0113ju, tostarp da\u017e\u0101dus izm\u0113rus, mont\u0101\u017eas iesp\u0113jas un urbuma diametrus. \u0160is piel\u0101go\u0161anas l\u012bmenis nodro\u0161ina, ka klienti var atrast perfektu hidraulisko cilindru, kas atbilst vi\u0146u \u012bpa\u0161aj\u0101m vajadz\u012bb\u0101m.<\/p>\n<p><img loading=\"lazy\" decoding=\"async\" class=\"alignnone size-full wp-image-1334\" src=\"https:\/\/fmp-components.com\/wp-content\/uploads\/2024\/12\/Adjustable-Clevis-Type-Cylinders-4.webp\" alt=\"Regul\u0113jami skavu tipa cilindri\" width=\"800\" height=\"800\" title=\"\" srcset=\"https:\/\/fmp-components.com\/wp-content\/uploads\/2024\/12\/Adjustable-Clevis-Type-Cylinders-4.webp 800w, https:\/\/fmp-components.com\/wp-content\/uploads\/2024\/12\/Adjustable-Clevis-Type-Cylinders-4-480x480.webp 480w\" sizes=\"(min-width: 0px) and (max-width: 480px) 480px, (min-width: 481px) 800px, 100vw\" \/><\/p>\n<p>Papildus piel\u0101gojam\u012bbai \u0161is hidrauliskais cilindrs ir ar\u012b rad\u012bts ilgam kalpo\u0161anas laikam. Tas ir izgatavots no augstas kvalit\u0101tes materi\u0101liem un tam ir iztur\u012bga konstrukcija, kas sp\u0113j iztur\u0113t pat vissmag\u0101kos apst\u0101k\u013cus. Tas padara to par uzticamu izv\u0113li tiem, kam nepiecie\u0161ams hidrauliskais cilindrs, kas var darboties dienu no dienas.<\/p>\n<p>Kopum\u0101 r\u016bpn\u012bc\u0101 piel\u0101gots divk\u0101r\u0161\u0101s iedarb\u012bbas piekabes hidrauliskais cilindrs ir lieliska izv\u0113le ikvienam, kam nepiecie\u0161ams augstas kvalit\u0101tes hidrauliskais cilindrs savai piekabei. Pateicoties piel\u0101gojam\u012bbai, iztur\u012bbai un uzticam\u012bbai, \u0161is produkts noteikti apmierin\u0101s pat vispras\u012bg\u0101ko klientu vajadz\u012bbas.<\/p>\n<p>R\u016bpn\u012bc\u0101 piel\u0101gotais divk\u0101r\u0161\u0101 efekta piekabes hidrauliskais cilindrs ir jauns, augstas kvalit\u0101tes produkts, kas ir ide\u0101li piem\u0113rots tehnikas remonta darbn\u012bc\u0101m, saimniec\u012bb\u0101m, ener\u0123\u0113tikas un kalnr\u016bpniec\u012bbas nozar\u0113m, k\u0101 ar\u012b tehnikas ra\u017eo\u0161anai. Ar 70 kg svaru tas ir paredz\u0113ts maksim\u0101lai efektivit\u0101tei un iztur\u012bbai. \u0160im produktam ir 1 gada garantija, kas nodro\u0161ina sirdsmieru par j\u016bsu ieguld\u012bjumu. \u0160\u012b hidraulisk\u0101 cilindra galven\u0101s sast\u0101vda\u013cas ir nozares standarta gult\u0146i un iztur\u012bgs hidrauliskais cilindrs. Tam ir ar\u012b virzu\u013ccilindra strukt\u016bra un tas darbojas ar hidraulisko sp\u0113ku. Ar maksim\u0101lo vilci 3000 tonnu un vilkmi 20 tonnu, \u0161is cilindrs ir \u012bsta sp\u0113ka piedzi\u0146a. Korpuss ir izgatavots no iztur\u012bga t\u0113rauda, \u200b\u200bnodro\u0161inot iztur\u012bbu un ilgm\u016b\u017e\u012bbu.<\/p>\n<p><img decoding=\"async\" src=\"https:\/\/img.jiansujichilun.com\/img\/hydrauliccylinders\/B_hydrauliccylinders-3.webp\" alt=\"hidrauliskais cilindrs\" width=\"800\" title=\"\"><\/p>\n<h2>Regul\u0113jamu skavu tipa cilindru priek\u0161roc\u012bbas<\/h2>\n<p>Regul\u0113jami skavu tipa cilindri ir hidrauliskie cilindri, kas pied\u0101v\u0101 vair\u0101kas priek\u0161roc\u012bbas da\u017e\u0101dos pielietojumos. Pateicoties savam unik\u0101lajam dizainam un uzlabotaj\u0101m funkcij\u0101m, \u0161ie cilindri nodro\u0161ina uzlabotu veiktsp\u0113ju un daudzpus\u012bbu. \u0160eit ir da\u017eas galven\u0101s regul\u0113jamo skavu tipa cilindru priek\u0161roc\u012bbas:<\/p>\n<h3>1. Paaugstin\u0101ta daudzpus\u012bba<\/h3>\n<p>Viena no regul\u0113jamu skavu tipa cilindru galvenaj\u0101m priek\u0161roc\u012bb\u0101m ir to daudzpus\u012bba. \u0160os cilindrus var viegli piel\u0101got da\u017e\u0101d\u0101m mont\u0101\u017eas konfigur\u0101cij\u0101m, padarot tos piem\u0113rotus pla\u0161am pielietojumu kl\u0101stam. Neatkar\u012bgi no t\u0101, vai t\u0101 ir b\u016bvniec\u012bbas nozare, lauksaimniec\u012bbas tehnika vai r\u016bpniecisk\u0101s iek\u0101rtas, regul\u0113jami skavu tipa cilindri pied\u0101v\u0101 elast\u012bbu un piel\u0101gojam\u012bbu.<\/p>\n<h3>2. Uzlabota nestsp\u0113ja<\/h3>\n<p>V\u0113l viena b\u016btiska regul\u0113jamu skavu tipa cilindru priek\u0161roc\u012bba ir to sp\u0113ja iztur\u0113t smagas slodzes. \u0160ie cilindri ir izstr\u0101d\u0101ti, lai nodro\u0161in\u0101tu augstu nestsp\u0113ju, padarot tos ide\u0101li piem\u0113rotus lietojumiem, kuros nepiecie\u0161ama smagu kravu cel\u0161ana un ne\u0161ana. To iztur\u012bg\u0101 konstrukcija un iztur\u012bgie materi\u0101li nodro\u0161ina uzticamu darb\u012bbu pat ekstrem\u0101los apst\u0101k\u013cos.<\/p>\n<h3>3. Uzlabota precizit\u0101te un kontrole<\/h3>\n<p>Regul\u0113jami skavu tipa cilindri nodro\u0161ina prec\u012bzu hidraulisko sist\u0113mu vad\u012bbu, \u013caujot prec\u012bzi pozicion\u0113t un kontrol\u0113t kust\u012bbu. \u0160o cilindru konstrukcija \u013cauj prec\u012bzi regul\u0113t g\u0101jiena garumu un sp\u0113ku, \u013caujot operatoriem sasniegt prec\u012bzas un atk\u0101rtojamas kust\u012bbas. \u0160is kontroles l\u012bmenis ir \u013coti svar\u012bgs lietojumprogramm\u0101s, kur\u0101m nepiecie\u0161ama precizit\u0101te un precizit\u0101te, piem\u0113ram, ra\u017eo\u0161anas procesos vai automatiz\u0113t\u0101s sist\u0113m\u0101s.<\/p>\n<h3>4. Uzlabota iztur\u012bba un ilgm\u016b\u017e\u012bba<\/h3>\n<p>Pateicoties augstas kvalit\u0101tes konstrukcijai un iztur\u012bgajiem materi\u0101liem, regul\u0113jamie skavu tipa cilindri ir rad\u012bti ilgam kalpo\u0161anas laikam. \u0160ie cilindri ir paredz\u0113ti, lai iztur\u0113tu lielas slodzes, skarbu vidi un bie\u017eu lieto\u0161anu, nodro\u0161inot ilgsto\u0161u veiktsp\u0113ju un iztur\u012bbu. Invest\u0113jot regul\u0113jamos skavu tipa cilindros, uz\u0146\u0113mumi ilgtermi\u0146\u0101 var samazin\u0101t apkopes un nomai\u0146as izmaksas.<\/p>\n<h3>5. Efekt\u012bva jaudas p\u0101rvade<\/h3>\n<p>Regul\u0113jami skavu tipa cilindri nodro\u0161ina efekt\u012bvu jaudas p\u0101rvadi, samazinot ener\u0123ijas zudumus un optimiz\u0113jot kop\u0113jo sist\u0113mas veiktsp\u0113ju. \u0160o cilindru konstrukcija nodro\u0161ina vienm\u0113r\u012bgu un efekt\u012bvu hidraulisk\u0101s jaudas p\u0101rvadi, k\u0101 rezult\u0101t\u0101 uzlabojas produktivit\u0101te un samazin\u0101s ener\u0123ijas pat\u0113ri\u0146\u0161. \u0160\u012b efektivit\u0101te ir \u012bpa\u0161i izdev\u012bga lietojumos, kur energoefektivit\u0101te ir priorit\u0101te.<\/p>\n<h3>6. Piel\u0101go\u0161anas opcijas<\/h3>\n<p>Ra\u017eot\u0101ji pied\u0101v\u0101 piel\u0101go\u0161anas iesp\u0113jas regul\u0113jamiem skavu tipa cilindriem, \u013caujot uz\u0146\u0113mumiem piel\u0101got cilindrus sav\u0101m \u012bpa\u0161aj\u0101m vajadz\u012bb\u0101m. S\u0101kot ar cilindru izm\u0113riem un beidzot ar mont\u0101\u017eas iesp\u0113j\u0101m, klienti var izv\u0113l\u0113ties specifik\u0101cijas, kas vislab\u0101k atbilst vi\u0146u pras\u012bb\u0101m. \u0160\u012b piel\u0101go\u0161anas iesp\u0113ja nodro\u0161ina, ka cilindri neman\u0101mi integr\u0113jas eso\u0161aj\u0101s sist\u0113m\u0101s un nodro\u0161ina optim\u0101lu veiktsp\u0113ju.<\/p>\n<p>Regul\u0113jami skavas tipa cilindri pied\u0101v\u0101 daudzas priek\u0161roc\u012bbas daudzpus\u012bbas, nestsp\u0113jas, precizit\u0101tes, iztur\u012bbas, jaudas p\u0101rvades un piel\u0101go\u0161anas iesp\u0113ju zi\u0146\u0101. \u0160ie cilindri ir uzticama un efekt\u012bva izv\u0113le lietojumiem da\u017e\u0101d\u0101s nozar\u0113s. Iek\u013caujot regul\u0113jamus skavas tipa cilindrus sav\u0101s hidrauliskaj\u0101s sist\u0113m\u0101s, uz\u0146\u0113mumi var uzlabot produktivit\u0101ti, optimiz\u0113t veiktsp\u0113ju un sasniegt liel\u0101ku darb\u012bbas efektivit\u0101ti.<\/p>\n<p><img decoding=\"async\" src=\"https:\/\/fmp-components.com\/wp-content\/uploads\/2024\/12\/Adjustable-Clevis-Type-Cylinders5.webp\" alt=\"Regul\u0113jams skavu tipa cilindrs\" width=\"800\" title=\"\"><\/p>\n<h2>Regul\u0113jamu skavu tipa cilindru pielietojums<\/h2>\n<p>Regul\u0113jami skavu tipa cilindri, piem\u0113ram, r\u016bpn\u012bc\u0101 piel\u0101gotais dubult\u0101s iedarb\u012bbas piekabes hidrauliskais cilindrs, ir daudzpus\u012bga un pla\u0161i izmantota sast\u0101vda\u013ca da\u017e\u0101d\u0101s nozar\u0113s. \u0160iem cilindriem ir iz\u0161\u0137iro\u0161a noz\u012bme daudzos pielietojumos, pateicoties to unik\u0101lajam dizainam un funkcionalit\u0101tei. \u0160aj\u0101 emu\u0101ra ierakst\u0101 m\u0113s izp\u0113t\u012bsim da\u017e\u0101dos regul\u0113jamo skavu tipa cilindru pielietojumus un iedzi\u013cin\u0101simies to priek\u0161roc\u012bb\u0101s un ieguvumos.<\/p>\n<p>1. B\u016bvniec\u012bbas nozare:<br \/>\nRegul\u0113jami skavu tipa cilindri tiek pla\u0161i izmantoti b\u016bvniec\u012bbas nozar\u0113, kur tos izmanto da\u017e\u0101d\u0101s lieljaudas iek\u0101rt\u0101s un ma\u0161\u012bn\u0101s. \u0160ie cilindri nodro\u0161ina prec\u012bzu vad\u012bbu un stabilit\u0101ti, padarot tos ide\u0101li piem\u0113rotus t\u0101diem lietojumiem k\u0101 smagu kravu cel\u0161ana, stum\u0161ana un vilk\u0161ana. Divk\u0101r\u0161\u0101 efekta funkcija nodro\u0161ina efekt\u012bvu darb\u012bbu, \u013caujot palielin\u0101t produktivit\u0101ti un uzlabot dro\u0161\u012bbu b\u016bvlaukumos.<\/p>\n<p>2. Lauksaimniec\u012bbas tehnika:<br \/>\nLauksaimniec\u012bbas nozar\u0113 regul\u0113jamus skavu tipa cilindrus parasti izmanto lauksaimniec\u012bbas tehnik\u0101. \u0160ie cilindri pal\u012bdz t\u0101dos darbos k\u0101 ar\u0161ana, augsnes apstr\u0101de un ra\u017eas nov\u0101k\u0161ana. Pateicoties sp\u0113jai regul\u0113t skavu poz\u012bciju, tie pied\u0101v\u0101 elast\u012bbu un piel\u0101go\u0161an\u0101s sp\u0113ju da\u017e\u0101d\u0101m lauksaimniec\u012bbas vajadz\u012bb\u0101m. R\u016bpn\u012bc\u0101 piel\u0101gotais dubult\u0101s iedarb\u012bbas piekabes hidrauliskais cilindrs \u013cauj efekt\u012bvi vad\u012bt lauksaimniec\u012bbas tehniku, nodro\u0161inot optim\u0101lu veiktsp\u0113ju un palielin\u0101tu produktivit\u0101ti uz lauka.<\/p>\n<p>3. Materi\u0101lu apstr\u0101des iek\u0101rtas:<br \/>\nRegul\u0113jamiem skavu tipa cilindriem ir iz\u0161\u0137iro\u0161a noz\u012bme materi\u0101lu apstr\u0101des lietojumprogramm\u0101s, piem\u0113ram, konveijeru sist\u0113m\u0101s un cel\u0161anas ier\u012bc\u0113s. \u0160ie cilindri nodro\u0161ina nepiecie\u0161amo sp\u0113ku un kontroli, lai nodro\u0161in\u0101tu vienm\u0113r\u012bgu un efekt\u012bvu materi\u0101lu p\u0101rvieto\u0161anu noliktav\u0101s, r\u016bpn\u012bc\u0101s un izplat\u012b\u0161anas centros. To regul\u0113jamo skavu funkcija \u013cauj tos viegli uzst\u0101d\u012bt un piel\u0101got konkr\u0113t\u0101m materi\u0101lu apstr\u0101des pras\u012bb\u0101m.<\/p>\n<p>4. Automobi\u013cu r\u016bpniec\u012bba:<br \/>\nAutomobi\u013cu r\u016bpniec\u012bba pla\u0161i izmanto regul\u0113jamus skavu tipa cilindrus da\u017e\u0101dos pielietojumos. \u0160ie cilindri tiek izmantoti transportl\u012bdzek\u013cu mont\u0101\u017eas l\u012bnij\u0101s, nodro\u0161inot prec\u012bzu deta\u013cu kust\u012bbu un pozicion\u0113\u0161anu ra\u017eo\u0161anas proces\u0101. R\u016bpn\u012bc\u0101 piel\u0101gotais dubult\u0101s iedarb\u012bbas piekabes hidrauliskais cilindrs ir \u012bpa\u0161i piem\u0113rots piekab\u0113m, nodro\u0161inot uzticamas pacel\u0161anas un nolai\u0161anas iesp\u0113jas smag\u0101m krav\u0101m.<\/p>\n<p>5. Atkritumu apsaimnieko\u0161ana:<br \/>\nAtkritumu apsaimnieko\u0161anas sist\u0113m\u0101s atkritumu kompaktoros un atkritumu apglab\u0101\u0161anas iek\u0101rt\u0101s tiek izmantoti regul\u0113jami skavu tipa cilindri. \u0160ie cilindri pal\u012bdz saspiest un kompakt\u0113t atkritumus, maksim\u0101li izmantojot uzglab\u0101\u0161anas vietu un veicinot efekt\u012bvu atkritumu apsaimnieko\u0161anu. Regul\u0113jam\u0101s skavu funkcijas d\u0113\u013c tos var viegli integr\u0113t da\u017e\u0101d\u0101s atkritumu apsaimnieko\u0161anas iek\u0101rt\u0101s, nodro\u0161inot uzticamu un efekt\u012bvu darb\u012bbu.<\/p>\n<p>Nosl\u0113gum\u0101 j\u0101secina, ka regul\u0113jamiem skavu tipa cilindriem, tostarp r\u016bpn\u012bc\u0101 piel\u0101gotajam divk\u0101r\u0161\u0101 efekta piekabes hidrauliskajam cilindram, ir pla\u0161s pielietojumu kl\u0101sts da\u017e\u0101d\u0101s nozar\u0113s. To daudzpus\u012bba, precizit\u0101te un piel\u0101gojam\u012bba padara tos par b\u016btisku sast\u0101vda\u013cu daudz\u0101s nozar\u0113s, tostarp b\u016bvniec\u012bb\u0101, lauksaimniec\u012bb\u0101, materi\u0101lu apstr\u0101d\u0113, autob\u016bves nozar\u0113 un atkritumu apsaimnieko\u0161an\u0101. Nodro\u0161inot izcilu kontroli un efektivit\u0101ti, \u0161ie cilindri veicina produktivit\u0101tes pieaugumu, dro\u0161\u012bbas uzlabojumus un kop\u0113j\u0101s veiktsp\u0113jas uzlabojumus da\u017e\u0101dos r\u016bpnieciskos pielietojumos.<img decoding=\"async\" src=\"https:\/\/fmp-components.com\/wp-content\/uploads\/2024\/12\/Application-of-Adjustable-Clevis-Type-Cylinders.webp\" alt=\"Regul\u0113jams skavu tipa cilindrs\" width=\"800\" title=\"\"><\/p>\n<h3>Par FMP hidraulisko cilindru<\/h3>\n<p>FMP ir uz\u0146\u0113mums, kas specializ\u0113jas augstas kvalit\u0101tes celtniec\u012bbas tehnikas deta\u013cu un pilnu iek\u0101rtu pieg\u0101d\u0113. M\u0113s lepojamies ar to, ka pied\u0101v\u0101jam pla\u0161u produktu kl\u0101stu, tostarp hidrauliskos cilindrus, kas ir izstr\u0101d\u0101ti, lai apmierin\u0101tu m\u016bsu klientu vajadz\u012bbas. Ar daudzu gadu pieredzi nozar\u0113 un profesion\u0101lu komandu m\u0113s esam p\u0101rliecin\u0101ti, ka varam nodro\u0161in\u0101t j\u016bs ar lab\u0101kajiem produktiem un pakalpojumiem.<\/p>\n<p>\u0160eit ir da\u017ei iemesli, k\u0101p\u0113c jums vajadz\u0113tu izv\u0113l\u0113ties FMP hidraulisko cilindru:<\/p>\n<ol>\n<li><strong>Augstas kvalit\u0101tes materi\u0101li:<\/strong> Hidraulisko cilindru ra\u017eo\u0161an\u0101 m\u0113s izmantojam augstas kvalit\u0101tes materi\u0101lus, kas nodro\u0161ina to iztur\u012bbu un ilgm\u016b\u017e\u012bbu.<\/li>\n<li><strong>Piel\u0101gojami risin\u0101jumi:<\/strong> M\u0113s pied\u0101v\u0101jam piel\u0101gojamus risin\u0101jumus, lai apmierin\u0101tu m\u016bsu klientu unik\u0101l\u0101s vajadz\u012bbas. M\u016bsu hidrauliskie cilindri ir pieejami da\u017e\u0101dos izm\u0113ros un konfigur\u0101cij\u0101s.<\/li>\n<li><strong>Eksperta konsult\u0101cija:<\/strong> M\u016bsu pieredz\u0113ju\u0161\u0101 p\u0101rdo\u0161anas komanda vienm\u0113r ir gatava sniegt Jums profesion\u0101las konsult\u0101cijas un p\u0101rdom\u0101tus pirk\u0161anas ieteikumus. M\u0113s izprotam b\u016bvniec\u012bbas tehnikas nozares att\u012bst\u012bbas tendences un klientu vajadz\u012bbas, un varam pal\u012bdz\u0113t Jums pie\u0146emt p\u0101rdom\u0101tus l\u0113mumus.<\/li>\n<li><strong>Efekt\u012bva lo\u0123istika:<\/strong> Mums ir efekt\u012bva lo\u0123istikas izplat\u012b\u0161anas sist\u0113ma, kas nodro\u0161ina nepiecie\u0161amo deta\u013cu savlaic\u012bgu un prec\u012bzu pieg\u0101di.<\/li>\n<li><strong>Pla\u0161s produktu kl\u0101sts:<\/strong> Papildus hidrauliskajiem cilindriem m\u0113s pied\u0101v\u0101jam ar\u012b da\u017e\u0101das celtniec\u012bbas tehnikas deta\u013cas, piem\u0113ram, lauksaimniec\u012bbas tehnikas p\u0101rnesumk\u0101rbas, planet\u0101r\u0101s p\u0101rnesumk\u0101rbas un r\u016bpniecisk\u0101s p\u0101rnesumk\u0101rbas, k\u0101 ar\u012b t\u0101m atbilsto\u0161us augst\u0101k\u0101s klases piederumus.<\/li>\n<\/ol>\n<p>Uz\u0146\u0113mum\u0101 FMP m\u0113s esam ap\u0146\u0113mu\u0161ies nodro\u0161in\u0101t saviem klientiem lab\u0101kos produktus un pakalpojumus. M\u016bsu hidrauliskie cilindri ir izstr\u0101d\u0101ti atbilsto\u0161i augst\u0101kajiem kvalit\u0101tes standartiem, un m\u0113s lepojamies ar to, ka visas m\u016bsu pieg\u0101d\u0101t\u0101s deta\u013cas atbilst stingriem kvalit\u0101tes standartiem. M\u0113s ticam, ka m\u016bsu zin\u0101\u0161anas un ap\u0146em\u0161an\u0101s nodro\u0161in\u0101t kvalit\u0101ti padara m\u016bs par ide\u0101lu partneri j\u016bsu celtniec\u012bbas tehnikas vajadz\u012bb\u0101m.<\/p>\n<p><img decoding=\"async\" src=\"https:\/\/fmp-components.com\/wp-content\/uploads\/2024\/12\/Adjustable-Clevis-Type-Cylinders-6.webp\" alt=\"Regul\u0113jams skavu tipa cilindrs\" width=\"830\" title=\"\"><\/p>\n<h2>Bie\u017ei uzdotie jaut\u0101jumi<\/h2>\n<p><strong>J: K\u0101das ir r\u016bpn\u012bc\u0101 piel\u0101got\u0101 dubultefekta piekabes hidraulisk\u0101 cilindra piel\u0101go\u0161anas iesp\u0113jas?<\/strong><br \/>\nA: M\u0113s pied\u0101v\u0101jam piel\u0101go\u0161anu urbuma izm\u0113ram, stie\u0146a izm\u0113ram un g\u0101jiena izm\u0113ram, piel\u0101gojot produktu j\u016bsu unik\u0101laj\u0101m pras\u012bb\u0101m.<\/p>\n<p><strong>J: Vai hidrauliskais cilindrs ir piem\u0113rots lieljaudas lietojumiem?<\/strong><br \/>\nA: J\u0101, cilindrs ir paredz\u0113ts intens\u012bvai lieto\u0161anai un pras\u012bgiem pielietojumiem, ar maksim\u0101lo vilces sp\u0113ku 3000 un vilk\u0161anas sp\u0113ku 20 tonnas.<\/p>\n<p><strong>J: K\u0101 veikt hidraulisk\u0101 cilindra apkopi?<\/strong><br \/>\nA: M\u0113s sniedzam visaptvero\u0161us nor\u0101d\u012bjumus par m\u016bsu produktu uzst\u0101d\u012b\u0161anu un apkopi, nodro\u0161inot to ilgm\u016b\u017e\u012bbu un optim\u0101lu veiktsp\u0113ju.<\/p>\n<p>Autors: CX<\/p>","protected":false},"excerpt":{"rendered":"<p>Factory Customized Double Effect Trailer Hydraulic Cylinder is a high-quality hydraulic cylinder designed for trailers. This product features a double-acting design that allows it to extend and retract with ease, making it ideal for use in a variety of applications. One of the standout features of this hydraulic cylinder is its customizability. The factory offers [&hellip;]<\/p>","protected":false},"featured_media":1336,"comment_status":"closed","ping_status":"closed","template":"","meta":{"_et_pb_use_builder":"","_et_pb_old_content":"","_et_gb_content_width":""},"product_brand":[],"product_cat":[39],"product_tag":[41,34],"class_list":{"0":"post-1368","1":"product","2":"type-product","3":"status-publish","4":"has-post-thumbnail","6":"product_cat-adjustable-clevis-type-cylinders","7":"product_tag-adjustable-clevis-type-cylinders","8":"product_tag-hydraulic-cylinder","10":"first","11":"instock","12":"product-type-simple"},"_links":{"self":[{"href":"https:\/\/fmp-components.com\/lv\/wp-json\/wp\/v2\/product\/1368","targetHints":{"allow":["GET"]}}],"collection":[{"href":"https:\/\/fmp-components.com\/lv\/wp-json\/wp\/v2\/product"}],"about":[{"href":"https:\/\/fmp-components.com\/lv\/wp-json\/wp\/v2\/types\/product"}],"replies":[{"embeddable":true,"href":"https:\/\/fmp-components.com\/lv\/wp-json\/wp\/v2\/comments?post=1368"}],"wp:featuredmedia":[{"embeddable":true,"href":"https:\/\/fmp-components.com\/lv\/wp-json\/wp\/v2\/media\/1336"}],"wp:attachment":[{"href":"https:\/\/fmp-components.com\/lv\/wp-json\/wp\/v2\/media?parent=1368"}],"wp:term":[{"taxonomy":"product_brand","embeddable":true,"href":"https:\/\/fmp-components.com\/lv\/wp-json\/wp\/v2\/product_brand?post=1368"},{"taxonomy":"product_cat","embeddable":true,"href":"https:\/\/fmp-components.com\/lv\/wp-json\/wp\/v2\/product_cat?post=1368"},{"taxonomy":"product_tag","embeddable":true,"href":"https:\/\/fmp-components.com\/lv\/wp-json\/wp\/v2\/product_tag?post=1368"}],"curies":[{"name":"wp","href":"https:\/\/api.w.org\/{rel}","templated":true}]}}