{"id":1367,"date":"2024-12-23T02:18:57","date_gmt":"2024-12-23T02:18:57","guid":{"rendered":"https:\/\/fmp-components.com\/product\/factory-direct-sale-double-acting-hydraulic-cylinder-for-subsoiler\/"},"modified":"2024-12-23T03:02:13","modified_gmt":"2024-12-23T03:02:13","slug":"factory-direct-sale-double-acting-hydraulic-cylinder-for-subsoiler","status":"publish","type":"product","link":"https:\/\/fmp-components.com\/lv\/product\/factory-direct-sale-double-acting-hydraulic-cylinder-for-subsoiler\/","title":{"rendered":"R\u016bpn\u012bcas tie\u0161\u0101 p\u0101rdo\u0161ana divk\u0101r\u0161as darb\u012bbas hidrauliskais cilindrs augsnes apak\u0161k\u0101rtai"},"content":{"rendered":"<p>R\u016bpn\u012bcas tie\u0161\u0101s p\u0101rdo\u0161anas divk\u0101r\u0161\u0101s darb\u012bbas hidrauliskais cilindrs augsnes rak\u0161anai ir augstas kvalit\u0101tes hidrauliskais cilindrs, kas \u012bpa\u0161i paredz\u0113ts augsnes rak\u0161anas darbiem. Ar savu divk\u0101r\u0161\u0101s darb\u012bbas meh\u0101nismu \u0161is hidrauliskais cilindrs nodro\u0161ina efekt\u012bvu un uzticamu veiktsp\u0113ju uz lauka.<\/p>\n<p>Cilindrs ir izgatavots no iztur\u012bgiem materi\u0101liem, kas garant\u0113 t\u0101 ilgm\u016b\u017e\u012bbu un sp\u0113ju iztur\u0113t intens\u012bvu lieto\u0161anu. T\u0101 iztur\u012bg\u0101 konstrukcija \u013cauj tam tikt gal\u0101 ar intens\u012bvajiem sp\u0113kiem, kas rodas augsnes irdin\u0101\u0161anas laik\u0101, padarot to par uzticamu izv\u0113li lauksaimniec\u012bbas vajadz\u012bb\u0101m.<\/p>\n<p>\u0160\u012b hidraulisk\u0101 cilindra divk\u0101r\u0161\u0101s darb\u012bbas konstrukcija \u013cauj tam nodro\u0161in\u0101t sp\u0113ku abos virzienos, padarot to \u013coti daudzpus\u012bgu un piel\u0101gojamu da\u017e\u0101diem uzdevumiem. Neatkar\u012bgi no t\u0101, vai ir j\u0101irdina sabl\u012bv\u0113ta augsne vai j\u0101uzlabo dren\u0101\u017ea, \u0161is hidrauliskais cilindrs var viegli tikt gal\u0101 ar \u0161o darbu.<\/p>\n<p>Turkl\u0101t r\u016bpn\u012bcas tie\u0161\u0101s p\u0101rdo\u0161anas divk\u0101r\u0161\u0101s darb\u012bbas hidrauliskais cilindrs augsnes rak\u0161anas darbiem pied\u0101v\u0101 prec\u012bzu vad\u012bbu un vienm\u0113r\u012bgu darb\u012bbu, nodro\u0161inot, ka j\u016bsu augsnes rak\u0161anas darbi tiek veikti prec\u012bzi un efekt\u012bvi. Tas ir izstr\u0101d\u0101ts, lai neman\u0101mi integr\u0113tos ar augsnes rak\u0161anas darbiem, nodro\u0161inot vienk\u0101r\u0161u uzst\u0101d\u012b\u0161anu un sader\u012bbu.<\/p>\n<p><img loading=\"lazy\" decoding=\"async\" class=\"alignnone size-full wp-image-1334\" src=\"https:\/\/fmp-components.com\/wp-content\/uploads\/2024\/12\/Adjustable-Clevis-Type-Cylinders-4.webp\" alt=\"Regul\u0113jami skavu tipa cilindri\" width=\"800\" height=\"800\" title=\"\" srcset=\"https:\/\/fmp-components.com\/wp-content\/uploads\/2024\/12\/Adjustable-Clevis-Type-Cylinders-4.webp 800w, https:\/\/fmp-components.com\/wp-content\/uploads\/2024\/12\/Adjustable-Clevis-Type-Cylinders-4-480x480.webp 480w\" sizes=\"(min-width: 0px) and (max-width: 480px) 480px, (min-width: 481px) 800px, 100vw\" \/><\/p>\n<p>Nosl\u0113gum\u0101 j\u0101saka, ka r\u016bpn\u012bcas tie\u0161\u0101s p\u0101rdo\u0161anas divk\u0101r\u0161\u0101s darb\u012bbas hidrauliskais cilindrs augsnes rak\u0161anas darbiem ir augst\u0101k\u0101s klases hidrauliskais cilindrs, kas apvieno iztur\u012bbu, daudzpus\u012bbu un veiktsp\u0113ju. Ar savu iztur\u012bgo konstrukciju un divk\u0101r\u0161\u0101s darb\u012bbas meh\u0101nismu tas ir lieliska izv\u0113le ikvienam, kam nepiecie\u0161ams uzticams hidrauliskais cilindrs augsnes rak\u0161anas darbiem.<\/p>\n<p><img decoding=\"async\" src=\"https:\/\/img.jiansujichilun.com\/img\/hydrauliccylinders\/C_hydrauliccylinders-3.webp\" alt=\"hidrauliskais cilindrs\" width=\"800\" title=\"\"><\/p>\n<h2>Regul\u0113jamu skavu tipa cilindru priek\u0161roc\u012bbas<\/h2>\n<p>Regul\u0113jami skavu tipa cilindri, piem\u0113ram, r\u016bpn\u012bcas tie\u0161\u0101s p\u0101rdo\u0161anas divk\u0101r\u0161\u0101s darb\u012bbas hidrauliskais cilindrs augsnes rak\u0161anas iek\u0101rt\u0101m, pied\u0101v\u0101 vair\u0101kas priek\u0161roc\u012bbas da\u017e\u0101dos pielietojumos. \u0160ie cilindri ir izstr\u0101d\u0101ti ar precizit\u0101ti un inov\u0101cij\u0101m, lai nodro\u0161in\u0101tu optim\u0101lu veiktsp\u0113ju un iztur\u012bbu. \u0160aj\u0101 rakst\u0101 m\u0113s detaliz\u0113ti izp\u0113t\u012bsim regul\u0113jamu skavu tipa cilindru priek\u0161roc\u012bbas.<\/p>\n<h3>Uzlabota elast\u012bba un piel\u0101go\u0161an\u0101s sp\u0113ja<\/h3>\n<p>Viena no regul\u0113jamu skavu tipa cilindru b\u016btiskaj\u0101m priek\u0161roc\u012bb\u0101m ir to uzlabot\u0101 elast\u012bba un piel\u0101gojam\u012bba. \u0160ie cilindri ir izstr\u0101d\u0101ti, lai piel\u0101gotos da\u017e\u0101d\u0101m mont\u0101\u017eas poz\u012bcij\u0101m un le\u0146\u0137iem, nodro\u0161inot \u0113rtu regul\u0113\u0161anu un piel\u0101go\u0161anu. Regul\u0113jam\u0101s skavu funkcija \u013cauj operatoriem prec\u012bzi noregul\u0113t cilindra g\u0101jiena garumu, lai tas atbilstu konkr\u0113ta pielietojuma \u012bpa\u0161aj\u0101m pras\u012bb\u0101m. \u0160\u012b elast\u012bba nodro\u0161ina optim\u0101lu veiktsp\u0113ju un efektivit\u0101ti.<\/p>\n<h3>Uzlabota kravas apstr\u0101des jauda<\/h3>\n<p>Regul\u0113jami dak\u0161u tipa cilindri ir konstru\u0113ti, lai viegli iztur\u0113tu smagas kravas. Pateicoties to iztur\u012bgajai konstrukcijai un progres\u012bvajai hidrauliskajai tehnolo\u0123ijai, \u0161ie cilindri pied\u0101v\u0101 izcilu slodzes apstr\u0101des jaudu. Divk\u0101r\u0161\u0101s darb\u012bbas konstrukcija \u013cauj sp\u0113c\u012bgi izstiept un ievilkt cilindrus, nodro\u0161inot efekt\u012bvu un prec\u012bzu vad\u012bbu lieljaudas lietojumos. Neatkar\u012bgi no t\u0101, vai t\u0101 ir lauksaimniec\u012bbas tehnika vai r\u016bpniecisk\u0101s iek\u0101rtas, \u0161ie cilindri nodro\u0161ina uzticamu un jaud\u012bgu veiktsp\u0113ju.<\/p>\n<h3>Uzlabota stabilit\u0101te un precizit\u0101te<\/h3>\n<p>V\u0113l viena regul\u0113jamu skavu tipa cilindru priek\u0161roc\u012bba ir to sp\u0113ja nodro\u0161in\u0101t uzlabotu stabilit\u0101ti un precizit\u0101ti. \u0160o cilindru inovat\u012bvais dizains un konstrukcija nodro\u0161ina minim\u0101lu novirzi darb\u012bbas laik\u0101, k\u0101 rezult\u0101t\u0101 tiek uzlabota stabilit\u0101te un precizit\u0101te. \u0160is stabilit\u0101tes l\u012bmenis ir \u013coti svar\u012bgs lietojumos, kur nepiecie\u0161ama prec\u012bza pozicion\u0113\u0161ana un kontrol\u0113tas kust\u012bbas, piem\u0113ram, celtniec\u012bbas iek\u0101rt\u0101s vai materi\u0101lu apstr\u0101des ma\u0161\u012bn\u0101s.<\/p>\n<h3>Paaugstin\u0101ta efektivit\u0101te un produktivit\u0101te<\/h3>\n<p>Iek\u013caujot regul\u0113jamus skavu tipa cilindrus sav\u0101 iek\u0101rt\u0101, j\u016bs varat iev\u0113rojami palielin\u0101t efektivit\u0101ti un produktivit\u0101ti. \u0160ie cilindri pied\u0101v\u0101 \u0101tru un uzticamu hidraulisko iedarbin\u0101\u0161anu, t\u0101d\u0113j\u0101di samazinot cikla laikus un d\u012bkst\u0101ves laiku. Pateicoties to augstaj\u0101m veiktsp\u0113jas iesp\u0113j\u0101m, tie veicina augst\u0101ku produktivit\u0101tes l\u012bmeni, galu gal\u0101 uzlabojot kop\u0113jo darb\u012bbas efektivit\u0101ti.<\/p>\n<h3>Uzlabota iztur\u012bba un ilgm\u016b\u017e\u012bba<\/h3>\n<p>Regul\u0113jami skavu tipa cilindri ir izstr\u0101d\u0101ti, lai iztur\u0113tu vissmag\u0101kos darba apst\u0101k\u013cus. Izgatavoti no augstas kvalit\u0101tes materi\u0101liem un modern\u0101m ra\u017eo\u0161anas metod\u0113m, \u0161ie cilindri izce\u013cas ar izcilu iztur\u012bbu un ilgm\u016b\u017e\u012bbu. Tie var iztur\u0113t lielas slodzes, skarbu vidi un bie\u017eu lieto\u0161anu, neapdraudot to veiktsp\u0113ju. \u0160\u012b iztur\u012bba nodro\u0161ina ilg\u0101ku kalpo\u0161anas laiku un samazina nepiecie\u0161am\u012bbu p\u0113c bie\u017eas nomai\u0146as, k\u0101 rezult\u0101t\u0101 iek\u0101rtu \u012bpa\u0161niekiem tiek ietaup\u012btas izmaksas.<\/p>\n<h3>Secin\u0101jums<\/h3>\n<p>Nosl\u0113gum\u0101 j\u0101secina, ka regul\u0113jami skavu tipa cilindri, piem\u0113ram, r\u016bpn\u012bcas tie\u0161\u0101s p\u0101rdo\u0161anas divk\u0101r\u0161\u0101s darb\u012bbas hidrauliskais cilindrs augsnes rak\u0161anas darbiem, pied\u0101v\u0101 daudzas priek\u0161roc\u012bbas da\u017e\u0101dos pielietojumos. To elast\u012bba, slodzes apstr\u0101des kapacit\u0101te, stabilit\u0101te, efektivit\u0101te un iztur\u012bba padara tos par lielisku izv\u0113li pla\u0161am hidraulisko sist\u0113mu kl\u0101stam. Iek\u013caujot \u0161os cilindrus sav\u0101 apr\u012bkojum\u0101, j\u016bs varat uzlabot veiktsp\u0113ju, palielin\u0101t produktivit\u0101ti un sasniegt optim\u0101lus rezult\u0101tus sav\u0101 darb\u012bb\u0101.<\/p>\n<p><img decoding=\"async\" src=\"https:\/\/fmp-components.com\/wp-content\/uploads\/2024\/12\/Adjustable-Clevis-Type-Cylinders5.webp\" alt=\"Regul\u0113jams skavu tipa cilindrs\" width=\"800\" title=\"\"><\/p>\n<h2>Regul\u0113jamu skavu tipa cilindru pielietojums<\/h2>\n<p>Regul\u0113jami skavu tipa cilindri, piem\u0113ram, r\u016bpn\u012bcas tie\u0161\u0101s p\u0101rdo\u0161anas divk\u0101r\u0161as darb\u012bbas hidrauliskais cilindrs augsnes rak\u0161anas darbiem, pied\u0101v\u0101 pla\u0161u pielietojumu kl\u0101stu da\u017e\u0101d\u0101s nozar\u0113s. \u0160ie cilindri ir konstru\u0113ti ar unik\u0101lu regul\u0113jamu skavu stiprin\u0101jumu, kas nodro\u0161ina elast\u012bbu un daudzpus\u012bbu da\u017e\u0101diem m\u0113r\u0137iem. \u0160aj\u0101 rakst\u0101 m\u0113s izp\u0113t\u012bsim regul\u0113jamo skavu tipa cilindru galvenos pielietojumus un detaliz\u0113ti apspried\u012bsim to priek\u0161roc\u012bbas.<\/p>\n<h3>1. Lauksaimniec\u012bbas tehnika<\/h3>\n<p>Regul\u0113jamiem skavu tipa cilindriem ir b\u016btiska loma lauksaimniec\u012bbas nozar\u0113, jo \u012bpa\u0161i augsnes irdin\u0101t\u0101ju darb\u012bb\u0101. Augsnes irdin\u0101t\u0101js ir svar\u012bgs instruments, ko izmanto, lai irdin\u0101tu sabl\u012bv\u0113tus augsnes sl\u0101\u0146us zem virsmas, uzlabojot augsnes dren\u0101\u017eu un bar\u012bbas vielu uzs\u016bk\u0161anos. R\u016bpn\u012bcas tie\u0161\u0101s p\u0101rdo\u0161anas divk\u0101r\u0161\u0101s darb\u012bbas hidrauliskais cilindrs ir \u012bpa\u0161i izstr\u0101d\u0101ts augsnes irdin\u0101t\u0101jiem, pied\u0101v\u0101jot prec\u012bzu vad\u012bbu un jaudu, lai efekt\u012bvi iek\u013c\u016btu sare\u017e\u0123\u012btos augsnes apst\u0101k\u013cos.<\/p>\n<p>\u0160ie cilindri nodro\u0161ina regul\u0113jamas mont\u0101\u017eas iesp\u0113jas, \u013caujot lauksaimniekiem viegli piel\u0101goties da\u017e\u0101d\u0101m augsnes apak\u0161k\u0101rtas konfigur\u0101cij\u0101m. Cilindra hidraulisk\u0101 darb\u012bba nodro\u0161ina past\u0101v\u012bgu un uzticamu veiktsp\u0113ju, \u013caujot efekt\u012bvi apstr\u0101d\u0101t augsni un veicin\u0101t optim\u0101lu kult\u016braugu aug\u0161anu. Regul\u0113jamu skavu tipa cilindru izmanto\u0161ana lauksaimniec\u012bbas tehnik\u0101 palielina produktivit\u0101ti un samazina darbietilp\u012bgo darbu.<\/p>\n<h3>2. Celtniec\u012bbas iek\u0101rtas<\/h3>\n<p>Regul\u0113jami skavu tipa cilindri ir pla\u0161i izmantoti b\u016bvniec\u012bbas nozar\u0113, kur nepiecie\u0161ami iztur\u012bgi un daudzpus\u012bgi hidrauliskie risin\u0101jumi. \u0160ie cilindri parasti tiek izmantoti da\u017e\u0101d\u0101s b\u016bvniec\u012bbas iek\u0101rt\u0101s, piem\u0113ram, ekskavatoros, iekr\u0101v\u0113jos un buldozeros, lai veiktu svar\u012bgus uzdevumus, piem\u0113ram, cel\u0161anu, stum\u0161anu un rak\u0161anu.<\/p>\n<p>R\u016bpn\u012bcas tie\u0161\u0101s p\u0101rdo\u0161anas divk\u0101r\u0161\u0101s darb\u012bbas hidrauliskais cilindrs pied\u0101v\u0101 izcilu iztur\u012bbu un ilgm\u016b\u017e\u012bbu, lai iztur\u0113tu lielas slodzes un skarbus darba apst\u0101k\u013cus. T\u0101 regul\u0113jamais skavu stiprin\u0101jums \u013cauj to viegli integr\u0113t da\u017e\u0101dos iek\u0101rtu dizainos, nodro\u0161inot optim\u0101lu veiktsp\u0113ju un efektivit\u0101ti. \u0160o cilindru prec\u012bz\u0101 vad\u012bba un vienm\u0113r\u012bg\u0101 darb\u012bba veicina uzlabotus b\u016bvniec\u012bbas procesus un palielina produktivit\u0101ti darba viet\u0101.<\/p>\n<h3>3. Materi\u0101lu apstr\u0101des sist\u0113mas<\/h3>\n<p>Regul\u0113jami skavu tipa cilindri tiek pla\u0161i izmantoti materi\u0101lu apstr\u0101des sist\u0113m\u0101s, lai nodro\u0161in\u0101tu vienm\u0113r\u012bgas un kontrol\u0113tas kust\u012bbas. \u0160\u012bs sist\u0113mas ietver konveijera lentes, pacel\u0161anas platformas un automatiz\u0113tas ra\u017eo\u0161anas l\u012bnijas, kur prec\u012bza pozicion\u0113\u0161ana un uzticama darb\u012bba ir \u013coti svar\u012bga.<\/p>\n<p>R\u016bpn\u012bcas tie\u0161\u0101s p\u0101rdo\u0161anas divk\u0101r\u0161\u0101s darb\u012bbas hidrauliskais cilindrs sp\u0113l\u0113 noz\u012bm\u012bgu lomu materi\u0101lu apstr\u0101des darbos, nodro\u0161inot nepiecie\u0161amo sp\u0113ku un stabilit\u0101ti. T\u0101 regul\u0113jamais skavu stiprin\u0101jums \u013cauj to viegli uzst\u0101d\u012bt un izl\u012bdzin\u0101t sist\u0113m\u0101, nodro\u0161inot prec\u012bzu un efekt\u012bvu pre\u010du p\u0101rvieto\u0161anu. \u0160o cilindru uzlabot\u0101 hidraulisk\u0101 tehnolo\u0123ija \u013cauj prec\u012bzi kontrol\u0113t \u0101trumu un slodzi, samazinot boj\u0101jumu risku un optimiz\u0113jot kop\u0113jo produktivit\u0101ti materi\u0101lu apstr\u0101des oper\u0101cij\u0101s.<\/p>\n<p>Regul\u0113jami skavu tipa cilindri, piem\u0113ram, r\u016bpn\u012bcas tie\u0161\u0101s p\u0101rdo\u0161anas divk\u0101r\u0161as darb\u012bbas hidrauliskais cilindrs augsnes rak\u0161anas iek\u0101rt\u0101m, pied\u0101v\u0101 da\u017e\u0101dus pielietojumus da\u017e\u0101d\u0101s nozar\u0113s. S\u0101kot no lauksaimniec\u012bbas tehnikas l\u012bdz celtniec\u012bbas iek\u0101rt\u0101m un materi\u0101lu apstr\u0101des sist\u0113m\u0101m, \u0161ie cilindri nodro\u0161ina nepiecie\u0161amo jaudu, vad\u012bbu un piel\u0101go\u0161an\u0101s sp\u0113ju, lai izpild\u012btu da\u017e\u0101das ekspluat\u0101cijas pras\u012bbas.<\/p>\n<p>Regul\u0113jamais skavu stiprin\u0101jums uzlabo \u0161o cilindru daudzpus\u012bbu, nodro\u0161inot \u0113rtu integr\u0101ciju un prec\u012bzu regul\u0113\u0161anu da\u017e\u0101dos pielietojumos. Pateicoties to iztur\u012bgajai konstrukcijai, uzticamajai veiktsp\u0113jai un uzlabotaj\u0101m hidrauliskaj\u0101m funkcij\u0101m, regul\u0113jamie skavu tipa cilindri veicina uzlabotu produktivit\u0101ti, efektivit\u0101ti un kop\u0113jo veiktsp\u0113ju pla\u0161\u0101 nozaru kl\u0101st\u0101.<\/p>\n<p><img decoding=\"async\" src=\"https:\/\/fmp-components.com\/wp-content\/uploads\/2024\/12\/Application-of-Adjustable-Clevis-Type-Cylinders.webp\" alt=\"Regul\u0113jams skavu tipa cilindrs\" width=\"800\" title=\"\"><\/p>\n<h3>Par FMP hidraulisko cilindru<\/h3>\n<p>FMP ir uz\u0146\u0113mums, kas klientiem nodro\u0161ina augstas kvalit\u0101tes un uzticamus hidrauliskos cilindrus un piln\u012bgus ma\u0161\u012bnu risin\u0101jumus. M\u016bsu hidrauliskos cilindrus pla\u0161i izmanto da\u017e\u0101da veida celtniec\u012bbas ma\u0161\u012bn\u0101s, tostarp lauksaimniec\u012bbas tehnikas p\u0101rnesumk\u0101rb\u0101s, planet\u0101raj\u0101s p\u0101rnesumk\u0101rb\u0101s, r\u016bpnieciskaj\u0101s p\u0101rnesumk\u0101rb\u0101s un lauksaimniec\u012bbas tehnikas deta\u013c\u0101s. \u0160eit ir 5 iemesli, k\u0101p\u0113c jums vajadz\u0113tu izv\u0113l\u0113ties FMP:<\/p>\n<p>1. Augsti kvalit\u0101tes standarti: FMP m\u0113s veidojam ilgtermi\u0146a un stabilas sadarb\u012bbas attiec\u012bbas ar daudziem augstas kvalit\u0101tes pieg\u0101d\u0101t\u0101jiem gan m\u0101j\u0101s, gan \u0101rzem\u0113s, nodro\u0161inot, ka visi pieg\u0101d\u0101tie hidrauliskie cilindri atbilst stingriem kvalit\u0101tes standartiem. M\u016bsu hidrauliskie cilindri ir iztur\u012bgi, efekt\u012bvi un tiem ir ilgs kalpo\u0161anas laiks, kas var ietaup\u012bt klientu apkopes un remonta izmaksas.<\/p>\n<p>2. Profesion\u0101la komanda: FMP ir pieredz\u0113jusi un prasm\u012bga p\u0101rdo\u0161anas komanda, kas p\u0101rzina celtniec\u012bbas tehnikas nozares att\u012bst\u012bbas tendences un klientu vajadz\u012bbas. Vi\u0146i var sniegt profesion\u0101las produktu konsult\u0101cijas un p\u0101rdom\u0101tus pirk\u0161anas ieteikumus, pal\u012bdzot klientiem izv\u0113l\u0113ties sav\u0101m ma\u0161\u012bn\u0101m vispiem\u0113rot\u0101kos hidrauliskos cilindrus.<\/p>\n<p>3. Pla\u0161s produktu kl\u0101sts: FMP produktu kl\u0101sts ir pla\u0161s, ietverot da\u017e\u0101du veidu hidrauliskos cilindrus, piem\u0113ram, regul\u0113jamus cilindrus ar skavu, teleskopiskos cilindrus un metin\u0101tus hidrauliskos cilindrus. M\u0113s pied\u0101v\u0101jam ar\u012b virkni augst\u0101k\u0101 l\u012bme\u0146a piederumu, kas tiem atbilst, piem\u0113ram, hidrauliskos s\u016bk\u0146us, v\u0101rstus un filtrus, lai apmierin\u0101tu klientu da\u017e\u0101d\u0101s vajadz\u012bbas.<\/p>\n<p>4. Efekt\u012bva lo\u0123istikas sadale: FMP ir efekt\u012bva lo\u0123istikas sadales sist\u0113ma, kas nodro\u0161ina, ka klienti savlaic\u012bgi un prec\u012bzi sa\u0146em nepiecie\u0161amos hidrauliskos cilindrus. M\u0113s nodro\u0161in\u0101m \u0101trus un uzticamus transporta pakalpojumus, lai ietaup\u012btu klientu laiku un izvair\u012btos no zaud\u0113jumiem, ko rada kav\u0113\u0161an\u0101s.<\/p>\n<p>5. Profesion\u0101ls p\u0113cp\u0101rdo\u0161anas serviss: FMP ir ap\u0146\u0113mies nodro\u0161in\u0101t klientiem profesion\u0101lu p\u0113cp\u0101rdo\u0161anas servisu. Ja klientiem rodas k\u0101di jaut\u0101jumi vai probl\u0113mas m\u016bsu hidraulisko cilindru lieto\u0161anas laik\u0101, m\u016bsu p\u0113cp\u0101rdo\u0161anas komanda sniegs savlaic\u012bgus un efekt\u012bvus risin\u0101jumus, lai nodro\u0161in\u0101tu klientu iek\u0101rtu nevainojamu darb\u012bbu.<\/p>\n<p><img decoding=\"async\" src=\"https:\/\/fmp-components.com\/wp-content\/uploads\/2024\/12\/Adjustable-Clevis-Type-Cylinders-6.webp\" alt=\"Regul\u0113jams skavu tipa cilindrs\" width=\"829\" title=\"\"><\/p>\n<p>Izv\u0113lieties FMP, izv\u0113lieties augstas kvalit\u0101tes un uzticamus hidrauliskos cilindrus sav\u0101m celtniec\u012bbas ma\u0161\u012bn\u0101m.<\/p>\n<p>Autors: CX<\/p>","protected":false},"excerpt":{"rendered":"<p>Factory Direct Sale Double Acting Hydraulic Cylinder For Subsoiler is a high-quality hydraulic cylinder specifically designed for subsoiling tasks. With its double-acting mechanism, this hydraulic cylinder ensures efficient and reliable performance in the field. The cylinder is crafted using durable materials, guaranteeing its longevity and ability to withstand heavy-duty use. Its robust construction allows it [&hellip;]<\/p>","protected":false},"featured_media":1340,"comment_status":"closed","ping_status":"closed","template":"","meta":{"_et_pb_use_builder":"","_et_pb_old_content":"","_et_gb_content_width":""},"product_brand":[],"product_cat":[39],"product_tag":[41,34],"class_list":{"0":"post-1367","1":"product","2":"type-product","3":"status-publish","4":"has-post-thumbnail","6":"product_cat-adjustable-clevis-type-cylinders","7":"product_tag-adjustable-clevis-type-cylinders","8":"product_tag-hydraulic-cylinder","10":"first","11":"instock","12":"product-type-simple"},"_links":{"self":[{"href":"https:\/\/fmp-components.com\/lv\/wp-json\/wp\/v2\/product\/1367","targetHints":{"allow":["GET"]}}],"collection":[{"href":"https:\/\/fmp-components.com\/lv\/wp-json\/wp\/v2\/product"}],"about":[{"href":"https:\/\/fmp-components.com\/lv\/wp-json\/wp\/v2\/types\/product"}],"replies":[{"embeddable":true,"href":"https:\/\/fmp-components.com\/lv\/wp-json\/wp\/v2\/comments?post=1367"}],"wp:featuredmedia":[{"embeddable":true,"href":"https:\/\/fmp-components.com\/lv\/wp-json\/wp\/v2\/media\/1340"}],"wp:attachment":[{"href":"https:\/\/fmp-components.com\/lv\/wp-json\/wp\/v2\/media?parent=1367"}],"wp:term":[{"taxonomy":"product_brand","embeddable":true,"href":"https:\/\/fmp-components.com\/lv\/wp-json\/wp\/v2\/product_brand?post=1367"},{"taxonomy":"product_cat","embeddable":true,"href":"https:\/\/fmp-components.com\/lv\/wp-json\/wp\/v2\/product_cat?post=1367"},{"taxonomy":"product_tag","embeddable":true,"href":"https:\/\/fmp-components.com\/lv\/wp-json\/wp\/v2\/product_tag?post=1367"}],"curies":[{"name":"wp","href":"https:\/\/api.w.org\/{rel}","templated":true}]}}