{"id":1366,"date":"2024-12-23T02:18:57","date_gmt":"2024-12-23T02:18:57","guid":{"rendered":"https:\/\/fmp-components.com\/product\/premium-quality-double-acting-tow-truck-hydraulic-cylinder-for-trailer\/"},"modified":"2024-12-23T03:02:08","modified_gmt":"2024-12-23T03:02:08","slug":"premium-quality-double-acting-tow-truck-hydraulic-cylinder-for-trailer","status":"publish","type":"product","link":"https:\/\/fmp-components.com\/lv\/product\/premium-quality-double-acting-tow-truck-hydraulic-cylinder-for-trailer\/","title":{"rendered":"Augst\u0101k\u0101s kvalit\u0101tes divk\u0101r\u0161as darb\u012bbas evakuatora hidrauliskais cilindrs piekabei"},"content":{"rendered":"<p>Iepaz\u012bstin\u0101m ar augst\u0101k\u0101s kvalit\u0101tes divk\u0101r\u0161as darb\u012bbas evakuatora hidraulisko cilindru piekabei! \u0160is augst\u0101k\u0101s klases produkts ir izstr\u0101d\u0101ts, lai nodro\u0161in\u0101tu maksim\u0101lu iztur\u012bbu un ilgm\u016b\u017e\u012bbu vis\u0101m j\u016bsu vilk\u0161anas vajadz\u012bb\u0101m.<\/p>\n<p>\u0160is hidrauliskais cilindrs ir izgatavots prec\u012bzi un r\u016bp\u012bgi, lai kalpotu ilgi. T\u0101 divk\u0101r\u0161\u0101s darb\u012bbas konstrukcija nodro\u0161ina uzlabotu veiktsp\u0113ju un efektivit\u0101ti, nodro\u0161inot, ka darbu var paveikt \u0101tri un efekt\u012bvi. Ar maksim\u0101lo spiediena l\u012bmeni 3000 PSI un maksim\u0101lo g\u0101jienu 48 collas \u0161is cilindrs sp\u0113j tikt gal\u0101 pat ar vissare\u017e\u0123\u012bt\u0101kajiem vilk\u0161anas darbiem.<\/p>\n<p>Izgatavots no augstas kvalit\u0101tes materi\u0101liem, tostarp cieti hrom\u0113ta virzu\u013ca stie\u0146a, \u0161is hidrauliskais cilindrs ir iztur\u012bgs pret koroziju un nodilumu, nodro\u0161inot, ka tas gadiem ilgi saglab\u0101s savu lab\u0101ko st\u0101vokli. T\u0101 iztur\u012bg\u0101 konstrukcija noz\u012bm\u0113 ar\u012b to, ka tas var iztur\u0113t lielas slodzes un nel\u012bdzenu reljefu, padarot to par ide\u0101lu izv\u0113li vis\u0101m j\u016bsu vilk\u0161anas vajadz\u012bb\u0101m.<\/p>\n<p><img loading=\"lazy\" decoding=\"async\" class=\"alignnone size-full wp-image-1334\" src=\"https:\/\/fmp-components.com\/wp-content\/uploads\/2024\/12\/Adjustable-Clevis-Type-Cylinders-4.webp\" alt=\"Regul\u0113jami skavu tipa cilindri\" width=\"800\" height=\"800\" title=\"\" srcset=\"https:\/\/fmp-components.com\/wp-content\/uploads\/2024\/12\/Adjustable-Clevis-Type-Cylinders-4.webp 800w, https:\/\/fmp-components.com\/wp-content\/uploads\/2024\/12\/Adjustable-Clevis-Type-Cylinders-4-480x480.webp 480w\" sizes=\"(min-width: 0px) and (max-width: 480px) 480px, (min-width: 481px) 800px, 100vw\" \/><\/p>\n<p>T\u0101tad, ja mekl\u0113jat uzticamu un augstas veiktsp\u0113jas hidraulisko cilindru savai piekabei, tad augst\u0101k\u0101s kvalit\u0101tes divk\u0101r\u0161as darb\u012bbas evakuatora hidrauliskais cilindrs ir \u012bst\u0101 izv\u0113le. Ar savu izcilo iztur\u012bbu un ilgm\u016b\u017e\u012bbu \u0161is produkts noteikti p\u0101rsniegs j\u016bsu cer\u012bbas un nodro\u0161in\u0101s jums nepiecie\u0161amo veiktsp\u0113ju, lai darbu paveiktu pareizi.<\/p>\n<table style=\"width: 100%;\" border=\"1\" width=\"100%\" cellspacing=\"0\" cellpadding=\"0\">\n<tbody>\n<tr>\n<th>St\u0101voklis<\/th>\n<td>Jauns<\/td>\n<\/tr>\n<tr>\n<th>Garantija<\/th>\n<td>1 gads<\/td>\n<\/tr>\n<tr>\n<th>Piem\u0113rojam\u0101s nozares<\/th>\n<td>Ma\u0161\u012bnu remonta darbn\u012bcas, Lauksaimniec\u012bbas saimniec\u012bbas, Ener\u0123\u0113tika un ieguves r\u016bpniec\u012bba, Ma\u0161\u012bnu ra\u017eo\u0161ana, Ma\u0161\u012bnu r\u016bpn\u012bca<\/td>\n<\/tr>\n<tr>\n<th>Svars (kg)<\/th>\n<td>70<\/td>\n<\/tr>\n<tr>\n<th>Video izejo\u0161\u0101 p\u0101rbaude<\/th>\n<td>Nodro\u0161in\u0101ts<\/td>\n<\/tr>\n<tr>\n<th>Ma\u0161\u012bnu testa zi\u0146ojums<\/th>\n<td>Nodro\u0161in\u0101ts<\/td>\n<\/tr>\n<tr>\n<th>M\u0101rketinga veids<\/th>\n<td>Jauns produkts 2023. gad\u0101<\/td>\n<\/tr>\n<tr>\n<th>Galveno komponentu garantija<\/th>\n<td>1 gads<\/td>\n<\/tr>\n<tr>\n<th>Galven\u0101s sast\u0101vda\u013cas<\/th>\n<td>Gultnis, hidrauliskais cilindrs<\/td>\n<\/tr>\n<tr>\n<th>Standarta vai nestandarta<\/th>\n<td>Standarta<\/td>\n<\/tr>\n<tr>\n<th>Strukt\u016bra<\/th>\n<td>Virzu\u013ca cilindrs<\/td>\n<\/tr>\n<tr>\n<th>Jauda<\/th>\n<td>Hidraulisk\u0101<\/td>\n<\/tr>\n<tr>\n<th>Korpusa materi\u0101ls<\/th>\n<td>T\u0113rauds<\/td>\n<\/tr>\n<tr>\n<th>Maksim\u0101l\u0101 vilce<\/th>\n<td>3000<\/td>\n<\/tr>\n<tr>\n<th>Tips<\/th>\n<td>Regul\u0113jami skavu tipa cilindri<\/td>\n<\/tr>\n<tr>\n<th>Ostas<\/th>\n<td>G\/SAE\/NPT\/M<\/td>\n<\/tr>\n<tr>\n<th>Maksim\u0101lais vilk\u0161anas sp\u0113ks<\/th>\n<td>20 tonnas<\/td>\n<\/tr>\n<tr>\n<th>Sertifik\u0101cija<\/th>\n<td>ISO9001:2000<\/td>\n<\/tr>\n<tr>\n<th>Urbuma izm\u0113rs<\/th>\n<td>2\u20136 collas<\/td>\n<\/tr>\n<tr>\n<th>Stie\u0146a izm\u0113rs<\/th>\n<td>1,125\u20134 collas<\/td>\n<\/tr>\n<tr>\n<th>Trieciena izm\u0113rs<\/th>\n<td>4\u2013100 collas<\/td>\n<\/tr>\n<tr>\n<th>Tapas izm\u0113rs<\/th>\n<td>0,5\u20132 collas<\/td>\n<\/tr>\n<tr>\n<th>Kr\u0101sa<\/th>\n<td>Melns<\/td>\n<\/tr>\n<tr>\n<th>Iepakojuma deta\u013cas<\/th>\n<td>Dzelzs korpuss, sapl\u0101k\u0161\u0146a korpuss vai kartona kaste<\/td>\n<\/tr>\n<\/tbody>\n<\/table>\n<h2>Regul\u0113jamu skavu tipa cilindru priek\u0161roc\u012bbas<\/h2>\n<p>Run\u0101jot par piekabju hidrauliskajiem cilindriem, regul\u0113jamie skavas tipa cilindri izce\u013cas ar savu augsto kvalit\u0101ti un divk\u0101r\u0161as darb\u012bbas funkcionalit\u0101ti. \u0160iem cilindriem ir vair\u0101kas priek\u0161roc\u012bbas sal\u012bdzin\u0101jum\u0101 ar citiem veidiem, padarot tos par popul\u0101ru izv\u0113li nozar\u0113. \u0160aj\u0101 rakst\u0101 m\u0113s detaliz\u0113ti apl\u016bkosim regul\u0113jamo skavas tipa cilindru priek\u0161roc\u012bbas.<\/p>\n<h3>1. Uzlabota elast\u012bba un piel\u0101go\u0161anas iesp\u0113jas<\/h3>\n<p>Viena no regul\u0113jamu skavu tipa cilindru galvenaj\u0101m priek\u0161roc\u012bb\u0101m ir to sp\u0113ja nodro\u0161in\u0101t uzlabotu elast\u012bbu un piel\u0101go\u0161anas iesp\u0113jas. \u0160iem cilindriem ir regul\u0113jami skavu stiprin\u0101jumi, kas \u013cauj tos viegli piel\u0101got da\u017e\u0101diem pielietojumiem un mont\u0101\u017eas poz\u012bcij\u0101m. Regul\u0113jam\u0101 funkcija nodro\u0161ina prec\u012bzu pozicion\u0113\u0161anu, nodro\u0161inot optim\u0101lu veiktsp\u0113ju da\u017e\u0101dos scen\u0101rijos. Neatkar\u012bgi no t\u0101, vai tas ir paredz\u0113ts evakuatoram, piekabei vai jebkurai citai hidrauliskajai sist\u0113mai, \u0161ie cilindri pied\u0101v\u0101 daudzpus\u012bbu, kas nepiecie\u0161ama, lai izpild\u012btu \u012bpa\u0161as pras\u012bbas.<\/p>\n<h3>2. Izcila slodzes apstr\u0101des sp\u0113ja<\/h3>\n<p>Regul\u0113jamie dak\u0161u tipa cilindri izce\u013cas ar savu slodzes apstr\u0101des sp\u0113ju, padarot tos ide\u0101li piem\u0113rotus lieljaudas lietojumiem. Pateicoties augst\u0101k\u0101s kvalit\u0101tes konstrukcijai un iztur\u012bgajam dizainam, \u0161ie cilindri var iztur\u0113t augstu spiedienu un lielas slodzes. Tas padara tos par uzticamu izv\u0113li sare\u017e\u0123\u012btiem uzdevumiem, piem\u0113ram, smagu piekabju vilk\u0161anai vai iev\u0113rojama svara cel\u0161anai. Divk\u0101r\u0161\u0101s darb\u012bbas funkcionalit\u0101te v\u0113l vair\u0101k uzlabo to slodzes apstr\u0101des sp\u0113jas, nodro\u0161inot sp\u0113ku abos virzienos, palielinot efektivit\u0101ti un produktivit\u0101ti.<\/p>\n<h3>3. Uzlabota iztur\u012bba un ilgm\u016b\u017e\u012bba<\/h3>\n<p>V\u0113l viena iev\u0113rojama regul\u0113jamu skavu tipa cilindru priek\u0161roc\u012bba ir to izcil\u0101 iztur\u012bba un ilgm\u016b\u017e\u012bba. \u0160ie cilindri ir izgatavoti, izmantojot augstas kvalit\u0101tes materi\u0101lus, un tiem tiek piem\u0113roti stingri ra\u017eo\u0161anas procesi, lai nodro\u0161in\u0101tu uzticam\u012bbu un ilgm\u016b\u017e\u012bbu. Augst\u0101k\u0101s kvalit\u0101tes komponentu, piem\u0113ram, bl\u012bv\u0113jumu un stie\u0146u, izmanto\u0161ana samazina nopl\u016bdes risku un uzlabo kop\u0113jo veiktsp\u0113ju. \u0160\u012b iztur\u012bba noz\u012bm\u0113 samazin\u0101tas apkopes pras\u012bbas un palielin\u0101tu darb\u012bbas efektivit\u0101ti, ilgtermi\u0146\u0101 ietaupot gan laiku, gan naudu.<\/p>\n<h3>4. Uzlabotas dro\u0161\u012bbas funkcijas<\/h3>\n<p>Regul\u0113jamie skavas tipa cilindri ir apr\u012bkoti ar da\u017e\u0101d\u0101m dro\u0161\u012bbas funkcij\u0101m, kas padara tos p\u0101r\u0101kus sal\u012bdzin\u0101jum\u0101 ar cit\u0101m alternat\u012bv\u0101m. \u0160\u012bs dro\u0161\u012bbas funkcijas ietver integr\u0113tus p\u0101rslodzes aizsardz\u012bbas meh\u0101nismus, spiediena samazin\u0101\u0161anas v\u0101rstus un uzlabotas vad\u012bbas sist\u0113mas. \u0160\u012bs funkcijas ne tikai aizsarg\u0101 cilindru no p\u0101rm\u0113r\u012bga spiediena vai p\u0101rslodzes, bet ar\u012b nodro\u0161ina visas hidraulisk\u0101s sist\u0113mas dro\u0161\u012bbu. Tas padara regul\u0113jamos skavas tipa cilindrus par uzticamu izv\u0113li lietojumos, kur dro\u0161\u012bba ir galven\u0101 priorit\u0101te.<\/p>\n<h3>5. Efekt\u012bva ener\u0123ijas izmanto\u0161ana<\/h3>\n<p>Efektivit\u0101te ir jebkuras hidraulisk\u0101s sist\u0113mas iz\u0161\u0137iro\u0161s aspekts, un regul\u0113jami skavu tipa cilindri \u0161aj\u0101 zi\u0146\u0101 izce\u013cas. \u0160ie cilindri ir izstr\u0101d\u0101ti, lai optimiz\u0113tu ener\u0123ijas izmanto\u0161anu, nodro\u0161inot minim\u0101lus ener\u0123ijas zudumus darb\u012bbas laik\u0101. Divk\u0101r\u0161\u0101s darb\u012bbas funkcionalit\u0101te nodro\u0161ina efekt\u012bvu ener\u0123ijas p\u0101rnesi abos virzienos, maksim\u0101li palielinot produktivit\u0101ti un samazinot ener\u0123ijas pat\u0113ri\u0146u. \u0160\u012b energoefektivit\u0101te ne tikai ietaupa izmaksas, bet ar\u012b veicina ilgtsp\u0113j\u012bg\u0101ku un videi draudz\u012bg\u0101ku darb\u012bbu.<\/p>\n<p>Nosl\u0113gum\u0101 j\u0101secina, ka regul\u0113jamu skavas tipa cilindru priek\u0161roc\u012bbas padara tos par popul\u0101ru izv\u0113li da\u017e\u0101diem hidrauliskiem pielietojumiem. To elast\u012bba, slodzes apstr\u0101des sp\u0113ja, iztur\u012bba, dro\u0161\u012bbas funkcijas un energoefektivit\u0101te tos at\u0161\u0137ir no cit\u0101m alternat\u012bv\u0101m. Run\u0101jot par augst\u0101k\u0101s kvalit\u0101tes divk\u0101r\u0161as darb\u012bbas evakuatoru hidrauliskajiem cilindriem piekab\u0113m, regul\u0113jami skavas tipa cilindri ir lielisks ieguld\u012bjums uzticam\u0101s un augstas veiktsp\u0113jas hidrauliskaj\u0101s sist\u0113m\u0101s.<\/p>\n<p><img decoding=\"async\" src=\"https:\/\/fmp-components.com\/wp-content\/uploads\/2024\/12\/Adjustable-Clevis-Type-Cylinders5.webp\" alt=\"Regul\u0113jams skavu tipa cilindrs\" width=\"800\" title=\"\"><\/p>\n<h2>Regul\u0113jamu skavu tipa cilindru pielietojums<\/h2>\n<p>Regul\u0113jami skavu tipa cilindri ir hidrauliskie cilindri, kurus piestiprina pie ma\u0161\u012bnas vai iek\u0101rtas, izmantojot skavu stiprin\u0101jumu. \u0160iem cilindriem ir skavu kron\u0161teins, kas \u013cauj cilindram pagriezties, padarot tos ide\u0101li piem\u0113rotus lietojumiem, kuriem nepiecie\u0161ams liel\u0101ks kust\u012bbu diapazons. T\u0101l\u0101k ir nor\u0101d\u012bti da\u017ei regul\u0113jamu skavu tipa cilindru pielietojumi un to izmanto\u0161ana katr\u0101 pielietojum\u0101.<\/p>\n<h3>1. Lauksaimniec\u012bba<\/h3>\n<p>Lauksaimniec\u012bb\u0101 regul\u0113jamus skavu tipa cilindrus izmanto da\u017e\u0101dos pielietojumos, piem\u0113ram, kombainos un traktoros. Viens no visizplat\u012bt\u0101kajiem \u0161o cilindru pielietojumiem ir lauksaimniec\u012bbas tehnikas pacel\u0161ana un nolai\u0161ana. \u0160im nol\u016bkam bie\u017ei tiek izmantots augst\u0101k\u0101s kvalit\u0101tes divk\u0101r\u0161as darb\u012bbas evakuatora hidrauliskais cilindrs piekabei, jo tas ir paredz\u0113ts, lai iztur\u0113tu lielas slodzes un nodro\u0161in\u0101tu uzticamu veiktsp\u0113ju. \u0160ie cilindri nodro\u0161ina ar\u012b prec\u012bzu tehnikas vad\u012bbu, \u013caujot lauksaimniekiem piel\u0101got tehnikas augstumu sav\u0101m vajadz\u012bb\u0101m.<\/p>\n<h3>2. B\u016bvniec\u012bba<\/h3>\n<p>Regul\u0113jami skavu tipa cilindri tiek izmantoti ar\u012b b\u016bvniec\u012bbas nozar\u0113 da\u017e\u0101diem pielietojumiem, piem\u0113ram, ekskavatoriem, iekr\u0101v\u0113jiem un ekskavatoriem. \u0160ie cilindri tiek izmantoti smagu kravu cel\u0161anai, stum\u0161anai un vilk\u0161anai, padarot tos par b\u016btisku celtniec\u012bbas apr\u012bkojuma sast\u0101vda\u013cu. Augst\u0101k\u0101s kvalit\u0101tes divk\u0101r\u0161as darb\u012bbas evakuatora hidrauliskais cilindrs piekabei ir popul\u0101ra izv\u0113le \u0161iem pielietojumiem, jo \u200b\u200btas ir paredz\u0113ts, lai iztur\u0113tu smago b\u016bvniec\u012bbas darbu slodzi.<\/p>\n<h3>3. Ra\u017eo\u0161ana<\/h3>\n<p>Ra\u017eo\u0161an\u0101 regul\u0113jamus skavu tipa cilindrus izmanto da\u017e\u0101dos pielietojumos, piem\u0113ram, mont\u0101\u017eas l\u012bnij\u0101s un robotik\u0101. \u0160ie cilindri tiek izmantoti, lai kontrol\u0113tu ma\u0161\u012bnu un iek\u0101rtu kust\u012bbu, nodro\u0161inot precizit\u0101ti un pareiz\u012bbu ra\u017eo\u0161anas proces\u0101. \u0160ajos pielietojumos bie\u017ei tiek izmantots augst\u0101k\u0101s kvalit\u0101tes divk\u0101r\u0161as darb\u012bbas evakuatora hidrauliskais cilindrs piekabei, jo tas nodro\u0161ina prec\u012bzu vad\u012bbu un uzticamu veiktsp\u0113ju.<\/p>\n<h3>4. Kalnr\u016bpniec\u012bba<\/h3>\n<p>Kalnr\u016bpniec\u012bbas nozar\u0113 regul\u0113jamus skavu tipa cilindrus izmanto lieljaudas lietojumos, piem\u0113ram, urb\u0161anas iek\u0101rt\u0101s, ekskavatoros un iekr\u0101v\u0113jos. \u0160ie cilindri tiek izmantoti smagu kravu cel\u0161anai un apr\u012bkojuma p\u0101rvieto\u0161anai, padarot tos par b\u016btisk\u0101m sast\u0101vda\u013c\u0101m kalnr\u016bpniec\u012bbas darbos. \u0160ajos lietojumos parasti tiek izmantots augst\u0101k\u0101s kvalit\u0101tes divk\u0101r\u0161as darb\u012bbas evakuatora hidrauliskais cilindrs piekabei, pateicoties t\u0101 iztur\u012bbai un ilgm\u016b\u017e\u012bbai.<\/p>\n<h3>5. Transports<\/h3>\n<p>Regul\u0113jami skavu tipa cilindri tiek izmantoti transporta nozar\u0113 da\u017e\u0101diem pielietojumiem, piem\u0113ram, kravas automa\u0161\u012bn\u0101m un piekab\u0113m. \u0160ie cilindri tiek izmantoti, lai paceltu un nolaistu piekabes kravas kasti, atvieglojot kravas iekrau\u0161anu un izkrau\u0161anu. Augst\u0101k\u0101s kvalit\u0101tes divk\u0101r\u0161as darb\u012bbas evakuatora hidrauliskais cilindrs piekabei ir popul\u0101ra izv\u0113le \u0161iem pielietojumiem, jo \u200b\u200btas ir paredz\u0113ts, lai iztur\u0113tu smago p\u0101rvad\u0101jumu slodzi.<\/p>\n<p>Nosl\u0113gum\u0101 j\u0101secina, ka regul\u0113jami skavu tipa cilindri ir b\u016btiskas sast\u0101vda\u013cas da\u017e\u0101d\u0101s nozar\u0113s, un to pielietojums ir daudzveid\u012bgs. Neatkar\u012bgi no t\u0101, vai t\u0101 ir lauksaimniec\u012bba, b\u016bvniec\u012bba, ieguves r\u016bpniec\u012bba, ra\u017eo\u0161ana vai transports, \u0161ie cilindri nodro\u0161ina uzticamu veiktsp\u0113ju, prec\u012bzu vad\u012bbu un iztur\u012bbu. Augst\u0101k\u0101s kvalit\u0101tes divk\u0101r\u0161as darb\u012bbas evakuatora hidrauliskais cilindrs piekabei ir popul\u0101ra izv\u0113le daudzos no \u0161iem pielietojumiem, pateicoties t\u0101 iztur\u012bbai un daudzpus\u012bbai.<img decoding=\"async\" src=\"https:\/\/fmp-components.com\/wp-content\/uploads\/2024\/12\/Application-of-Adjustable-Clevis-Type-Cylinders.webp\" alt=\"Regul\u0113jams skavu tipa cilindrs\" width=\"800\" title=\"\"><\/p>\n<h3>Par FMP \u2013 hidraulisko cilindru profesion\u0101la p\u0101rdo\u0161ana un apkope<\/h3>\n<p>FMP ir labi paz\u012bstams uz\u0146\u0113mums, kas atrodas It\u0101lij\u0101 un specializ\u0113jas celtniec\u012bbas tehnikas deta\u013cu un pilnu iek\u0101rtu p\u0101rdo\u0161an\u0101 un apkalpo\u0161an\u0101. Ar daudzu gadu pieredzi nozar\u0113 un kvalific\u0113tu speci\u0101listu komandu m\u0113s saviem klientiem pied\u0101v\u0101jam augstas kvalit\u0101tes un uzticamus hidrauliskos cilindrus un pilnus iek\u0101rtu risin\u0101jumus.<\/p>\n<p>\u0160eit ir pieci iemesli, k\u0101p\u0113c jums vajadz\u0113tu izv\u0113l\u0113ties FMP hidraulisko cilindru vajadz\u012bb\u0101m:<\/p>\n<p>1. Pla\u0161s produktu kl\u0101sts: FMP pied\u0101v\u0101 pla\u0161u hidraulisko cilindru kl\u0101stu, tostarp regul\u0113jamus skavu tipa cilindrus, piem\u0113ram, <img decoding=\"async\" src=\"https:\/\/fmp-components.com\/wp-content\/uploads\/2024\/12\/Adjustable-Clevis-Type-Cylinders-6.webp\" alt=\"Regul\u0113jams skavu tipa cilindrs\" width=\"828\" title=\"\">, k\u0101 ar\u012b \u0161\u0137\u0113rsstie\u0146us un metin\u0101tus cilindrus. M\u0113s pied\u0101v\u0101jam ar\u012b piel\u0101go\u0161anas pakalpojumus, lai apmierin\u0101tu \u012bpa\u0161as klientu vajadz\u012bbas.<\/p>\n<p>2. Augst\u0101k\u0101s kvalit\u0101tes deta\u013cas: M\u0113s esam izveidoju\u0161i ilgtermi\u0146a un stabilas sadarb\u012bbas attiec\u012bbas ar daudziem augstas kvalit\u0101tes pieg\u0101d\u0101t\u0101jiem gan viet\u0113j\u0101, gan starptautisk\u0101 m\u0113rog\u0101, nodro\u0161inot, ka visas pieg\u0101d\u0101t\u0101s deta\u013cas atbilst stingriem kvalit\u0101tes standartiem.<\/p>\n<p>3. Pieredz\u0113jusi p\u0101rdo\u0161anas komanda: M\u016bsu p\u0101rdo\u0161anas komanda p\u0101rzina b\u016bvniec\u012bbas tehnikas nozares att\u012bst\u012bbas tendences un klientu vajadz\u012bbas. Vi\u0146i var sniegt profesion\u0101las produktu konsult\u0101cijas un p\u0101rdom\u0101tus pirk\u0161anas ieteikumus, lai pal\u012bdz\u0113tu jums izdar\u012bt lab\u0101ko izv\u0113li.<\/p>\n<p>4. Efekt\u012bva lo\u0123istikas izplat\u012b\u0161ana: Mums ir efekt\u012bva lo\u0123istikas izplat\u012b\u0161anas sist\u0113ma, kas nodro\u0161ina, ka klienti savlaic\u012bgi un prec\u012bzi sa\u0146em nepiecie\u0161am\u0101s deta\u013cas.<\/p>\n<p>5. Profesion\u0101ls p\u0113cp\u0101rdo\u0161anas serviss: FMP nodro\u0161ina profesion\u0101lu p\u0113cp\u0101rdo\u0161anas servisu, lai nodro\u0161in\u0101tu, ka m\u016bsu klientiem ir bezr\u016bp\u012bga pieredze ar m\u016bsu produktiem.<\/p>\n<p>Izv\u0113loties FMP par savu hidraulisko cilindru pieg\u0101d\u0101t\u0101ju, j\u016bs varat b\u016bt p\u0101rliecin\u0101ti par kvalitat\u012bviem produktiem, profesion\u0101lu apkalpo\u0161anu un uzticamu partneri j\u016bsu pan\u0101kumos. Sazinieties ar mums jau \u0161odien, lai uzzin\u0101tu vair\u0101k par to, k\u0101 m\u0113s varam pal\u012bdz\u0113t apmierin\u0101t j\u016bsu hidraulisko cilindru vajadz\u012bbas.<\/p>\n<p><img decoding=\"async\" src=\"https:\/\/img.jiansujichilun.com\/img\/hydrauliccylinders\/B_hydrauliccylinders-3.webp\" alt=\"hidrauliskais cilindrs\" width=\"800\" title=\"\"><\/p>\n<h2>Bie\u017ei uzdotie jaut\u0101jumi<\/h2>\n<p><b>J: K\u0101ds ir hidraulisk\u0101 cilindra garantijas periods?<\/b><br \/>\nA: M\u0113s pied\u0101v\u0101jam 1 gada garantiju hidraulisk\u0101 cilindra galvenaj\u0101m sast\u0101vda\u013c\u0101m.<\/p>\n<p><b>J: K\u0101d\u0101s nozar\u0113s var izmantot \u0161o hidraulisko cilindru?<\/b><br \/>\nA: Hidrauliskais cilindrs ir piem\u0113rots ma\u0161\u012bnu remonta darbn\u012bc\u0101m, saimniec\u012bb\u0101m, ener\u0123\u0113tikas un kalnr\u016bpniec\u012bbas, ma\u0161\u012bnu ra\u017eo\u0161anas un ma\u0161\u012bnu r\u016bpn\u012bc\u0101m.<\/p>\n<p><b>J: K\u0101da ir hidraulisk\u0101 cilindra maksim\u0101l\u0101 vilces un vilk\u0161anas jauda?<\/b><br \/>\nA: Hidraulisk\u0101 cilindra maksim\u0101l\u0101 vilces jauda ir 3000 tonnu un maksim\u0101l\u0101 vilk\u0161anas jauda ir 20 tonnas.<\/p>\n<p>Autors: CX<\/p>","protected":false},"excerpt":{"rendered":"<p>Introducing the Premium Quality Double Acting Tow Truck Hydraulic Cylinder for Trailer! This top-of-the-line product is designed to provide maximum strength and durability for all your towing needs. Crafted with precision and care, this hydraulic cylinder is built to last. Its double acting design allows for increased performance and efficiency, ensuring that you can get [&hellip;]<\/p>","protected":false},"featured_media":1338,"comment_status":"closed","ping_status":"closed","template":"","meta":{"_et_pb_use_builder":"","_et_pb_old_content":"","_et_gb_content_width":""},"product_brand":[],"product_cat":[39],"product_tag":[41,34],"class_list":{"0":"post-1366","1":"product","2":"type-product","3":"status-publish","4":"has-post-thumbnail","6":"product_cat-adjustable-clevis-type-cylinders","7":"product_tag-adjustable-clevis-type-cylinders","8":"product_tag-hydraulic-cylinder","10":"first","11":"instock","12":"product-type-simple"},"_links":{"self":[{"href":"https:\/\/fmp-components.com\/lv\/wp-json\/wp\/v2\/product\/1366","targetHints":{"allow":["GET"]}}],"collection":[{"href":"https:\/\/fmp-components.com\/lv\/wp-json\/wp\/v2\/product"}],"about":[{"href":"https:\/\/fmp-components.com\/lv\/wp-json\/wp\/v2\/types\/product"}],"replies":[{"embeddable":true,"href":"https:\/\/fmp-components.com\/lv\/wp-json\/wp\/v2\/comments?post=1366"}],"wp:featuredmedia":[{"embeddable":true,"href":"https:\/\/fmp-components.com\/lv\/wp-json\/wp\/v2\/media\/1338"}],"wp:attachment":[{"href":"https:\/\/fmp-components.com\/lv\/wp-json\/wp\/v2\/media?parent=1366"}],"wp:term":[{"taxonomy":"product_brand","embeddable":true,"href":"https:\/\/fmp-components.com\/lv\/wp-json\/wp\/v2\/product_brand?post=1366"},{"taxonomy":"product_cat","embeddable":true,"href":"https:\/\/fmp-components.com\/lv\/wp-json\/wp\/v2\/product_cat?post=1366"},{"taxonomy":"product_tag","embeddable":true,"href":"https:\/\/fmp-components.com\/lv\/wp-json\/wp\/v2\/product_tag?post=1366"}],"curies":[{"name":"wp","href":"https:\/\/api.w.org\/{rel}","templated":true}]}}