{"id":1365,"date":"2024-12-23T02:18:57","date_gmt":"2024-12-23T02:18:57","guid":{"rendered":"https:\/\/fmp-components.com\/product\/high-quality-hydraulic-piston-cylinder-adjustable-tractor-hydraulic-cylinder\/"},"modified":"2024-12-23T08:54:01","modified_gmt":"2024-12-23T08:54:01","slug":"high-quality-hydraulic-piston-cylinder-adjustable-tractor-hydraulic-cylinder","status":"publish","type":"product","link":"https:\/\/fmp-components.com\/lv\/product\/high-quality-hydraulic-piston-cylinder-adjustable-tractor-hydraulic-cylinder\/","title":{"rendered":"Augstas kvalit\u0101tes hidrauliskais virzu\u013ccilindrs Regul\u0113jams traktora hidrauliskais cilindrs"},"content":{"rendered":"<p>Augstas kvalit\u0101tes hidraulisk\u0101 virzu\u013ccilindra regul\u0113jams traktora hidrauliskais cilindrs Produkta ievads:<\/p>\n<p>Augstas kvalit\u0101tes hidrauliskais virzu\u013ccilindrs ar regul\u0113jamu traktora hidraulisko cilindru ir augst\u0101k\u0101s klases produkts, kas nodro\u0161ina izcilu hidraulisko jaudu traktoriem un citai lieljaudas tehnikai. Izgatavots no augstas kvalit\u0101tes materi\u0101liem un prec\u012bzi konstru\u0113ts optim\u0101lai veiktsp\u0113jai, \u0161is hidrauliskais cilindrs noteikti atbild\u012bs pat vissare\u017e\u0123\u012bt\u0101ko pielietojumu pras\u012bb\u0101m.<\/p>\n<p>Viena no augstas kvalit\u0101tes hidraulisk\u0101 virzu\u013ccilindra galvenaj\u0101m iez\u012bm\u0113m ir t\u0101 regul\u0113jam\u0101 konstrukcija, kas \u013cauj to daudzpus\u012bgi izmantot da\u017e\u0101dos lauksaimniec\u012bbas un r\u016bpniec\u012bbas apst\u0101k\u013cos. Neatkar\u012bgi no t\u0101, vai jums ir j\u0101pace\u013c smagas kravas, j\u0101vada sare\u017e\u0123\u012bta tehnika vai j\u0101veic citi uzdevumi, kuriem nepiecie\u0161ama uzticama hidraulisk\u0101 jauda, \u200b\u200b\u0161is cilindrs nodro\u0161ina nepiecie\u0161amo veiktsp\u0113ju darba paveik\u0161anai.<\/p>\n<p>Papildus iespaid\u012bgajai iztur\u012bbai un daudzpus\u012bbai, augstas kvalit\u0101tes hidrauliskais virzu\u013ccilindrs pied\u0101v\u0101 ar\u012b virkni citu priek\u0161roc\u012bbu. T\u0101 iztur\u012bg\u0101 konstrukcija nodro\u0161ina ilgtermi\u0146a uzticam\u012bbu un samazin\u0101tas apkopes izmaksas, savuk\u0101rt prec\u012bz\u0101 in\u017eenierija nodro\u0161ina vienm\u0113r\u012bgu, efekt\u012bvu darb\u012bbu un nemain\u012bgu veiktsp\u0113ju laika gait\u0101.<\/p>\n<p>Kopum\u0101 augstas kvalit\u0101tes hidraulisk\u0101 virzu\u013ccilindra regul\u0113jamais traktora hidrauliskais cilindrs ir izcils produkts, kas pied\u0101v\u0101 izcilu hidraulisko jaudu un veiktsp\u0113ju pla\u0161am pielietojumu kl\u0101stam. Neatkar\u012bgi no t\u0101, vai esat lauksaimnieks, darbuz\u0146\u0113m\u0113js vai r\u016bpniec\u012bbas darbinieks, \u0161is cilindrs noteikti b\u016bs nenov\u0113rt\u0113jams papildin\u0101jums j\u016bsu apr\u012bkojumam.<\/p>\n<p>Iepaz\u012bstin\u0101m ar m\u016bsu hidraulisko virzu\u013ccilindru \u2014 augstas kvalit\u0101tes regul\u0113jamu traktora hidraulisko cilindru, kas ir ide\u0101li piem\u0113rots da\u017e\u0101d\u0101m nozar\u0113m, s\u0101kot no tehnikas remonta darbn\u012bc\u0101m un saimniec\u012bb\u0101m l\u012bdz ener\u0123\u0113tikas un kalnr\u016bpniec\u012bbas nozar\u0113m. \u0160im pavisam jaunajam produktam ir viena gada garantija, un t\u0101 svars ir 70 kg. Tas ir r\u016bp\u012bgi p\u0101rbaud\u012bts, izmantojot video izejo\u0161o p\u0101rbaudi un detaliz\u0113tu tehnikas testa zi\u0146ojumu. K\u0101 jauns 2023.\u00a0gada produkts, t\u0101 galvenaj\u0101m sast\u0101vda\u013c\u0101m, tostarp gultnim un hidrauliskajam cilindram, ar\u012b ir viena gada garantija. Tas ir standarta virzu\u013ccilindrs, ko darbina hidraulika, ar korpusu, kas izgatavots no uzticama t\u0113rauda. Ar maksim\u0101lo vilces sp\u0113ku 3000 tonnu un maksim\u0101lo vilk\u0161anas sp\u0113ku 20 tonnu, \u0161is hidrauliskais cilindrs ir funkcionalit\u0101tes sp\u0113kstacija.<\/p>\n<h2>Produktu veidi un varianti, specifik\u0101cijas un veiktsp\u0113jas dati, materi\u0101li un konstrukcijas kvalit\u0101te, k\u0101 ar\u012b pielietojumi un lieto\u0161anas gad\u012bjumi<\/h2>\n<p>Hidrauliskais virzu\u013ccilindrs ir regul\u0113jams skavu tipa cilindrs, viens no daudzajiem m\u016bsu pied\u0101v\u0101tajiem variantiem, kas ietver ar\u012b stie\u0146u, metin\u0101tos, teleskopiskos, vienk\u0101r\u0161as un divpus\u0113jas darb\u012bbas cilindrus. T\u0101 urbuma diametrs ir no 2 l\u012bdz 6 coll\u0101m, bet stie\u0146a izm\u0113rs ir no 1,125 l\u012bdz 4 coll\u0101m. G\u0101jiena garums ir no 4 l\u012bdz 100 coll\u0101m, un tapas izm\u0113rs ir no 0,5 l\u012bdz 2 coll\u0101m. T\u0101 piesl\u0113gvietas ir G\/SAE\/NPT\/M, padarot to daudzpus\u012bgu un piel\u0101gojamu. Hidrauliskais virzu\u013ccilindrs ir ide\u0101li piem\u0113rots izmanto\u0161anai ma\u0161\u012bnb\u016bves remonta darbn\u012bc\u0101s, ener\u0123\u0113tikas un kalnr\u016bpniec\u012bbas nozar\u0113s, lauksaimniec\u012bbas saimniec\u012bb\u0101s un cit\u0101s nozar\u0113s.<\/p>\n<p>\u0160is hidrauliskais cilindrs ir izgatavots no iztur\u012bga t\u0113rauda un ir paredz\u0113ts ilgam kalpo\u0161anas laikam. T\u0101 konstrukcijas kvalit\u0101te ir augst\u0101k\u0101 l\u012bme\u0146a, padarot to par uzticamu ieguld\u012bjumu. T\u0101 ISO9001:2000 sertifik\u0101ts apliecina t\u0101 izcilo kvalit\u0101ti. Meln\u0101 kr\u0101sa pie\u0161\u0137ir tam profesion\u0101lu un elegantu izskatu.<\/p>\n<h2>FMP hidraulisko ma\u0161\u012bnu produkti<\/h2>\n<p><img decoding=\"async\" src=\"https:\/\/img.jiansujichilun.com\/img\/hydrauliccylinders\/T_hydrauliccylinders-2.webp\" alt=\"hidrauliskais cilindrs\" width=\"800\" title=\"\"><\/p>\n<p>FMP Hydraulic Machinery ir vado\u0161ais hidraulisko cilindru ra\u017eot\u0101js un eksport\u0113t\u0101js It\u0101lij\u0101. M\u016bsu produkti, piem\u0113ram, augstas kvalit\u0101tes hidrauliskais virzu\u013ccilindrs, apliecina m\u016bsu ap\u0146em\u0161anos nodro\u0161in\u0101t augst\u0101ko kvalit\u0101ti un lielisku servisu. Gadu gait\u0101 esam ieguvu\u0161i uzticamu reput\u0101ciju klientu vid\u016b vis\u0101 pasaul\u0113, un m\u0113s turpin\u0101m censties p\u0101rsniegt cer\u012bbas. Iepaz\u012bstieties ar m\u016bsu produktu kl\u0101stu un atrodiet sav\u0101m vajadz\u012bb\u0101m perfektu hidraulisko risin\u0101jumu.<\/p>\n<h2>Bie\u017ei uzdotie jaut\u0101jumi<\/h2>\n<p><b>J: K\u0101d\u0101s nozar\u0113s var izmantot hidraulisko virzu\u013ccilindru?<\/b><br \/>\nA: Hidrauliskais virzu\u013ccilindrs ir ide\u0101li piem\u0113rots da\u017e\u0101d\u0101m nozar\u0113m, tostarp ma\u0161\u012bnb\u016bves remonta darbn\u012bc\u0101m, lauksaimniec\u012bbas zem\u0113m, ener\u0123\u0113tikas un kalnr\u016bpniec\u012bbas nozar\u0113m, k\u0101 ar\u012b ma\u0161\u012bnb\u016bves ra\u017eo\u0161anai.<\/p>\n<p><b>J: K\u0101ds ir hidraulisk\u0101 virzu\u013ccilindra konstrukcijas materi\u0101ls?<\/b><br \/>\nA: Hidrauliskais virzu\u013ccilindrs ir izgatavots no iztur\u012bga t\u0113rauda, \u200b\u200bnodro\u0161inot ilgm\u016b\u017e\u012bbu un optim\u0101lu veiktsp\u0113ju.<\/p>\n<p><b>J: K\u0101dus hidraulisko cilindru veidus pied\u0101v\u0101 FMP Hydraulic Machinery?<\/b><br \/>\nA: FMP Hydraulic Machinery pied\u0101v\u0101 da\u017e\u0101dus hidrauliskos cilindrus, tostarp stie\u0146u, metin\u0101tos, teleskopiskos, vienk\u0101r\u0161as un divpus\u0113jas darb\u012bbas cilindrus. M\u0113s pied\u0101v\u0101jam ar\u012b regul\u0113jamus skavu tipa cilindrus, piem\u0113ram, hidraulisko virzu\u013ccilindru.<\/p>\n<p>Atkl\u0101jiet hidraulisk\u0101 virzu\u013ccilindra jaudu un efektivit\u0101ti jau \u0161odien un izbaudiet at\u0161\u0137ir\u012bbu veiktsp\u0113j\u0101 un kvalit\u0101t\u0113. Sazinieties ar mums, lai ieg\u016btu pla\u0161\u0101ku inform\u0101ciju vai veiktu pas\u016bt\u012bjumu.<\/p>\n<h2>Regul\u0113jamu skavu tipa cilindru priek\u0161roc\u012bbas<\/h2>\n<p>Regul\u0113jami skavas tipa cilindri, kas paz\u012bstami ar\u012b k\u0101 traktoru hidrauliskie cilindri, ir b\u016btiska sast\u0101vda\u013ca da\u017e\u0101d\u0101s hidrauliskaj\u0101s sist\u0113m\u0101s. \u0160ie cilindri pied\u0101v\u0101 virkni priek\u0161roc\u012bbu, kas padara tos par popul\u0101ru izv\u0113li daudz\u0101s nozar\u0113s. \u0160aj\u0101 rakst\u0101 m\u0113s izp\u0113t\u012bsim da\u017eas no regul\u0113jamo skavas tipa cilindru galvenaj\u0101m priek\u0161roc\u012bb\u0101m un iedzi\u013cin\u0101simies to detaliz\u0113tajos aprakstos.<\/p>\n<h3>Augstas kvalit\u0101tes hidrauliskais virzu\u013ccilindrs<\/h3>\n<p>Viena no regul\u0113jamu skavu tipa cilindru galvenaj\u0101m priek\u0161roc\u012bb\u0101m ir to augstas kvalit\u0101tes hidrauliskais virzu\u013ccilindrs. \u0160is cilindrs ir paredz\u0113ts augsta spiediena un lielu slodzi iztur\u0113\u0161anai, padarot to ide\u0101li piem\u0113rotu pras\u012bgiem pielietojumiem. Cilindra prec\u012bz\u0101 konstrukcija nodro\u0161ina vienm\u0113r\u012bgu un efekt\u012bvu darb\u012bbu, samazinot berzi un palielinot veiktsp\u0113ju.<\/p>\n<h3>Uzlabota elast\u012bba un piel\u0101gojam\u012bba<\/h3>\n<p>V\u0113l viena b\u016btiska regul\u0113jamu skavu tipa cilindru priek\u0161roc\u012bba ir to uzlabot\u0101 elast\u012bba un regul\u0113jam\u012bba. \u0160os cilindrus var viegli piel\u0101got da\u017e\u0101diem g\u0101jiena garumiem, kas \u013cauj prec\u012bzi kontrol\u0113t hidraulisko sist\u0113mu. \u0160\u012b elast\u012bba padara tos piem\u0113rotus pla\u0161am pielietojumu kl\u0101stam, s\u0101kot no lauksaimniec\u012bbas tehnikas l\u012bdz celtniec\u012bbas tehnikai.<\/p>\n<h3>Uzlabota iztur\u012bba un ilgm\u016b\u017e\u012bba<\/h3>\n<p>Regul\u0113jamie skavu tipa cilindri ir rad\u012bti ilgam kalpo\u0161anas laikam. Pateicoties iztur\u012bgajai konstrukcijai un augstas kvalit\u0101tes materi\u0101liem, \u0161ie cilindri pied\u0101v\u0101 izcilu iztur\u012bbu un ilgm\u016b\u017e\u012bbu. Tie var iztur\u0113t skarbus ekspluat\u0101cijas apst\u0101k\u013cus, tostarp ekstrem\u0101las temperat\u016bras, sp\u0113c\u012bgas vibr\u0101cijas un kod\u012bgu vidi. \u0160\u012b iztur\u012bba nodro\u0161ina ilg\u0101ku kalpo\u0161anas laiku un samazina apkopes un nomai\u0146as izmaksas.<\/p>\n<h3>Paaugstin\u0101ta efektivit\u0101te un produktivit\u0101te<\/h3>\n<p>Izmantojot regul\u0113jamus skavu tipa cilindrus, hidraulisk\u0101s sist\u0113mas var sasniegt liel\u0101ku efektivit\u0101ti un produktivit\u0101ti. \u0160ie cilindri nodro\u0161ina prec\u012bzu da\u017e\u0101du komponentu kust\u012bbas un pozicion\u0113\u0161anas kontroli, k\u0101 rezult\u0101t\u0101 uzlabojas darb\u012bbas efektivit\u0101te. Sp\u0113ja regul\u0113t g\u0101jiena garumu un vad\u012bbas \u0101trumu \u013cauj optimiz\u0113t veiktsp\u0113ju, samazin\u0101t cikla laikus un uzlabot kop\u0113jo produktivit\u0101ti.<\/p>\n<h3>Uzlabota dro\u0161\u012bba un uzticam\u012bba<\/h3>\n<p>Regul\u0113jami skavu tipa cilindri priorit\u0101ri izvirza dro\u0161\u012bbu un uzticam\u012bbu. \u0160ie cilindri ir apr\u012bkoti ar uzlabot\u0101m dro\u0161\u012bbas funkcij\u0101m, piem\u0113ram, p\u0101rslodzes aizsardz\u012bbu un spiediena samazin\u0101\u0161anas v\u0101rstiem, kas nodro\u0161ina dro\u0161u darb\u012bbu pat sare\u017e\u0123\u012btos apst\u0101k\u013cos. \u0160o cilindru uzticam\u0101 darb\u012bba samazina sist\u0113mas k\u013c\u016bmju vai negad\u012bjumu risku, nodro\u0161inot sirdsmieru operatoriem un saglab\u0101jot dro\u0161u darba vidi.<\/p>\n<h3>Pla\u0161s pielietojumu kl\u0101sts<\/h3>\n<p>Regul\u0113jami skavu tipa cilindri, pateicoties to daudzpus\u012bbai, tiek izmantoti da\u017e\u0101d\u0101s nozar\u0113s. Neatkar\u012bgi no t\u0101, vai t\u0101 ir lauksaimniec\u012bba, b\u016bvniec\u012bba vai r\u016bpniec\u012bbas nozare, \u0161os cilindrus var izmantot da\u017e\u0101diem uzdevumiem, piem\u0113ram, smagu kravu cel\u0161anai, agreg\u0101tu noliek\u0161anai vai hidraulisko iek\u0101rtu darbin\u0101\u0161anai. To piel\u0101gojam\u012bba padara tos neaizst\u0101jamus da\u017e\u0101dos pielietojumos, pied\u0101v\u0101jot rentablu risin\u0101jumu da\u017e\u0101d\u0101m hidrauliskaj\u0101m pras\u012bb\u0101m.<\/p>\n<p>Nosl\u0113gum\u0101 j\u0101secina, ka regul\u0113jamie skavas tipa cilindri sniedz vair\u0101kas priek\u0161roc\u012bbas, kas padara tos par ide\u0101lu izv\u0113li hidrauliskaj\u0101m sist\u0113m\u0101m. Pateicoties augstas kvalit\u0101tes hidrauliskajam virzu\u013ccilindram, uzlabotajai elast\u012bbai, iztur\u012bbai, paaugstin\u0101tajai efektivit\u0101tei un dro\u0161\u012bbai, \u0161ie cilindri pied\u0101v\u0101 uzticamu un efekt\u012bvu risin\u0101jumu da\u017e\u0101diem pielietojumiem. Neatkar\u012bgi no t\u0101, vai ir nepiecie\u0161ams maksim\u0101li palielin\u0101t produktivit\u0101ti vai nodro\u0161in\u0101t dro\u0161u darb\u012bbu, regul\u0113jamie skavas tipa cilindri nodro\u0161ina izcilu veiktsp\u0113ju sare\u017e\u0123\u012btos apst\u0101k\u013cos.<\/p>\n<p><img decoding=\"async\" src=\"https:\/\/fmp-components.com\/wp-content\/uploads\/2024\/12\/Adjustable-Clevis-Type-Cylinders5.webp\" alt=\"Regul\u0113jams skavu tipa cilindrs\" width=\"800\" title=\"\"><\/p>\n<h2>Regul\u0113jamu skavu tipa cilindru pielietojums<\/h2>\n<p>Regul\u0113jami skavas tipa cilindri ir neat\u0146emama m\u016bsdienu hidraulisko sist\u0113mu sast\u0101vda\u013ca, kas nodro\u0161ina pla\u0161u pielietojumu kl\u0101stu da\u017e\u0101d\u0101s nozar\u0113s. \u0160eit ir da\u017ei no galvenajiem regul\u0113jamo skavas tipa cilindru pielietojumiem:<\/p>\n<h3>1. Lauksaimniec\u012bbas tehnika<\/h3>\n<p>Augstas kvalit\u0101tes hidrauliskie virzu\u013ccilindri ir b\u016btiski lauksaimniec\u012bbas tehnikas vienm\u0113r\u012bgai darb\u012bbai. Regul\u0113jami skavu tipa cilindri tiek pla\u0161i izmantoti traktoros, kombainos un cit\u0101 lauksaimniec\u012bbas apr\u012bkojum\u0101, lai nodro\u0161in\u0101tu nepiecie\u0161amo sp\u0113ku lauksaimniec\u012bbas instrumentu pacel\u0161anai un nolai\u0161anai. \u0160ie cilindri ir \u012bpa\u0161i izstr\u0101d\u0101ti skarbajiem lauksaimniec\u012bbas vides apst\u0101k\u013ciem, un tiem ir t\u0101das \u012bpa\u0161\u012bbas k\u0101 iztur\u012bba pret koroziju un pagarin\u0101ta kalpo\u0161anas laiks.<\/p>\n<h3>2. Celtniec\u012bbas tehnika<\/h3>\n<p>B\u016bvniec\u012bbas nozare efekt\u012bvai darb\u012bbai ir \u013coti atkar\u012bga no hidrauliskaj\u0101m sist\u0113m\u0101m. Regul\u0113jami skavu tipa cilindri tiek pla\u0161i izmantoti ekskavatoros, buldozeros un cit\u0101s smagaj\u0101s ma\u0161\u012bn\u0101s da\u017e\u0101diem darbiem, piem\u0113ram, rak\u0161anai, plan\u0113\u0161anai un cel\u0161anai. \u0160ie cilindri nodro\u0161ina nepiecie\u0161amo jaudu un vad\u012bbu, lai prec\u012bzi un viegli veiktu sare\u017e\u0123\u012btus uzdevumus. Augstas kvalit\u0101tes hidrauliskie virzu\u013ccilindri ir \u013coti svar\u012bgi b\u016bvniec\u012bbas tehnikas uzticamai darb\u012bbai un dro\u0161\u012bbai.<\/p>\n<h3>3. R\u016bpniecisk\u0101s iek\u0101rtas<\/h3>\n<p>Regul\u0113jamus skavu tipa cilindrus izmanto ar\u012b da\u017e\u0101dos r\u016bpnieciskos pielietojumos, piem\u0113ram, materi\u0101lu apstr\u0101d\u0113, apstr\u0101d\u0113 un ra\u017eo\u0161an\u0101. \u0160ie cilindri nodro\u0161ina nepiecie\u0161amo sp\u0113ku cel\u0161anai, pres\u0113\u0161anai un nostiprin\u0101\u0161anai r\u016bpnieciskaj\u0101s iek\u0101rt\u0101s. Augstas kvalit\u0101tes hidrauliskie virzu\u013ccilindri ir b\u016btiski efekt\u012bvai un uzticamai darb\u012bbai \u0161\u0101dos pielietojumos.<\/p>\n<h3>4. Transports<\/h3>\n<p>Regul\u0113jami skavu tipa cilindri tiek izmantoti da\u017e\u0101dos transporta veidos, piem\u0113ram, kravas automa\u0161\u012bn\u0101s un piekab\u0113s, kravas pacel\u0161anai un nolai\u0161anai. \u0160ie cilindri tiek izmantoti ar\u012b hidraulisko brem\u017eu sist\u0113m\u0101s t\u0101diem transportl\u012bdzek\u013ciem k\u0101 automa\u0161\u012bnas, motocikli un velosip\u0113di. Augstas kvalit\u0101tes hidrauliskie virzu\u013ccilindri nodro\u0161ina vienm\u0113r\u012bgu un dro\u0161u transporta apr\u012bkojuma darb\u012bbu.<\/p>\n<p>Nosl\u0113gum\u0101 j\u0101saka, ka regul\u0113jami skavas tipa cilindri ir daudzpus\u012bgi komponenti, kas atrodami da\u017e\u0101d\u0101s nozar\u0113s. Augstas kvalit\u0101tes hidrauliskie virzu\u013ccilindri ir \u013coti svar\u012bgi uzticamai un efekt\u012bvai darb\u012bbai. Pieaugot piepras\u012bjumam p\u0113c hidrauliskaj\u0101m sist\u0113m\u0101m m\u016bsdienu r\u016bpniec\u012bb\u0101, regul\u0113jamu skavas tipa cilindru noz\u012bme turpm\u0101kajos gados tikai pieaugs.<img decoding=\"async\" src=\"https:\/\/fmp-components.com\/wp-content\/uploads\/2024\/12\/Application-of-Adjustable-Clevis-Type-Cylinders.webp\" alt=\"Regul\u0113jams skavu tipa cilindrs\" width=\"800\" title=\"\"><\/p>\n<h3>Par FMP<\/h3>\n<p>FMP ir uz\u0146\u0113mums, kas specializ\u0113jas hidraulisko cilindru ra\u017eo\u0161an\u0101 un p\u0101rdo\u0161an\u0101. Atrodamies It\u0101lij\u0101, mums ir daudzu gadu pieredze nozar\u0113 un profesion\u0101la komanda, kas velt\u012bta tam, lai klientiem nodro\u0161in\u0101tu augstas kvalit\u0101tes un uzticamus hidraulisko cilindru risin\u0101jumus.<\/p>\n<p><img decoding=\"async\" src=\"https:\/\/fmp-components.com\/wp-content\/uploads\/2024\/12\/Adjustable-Clevis-Type-Cylinders-6.webp\" alt=\"Regul\u0113jams skavu tipa cilindrs\" width=\"827\" title=\"\"><\/p>\n<h4>M\u016bsu produkti un uz\u0146\u0113muma priek\u0161roc\u012bbas:<\/h4>\n<ol>\n<li>Pla\u0161s hidraulisko cilindru kl\u0101sts: M\u0113s pied\u0101v\u0101jam pla\u0161u hidraulisko cilindru kl\u0101stu, tostarp regul\u0113jamus skavu tipa cilindrus, teleskopiskos cilindrus, st\u016bres stie\u0146u cilindrus un citus. M\u016bsu pla\u0161ais kl\u0101sts nodro\u0161ina, ka mums ir piem\u0113rots cilindrs da\u017e\u0101diem pielietojumiem.<\/li>\n<li>Augstas kvalit\u0101tes konstrukcija: M\u016bsu hidrauliskie cilindri ir izgatavoti, izmantojot augst\u0101k\u0101s kvalit\u0101tes materi\u0101lus un progres\u012bvas ra\u017eo\u0161anas metodes. Tas nodro\u0161ina to iztur\u012bbu, uzticam\u012bbu un ilgu kalpo\u0161anas laiku pat sare\u017e\u0123\u012btos darba apst\u0101k\u013cos.<\/li>\n<li>Stingra kvalit\u0101tes kontrole: FMP ir izveidoju\u0161i ilgtermi\u0146a un stabilas attiec\u012bbas ar augstas kvalit\u0101tes pieg\u0101d\u0101t\u0101jiem. M\u0113s r\u016bp\u012bgi p\u0101rbaud\u0101m un test\u0113jam visas pieg\u0101d\u0101t\u0101s deta\u013cas, lai nodro\u0161in\u0101tu, ka t\u0101s atbilst m\u016bsu stingrajiem kvalit\u0101tes standartiem. Tas garant\u0113, ka m\u016bsu hidrauliskie cilindri past\u0101v\u012bgi nodro\u0161ina izcilu veiktsp\u0113ju.<\/li>\n<li>P\u0101rdo\u0161anas ekspertu komanda: M\u016bsu pieredz\u0113ju\u0161\u0101 un prasm\u012bg\u0101 p\u0101rdo\u0161anas komanda labi p\u0101rzina b\u016bvniec\u012bbas tehnikas nozares att\u012bst\u012bbas tendences un klientu vajadz\u012bbas. Vi\u0146i sniedz profesion\u0101las produktu konsult\u0101cijas un p\u0101rdom\u0101tus pirk\u0161anas ieteikumus, nodro\u0161inot, ka m\u016bsu klienti pie\u0146em p\u0101rdom\u0101tus l\u0113mumus.<\/li>\n<li>Efekt\u012bva lo\u0123istikas izplat\u012b\u0161ana: Mums ir efekt\u012bva lo\u0123istikas izplat\u012b\u0161anas sist\u0113ma, lai nodro\u0161in\u0101tu savlaic\u012bgu un prec\u012bzu m\u016bsu hidraulisko cilindru pieg\u0101di. Klienti var pa\u013cauties uz mums, ka nodro\u0161in\u0101sim \u0101tru un bezr\u016bp\u012bgu apkalpo\u0161anu, \u013caujot vi\u0146iem samazin\u0101t d\u012bkst\u0101ves laiku un palielin\u0101t produktivit\u0101ti.<\/li>\n<\/ol>\n<p>Izv\u0113lieties FMP k\u0101 savu uzticamo partneri vis\u0101m j\u016bsu hidraulisko cilindru vajadz\u012bb\u0101m. Ar m\u016bsu pla\u0161o augstas kvalit\u0101tes produktu kl\u0101stu, stingru kvalit\u0101tes kontroli, zino\u0161u p\u0101rdo\u0161anas komandu un efekt\u012bvu lo\u0123istiku m\u0113s esam ap\u0146\u0113mu\u0161ies pal\u012bdz\u0113t jums g\u016bt pan\u0101kumus j\u016bsu celtniec\u012bbas tehnikas projektos.<\/p>\n<h3>Par FMP<\/h3>\n<p>FMP ir uz\u0146\u0113mums, kas specializ\u0113jas hidraulisko cilindru ra\u017eo\u0161an\u0101 un p\u0101rdo\u0161an\u0101. Atrodamies It\u0101lij\u0101, mums ir daudzu gadu pieredze nozar\u0113 un profesion\u0101la komanda, kas velt\u012bta tam, lai klientiem nodro\u0161in\u0101tu augstas kvalit\u0101tes un uzticamus hidraulisko cilindru risin\u0101jumus.<\/p>\n<p><img decoding=\"async\" src=\"https:\/\/fmp-components.com\/wp-content\/uploads\/2024\/12\/Adjustable-Clevis-Type-Cylinders-6.webp\" alt=\"Regul\u0113jams skavu tipa cilindrs\" width=\"827\" title=\"\"><\/p>\n<h4>M\u016bsu produkti un uz\u0146\u0113muma priek\u0161roc\u012bbas:<\/h4>\n<ol>\n<li>Pla\u0161s hidraulisko cilindru kl\u0101sts: M\u0113s pied\u0101v\u0101jam pla\u0161u hidraulisko cilindru kl\u0101stu, tostarp regul\u0113jamus skavu tipa cilindrus, teleskopiskos cilindrus, st\u016bres stie\u0146u cilindrus un citus. M\u016bsu pla\u0161ais kl\u0101sts nodro\u0161ina, ka mums ir piem\u0113rots cilindrs da\u017e\u0101diem pielietojumiem.<\/li>\n<li>Augstas kvalit\u0101tes konstrukcija: M\u016bsu hidrauliskie cilindri ir izgatavoti, izmantojot augst\u0101k\u0101s kvalit\u0101tes materi\u0101lus un progres\u012bvas ra\u017eo\u0161anas metodes. Tas nodro\u0161ina to iztur\u012bbu, uzticam\u012bbu un ilgu kalpo\u0161anas laiku pat sare\u017e\u0123\u012btos darba apst\u0101k\u013cos.<\/li>\n<li>Stingra kvalit\u0101tes kontrole: FMP ir izveidoju\u0161i ilgtermi\u0146a un stabilas attiec\u012bbas ar augstas kvalit\u0101tes pieg\u0101d\u0101t\u0101jiem. M\u0113s r\u016bp\u012bgi p\u0101rbaud\u0101m un test\u0113jam visas pieg\u0101d\u0101t\u0101s deta\u013cas, lai nodro\u0161in\u0101tu, ka t\u0101s atbilst m\u016bsu stingrajiem kvalit\u0101tes standartiem. Tas garant\u0113, ka m\u016bsu hidrauliskie cilindri past\u0101v\u012bgi nodro\u0161ina izcilu veiktsp\u0113ju.<\/li>\n<li>P\u0101rdo\u0161anas ekspertu komanda: M\u016bsu pieredz\u0113ju\u0161\u0101 un prasm\u012bg\u0101 p\u0101rdo\u0161anas komanda labi p\u0101rzina b\u016bvniec\u012bbas tehnikas nozares att\u012bst\u012bbas tendences un klientu vajadz\u012bbas. Vi\u0146i sniedz profesion\u0101las produktu konsult\u0101cijas un p\u0101rdom\u0101tus pirk\u0161anas ieteikumus, nodro\u0161inot, ka m\u016bsu klienti pie\u0146em p\u0101rdom\u0101tus l\u0113mumus.<\/li>\n<li>Efekt\u012bva lo\u0123istikas izplat\u012b\u0161ana: Mums ir efekt\u012bva lo\u0123istikas izplat\u012b\u0161anas sist\u0113ma, lai nodro\u0161in\u0101tu savlaic\u012bgu un prec\u012bzu m\u016bsu hidraulisko cilindru pieg\u0101di. Klienti var pa\u013cauties uz mums, ka nodro\u0161in\u0101sim \u0101tru un bezr\u016bp\u012bgu apkalpo\u0161anu, \u013caujot vi\u0146iem samazin\u0101t d\u012bkst\u0101ves laiku un palielin\u0101t produktivit\u0101ti.<\/li>\n<\/ol>\n<p>Izv\u0113lieties FMP k\u0101 savu uzticamo partneri vis\u0101m j\u016bsu hidraulisko cilindru vajadz\u012bb\u0101m. Ar m\u016bsu pla\u0161o augstas kvalit\u0101tes produktu kl\u0101stu, stingru kvalit\u0101tes kontroli, zino\u0161u p\u0101rdo\u0161anas komandu un efekt\u012bvu lo\u0123istiku m\u0113s esam ap\u0146\u0113mu\u0161ies pal\u012bdz\u0113t jums g\u016bt pan\u0101kumus j\u016bsu celtniec\u012bbas tehnikas projektos.<\/p>","protected":false},"excerpt":{"rendered":"<p>High Quality Hydraulic Piston Cylinder Adjustable Tractor Hydraulic Cylinder Product Introduction: The High Quality Hydraulic Piston Cylinder Adjustable Tractor Hydraulic Cylinder is a top-of-the-line product that provides superior hydraulic power for tractors and other heavy-duty equipment. Made from high-quality materials and precision-engineered for optimal performance, this hydraulic cylinder is sure to meet the demands of [&hellip;]<\/p>","protected":false},"featured_media":1336,"comment_status":"closed","ping_status":"closed","template":"","meta":{"_et_pb_use_builder":"","_et_pb_old_content":"","_et_gb_content_width":""},"product_brand":[],"product_cat":[39],"product_tag":[41,34],"class_list":{"0":"post-1365","1":"product","2":"type-product","3":"status-publish","4":"has-post-thumbnail","6":"product_cat-adjustable-clevis-type-cylinders","7":"product_tag-adjustable-clevis-type-cylinders","8":"product_tag-hydraulic-cylinder","10":"first","11":"instock","12":"product-type-simple"},"_links":{"self":[{"href":"https:\/\/fmp-components.com\/lv\/wp-json\/wp\/v2\/product\/1365","targetHints":{"allow":["GET"]}}],"collection":[{"href":"https:\/\/fmp-components.com\/lv\/wp-json\/wp\/v2\/product"}],"about":[{"href":"https:\/\/fmp-components.com\/lv\/wp-json\/wp\/v2\/types\/product"}],"replies":[{"embeddable":true,"href":"https:\/\/fmp-components.com\/lv\/wp-json\/wp\/v2\/comments?post=1365"}],"wp:featuredmedia":[{"embeddable":true,"href":"https:\/\/fmp-components.com\/lv\/wp-json\/wp\/v2\/media\/1336"}],"wp:attachment":[{"href":"https:\/\/fmp-components.com\/lv\/wp-json\/wp\/v2\/media?parent=1365"}],"wp:term":[{"taxonomy":"product_brand","embeddable":true,"href":"https:\/\/fmp-components.com\/lv\/wp-json\/wp\/v2\/product_brand?post=1365"},{"taxonomy":"product_cat","embeddable":true,"href":"https:\/\/fmp-components.com\/lv\/wp-json\/wp\/v2\/product_cat?post=1365"},{"taxonomy":"product_tag","embeddable":true,"href":"https:\/\/fmp-components.com\/lv\/wp-json\/wp\/v2\/product_tag?post=1365"}],"curies":[{"name":"wp","href":"https:\/\/api.w.org\/{rel}","templated":true}]}}