{"id":1364,"date":"2024-12-23T02:18:57","date_gmt":"2024-12-23T02:18:57","guid":{"rendered":"https:\/\/fmp-components.com\/product\/hot-sale-adjustable-hydraulic-cylinder-for-agriculture-trailer\/"},"modified":"2024-12-23T03:02:39","modified_gmt":"2024-12-23T03:02:39","slug":"hot-sale-adjustable-hydraulic-cylinder-for-agriculture-trailer","status":"publish","type":"product","link":"https:\/\/fmp-components.com\/lv\/product\/hot-sale-adjustable-hydraulic-cylinder-for-agriculture-trailer\/","title":{"rendered":"Karst\u0101 p\u0101rdo\u0161anas regul\u0113jams hidrauliskais cilindrs lauksaimniec\u012bbas piekabei"},"content":{"rendered":"<p>Karst\u0101s p\u0101rdo\u0161anas regul\u0113jamais hidrauliskais cilindrs lauksaimniec\u012bbas piekabei ir jaud\u012bgs un daudzpus\u012bgs produkts, kas paredz\u0113ts lauksaimnieku un citu lauksaimniec\u012bbas speci\u0101listu vajadz\u012bb\u0101m. \u0160is augstas kvalit\u0101tes hidrauliskais cilindrs ir regul\u0113jams, \u013caujot tam darboties ar da\u017e\u0101d\u0101m piekab\u0113m un darbar\u012bkiem. Pateicoties t\u0101 iztur\u012bgajai konstrukcijai un uzlabotaj\u0101m funkcij\u0101m, tas ir lieliski piem\u0113rots izmanto\u0161anai da\u017e\u0101dos pielietojumos, s\u0101kot no lauku ar\u0161anas l\u012bdz kult\u016braugu transport\u0113\u0161anai.<\/p>\n<p>Viena no \u0161\u012b produkta galvenaj\u0101m priek\u0161roc\u012bb\u0101m ir t\u0101 sp\u0113ja piel\u0101goties da\u017e\u0101diem piekabju izm\u0113riem un svariem. Tas padara to ide\u0101li piem\u0113rotu lauksaimniekiem, kuriem nepiecie\u0161ams cilindrs, kas sp\u0113j veikt da\u017e\u0101dus uzdevumus un pielietojumus. Turkl\u0101t karst\u0101 p\u0101rdo\u0161anas regul\u0113jamais hidrauliskais cilindrs lauksaimniec\u012bbas piekab\u0113m ir izstr\u0101d\u0101ts t\u0101, lai to b\u016btu viegli uzst\u0101d\u012bt un lietot, ar intuit\u012bv\u0101m vad\u012bbas ier\u012bc\u0113m un skaidr\u0101m instrukcij\u0101m, kas padara t\u0101 lieto\u0161anu vienk\u0101r\u0161u pat nepieredz\u0113ju\u0161iem lietot\u0101jiem.<\/p>\n<p><img loading=\"lazy\" decoding=\"async\" class=\"alignnone size-full wp-image-1334\" src=\"https:\/\/fmp-components.com\/wp-content\/uploads\/2024\/12\/Adjustable-Clevis-Type-Cylinders-4.webp\" alt=\"Regul\u0113jami skavu tipa cilindri\" width=\"800\" height=\"800\" title=\"\" srcset=\"https:\/\/fmp-components.com\/wp-content\/uploads\/2024\/12\/Adjustable-Clevis-Type-Cylinders-4.webp 800w, https:\/\/fmp-components.com\/wp-content\/uploads\/2024\/12\/Adjustable-Clevis-Type-Cylinders-4-480x480.webp 480w\" sizes=\"(min-width: 0px) and (max-width: 480px) 480px, (min-width: 481px) 800px, 100vw\" \/><\/p>\n<p>&nbsp;<\/p>\n<table style=\"width: 100%;\" border=\"1\" width=\"100%\" cellspacing=\"0\" cellpadding=\"0\">\n<tbody>\n<tr>\n<th>Produkta nosaukums<\/th>\n<td>Regul\u0113jams hidrauliskais cilindrs lauksaimniec\u012bbas piekab\u0113m<\/td>\n<\/tr>\n<tr>\n<th>P\u0101rdo\u0161anas statuss<\/th>\n<td>Karsta izp\u0101rdo\u0161ana<\/td>\n<\/tr>\n<tr>\n<th>Garantija<\/th>\n<td>1 gads<\/td>\n<\/tr>\n<tr>\n<th>Piem\u0113rojam\u0101s nozares<\/th>\n<td>Ma\u0161\u012bnu remonta darbn\u012bcas, Lauksaimniec\u012bbas saimniec\u012bbas, Ener\u0123\u0113tika un ieguves r\u016bpniec\u012bba, Ma\u0161\u012bnu ra\u017eo\u0161ana<\/td>\n<\/tr>\n<tr>\n<th>Jauda<\/th>\n<td>Hidraulisk\u0101<\/td>\n<\/tr>\n<tr>\n<th>Strukt\u016bra<\/th>\n<td>Standarta<\/td>\n<\/tr>\n<tr>\n<th>Korpusa materi\u0101ls<\/th>\n<td>Iztur\u012bgs t\u0113rauds<\/td>\n<\/tr>\n<tr>\n<th>Maksim\u0101l\u0101 vilce<\/th>\n<td>3000<\/td>\n<\/tr>\n<tr>\n<th>Tips<\/th>\n<td>Regul\u0113jams skavu tips<\/td>\n<\/tr>\n<tr>\n<th>Sertifik\u0101cija<\/th>\n<td>ISO9001:2000<\/td>\n<\/tr>\n<tr>\n<th>Urbuma izm\u0113rs<\/th>\n<td>2\u20136 collas<\/td>\n<\/tr>\n<tr>\n<th>Stie\u0146a izm\u0113rs<\/th>\n<td>1,125\u20134 collas<\/td>\n<\/tr>\n<tr>\n<th>Trieciena izm\u0113rs<\/th>\n<td>4\u2013100 collas<\/td>\n<\/tr>\n<tr>\n<th>Tapas izm\u0113rs<\/th>\n<td>0,5\u20132 collas<\/td>\n<\/tr>\n<tr>\n<th>Kr\u0101sa<\/th>\n<td>Melns<\/td>\n<\/tr>\n<tr>\n<th>Iepakojuma deta\u013cas<\/th>\n<td>Dzelzs korpuss, sapl\u0101k\u0161\u0146a korpuss vai kartona kaste<\/td>\n<\/tr>\n<\/tbody>\n<\/table>\n<h2>Regul\u0113jamu skavu tipa cilindru priek\u0161roc\u012bbas<\/h2>\n<p>Regul\u0113jami skavas tipa cilindri ir popul\u0101ra izv\u0113le hidraulisko cilindru nozar\u0113, pateicoties to daudzaj\u0101m priek\u0161roc\u012bb\u0101m veiktsp\u0113jas un daudzpus\u012bbas zi\u0146\u0101. \u0160eit ir da\u017eas galven\u0101s regul\u0113jamu skavas tipa cilindru izmanto\u0161anas priek\u0161roc\u012bbas:<\/p>\n<h3>1. Daudzpus\u012bba<\/h3>\n<p>Viena no regul\u0113jamu skavu tipa cilindru iev\u0113rojam\u0101kaj\u0101m priek\u0161roc\u012bb\u0101m ir to daudzpus\u012bba. \u0160os cilindrus var izmantot pla\u0161\u0101 pielietojumu kl\u0101st\u0101, tostarp lauksaimniec\u012bb\u0101, b\u016bvniec\u012bb\u0101, ieguves r\u016bpniec\u012bb\u0101 un ra\u017eo\u0161an\u0101. Tie ir piem\u0113roti lieljaudas lietojumiem, kuriem nepiecie\u0161ams augsts iztur\u012bbas, stipr\u012bbas un precizit\u0101tes l\u012bmenis.<\/p>\n<p>Lauksaimniec\u012bb\u0101 regul\u0113jami skavas tipa cilindri ir \u012bpa\u0161i noder\u012bgi piekab\u0113m, ko izmanto smagu kravu p\u0101rvad\u0101\u0161anai. Karst\u0101s p\u0101rdo\u0161anas regul\u0113jamais hidrauliskais cilindrs lauksaimniec\u012bbas piekab\u0113m ir lielisks piem\u0113rs tam, k\u0101 \u0161os cilindrus var izmantot, lai uzlabotu lauksaimniec\u012bbas tehnikas veiktsp\u0113ju.<\/p>\n<h3>2. Piel\u0101go\u0161ana<\/h3>\n<p>V\u0113l viena regul\u0113jamu skavu tipa cilindru priek\u0161roc\u012bba ir to piel\u0101go\u0161anas iesp\u0113jas. \u0160os cilindrus var piel\u0101got \u012bpa\u0161\u0101m pras\u012bb\u0101m attiec\u012bb\u0101 uz izm\u0113ru, spiedienu un g\u0101jiena garumu. Tas padara tos ide\u0101li piem\u0113rotus lietojumiem, kuros standarta cilindrs var neb\u016bt piem\u0113rots.<\/p>\n<h3>3. Augsta veiktsp\u0113ja<\/h3>\n<p>Regul\u0113jami skavu tipa cilindri ir izstr\u0101d\u0101ti, lai nodro\u0161in\u0101tu augstu veiktsp\u0113ju \u0101truma, precizit\u0101tes un jaudas zi\u0146\u0101. Tie sp\u0113j nodro\u0161in\u0101t past\u0101v\u012bgu un uzticamu veiktsp\u0113ju pat skarbos apst\u0101k\u013cos, padarot tos ide\u0101li piem\u0113rotus lieljaudas lietojumiem.<\/p>\n<h3>4. Iztur\u012bba<\/h3>\n<p>Regul\u0113jami skavu tipa cilindri ir rad\u012bti ilgam kalpo\u0161anas laikam. Tie ir izgatavoti no augstas kvalit\u0101tes materi\u0101liem un ir paredz\u0113ti, lai iztur\u0113tu ekstrem\u0101las temperat\u016bras, spiedienu un nodilumu. Pareizi apkopjot, \u0161ie cilindri var kalpot daudzus gadus, padarot tos par rentablu risin\u0101jumu.<\/p>\n<h3>5. Zema apkope<\/h3>\n<p>Regul\u0113jamiem skavu tipa cilindriem nepiecie\u0161ama minim\u0101la apkope, kas padara tos par pievilc\u012bgu iesp\u0113ju uz\u0146\u0113mumiem, kuri v\u0113las samazin\u0101t d\u012bkst\u0101ves laiku un ekspluat\u0101cijas izmaksas. Ar regul\u0101r\u0101m p\u0101rbaud\u0113m un pamata apkopi \u0161ie cilindri var darboties ar maksim\u0101lu veiktsp\u0113ju ilgsto\u0161i.<\/p>\n<p>Nosl\u0113gum\u0101 j\u0101secina, ka regul\u0113jamie skavas tipa cilindri pied\u0101v\u0101 daudzas priek\u0161roc\u012bbas veiktsp\u0113jas, daudzpus\u012bbas, piel\u0101go\u0161anas iesp\u0113ju, iztur\u012bbas un zemas apkopes zi\u0146\u0101. Izmantojot karst\u0101 p\u0101rdo\u0161anas regul\u0113jamo hidraulisko cilindru lauksaimniec\u012bbas piekab\u0113m, \u0161os cilindrus var izmantot, lai uzlabotu lauksaimniec\u012bbas tehnikas veiktsp\u0113ju un palielin\u0101tu produktivit\u0101ti lauksaimniec\u012bbas nozar\u0113.<img decoding=\"async\" src=\"https:\/\/fmp-components.com\/wp-content\/uploads\/2024\/12\/Adjustable-Clevis-Type-Cylinders5.webp\" alt=\"Regul\u0113jams skavu tipa cilindrs\" width=\"800\" title=\"\"><\/p>\n<h2>Regul\u0113jamu skavu tipa cilindru pielietojums<\/h2>\n<p>Regul\u0113jamiem skavu tipa cilindriem, piem\u0113ram, karsti p\u0101rdo\u0161an\u0101 eso\u0161ajiem regul\u0113jamajiem hidrauliskajiem cilindriem lauksaimniec\u012bbas piekab\u0113m, ir pla\u0161s pielietojumu kl\u0101sts da\u017e\u0101d\u0101s nozar\u0113s. \u0160ie daudzpus\u012bgie cilindri pied\u0101v\u0101 unik\u0101las \u012bpa\u0161\u012bbas un priek\u0161roc\u012bbas, kas padara tos par b\u016btisku sast\u0101vda\u013cu daudz\u0101s hidrauliskaj\u0101s sist\u0113m\u0101s.<\/p>\n<h3>1. Prec\u012bza kontrole<\/h3>\n<p>Viena no regul\u0113jamu skavu tipa cilindru galvenaj\u0101m priek\u0161roc\u012bb\u0101m ir to sp\u0113ja nodro\u0161in\u0101t prec\u012bzu kravu kust\u012bbas un pozicion\u0113\u0161anas kontroli. Tas ir \u013coti svar\u012bgi lietojumos, kur nepiecie\u0161amas prec\u012bzas kust\u012bbas, piem\u0113ram, lauksaimniec\u012bbas piekab\u0113s. Regul\u0113jamais dizains \u013cauj lietot\u0101jiem prec\u012bzi noregul\u0113t cilindra g\u0101jiena garumu, nodro\u0161inot liel\u0101ku kontroli un precizit\u0101ti.<\/p>\n<h3>2. Uzlabota elast\u012bba<\/h3>\n<p>Regul\u0113jamie skavu tipa cilindri ir konstru\u0113ti t\u0101, lai tos var\u0113tu viegli regul\u0113t, padarot tos \u013coti elast\u012bgus un piel\u0101gojamus da\u017e\u0101diem darba apst\u0101k\u013ciem. \u0160\u012b elast\u012bba \u013cauj \u0101tri un vienk\u0101r\u0161i main\u012bt cilindra garumu, nodro\u0161inot rentablu risin\u0101jumu da\u017e\u0101diem pielietojumiem. Neatkar\u012bgi no t\u0101, vai ir nepiecie\u0161ams piel\u0101goties da\u017e\u0101diem slodzes izm\u0113riem vai main\u012bgaj\u0101m ekspluat\u0101cijas pras\u012bb\u0101m, \u0161ie cilindri pied\u0101v\u0101 nepiecie\u0161amo elast\u012bbu.<\/p>\n<h3>3. Paaugstin\u0101ta efektivit\u0101te<\/h3>\n<p>Izmantojot regul\u0113jamus skavu tipa cilindrus, lietot\u0101ji var optimiz\u0113t savu hidraulisko sist\u0113mu efektivit\u0101ti. Iesp\u0113ja regul\u0113t g\u0101jiena garumu nodro\u0161ina lab\u0101ku slodzes sadal\u012bjumu un uzlabotu kop\u0113jo sist\u0113mas veiktsp\u0113ju. \u0160\u012b paaugstin\u0101t\u0101 efektivit\u0101te samazina ener\u0123ijas pat\u0113ri\u0146u, samazina ekspluat\u0101cijas izmaksas un uzlabo produktivit\u0101ti da\u017e\u0101dos pielietojumos, tostarp lauksaimniec\u012bbas piekab\u0113s.<\/p>\n<h3>4. Iztur\u012bba un uzticam\u012bba<\/h3>\n<p>Regul\u0113jami skavu tipa cilindri ir izstr\u0101d\u0101ti, lai iztur\u0113tu sare\u017e\u0123\u012btus darba apst\u0101k\u013cus. Tie ir izgatavoti no augstas kvalit\u0101tes materi\u0101liem, kas pied\u0101v\u0101 izcilu iztur\u012bbu un uzticam\u012bbu, nodro\u0161inot to ilgm\u016b\u017e\u012bbu pat skarbos apst\u0101k\u013cos. Tas padara tos ide\u0101li piem\u0113rotus lieljaudas lietojumiem, tostarp lauksaimniec\u012bbas piekab\u0113m, kas tiek pak\u013cautas past\u0101v\u012bgai lieto\u0161anai un sare\u017e\u0123\u012btiem apst\u0101k\u013ciem.<\/p>\n<h3>5. Dro\u0161\u012bbas funkcijas<\/h3>\n<p>Dro\u0161\u012bba ir \u0101rk\u0101rt\u012bgi svar\u012bga jebkur\u0101 hidrauliskaj\u0101 sist\u0113m\u0101. Regul\u0113jami skavu tipa cilindri ir apr\u012bkoti ar da\u017e\u0101d\u0101m dro\u0161\u012bbas funkcij\u0101m, lai nodro\u0161in\u0101tu gan apr\u012bkojuma, gan person\u0101la aizsardz\u012bbu. \u0160iem cilindriem bie\u017ei ir t\u0101das funkcijas k\u0101 ieb\u016bv\u0113ti spiediena samazin\u0101\u0161anas v\u0101rsti, kas nov\u0113r\u0161 p\u0101rslodzi un iesp\u0113jamus sist\u0113mas boj\u0101jumus. Turkl\u0101t tos var apr\u012bkot ar blo\u0137\u0113\u0161anas meh\u0101nismiem, lai nostiprin\u0101tu cilindru noteikt\u0101 poz\u012bcij\u0101, v\u0113l vair\u0101k uzlabojot dro\u0161\u012bbu.<\/p>\n<p>Nosl\u0113gum\u0101 j\u0101secina, ka regul\u0113jamu skavu tipa cilindru, piem\u0113ram, lauksaimniec\u012bbas piekab\u0113m paredz\u0113to regul\u0113jamo hidraulisko cilindru, izmanto\u0161ana sniedz daudzas priek\u0161roc\u012bbas prec\u012bzas vad\u012bbas, elast\u012bbas, efektivit\u0101tes, iztur\u012bbas un dro\u0161\u012bbas zi\u0146\u0101. \u0160ie cilindri ir b\u016btisks risin\u0101jums da\u017e\u0101d\u0101m nozar\u0113m, tostarp lauksaimniec\u012bbai, kur prec\u012bza kust\u012bbas kontrole un piel\u0101gojam\u012bba ir \u013coti svar\u012bga. \u0160o cilindru iek\u013cau\u0161ana hidrauliskaj\u0101s sist\u0113m\u0101s var uzlabot veiktsp\u0113ju, samazin\u0101t izmaksas un kop\u0113jo produktivit\u0101ti.<\/p>\n<p><img decoding=\"async\" src=\"https:\/\/fmp-components.com\/wp-content\/uploads\/2024\/12\/Application-of-Adjustable-Clevis-Type-Cylinders.webp\" alt=\"Regul\u0113jams skavu tipa cilindrs\" width=\"800\" title=\"\"><\/p>\n<h3>Par FMP<\/h3>\n<p>FMP ir uz\u0146\u0113mums, kas specializ\u0113jas hidraulisko cilindru ra\u017eo\u0161an\u0101 un p\u0101rdo\u0161an\u0101. K\u0101 l\u012bderis b\u016bvniec\u012bbas tehnikas nozar\u0113, m\u0113s esam ap\u0146\u0113mu\u0161ies nodro\u0161in\u0101t m\u016bsu klientiem augstas kvalit\u0101tes un uzticamus hidraulisko cilindru risin\u0101jumus.<\/p>\n<p><img decoding=\"async\" src=\"https:\/\/fmp-components.com\/wp-content\/uploads\/2024\/12\/Adjustable-Clevis-Type-Cylinders-6.webp\" alt=\"Regul\u0113jams skavu tipa cilindrs\" width=\"826\" title=\"\"><\/p>\n<p>\u0160eit ir piecas m\u016bsu hidraulisko cilindru galven\u0101s priek\u0161roc\u012bbas:<\/p>\n<ol>\n<li>Iztur\u012bgi un robusti: M\u016bsu hidrauliskie cilindri ir izstr\u0101d\u0101ti, lai iztur\u0113tu lielas slodzes un skarbus darba apst\u0101k\u013cus. Tie ir izgatavoti no augstas kvalit\u0101tes materi\u0101liem un paredz\u0113ti ilgsto\u0161ai darb\u012bbai.<\/li>\n<li>Precizit\u0101te un efektivit\u0101te: M\u016bsu hidrauliskie cilindri ir konstru\u0113ti, \u0146emot v\u0113r\u0101 precizit\u0101ti un efektivit\u0101ti. Tie nodro\u0161ina vienm\u0113r\u012bgu un prec\u012bzu kust\u012bbu, \u013caujot optim\u0101li kontrol\u0113t un darboties.<\/li>\n<li>Pla\u0161s iesp\u0113ju kl\u0101sts: M\u0113s pied\u0101v\u0101jam pla\u0161u hidraulisko cilindru kl\u0101stu, lai apmierin\u0101tu da\u017e\u0101das pras\u012bbas. S\u0101kot ar regul\u0113jamiem skavu tipa cilindriem un beidzot ar divk\u0101r\u0161as darb\u012bbas teleskopiskajiem cilindriem, mums ir piem\u0113rots risin\u0101jums da\u017e\u0101diem pielietojumiem.<\/li>\n<li>Stingri kvalit\u0101tes standarti: FMP m\u0113s esam izveidoju\u0161i ilgtermi\u0146a partnerattiec\u012bbas ar cien\u012bjamiem pieg\u0101d\u0101t\u0101jiem, lai nodro\u0161in\u0101tu, ka visi m\u016bsu hidrauliskie cilindri atbilst stingriem kvalit\u0101tes standartiem. M\u016bsu ap\u0146em\u0161an\u0101s nodro\u0161in\u0101t kvalit\u0101ti garant\u0113 m\u016bsu produktu uzticam\u012bbu un veiktsp\u0113ju.<\/li>\n<li>Ekspertu konsult\u0101cijas un atbalsts: M\u016bsu pieredz\u0113ju\u0161\u0101 p\u0101rdo\u0161anas komanda ir labi p\u0101rzina celtniec\u012bbas tehnikas nozari. Vi\u0146iem ir padzi\u013cin\u0101tas zin\u0101\u0161anas par hidrauliskajiem cilindriem, un vi\u0146i var sniegt profesion\u0101las konsult\u0101cijas, lai pal\u012bdz\u0113tu jums izv\u0113l\u0113ties pareizo produktu atbilsto\u0161i j\u016bsu \u012bpa\u0161aj\u0101m vajadz\u012bb\u0101m.<\/li>\n<\/ol>\n<p>Izv\u0113loties FMP, j\u016bs varat pa\u013cauties, ka sa\u0146emat augst\u0101k\u0101 l\u012bme\u0146a hidrauliskos cilindrus, kas nodro\u0161ina izcilu veiktsp\u0113ju un uzticam\u012bbu. Sazinieties ar mums jau \u0161odien, lai p\u0101rrun\u0101tu savas hidraulisko cilindru pras\u012bbas, un \u013caujiet mums k\u013c\u016bt par j\u016bsu uzticamo partneri b\u016bvniec\u012bbas tehnikas nozar\u0113.<\/p>\n<h2>Bie\u017ei uzdotie jaut\u0101jumi<\/h2>\n<p><strong>J: K\u0101dus hidraulisko cilindru veidus pied\u0101v\u0101 FMP?<\/strong><br \/>\nA: FMP pied\u0101v\u0101 da\u017e\u0101du veidu hidrauliskos cilindrus, tostarp stie\u0146u, metin\u0101tos, teleskopiskos, vienk\u0101r\u0161\u0101s un divk\u0101r\u0161\u0101s darb\u012bbas cilindrus.<\/p>\n<p><img decoding=\"async\" src=\"https:\/\/img.jiansujichilun.com\/img\/hydrauliccylinders\/C_hydrauliccylinders-1.webp\" alt=\"hidrauliskais cilindrs\" width=\"800\" title=\"\"><\/p>\n<p><strong>J: Vai hidrauliskos cilindrus var piel\u0101got atbilsto\u0161i \u012bpa\u0161\u0101m pras\u012bb\u0101m?<\/strong><br \/>\nA: J\u0101, FMP pied\u0101v\u0101 piel\u0101go\u0161anas iesp\u0113jas, \u013caujot klientiem ieg\u016bt cilindrus, kas piel\u0101goti vi\u0146u \u012bpa\u0161aj\u0101m vajadz\u012bb\u0101m.<\/p>\n<p><strong>J: K\u0101da veida atbalstu FMP nodro\u0161ina uzst\u0101d\u012b\u0161anai un apkopei?<\/strong><br \/>\nA: FMP pied\u0101v\u0101 nor\u0101d\u012bjumus par uzst\u0101d\u012b\u0161anas proced\u016br\u0101m, apkopes padomus un lab\u0101ko praksi, lai nodro\u0161in\u0101tu cilindru ilgm\u016b\u017e\u012bbu un optim\u0101lu veiktsp\u0113ju.<\/p>\n<p>Autors: CX<\/p>","protected":false},"excerpt":{"rendered":"<p>Hot Sale Adjustable Hydraulic Cylinder for Agriculture Trailer is a powerful and versatile product designed to meet the needs of farmers and other agricultural professionals. This high-quality hydraulic cylinder is adjustable, allowing it to work with a range of different trailers and implements. With its durable construction and advanced features, it is perfect for use [&hellip;]<\/p>","protected":false},"featured_media":1340,"comment_status":"closed","ping_status":"closed","template":"","meta":{"_et_pb_use_builder":"","_et_pb_old_content":"","_et_gb_content_width":""},"product_brand":[],"product_cat":[39],"product_tag":[41,34],"class_list":{"0":"post-1364","1":"product","2":"type-product","3":"status-publish","4":"has-post-thumbnail","6":"product_cat-adjustable-clevis-type-cylinders","7":"product_tag-adjustable-clevis-type-cylinders","8":"product_tag-hydraulic-cylinder","10":"first","11":"instock","12":"product-type-simple"},"_links":{"self":[{"href":"https:\/\/fmp-components.com\/lv\/wp-json\/wp\/v2\/product\/1364","targetHints":{"allow":["GET"]}}],"collection":[{"href":"https:\/\/fmp-components.com\/lv\/wp-json\/wp\/v2\/product"}],"about":[{"href":"https:\/\/fmp-components.com\/lv\/wp-json\/wp\/v2\/types\/product"}],"replies":[{"embeddable":true,"href":"https:\/\/fmp-components.com\/lv\/wp-json\/wp\/v2\/comments?post=1364"}],"wp:featuredmedia":[{"embeddable":true,"href":"https:\/\/fmp-components.com\/lv\/wp-json\/wp\/v2\/media\/1340"}],"wp:attachment":[{"href":"https:\/\/fmp-components.com\/lv\/wp-json\/wp\/v2\/media?parent=1364"}],"wp:term":[{"taxonomy":"product_brand","embeddable":true,"href":"https:\/\/fmp-components.com\/lv\/wp-json\/wp\/v2\/product_brand?post=1364"},{"taxonomy":"product_cat","embeddable":true,"href":"https:\/\/fmp-components.com\/lv\/wp-json\/wp\/v2\/product_cat?post=1364"},{"taxonomy":"product_tag","embeddable":true,"href":"https:\/\/fmp-components.com\/lv\/wp-json\/wp\/v2\/product_tag?post=1364"}],"curies":[{"name":"wp","href":"https:\/\/api.w.org\/{rel}","templated":true}]}}