{"id":1362,"date":"2024-12-23T02:18:57","date_gmt":"2024-12-23T02:18:57","guid":{"rendered":"https:\/\/fmp-components.com\/product\/professional-adjustable-double-acting-welded-hydraulic-cylinder-for-sale\/"},"modified":"2024-12-23T03:02:13","modified_gmt":"2024-12-23T03:02:13","slug":"professional-adjustable-double-acting-welded-hydraulic-cylinder-for-sale","status":"publish","type":"product","link":"https:\/\/fmp-components.com\/lv\/product\/professional-adjustable-double-acting-welded-hydraulic-cylinder-for-sale\/","title":{"rendered":"Profesion\u0101ls regul\u0113jams divk\u0101r\u0161as darb\u012bbas metin\u0101ts hidrauliskais cilindrs p\u0101rdo\u0161anai"},"content":{"rendered":"<p>Iepaz\u012bstin\u0101m ar profesion\u0101lo regul\u0113jamo divk\u0101r\u0161\u0101s darb\u012bbas metin\u0101to hidraulisko cilindru, kas ir daudzpus\u012bgs un iztur\u012bgs risin\u0101jums vis\u0101m j\u016bsu lieljaudas hidrauliskaj\u0101m vajadz\u012bb\u0101m. \u0160is hidrauliskais cilindrs ir izgatavots no augstas kvalit\u0101tes materi\u0101liem un prec\u012bzas in\u017eenierijas, lai iztur\u0113tu pat vissmag\u0101kos darba apst\u0101k\u013cus.<\/p>\n<p>Ar regul\u0113jamu g\u0101jienu un amortiz\u0101ciju \u0161is divk\u0101r\u0161\u0101s darb\u012bbas cilindrs nodro\u0161ina prec\u012bzu vad\u012bbu un vienm\u0113r\u012bgu darb\u012bbu, garant\u0113jot maksim\u0101lu efektivit\u0101ti un produktivit\u0101ti. Neatkar\u012bgi no t\u0101, vai str\u0101d\u0101jat b\u016bvniec\u012bb\u0101, lauksaimniec\u012bb\u0101 vai jebkur\u0101 cit\u0101 nozar\u0113, kur\u0101 nepiecie\u0161ama jaud\u012bga hidraulisk\u0101 iek\u0101rta, \u0161is cilindrs ir lieliska izv\u0113le.<\/p>\n<p><img loading=\"lazy\" decoding=\"async\" class=\"alignnone size-full wp-image-1334\" src=\"https:\/\/fmp-components.com\/wp-content\/uploads\/2024\/12\/Adjustable-Clevis-Type-Cylinders-4.webp\" alt=\"Regul\u0113jami skavu tipa cilindri\" width=\"800\" height=\"800\" title=\"\" srcset=\"https:\/\/fmp-components.com\/wp-content\/uploads\/2024\/12\/Adjustable-Clevis-Type-Cylinders-4.webp 800w, https:\/\/fmp-components.com\/wp-content\/uploads\/2024\/12\/Adjustable-Clevis-Type-Cylinders-4-480x480.webp 480w\" sizes=\"(min-width: 0px) and (max-width: 480px) 480px, (min-width: 481px) 800px, 100vw\" \/><\/p>\n<p>Ar metin\u0101tu konstrukciju un da\u017e\u0101d\u0101m mont\u0101\u017eas iesp\u0113j\u0101m \u0161o hidraulisko cilindru ir viegli uzst\u0101d\u012bt un piel\u0101got j\u016bsu \u012bpa\u0161aj\u0101m vajadz\u012bb\u0101m. Un, pateicoties pieejamajam izm\u0113ru un specifik\u0101ciju kl\u0101stam, j\u016bs varat b\u016bt p\u0101rliecin\u0101ti, ka atrad\u012bsiet perfektu risin\u0101jumu jebkuram darbam.<\/p>\n<h2>Regul\u0113jamu skavu tipa cilindru priek\u0161roc\u012bbas<\/h2>\n<p>Regul\u0113jami skavu tipa cilindri ir hidraulisko cilindru veids, ko izmanto da\u017e\u0101dos r\u016bpnieciskos pielietojumos. Tiem ir daudz priek\u0161roc\u012bbu sal\u012bdzin\u0101jum\u0101 ar cita veida cilindriem, padarot tos par popul\u0101ru izv\u0113li daudz\u0101s nozar\u0113s. \u0160aj\u0101 rakst\u0101 m\u0113s detaliz\u0113ti apspried\u012bsim regul\u0113jamu skavu tipa cilindru priek\u0161roc\u012bbas.<\/p>\n<h3>1. Daudzpus\u012bba<\/h3>\n<p>Viena no regul\u0113jamu skavu tipa cilindru galvenaj\u0101m priek\u0161roc\u012bb\u0101m ir to daudzpus\u012bba. \u0160os cilindrus var izmantot pla\u0161\u0101 pielietojumu kl\u0101st\u0101, tostarp b\u016bvniec\u012bb\u0101, ra\u017eo\u0161an\u0101, lauksaimniec\u012bb\u0101 un citur. Tie ir pieejami da\u017e\u0101dos izm\u0113ros un konfigur\u0101cij\u0101s, kas \u013cauj tos ievietot gandr\u012bz jebkur\u0101 sist\u0113m\u0101. Turkl\u0101t tos var piel\u0101got \u012bpa\u0161\u0101m pras\u012bb\u0101m, padarot tos v\u0113l daudzpus\u012bg\u0101kus.<\/p>\n<p>Profesion\u0101ls regul\u0113jams divk\u0101r\u0161as darb\u012bbas metin\u0101ts hidrauliskais cilindrs p\u0101rdo\u0161anai ir viens no daudzpus\u012bg\u0101kajiem regul\u0113jamajiem skavu tipa cilindriem, kas pieejami tirg\u016b. Tas ir paredz\u0113ts, lai nodro\u0161in\u0101tu uzticamu un efekt\u012bvu veiktsp\u0113ju da\u017e\u0101dos ekspluat\u0101cijas apst\u0101k\u013cos.<\/p>\n<h3>2. Iztur\u012bba<\/h3>\n<p>V\u0113l viena regul\u0113jamu skavu tipa cilindru priek\u0161roc\u012bba ir to iztur\u012bba. \u0160ie cilindri ir izstr\u0101d\u0101ti, lai iztur\u0113tu lielu spriegumu un lielas slodzes, padarot tos ide\u0101li piem\u0113rotus sare\u017e\u0123\u012btiem r\u016bpnieciskiem lietojumiem. Tie ir izgatavoti no augstas kvalit\u0101tes materi\u0101liem, kas ir iztur\u012bgi pret nodilumu, nodro\u0161inot to ilgu kalpo\u0161anas laiku bez bie\u017eas apkopes.<\/p>\n<p>Profesion\u0101ls regul\u0113jams divk\u0101r\u0161as darb\u012bbas metin\u0101ts hidrauliskais cilindrs p\u0101rdo\u0161anai ir izgatavots no augstas stipr\u012bbas t\u0113rauda, \u200b\u200bkas ir termiski apstr\u0101d\u0101ts maksim\u0101lai iztur\u012bbai. Tas ir paredz\u0113ts ilgsto\u0161ai darb\u012bbai pat ekstrem\u0101los apst\u0101k\u013cos.<\/p>\n<h3>3. Precizit\u0101te<\/h3>\n<p>Regul\u0113jami skavu tipa cilindri ir paz\u012bstami ar\u012b ar savu precizit\u0101ti. \u0160ie cilindri ir paredz\u0113ti prec\u012bzas un vienm\u0113r\u012bgas kust\u012bbas nodro\u0161in\u0101\u0161anai, padarot tos ide\u0101li piem\u0113rotus lietojumiem, kuriem nepiecie\u0161ama prec\u012bza pozicion\u0113\u0161ana vai sp\u0113ka kontrole. Tie ir apr\u012bkoti ar modern\u0101m hidraulisk\u0101m vad\u012bbas sist\u0113m\u0101m, kas \u013cauj veikt prec\u012bzus piel\u0101gojumus, nodro\u0161inot, ka cilindrs darbojas tie\u0161i t\u0101, k\u0101 paredz\u0113ts.<\/p>\n<p>Profesion\u0101ls regul\u0113jams divk\u0101r\u0161as darb\u012bbas metin\u0101ts hidrauliskais cilindrs p\u0101rdo\u0161anai ir apr\u012bkots ar moderniem sensoriem un vad\u012bbas sist\u0113m\u0101m, kas \u013cauj prec\u012bzi kontrol\u0113t kust\u012bbu un sp\u0113ku. Tas padara to ide\u0101li piem\u0113rotu lietojumiem, kuriem nepiecie\u0161ama augsta precizit\u0101te.<\/p>\n<h3>4. Efektivit\u0101te<\/h3>\n<p>Visbeidzot, regul\u0113jamie skavu tipa cilindri ir paz\u012bstami ar savu efektivit\u0101ti. \u0160ie cilindri ir izstr\u0101d\u0101ti, lai nodro\u0161in\u0101tu maksim\u0101lu sp\u0113ku ar minim\u0101lu ener\u0123ijas pat\u0113ri\u0146u, padarot tos ide\u0101li piem\u0113rotus lietojumiem, kuriem nepiecie\u0161ama augsta efektivit\u0101te. Tie ir apr\u012bkoti ar modern\u0101m hidraulisk\u0101m sist\u0113m\u0101m, kas \u013cauj efekt\u012bvi p\u0101rveidot ener\u0123iju, nodro\u0161inot cilindra maksim\u0101lu efektivit\u0101ti.<\/p>\n<p>Profesion\u0101ls regul\u0113jams divk\u0101r\u0161as darb\u012bbas metin\u0101ts hidrauliskais cilindrs p\u0101rdo\u0161anai ir izstr\u0101d\u0101ts, lai nodro\u0161in\u0101tu maksim\u0101lu efektivit\u0101ti, vienlaikus samazinot ener\u0123ijas pat\u0113ri\u0146u. Tas ir apr\u012bkots ar modern\u0101m hidrauliskaj\u0101m sist\u0113m\u0101m, kas nodro\u0161ina efekt\u012bvu ener\u0123ijas p\u0101rveido\u0161anu, padarot to ide\u0101li piem\u0113rotu lietojumiem, kuriem nepiecie\u0161ama augsta efektivit\u0101te.<\/p>\n<p>Regul\u0113jami skavu tipa cilindri ir daudzpus\u012bgs, iztur\u012bgs, prec\u012bzs un efekt\u012bvs hidraulisko cilindru veids. Tiem ir daudz priek\u0161roc\u012bbu sal\u012bdzin\u0101jum\u0101 ar cita veida cilindriem, padarot tos par popul\u0101ru izv\u0113li daudz\u0101s nozar\u0113s. Profesion\u0101ls regul\u0113jams divk\u0101r\u0161as darb\u012bbas metin\u0101ts hidrauliskais cilindrs p\u0101rdo\u0161an\u0101 ir viens no lab\u0101kajiem regul\u0113jamiem skavu tipa cilindriem, kas pieejami tirg\u016b, pied\u0101v\u0101jot uzticamu veiktsp\u0113ju un augstu efektivit\u0101ti da\u017e\u0101dos ekspluat\u0101cijas apst\u0101k\u013cos.<\/p>\n<p><img decoding=\"async\" src=\"https:\/\/fmp-components.com\/wp-content\/uploads\/2024\/12\/Adjustable-Clevis-Type-Cylinders5.webp\" alt=\"Regul\u0113jams skavu tipa cilindrs\" width=\"800\" title=\"\"><\/p>\n<h2>Regul\u0113jamu skavu tipa cilindru pielietojums<\/h2>\n<p>Hidraulisko sist\u0113mu pasaul\u0113 regul\u0113jamiem skavu tipa cilindriem ir iz\u0161\u0137iro\u0161a noz\u012bme da\u017e\u0101dos r\u016bpnieciskos pielietojumos. \u0160ie cilindri ir paz\u012bstami ar savu daudzpus\u012bbu un iztur\u012bbu, padarot tos par iecien\u012btu izv\u0113li profesion\u0101\u013cu vid\u016b. Pateicoties to unik\u0101lajam dizainam un funkcij\u0101m, tie pied\u0101v\u0101 daudzas priek\u0161roc\u012bbas un var tikt izmantoti pla\u0161\u0101 pielietojumu kl\u0101st\u0101.<\/p>\n<p>Viena no regul\u0113jamu skavu tipa cilindru galvenaj\u0101m priek\u0161roc\u012bb\u0101m ir to sp\u0113ja nodro\u0161in\u0101t prec\u012bzu un kontrol\u0113tu kust\u012bbu. \u0160ie cilindri ir apr\u012bkoti ar skavu stiprin\u0101jumu stie\u0146a gal\u0101, kas \u013cauj regul\u0113t mont\u0101\u017eas poz\u012bcijas. \u0160\u012b funkcija \u013cauj operatoriem prec\u012bzi noregul\u0113t cilindra g\u0101jiena garumu un optimiz\u0113t t\u0101 veiktsp\u0113ju atbilsto\u0161i konkr\u0113t\u0101m pras\u012bb\u0101m.<\/p>\n<p>\u0160ie cilindri tiek pla\u0161i izmantoti celtniec\u012bbas tehnikas jom\u0101. Piem\u0113ram, ekskavatoros regul\u0113jami skavu tipa cilindri tiek izmantoti, lai kontrol\u0113tu str\u0113les un kausa kust\u012bbu. Regul\u0113jam\u0101s mont\u0101\u017eas poz\u012bcijas \u013cauj operatoriem sasniegt v\u0113lamo sniedzam\u012bbu un rak\u0161anas dzi\u013cumu, uzlabojot ma\u0161\u012bnas efektivit\u0101ti un produktivit\u0101ti.<\/p>\n<p>V\u0113l viens iev\u0113r\u012bbas cien\u012bgs regul\u0113jamu skavu tipa cilindru pielietojums ir lauksaimniec\u012bbas tehnik\u0101. \u0160os cilindrus bie\u017ei izmanto traktoru hidrauliskaj\u0101s sist\u0113m\u0101s, pal\u012bdzot da\u017e\u0101du piekabju, piem\u0113ram, iekr\u0101v\u0113ju, ekskavatoru un arklu, darb\u012bb\u0101. Regul\u0113jam\u0101s mont\u0101\u017eas poz\u012bcijas \u013cauj lauksaimniekiem piel\u0101got apr\u012bkojumu da\u017e\u0101diem uzdevumiem un lauka apst\u0101k\u013ciem, k\u0101 rezult\u0101t\u0101 tiek uzlabota veiktsp\u0113ja un daudzpus\u012bba.<\/p>\n<p>Turkl\u0101t regul\u0113jami skavu tipa cilindri ir atradu\u0161i savu vietu ra\u017eo\u0161anas nozar\u0113. Tos izmanto automatiz\u0113t\u0101s ra\u017eo\u0161anas l\u012bnij\u0101s un ma\u0161\u012bn\u0101s, kur ir nepiecie\u0161ama prec\u012bza un kontrol\u0113ta kust\u012bba. \u0160iem cilindriem ir iz\u0161\u0137iro\u0161a noz\u012bme t\u0101d\u0101s lietojumprogramm\u0101s k\u0101 robotiz\u0113tas rokas, materi\u0101lu apstr\u0101des sist\u0113mas un mont\u0101\u017eas ma\u0161\u012bnas. Regul\u0113jam\u0101s mont\u0101\u017eas poz\u012bcijas nodro\u0161ina \u0113rtu integr\u0101ciju un piel\u0101go\u0161anu, nodro\u0161inot \u0161o r\u016bpniecisko procesu vienm\u0113r\u012bgu darb\u012bbu.<\/p>\n<p>Run\u0101jot par ieguves r\u016bpniec\u012bbu, regul\u0113jami skavu tipa cilindri tiek augstu v\u0113rt\u0113ti to iztur\u012bbas un uzticam\u012bbas d\u0113\u013c. Tos parasti izmanto ieguves apr\u012bkojum\u0101, piem\u0113ram, hidrauliskaj\u0101s ekskavatoros un iekr\u0101v\u0113jos, kur tie pal\u012bdz p\u0101rvietot smagas kravas un nodro\u0161ina stabilit\u0101ti sare\u017e\u0123\u012bt\u0101 reljef\u0101. Regul\u0113jam\u0101s mont\u0101\u017eas poz\u012bcijas \u013cauj optim\u0101li novietot cilindrus, nodro\u0161inot dro\u0161u un efekt\u012bvu darb\u012bbu pat skarbos ieguves apst\u0101k\u013cos.<\/p>\n<p>Nosl\u0113gum\u0101 j\u0101secina, ka regul\u0113jami skavas tipa cilindri pied\u0101v\u0101 pla\u0161u pielietojumu kl\u0101stu da\u017e\u0101d\u0101s nozar\u0113s. To sp\u0113ja nodro\u0161in\u0101t prec\u012bzu un kontrol\u0113tu kust\u012bbu apvienojum\u0101 ar regul\u0113jam\u0101m mont\u0101\u017eas poz\u012bcij\u0101m padara tos \u013coti daudzpus\u012bgus un piel\u0101gojamus. Neatkar\u012bgi no t\u0101, vai tas ir b\u016bvniec\u012bb\u0101, lauksaimniec\u012bb\u0101, ra\u017eo\u0161an\u0101 vai ieguves r\u016bpniec\u012bb\u0101, \u0161iem cilindriem ir b\u016btiska loma veiktsp\u0113jas, produktivit\u0101tes un dro\u0161\u012bbas uzlabo\u0161an\u0101. Profesion\u0101\u013ci, kas mekl\u0113 augstas kvalit\u0101tes regul\u0113jamus skavas tipa cilindrus, var izp\u0113t\u012bt pla\u0161u iesp\u0113ju kl\u0101stu, tostarp profesion\u0101lo regul\u0113jamo divk\u0101r\u0161\u0101s darb\u012bbas metin\u0101to hidraulisko cilindru, kas ir pieejams p\u0101rdo\u0161an\u0101, lai apmierin\u0101tu savas \u012bpa\u0161\u0101s pras\u012bbas.<\/p>\n<p><img decoding=\"async\" src=\"https:\/\/fmp-components.com\/wp-content\/uploads\/2024\/12\/Application-of-Adjustable-Clevis-Type-Cylinders.webp\" alt=\"Regul\u0113jams skavu tipa cilindrs\" width=\"800\" title=\"\"><\/p>\n<h3>Par FMP \u2013 profesion\u0101lu hidraulisko cilindru ra\u017eot\u0101ju un pieg\u0101d\u0101t\u0101ju<\/h3>\n<p>FMP ir uz\u0146\u0113mums, kas specializ\u0113jas augstas kvalit\u0101tes un uzticamu celtniec\u012bbas tehnikas deta\u013cu un komplekt\u0113tu iek\u0101rtu ra\u017eo\u0161an\u0101 un p\u0101rdo\u0161an\u0101. Mums ir daudzu gadu pieredze nozar\u0113 un profesion\u0101la komanda, kas nodro\u0161ina m\u016bsu klientiem lab\u0101kos produktus un pakalpojumus.<\/p>\n<p>M\u016bsu hidrauliskais cilindrs ir viens no m\u016bsu popul\u0101r\u0101kajiem produktiem, un tam ir labs iemesls. \u0160eit ir tikai da\u017ei iemesli, k\u0101p\u0113c jums vajadz\u0113tu izv\u0113l\u0113ties FMP k\u0101 savu hidraulisko cilindru pieg\u0101d\u0101t\u0101ju:<\/p>\n<p>1. Augstas kvalit\u0101tes materi\u0101li \u2013 M\u016bsu hidraulisko cilindru ra\u017eo\u0161an\u0101 m\u0113s izmantojam tikai augst\u0101k\u0101s kvalit\u0101tes materi\u0101lus. Tas nodro\u0161ina to iztur\u012bbu, uzticam\u012bbu un ilgm\u016b\u017e\u012bbu.<\/p>\n<p>2. Pla\u0161s iesp\u0113ju kl\u0101sts \u2014 m\u0113s pied\u0101v\u0101jam pla\u0161u hidraulisko cilindru kl\u0101stu, tostarp regul\u0113jamus skavu tipa cilindrus, divk\u0101r\u0161as darb\u012bbas hidrauliskos cilindrus un metin\u0101tus hidrauliskos cilindrus. Tas \u013cauj klientiem izv\u0113l\u0113ties cilindru, kas vislab\u0101k atbilst vi\u0146u vajadz\u012bb\u0101m.<\/p>\n<p>3. Piel\u0101go\u0161ana \u2014 m\u0113s saprotam, ka katram klientam ir unik\u0101las pras\u012bbas, t\u0101p\u0113c m\u0113s pied\u0101v\u0101jam piel\u0101gotus hidrauliskos cilindrus, lai apmierin\u0101tu \u012bpa\u0161as vajadz\u012bbas.<\/p>\n<p>4. Profesion\u0101la p\u0101rdo\u0161anas komanda \u2013 m\u016bsu pieredz\u0113ju\u0161\u0101 un prasm\u012bg\u0101 p\u0101rdo\u0161anas komanda vienm\u0113r ir gatava sniegt profesion\u0101las konsult\u0101cijas par produktiem un pied\u0101v\u0101t klientiem gudrus pirk\u0161anas ieteikumus.<\/p>\n<p>5. Efekt\u012bva lo\u0123istikas sadales sist\u0113ma \u2014 mums ir efekt\u012bva lo\u0123istikas sadales sist\u0113ma, kas nodro\u0161ina, ka klienti savlaic\u012bgi un prec\u012bzi sa\u0146em nepiecie\u0161amos hidrauliskos cilindrus.<\/p>\n<p><img decoding=\"async\" src=\"https:\/\/fmp-components.com\/wp-content\/uploads\/2024\/12\/Adjustable-Clevis-Type-Cylinders-6.webp\" alt=\"Regul\u0113jams skavu tipa cilindrs\" width=\"824\" title=\"\"><\/p>\n<p>Papildus \u0161\u012bm priek\u0161roc\u012bb\u0101m FMP ir ap\u0146\u0113mies veidot ilgtermi\u0146a un stabilas sadarb\u012bbas attiec\u012bbas ar augstas kvalit\u0101tes pieg\u0101d\u0101t\u0101jiem gan m\u0101j\u0101s, gan \u0101rzem\u0113s, lai nodro\u0161in\u0101tu, ka visas pieg\u0101d\u0101t\u0101s deta\u013cas atbilst stingriem kvalit\u0101tes standartiem. T\u0101p\u0113c m\u0113s garant\u0113jam, ka m\u016bsu hidrauliskie cilindri ir visaugst\u0101k\u0101s kvalit\u0101tes un atbild\u012bs j\u016bsu vajadz\u012bb\u0101m.<\/p>\n<p>Izv\u0113lieties FMP k\u0101 savu hidraulisko cilindru ra\u017eot\u0101ju un pieg\u0101d\u0101t\u0101ju. Sazinieties ar mums jau \u0161odien, lai uzzin\u0101tu vair\u0101k par m\u016bsu produktiem un pakalpojumiem.<\/p>\n<p><img decoding=\"async\" src=\"https:\/\/img.jiansujichilun.com\/img\/hydrauliccylinders\/T_hydrauliccylinders-5.webp\" alt=\"hidrauliskais cilindrs\" width=\"800\" title=\"\"><\/p>\n<h4>Bie\u017ei uzdotie jaut\u0101jumi<\/h4>\n<p><strong>J: K\u0101da ir hidraulisk\u0101 cilindra maksim\u0101l\u0101 vilces jauda?<\/strong><br \/>\nA: Cilindra maksim\u0101l\u0101 vilce ir 3000.<\/p>\n<p><strong>J: K\u0101das nozares var g\u016bt labumu no \u0161\u012b hidraulisk\u0101 cilindra izmanto\u0161anas?<\/strong><br \/>\nA: Hidrauliskais cilindrs ir ide\u0101li piem\u0113rots tehnikas remonta darbn\u012bc\u0101m, saimniec\u012bb\u0101m, lieto\u0161anai m\u0101j\u0101s, ener\u0123\u0113tikas un kalnr\u016bpniec\u012bbas nozar\u0113, ma\u0161\u012bnu ra\u017eo\u0161an\u0101 un ma\u0161\u012bnu r\u016bpn\u012bc\u0101s.<\/p>\n<p><strong>J: K\u0101ds ir hidraulisk\u0101 cilindra garantijas periods?<\/strong><br \/>\nA: Hidrauliskajam cilindram ir 1 gada garantija.<\/p>\n<p>Autors: CX<\/p>","protected":false},"excerpt":{"rendered":"<p>Introducing the Professional Adjustable Double Acting Welded Hydraulic Cylinder For Sale, a versatile and durable solution for all your heavy-duty hydraulic needs. Constructed with high-quality materials and precision engineering, this hydraulic cylinder is designed to withstand even the toughest working conditions. Featuring adjustable stroke and cushioning, this double-acting cylinder provides precise control and smooth operation, [&hellip;]<\/p>","protected":false},"featured_media":1336,"comment_status":"closed","ping_status":"closed","template":"","meta":{"_et_pb_use_builder":"","_et_pb_old_content":"","_et_gb_content_width":""},"product_brand":[],"product_cat":[39],"product_tag":[41,34],"class_list":{"0":"post-1362","1":"product","2":"type-product","3":"status-publish","4":"has-post-thumbnail","6":"product_cat-adjustable-clevis-type-cylinders","7":"product_tag-adjustable-clevis-type-cylinders","8":"product_tag-hydraulic-cylinder","10":"first","11":"instock","12":"product-type-simple"},"_links":{"self":[{"href":"https:\/\/fmp-components.com\/lv\/wp-json\/wp\/v2\/product\/1362","targetHints":{"allow":["GET"]}}],"collection":[{"href":"https:\/\/fmp-components.com\/lv\/wp-json\/wp\/v2\/product"}],"about":[{"href":"https:\/\/fmp-components.com\/lv\/wp-json\/wp\/v2\/types\/product"}],"replies":[{"embeddable":true,"href":"https:\/\/fmp-components.com\/lv\/wp-json\/wp\/v2\/comments?post=1362"}],"wp:featuredmedia":[{"embeddable":true,"href":"https:\/\/fmp-components.com\/lv\/wp-json\/wp\/v2\/media\/1336"}],"wp:attachment":[{"href":"https:\/\/fmp-components.com\/lv\/wp-json\/wp\/v2\/media?parent=1362"}],"wp:term":[{"taxonomy":"product_brand","embeddable":true,"href":"https:\/\/fmp-components.com\/lv\/wp-json\/wp\/v2\/product_brand?post=1362"},{"taxonomy":"product_cat","embeddable":true,"href":"https:\/\/fmp-components.com\/lv\/wp-json\/wp\/v2\/product_cat?post=1362"},{"taxonomy":"product_tag","embeddable":true,"href":"https:\/\/fmp-components.com\/lv\/wp-json\/wp\/v2\/product_tag?post=1362"}],"curies":[{"name":"wp","href":"https:\/\/api.w.org\/{rel}","templated":true}]}}