{"id":1361,"date":"2024-12-23T02:18:57","date_gmt":"2024-12-23T02:18:57","guid":{"rendered":"https:\/\/fmp-components.com\/product\/manufacturer-supplier-adjustable-double-acting-cylinder-hydraulic-cylinder\/"},"modified":"2024-12-23T08:54:44","modified_gmt":"2024-12-23T08:54:44","slug":"manufacturer-supplier-adjustable-double-acting-cylinder-hydraulic-cylinder","status":"publish","type":"product","link":"https:\/\/fmp-components.com\/lv\/product\/manufacturer-supplier-adjustable-double-acting-cylinder-hydraulic-cylinder\/","title":{"rendered":"Ra\u017eot\u0101js Pieg\u0101d\u0101t\u0101js Regul\u0113jams divk\u0101r\u0161as darb\u012bbas hidrauliskais cilindrs"},"content":{"rendered":"<h2>Ra\u017eot\u0101js Pieg\u0101d\u0101t\u0101js Regul\u0113jams divk\u0101r\u0161as darb\u012bbas hidrauliskais cilindrs<\/h2>\n<p>Ra\u017eot\u0101ja un pieg\u0101d\u0101t\u0101ja regul\u0113jamais divk\u0101r\u0161as darb\u012bbas cilindra hidrauliskais cilindrs ir augstas kvalit\u0101tes hidrauliskais cilindrs, kas paredz\u0113ts da\u017e\u0101diem r\u016bpnieciskiem lietojumiem. Pateicoties regul\u0113jamajai funkcijai, \u0161is cilindrs pied\u0101v\u0101 daudzpus\u012bbu un piel\u0101gojam\u012bbu, lai atbilstu da\u017e\u0101d\u0101m pras\u012bb\u0101m.<\/p>\n<p>Pateicoties divk\u0101r\u0161as darb\u012bbas konstrukcijai, \u0161is hidrauliskais cilindrs nodro\u0161ina prec\u012bzu un efekt\u012bvu darb\u012bbu abos virzienos. Tas garant\u0113 optim\u0101lu veiktsp\u0113ju un nemain\u012bgus rezult\u0101tus, padarot to piem\u0113rotu sare\u017e\u0123\u012btiem uzdevumiem.<\/p>\n<p>\u0160o cilindru ra\u017eo uzticams pieg\u0101d\u0101t\u0101js, un tas ir paredz\u0113ts, lai iztur\u0113tu intens\u012bvu lieto\u0161anu un skarbus darba apst\u0101k\u013cus. T\u0101 iztur\u012bg\u0101 konstrukcija un augstas kvalit\u0101tes materi\u0101li nodro\u0161ina ilgsto\u0161u uzticam\u012bbu un iztur\u012bbu.<\/p>\n<p>Pateicoties regul\u0113jamajai funkcijai, lietot\u0101ji var viegli piel\u0101got g\u0101jiena garumu un poz\u012bciju sav\u0101m \u012bpa\u0161aj\u0101m vajadz\u012bb\u0101m. \u0160\u012b elast\u012bba nodro\u0161ina uzlabotu kontroli un precizit\u0101ti da\u017e\u0101dos pielietojumos, padarot to par ide\u0101lu izv\u0113li t\u0101d\u0101m nozar\u0113m k\u0101 ra\u017eo\u0161ana, b\u016bvniec\u012bba un lauksaimniec\u012bba.<\/p>\n<p><img loading=\"lazy\" decoding=\"async\" class=\"alignnone size-full wp-image-1334\" src=\"https:\/\/fmp-components.com\/wp-content\/uploads\/2024\/12\/Adjustable-Clevis-Type-Cylinders-4.webp\" alt=\"Regul\u0113jami skavu tipa cilindri\" width=\"800\" height=\"800\" title=\"\" srcset=\"https:\/\/fmp-components.com\/wp-content\/uploads\/2024\/12\/Adjustable-Clevis-Type-Cylinders-4.webp 800w, https:\/\/fmp-components.com\/wp-content\/uploads\/2024\/12\/Adjustable-Clevis-Type-Cylinders-4-480x480.webp 480w\" sizes=\"(min-width: 0px) and (max-width: 480px) 480px, (min-width: 481px) 800px, 100vw\" \/><\/p>\n<p>Ra\u017eot\u0101ja un pieg\u0101d\u0101t\u0101ja regul\u0113jamais divk\u0101r\u0161\u0101s darb\u012bbas hidrauliskais cilindrs ir izstr\u0101d\u0101ts, lai nodro\u0161in\u0101tu izcilu veiktsp\u0113ju un uzticam\u012bbu. T\u0101 uzlabot\u0101 hidraulisk\u0101 sist\u0113ma nodro\u0161ina vienm\u0113r\u012bgu un efekt\u012bvu kust\u012bbu, nodro\u0161inot nevainojamu darb\u012bbu un uzlabotu produktivit\u0101ti.<\/p>\n<p>Nosl\u0113gum\u0101 j\u0101saka, ka ra\u017eot\u0101ja un pieg\u0101d\u0101t\u0101ja regul\u0113jamais divk\u0101r\u0161\u0101s darb\u012bbas cilindra hidrauliskais cilindrs ir daudzpus\u012bgs un uzticams hidrauliskais cilindrs, kas pied\u0101v\u0101 regul\u0113jamas funkcijas uzlabotai vad\u012bbai un precizit\u0101tei. Pateicoties iztur\u012bgajai konstrukcijai un augstas kvalit\u0101tes materi\u0101liem, \u0161is cilindrs ir paredz\u0113ts, lai iztur\u0113tu pras\u012bgus r\u016bpnieciskos pielietojumus. Izv\u0113lieties \u0161o cilindru, lai ieg\u016btu izcilu veiktsp\u0113ju un uzticamu darb\u012bbu sav\u0101s hidrauliskaj\u0101s sist\u0113m\u0101s.<\/p>\n<h2>Regul\u0113jamu skavu tipa cilindru priek\u0161roc\u012bbas<\/h2>\n<p>Regul\u0113jami skavu tipa cilindri, kas paz\u012bstami ar\u012b k\u0101 regul\u0113jami divk\u0101r\u0161as darb\u012bbas hidrauliskie cilindri, pied\u0101v\u0101 vair\u0101kas priek\u0161roc\u012bbas da\u017e\u0101dos pielietojumos. \u0160ie cilindri parasti tiek izmantoti t\u0101d\u0101s nozar\u0113s k\u0101 ra\u017eo\u0161ana, b\u016bvniec\u012bba un autob\u016bve. \u0160aj\u0101 emu\u0101ra ierakst\u0101 m\u0113s izp\u0113t\u012bsim regul\u0113jamu skavu tipa cilindru izmanto\u0161anas priek\u0161roc\u012bbas un to, k\u0101p\u0113c tos dod priek\u0161roku daudzi nozares profesion\u0101\u013ci.<\/p>\n<h3>1. Prec\u012bza regul\u0113jam\u012bba<\/h3>\n<p>Viena no regul\u0113jamu skavu tipa cilindru b\u016btiskaj\u0101m priek\u0161roc\u012bb\u0101m ir to prec\u012bz\u0101 regul\u0113jam\u012bba. \u0160ie cilindri \u013cauj prec\u012bzi noregul\u0113t g\u0101jiena garumu, kas ir \u013coti svar\u012bgi lietojumos, kur nepiecie\u0161ama prec\u012bza pozicion\u0113\u0161ana. Sp\u0113ja regul\u0113t g\u0101jiena garumu \u013cauj operatoriem optimiz\u0113t cilindra veiktsp\u0113ju un sasniegt v\u0113lamos rezult\u0101tus.<\/p>\n<h3>2. Uzlabota elast\u012bba<\/h3>\n<p>Regul\u0113jami skavu tipa cilindri pied\u0101v\u0101 uzlabotu elast\u012bbu sal\u012bdzin\u0101jum\u0101 ar standarta cilindriem. To konstrukcija \u013cauj viegli piestiprin\u0101t un atvienot mont\u0101\u017eas aparat\u016bru, padarot tos piem\u0113rotus da\u017e\u0101d\u0101m iek\u0101rtu konfigur\u0101cij\u0101m. Neatkar\u012bgi no t\u0101, vai t\u0101 ir sare\u017e\u0123\u012bta r\u016bpnieciska ma\u0161\u012bna vai vienk\u0101r\u0161a meh\u0101niska konstrukcija, regul\u0113jami skavu tipa cilindri var piel\u0101goties da\u017e\u0101d\u0101m mont\u0101\u017eas pras\u012bb\u0101m.<\/p>\n<h3>3. Uzlabota efektivit\u0101te<\/h3>\n<p>\u0160ie cilindri veicina uzlabotu hidraulisko sist\u0113mu efektivit\u0101ti. Prec\u012bzi piel\u0101gojot g\u0101jiena garumu, operatori var optimiz\u0113t cilindra sp\u0113ka izvadi un samazin\u0101t ener\u0123ijas zudumus. Tas uzlabo kop\u0113jo sist\u0113mas efektivit\u0101ti, samazina ekspluat\u0101cijas izmaksas un palielina produktivit\u0101ti.<\/p>\n<h3>4. Daudzpus\u012bba lietojumprogramm\u0101s<\/h3>\n<p>Pateicoties regul\u0113jamajai dabai, \u0161ie cilindri pied\u0101v\u0101 daudzpus\u012bbu pla\u0161\u0101 pielietojumu kl\u0101st\u0101. S\u0101kot ar lieljaudas cel\u0161anu un beidzot ar prec\u012bzu pozicion\u0113\u0161anu, regul\u0113jamie skavu tipa cilindri var tikt gal\u0101 ar da\u017e\u0101diem uzdevumiem. T\u0101das nozares k\u0101 materi\u0101lu apstr\u0101de, b\u016bvniec\u012bba un lauksaimniec\u012bba g\u016bst labumu no \u0161o cilindru nodro\u0161in\u0101t\u0101s piel\u0101gojam\u012bbas un daudzpus\u012bbas.<\/p>\n<h3>5. Uzticama veiktsp\u0113ja<\/h3>\n<p>Regul\u0113jamu skavu tipa cilindru ra\u017eot\u0101ji un pieg\u0101d\u0101t\u0101ji nodro\u0161ina augstas kvalit\u0101tes konstrukciju un uzticamu veiktsp\u0113ju. \u0160ie cilindri ir izstr\u0101d\u0101ti, lai iztur\u0113tu sare\u017e\u0123\u012btus ekspluat\u0101cijas apst\u0101k\u013cus un nodro\u0161in\u0101tu ilgsto\u0161u iztur\u012bbu. Ar pien\u0101c\u012bgu apkopi un kop\u0161anu regul\u0113jamie skavu tipa cilindri var nodro\u0161in\u0101t past\u0101v\u012bgu un uzticamu veiktsp\u0113ju ilgsto\u0161\u0101 laika period\u0101.<\/p>\n<p>Regul\u0113jami skavas tipa cilindri pied\u0101v\u0101 daudzas priek\u0161roc\u012bbas regul\u0113jam\u012bbas, elast\u012bbas, efektivit\u0101tes, daudzpus\u012bbas un veiktsp\u0113jas zi\u0146\u0101. To prec\u012bz\u0101 regul\u0113jam\u012bba, uzlabot\u0101 elast\u012bba un uzlabot\u0101 efektivit\u0101te padara tos par lielisku izv\u0113li profesion\u0101\u013ciem da\u017e\u0101d\u0101s nozar\u0113s. Neatkar\u012bgi no t\u0101, vai jums ir nepiecie\u0161ama prec\u012bza pozicion\u0113\u0161ana vai piel\u0101gojam\u012bba mont\u0101\u017e\u0101, regul\u0113jami skavas tipa cilindri pier\u0101da sevi k\u0101 uzticamus un efekt\u012bvus hidrauliskos komponentus.<\/p>\n<p>Ja mekl\u0113jat uzticamu regul\u0113jamu divk\u0101r\u0161as darb\u012bbas cilindru vai hidraulisko cilindru ra\u017eot\u0101ju un pieg\u0101d\u0101t\u0101ju, nevilcinieties sazin\u0101ties ar mums. M\u0113s pied\u0101v\u0101jam augstas kvalit\u0101tes cilindrus, kas atbilst nozares standartiem un pied\u0101v\u0101 izcilu veiktsp\u0113ju. Sazinieties ar mums jau \u0161odien, lai apspriestu savas \u012bpa\u0161\u0101s pras\u012bbas.<\/p>\n<p><img decoding=\"async\" src=\"https:\/\/fmp-components.com\/wp-content\/uploads\/2024\/12\/Adjustable-Clevis-Type-Cylinders5.webp\" alt=\"Regul\u0113jams skavu tipa cilindrs\" width=\"800\" title=\"\"><\/p>\n<h2>Regul\u0113jamu skavu tipa cilindru pielietojums<\/h2>\n<p>Regul\u0113jami skavu tipa cilindri ir daudzpus\u012bgi hidrauliskie cilindri, kas atrodami daudzos pielietojumos da\u017e\u0101d\u0101s nozar\u0113s. \u0160ie cilindri, ko ra\u017eo un pieg\u0101d\u0101 cien\u012bjami nozares uz\u0146\u0113mumi, pied\u0101v\u0101 izcilu veiktsp\u0113ju un uzticam\u012bbu. \u0160aj\u0101 rakst\u0101 m\u0113s izp\u0113t\u012bsim da\u017e\u0101dos regul\u0113jamo skavu tipa cilindru pielietojumus un detaliz\u0113ti apspried\u012bsim to priek\u0161roc\u012bbas.<\/p>\n<p>1. R\u016bpniecisk\u0101s iek\u0101rtas:<br \/>\nRegul\u0113jami skavu tipa cilindri tiek pla\u0161i izmantoti r\u016bpnieciskaj\u0101s iek\u0101rt\u0101s prec\u012bzai un kontrol\u0113tai kust\u012bbai. \u0160ie cilindri parasti tiek izmantoti konveijeru sist\u0113m\u0101s, materi\u0101lu apstr\u0101des iek\u0101rt\u0101s un robotikas lietojumprogramm\u0101s. Sp\u0113ja regul\u0113t cilindra g\u0101jiena garumu padara to ide\u0101li piem\u0113rotu da\u017e\u0101d\u0101m ekspluat\u0101cijas pras\u012bb\u0101m. Neatkar\u012bgi no t\u0101, vai tiek celtas smagas kravas vai nodro\u0161in\u0101ta prec\u012bza pozicion\u0113\u0161ana, \u0161ie cilindri pied\u0101v\u0101 optim\u0101lu veiktsp\u0113ju.<\/p>\n<p>2. B\u016bvniec\u012bbas apr\u012bkojums:<br \/>\nB\u016bvniec\u012bbas nozar\u0113 regul\u0113jamiem skavu tipa cilindriem ir iz\u0161\u0137iro\u0161a noz\u012bme da\u017e\u0101dos pielietojumos. S\u0101kot no ekskavatoriem un iekr\u0101v\u0113jiem l\u012bdz celt\u0146iem un buldozeriem, \u0161ie cilindri tiek izmantoti t\u0101diem uzdevumiem k\u0101 smagu priek\u0161metu cel\u0161ana, stum\u0161ana un vilk\u0161ana. Regul\u0113jam\u0101 funkcija \u013cauj operatoriem prec\u012bzi piel\u0101got cilindra garumu, lai piel\u0101gotos da\u017e\u0101diem b\u016bvniec\u012bbas scen\u0101rijiem un nodro\u0161in\u0101tu efekt\u012bvu darb\u012bbu.<\/p>\n<p>3. Lauksaimniec\u012bbas tehnika:<br \/>\nRegul\u0113jami skavu tipa cilindri tiek pla\u0161i izmantoti lauksaimniec\u012bbas tehnik\u0101 t\u0101diem uzdevumiem k\u0101 ar\u0161ana, augsnes apstr\u0101de un ra\u017eas nov\u0101k\u0161ana. \u0160ie cilindri nodro\u0161ina nepiecie\u0161amo sp\u0113ku, lai \u0161\u012bs darb\u012bbas veiktu efekt\u012bvi. Ar iesp\u0113ju piel\u0101got cilindra g\u0101jienu lauksaimnieki var optimiz\u0113t savu apr\u012bkojumu da\u017e\u0101diem augsnes apst\u0101k\u013ciem un kult\u016braugu veidiem, k\u0101 rezult\u0101t\u0101 uzlabojas produktivit\u0101te un samazin\u0101s d\u012bkst\u0101ves laiks.<\/p>\n<p>4. Automobi\u013cu r\u016bpniec\u012bba:<br \/>\nAutomobi\u013cu r\u016bpniec\u012bb\u0101 regul\u0113jami skavu tipa cilindri tiek izmantoti da\u017e\u0101dos procesos, piem\u0113ram, mont\u0101\u017eas l\u012bnij\u0101s, transportl\u012bdzek\u013cu pacel\u0161anas sist\u0113m\u0101s un \u0161asijas izl\u012bdzin\u0101\u0161an\u0101. \u0160iem cilindriem ir iz\u0161\u0137iro\u0161a noz\u012bme prec\u012bzas un efekt\u012bvas kust\u012bbas nodro\u0161in\u0101\u0161an\u0101 ra\u017eo\u0161anas un apkopes laik\u0101. Regul\u0113jam\u012bbas funkcija \u013cauj automobi\u013cu ra\u017eot\u0101jiem piel\u0101goties da\u017e\u0101diem transportl\u012bdzek\u013cu mode\u013ciem un izm\u0113riem, uzlabojot elast\u012bbu un produktivit\u0101ti.<\/p>\n<p>5. Materi\u0101lu apstr\u0101de:<br \/>\nRegul\u0113jami skavu tipa cilindri tiek pla\u0161i izmantoti materi\u0101lu apstr\u0101des iek\u0101rt\u0101s, piem\u0113ram, iekr\u0101v\u0113jos, \u0161\u0137\u0113rveida pac\u0113l\u0101jos un pale\u0161u p\u0101rvad\u0101t\u0101jos. \u0160ie cilindri nodro\u0161ina nepiecie\u0161amo jaudu un vad\u012bbu smagu kravu cel\u0161anai, nolai\u0161anai un noliek\u0161anai. Regul\u0113jamais g\u0101jiena garums \u013cauj operatoriem piel\u0101goties da\u017e\u0101diem kravu izm\u0113riem un augstumiem, nodro\u0161inot dro\u0161as un efekt\u012bvas materi\u0101lu apstr\u0101des darb\u012bbas.<\/p>\n<p>Nosl\u0113gum\u0101 j\u0101secina, ka regul\u0113jamu skavu tipa cilindru pielietojums aptver da\u017e\u0101das nozares, tostarp r\u016bpniecisk\u0101s tehnikas, b\u016bvniec\u012bbas, lauksaimniec\u012bbas, autob\u016bves un materi\u0101lu apstr\u0101des nozari. Sp\u0113ja piel\u0101got cilindra g\u0101jiena garumu nodro\u0161ina elast\u012bbu un precizit\u0101ti da\u017e\u0101dos ekspluat\u0101cijas scen\u0101rijos. Regul\u0113jamu skavu tipa cilindru ra\u017eot\u0101jiem un pieg\u0101d\u0101t\u0101jiem ir iz\u0161\u0137iro\u0161a loma \u0161o nozaru da\u017e\u0101do vajadz\u012bbu apmierin\u0101\u0161an\u0101. Nodro\u0161inot uzticamus un augstas veiktsp\u0113jas hidrauliskos cilindrus, tie veicina to iek\u0101rtu un ma\u0161\u012bnu kop\u0113jo efektivit\u0101ti un produktivit\u0101ti, kur\u0101s tie tiek izmantoti.<img decoding=\"async\" src=\"https:\/\/fmp-components.com\/wp-content\/uploads\/2024\/12\/Application-of-Adjustable-Clevis-Type-Cylinders.webp\" alt=\"Regul\u0113jams skavu tipa cilindrs\" width=\"800\" title=\"\"><\/p>\n<h3>Par FMP hidraulisko cilindru<\/h3>\n<p>FMP ir vado\u0161ais uz\u0146\u0113mums It\u0101lij\u0101, kas specializ\u0113jas celtniec\u012bbas tehnikas deta\u013cu un pilnu iek\u0101rtu p\u0101rdo\u0161an\u0101 un apkalpo\u0161an\u0101. M\u016bsu hidrauliskais cilindrs ir viens no m\u016bsu vislab\u0101k p\u0101rdotajiem produktiem, un m\u0113s lepojamies ar t\u0101 izcilo kvalit\u0101ti un funkcionalit\u0101ti. \u0160eit ir pieci iemesli, k\u0101p\u0113c jums vajadz\u0113tu izv\u0113l\u0113ties FMP hidraulisko cilindru:<\/p>\n<ol>\n<li><strong>Augst\u0101k\u0101s kvalit\u0101tes:<\/strong> FMP hidrauliskais cilindrs ir izgatavots no augstas kvalit\u0101tes materi\u0101liem, kas garant\u0113 iztur\u012bbu un uzticam\u012bbu. M\u0113s ieg\u016bstam materi\u0101lus no uzticamiem pieg\u0101d\u0101t\u0101jiem, kas atbilst m\u016bsu stingrajiem kvalit\u0101tes standartiem, nodro\u0161inot m\u016bsu produktu visaugst\u0101ko kvalit\u0101ti.<\/li>\n<li><strong>Da\u017e\u0101das specifik\u0101cijas:<\/strong> M\u016bsu hidrauliskie cilindri ir pieejami da\u017e\u0101dos izm\u0113ros un specifik\u0101cij\u0101s, lai atbilstu j\u016bsu \u012bpa\u0161aj\u0101m vajadz\u012bb\u0101m. M\u0113s pied\u0101v\u0101jam pla\u0161u produktu kl\u0101stu, tostarp regul\u0113jamus skavu tipa cilindrus, \u0161\u0137\u0113rsstie\u0146us un metin\u0101tus hidrauliskos cilindrus.<\/li>\n<li><strong>Profesion\u0101la konsult\u0101cija:<\/strong> M\u016bsu pieredz\u0113ju\u0161\u0101 p\u0101rdo\u0161anas komanda p\u0101rzina celtniec\u012bbas tehnikas nozari un var sniegt jums profesion\u0101las konsult\u0101cijas par produktiem. M\u0113s varam pal\u012bdz\u0113t jums noteikt, kur\u0161 hidrauliskais cilindrs ir piem\u0113rots j\u016bsu projektam, nodro\u0161inot, ka j\u016bs pie\u0146emat p\u0101rdom\u0101tu l\u0113mumu.<\/li>\n<li><strong>Efekt\u012bva lo\u0123istika:<\/strong> M\u0113s saprotam, ka laiks ir \u013coti svar\u012bgs, t\u0101p\u0113c mums ir efekt\u012bva lo\u0123istikas izplat\u012b\u0161anas sist\u0113ma. M\u0113s nodro\u0161in\u0101m, ka j\u016bsu hidrauliskais cilindrs tiek pieg\u0101d\u0101ts jums savlaic\u012bgi un prec\u012bzi.<\/li>\n<li><strong>Lielisks klientu apkalpo\u0161anas serviss:<\/strong> FMP m\u0113s augstu v\u0113rt\u0113jam savus klientus un cen\u0161amies nodro\u0161in\u0101t izcilu klientu apkalpo\u0161anu. M\u0113s esam ap\u0146\u0113mu\u0161ies izpild\u012bt un p\u0101rsniegt j\u016bsu cer\u012bbas, un vienm\u0113r esam gatavi pal\u012bdz\u0113t ar visiem j\u016bsu jaut\u0101jumiem vai ba\u017e\u0101m.<\/li>\n<\/ol>\n<p>\u0160eit, FMP, m\u0113s lepojamies ar to, ka saviem klientiem pied\u0101v\u0101jam augstas kvalit\u0101tes un uzticamus hidraulisko cilindru risin\u0101jumus. M\u016bsu produktus un pakalpojumus nodro\u0161ina daudzu gadu pieredze nozar\u0113 un profesion\u0101la komanda. Izv\u0113lieties FMP hidraulisko cilindru savam n\u0101kamajam projektam un izbaudiet at\u0161\u0137ir\u012bbu.<\/p>\n<p><img decoding=\"async\" src=\"https:\/\/fmp-components.com\/wp-content\/uploads\/2024\/12\/Adjustable-Clevis-Type-Cylinders-6.webp\" alt=\"Regul\u0113jams skavu tipa cilindrs\" width=\"823\" title=\"\"><\/p>\n<p><img decoding=\"async\" src=\"https:\/\/img.jiansujichilun.com\/img\/hydrauliccylinders\/T_hydrauliccylinders-3.webp\" alt=\"hidrauliskais cilindrs\" width=\"800\" title=\"\"><\/p>\n<h2>Bie\u017ei uzdotie jaut\u0101jumi par FMP regul\u0113jamo divk\u0101r\u0161\u0101s darb\u012bbas hidraulisko cilindru<\/h2>\n<p><strong>J: K\u0101dus hidraulisko cilindru veidus pied\u0101v\u0101 FMP?<\/strong><br \/>\nA: FMP pied\u0101v\u0101 da\u017e\u0101dus hidrauliskos cilindrus, tostarp stie\u0146u, metin\u0101tos, teleskopiskos, vienas vai divu darb\u012bbu cilindrus.<\/p>\n<p><strong>J: Vai es varu piel\u0101got hidraulisko cilindru sav\u0101m \u012bpa\u0161aj\u0101m pras\u012bb\u0101m?<\/strong><br \/>\nA: J\u0101, FMP pied\u0101v\u0101 piel\u0101go\u0161anas iesp\u0113jas saviem hidrauliskajiem cilindriem. J\u016bs varat ieg\u016bt cilindru, kas piel\u0101gots j\u016bsu \u012bpa\u0161aj\u0101m vajadz\u012bb\u0101m.<\/p>\n<p><strong>J: K\u0101 saglab\u0101t mana hidraulisk\u0101 cilindra ilgm\u016b\u017e\u012bbu un optim\u0101lu veiktsp\u0113ju?<\/strong><br \/>\nA: FMP sniedz nor\u0101d\u012bjumus par uzst\u0101d\u012b\u0161anas proced\u016br\u0101m, apkopes padomiem un lab\u0101ko praksi, lai nodro\u0161in\u0101tu savu cilindru ilgm\u016b\u017e\u012bbu un optim\u0101lu veiktsp\u0113ju.<\/p>\n<p>Autors: CX<\/p>","protected":false},"excerpt":{"rendered":"<p>Manufacturer Supplier Adjustable Double Acting Cylinder Hydraulic Cylinder The Manufacturer Supplier Adjustable Double Acting Cylinder Hydraulic Cylinder is a high-quality hydraulic cylinder designed for various industrial applications. With its adjustable feature, this cylinder offers versatility and adaptability to meet different requirements. Featuring a double-acting design, this hydraulic cylinder provides precise and efficient operation in both [&hellip;]<\/p>","protected":false},"featured_media":1340,"comment_status":"closed","ping_status":"closed","template":"","meta":{"_et_pb_use_builder":"","_et_pb_old_content":"","_et_gb_content_width":""},"product_brand":[],"product_cat":[39],"product_tag":[41,34],"class_list":{"0":"post-1361","1":"product","2":"type-product","3":"status-publish","4":"has-post-thumbnail","6":"product_cat-adjustable-clevis-type-cylinders","7":"product_tag-adjustable-clevis-type-cylinders","8":"product_tag-hydraulic-cylinder","10":"first","11":"instock","12":"product-type-simple"},"_links":{"self":[{"href":"https:\/\/fmp-components.com\/lv\/wp-json\/wp\/v2\/product\/1361","targetHints":{"allow":["GET"]}}],"collection":[{"href":"https:\/\/fmp-components.com\/lv\/wp-json\/wp\/v2\/product"}],"about":[{"href":"https:\/\/fmp-components.com\/lv\/wp-json\/wp\/v2\/types\/product"}],"replies":[{"embeddable":true,"href":"https:\/\/fmp-components.com\/lv\/wp-json\/wp\/v2\/comments?post=1361"}],"wp:featuredmedia":[{"embeddable":true,"href":"https:\/\/fmp-components.com\/lv\/wp-json\/wp\/v2\/media\/1340"}],"wp:attachment":[{"href":"https:\/\/fmp-components.com\/lv\/wp-json\/wp\/v2\/media?parent=1361"}],"wp:term":[{"taxonomy":"product_brand","embeddable":true,"href":"https:\/\/fmp-components.com\/lv\/wp-json\/wp\/v2\/product_brand?post=1361"},{"taxonomy":"product_cat","embeddable":true,"href":"https:\/\/fmp-components.com\/lv\/wp-json\/wp\/v2\/product_cat?post=1361"},{"taxonomy":"product_tag","embeddable":true,"href":"https:\/\/fmp-components.com\/lv\/wp-json\/wp\/v2\/product_tag?post=1361"}],"curies":[{"name":"wp","href":"https:\/\/api.w.org\/{rel}","templated":true}]}}