{"id":1360,"date":"2024-12-23T02:18:57","date_gmt":"2024-12-23T02:18:57","guid":{"rendered":"https:\/\/fmp-components.com\/product\/customized-welded-double-acting-trailer-hydraulic-cylinder-for-agriculture\/"},"modified":"2024-12-23T03:02:26","modified_gmt":"2024-12-23T03:02:26","slug":"customized-welded-double-acting-trailer-hydraulic-cylinder-for-agriculture","status":"publish","type":"product","link":"https:\/\/fmp-components.com\/lv\/product\/customized-welded-double-acting-trailer-hydraulic-cylinder-for-agriculture\/","title":{"rendered":"Piel\u0101gots metin\u0101ts divk\u0101r\u0161as darb\u012bbas piekabes hidrauliskais cilindrs lauksaimniec\u012bbai"},"content":{"rendered":"<h2>Iepaz\u012bstin\u0101m ar piel\u0101gotu metin\u0101tu divk\u0101r\u0161as darb\u012bbas piekabes hidraulisko cilindru lauksaimniec\u012bbai:<\/h2>\n<p>Piel\u0101gots metin\u0101ts divk\u0101r\u0161as darb\u012bbas piekabes hidrauliskais cilindrs lauksaimniec\u012bbai ir augstas kvalit\u0101tes un uzticams produkts, kas \u012bpa\u0161i paredz\u0113ts izmanto\u0161anai lauksaimniec\u012bbas nozar\u0113. \u0160is hidrauliskais cilindrs ir izstr\u0101d\u0101ts, dom\u0101jot par precizit\u0101ti un iztur\u012bbu, padarot to ide\u0101li piem\u0113rotu da\u017e\u0101diem lauksaimniec\u012bbas lietojumiem.<\/p>\n<p>Ar metin\u0101tu konstrukciju \u0161is hidrauliskais cilindrs nodro\u0161ina izcilu iztur\u012bbu un stabilit\u0101ti, \u013caujot tam iztur\u0113t stingr\u0101s lauksaimniec\u012bbas darbu pras\u012bbas. Divk\u0101r\u0161\u0101s darb\u012bbas funkcionalit\u0101te nodro\u0161ina vienm\u0113r\u012bgu un efekt\u012bvu kust\u012bbu abos virzienos, uzlabojot produktivit\u0101ti un veiktsp\u0113ju.<\/p>\n<p>Pateicoties piel\u0101gotajam dizainam, \u0161o hidraulisko cilindru var piel\u0101got lauksaimniec\u012bbas tehnikas un apr\u012bkojuma \u012bpa\u0161aj\u0101m pras\u012bb\u0101m. Tas ir pieejams da\u017e\u0101dos izm\u0113ros un konfigur\u0101cij\u0101s, \u013caujot to neman\u0101mi integr\u0113t da\u017e\u0101d\u0101s lauksaimniec\u012bbas sist\u0113m\u0101s.<\/p>\n<p>Piel\u0101gotais metin\u0101tais divk\u0101r\u0161\u0101s darb\u012bbas piekabes hidrauliskais cilindrs lauksaimniec\u012bbai lepojas ar modernu hidraulisko tehnolo\u0123iju, kas nodro\u0161ina optim\u0101lu veiktsp\u0113ju un uzticam\u012bbu. Tas sp\u0113j nodro\u0161in\u0101t prec\u012bzas un kontrol\u0113tas kust\u012bbas, t\u0101d\u0113j\u0101di uzlabojot efektivit\u0101ti un lietder\u012bbu lauksaimniec\u012bbas darb\u012bb\u0101s.<\/p>\n<p><img loading=\"lazy\" decoding=\"async\" class=\"alignnone size-full wp-image-1334\" src=\"https:\/\/fmp-components.com\/wp-content\/uploads\/2024\/12\/Adjustable-Clevis-Type-Cylinders-4.webp\" alt=\"Regul\u0113jami skavu tipa cilindri\" width=\"800\" height=\"800\" title=\"\" srcset=\"https:\/\/fmp-components.com\/wp-content\/uploads\/2024\/12\/Adjustable-Clevis-Type-Cylinders-4.webp 800w, https:\/\/fmp-components.com\/wp-content\/uploads\/2024\/12\/Adjustable-Clevis-Type-Cylinders-4-480x480.webp 480w\" sizes=\"(min-width: 0px) and (max-width: 480px) 480px, (min-width: 481px) 800px, 100vw\" \/><\/p>\n<p>\u0160is hidrauliskais cilindrs ir izgatavots no augstas kvalit\u0101tes materi\u0101liem, kas garant\u0113 ilgm\u016b\u017e\u012bbu un iztur\u012bbu pret nodilumu. Tas ir izstr\u0101d\u0101ts, lai iztur\u0113tu skarbus ekspluat\u0101cijas apst\u0101k\u013cus, padarot to par uzticamu izv\u0113li lauksaimniec\u012bbas tehnikai un apr\u012bkojumam.<\/p>\n<p>Nosl\u0113gum\u0101 j\u0101saka, ka piel\u0101gotais metin\u0101tais divk\u0101r\u0161\u0101s darb\u012bbas piekabes hidrauliskais cilindrs lauksaimniec\u012bbai ir augst\u0101k\u0101s klases produkts, kas pied\u0101v\u0101 izcilu veiktsp\u0113ju un iztur\u012bbu lauksaimniec\u012bbas darbos. T\u0101 piel\u0101gotais dizains, modern\u0101 hidraulisk\u0101 tehnolo\u0123ija un augst\u0101k\u0101 kvalit\u0101te padara to par b\u016btisku sast\u0101vda\u013cu jebkur\u0101 lauksaimniec\u012bbas darb\u012bb\u0101, kas v\u0113las sasniegt optim\u0101lu efektivit\u0101ti un produktivit\u0101ti.<\/p>\n<table style=\"width: 100%;\" border=\"1\" width=\"100%\" cellspacing=\"0\" cellpadding=\"0\">\n<tbody>\n<tr>\n<th>Produkta nosaukums<\/th>\n<td>Piel\u0101goti metin\u0101ti divk\u0101r\u0161as darb\u012bbas piekabes hidrauliskie cilindri<\/td>\n<\/tr>\n<tr>\n<th>R\u016bpniec\u012bba<\/th>\n<td>Lauksaimniec\u012bba<\/td>\n<\/tr>\n<tr>\n<th>Materi\u0101ls<\/th>\n<td>Augstas kvalit\u0101tes t\u0113rauds<\/td>\n<\/tr>\n<tr>\n<th>Garantija<\/th>\n<td>1 gads (galven\u0101s sast\u0101vda\u013cas)<\/td>\n<\/tr>\n<tr>\n<th>Galven\u0101s sast\u0101vda\u013cas<\/th>\n<td>Gultnis, hidrauliskais cilindrs<\/td>\n<\/tr>\n<tr>\n<th>Tips<\/th>\n<td>Regul\u0113jams skavu tips<\/td>\n<\/tr>\n<tr>\n<th>Ostas<\/th>\n<td>G\/SAE\/NPT\/M<\/td>\n<\/tr>\n<tr>\n<th>Maksim\u0101l\u0101 vilk\u0161anas jauda<\/th>\n<td>20 tonnas<\/td>\n<\/tr>\n<tr>\n<th>Strukt\u016bra<\/th>\n<td>Standarta virzu\u013ccilindrs<\/td>\n<\/tr>\n<tr>\n<th>Urbuma izm\u0113rs<\/th>\n<td>2\u20136 collas<\/td>\n<\/tr>\n<tr>\n<th>Stie\u0146a izm\u0113rs<\/th>\n<td>1,125\u20134 collas<\/td>\n<\/tr>\n<tr>\n<th>Trieciena izm\u0113rs<\/th>\n<td>4\u2013100 collas<\/td>\n<\/tr>\n<tr>\n<th>Tapas izm\u0113rs<\/th>\n<td>0,5\u20132 collas<\/td>\n<\/tr>\n<\/tbody>\n<\/table>\n<h2>Regul\u0113jamu skavu tipa cilindru priek\u0161roc\u012bbas<\/h2>\n<ul>\n<li style=\"list-style-type: none;\">\n<ul>\n<li>Palielin\u0101ta elast\u012bba un piel\u0101go\u0161anas iesp\u0113jas<\/li>\n<\/ul>\n<\/li>\n<\/ul>\n<p>Piel\u0101go\u0161ana ir galvenais hidraulisko cilindru nozar\u0113, un regul\u0113jami skavu tipa cilindri \u0161aj\u0101 zi\u0146\u0101 pied\u0101v\u0101 unik\u0101lu priek\u0161roc\u012bbu. \u0160ie cilindri \u013cauj regul\u0113t cilindra galvas novietojumu, kas var b\u016bt \u012bpa\u0161i noder\u012bgi sare\u017e\u0123\u012bt\u0101s hidrauliskaj\u0101s sist\u0113m\u0101s, kur ir ierobe\u017eota vieta. Nodro\u0161inot liel\u0101ku elast\u012bbu, regul\u0113jami skavu tipa cilindri var nodro\u0161in\u0101t prec\u012bz\u0101ku un efekt\u012bv\u0101ku hidraulisko iek\u0101rtu darb\u012bbu.<\/p>\n<ul>\n<li style=\"list-style-type: none;\">\n<ul>\n<li>Samazin\u0101tas apkopes un remonta izmaksas<\/li>\n<\/ul>\n<\/li>\n<\/ul>\n<p>Viena no regul\u0113jamu skavu tipa cilindru iev\u0113rojam\u0101kaj\u0101m priek\u0161roc\u012bb\u0101m ir to iztur\u012bba. Regul\u0113jam\u0101 skavu konstrukcija pal\u012bdz nov\u0113rst cilindra stie\u0146a boj\u0101jumus un samazina virzu\u013ca slodzi, kas var palielin\u0101t cilindra kalpo\u0161anas laiku. \u0160\u012b iztur\u012bba ilgtermi\u0146\u0101 pal\u012bdz samazin\u0101t apkopes un remonta izmaksas, kas var b\u016bt \u012bpa\u0161i svar\u012bgi r\u016bpnieciskos apst\u0101k\u013cos, kur pla\u0161i tiek izmantotas hidraulisk\u0101s iek\u0101rtas.<\/p>\n<ul>\n<li style=\"list-style-type: none;\">\n<ul>\n<li>Uzlabota veiktsp\u0113ja un efektivit\u0101te<\/li>\n<\/ul>\n<\/li>\n<\/ul>\n<p>Regul\u0113jami skavu tipa cilindri var ar\u012b pal\u012bdz\u0113t uzlabot hidraulisko ma\u0161\u012bnu veiktsp\u0113ju un efektivit\u0101ti. Nodro\u0161inot prec\u012bz\u0101ku cilindra galvas pozicion\u0113\u0161anu, \u0161ie cilindri var pal\u012bdz\u0113t nov\u0113rst nopl\u016bdes un samazin\u0101t ener\u0123ijas zudumus. Turkl\u0101t regul\u0113jamo skavu konstrukcija var pal\u012bdz\u0113t samazin\u0101t cilindra un citu hidraulisko komponentu boj\u0101jumu risku, kas var v\u0113l vair\u0101k uzlabot ma\u0161\u012bnu efektivit\u0101ti un veiktsp\u0113ju.<\/p>\n<ul>\n<li style=\"list-style-type: none;\">\n<ul>\n<li>Paaugstin\u0101ta dro\u0161\u012bba<\/li>\n<\/ul>\n<\/li>\n<\/ul>\n<p>V\u0113l viena regul\u0113jamu skavu tipa cilindru priek\u0161roc\u012bba ir to dro\u0161\u012bbas funkcijas. Regul\u0113jam\u0101 skavu konstrukcija pal\u012bdz nov\u0113rst cilindra stie\u0146a boj\u0101jumus, kas var samazin\u0101t negad\u012bjumu un traumu risku darba viet\u0101. Turkl\u0101t \u0161o cilindru iztur\u012bba un uzticam\u012bba var pal\u012bdz\u0113t nov\u0113rst negaid\u012btus boj\u0101jumus vai darb\u012bbas trauc\u0113jumus, kas var v\u0113l vair\u0101k uzlabot dro\u0161\u012bbu darba viet\u0101.<\/p>\n<ul>\n<li style=\"list-style-type: none;\">\n<ul>\n<li>Pla\u0161s pielietojumu kl\u0101sts<\/li>\n<\/ul>\n<\/li>\n<\/ul>\n<p>Regul\u0113jamus skavu tipa cilindrus var izmantot pla\u0161\u0101 hidraulisko ma\u0161\u012bnu pielietojumu kl\u0101st\u0101. S\u0101kot ar piel\u0101gotiem metin\u0101tiem divk\u0101r\u0161as darb\u012bbas piekabju hidrauliskajiem cilindriem lauksaimniec\u012bbai un beidzot ar r\u016bpnieciskaj\u0101m ma\u0161\u012bn\u0101m un celtniec\u012bbas apr\u012bkojumu, \u0161ie cilindri pied\u0101v\u0101 daudzpus\u012bgu risin\u0101jumu jebkurai hidrauliskajai sist\u0113mai, kurai nepiecie\u0161ama elast\u012bba, iztur\u012bba un precizit\u0101te.<\/p>\n<p>Nosl\u0113gum\u0101 j\u0101secina, ka regul\u0113jamie skavas tipa cilindri pied\u0101v\u0101 unik\u0101lu priek\u0161roc\u012bbu kl\u0101stu sal\u012bdzin\u0101jum\u0101 ar citiem hidrauliskajiem cilindriem. To elast\u012bba, iztur\u012bba, veiktsp\u0113ja, dro\u0161\u012bbas funkcijas un daudzpus\u012bba padara tos par ide\u0101lu risin\u0101jumu pla\u0161am hidraulisko ma\u0161\u012bnu pielietojumu kl\u0101stam. Neatkar\u012bgi no t\u0101, vai mekl\u0113jat piel\u0101gotus metin\u0101tus divk\u0101r\u0161as darb\u012bbas piekabju hidrauliskos cilindrus lauksaimniec\u012bbai vai jebkurai citai hidrauliskajai sist\u0113mai, regul\u0113jamie skavas tipa cilindri ir lieliska izv\u0113le hidraulisko ma\u0161\u012bnu optimiz\u0113\u0161anai.<img decoding=\"async\" src=\"https:\/\/fmp-components.com\/wp-content\/uploads\/2024\/12\/Adjustable-Clevis-Type-Cylinders5.webp\" alt=\"Regul\u0113jams skavu tipa cilindrs\" width=\"800\" title=\"\"><\/p>\n<h2>Regul\u0113jamu skavu tipa cilindru pielietojums<\/h2>\n<p>Regul\u0113jamiem skavu tipa cilindriem, piem\u0113ram, piel\u0101gotajiem metin\u0101tajiem divk\u0101r\u0161as darb\u012bbas piekabes hidrauliskajiem cilindriem lauksaimniec\u012bbai, ir pla\u0161s pielietojumu kl\u0101sts da\u017e\u0101d\u0101s nozar\u0113s. \u0160ie cilindri ir paz\u012bstami ar savu daudzpus\u012bbu un iztur\u012bbu, padarot tos par ide\u0101lu izv\u0113li daudziem da\u017e\u0101diem uzdevumiem. \u0160aj\u0101 rakst\u0101 m\u0113s izp\u0113t\u012bsim da\u017e\u0101dos regul\u0113jamo skavu tipa cilindru pielietojumus un detaliz\u0113ti apspried\u012bsim to priek\u0161roc\u012bbas.<\/p>\n<h3>1. Lauksaimniec\u012bbas tehnika<\/h3>\n<p>Viens no regul\u0113jamu skavu tipa cilindru galvenajiem pielietojumiem ir lauksaimniec\u012bbas tehnika. \u0160os cilindrus parasti izmanto lauksaimniec\u012bbas apr\u012bkojum\u0101, piem\u0113ram, traktoros, kombainos un arklos. Tiem ir iz\u0161\u0137iro\u0161a noz\u012bme da\u017e\u0101du deta\u013cu kust\u012bbas kontrol\u0113\u0161an\u0101, piem\u0113ram, darbar\u012bku pacel\u0161an\u0101 un nolai\u0161an\u0101 vai asme\u0146u le\u0146\u0137a regul\u0113\u0161an\u0101. Piel\u0101gotais metin\u0101tais divk\u0101r\u0161\u0101s darb\u012bbas piekabes hidrauliskais cilindrs lauksaimniec\u012bbai pied\u0101v\u0101 prec\u012bzu vad\u012bbu un robustu veiktsp\u0113ju, nodro\u0161inot efekt\u012bvu un uzticamu darb\u012bbu sare\u017e\u0123\u012btos lauksaimniec\u012bbas apst\u0101k\u013cos.<\/p>\n<h3>2. Celtniec\u012bbas iek\u0101rtas<\/h3>\n<p>Regul\u0113jami skavu tipa cilindri tiek pla\u0161i izmantoti b\u016bvniec\u012bbas nozar\u0113, pateicoties to iztur\u012bbai un daudzpus\u012bbai. Tie parasti ir atrodami t\u0101d\u0101s iek\u0101rt\u0101s k\u0101 ekskavatori, iekr\u0101v\u0113ji un buldozeri. \u0160ie cilindri tiek izmantoti t\u0101diem uzdevumiem k\u0101 smagu kravu cel\u0161ana, str\u0113les izstiep\u0161ana un ievilk\u0161ana, k\u0101 ar\u012b da\u017e\u0101du stiprin\u0101jumu kust\u012bbas vad\u012bba. Ar savu augsto kravnes\u012bbu un regul\u0113jamo konstrukciju piel\u0101gotais metin\u0101tais divk\u0101r\u0161\u0101s darb\u012bbas piekabes hidrauliskais cilindrs lauksaimniec\u012bbai izr\u0101d\u0101s lieliska izv\u0113le b\u016bvniec\u012bbas iek\u0101rt\u0101m.<\/p>\n<h3>3. Materi\u0101lu apstr\u0101de<\/h3>\n<p>Regul\u0113jamie skavu tipa cilindri tiek pla\u0161i izmantoti ar\u012b materi\u0101lu apstr\u0101des darbos. Tos izmanto iekr\u0101v\u0113jos, celt\u0146os un konveijeru sist\u0113m\u0101s, lai atvieglotu pre\u010du p\u0101rvieto\u0161anu un pozicion\u0113\u0161anu. \u0160ie cilindri nodro\u0161ina prec\u012bzas un kontrol\u0113tas pacel\u0161anas, nolai\u0161anas un noliek\u0161anas darb\u012bbas, \u013caujot efekt\u012bvi veikt materi\u0101lu apstr\u0101des darb\u012bbas. Ar savu piel\u0101goto dizainu un divk\u0101r\u0161\u0101s darb\u012bbas funkcionalit\u0101ti piel\u0101gotais metin\u0101tais divk\u0101r\u0161\u0101s darb\u012bbas piekabes hidrauliskais cilindrs lauksaimniec\u012bbai nodro\u0161ina optim\u0101lu veiktsp\u0113ju un uzticam\u012bbu materi\u0101lu apstr\u0101des uzdevumos.<\/p>\n<h3>4. Automobi\u013cu r\u016bpniec\u012bba<\/h3>\n<p>Automobi\u013cu r\u016bpniec\u012bba g\u016bst lielu labumu no regul\u0113jamu skavu tipa cilindru izmanto\u0161anas. \u0160ie cilindri tiek izmantoti da\u017e\u0101d\u0101s automobi\u013cu sist\u0113m\u0101s, tostarp piekares sist\u0113m\u0101s, st\u016bres meh\u0101nismos un nolai\u017eamajos jumtos. Tie nodro\u0161ina vienm\u0113r\u012bgu un prec\u012bzu kust\u012bbu kontroli, nodro\u0161inot uzlabotu komfortu un dro\u0161\u012bbu transportl\u012bdzek\u013ca pasa\u017eieriem. Piel\u0101gots metin\u0101ts divk\u0101r\u0161as darb\u012bbas piekabes hidrauliskais cilindrs lauksaimniec\u012bbai ar savu piel\u0101goto metin\u0101to konstrukciju pied\u0101v\u0101 izcilu iztur\u012bbu un veiktsp\u0113ju automobi\u013cu lietojumprogramm\u0101s.<\/p>\n<h3>5. Ra\u017eo\u0161anas un r\u016bpniec\u012bbas iek\u0101rtas<\/h3>\n<p>Regul\u0113jami skavu tipa cilindri tiek pla\u0161i izmantoti ra\u017eo\u0161anas un r\u016bpniec\u012bbas iek\u0101rt\u0101s. Tos parasti izmanto t\u0101d\u0101s ma\u0161\u012bn\u0101s k\u0101 preses, \u0161tanc\u0113\u0161anas ma\u0161\u012bnas un r\u016bpnieciskie roboti. \u0160ie cilindri nodro\u0161ina kontrol\u0113tu sp\u0113ku un kust\u012bbu, \u013caujot veikt prec\u012bzus un efekt\u012bvus ra\u017eo\u0161anas procesus. Piel\u0101gots metin\u0101ts divk\u0101r\u0161as darb\u012bbas piekabes hidrauliskais cilindrs lauksaimniec\u012bbai ar t\u0101 divk\u0101r\u0161as darb\u012bbas iesp\u0113ju nodro\u0161ina uzticamu un prec\u012bzu veiktsp\u0113ju sare\u017e\u0123\u012btos r\u016bpniec\u012bbas apst\u0101k\u013cos.<\/p>\n<p>Nosl\u0113gum\u0101 j\u0101secina, ka regul\u0113jamiem skavu tipa cilindriem, piem\u0113ram, piel\u0101gotajiem metin\u0101tajiem divk\u0101r\u0161as darb\u012bbas piekabes hidrauliskajiem cilindriem lauksaimniec\u012bbai, ir daudzveid\u012bgs pielietojums da\u017e\u0101d\u0101s nozar\u0113s. To daudzpus\u012bba, iztur\u012bba un prec\u012bz\u0101 vad\u012bba padara tos par lielisku izv\u0113li da\u017e\u0101diem uzdevumiem, s\u0101kot no lauksaimniec\u012bbas tehnikas l\u012bdz automobi\u013cu sist\u0113m\u0101m. Iek\u013caujot \u0161os cilindrus sav\u0101 darb\u012bb\u0101, uz\u0146\u0113mumi var g\u016bt labumu no uzlabotas efektivit\u0101tes, uzticam\u012bbas un produktivit\u0101tes.<\/p>\n<p><img decoding=\"async\" src=\"https:\/\/fmp-components.com\/wp-content\/uploads\/2024\/12\/Application-of-Adjustable-Clevis-Type-Cylinders.webp\" alt=\"Regul\u0113jams skavu tipa cilindrs\" width=\"800\" title=\"\"><\/p>\n<h3>Par FMP hidraulisko cilindru<\/h3>\n<p>FMP ir vado\u0161ais augstas kvalit\u0101tes hidraulisko cilindru pieg\u0101d\u0101t\u0101js celtniec\u012bbas tehnikai. M\u016bsu produkti ir paz\u012bstami ar savu iztur\u012bbu, uzticam\u012bbu un izcilo veiktsp\u0113ju. \u0160eit ir da\u017ei iemesli, k\u0101p\u0113c jums vajadz\u0113tu izv\u0113l\u0113ties FMP hidraulisko cilindru sav\u0101m celtniec\u012bbas tehnikas vajadz\u012bb\u0101m:<\/p>\n<p>1. Kvalit\u0101te: M\u016bsu hidrauliskie cilindri ir izgatavoti no augstas kvalit\u0101tes materi\u0101liem, kas nodro\u0161ina to ilgsto\u0161u iztur\u012bbu un izcilu veiktsp\u0113ju.<\/p>\n<p>2. Pla\u0161s produktu kl\u0101sts: FMP pied\u0101v\u0101 da\u017e\u0101dus hidrauliskos cilindrus da\u017e\u0101du veidu celtniec\u012bbas ma\u0161\u012bn\u0101m, tostarp regul\u0113jamus skavu tipa cilindrus (skatiet att\u0113lu zem\u0101k), st\u016bres stie\u0146a tipa cilindrus, metin\u0101ta tipa cilindrus un daudzus citus.<\/p>\n<p><img decoding=\"async\" src=\"https:\/\/fmp-components.com\/wp-content\/uploads\/2024\/12\/Adjustable-Clevis-Type-Cylinders-6.webp\" alt=\"Regul\u0113jams skavu tipa cilindrs\" width=\"822\" title=\"\"><\/p>\n<p>3. Konkur\u0113tsp\u0113j\u012bgas cenas: FMP pied\u0101v\u0101 savus produktus par \u013coti konkur\u0113tsp\u0113j\u012bg\u0101m cen\u0101m, padarot tos pieejamus pla\u0161am klientu lokam.<\/p>\n<p>4. Profesion\u0101la komanda: m\u016bsu pieredz\u0113ju\u0161\u0101 p\u0101rdo\u0161anas komanda p\u0101rzina celtniec\u012bbas tehnikas nozari un var sniegt klientiem ekspertu padomus un atbalstu.<\/p>\n<p>5. Efekt\u012bva lo\u0123istika: Mums ir labi izveidota lo\u0123istikas izplat\u012b\u0161anas sist\u0113ma, kas nodro\u0161ina savlaic\u012bgu un prec\u012bzu produktu pieg\u0101di klientiem.<\/p>\n<p>Rezum\u0113jot, FMP hidrauliskais cilindrs ir uzticama un cien\u012bjama izv\u0113le vis\u0101m j\u016bsu celtniec\u012bbas tehnikas vajadz\u012bb\u0101m. Sazinieties ar mums jau \u0161odien, lai uzzin\u0101tu vair\u0101k par m\u016bsu produktiem un pakalpojumiem.<\/p>\n<h2>Bie\u017ei uzdotie jaut\u0101jumi<\/h2>\n<p><strong>J: K\u0101das nozares var g\u016bt labumu no \u0161iem hidrauliskajiem cilindriem?<\/strong><br \/>\nA: M\u016bsu hidrauliskie cilindri ir ide\u0101li piem\u0113roti da\u017e\u0101d\u0101m nozar\u0113m, tostarp ma\u0161\u012bnb\u016bves remonta darbn\u012bc\u0101m, saimniec\u012bb\u0101m, ener\u0123\u0113tikas un ieguves r\u016bpniec\u012bbai, ma\u0161\u012bnb\u016bves ra\u017eo\u0161anai un ma\u0161\u012bnb\u016bves r\u016bpn\u012bc\u0101m.<\/p>\n<p><strong>J: K\u0101das ir \u0161o hidraulisko cilindru galven\u0101s iez\u012bmes?<\/strong><br \/>\nA: M\u016bsu hidrauliskie cilindri pied\u0101v\u0101 maksim\u0101lo vilces sp\u0113ku 3000, regul\u0113jamu skavu tipu, G\/SAE\/NPT\/M piesl\u0113gvietas un maksim\u0101lo vilk\u0161anas sp\u0113ku 20 tonnas. Tie ir ar\u012b sertific\u0113ti saska\u0146\u0101 ar ISO9001:2000.<\/p>\n<p><strong>J: K\u0101ds ir \u0161o hidraulisko cilindru garantijas periods?<\/strong><br \/>\nA: M\u016bsu hidrauliskajiem cilindriem ir 1 gada garantija galvenaj\u0101m sast\u0101vda\u013c\u0101m, nodro\u0161inot, ka varat ieg\u0101d\u0101ties ar p\u0101rliec\u012bbu.<\/p>\n<p><img decoding=\"async\" src=\"https:\/\/img.jiansujichilun.com\/img\/hydrauliccylinders\/C_hydrauliccylinders-2.webp\" alt=\"hidrauliskais cilindrs\" width=\"800\" title=\"\"><\/p>\n<p>Autors: CX<\/p>","protected":false},"excerpt":{"rendered":"<p>Introducing the Customized Welded Double Acting Trailer Hydraulic Cylinder for Agriculture: The Customized Welded Double Acting Trailer Hydraulic Cylinder for Agriculture is a high-quality and reliable product designed specifically for use in the agriculture industry. This hydraulic cylinder is engineered with precision and durability in mind, making it ideal for various agricultural applications. Featuring a [&hellip;]<\/p>","protected":false},"featured_media":1338,"comment_status":"closed","ping_status":"closed","template":"","meta":{"_et_pb_use_builder":"","_et_pb_old_content":"","_et_gb_content_width":""},"product_brand":[],"product_cat":[39],"product_tag":[41,34],"class_list":{"0":"post-1360","1":"product","2":"type-product","3":"status-publish","4":"has-post-thumbnail","6":"product_cat-adjustable-clevis-type-cylinders","7":"product_tag-adjustable-clevis-type-cylinders","8":"product_tag-hydraulic-cylinder","10":"first","11":"instock","12":"product-type-simple"},"_links":{"self":[{"href":"https:\/\/fmp-components.com\/lv\/wp-json\/wp\/v2\/product\/1360","targetHints":{"allow":["GET"]}}],"collection":[{"href":"https:\/\/fmp-components.com\/lv\/wp-json\/wp\/v2\/product"}],"about":[{"href":"https:\/\/fmp-components.com\/lv\/wp-json\/wp\/v2\/types\/product"}],"replies":[{"embeddable":true,"href":"https:\/\/fmp-components.com\/lv\/wp-json\/wp\/v2\/comments?post=1360"}],"wp:featuredmedia":[{"embeddable":true,"href":"https:\/\/fmp-components.com\/lv\/wp-json\/wp\/v2\/media\/1338"}],"wp:attachment":[{"href":"https:\/\/fmp-components.com\/lv\/wp-json\/wp\/v2\/media?parent=1360"}],"wp:term":[{"taxonomy":"product_brand","embeddable":true,"href":"https:\/\/fmp-components.com\/lv\/wp-json\/wp\/v2\/product_brand?post=1360"},{"taxonomy":"product_cat","embeddable":true,"href":"https:\/\/fmp-components.com\/lv\/wp-json\/wp\/v2\/product_cat?post=1360"},{"taxonomy":"product_tag","embeddable":true,"href":"https:\/\/fmp-components.com\/lv\/wp-json\/wp\/v2\/product_tag?post=1360"}],"curies":[{"name":"wp","href":"https:\/\/api.w.org\/{rel}","templated":true}]}}