{"id":1359,"date":"2024-12-23T02:18:57","date_gmt":"2024-12-23T02:18:57","guid":{"rendered":"https:\/\/fmp-components.com\/product\/wholesale-customized-double-acting-welded-hydraulic-cylinder-for-tractor\/"},"modified":"2025-03-18T00:55:35","modified_gmt":"2025-03-18T00:55:35","slug":"wholesale-customized-double-acting-welded-hydraulic-cylinder-for-tractor","status":"publish","type":"product","link":"https:\/\/fmp-components.com\/lv\/product\/wholesale-customized-double-acting-welded-hydraulic-cylinder-for-tractor\/","title":{"rendered":"Vairumtirdzniec\u012bbas piel\u0101gots divk\u0101r\u0161as darb\u012bbas metin\u0101ts hidrauliskais cilindrs traktoram"},"content":{"rendered":"<p>Vairumtirdzniec\u012bbas piel\u0101gotais divk\u0101r\u0161as darb\u012bbas metin\u0101tais hidrauliskais cilindrs traktoram ir augstas kvalit\u0101tes produkts, kas ir izstr\u0101d\u0101ts, lai apmierin\u0101tu traktoru \u012bpa\u0161\u0101s vajadz\u012bbas. \u0160is hidrauliskais cilindrs ir izgatavots, dom\u0101jot par precizit\u0101ti un iztur\u012bbu, nodro\u0161inot t\u0101 uzticamu darb\u012bbu pat sare\u017e\u0123\u012btos apst\u0101k\u013cos.<\/p>\n<p>Viena no \u0161\u012b hidraulisk\u0101 cilindra galvenaj\u0101m iez\u012bm\u0113m ir t\u0101 divk\u0101r\u0161\u0101s darb\u012bbas sp\u0113ja. Tas noz\u012bm\u0113, ka tas var rad\u012bt sp\u0113ku abos virzienos, nodro\u0161inot efekt\u012bvu un daudzpus\u012bgu darb\u012bbu. Neatkar\u012bgi no t\u0101, vai j\u0101ce\u013c smagas kravas vai j\u0101veic da\u017e\u0101di uzdevumi uz lauka, \u0161is hidrauliskais cilindrs ir izstr\u0101d\u0101ts, lai nodro\u0161in\u0101tu optim\u0101lu veiktsp\u0113ju.<\/p>\n<p>\u0160\u012b hidraulisk\u0101 cilindra metin\u0101t\u0101 konstrukcija nodro\u0161ina t\u0101 iztur\u012bbu un ilgm\u016b\u017e\u012bbu. Tas ir paredz\u0113ts, lai iztur\u0113tu lielas slodzes un \u0101rk\u0101rt\u0113ju spiedienu, padarot to piem\u0113rotu lieto\u0161anai sare\u017e\u0123\u012btos lauksaimniec\u012bbas apst\u0101k\u013cos. Iztur\u012bg\u0101 konstrukcija ar\u012b pal\u012bdz samazin\u0101t nopl\u016bdes risku, nodro\u0161inot hidraulisk\u0101 cilindra vienm\u0113r\u012bgu un efekt\u012bvu darb\u012bbu.<\/p>\n<p>Pateicoties piel\u0101gotajam dizainam, \u0161o hidraulisko cilindru var piel\u0101got da\u017e\u0101du traktoru mode\u013cu \u012bpa\u0161aj\u0101m pras\u012bb\u0101m. Tas nodro\u0161ina perfektu atbilst\u012bbu un optim\u0101lu veiktsp\u0113ju, k\u0101 rezult\u0101t\u0101 uzlabojas produktivit\u0101te un efektivit\u0101te.<\/p>\n<p><img loading=\"lazy\" decoding=\"async\" class=\"alignnone size-full wp-image-1334\" src=\"https:\/\/fmp-components.com\/wp-content\/uploads\/2024\/12\/Adjustable-Clevis-Type-Cylinders-4.webp\" alt=\"Regul\u0113jami skavu tipa cilindri\" width=\"800\" height=\"800\" title=\"\" srcset=\"https:\/\/fmp-components.com\/wp-content\/uploads\/2024\/12\/Adjustable-Clevis-Type-Cylinders-4.webp 800w, https:\/\/fmp-components.com\/wp-content\/uploads\/2024\/12\/Adjustable-Clevis-Type-Cylinders-4-480x480.webp 480w\" sizes=\"(min-width: 0px) and (max-width: 480px) 480px, (min-width: 481px) 800px, 100vw\" \/><\/p>\n<table style=\"width: 100%;\" border=\"1\" width=\"100%\" cellspacing=\"0\" cellpadding=\"0\">\n<tbody>\n<tr>\n<th>Produkta nosaukums<\/th>\n<td>Vairumtirdzniec\u012bbas piel\u0101gots divk\u0101r\u0161as darb\u012bbas metin\u0101ts hidrauliskais cilindrs traktoram<\/td>\n<\/tr>\n<tr>\n<th>St\u0101voklis<\/th>\n<td>Pavisam jauns<\/td>\n<\/tr>\n<tr>\n<th>Garantija<\/th>\n<td>1 gads<\/td>\n<\/tr>\n<tr>\n<th>Piem\u0113rojam\u0101s nozares<\/th>\n<td>Ma\u0161\u012bnu remonta darbn\u012bcas, Lauksaimniec\u012bbas saimniec\u012bbas, Ener\u0123\u0113tika un ieguves r\u016bpniec\u012bba, Ma\u0161\u012bnu ra\u017eo\u0161ana, Ma\u0161\u012bnu r\u016bpn\u012bca<\/td>\n<\/tr>\n<tr>\n<th>Svars (kg)<\/th>\n<td>85<\/td>\n<\/tr>\n<tr>\n<th>Korpusa materi\u0101ls<\/th>\n<td>Augstas kvalit\u0101tes t\u0113rauds<\/td>\n<\/tr>\n<tr>\n<th>Maksim\u0101l\u0101 vilce<\/th>\n<td>3000<\/td>\n<\/tr>\n<tr>\n<th>Tips<\/th>\n<td>Standarta virzu\u013ccilindrs<\/td>\n<\/tr>\n<tr>\n<th>Jauda<\/th>\n<td>Hidraulisk\u0101<\/td>\n<\/tr>\n<tr>\n<th>Regul\u0113jams tips<\/th>\n<td>Skavas tips<\/td>\n<\/tr>\n<tr>\n<th>Ostas<\/th>\n<td>G\/SAE\/NPT\/M<\/td>\n<\/tr>\n<tr>\n<th>Maksim\u0101l\u0101 vilk\u0161anas jauda<\/th>\n<td>20 tonnas<\/td>\n<\/tr>\n<tr>\n<th>Sertifik\u0101cija<\/th>\n<td>ISO9001:2000<\/td>\n<\/tr>\n<tr>\n<th>Urbuma izm\u0113rs<\/th>\n<td>2\u20136 collas<\/td>\n<\/tr>\n<tr>\n<th>Stie\u0146a izm\u0113rs<\/th>\n<td>1,125\u20134 collas<\/td>\n<\/tr>\n<tr>\n<th>Trieciena izm\u0113rs<\/th>\n<td>4\u2013100 collas<\/td>\n<\/tr>\n<tr>\n<th>Tapas izm\u0113rs<\/th>\n<td>0,5\u20132 collas<\/td>\n<\/tr>\n<tr>\n<th>Kr\u0101sa<\/th>\n<td>Melns<\/td>\n<\/tr>\n<tr>\n<th>Iepakojuma deta\u013cas<\/th>\n<td>Dzelzs korpuss, sapl\u0101k\u0161\u0146a korpuss vai kartona kaste<\/td>\n<\/tr>\n<tr>\n<th><\/th>\n<td><\/td>\n<\/tr>\n<\/tbody>\n<\/table>\n<h2>Regul\u0113jamu skavu tipa cilindru priek\u0161roc\u012bbas<\/h2>\n<p>Regul\u0113jami skavu tipa cilindri, piem\u0113ram, vairumtirdzniec\u012bbas piel\u0101gotais divk\u0101r\u0161as darb\u012bbas metin\u0101tais hidrauliskais cilindrs traktoram, pied\u0101v\u0101 vair\u0101kas priek\u0161roc\u012bbas da\u017e\u0101dos pielietojumos. \u0160ie cilindri ir konstru\u0113ti ar skavu stiprin\u0101jumu, kas \u013cauj tos viegli regul\u0113t un piel\u0101got. T\u0101l\u0101k ir nor\u0101d\u012btas galven\u0101s regul\u0113jamu skavu tipa cilindru izmanto\u0161anas priek\u0161roc\u012bbas:<\/p>\n<p>1. Uzlabota elast\u012bba: \u0160o cilindru regul\u0113jam\u0101 dak\u0161as funkcija nodro\u0161ina \u0113rtu piel\u0101go\u0161anu un piel\u0101go\u0161anu da\u017e\u0101d\u0101m mont\u0101\u017eas poz\u012bcij\u0101m un le\u0146\u0137iem. \u0160\u012b elast\u012bba nodro\u0161ina optim\u0101lu veiktsp\u0113ju un efektivit\u0101ti da\u017e\u0101dos pielietojumos, tostarp lauksaimniec\u012bbas ma\u0161\u012bn\u0101s, piem\u0113ram, traktoros. Sp\u0113ja veikt prec\u012bzus piel\u0101gojumus nodro\u0161ina prec\u012bzu vad\u012bbu un darb\u012bbu.<\/p>\n<p>2. Paaugstin\u0101ta iztur\u012bba: Vairumtirdzniec\u012bbai piel\u0101gotais divk\u0101r\u0161\u0101s darb\u012bbas metin\u0101tais hidrauliskais cilindrs traktoram ir izstr\u0101d\u0101ts, lai nodro\u0161in\u0101tu izcilu iztur\u012bbu un ilgm\u016b\u017e\u012bbu. \u0160ie cilindri ir izgatavoti no augstas kvalit\u0101tes materi\u0101liem un tiek r\u016bp\u012bgi p\u0101rbaud\u012bti, lai nodro\u0161in\u0101tu, ka tie iztur sare\u017e\u0123\u012btus apst\u0101k\u013cus. Metin\u0101t\u0101 konstrukcija uzlabo iztur\u012bbu un notur\u012bbu pret liel\u0101m slodz\u0113m, vibr\u0101cij\u0101m un vides faktoriem, maksim\u0101li pagarinot to kalpo\u0161anas laiku.<\/p>\n<p>3. Uzlabota efektivit\u0101te: Izmantojot regul\u0113jamus skavu tipa cilindrus, operatori var optimiz\u0113t sava apr\u012bkojuma veiktsp\u0113ju un efektivit\u0101ti. Prec\u012bza regul\u0113\u0161ana \u013cauj prec\u012bzi noregul\u0113t, lai sasniegtu v\u0113lamo sp\u0113ku, \u0101trumu un g\u0101jiena garumu. \u0160is kontroles l\u012bmenis pal\u012bdz samazin\u0101t ener\u0123ijas pat\u0113ri\u0146u, samazin\u0101t nodilumu un uzlabot kop\u0113jo produktivit\u0101ti.<\/p>\n<p>4. Vienk\u0101r\u0161a uzst\u0101d\u012b\u0161ana un apkope: \u0160o cilindru stiprin\u0101juma konstrukcija ar skavu vienk\u0101r\u0161o uzst\u0101d\u012b\u0161anas procesu, jo t\u0101 \u013cauj \u0101tri un vienk\u0101r\u0161i piestiprin\u0101t tos pie da\u017e\u0101d\u0101m iek\u0101rt\u0101m. Turkl\u0101t pieejam\u0101 konstrukcija atvieglo apkopes proced\u016bras, piem\u0113ram, bl\u012bv\u0113jumu vai citu komponentu p\u0101rbaudi un nomai\u0146u. Tas samazina d\u012bkst\u0101ves laiku un nodro\u0161ina vienm\u0113r\u012bgu darb\u012bbu.<\/p>\n<p>5. Daudzpus\u012bgs pielietojums: Regul\u0113jami skavu tipa cilindri tiek izmantoti da\u017e\u0101d\u0101s nozar\u0113s, tostarp lauksaimniec\u012bb\u0101, b\u016bvniec\u012bb\u0101 un ra\u017eo\u0161an\u0101. Lauksaimniec\u012bbas nozar\u0113 \u0161ie cilindri parasti tiek izmantoti traktoros, iekr\u0101v\u0113jos un cit\u0101s lauksaimniec\u012bbas tehnik\u0101 t\u0101diem uzdevumiem k\u0101 smagu kravu cel\u0161ana, stum\u0161ana un vilk\u0161ana. To daudzpus\u012bba padara tos piem\u0113rotus da\u017e\u0101d\u0101m hidrauliskaj\u0101m sist\u0113m\u0101m un iek\u0101rt\u0101m.<\/p>\n<p>Kopum\u0101 vairumtirdzniec\u012bb\u0101 piel\u0101gotais divk\u0101r\u0161as darb\u012bbas metin\u0101tais hidrauliskais cilindrs traktoram ar regul\u0113jamu skavu funkciju pied\u0101v\u0101 daudzas priek\u0161roc\u012bbas elast\u012bbas, iztur\u012bbas, efektivit\u0101tes, vienk\u0101r\u0161as uzst\u0101d\u012b\u0161anas un apkopes, k\u0101 ar\u012b daudzpus\u012bgu pielietojumu zi\u0146\u0101. \u0160ie cilindri nodro\u0161ina nepiecie\u0161amo uzticam\u012bbu un veiktsp\u0113ju, lai apmierin\u0101tu m\u016bsdienu hidraulisko sist\u0113mu pras\u012bbas lauksaimniec\u012bbas nozar\u0113 un cit\u0101s nozar\u0113s.<\/p>\n<p><img decoding=\"async\" src=\"https:\/\/fmp-components.com\/wp-content\/uploads\/2024\/12\/Adjustable-Clevis-Type-Cylinders5.webp\" alt=\"Regul\u0113jams skavu tipa cilindrs\" width=\"800\" title=\"\"><\/p>\n<h2>Regul\u0113jamu skavu tipa cilindru pielietojums<\/h2>\n<p>Regul\u0113jami skavu tipa cilindri, piem\u0113ram, vairumtirdzniec\u012bbas piel\u0101gotais divk\u0101r\u0161as darb\u012bbas metin\u0101tais hidrauliskais cilindrs traktoram, ir daudzpus\u012bgas hidraulisk\u0101s ier\u012bces, kas atrodamas da\u017e\u0101d\u0101s nozar\u0113s. \u0160ie cilindri ir \u012bpa\u0161i izstr\u0101d\u0101ti, lai nodro\u0161in\u0101tu prec\u012bzu un uzticamu line\u0101ras kust\u012bbas vad\u012bbu, padarot tos neaizst\u0101jamus daudzos r\u016bpnieciskos procesos. \u0160aj\u0101 rakst\u0101 m\u0113s izp\u0113t\u012bsim da\u017e\u0101dus regul\u0113jamu skavu tipa cilindru pielietojumus un izcelsim to priek\u0161roc\u012bbas un priek\u0161roc\u012bbas.<\/p>\n<h3>1. R\u016bpniecisk\u0101s iek\u0101rtas<\/h3>\n<p>Regul\u0113jami skavu tipa cilindri tiek pla\u0161i izmantoti r\u016bpnieciskaj\u0101s iek\u0101rt\u0101s prec\u012bzai pozicion\u0113\u0161anai un kust\u012bbas vad\u012bbai. \u0160ie cilindri sp\u0113j rad\u012bt lielus sp\u0113kus un nodro\u0161in\u0101t vienm\u0113r\u012bgu, kontrol\u0113tu line\u0101ru kust\u012bbu, padarot tos ide\u0101li piem\u0113rotus t\u0101d\u0101m lietojumprogramm\u0101m k\u0101 materi\u0101lu apstr\u0101de, mont\u0101\u017eas l\u012bnijas un automatiz\u0113tas iek\u0101rtas. Vairumtirdzniec\u012bbas piel\u0101gotais divk\u0101r\u0161as darb\u012bbas metin\u0101tais hidrauliskais cilindrs traktoram ir \u012bpa\u0161i izstr\u0101d\u0101ts, lai iztur\u0113tu lielas slodzes un skarbus ekspluat\u0101cijas apst\u0101k\u013cus, nodro\u0161inot uzticamu veiktsp\u0113ju pras\u012bg\u0101 r\u016bpniecisk\u0101 vid\u0113.<\/p>\n<h3>2. Celtniec\u012bbas iek\u0101rtas<\/h3>\n<p>Regul\u0113jami skavas tipa cilindri tiek pla\u0161i izmantoti celtniec\u012bbas iek\u0101rt\u0101s da\u017e\u0101diem uzdevumiem, kam nepiecie\u0161ama prec\u012bza un jaud\u012bga line\u0101ra kust\u012bba. S\u0101kot no ekskavatoriem l\u012bdz celt\u0146iem, \u0161iem cilindriem ir iz\u0161\u0137iro\u0161a noz\u012bme str\u0113les, kausu un citu hidraulisko piederumu kust\u012bbas kontrol\u0113\u0161an\u0101. Ar regul\u0113jamiem skavas galiem \u0161ie cilindri pied\u0101v\u0101 uzst\u0101d\u012b\u0161anas elast\u012bbu un \u013cauj tos viegli piel\u0101got atbilsto\u0161i konkr\u0113t\u0101m apr\u012bkojuma pras\u012bb\u0101m. \u0160\u012b piel\u0101gojam\u012bba nodro\u0161ina optim\u0101lu veiktsp\u0113ju un uzlabo celtniec\u012bbas tehnikas kop\u0113jo efektivit\u0101ti.<\/p>\n<h3>3. Lauksaimniec\u012bbas tehnika<\/h3>\n<p>Lauksaimniec\u012bbas nozare g\u016bst lielu labumu no regul\u0113jamu skavu tipa cilindru, piem\u0113ram, vairumtirdzniec\u012bbai piel\u0101gotu divk\u0101r\u0161as darb\u012bbas metin\u0101tu hidraulisko cilindru traktoriem, izmanto\u0161anas. \u0160ie cilindri parasti tiek izmantoti lauksaimniec\u012bbas ma\u0161\u012bn\u0101s, piem\u0113ram, traktoros un kombainos, lai kontrol\u0113tu da\u017e\u0101das hidraulisk\u0101s funkcijas. S\u0101kot ar agreg\u0101tu augstuma regul\u0113\u0161anu un beidzot ar agreg\u0101tu kust\u012bbas kontroli, \u0161ie cilindri nodro\u0161ina prec\u012bzu un efekt\u012bvu darb\u012bbu lauk\u0101. Turkl\u0101t to iztur\u012bg\u0101 konstrukcija un iztur\u012bba pret skarbajiem vides apst\u0101k\u013ciem padara tos labi piem\u0113rotus lauksaimniec\u012bbas lietojumprogrammu sare\u017e\u0123\u012btaj\u0101m pras\u012bb\u0101m.<\/p>\n<h3>4. Materi\u0101lu apstr\u0101de<\/h3>\n<p>Regul\u0113jamiem skavu tipa cilindriem ir b\u016btiska loma materi\u0101lu apstr\u0101des darbos, kur ir b\u016btiska prec\u012bza vad\u012bba un uzticama veiktsp\u0113ja. \u0160os cilindrus parasti izmanto konveijeru sist\u0113m\u0101s, cel\u0161anas iek\u0101rt\u0101s un automatiz\u0113t\u0101s noliktav\u0101s, lai atvieglotu pre\u010du un materi\u0101lu p\u0101rvieto\u0161anu. Vairumtirdzniec\u012bbai piel\u0101gotais divk\u0101r\u0161as darb\u012bbas metin\u0101tais hidrauliskais cilindrs traktoram ar savu divk\u0101r\u0161as darb\u012bbas konstrukciju nodro\u0161ina divvirzienu kust\u012bbu, padarot to piem\u0113rotu gan stum\u0161anas, gan vilk\u0161anas darb\u012bb\u0101m. \u0160\u012b daudzpus\u012bba nodro\u0161ina efekt\u012bvu materi\u0101lu apstr\u0101di un veicina produktivit\u0101tes pieaugumu da\u017e\u0101d\u0101s nozar\u0113s.<\/p>\n<h3>5. Mobilais apr\u012bkojums<\/h3>\n<p>Regul\u0113jami skavu tipa cilindri ir atrodami ar\u012b da\u017e\u0101d\u0101s mobilaj\u0101s iek\u0101rt\u0101s, tostarp kravas automa\u0161\u012bn\u0101s, piekab\u0113s un lauksaimniec\u012bbas transportl\u012bdzek\u013cos. \u0160ie cilindri nodro\u0161ina uzticamu un kontrol\u0113tu kust\u012bbu t\u0101d\u0101m funkcij\u0101m k\u0101 gultu noliek\u0161ana, platformu pacel\u0161ana un nolai\u0161ana, k\u0101 ar\u012b st\u016bres meh\u0101nismu regul\u0113\u0161ana. To iztur\u012bg\u0101 konstrukcija un sp\u0113ja iztur\u0113t lielas slodzes padara tos neaizst\u0101jamus mobilaj\u0101s lietojumprogramm\u0101s, kur iztur\u012bba un dro\u0161\u012bba ir \u0101rk\u0101rt\u012bgi svar\u012bga.<\/p>\n<p>Nosl\u0113gum\u0101 j\u0101saka, ka vairumtirdzniec\u012bb\u0101 piel\u0101gotais divk\u0101r\u0161as darb\u012bbas metin\u0101tais hidrauliskais cilindrs traktoram, regul\u0113jams skavu tipa cilindrs, tiek pla\u0161i izmantots da\u017e\u0101d\u0101s nozar\u0113s. Neatkar\u012bgi no t\u0101, vai tas ir r\u016bpnieciskais apr\u012bkojums, celtniec\u012bbas apr\u012bkojums, lauksaimniec\u012bbas tehnika, materi\u0101lu apstr\u0101de vai mobilais apr\u012bkojums, \u0161ie cilindri pied\u0101v\u0101 prec\u012bzu vad\u012bbu, uzticam\u012bbu un iztur\u012bbu. Iek\u013caujot vairumtirdzniec\u012bb\u0101 piel\u0101goto divk\u0101r\u0161as darb\u012bbas metin\u0101to hidraulisko cilindru traktoram da\u017e\u0101d\u0101s hidrauliskaj\u0101s sist\u0113m\u0101s, nozares var uzlabot efektivit\u0101ti, produktivit\u0101ti un kop\u0113jo veiktsp\u0113ju.<\/p>\n<p><img decoding=\"async\" src=\"https:\/\/fmp-components.com\/wp-content\/uploads\/2024\/12\/Application-of-Adjustable-Clevis-Type-Cylinders.webp\" alt=\"Regul\u0113jams skavu tipa cilindrs\" width=\"800\" title=\"\"><\/p>\n<h3>Par FMP<\/h3>\n<p>FMP ir j\u016bsu uzticamais augstas kvalit\u0101tes hidraulisko cilindru avots celtniec\u012bbas tehnikas nozar\u0113. Ar daudzu gadu pieredzi nozar\u0113 un profesion\u0101lu komandu m\u0113s esam ap\u0146\u0113mu\u0161ies nodro\u0161in\u0101t augst\u0101k\u0101s klases celtniec\u012bbas tehnikas deta\u013cas un piln\u012bgus ma\u0161\u012bnu risin\u0101jumus m\u016bsu v\u0113rt\u012bgajiem klientiem.<\/p>\n<p>\u0160eit ir pieci iemesli, k\u0101p\u0113c jums vajadz\u0113tu izv\u0113l\u0113ties FMP hidraulisko cilindru vajadz\u012bb\u0101m:<\/p>\n<ol>\n<li><strong>Pla\u0161s iesp\u0113ju kl\u0101sts:<\/strong> M\u016bsu produktu kl\u0101st\u0101 ir da\u017e\u0101di hidrauliskie cilindri, kas piem\u0113roti da\u017e\u0101du veidu celtniec\u012bbas tehnikai. Neatkar\u012bgi no t\u0101, vai jums nepiecie\u0161ami vienk\u0101r\u0161\u0101s vai divk\u0101r\u0161\u0101s darb\u012bbas cilindri, teleskopiskie vai \u0161arn\u012brsavienojuma stie\u0146u cilindri, mums ir piem\u0113rots risin\u0101jums j\u016bsu pras\u012bb\u0101m.<\/li>\n<li><strong>Augst\u0101k\u0101 kvalit\u0101te:<\/strong> Mums ir izveidoju\u0161\u0101s ilgtermi\u0146a un stabilas attiec\u012bbas ar augstas kvalit\u0101tes pieg\u0101d\u0101t\u0101jiem gan viet\u0113j\u0101, gan starptautisk\u0101 m\u0113rog\u0101. Tas nodro\u0161ina, ka visi m\u016bsu hidrauliskie cilindri atbilst stingriem kvalit\u0101tes standartiem, nodro\u0161inot j\u016bs ar uzticam\u0101m un iztur\u012bg\u0101m deta\u013c\u0101m, kas iztur\u0113s j\u016bsu projektu pras\u012bbas.<\/li>\n<li><strong>P\u0101rdo\u0161anas ekspertu komanda:<\/strong> M\u016bsu pieredz\u0113ju\u0161\u0101 un zino\u0161\u0101 p\u0101rdo\u0161anas komanda labi p\u0101rzina jaun\u0101k\u0101s tendences un klientu vajadz\u012bbas b\u016bvniec\u012bbas tehnikas nozar\u0113. Vi\u0146i ir gatavi sniegt jums profesion\u0101las konsult\u0101cijas par produktiem un p\u0101rdom\u0101tus pirk\u0161anas ieteikumus, pal\u012bdzot jums pie\u0146emt p\u0101rdom\u0101tus l\u0113mumus.<\/li>\n<li><strong>Efekt\u012bva lo\u0123istika:<\/strong> M\u0113s saprotam savlaic\u012bgas pieg\u0101des noz\u012bmi. Ar m\u016bsu efekt\u012bvo lo\u0123istikas izplat\u012b\u0161anas sist\u0113mu m\u0113s nodro\u0161in\u0101m, ka j\u016bs savlaic\u012bgi un prec\u012bzi sa\u0146emsiet nepiecie\u0161amos hidrauliskos cilindrus. J\u016bs varat pa\u013cauties uz mums, lai j\u016bsu projekti tiktu \u012bstenoti laik\u0101.<\/li>\n<li><strong>Izcila klientu apkalpo\u0161ana:<\/strong> Uz\u0146\u0113mum\u0101 FMP m\u0113s augstu v\u0113rt\u0113jam savus klientus un cen\u0161amies nodro\u0161in\u0101t izcilu apkalpo\u0161anu. M\u016bsu \u012bpa\u0161\u0101 komanda ir ap\u0146\u0113musies nekav\u0113joties atbild\u0113t uz j\u016bsu jaut\u0101jumiem un ba\u017e\u0101m, nodro\u0161inot netrauc\u0113tu un apmierino\u0161u pieredzi visas sadarb\u012bbas laik\u0101 ar mums.<\/li>\n<\/ol>\n<p>Apskatiet m\u016bsu regul\u0113jamo skavu tipa cilindru tuv\u0101k zem\u0101k:<\/p>\n<p><img decoding=\"async\" src=\"https:\/\/fmp-components.com\/wp-content\/uploads\/2024\/12\/Adjustable-Clevis-Type-Cylinders-6.webp\" alt=\"Regul\u0113jams skavu tipa cilindrs\" width=\"821\" title=\"\"><\/p>\n<h2>Bie\u017ei uzdotie jaut\u0101jumi<\/h2>\n<p><b>J: K\u0101dus da\u017e\u0101dus hidraulisko cilindru veidus j\u016bs pied\u0101v\u0101jat?<\/b><br \/>\nA: M\u0113s pied\u0101v\u0101jam stie\u0146u, metin\u0101tos, teleskopiskos, vienk\u0101r\u0161\u0101s darb\u012bbas un divk\u0101r\u0161\u0101s darb\u012bbas cilindrus.<\/p>\n<p><b>J: K\u0101da ir hidraulisk\u0101 cilindra kravnes\u012bba?<\/b><br \/>\nA: M\u016bsu hidraulisk\u0101 cilindra maksim\u0101l\u0101 kravnes\u012bba ir 20 tonnas.<\/p>\n<p><b>J: Vai j\u016bs pied\u0101v\u0101jat hidraulisk\u0101 cilindra piel\u0101go\u0161anas iesp\u0113jas?<\/b><br \/>\nA: J\u0101, m\u0113s to dar\u0101m. M\u0113s varam piel\u0101got cilindrus j\u016bsu \u012bpa\u0161aj\u0101m pras\u012bb\u0101m.<\/p>\n<p><img decoding=\"async\" src=\"https:\/\/img.jiansujichilun.com\/img\/hydrauliccylinders\/B_hydrauliccylinders-5.webp\" alt=\"hidrauliskais cilindrs\" width=\"800\" title=\"\"><\/p>\n<p>Autors: CX<\/p>","protected":false},"excerpt":{"rendered":"<p>The Wholesale Customized Double Acting Welded Hydraulic Cylinder For Tractor is a high-quality product that is designed to meet the specific needs of tractors. This hydraulic cylinder is built with precision and durability in mind, ensuring its reliable performance even in demanding conditions. One of the key features of this hydraulic cylinder is its double-acting [&hellip;]<\/p>","protected":false},"featured_media":1336,"comment_status":"closed","ping_status":"closed","template":"","meta":{"_et_pb_use_builder":"","_et_pb_old_content":"","_et_gb_content_width":""},"product_brand":[],"product_cat":[39],"product_tag":[41,34],"class_list":{"0":"post-1359","1":"product","2":"type-product","3":"status-publish","4":"has-post-thumbnail","6":"product_cat-adjustable-clevis-type-cylinders","7":"product_tag-adjustable-clevis-type-cylinders","8":"product_tag-hydraulic-cylinder","10":"first","11":"instock","12":"product-type-simple"},"_links":{"self":[{"href":"https:\/\/fmp-components.com\/lv\/wp-json\/wp\/v2\/product\/1359","targetHints":{"allow":["GET"]}}],"collection":[{"href":"https:\/\/fmp-components.com\/lv\/wp-json\/wp\/v2\/product"}],"about":[{"href":"https:\/\/fmp-components.com\/lv\/wp-json\/wp\/v2\/types\/product"}],"replies":[{"embeddable":true,"href":"https:\/\/fmp-components.com\/lv\/wp-json\/wp\/v2\/comments?post=1359"}],"wp:featuredmedia":[{"embeddable":true,"href":"https:\/\/fmp-components.com\/lv\/wp-json\/wp\/v2\/media\/1336"}],"wp:attachment":[{"href":"https:\/\/fmp-components.com\/lv\/wp-json\/wp\/v2\/media?parent=1359"}],"wp:term":[{"taxonomy":"product_brand","embeddable":true,"href":"https:\/\/fmp-components.com\/lv\/wp-json\/wp\/v2\/product_brand?post=1359"},{"taxonomy":"product_cat","embeddable":true,"href":"https:\/\/fmp-components.com\/lv\/wp-json\/wp\/v2\/product_cat?post=1359"},{"taxonomy":"product_tag","embeddable":true,"href":"https:\/\/fmp-components.com\/lv\/wp-json\/wp\/v2\/product_tag?post=1359"}],"curies":[{"name":"wp","href":"https:\/\/api.w.org\/{rel}","templated":true}]}}