{"id":1358,"date":"2024-12-23T02:18:57","date_gmt":"2024-12-23T02:18:57","guid":{"rendered":"https:\/\/fmp-components.com\/product\/factory-provide-adjustable-welded-hydraulic-cylinder-for-trailer\/"},"modified":"2024-12-23T03:02:20","modified_gmt":"2024-12-23T03:02:20","slug":"factory-provide-adjustable-welded-hydraulic-cylinder-for-trailer","status":"publish","type":"product","link":"https:\/\/fmp-components.com\/lv\/product\/factory-provide-adjustable-welded-hydraulic-cylinder-for-trailer\/","title":{"rendered":"R\u016bpn\u012bca nodro\u0161ina regul\u0113jamu metin\u0101tu hidraulisko cilindru piekabei"},"content":{"rendered":"<h2>R\u016bpn\u012bca nodro\u0161ina regul\u0113jamu metin\u0101tu hidraulisko cilindru piekabei:<\/h2>\n<p>R\u016bpn\u012bcas pieg\u0101d\u0101tais regul\u0113jamais metin\u0101tais hidrauliskais cilindrs piekab\u0113m ir izstr\u0101d\u0101jums, kas paredz\u0113ts, lai nodro\u0161in\u0101tu piekabju iztur\u012bbu un stabilit\u0101ti. Pateicoties metin\u0101tajai konstrukcijai, tas sp\u0113j iztur\u0113t augstu spiedienu un lielas slodzes, padarot to par uzticamu izv\u0113li tiem, kam nepiecie\u0161ams iztur\u012bgs hidrauliskais cilindrs.<\/p>\n<p>\u0160is hidrauliskais cilindrs ir regul\u0113jams, kas noz\u012bm\u0113, ka to var viegli piel\u0101got da\u017e\u0101d\u0101m piekab\u0113m un to \u012bpa\u0161aj\u0101m vajadz\u012bb\u0101m. T\u0101 hidraulisk\u0101 sist\u0113ma nodro\u0161ina vienm\u0113r\u012bgu un efekt\u012bvu darb\u012bbu, padarot to \u0113rti lietojamu pla\u0161am pielietojumu kl\u0101stam.<\/p>\n<p>R\u016bpn\u012bcas nodro\u0161in\u0101tais regul\u0113jamais metin\u0101tais hidrauliskais cilindrs piekabei ir izgatavots no augstas kvalit\u0101tes materi\u0101liem, kas ir iztur\u012bgi pret nodilumu. T\u0101 uzlabotais dizains nodro\u0161ina, ka tas sp\u0113j iztur\u0113t vissmag\u0101kos apst\u0101k\u013cus, padarot to par iecien\u012btu izv\u0113li b\u016bvniec\u012bbas un lauksaimniec\u012bbas nozar\u0113 str\u0101d\u0101jo\u0161ajiem.<\/p>\n<p><img loading=\"lazy\" decoding=\"async\" class=\"alignnone size-full wp-image-1334\" src=\"https:\/\/fmp-components.com\/wp-content\/uploads\/2024\/12\/Adjustable-Clevis-Type-Cylinders-4.webp\" alt=\"Regul\u0113jami skavu tipa cilindri\" width=\"800\" height=\"800\" title=\"\" srcset=\"https:\/\/fmp-components.com\/wp-content\/uploads\/2024\/12\/Adjustable-Clevis-Type-Cylinders-4.webp 800w, https:\/\/fmp-components.com\/wp-content\/uploads\/2024\/12\/Adjustable-Clevis-Type-Cylinders-4-480x480.webp 480w\" sizes=\"(min-width: 0px) and (max-width: 480px) 480px, (min-width: 481px) 800px, 100vw\" \/><\/p>\n<p>Kopum\u0101 r\u016bpn\u012bcas nodro\u0161in\u0101tais regul\u0113jamais metin\u0101tais hidrauliskais cilindrs piekabei ir augstas kvalit\u0101tes produkts, kas nodro\u0161ina uzticamu un efekt\u012bvu darb\u012bbu. T\u0101 iztur\u012bba un ilgm\u016b\u017e\u012bba padara to par rentablu izv\u0113li tiem, kam nepiecie\u0161ams ilgsto\u0161s hidrauliskais cilindrs piekabei.<\/p>\n<table style=\"width: 100%;\" border=\"1\" width=\"100%\" cellspacing=\"0\" cellpadding=\"0\">\n<tbody>\n<tr>\n<th>Produkta nosaukums<\/th>\n<td>Regul\u0113jams metin\u0101ts hidrauliskais cilindrs piekabei<\/td>\n<\/tr>\n<tr>\n<th>Z\u012bmols<\/th>\n<td>R\u016bpn\u012bcas nodro\u0161in\u0101\u0161ana<\/td>\n<\/tr>\n<tr>\n<th>Garantija<\/th>\n<td>1 gads<\/td>\n<\/tr>\n<tr>\n<th>Piem\u0113rojam\u0101s nozares<\/th>\n<td>Ma\u0161\u012bnu remonta darbn\u012bcas, Lauksaimniec\u012bbas saimniec\u012bbas, Ener\u0123\u0113tika un ieguves r\u016bpniec\u012bba, Ma\u0161\u012bnu ra\u017eo\u0161ana, Ma\u0161\u012bnu r\u016bpn\u012bca<\/td>\n<\/tr>\n<tr>\n<th>Svars (kg)<\/th>\n<td>85<\/td>\n<\/tr>\n<tr>\n<th>Video izejo\u0161\u0101 p\u0101rbaude<\/th>\n<td>Nodro\u0161in\u0101ts<\/td>\n<\/tr>\n<tr>\n<th>Ma\u0161\u012bnu testa zi\u0146ojums<\/th>\n<td>Nodro\u0161in\u0101ts<\/td>\n<\/tr>\n<tr>\n<th>M\u0101rketinga veids<\/th>\n<td>Jauns produkts 2023. gad\u0101<\/td>\n<\/tr>\n<tr>\n<th>Galven\u0101s sast\u0101vda\u013cas<\/th>\n<td>Gultnis, hidrauliskais cilindrs<\/td>\n<\/tr>\n<tr>\n<th>Korpusa materi\u0101ls<\/th>\n<td>T\u0113rauds<\/td>\n<\/tr>\n<tr>\n<th>Maksim\u0101l\u0101 vilce<\/th>\n<td>3000<\/td>\n<\/tr>\n<tr>\n<th>Tips<\/th>\n<td>Regul\u0113jams skavu tips<\/td>\n<\/tr>\n<tr>\n<th>Ostas<\/th>\n<td>G\/SAE\/NPT\/M<\/td>\n<\/tr>\n<tr>\n<th>Maksim\u0101lais vilk\u0161anas sp\u0113ks<\/th>\n<td>20 tonnas<\/td>\n<\/tr>\n<tr>\n<th>Sertifik\u0101cija<\/th>\n<td>ISO9001:2000<\/td>\n<\/tr>\n<tr>\n<th>Urbuma izm\u0113rs<\/th>\n<td>2\u20136 collas<\/td>\n<\/tr>\n<tr>\n<th>Stie\u0146a izm\u0113rs<\/th>\n<td>1,125\u20134 collas<\/td>\n<\/tr>\n<tr>\n<th>Trieciena izm\u0113rs<\/th>\n<td>4\u2013100 collas<\/td>\n<\/tr>\n<tr>\n<th>Tapas izm\u0113rs<\/th>\n<td>0,5\u20132 collas<\/td>\n<\/tr>\n<\/tbody>\n<\/table>\n<h2>Regul\u0113jamu skavu tipa cilindru priek\u0161roc\u012bbas<\/h2>\n<p>Regul\u0113jami skavu tipa cilindri, piem\u0113ram, r\u016bpn\u012bc\u0101 ra\u017eotie regul\u0113jamie metin\u0101tie hidrauliskie cilindri piekab\u0113m, pied\u0101v\u0101 virkni priek\u0161roc\u012bbu, kas padara tos par v\u0113rt\u012bgu izv\u0113li da\u017e\u0101diem pielietojumiem. \u0160aj\u0101 rakst\u0101 m\u0113s detaliz\u0113ti izp\u0113t\u012bsim \u0161o cilindru priek\u0161roc\u012bbas:<\/p>\n<p>1. Uzlabota elast\u012bba: Viena no regul\u0113jamu skavu tipa cilindru galvenaj\u0101m priek\u0161roc\u012bb\u0101m ir to sp\u0113ja nodro\u0161in\u0101t uzlabotu elast\u012bbu hidrauliskaj\u0101s sist\u0113m\u0101s. Regul\u0113jam\u0101 skavu tipa cilindrs \u013cauj viegli un prec\u012bzi piel\u0101got cilindra mont\u0101\u017eas poz\u012bciju, kas var b\u016bt \u013coti svar\u012bgi situ\u0101cij\u0101s, kad ir j\u0101iev\u0113ro konkr\u0113ti izm\u0113ri vai le\u0146\u0137i. \u0160\u012b elast\u012bba nodro\u0161ina optim\u0101lu veiktsp\u0113ju un atbilst\u012bbu pla\u0161am pielietojumu kl\u0101stam.<\/p>\n<p>2. Uzlabota iztur\u012bba: regul\u0113jami skavu tipa cilindri ir paredz\u0113ti, lai iztur\u0113tu lielas slodzes un sare\u017e\u0123\u012btus ekspluat\u0101cijas apst\u0101k\u013cus. \u0160ie cilindri ir izgatavoti no augstas kvalit\u0101tes materi\u0101liem, piem\u0113ram, r\u016bd\u012bta t\u0113rauda, \u200b\u200bkas uzlabo to iztur\u012bbu un ilgm\u016b\u017e\u012bbu. Iztur\u012bg\u0101 konstrukcija nodro\u0161ina, ka cilindri var iztur\u0113t nep\u0101rtrauktas lieto\u0161anas slodzi, neapdraudot to veiktsp\u0113ju vai konstrukcijas integrit\u0101ti.<\/p>\n<p>3. Vienk\u0101r\u0161a uzst\u0101d\u012b\u0161ana un apkope: V\u0113l viena regul\u0113jamu skavu tipa cilindru priek\u0161roc\u012bba ir to vienk\u0101r\u0161\u0101 uzst\u0101d\u012b\u0161ana un apkope. Regul\u0113jam\u0101s skavu konstrukcija vienk\u0101r\u0161o uzst\u0101d\u012b\u0161anas procesu, nodro\u0161inot \u0101tru un \u0113rtu mont\u0101\u017eu. Turkl\u0101t regul\u0101ra apkope un p\u0101rbaude ir vienk\u0101r\u0161\u0101ka, jo regul\u0113jam\u0101 skavu konstrukcija nodro\u0161ina \u0113rtu piek\u013cuvi cilindra sast\u0101vda\u013c\u0101m, nodro\u0161inot efekt\u012bvu apkopi un samazinot d\u012bkst\u0101ves laiku.<\/p>\n<p>4. Daudzpus\u012bgs pielietojums: Regul\u0113jami skavu tipa cilindri tiek izmantoti pla\u0161\u0101 nozaru un sist\u0113mu kl\u0101st\u0101. To daudzpus\u012bba padara tos piem\u0113rotus da\u017e\u0101d\u0101m ma\u0161\u012bn\u0101m un iek\u0101rt\u0101m, tostarp piekab\u0113m, lauksaimniec\u012bbas tehnikai, celtniec\u012bbas tehnikai un citam. Sak\u0146u regul\u0113jamais raksturs \u013cauj piel\u0101got un piel\u0101got da\u017e\u0101das pras\u012bbas, padarot \u0161os cilindrus \u013coti piel\u0101gojamus da\u017e\u0101diem pielietojumiem.<\/p>\n<p>5. Prec\u012bza pozicion\u0113\u0161ana: \u0160o cilindru regul\u0113jam\u0101 dak\u0161as funkcija nodro\u0161ina prec\u012bzu hidraulisk\u0101 meh\u0101nisma pozicion\u0113\u0161anu. \u0160\u012b precizit\u0101te ir \u013coti svar\u012bga lietojumos, kuros nepiecie\u0161ama prec\u012bza izl\u012bdzin\u0101\u0161ana un vad\u012bba, piem\u0113ram, materi\u0101lu apstr\u0101des sist\u0113m\u0101s vai iek\u0101rt\u0101s, kur\u0101m efekt\u012bvai darb\u012bbai nepiecie\u0161ama \u012bpa\u0161a pozicion\u0113\u0161ana. Sp\u0113ja prec\u012bzi noregul\u0113t cilindra mont\u0101\u017eas poz\u012bciju nodro\u0161ina optim\u0101lu veiktsp\u0113ju un darb\u012bbas efektivit\u0101ti.<\/p>\n<p>Nosl\u0113gum\u0101 j\u0101secina, ka regul\u0113jami skavu tipa cilindri, piem\u0113ram, r\u016bpn\u012bc\u0101 ra\u017eotais regul\u0113jamais metin\u0101tais hidrauliskais cilindrs piekab\u0113m, pied\u0101v\u0101 daudzas priek\u0161roc\u012bbas elast\u012bbas, iztur\u012bbas, vienk\u0101r\u0161as uzst\u0101d\u012b\u0161anas un apkopes, daudzpus\u012bbas un prec\u012bzas pozicion\u0113\u0161anas zi\u0146\u0101. \u0160ie cilindri nodro\u0161ina uzticamu un efekt\u012bvu risin\u0101jumu da\u017e\u0101d\u0101m hidrauliskaj\u0101m sist\u0113m\u0101m un pielietojumiem, padarot tos par popul\u0101ru izv\u0113li nozar\u0113.<img decoding=\"async\" src=\"https:\/\/fmp-components.com\/wp-content\/uploads\/2024\/12\/Adjustable-Clevis-Type-Cylinders5.webp\" alt=\"Regul\u0113jams skavu tipa cilindrs\" width=\"800\" title=\"\"><\/p>\n<h2>Regul\u0113jamu skavu tipa cilindru pielietojums<\/h2>\n<p>Regul\u0113jami skavas tipa cilindri, piem\u0113ram, r\u016bpn\u012bc\u0101 pieg\u0101d\u0101tais regul\u0113jamais metin\u0101tais hidrauliskais cilindrs piekab\u0113m, to daudzpus\u012bbas un piel\u0101gojam\u012bbas d\u0113\u013c sp\u0113l\u0113 iz\u0161\u0137iro\u0161u lomu da\u017e\u0101d\u0101s nozar\u0113s. \u0160ie specializ\u0113tie hidrauliskie cilindri ir paredz\u0113ti, lai nodro\u0161in\u0101tu prec\u012bzu un kontrol\u0113tu line\u0101ru kust\u012bbu, padarot tos ide\u0101li piem\u0113rotus pla\u0161am pielietojumu kl\u0101stam. \u0160aj\u0101 emu\u0101ra ierakst\u0101 m\u0113s izp\u0113t\u012bsim regul\u0113jamo skavas tipa cilindru galvenos pielietojumus un detaliz\u0113ti apspried\u012bsim to priek\u0161roc\u012bbas.<\/p>\n<h3>1. R\u016bpniecisk\u0101 automatiz\u0101cija<\/h3>\n<p>Regul\u0113jami skavu tipa cilindri tiek pla\u0161i izmantoti r\u016bpniecisk\u0101s automatiz\u0101cijas sist\u0113m\u0101s, kur nepiecie\u0161ama prec\u012bza un kontrol\u0113ta kust\u012bba. \u0160os cilindrus var viegli regul\u0113t, lai sasniegtu v\u0113lamo g\u0101jiena garumu, padarot tos ide\u0101li piem\u0113rotus t\u0101d\u0101m lietojumprogramm\u0101m k\u0101 konveijeru sist\u0113mas, mont\u0101\u017eas l\u012bnijas un robotiz\u0113tas rokas. R\u016bpn\u012bc\u0101 pieg\u0101d\u0101tais regul\u0113jamais metin\u0101tais hidrauliskais cilindrs piekab\u0113m ar augstu nestsp\u0113ju un regul\u0113jam\u0101m funkcij\u0101m nodro\u0161ina efekt\u012bvu un uzticamu darb\u012bbu r\u016bpnieciskaj\u0101 automatiz\u0101cij\u0101.<\/p>\n<h3>2. Lauksaimniec\u012bbas tehnika<\/h3>\n<p>Lauksaimniec\u012bbas nozar\u0113 regul\u0113jami skavas tipa cilindri tiek pla\u0161i izmantoti lauksaimniec\u012bbas tehnik\u0101. \u0160ie cilindri parasti tiek izmantoti lauksaimniec\u012bbas ma\u0161\u012bn\u0101s, piem\u0113ram, kombainos, arklos un ap\u016bde\u0146o\u0161anas sist\u0113m\u0101s. Sp\u0113ja regul\u0113t cilindra g\u0101jiena garumu \u013cauj prec\u012bzi kontrol\u0113t \u0161o lauksaimniec\u012bbas ma\u0161\u012bnu kust\u012bbu. R\u016bpn\u012bc\u0101 pieg\u0101d\u0101tais regul\u0113jamais metin\u0101tais hidrauliskais cilindrs piekab\u0113m ar savu iztur\u012bgo konstrukciju un korozijiztur\u012bgaj\u0101m \u012bpa\u0161\u012bb\u0101m nodro\u0161ina optim\u0101lu veiktsp\u0113ju pat skarbos lauksaimniec\u012bbas apst\u0101k\u013cos.<\/p>\n<h3>3. Celtniec\u012bbas iek\u0101rtas<\/h3>\n<p>Regul\u0113jami skavas tipa cilindri tiek pla\u0161i izmantoti ar\u012b b\u016bvniec\u012bbas nozar\u0113. \u0160ie cilindri bie\u017ei atrodami celtniec\u012bbas iek\u0101rt\u0101s, piem\u0113ram, ekskavatoros, iekr\u0101v\u0113jos un celt\u0146os. \u0160o cilindru regul\u0113jam\u0101 funkcija \u013cauj prec\u012bzi pozicion\u0113t un pacelt smagas kravas. R\u016bpn\u012bc\u0101 pieg\u0101d\u0101tais regul\u0113jamais metin\u0101tais hidrauliskais cilindrs piekab\u0113m ar savu iztur\u012bgo konstrukciju un augstspiediena iesp\u0113j\u0101m nodro\u0161ina uzticam\u012bbu un dro\u0161\u012bbu sare\u017e\u0123\u012bt\u0101s b\u016bvlaukumos.<\/p>\n<h3>4. Materi\u0101lu apstr\u0101de<\/h3>\n<p>Regul\u0113jami skavu tipa cilindri tiek pla\u0161i izmantoti materi\u0101lu apstr\u0101des darbos. \u0160ie cilindri tiek izmantoti t\u0101d\u0101s iek\u0101rt\u0101s k\u0101 iekr\u0101v\u0113ji, pacel\u0161anas galdi un konveijeru sist\u0113mas. Cilindru regul\u0113jamais g\u0101jiena garums nodro\u0161ina efekt\u012bvu un kontrol\u0113tu materi\u0101lu p\u0101rvieto\u0161anu, t\u0101d\u0113j\u0101di uzlabojot produktivit\u0101ti un dro\u0161\u012bbu materi\u0101lu apstr\u0101des oper\u0101cij\u0101s. R\u016bpn\u012bc\u0101 pieg\u0101d\u0101tais regul\u0113jamais metin\u0101tais hidrauliskais cilindrs piekab\u0113m ar izcilu nestsp\u0113ju un regul\u0113jam\u0101m funkcij\u0101m uzlabo materi\u0101lu apstr\u0101des uzdevumu efektivit\u0101ti.<\/p>\n<h3>5. Mobil\u0101 tehnika<\/h3>\n<p>Regul\u0113jami skavu tipa cilindri parasti tiek izmantoti da\u017e\u0101da veida mobilaj\u0101s tehnik\u0101. \u0160ie cilindri ir atrodami t\u0101d\u0101s lietojumprogramm\u0101s k\u0101 mobilie celt\u0146i, pa\u0161izg\u0101z\u0113ji un lauksaimniec\u012bbas transportl\u012bdzek\u013ci. \u0160o cilindru regul\u0113jam\u0101 funkcija \u013cauj tos elast\u012bgi novietot un piel\u0101got atbilsto\u0161i da\u017e\u0101d\u0101m ekspluat\u0101cijas pras\u012bb\u0101m. R\u016bpn\u012bc\u0101 pieg\u0101d\u0101tais regul\u0113jamais metin\u0101tais hidrauliskais cilindrs piekab\u0113m ar savu iztur\u012bgo konstrukciju un piel\u0101gojam\u0101m iesp\u0113j\u0101m nodro\u0161ina optim\u0101lu veiktsp\u0113ju un ilgm\u016b\u017e\u012bbu mobilaj\u0101s tehnik\u0101.<\/p>\n<p>Nosl\u0113gum\u0101 j\u0101secina, ka regul\u0113jamie skavu tipa cilindri, tostarp r\u016bpn\u012bc\u0101 pieg\u0101d\u0101tais regul\u0113jamais metin\u0101tais hidrauliskais cilindrs piekab\u0113m, ir \u013coti daudzpus\u012bgi un atrodami da\u017e\u0101d\u0101s nozar\u0113s. To regul\u0113jam\u0101s \u012bpa\u0161\u012bbas apvienojum\u0101 ar iztur\u012bgo konstrukciju un prec\u012bzo vad\u012bbu padara tos neaizst\u0101jamus r\u016bpnieciskaj\u0101 automatiz\u0101cij\u0101, lauksaimniec\u012bbas ma\u0161\u012bn\u0101s, celtniec\u012bbas iek\u0101rt\u0101s, materi\u0101lu apstr\u0101d\u0113 un mobilaj\u0101s ma\u0161\u012bn\u0101s. Nodro\u0161inot uzticamu un efekt\u012bvu line\u0101ru kust\u012bbu, \u0161ie cilindri veicina da\u017e\u0101du lietojumprogrammu kop\u0113jo produktivit\u0101ti un dro\u0161\u012bbu.<\/p>\n<p><img decoding=\"async\" src=\"https:\/\/fmp-components.com\/wp-content\/uploads\/2024\/12\/Application-of-Adjustable-Clevis-Type-Cylinders.webp\" alt=\"Regul\u0113jams skavu tipa cilindrs\" width=\"800\" title=\"\"><\/p>\n<h3>Par FMP \u2013 hidraulisko cilindru<\/h3>\n<p>FMP ir vado\u0161ais uz\u0146\u0113mums, kas specializ\u0113jas celtniec\u012bbas tehnikas deta\u013cu un pilnu ma\u0161\u012bnu p\u0101rdo\u0161an\u0101 un apkalpo\u0161an\u0101. M\u0113s pied\u0101v\u0101jam augstas kvalit\u0101tes un uzticamas celtniec\u012bbas tehnikas deta\u013cas un pilnus ma\u0161\u012bnu risin\u0101jumus ar daudzu gadu pieredzi nozar\u0113 un profesion\u0101lu komandu, kas atrodas It\u0101lij\u0101. M\u016bsu uz\u0146\u0113mums pied\u0101v\u0101 pla\u0161u produktu kl\u0101stu, tostarp lauksaimniec\u012bbas tehnikas p\u0101rnesumk\u0101rbas, planet\u0101r\u0101s p\u0101rnesumk\u0101rbas, r\u016bpniecisk\u0101s p\u0101rnesumk\u0101rbas un da\u017e\u0101du veidu celtniec\u012bbas tehnikas deta\u013cas.<\/p>\n<p>\u0160eit ir da\u017eas m\u016bsu hidraulisk\u0101 cilindra priek\u0161roc\u012bbas un \u012bpa\u0161\u012bbas:<\/p>\n<p>1. Augstas kvalit\u0101tes materi\u0101li: M\u016bsu hidrauliskie cilindri ir izgatavoti no augstas kvalit\u0101tes materi\u0101liem, kas ir iztur\u012bgi, ilgm\u016b\u017e\u012bgi un kalpo ilgi. M\u0113s nodro\u0161in\u0101m, ka m\u016bsu produkti atbilst stingriem kvalit\u0101tes standartiem, un tie ir izstr\u0101d\u0101ti, lai nodro\u0161in\u0101tu klientiem optim\u0101lu veiktsp\u0113ju.<\/p>\n<p>2. Piel\u0101gojami: M\u0113s pied\u0101v\u0101jam piel\u0101gojamus hidrauliskos cilindrus, kurus var piel\u0101got m\u016bsu klientu \u012bpa\u0161aj\u0101m vajadz\u012bb\u0101m. J\u016bs varat izv\u0113l\u0113ties savam pielietojumam atbilsto\u0161u izm\u0113ru, g\u0101jienu un urbuma diametru.<\/p>\n<p>3. Pla\u0161s pielietojumu kl\u0101sts: M\u016bsu hidraulisko cilindru var izmantot da\u017e\u0101dos pielietojumos, tostarp lauksaimniec\u012bbas ma\u0161\u012bn\u0101s, celtniec\u012bbas ma\u0161\u012bn\u0101s un r\u016bpniec\u012bbas ma\u0161\u012bn\u0101s.<\/p>\n<p>4. Gudri pirk\u0161anas ieteikumi: M\u016bsu pieredz\u0113ju\u0161\u0101 p\u0101rdo\u0161anas komanda p\u0101rzina celtniec\u012bbas tehnikas nozares att\u012bst\u012bbas tendences un klientu vajadz\u012bbas. Vi\u0146i var sniegt profesion\u0101las produktu konsult\u0101cijas un viedus pirk\u0161anas ieteikumus.<\/p>\n<p>5. Efekt\u012bva lo\u0123istika: Mums ir efekt\u012bva lo\u0123istikas izplat\u012b\u0161anas sist\u0113ma, lai nodro\u0161in\u0101tu, ka klienti savlaic\u012bgi un prec\u012bzi sa\u0146em nepiecie\u0161am\u0101s deta\u013cas.<\/p>\n<p>Uz\u0146\u0113mum\u0101 FMP m\u0113s esam ap\u0146\u0113mu\u0161ies nodro\u0161in\u0101t augstas kvalit\u0101tes, uzticamus un piel\u0101gotus hidrauliskos cilindrus, kas atbilst m\u016bsu klientu \u012bpa\u0161aj\u0101m vajadz\u012bb\u0101m. M\u016bsu komanda vienm\u0113r ir gatava sniegt jums profesion\u0101lus un efekt\u012bvus pakalpojumus. Izv\u0113lieties FMP k\u0101 savu hidraulisko cilindru pieg\u0101d\u0101t\u0101ju, un m\u0113s nodro\u0161in\u0101sim jums lab\u0101kos produktus un pakalpojumus.<\/p>\n<p><img decoding=\"async\" src=\"https:\/\/fmp-components.com\/wp-content\/uploads\/2024\/12\/Adjustable-Clevis-Type-Cylinders-6.webp\" alt=\"Regul\u0113jams skavu tipa cilindrs\" width=\"820\" title=\"\"><\/p>\n<h2>Bie\u017ei uzdotie jaut\u0101jumi<\/h2>\n<p><strong>J: Vai j\u016bs esat tirdzniec\u012bbas uz\u0146\u0113mums vai ra\u017eot\u0101js?<\/strong><br \/>\nA: M\u0113s esam ra\u017eot\u0101js, kas ra\u017eo augstas kvalit\u0101tes hidrauliskos cilindrus.<\/p>\n<p><strong>J: Cik ilgs ir j\u016bsu pieg\u0101des laiks?<\/strong><br \/>\nA: Visp\u0101r\u0113jais pieg\u0101des laiks ir 25\u201335 dienas.<\/p>\n<p><strong>J: Vai j\u016bs sniedzat paraugus? Vai tas ir bez maksas vai papildus?<\/strong><br \/>\nA: M\u0113s pied\u0101v\u0101jam paraugus, ta\u010du tie nav bez maksas.<\/p>\n<p><img decoding=\"async\" src=\"https:\/\/img.jiansujichilun.com\/img\/hydrauliccylinders\/T_hydrauliccylinders-4.webp\" alt=\"hidrauliskais cilindrs\" width=\"800\" title=\"\"><\/p>\n<p>Autors: CX<\/p>","protected":false},"excerpt":{"rendered":"<p>Factory Provide Adjustable Welded Hydraulic Cylinder For Trailer: The Factory Provide Adjustable Welded Hydraulic Cylinder For Trailer is a product designed to provide strength and stability to trailers. With its welded design, it is capable of withstanding high pressure and heavy loads, making it a reliable choice for those in need of a durable hydraulic [&hellip;]<\/p>","protected":false},"featured_media":1340,"comment_status":"closed","ping_status":"closed","template":"","meta":{"_et_pb_use_builder":"","_et_pb_old_content":"","_et_gb_content_width":""},"product_brand":[],"product_cat":[39],"product_tag":[41,34],"class_list":{"0":"post-1358","1":"product","2":"type-product","3":"status-publish","4":"has-post-thumbnail","6":"product_cat-adjustable-clevis-type-cylinders","7":"product_tag-adjustable-clevis-type-cylinders","8":"product_tag-hydraulic-cylinder","10":"first","11":"instock","12":"product-type-simple"},"_links":{"self":[{"href":"https:\/\/fmp-components.com\/lv\/wp-json\/wp\/v2\/product\/1358","targetHints":{"allow":["GET"]}}],"collection":[{"href":"https:\/\/fmp-components.com\/lv\/wp-json\/wp\/v2\/product"}],"about":[{"href":"https:\/\/fmp-components.com\/lv\/wp-json\/wp\/v2\/types\/product"}],"replies":[{"embeddable":true,"href":"https:\/\/fmp-components.com\/lv\/wp-json\/wp\/v2\/comments?post=1358"}],"wp:featuredmedia":[{"embeddable":true,"href":"https:\/\/fmp-components.com\/lv\/wp-json\/wp\/v2\/media\/1340"}],"wp:attachment":[{"href":"https:\/\/fmp-components.com\/lv\/wp-json\/wp\/v2\/media?parent=1358"}],"wp:term":[{"taxonomy":"product_brand","embeddable":true,"href":"https:\/\/fmp-components.com\/lv\/wp-json\/wp\/v2\/product_brand?post=1358"},{"taxonomy":"product_cat","embeddable":true,"href":"https:\/\/fmp-components.com\/lv\/wp-json\/wp\/v2\/product_cat?post=1358"},{"taxonomy":"product_tag","embeddable":true,"href":"https:\/\/fmp-components.com\/lv\/wp-json\/wp\/v2\/product_tag?post=1358"}],"curies":[{"name":"wp","href":"https:\/\/api.w.org\/{rel}","templated":true}]}}