{"id":1355,"date":"2024-12-23T02:18:07","date_gmt":"2024-12-23T02:18:07","guid":{"rendered":"https:\/\/fmp-components.com\/product\/factory-direct-sale-hydraulic-cylinder-small-trailer-hydraulic-cylinder-for-sale\/"},"modified":"2024-12-23T03:39:26","modified_gmt":"2024-12-23T03:39:26","slug":"factory-direct-sale-hydraulic-cylinder-small-trailer-hydraulic-cylinder-for-sale","status":"publish","type":"product","link":"https:\/\/fmp-components.com\/lv\/product\/factory-direct-sale-hydraulic-cylinder-small-trailer-hydraulic-cylinder-for-sale\/","title":{"rendered":"R\u016bpn\u012bcas tie\u0161\u0101s p\u0101rdo\u0161anas hidrauliskais cilindrs mazam piekabes hidrauliskajam cilindram p\u0101rdo\u0161anai"},"content":{"rendered":"<p>R\u016bpn\u012bcas tie\u0161\u0101s p\u0101rdo\u0161anas hidrauliskais cilindrs ir augstas kvalit\u0101tes hidrauliskais cilindrs, kas \u012bpa\u0161i paredz\u0113ts maz\u0101m piekab\u0113m. Pateicoties iztur\u012bgajai konstrukcijai un uzticamajai veiktsp\u0113jai, \u0161is hidrauliskais cilindrs ir ide\u0101li piem\u0113rots da\u017e\u0101diem pielietojumiem r\u016bpniec\u012bbas un komerci\u0101laj\u0101 sektor\u0101.<\/p>\n<p>Viena no \u0161\u012b hidraulisk\u0101 cilindra galvenaj\u0101m iez\u012bm\u0113m ir t\u0101 iespaid\u012bg\u0101 celtsp\u0113ja. Tas sp\u0113j rad\u012bt iev\u0113rojamu sp\u0113ku, \u013caujot tam viegli pacelt un p\u0101rvietot smagas kravas. Neatkar\u012bgi no t\u0101, vai jums ir j\u0101pace\u013c celtniec\u012bbas materi\u0101li, r\u016bpniecisk\u0101s iek\u0101rtas vai lauksaimniec\u012bbas tehnika, \u0161is hidrauliskais cilindrs var efekt\u012bvi tikt gal\u0101 ar \u0161o darbu.<\/p>\n<p>V\u0113l viens iev\u0113rojams \u0161\u012b hidraulisk\u0101 cilindra aspekts ir t\u0101 kompaktais izm\u0113rs. Neskatoties uz nelielo izm\u0113ru, tas nodro\u0161ina izcilu jaudu un veiktsp\u0113ju. Tas padara to par ide\u0101lu izv\u0113li lietojumiem, kur ir ierobe\u017eota telpa, bet ir \u013coti svar\u012bga uzticama hidraulisk\u0101 jauda.<\/p>\n<p><img loading=\"lazy\" decoding=\"async\" class=\"alignnone size-full wp-image-1334\" src=\"https:\/\/fmp-components.com\/wp-content\/uploads\/2024\/12\/Adjustable-Clevis-Type-Cylinders-4.webp\" alt=\"Regul\u0113jami skavu tipa cilindri\" width=\"800\" height=\"800\" title=\"\" srcset=\"https:\/\/fmp-components.com\/wp-content\/uploads\/2024\/12\/Adjustable-Clevis-Type-Cylinders-4.webp 800w, https:\/\/fmp-components.com\/wp-content\/uploads\/2024\/12\/Adjustable-Clevis-Type-Cylinders-4-480x480.webp 480w\" sizes=\"(min-width: 0px) and (max-width: 480px) 480px, (min-width: 481px) 800px, 100vw\" \/><\/p>\n<p>R\u016bpn\u012bcas tie\u0161\u0101s p\u0101rdo\u0161anas hidrauliskais cilindrs ir izstr\u0101d\u0101ts, lai nodro\u0161in\u0101tu vienm\u0113r\u012bgas un prec\u012bzas kust\u012bbas. Tas izmanto progres\u012bvu hidraulisko tehnolo\u0123iju, kas nodro\u0161ina, ka pacel\u0161anas un nolai\u0161anas procesi tiek veikti ar maksim\u0101lu precizit\u0101ti. Tas ne tikai uzlabo efektivit\u0101ti, bet ar\u012b samazina negad\u012bjumu un p\u0101rvietojam\u0101s kravas vai apr\u012bkojuma boj\u0101jumu risku.<\/p>\n<p>Turkl\u0101t \u0161is hidrauliskais cilindrs ir paredz\u0113ts iztur\u012bbai un ilgm\u016b\u017e\u012bbai. Tas ir izgatavots, izmantojot augstas kvalit\u0101tes materi\u0101lus, kas var iztur\u0113t intens\u012bvu lieto\u0161anu un skarbus vides apst\u0101k\u013cus. Tas nodro\u0161ina cilindra uzticam\u012bbu un funkcionalit\u0101ti ilgsto\u0161i, samazinot apkopes un nomai\u0146as izmaksas.<\/p>\n<p>Nosl\u0113gum\u0101 j\u0101saka, ka r\u016bpn\u012bcas tie\u0161\u0101s p\u0101rdo\u0161anas hidrauliskais cilindrs ir augst\u0101k\u0101s klases hidrauliskais cilindrs, kas pied\u0101v\u0101 izcilu celtsp\u0113ju, kompaktu izm\u0113ru, vienm\u0113r\u012bgas kust\u012bbas un iztur\u012bbu. Neatkar\u012bgi no t\u0101, vai str\u0101d\u0101jat b\u016bvniec\u012bbas, r\u016bpniec\u012bbas vai lauksaimniec\u012bbas nozar\u0113, \u0161is hidrauliskais cilindrs ir uzticama izv\u0113le, kas efekt\u012bvi apmierin\u0101s j\u016bsu hidraulisk\u0101s jaudas vajadz\u012bbas.<\/p>\n<table style=\"width: 100%;\" border=\"1\" width=\"100%\" cellspacing=\"0\" cellpadding=\"0\">\n<tbody>\n<tr>\n<th>St\u0101voklis<\/th>\n<td>Jauns<\/td>\n<\/tr>\n<tr>\n<th>Garantija<\/th>\n<td>1 gads<\/td>\n<\/tr>\n<tr>\n<th>Piem\u0113rojam\u0101s nozares<\/th>\n<td>Ma\u0161\u012bnu remonta darbn\u012bcas, Lauksaimniec\u012bbas saimniec\u012bbas, Ener\u0123\u0113tika un ieguves r\u016bpniec\u012bba, Ma\u0161\u012bnu ra\u017eo\u0161ana, Ma\u0161\u012bnu r\u016bpn\u012bca<\/td>\n<\/tr>\n<tr>\n<th>Svars (kg)<\/th>\n<td>85<\/td>\n<\/tr>\n<tr>\n<th>Video izejo\u0161\u0101 p\u0101rbaude<\/th>\n<td>Nodro\u0161in\u0101ts<\/td>\n<\/tr>\n<tr>\n<th>Ma\u0161\u012bnu testa zi\u0146ojums<\/th>\n<td>Nodro\u0161in\u0101ts<\/td>\n<\/tr>\n<tr>\n<th>M\u0101rketinga veids<\/th>\n<td>Jauns produkts 2023. gad\u0101<\/td>\n<\/tr>\n<tr>\n<th>Galveno komponentu garantija<\/th>\n<td>1 gads<\/td>\n<\/tr>\n<tr>\n<th>Galven\u0101s sast\u0101vda\u013cas<\/th>\n<td>Gultnis, hidrauliskais cilindrs<\/td>\n<\/tr>\n<tr>\n<th>Standarta vai nestandarta<\/th>\n<td>Standarta<\/td>\n<\/tr>\n<tr>\n<th>Strukt\u016bra<\/th>\n<td>Virzu\u013ca cilindrs<\/td>\n<\/tr>\n<tr>\n<th>Jauda<\/th>\n<td>Hidraulisk\u0101<\/td>\n<\/tr>\n<tr>\n<th>Korpusa materi\u0101ls<\/th>\n<td>T\u0113rauds<\/td>\n<\/tr>\n<tr>\n<th>Maksim\u0101l\u0101 vilce<\/th>\n<td>3000<\/td>\n<\/tr>\n<tr>\n<th>Tips<\/th>\n<td>Regul\u0113jami skavu tipa cilindri<\/td>\n<\/tr>\n<tr>\n<th>Ostas<\/th>\n<td>G\/SAE\/NPT\/M<\/td>\n<\/tr>\n<tr>\n<th>Maksim\u0101lais vilk\u0161anas sp\u0113ks<\/th>\n<td>20 tonnas<\/td>\n<\/tr>\n<tr>\n<th>Sertifik\u0101cija<\/th>\n<td>ISO 9001:2000<\/td>\n<\/tr>\n<tr>\n<th>Urbuma izm\u0113rs<\/th>\n<td>2\u20136 collas<\/td>\n<\/tr>\n<tr>\n<th>Stie\u0146a izm\u0113rs<\/th>\n<td>1,125\u20134 collas<\/td>\n<\/tr>\n<tr>\n<th>Trieciena izm\u0113rs<\/th>\n<td>4\u2013100 collas<\/td>\n<\/tr>\n<tr>\n<th>Tapas izm\u0113rs<\/th>\n<td>0,5\u20132 collas<\/td>\n<\/tr>\n<tr>\n<th>Kr\u0101sa<\/th>\n<td>Melns<\/td>\n<\/tr>\n<tr>\n<th>Iepakojuma deta\u013cas<\/th>\n<td>Dzelzs korpuss, sapl\u0101k\u0161\u0146a korpuss vai kartona kaste<\/td>\n<\/tr>\n<\/tbody>\n<\/table>\n<p>&nbsp;<\/p>\n<h2>Regul\u0113jamu skavu tipa cilindru priek\u0161roc\u012bbas<\/h2>\n<p>Regul\u0113jami skavu tipa cilindri tiek pla\u0161i izmantoti da\u017e\u0101d\u0101s nozar\u0113s, pateicoties to elast\u012bbai un iztur\u012bbai. \u0160iem cilindriem ir pla\u0161s priek\u0161roc\u012bbu kl\u0101sts sal\u012bdzin\u0101jum\u0101 ar cita veida cilindriem. \u0160aj\u0101 rakst\u0101 m\u0113s izp\u0113t\u012bsim regul\u0113jamu skavu tipa cilindru priek\u0161roc\u012bbas un to, k\u0101p\u0113c tie ir popul\u0101ra izv\u0113le daudziem lietojumiem.<\/p>\n<h3>1. Daudzpus\u012bba<\/h3>\n<p>Viena no regul\u0113jamu skavu tipa cilindru galvenaj\u0101m priek\u0161roc\u012bb\u0101m ir to daudzpus\u012bba. \u0160os cilindrus var izmantot da\u017e\u0101dos pielietojumos, s\u0101kot no maziem piekabju hidrauliskajiem cilindriem l\u012bdz liel\u0101m r\u016bpniecisk\u0101m ma\u0161\u012bn\u0101m. Tie ir piem\u0113roti pla\u0161am ekspluat\u0101cijas apst\u0101k\u013cu kl\u0101stam, tostarp augst\u0101m temperat\u016br\u0101m un \u0101rk\u0101rt\u0113jam spiedienam.<\/p>\n<h3>2. Piel\u0101gojam\u012bba<\/h3>\n<p>V\u0113l viena regul\u0113jamu skavu tipa cilindru priek\u0161roc\u012bba ir to piel\u0101gojam\u012bba. \u0160os cilindrus var piel\u0101got da\u017e\u0101du pielietojumu \u012bpa\u0161aj\u0101m vajadz\u012bb\u0101m. Ra\u017eot\u0101ji pied\u0101v\u0101 pla\u0161u iesp\u0113ju kl\u0101stu, tostarp da\u017e\u0101dus urbuma izm\u0113rus, g\u0101jiena garumus un mont\u0101\u017eas stilus. Tas \u013cauj lietot\u0101jiem izv\u0113l\u0113ties ide\u0101lo cilindru savam pielietojumam.<\/p>\n<h3>3. Iztur\u012bba<\/h3>\n<p>Regul\u0113jami skavu tipa cilindri ir paz\u012bstami ar savu iztur\u012bbu. Tie ir izstr\u0101d\u0101ti, lai iztur\u0113tu skarbus ekspluat\u0101cijas apst\u0101k\u013cus, tostarp augstu temperat\u016bru, \u0101rk\u0101rt\u0113ju spiedienu un lielas slodzes. \u0160ie cilindri ir izgatavoti no augstas kvalit\u0101tes materi\u0101liem, piem\u0113ram, t\u0113rauda, \u200b\u200bkas ir iztur\u012bgi pret nodilumu. T\u0101 rezult\u0101t\u0101 tiem ir ilgs kalpo\u0161anas laiks un nepiecie\u0161ama minim\u0101la apkope.<\/p>\n<h3>4. Efekt\u012bva darb\u012bba<\/h3>\n<p>Regul\u0113jami skavu tipa cilindri ir paz\u012bstami ar\u012b ar savu efektivit\u0101ti. \u0160ie cilindri ir izstr\u0101d\u0101ti, lai nodro\u0161in\u0101tu vienm\u0113r\u012bgu un prec\u012bzu darb\u012bbu. Tie ir apr\u012bkoti ar uzlabot\u0101m funkcij\u0101m, piem\u0113ram, regul\u0113jamu amortiz\u0101ciju, kas \u013cauj prec\u012bzi kontrol\u0113t cilindra kust\u012bbu. Tas uzlabo efektivit\u0101ti un samazina ener\u0123ijas pat\u0113ri\u0146u.<\/p>\n<h3>5. Izmaksu zi\u0146\u0101 efekt\u012bvs<\/h3>\n<p>Visbeidzot, regul\u0113jamie skavu tipa cilindri ir izmaksu zi\u0146\u0101 efekt\u012bvi. Tie ir pieejami par r\u016bpn\u012bcas tie\u0161\u0101s p\u0101rdo\u0161anas cen\u0101m, kas padara tos par pieejamu izv\u0113li daudziem pielietojumiem. Turkl\u0101t to ilgais kalpo\u0161anas laiks un zem\u0101s apkopes pras\u012bbas padara tos par rentablu ieguld\u012bjumu ilgtermi\u0146\u0101.<\/p>\n<p>Nosl\u0113gum\u0101 j\u0101saka, ka regul\u0113jami skavas tipa cilindri ir daudzpus\u012bga, piel\u0101gojama, iztur\u012bga, efekt\u012bva un rentabla izv\u0113le daudziem pielietojumiem. Neatkar\u012bgi no t\u0101, vai jums ir nepiecie\u0161ams neliels piekabes hidrauliskais cilindrs vai liels r\u016bpniecisk\u0101s ma\u0161\u012bnas cilindrs, regul\u0113jami skavas tipa cilindri ir uzticams un efekt\u012bvs risin\u0101jums.<img decoding=\"async\" src=\"https:\/\/fmp-components.com\/wp-content\/uploads\/2024\/12\/Adjustable-Clevis-Type-Cylinders5.webp\" alt=\"Regul\u0113jams skavu tipa cilindrs\" width=\"800\" title=\"\"><\/p>\n<h2>Regul\u0113jamu skavu tipa cilindru pielietojums<\/h2>\n<p>Regul\u0113jami skavas tipa cilindri, piem\u0113ram, r\u016bpn\u012bcas tie\u0161\u0101s p\u0101rdo\u0161anas hidrauliskais cilindrs un mazo piekabju hidrauliskais cilindrs, ir daudzpus\u012bgas hidraulisk\u0101s ier\u012bces, kas atrodamas da\u017e\u0101dos pielietojumos da\u017e\u0101d\u0101s nozar\u0113s. \u0160ie \u012bpa\u0161i izstr\u0101d\u0101tie cilindri pied\u0101v\u0101 unik\u0101las \u012bpa\u0161\u012bbas un priek\u0161roc\u012bbas, kas padara tos par ide\u0101lu izv\u0113li konkr\u0113tiem uzdevumiem. Izp\u0113t\u012bsim da\u017eus no regul\u0113jamo skavas tipa cilindru galvenajiem pielietojumiem:<\/p>\n<h3>1. R\u016bpniecisk\u0101 automatiz\u0101cija<\/h3>\n<p>R\u016bpniecisk\u0101s automatiz\u0101cijas procesos regul\u0113jamiem skavu tipa cilindriem ir iz\u0161\u0137iro\u0161a noz\u012bme prec\u012bzas un kontrol\u0113tas line\u0101ras kust\u012bbas nodro\u0161in\u0101\u0161an\u0101. \u0160ie cilindri parasti tiek izmantoti robotiz\u0113t\u0101s sist\u0113m\u0101s, mont\u0101\u017eas l\u012bnij\u0101s un materi\u0101lu apstr\u0101des iek\u0101rt\u0101s. Regul\u0113jam\u0101 skavu tipa unik\u0101lais dizains \u013cauj to viegli uzst\u0101d\u012bt un regul\u0113t, padarot to \u0113rti integr\u0113jamu automatiz\u0113t\u0101s sist\u0113m\u0101s.<\/p>\n<p>Piem\u0113ram, robotiz\u0113t\u0101 metin\u0101\u0161anas lietojumprogramm\u0101 regul\u0113jamais skavu tipa cilindrs nodro\u0161ina prec\u012bzu metin\u0101\u0161anas instrumenta pozicion\u0113\u0161anu, \u013caujot veikt prec\u012bzas un vienm\u0113r\u012bgas metin\u0101\u0161anas \u0161uves. Cilindra sp\u0113ja regul\u0113t skavu poz\u012bciju nodro\u0161ina elast\u012bbu, piel\u0101gojoties da\u017e\u0101diem sagataves izm\u0113riem un form\u0101m.<\/p>\n<h3>2. B\u016bvniec\u012bba un smag\u0101 tehnika<\/h3>\n<p>Regul\u0113jami skavu tipa cilindri tiek pla\u0161i izmantoti b\u016bvniec\u012bbas un smag\u0101s tehnikas nozar\u0113, kur tie veicina iek\u0101rtu efekt\u012bvu darb\u012bbu. \u0160os cilindrus bie\u017ei izmanto ekskavatoros, iekr\u0101v\u0113jos un buldozeros, lai kontrol\u0113tu str\u0113les kust\u012bbas, kausa noliek\u0161anu un citas darb\u012bbas, kur\u0101m nepiecie\u0161ama jaud\u012bga un prec\u012bza line\u0101ra kust\u012bba.<\/p>\n<p>Piem\u0113ram, hidrauliskaj\u0101 ekskavator\u0101 regul\u0113jamais dak\u0161as tipa cilindrs tiek izmantots, lai kontrol\u0113tu sviras izstiep\u0161anu un ievilk\u0161anu, k\u0101 ar\u012b kausa atv\u0113r\u0161anu un aizv\u0113r\u0161anu. Cilindra sp\u0113ja regul\u0113t dak\u0161as garumu \u013cauj prec\u012bzi noregul\u0113t rak\u0161anas dzi\u013cumu un optimiz\u0113t ma\u0161\u012bnas veiktsp\u0113ju.<\/p>\n<h3>3. Lauksaimniec\u012bbas tehnika<\/h3>\n<p>Lauksaimniec\u012bbas nozare g\u016bst labumu no regul\u0113jamiem skavu tipa cilindriem da\u017e\u0101d\u0101s lauksaimniec\u012bbas darb\u012bb\u0101s. \u0160ie cilindri parasti ir atrodami lauksaimniec\u012bbas tehnik\u0101, piem\u0113ram, traktoros, arklos un kombainos, kur tie pal\u012bdz veikt t\u0101dus uzdevumus k\u0101 agreg\u0101ta augstuma kontrole, augsnes apstr\u0101des dzi\u013cuma regul\u0113\u0161ana vai s\u0113klu tvert\u0146u atv\u0113r\u0161ana un aizv\u0113r\u0161ana.<\/p>\n<p>Piem\u0113ram, s\u0113klu s\u0113\u0161anas ma\u0161\u012bn\u0101 regul\u0113jams skavu tipa cilindrs tiek izmantots, lai kontrol\u0113tu s\u0113klu ies\u0113\u0161anas dzi\u013cumu augsn\u0113. Tas \u013cauj lauksaimniekiem piel\u0101got s\u0113\u0161anas dzi\u013cumu atbilsto\u0161i augsnes apst\u0101k\u013ciem, optimiz\u0113jot s\u0113klu d\u012bgtsp\u0113ju un ra\u017eu.<\/p>\n<h3>4. Mobilais apr\u012bkojums<\/h3>\n<p>Regul\u0113jami skavu tipa cilindri tiek izmantoti ar\u012b mobilaj\u0101 apr\u012bkojum\u0101, tostarp piekab\u0113s, pa\u0161izg\u0101z\u0113jos un pacel\u0161anas platform\u0101s. \u0160ie cilindri nodro\u0161ina uzticamas un prec\u012bzas pacel\u0161anas, noliek\u0161anas un pagarin\u0101\u0161anas iesp\u0113jas, uzlabojot apr\u012bkojuma visp\u0101r\u0113jo funkcionalit\u0101ti un dro\u0161\u012bbu.<\/p>\n<p>Piem\u0113ram, mazas piekabes hidrauliskaj\u0101 sist\u0113m\u0101 regul\u0113jams skavu tipa cilindrs tiek izmantots, lai kontrol\u0113tu piekabes kravas kastes pacel\u0161anu un nolai\u0161anu. Tas \u013cauj efekt\u012bvi iekraut un izkraut kravu, nodro\u0161inot lietot\u0101jiem \u0113rt\u012bbas un laika ietaup\u012bjumu.<\/p>\n<p>Nosl\u0113gum\u0101 j\u0101secina, ka regul\u0113jamiem skavu tipa cilindriem, piem\u0113ram, r\u016bpn\u012bcas tie\u0161\u0101s p\u0101rdo\u0161anas hidrauliskajam cilindram un mazo piekabju hidrauliskajam cilindram, ir pla\u0161s pielietojumu kl\u0101sts da\u017e\u0101d\u0101s nozar\u0113s. To sp\u0113ja nodro\u0161in\u0101t prec\u012bzu un kontrol\u0113tu line\u0101ru kust\u012bbu apvienojum\u0101 ar regul\u0113jam\u012bbas \u0113rt\u012bbu padara tos nenov\u0113rt\u0113jamus r\u016bpnieciskaj\u0101 automatiz\u0101cij\u0101, b\u016bvniec\u012bb\u0101, lauksaimniec\u012bb\u0101 un mobilaj\u0101 apr\u012bkojum\u0101. Ar savu izcilo veiktsp\u0113ju un daudzpus\u012bbu \u0161ie cilindri veicina daudzu procesu un darb\u012bbu efektivit\u0101ti, uzticam\u012bbu un dro\u0161\u012bbu.<\/p>\n<p><img decoding=\"async\" src=\"https:\/\/fmp-components.com\/wp-content\/uploads\/2024\/12\/Application-of-Adjustable-Clevis-Type-Cylinders.webp\" alt=\"Regul\u0113jams skavu tipa cilindrs\" width=\"800\" title=\"\"><\/p>\n<h3>Par FMP<\/h3>\n<p>FMP ir uz\u0146\u0113mums, kas specializ\u0113jas hidraulisko cilindru ra\u017eo\u0161an\u0101 un p\u0101rdo\u0161an\u0101. Atrodamies It\u0101lij\u0101, m\u0113s pied\u0101v\u0101jam augstas kvalit\u0101tes un uzticamus hidrauliskos cilindrus, pateicoties m\u016bsu daudzu gadu pieredzei nozar\u0113 un profesion\u0101lajai komandai.<\/p>\n<p><img decoding=\"async\" src=\"https:\/\/fmp-components.com\/wp-content\/uploads\/2024\/12\/Adjustable-Clevis-Type-Cylinders-6.webp\" alt=\"Regul\u0113jams skavu tipa cilindrs\" width=\"817\" title=\"\"><\/p>\n<ol>\n<li>Pla\u0161s produktu kl\u0101sts: M\u0113s pied\u0101v\u0101jam daudzveid\u012bgu hidraulisko cilindru kl\u0101stu, kas piem\u0113rots da\u017e\u0101diem pielietojumiem celtniec\u012bbas tehnikas nozar\u0113.<\/li>\n<li>Augst\u0101k\u0101 kvalit\u0101te: Visi m\u016bsu hidrauliskie cilindri ir izgatavoti, izmantojot augst\u0101k\u0101s kvalit\u0101tes materi\u0101lus, un tiem tiek veiktas stingras kvalit\u0101tes kontroles p\u0101rbaudes, lai nodro\u0161in\u0101tu to iztur\u012bbu un veiktsp\u0113ju.<\/li>\n<li>Piel\u0101go\u0161anas iesp\u0113jas: M\u0113s pied\u0101v\u0101jam piel\u0101go\u0161anas pakalpojumus, lai apmierin\u0101tu m\u016bsu klientu \u012bpa\u0161\u0101s pras\u012bbas, nodro\u0161inot piel\u0101gotus risin\u0101jumus vi\u0146u celtniec\u012bbas tehnikas vajadz\u012bb\u0101m.<\/li>\n<li>Pieredz\u0113jusi p\u0101rdo\u0161anas komanda: M\u016bsu pieredz\u0113ju\u0161ajai p\u0101rdo\u0161anas komandai ir padzi\u013cin\u0101tas zin\u0101\u0161anas par celtniec\u012bbas tehnikas nozari un t\u0101 var sniegt profesion\u0101las konsult\u0101cijas par produktiem, lai pal\u012bdz\u0113tu klientiem pie\u0146emt p\u0101rdom\u0101tus l\u0113mumus par pirkumiem.<\/li>\n<li>Efekt\u012bva lo\u0123istika: Ar m\u016bsu efekt\u012bvo lo\u0123istikas izplat\u012b\u0161anas sist\u0113mu m\u0113s garant\u0113jam savlaic\u012bgu un prec\u012bzu hidraulisko cilindru pieg\u0101di m\u016bsu klientiem, nodro\u0161inot, ka vi\u0146u projekti var norit\u0113t gludi un bez kav\u0113\u0161an\u0101s.<\/li>\n<\/ol>\n<p>Sadarbojieties ar FMP visu savu hidraulisko cilindru vajadz\u012bbu apmierin\u0101\u0161anai un izbaudiet uzticam\u012bbu, kvalit\u0101ti un profesionalit\u0101ti, kas m\u016bs at\u0161\u0137ir celtniec\u012bbas tehnikas nozar\u0113.<\/p>\n<p>Autors: CX<\/p>","protected":false},"excerpt":{"rendered":"<p>The Factory Direct Sale Hydraulic Cylinder is a high-quality hydraulic cylinder designed specifically for small trailers. With its durable construction and reliable performance, this hydraulic cylinder is perfect for various applications in the industrial and commercial sectors. One of the key features of this hydraulic cylinder is its impressive lifting capacity. It is capable of [&hellip;]<\/p>","protected":false},"featured_media":1340,"comment_status":"closed","ping_status":"closed","template":"","meta":{"_et_pb_use_builder":"","_et_pb_old_content":"","_et_gb_content_width":""},"product_brand":[],"product_cat":[39],"product_tag":[41,34],"class_list":{"0":"post-1355","1":"product","2":"type-product","3":"status-publish","4":"has-post-thumbnail","6":"product_cat-adjustable-clevis-type-cylinders","7":"product_tag-adjustable-clevis-type-cylinders","8":"product_tag-hydraulic-cylinder","10":"first","11":"instock","12":"product-type-simple"},"_links":{"self":[{"href":"https:\/\/fmp-components.com\/lv\/wp-json\/wp\/v2\/product\/1355","targetHints":{"allow":["GET"]}}],"collection":[{"href":"https:\/\/fmp-components.com\/lv\/wp-json\/wp\/v2\/product"}],"about":[{"href":"https:\/\/fmp-components.com\/lv\/wp-json\/wp\/v2\/types\/product"}],"replies":[{"embeddable":true,"href":"https:\/\/fmp-components.com\/lv\/wp-json\/wp\/v2\/comments?post=1355"}],"wp:featuredmedia":[{"embeddable":true,"href":"https:\/\/fmp-components.com\/lv\/wp-json\/wp\/v2\/media\/1340"}],"wp:attachment":[{"href":"https:\/\/fmp-components.com\/lv\/wp-json\/wp\/v2\/media?parent=1355"}],"wp:term":[{"taxonomy":"product_brand","embeddable":true,"href":"https:\/\/fmp-components.com\/lv\/wp-json\/wp\/v2\/product_brand?post=1355"},{"taxonomy":"product_cat","embeddable":true,"href":"https:\/\/fmp-components.com\/lv\/wp-json\/wp\/v2\/product_cat?post=1355"},{"taxonomy":"product_tag","embeddable":true,"href":"https:\/\/fmp-components.com\/lv\/wp-json\/wp\/v2\/product_tag?post=1355"}],"curies":[{"name":"wp","href":"https:\/\/api.w.org\/{rel}","templated":true}]}}