{"id":1350,"date":"2024-12-23T02:18:07","date_gmt":"2024-12-23T02:18:07","guid":{"rendered":"https:\/\/fmp-components.com\/product\/guaranteed-quality-adjustable-welded-hydraulic-piston-cylinder-for-trailer\/"},"modified":"2024-12-23T03:38:52","modified_gmt":"2024-12-23T03:38:52","slug":"guaranteed-quality-adjustable-welded-hydraulic-piston-cylinder-for-trailer","status":"publish","type":"product","link":"https:\/\/fmp-components.com\/lv\/product\/guaranteed-quality-adjustable-welded-hydraulic-piston-cylinder-for-trailer\/","title":{"rendered":"Garant\u0113tas kvalit\u0101tes regul\u0113jams metin\u0101ts hidrauliskais virzu\u013ccilindrs piekabei"},"content":{"rendered":"<h2>Iepaz\u012bstin\u0101m ar garant\u0113tas kvalit\u0101tes regul\u0113jamu metin\u0101tu hidraulisko virzu\u013ccilindru piekabei:<\/h2>\n<p>Garant\u0113tas kvalit\u0101tes regul\u0113jamais metin\u0101tais hidrauliskais virzu\u013ccilindrs piekabei ir augstas veiktsp\u0113jas hidrauliska sast\u0101vda\u013ca, kas \u012bpa\u0161i izstr\u0101d\u0101ta piekab\u0113m. Pateicoties t\u0101 uzlabotaj\u0101m funkcij\u0101m un konstrukcijai, \u0161is virzu\u013ccilindrs nodro\u0161ina izcilu veiktsp\u0113ju un iztur\u012bbu.<\/p>\n<p>Viena no \u0161\u012b hidraulisk\u0101 virzu\u013ccilindra galvenaj\u0101m iez\u012bm\u0113m ir t\u0101 regul\u0113jam\u0101 konstrukcija. Tas \u013cauj lietot\u0101jam viegli piel\u0101got garumu atbilsto\u0161i konkr\u0113t\u0101m piekabes pras\u012bb\u0101m, nodro\u0161inot elast\u012bbu un \u0113rt\u012bbas. Neatkar\u012bgi no t\u0101, vai t\u0101 ir lieljaudas vai viegla piekabe, \u0161o virzu\u013ccilindru var attiec\u012bgi noregul\u0113t, lai nodro\u0161in\u0101tu optim\u0101lu veiktsp\u0113ju.<\/p>\n<p>Kvalit\u0101tes zi\u0146\u0101 \u0161is produkts ir rad\u012bts ilgam kalpo\u0161anas laikam. Tas ir izgatavots no augstas kvalit\u0101tes materi\u0101liem, kas ir iztur\u012bgi pret nodilumu, koroziju un ekstrem\u0101liem apst\u0101k\u013ciem. Cilindra metin\u0101t\u0101 konstrukcija nodro\u0161ina konstrukcijas integrit\u0101ti un ilgtermi\u0146a uzticam\u012bbu.<\/p>\n<p>Ar savu hidraulisko virzu\u013ca konstrukciju \u0161is cilindrs nodro\u0161ina jaud\u012bgas un prec\u012bzas pacel\u0161anas un nolai\u0161anas iesp\u0113jas. Tas nodro\u0161ina vienm\u0113r\u012bgas un kontrol\u0113tas kust\u012bbas, \u013caujot efekt\u012bvi darboties un uzlabot produktivit\u0101ti. Neatkar\u012bgi no t\u0101, vai tas ir kravas iekrau\u0161ana un izkrau\u0161ana vai piekabes augstuma regul\u0113\u0161ana, \u0161is virzu\u013ccilindrs nodro\u0161ina nepiecie\u0161amo veiktsp\u0113ju.<\/p>\n<p>Turkl\u0101t \u0161is hidrauliskais virzu\u013ccilindrs ir izstr\u0101d\u0101ts, \u0146emot v\u0113r\u0101 dro\u0161\u012bbu. Tam ir uzticami bl\u012bv\u0113jumi un v\u0101rsti, kas nov\u0113r\u0161 nopl\u016bdes un nodro\u0161ina pareizu darb\u012bbu. Turkl\u0101t tas ir apr\u012bkots ar spiediena samazin\u0101\u0161anas v\u0101rstu, lai nov\u0113rstu p\u0101rslodzi un aizsarg\u0101tu cilindru no boj\u0101jumiem.<\/p>\n<p><img loading=\"lazy\" decoding=\"async\" class=\"alignnone size-full wp-image-1334\" src=\"https:\/\/fmp-components.com\/wp-content\/uploads\/2024\/12\/Adjustable-Clevis-Type-Cylinders-4.webp\" alt=\"Regul\u0113jami skavu tipa cilindri\" width=\"800\" height=\"800\" title=\"\" srcset=\"https:\/\/fmp-components.com\/wp-content\/uploads\/2024\/12\/Adjustable-Clevis-Type-Cylinders-4.webp 800w, https:\/\/fmp-components.com\/wp-content\/uploads\/2024\/12\/Adjustable-Clevis-Type-Cylinders-4-480x480.webp 480w\" sizes=\"(min-width: 0px) and (max-width: 480px) 480px, (min-width: 481px) 800px, 100vw\" \/><\/p>\n<p>Nosl\u0113gum\u0101 j\u0101saka, ka garant\u0113t\u0101s kvalit\u0101tes regul\u0113jamais metin\u0101tais hidrauliskais virzu\u013ccilindrs piekabei ir augst\u0101k\u0101s klases hidrauliskais komponents, kas pied\u0101v\u0101 izcilu veiktsp\u0113ju, iztur\u012bbu un regul\u0113jam\u012bbu. T\u0101 uzlabot\u0101s funkcijas un konstrukcija padara to par ide\u0101lu izv\u0113li visu veidu piekab\u0113m. Ar \u0161o virzu\u013ccilindru j\u016bs varat sagaid\u012bt uzticamu un efekt\u012bvu darb\u012bbu j\u016bsu piekabes vajadz\u012bb\u0101m.<\/p>\n<p>Izbaudiet izcilu veiktsp\u0113ju un iztur\u012bbu ar m\u016bsu garant\u0113t\u0101s kvalit\u0101tes regul\u0113jamo metin\u0101to hidraulisko virzu\u013ccilindru piekab\u0113m. Produkts ir jauns un tam ir 1 gada garantija. Tas ir piem\u0113rojams da\u017e\u0101d\u0101s nozar\u0113s, tostarp tehnikas remonta darbn\u012bc\u0101s, ferm\u0101s, ener\u0123\u0113tikas un ieguves r\u016bpniec\u012bb\u0101, tehnikas ra\u017eo\u0161an\u0101 un tehnikas r\u016bpn\u012bc\u0101s. Produkts sver 104 kg, un tam ir pievienota video izejo\u0161\u0101 p\u0101rbaude un tehnikas testa zi\u0146ojums. \u0160\u012b hidraulisk\u0101 virzu\u013ccilindra galven\u0101s sast\u0101vda\u013cas, kas atbilst 2023. gada jaun\u0101 produkta m\u0101rketinga tipam, ir gultnis un pats hidrauliskais cilindrs. Produkts atbilst standarta specifik\u0101cij\u0101m un tam ir virzu\u013ccilindra strukt\u016bra. Tas darbojas ar hidraulisko sp\u0113ku, ir izgatavots no t\u0113rauda un rada maksim\u0101lo vilces sp\u0113ku 3000. Regul\u0113jamie skavu tipa cilindri ir sader\u012bgi ar G\/SAE\/NPT\/M portu un var vilkt maksim\u0101lo svaru l\u012bdz 20 tonn\u0101m.<\/p>\n<p><img decoding=\"async\" src=\"https:\/\/img.jiansujichilun.com\/img\/hydrauliccylinders\/B_hydrauliccylinders-5.webp\" alt=\"hidrauliskais cilindrs\" width=\"800\" title=\"\"><\/p>\n<p>Regul\u0113jamais metin\u0101tais hidrauliskais virzu\u013ccilindrs ir izsmalcin\u0101ts in\u017eeniertehnisks izstr\u0101d\u0101jums, kas paredz\u0113ts augstai veiktsp\u0113jai un ilgm\u016b\u017e\u012bbai. K\u0101 <b>produkta veids,<\/b> Tas pieder pie metin\u0101to hidraulisko cilindru kategorijas, kas paz\u012bstama ar savu iztur\u012bbu un sp\u0113ju iztur\u0113t augstu spiedienu. Produkta <b>specifik\u0101cijas un veiktsp\u0113jas dati<\/b> ir apsveicami. T\u0101 urbuma diametrs ir no 2 l\u012bdz 6 coll\u0101m un stie\u0146a izm\u0113rs ir no 1,125 l\u012bdz 4 coll\u0101m. G\u0101jiena garums ir no 4 l\u012bdz 100 coll\u0101m, un tapas izm\u0113rs ir no 0,5 l\u012bdz 2 coll\u0101m. Run\u0101jot par <b>materi\u0101li un konstrukcijas kvalit\u0101te,<\/b> Korpusa materi\u0101ls ir t\u0113rauds, kas paz\u012bstams ar savu iztur\u012bbu un iztur\u012bbu pret koroziju. \u0160is hidrauliskais virzu\u013ccilindrs demonstr\u0113 izcilu konstrukcijas kvalit\u0101ti, un galven\u0101s sast\u0101vda\u013cas, piem\u0113ram, gultnis un hidrauliskais cilindrs, nodro\u0161ina vienm\u0113r\u012bgu darb\u012bbu. <b>lietojumprogrammu un lieto\u0161anas gad\u012bjumus<\/b> \u0160\u012b cilindra pielietojuma jomas ir pla\u0161as, \u0146emot v\u0113r\u0101 t\u0101 piem\u0113rojam\u012bbu da\u017e\u0101d\u0101s nozar\u0113s, piem\u0113ram, ma\u0161\u012bnb\u016bv\u0113, remontdarbn\u012bc\u0101s un pat lauksaimniec\u012bbas, ener\u0123\u0113tikas un kalnr\u016bpniec\u012bbas nozar\u0113s.<\/p>\n<h2>Regul\u0113jamu skavu tipa cilindru priek\u0161roc\u012bbas<\/h2>\n<p>Regul\u0113jami skavu tipa cilindri, piem\u0113ram, garant\u0113t\u0101s kvalit\u0101tes regul\u0113jamais metin\u0101tais hidrauliskais virzu\u013ccilindrs piekabei, pied\u0101v\u0101 vair\u0101kas b\u016btiskas priek\u0161roc\u012bbas da\u017e\u0101dos r\u016bpnieciskos pielietojumos. \u0160ie cilindri ir izstr\u0101d\u0101ti, lai nodro\u0161in\u0101tu prec\u012bzu vad\u012bbu un efekt\u012bvu veiktsp\u0113ju, padarot tos par popul\u0101ru izv\u0113li hidrauliskaj\u0101s sist\u0113m\u0101s. \u0160aj\u0101 rakst\u0101 m\u0113s izp\u0113t\u012bsim \u0161o cilindru unik\u0101l\u0101s \u012bpa\u0161\u012bbas un priek\u0161roc\u012bbas.<\/p>\n<h3>1. Uzlabota elast\u012bba un piel\u0101go\u0161an\u0101s sp\u0113ja<\/h3>\n<p>Viena no regul\u0113jamu skavu tipa cilindru galvenaj\u0101m priek\u0161roc\u012bb\u0101m ir to sp\u0113ja piel\u0101goties da\u017e\u0101diem darba apst\u0101k\u013ciem. \u0160iem cilindriem ir regul\u0113jams skavu stiprin\u0101jums, kas \u013cauj tos viegli piel\u0101got atbilsto\u0161i konkr\u0113t\u0101m pielietojuma pras\u012bb\u0101m. \u0160\u012b elast\u012bba \u013cauj cilindriem piel\u0101goties pla\u0161am mont\u0101\u017eas konfigur\u0101ciju kl\u0101stam, nodro\u0161inot sader\u012bbu ar da\u017e\u0101d\u0101m ma\u0161\u012bn\u0101m un apr\u012bkojumu.<\/p>\n<h3>2. Optim\u0101la slodzes stabilit\u0101te un kontrole<\/h3>\n<p>Regul\u0113jamu skavu tipa cilindru konstrukcija nodro\u0161ina izcilu kravas stabilit\u0101ti un kontroli. \u0160ie cilindri izmanto virzu\u013ca meh\u0101nismu, kas nodro\u0161ina prec\u012bzu smagu kravu p\u0101rvieto\u0161anu un pozicion\u0113\u0161anu. Izmantojot hidraulisko spiedienu, operatori var regul\u0113t cilindra g\u0101jienu un kontrol\u0113t slodzei pielikto \u0101trumu un sp\u0113ku. \u0160is kontroles l\u012bmenis nodro\u0161ina dro\u0161u un efekt\u012bvu darb\u012bbu, samazinot negad\u012bjumu un boj\u0101jumu risku.<\/p>\n<h3>3. Augsta iztur\u012bba un ilgm\u016b\u017e\u012bba<\/h3>\n<p>Garant\u0113tas kvalit\u0101tes regul\u0113jami metin\u0101ti hidrauliskie virzu\u013ccilindri piekab\u0113m tiek ra\u017eoti, izmantojot augst\u0101k\u0101s kvalit\u0101tes materi\u0101lus un progres\u012bvas metin\u0101\u0161anas metodes. \u0160\u012b konstrukcija nodro\u0161ina to augstu iztur\u012bbu un ilgm\u016b\u017e\u012bbu pat sare\u017e\u0123\u012btos apst\u0101k\u013cos. \u0160ie cilindri ir izstr\u0101d\u0101ti, lai iztur\u0113tu lielas slodzes, ekstrem\u0101las temperat\u016bras un skarbus darba apst\u0101k\u013cus, padarot tos \u013coti uzticamus un rentablus ilgtermi\u0146\u0101.<\/p>\n<h3>4. Uzlabota produktivit\u0101te un efektivit\u0101te<\/h3>\n<p>Iek\u013caujot hidrauliskaj\u0101s sist\u0113m\u0101s regul\u0113jamus skavu tipa cilindrus, uz\u0146\u0113mumi var uzlabot produktivit\u0101ti un efektivit\u0101ti. \u0160ie cilindri nodro\u0161ina prec\u012bzas un kontrol\u0113tas kust\u012bbas, samazinot k\u013c\u016bdu un p\u0101rstr\u0101d\u0101\u0161anas risku. Sp\u0113ja piel\u0101got cilindra g\u0101jienu un \u0101trumu \u013cauj operatoriem optimiz\u0113t darb\u012bbu maksim\u0101lai efektivit\u0101tei, galu gal\u0101 uzlabojot kop\u0113jo produktivit\u0101ti un samazinot d\u012bkst\u0101ves laiku.<\/p>\n<h3>5. Vienk\u0101r\u0161a apkope un apkalpo\u0161ana<\/h3>\n<p>Regul\u0113jamie skavu tipa cilindri ir izstr\u0101d\u0101ti, \u0146emot v\u0113r\u0101 \u0113rtu apkopi un apkalpojam\u012bbu. To konstrukcija nodro\u0161ina \u0101tru un vienk\u0101r\u0161u demont\u0101\u017eu un mont\u0101\u017eu, vienk\u0101r\u0161ojot ikdienas apkopes uzdevumus. Turkl\u0101t \u0161ie cilindri ir apr\u012bkoti ar augstas kvalit\u0101tes bl\u012bv\u0113m un deta\u013c\u0101m, kas samazina nopl\u016b\u017eu risku un nodro\u0161ina vienm\u0113r\u012bgu darb\u012bbu vis\u0101 to kalpo\u0161anas laik\u0101.<\/p>\n<h3>Secin\u0101jums<\/h3>\n<p>Garant\u0113tas kvalit\u0101tes regul\u0113jamais metin\u0101tais hidrauliskais virzu\u013ccilindrs piekabei ar regul\u0113jamu skavu konstrukciju pied\u0101v\u0101 virkni priek\u0161roc\u012bbu, kas uzlabo elast\u012bbu, kravas stabilit\u0101ti, iztur\u012bbu, produktivit\u0101ti un apkopes vienk\u0101r\u0161\u012bbu. \u0160o cilindru iek\u013cau\u0161ana hidrauliskaj\u0101s sist\u0113m\u0101s var iev\u0113rojami uzlabot kop\u0113jo veiktsp\u0113ju un darb\u012bbas efektivit\u0101ti. To piel\u0101gojam\u012bba un precizit\u0101te padara tos par v\u0113rt\u012bgu izv\u0113li da\u017e\u0101dos r\u016bpnieciskos pielietojumos.<\/p>\n<p><img decoding=\"async\" src=\"https:\/\/fmp-components.com\/wp-content\/uploads\/2024\/12\/Adjustable-Clevis-Type-Cylinders5.webp\" alt=\"Regul\u0113jams skavu tipa cilindrs\" width=\"800\" title=\"\"><\/p>\n<h2>Regul\u0113jamu skavu tipa cilindru pielietojums<\/h2>\n<p>Regul\u0113jami skavu tipa cilindri, piem\u0113ram, garant\u0113tas kvalit\u0101tes regul\u0113jamie metin\u0101tie hidrauliskie virzu\u013ccilindri piekab\u0113m, tiek pla\u0161i izmantoti da\u017e\u0101d\u0101s nozar\u0113s, pateicoties to unik\u0101laj\u0101m \u012bpa\u0161\u012bb\u0101m un priek\u0161roc\u012bb\u0101m. \u0160aj\u0101 rakst\u0101 m\u0113s izp\u0113t\u012bsim da\u017e\u0101dus \u0161o cilindru pielietojumus un detaliz\u0113ti apl\u016bkosim to funkcijas.<\/p>\n<h3>1. R\u016bpniecisk\u0101s iek\u0101rtas<\/h3>\n<p>Viens no regul\u0113jamu skavu tipa cilindru galvenajiem pielietojumiem ir r\u016bpniecisk\u0101s iek\u0101rtas. \u0160iem cilindriem ir iz\u0161\u0137iro\u0161a noz\u012bme da\u017e\u0101du komponentu kust\u012bbas kontrol\u0113\u0161an\u0101, nodro\u0161inot vienm\u0113r\u012bgu un prec\u012bzu darb\u012bbu. Pateicoties regul\u0113jamajai skavu konstrukcijai, tie pied\u0101v\u0101 elast\u012bbu da\u017e\u0101du deta\u013cu uzst\u0101d\u012b\u0161an\u0101 un savieno\u0161an\u0101, padarot tos ide\u0101li piem\u0113rotus pla\u0161am r\u016bpniecisko pielietojumu kl\u0101stam. T\u0101das nozares k\u0101 ra\u017eo\u0161ana, b\u016bvniec\u012bba un materi\u0101lu apstr\u0101de liel\u0101 m\u0113r\u0101 pa\u013caujas uz \u0161iem cilindriem, lai uzlabotu savu iek\u0101rtu veiktsp\u0113ju.<\/p>\n<h3>2. Lauksaimniec\u012bbas tehnika<\/h3>\n<p>Regul\u0113jami skavu tipa cilindri tiek pla\u0161i izmantoti ar\u012b lauksaimniec\u012bbas nozar\u0113. Tie nodro\u0161ina efekt\u012bvu lauksaimniec\u012bbas tehnikas, piem\u0113ram, traktoru, kombainu un arklu, darb\u012bbu. \u0160ie cilindri nodro\u0161ina nepiecie\u0161amo sp\u0113ku un kontroli agreg\u0101tu kust\u012bbai, nodro\u0161inot optim\u0101lu veiktsp\u0113ju lauk\u0101. Neatkar\u012bgi no t\u0101, vai tiek regul\u0113ts arkla augstums vai kombaina poz\u012bcija, \u0161iem cilindriem ir b\u016btiska loma lauksaimniec\u012bbas darb\u012bbu produktivit\u0101tes un efektivit\u0101tes uzlabo\u0161an\u0101.<\/p>\n<h3>3. Mobilais apr\u012bkojums<\/h3>\n<p>V\u0113l viens noz\u012bm\u012bgs regul\u0113jamu skavu tipa cilindru pielietojums ir mobilaj\u0101 apr\u012bkojum\u0101. \u0160os cilindrus parasti izmanto transportl\u012bdzek\u013cos, piem\u0113ram, piekab\u0113s, pa\u0161izg\u0101z\u0113jos un celt\u0146os. Tie nodro\u0161ina prec\u012bzu da\u017e\u0101du kust\u012bbu kontroli, tostarp pacel\u0161anu, nolai\u0161anu, noliek\u0161anu un izstiep\u0161anu. Regul\u0113jam\u0101s skavu konstrukcija \u013cauj tos viegli uzst\u0101d\u012bt un regul\u0113t, padarot tos piem\u0113rotus da\u017e\u0101da veida mobilajam apr\u012bkojumam. Neatkar\u012bgi no t\u0101, vai tiek pacelta pa\u0161izg\u0101z\u0113ja kravas kaste vai vad\u012bta celt\u0146a str\u0113le, \u0161ie cilindri nodro\u0161ina nepiecie\u0161amo jaudu un stabilit\u0101ti.<\/p>\n<h3>4. Celtniec\u012bbas tehnika<\/h3>\n<p>Regul\u0113jami skavu tipa cilindri tiek pla\u0161i izmantoti b\u016bvniec\u012bbas nozar\u0113. Tos izmanto da\u017e\u0101d\u0101s celtniec\u012bbas ma\u0161\u012bn\u0101s, tostarp ekskavatoros, buldozeros un iekr\u0101v\u0113jos. \u0160ie cilindri nodro\u0161ina prec\u012bzu hidraulisko sviru, kausu un l\u0101pstu kust\u012bbas kontroli, t\u0101d\u0113j\u0101di nodro\u0161inot efekt\u012bvas rak\u0161anas, stum\u0161anas un cel\u0161anas darb\u012bbas. Ar garant\u0113tu kvalit\u0101ti un regul\u0113jamo konstrukciju \u0161ie cilindri iztur sare\u017e\u0123\u012btus darba apst\u0101k\u013cus b\u016bvlaukumos un veicina produktivit\u0101tes un dro\u0161\u012bbas pieaugumu.<\/p>\n<h3>5. Materi\u0101lu apstr\u0101des sist\u0113mas<\/h3>\n<p>Regul\u0113jami skavu tipa cilindri ir neat\u0146emama materi\u0101lu apstr\u0101des sist\u0113mu sast\u0101vda\u013ca. Neatkar\u012bgi no t\u0101, vai t\u0101 ir konveijeru sist\u0113ma vai pacel\u0161anas meh\u0101nisms, \u0161ie cilindri nodro\u0161ina nepiecie\u0161amo sp\u0113ku un vad\u012bbu, lai prec\u012bzi p\u0101rvietotu un pozicion\u0113tu objektus. To regul\u0113jam\u0101 konstrukcija \u013cauj tos viegli integr\u0113t da\u017e\u0101d\u0101s materi\u0101lu apstr\u0101des sist\u0113m\u0101s, uzlabojot darb\u012bbas efektivit\u0101ti noliktav\u0101s, izplat\u012b\u0161anas centros un ra\u017eo\u0161anas uz\u0146\u0113mumos. S\u0101kot ar konveijera lentu kust\u012bbas kontroli un beidzot ar robotiz\u0113tu roku pozicion\u0113\u0161anu, \u0161iem cilindriem ir iz\u0161\u0137iro\u0161a noz\u012bme materi\u0101lu apstr\u0101des procesu racionaliz\u0113\u0161an\u0101.<\/p>\n<p>Nosl\u0113gum\u0101 j\u0101secina, ka regul\u0113jamiem skavu tipa cilindriem, piem\u0113ram, garant\u0113tas kvalit\u0101tes regul\u0113jamiem metin\u0101tiem hidrauliskajiem virzu\u013ccilindriem piekab\u0113m, ir daudzveid\u012bgs pielietojums da\u017e\u0101d\u0101s nozar\u0113s. To unik\u0101l\u0101s \u012bpa\u0161\u012bbas, tostarp regul\u0113jam\u0101 skavu konstrukcija, padara tos daudzpus\u012bgus un piem\u0113rotus pla\u0161am uzdevumu kl\u0101stam. Neatkar\u012bgi no t\u0101, vai tas ir r\u016bpniec\u012bbas ma\u0161\u012bn\u0101s, lauksaimniec\u012bbas iek\u0101rt\u0101s, mobilajos transportl\u012bdzek\u013cos, celtniec\u012bbas ma\u0161\u012bn\u0101s vai materi\u0101lu apstr\u0101des sist\u0113m\u0101s, \u0161ie cilindri nodro\u0161ina nepiecie\u0161amo sp\u0113ku, kontroli un uzticam\u012bbu, lai optimiz\u0113tu veiktsp\u0113ju un uzlabotu darb\u012bbas efektivit\u0101ti.<\/p>\n<p><img decoding=\"async\" src=\"https:\/\/fmp-components.com\/wp-content\/uploads\/2024\/12\/Application-of-Adjustable-Clevis-Type-Cylinders.webp\" alt=\"Regul\u0113jams skavu tipa cilindrs\" width=\"800\" title=\"\"><\/p>\n<h3>Par FMP<\/h3>\n<p>FMP ir uz\u0146\u0113mums, kas specializ\u0113jas hidraulisko cilindru ra\u017eo\u0161an\u0101 un p\u0101rdo\u0161an\u0101. Pateicoties m\u016bsu pla\u0161ajai pieredzei nozar\u0113 un profesion\u0101lajai komandai, m\u0113s nodro\u0161in\u0101m klientus ar augstas kvalit\u0101tes un uzticamiem hidrauliskajiem cilindriem celtniec\u012bbas tehnikai.<\/p>\n<p>1. Pla\u0161s produktu kl\u0101sts:<\/p>\n<p>M\u016bsu produktu kl\u0101st\u0101 ir da\u017e\u0101di hidrauliskie cilindri celtniec\u012bbas ma\u0161\u012bn\u0101m. Neatkar\u012bgi no t\u0101, vai jums nepiecie\u0161ami vienk\u0101r\u0161\u0101s vai divk\u0101r\u0161\u0101s darb\u012bbas cilindri, teleskopiskie cilindri vai p\u0113c pas\u016bt\u012bjuma izgatavoti cilindri, mums ir ide\u0101ls risin\u0101jums, kas atbilst j\u016bsu \u012bpa\u0161aj\u0101m pras\u012bb\u0101m.<\/p>\n<p>2. Augst\u0101k\u0101s kvalit\u0101tes komponenti:<\/p>\n<p>Visi m\u016bsu hidrauliskie cilindri ir izgatavoti, izmantojot augst\u0101k\u0101s kvalit\u0101tes komponentus. M\u016bsu ra\u017eo\u0161anas proces\u0101 m\u0113s pie\u0161\u0137iram priorit\u0101ti kvalit\u0101tei, lai nodro\u0161in\u0101tu m\u016bsu produktu ilgm\u016b\u017e\u012bbu un veiktsp\u0113ju.<\/p>\n<p>3. Ekspert\u012bze un konsult\u0101cijas:<\/p>\n<p>M\u016bsu pieredz\u0113ju\u0161\u0101 p\u0101rdo\u0161anas komanda labi p\u0101rzina b\u016bvniec\u012bbas tehnikas nozares att\u012bst\u012bbas tendences un klientu vajadz\u012bbas. Vi\u0146i var sniegt profesion\u0101las produktu konsult\u0101cijas, pal\u012bdzot jums izv\u0113l\u0113ties pareizo hidraulisko cilindru j\u016bsu tehnikai.<\/p>\n<p>4. Uzticama pieg\u0101des \u0137\u0113de:<\/p>\n<p>Izveidojot ilgtermi\u0146a un stabilas sadarb\u012bbas attiec\u012bbas ar augstas kvalit\u0101tes pieg\u0101d\u0101t\u0101jiem, m\u0113s garant\u0113jam, ka visas pieg\u0101d\u0101t\u0101s deta\u013cas atbilst stingriem kvalit\u0101tes standartiem. Tas nodro\u0161ina m\u016bsu hidraulisko cilindru uzticam\u012bbu un iztur\u012bbu.<\/p>\n<p>5. Efekt\u012bva lo\u0123istika un savlaic\u012bga pieg\u0101de:<\/p>\n<p>Mums ir efekt\u012bva lo\u0123istikas izplat\u012b\u0161anas sist\u0113ma, lai nodro\u0161in\u0101tu, ka klienti savlaic\u012bgi un prec\u012bzi sa\u0146em nepiecie\u0161amos hidrauliskos cilindrus. M\u0113s saprotam d\u012bkst\u0101ves laika samazin\u0101\u0161anas noz\u012bmi un cen\u0161amies nodro\u0161in\u0101t \u0101tru pieg\u0101di.<\/p>\n<p><img decoding=\"async\" src=\"https:\/\/fmp-components.com\/wp-content\/uploads\/2024\/12\/Adjustable-Clevis-Type-Cylinders-6.webp\" alt=\"Regul\u0113jams skavu tipa cilindrs\" width=\"812\" title=\"\"><\/p>\n<h2>Bie\u017ei uzdotie jaut\u0101jumi:<\/h2>\n<ol>\n<li style=\"list-style-type: none;\">\n<ol>\n<li><b>J: Vai \u0161ie hidrauliskie virzu\u013ccilindri ir piem\u0113roti izmanto\u0161anai ener\u0123\u0113tikas un kalnr\u016bpniec\u012bbas nozar\u0113s?<\/b> nn<br \/>\nA: J\u0101, m\u016bsu regul\u0113jamais metin\u0101tais hidrauliskais virzu\u013ccilindrs ir izstr\u0101d\u0101ts, lai iztur\u0113tu sare\u017e\u0123\u012btus apst\u0101k\u013cus, padarot to piem\u0113rotu izmanto\u0161anai ener\u0123\u0113tikas un kalnr\u016bpniec\u012bbas nozar\u0113s.<\/li>\n<\/ol>\n<\/li>\n<\/ol>\n<ol>\n<li style=\"list-style-type: none;\">\n<ol>\n<li><b>J: K\u0101ds ir maksim\u0101lais svars, ko \u0161is hidrauliskais virzu\u013ccilindrs var pavilkt?<\/b> nn<br \/>\nA: M\u016bsu regul\u0113jamais metin\u0101tais hidrauliskais virzu\u013ccilindrs var pavilkt maksim\u0101lo svaru l\u012bdz 20 tonn\u0101m.<\/li>\n<\/ol>\n<\/li>\n<\/ol>\n<ol>\n<li style=\"list-style-type: none;\">\n<ol>\n<li><b>J: Vai j\u016bs pied\u0101v\u0101jat k\u0101du garantiju \u0161im produktam?<\/b> nn<br \/>\nA: J\u0101, m\u016bsu regul\u0113jamajam metin\u0101tajam hidrauliskajam virzu\u013ccilindram ir 1 gada garantija uz galvenaj\u0101m sast\u0101vda\u013c\u0101m.<\/li>\n<\/ol>\n<\/li>\n<\/ol>\n<p>Autors: CX<\/p>","protected":false},"excerpt":{"rendered":"<p>Introducing the Guaranteed Quality Adjustable Welded Hydraulic Piston Cylinder For Trailer: The Guaranteed Quality Adjustable Welded Hydraulic Piston Cylinder For Trailer is a high-performance hydraulic component designed specifically for trailers. With its advanced features and construction, this piston cylinder delivers exceptional performance and durability. One of the key features of this hydraulic piston cylinder is [&hellip;]<\/p>","protected":false},"featured_media":1336,"comment_status":"closed","ping_status":"closed","template":"","meta":{"_et_pb_use_builder":"","_et_pb_old_content":"","_et_gb_content_width":""},"product_brand":[],"product_cat":[39],"product_tag":[41,34],"class_list":{"0":"post-1350","1":"product","2":"type-product","3":"status-publish","4":"has-post-thumbnail","6":"product_cat-adjustable-clevis-type-cylinders","7":"product_tag-adjustable-clevis-type-cylinders","8":"product_tag-hydraulic-cylinder","10":"first","11":"instock","12":"product-type-simple"},"_links":{"self":[{"href":"https:\/\/fmp-components.com\/lv\/wp-json\/wp\/v2\/product\/1350","targetHints":{"allow":["GET"]}}],"collection":[{"href":"https:\/\/fmp-components.com\/lv\/wp-json\/wp\/v2\/product"}],"about":[{"href":"https:\/\/fmp-components.com\/lv\/wp-json\/wp\/v2\/types\/product"}],"replies":[{"embeddable":true,"href":"https:\/\/fmp-components.com\/lv\/wp-json\/wp\/v2\/comments?post=1350"}],"wp:featuredmedia":[{"embeddable":true,"href":"https:\/\/fmp-components.com\/lv\/wp-json\/wp\/v2\/media\/1336"}],"wp:attachment":[{"href":"https:\/\/fmp-components.com\/lv\/wp-json\/wp\/v2\/media?parent=1350"}],"wp:term":[{"taxonomy":"product_brand","embeddable":true,"href":"https:\/\/fmp-components.com\/lv\/wp-json\/wp\/v2\/product_brand?post=1350"},{"taxonomy":"product_cat","embeddable":true,"href":"https:\/\/fmp-components.com\/lv\/wp-json\/wp\/v2\/product_cat?post=1350"},{"taxonomy":"product_tag","embeddable":true,"href":"https:\/\/fmp-components.com\/lv\/wp-json\/wp\/v2\/product_tag?post=1350"}],"curies":[{"name":"wp","href":"https:\/\/api.w.org\/{rel}","templated":true}]}}