{"id":1349,"date":"2024-12-23T02:18:07","date_gmt":"2024-12-23T02:18:07","guid":{"rendered":"https:\/\/fmp-components.com\/product\/china-supplier-tow-truck-stainless-steel-hydraulic-cylinder\/"},"modified":"2024-12-23T08:55:57","modified_gmt":"2024-12-23T08:55:57","slug":"italy-supplier-tow-truck-stainless-steel-hydraulic-cylinder","status":"publish","type":"product","link":"https:\/\/fmp-components.com\/lv\/product\/italy-supplier-tow-truck-stainless-steel-hydraulic-cylinder\/","title":{"rendered":"It\u0101lijas pieg\u0101d\u0101t\u0101ja evakuatora ner\u016bs\u0113jo\u0161\u0101 t\u0113rauda hidrauliskais cilindrs"},"content":{"rendered":"<p>It\u0101lijas pieg\u0101d\u0101t\u0101ja evakuatora ner\u016bs\u0113jo\u0161\u0101 t\u0113rauda hidrauliskais cilindrs ir augstas kvalit\u0101tes produkts, kas paredz\u0113ts lieljaudas vilk\u0161anas vajadz\u012bb\u0101m. Pateicoties iztur\u012bgajai ner\u016bs\u0113jo\u0161\u0101 t\u0113rauda konstrukcijai, \u0161is hidrauliskais cilindrs pied\u0101v\u0101 izcilu iztur\u012bbu un iztur\u012bbu pret koroziju, padarot to ide\u0101li piem\u0113rotu lieto\u0161anai da\u017e\u0101dos r\u016bpnieciskos un komerci\u0101los apst\u0101k\u013cos.<\/p>\n<p>\u0160is evakuatora hidrauliskais cilindrs, kas apr\u012bkots ar modernu hidraulisko tehnolo\u0123iju, nodro\u0161ina uzticamu un prec\u012bzu veiktsp\u0113ju. Tas sp\u0113j rad\u012bt sp\u0113c\u012bgus sp\u0113kus, nodro\u0161inot efekt\u012bvas un dro\u0161as vilk\u0161anas oper\u0101cijas. Neatkar\u012bgi no t\u0101, vai jums ir j\u0101pace\u013c, j\u0101velk vai j\u0101stumj smagas kravas, \u0161is cilindrs nodro\u0161ina nepiecie\u0161amo sp\u0113ku un stabilit\u0101ti darba veik\u0161anai.<\/p>\n<p>It\u0101lijas pieg\u0101d\u0101t\u0101ja evakuatora ner\u016bs\u0113jo\u0161\u0101 t\u0113rauda hidrauliskais cilindrs ir izstr\u0101d\u0101ts, \u0146emot v\u0113r\u0101 \u0113rt\u012bbas un lieto\u0161anas \u0113rtumu. Tam ir lietot\u0101jam draudz\u012bgs dizains, kas padara uzst\u0101d\u012b\u0161anu un darb\u012bbu bez probl\u0113m\u0101m. Pateicoties iztur\u012bgajai konstrukcijai un uzticamaj\u0101m sast\u0101vda\u013c\u0101m, \u0161is cilindrs nodro\u0161ina ilgsto\u0161u darb\u012bbu un minim\u0101las apkopes pras\u012bbas.<\/p>\n<p><img loading=\"lazy\" decoding=\"async\" class=\"alignnone size-full wp-image-1334\" src=\"https:\/\/fmp-components.com\/wp-content\/uploads\/2024\/12\/Adjustable-Clevis-Type-Cylinders-4.webp\" alt=\"Regul\u0113jami skavu tipa cilindri\" width=\"800\" height=\"800\" title=\"\" srcset=\"https:\/\/fmp-components.com\/wp-content\/uploads\/2024\/12\/Adjustable-Clevis-Type-Cylinders-4.webp 800w, https:\/\/fmp-components.com\/wp-content\/uploads\/2024\/12\/Adjustable-Clevis-Type-Cylinders-4-480x480.webp 480w\" sizes=\"(min-width: 0px) and (max-width: 480px) 480px, (min-width: 481px) 800px, 100vw\" \/><\/p>\n<p>Turkl\u0101t \u0161o hidraulisko cilindru nodro\u0161ina uzticama It\u0101lijas pieg\u0101d\u0101t\u0101ja zin\u0101\u0161anas un reput\u0101cija. Pateicoties vi\u0146u ap\u0146\u0113m\u012bbai nodro\u0161in\u0101t kvalit\u0101ti un klientu apmierin\u0101t\u012bbu, varat pa\u013cauties, ka \u0161is produkts atbilst augst\u0101kajiem nozares standartiem.<\/p>\n<p>Nosl\u0113gum\u0101 j\u0101saka, ka It\u0101lijas pieg\u0101d\u0101t\u0101ja evakuatora ner\u016bs\u0113jo\u0161\u0101 t\u0113rauda hidrauliskais cilindrs ir uzticams un iztur\u012bgs risin\u0101jums lieljaudas vilk\u0161anas vajadz\u012bb\u0101m. T\u0101 ner\u016bs\u0113jo\u0161\u0101 t\u0113rauda konstrukcija, modern\u0101 hidraulisk\u0101 tehnolo\u0123ija un lietot\u0101jam draudz\u012bgais dizains padara to par ide\u0101lu izv\u0113li da\u017e\u0101d\u0101m r\u016bpniecisk\u0101m un komerci\u0101l\u0101m vajadz\u012bb\u0101m. Uzticieties cien\u012bjama It\u0101lijas pieg\u0101d\u0101t\u0101ja zin\u0101\u0161an\u0101m un izbaudiet \u0161\u012b augst\u0101k\u0101s klases hidraulisk\u0101 cilindra jaudu un efektivit\u0101ti.<\/p>\n<p>Iepaz\u012bstin\u0101m ar m\u016bsu jauno ner\u016bs\u0113jo\u0161\u0101 t\u0113rauda hidraulisko cilindru no cien\u012bjama It\u0101lijas pieg\u0101d\u0101t\u0101ja FMP Hydraulic Machinery. \u0160is produkts lepojas ar iespaid\u012bg\u0101m specifik\u0101cij\u0101m un veiktsp\u0113jas datiem, padarot to par uzticamu izv\u0113li t\u0101d\u0101m nozar\u0113m k\u0101 ma\u0161\u012bnb\u016bves remonta darbn\u012bcas, saimniec\u012bbas, ener\u0123\u0113tika un ieguves r\u016bpniec\u012bba, ma\u0161\u012bnb\u016bves ra\u017eo\u0161ana un ma\u0161\u012bnb\u016bves r\u016bpn\u012bcas.<\/p>\n<h2>Regul\u0113jamu skavu tipa cilindru priek\u0161roc\u012bbas<\/h2>\n<p>Regul\u0113jami skavas tipa cilindri ir b\u016btiska hidraulisko sist\u0113mu sast\u0101vda\u013ca. \u0160iem cilindriem ir daudz priek\u0161roc\u012bbu, padarot tos par lielisku izv\u0113li da\u017e\u0101d\u0101m nozar\u0113m. T\u0101l\u0101k ir min\u0113tas da\u017eas no regul\u0113jamu skavas tipa cilindru izmanto\u0161anas priek\u0161roc\u012bb\u0101m:<\/p>\n<ol>\n<li style=\"list-style-type: none;\">\n<ol>\n<li><strong>Augsta iztur\u012bba un ilgm\u016b\u017e\u012bba:<\/strong> It\u0101lijas pieg\u0101d\u0101t\u0101ja evakuatora ner\u016bs\u0113jo\u0161\u0101 t\u0113rauda hidrauliskais cilindrs ir izgatavots no augstas kvalit\u0101tes materi\u0101liem, padarot tos \u012bpa\u0161i iztur\u012bgus un stabilus. Cilindri ir izstr\u0101d\u0101ti, lai iztur\u0113tu da\u017e\u0101dus spiediena l\u012bme\u0146us un lielas slodzes, padarot tos ide\u0101li piem\u0113rotus lieto\u0161anai skarbos apst\u0101k\u013cos. Ner\u016bs\u0113jo\u0161\u0101 t\u0113rauda konstrukcija padara tos ar\u012b iztur\u012bgus pret koroziju un r\u016bsu, nodro\u0161inot to ilgu kalpo\u0161anas laiku.<\/li>\n<\/ol>\n<\/li>\n<\/ol>\n<p>Viena no iev\u0113rojam\u0101kaj\u0101m regul\u0113jamo skavu tipa cilindru izmanto\u0161anas priek\u0161roc\u012bb\u0101m ir to iztur\u012bba un ilgm\u016b\u017e\u012bba. \u0160ie cilindri ir izstr\u0101d\u0101ti, lai iztur\u0113tu skarbu vidi un lielas slodzes, padarot tos ide\u0101li piem\u0113rotus lieto\u0161anai da\u017e\u0101d\u0101s nozar\u0113s. To konstrukcij\u0101 izmantotie augstas kvalit\u0101tes materi\u0101li nodro\u0161ina to ilgm\u016b\u017e\u012bbu un iztur\u012bbu pret koroziju un r\u016bsu.<\/p>\n<ol>\n<li style=\"list-style-type: none;\">\n<ol>\n<li><strong>Viegli uzst\u0101d\u012bt un uztur\u0113t:<\/strong> V\u0113l viena regul\u0113jamu skavu tipa cilindru priek\u0161roc\u012bba ir t\u0101, ka tos ir viegli uzst\u0101d\u012bt un uztur\u0113t. \u0160iem cilindriem ir regul\u0113jama skavu stie\u0146a gal\u0101, t\u0101p\u0113c tos ir viegli piestiprin\u0101t pie da\u017e\u0101da veida apr\u012bkojuma. Tiem ir ar\u012b vienk\u0101r\u0161s dizains, t\u0101p\u0113c tos ir viegli uztur\u0113t un remont\u0113t. Turkl\u0101t \u0161iem cilindriem ir maz\u0101k deta\u013cu, t\u0101p\u0113c tie ir maz\u0101k pak\u013cauti nodilumam.<\/li>\n<\/ol>\n<\/li>\n<\/ol>\n<p>Regul\u0113jamus skavu tipa cilindrus ir viegli uzst\u0101d\u012bt un uztur\u0113t. To vienk\u0101r\u0161\u0101 konstrukcija atvieglo to remontu un nomai\u0146u. \u0160iem cilindriem ir maz deta\u013cu, kas samazina nodiluma risku. Regul\u0113jam\u0101 skavu stie\u0146a gal\u0101 atvieglo to piestiprin\u0101\u0161anu pie da\u017e\u0101da veida apr\u012bkojuma.<\/p>\n<ol>\n<li style=\"list-style-type: none;\">\n<ol>\n<li><strong>Pla\u0161s pielietojumu kl\u0101sts:<\/strong> Regul\u0113jamiem skavu tipa cilindriem ir pla\u0161s pielietojumu kl\u0101sts da\u017e\u0101d\u0101s nozar\u0113s. Tos izmanto b\u016bvniec\u012bbas, ra\u017eo\u0161anas un transporta nozar\u0113s, k\u0101 ar\u012b cit\u0101s. \u0160ie cilindri tiek izmantoti, lai darbin\u0101tu smago tehniku, piem\u0113ram, evakuatorus, ekskavatorus un celt\u0146us. Tos izmanto ar\u012b smagu kravu cel\u0161anai un p\u0101rvieto\u0161anai, padarot tos par b\u016btisku sast\u0101vda\u013cu daudzos r\u016bpnieciskos procesos.<\/li>\n<\/ol>\n<\/li>\n<\/ol>\n<p>Regul\u0113jamo skavu tipa cilindru daudzpus\u012bba padara tos par ide\u0101lu izv\u0113li da\u017e\u0101d\u0101m nozar\u0113m. Tos izmanto ra\u017eo\u0161anas, transporta un b\u016bvniec\u012bbas nozar\u0113s, k\u0101 ar\u012b cit\u0101s. \u0160ie cilindri ir svar\u012bgi smago ma\u0161\u012bnu, piem\u0113ram, evakuatoru, celt\u0146u un ekskavatoru, darbin\u0101\u0161anai. Tos izmanto ar\u012b smagu kravu cel\u0161anai un p\u0101rvieto\u0161anai daudzos r\u016bpniec\u012bbas procesos.<\/p>\n<ol>\n<li style=\"list-style-type: none;\">\n<ol>\n<li><strong>Uzlabota efektivit\u0101te:<\/strong> Izmantojot regul\u0113jamus skavu tipa cilindrus, var iev\u0113rojami uzlabot da\u017e\u0101du r\u016bpniecisko procesu efektivit\u0101ti. \u0160iem cilindriem ir augsts precizit\u0101tes l\u012bmenis, kas \u013cauj tiem nodro\u0161in\u0101t prec\u012bzu un vienm\u0113r\u012bgu darb\u012bbu. Tie ir ar\u012b energoefekt\u012bvi, samazinot hidraulisko sist\u0113mu kop\u0113jo ener\u0123ijas pat\u0113ri\u0146u. Turkl\u0101t to kompaktais dizains noz\u012bm\u0113, ka tie aiz\u0146em maz\u0101k vietas, padarot tos ide\u0101li piem\u0113rotus lieto\u0161anai sl\u0113gt\u0101s telp\u0101s.<\/li>\n<\/ol>\n<\/li>\n<\/ol>\n<p>Regul\u0113jami skavu tipa cilindri var iev\u0113rojami uzlabot r\u016bpniecisko procesu efektivit\u0101ti. To precizit\u0101te un pareiz\u012bba nodro\u0161ina nemain\u012bgu veiktsp\u0113ju, savuk\u0101rt energoefektivit\u0101te samazina kop\u0113jo ener\u0123ijas pat\u0113ri\u0146u. To kompaktais dizains noz\u012bm\u0113, ka tie aiz\u0146em maz\u0101k vietas, padarot tos ide\u0101li piem\u0113rotus lieto\u0161anai sl\u0113gt\u0101s telp\u0101s.<\/p>\n<ol>\n<li style=\"list-style-type: none;\">\n<ol>\n<li><strong>Piel\u0101gojams:<\/strong> Visbeidzot, regul\u0113jamos skavas tipa cilindrus var piel\u0101got da\u017e\u0101diem pielietojumiem. \u0160os cilindrus var konstru\u0113t atbilsto\u0161i \u012bpa\u0161\u0101m pras\u012bb\u0101m, nodro\u0161inot, ka tie ir piem\u0113roti da\u017e\u0101diem r\u016bpnieciskiem procesiem. Piel\u0101gojami cilindri nodro\u0161ina rentablu risin\u0101jumu uz\u0146\u0113mumiem, kuriem nepiecie\u0161amas unik\u0101las hidraulisk\u0101s sist\u0113mas.<\/li>\n<\/ol>\n<\/li>\n<\/ol>\n<p>Regul\u0113jamus skavas tipa cilindrus var piel\u0101got \u012bpa\u0161\u0101m pras\u012bb\u0101m. Tas padara tos piem\u0113rotus da\u017e\u0101diem r\u016bpnieciskiem procesiem. Piel\u0101gojami cilindri nodro\u0161ina rentablu risin\u0101jumu uz\u0146\u0113mumiem, kuriem nepiecie\u0161amas unik\u0101las hidraulisk\u0101s sist\u0113mas.<\/p>\n<p>Nosl\u0113gum\u0101 j\u0101secina, ka regul\u0113jamie skavu tipa cilindri ir lieliska izv\u0113le da\u017e\u0101d\u0101m nozar\u0113m, pateicoties to iztur\u012bbai, ilgm\u016b\u017e\u012bbai, daudzpus\u012bbai, efektivit\u0101tei un piel\u0101go\u0161anas iesp\u0113j\u0101m. Pareiza cilindra izv\u0113le var iev\u0113rojami uzlabot hidraulisko sist\u0113mu veiktsp\u0113ju, t\u0101d\u0113j\u0101di palielinot produktivit\u0101ti un ietaupot izmaksas.<\/p>\n<p><img decoding=\"async\" src=\"https:\/\/fmp-components.com\/wp-content\/uploads\/2024\/12\/Adjustable-Clevis-Type-Cylinders5.webp\" alt=\"Regul\u0113jams skavu tipa cilindrs\" width=\"800\" title=\"\"><\/p>\n<h2>Regul\u0113jamu skavu tipa cilindru pielietojums<\/h2>\n<p>Regul\u0113jami skavas tipa cilindri ir b\u016btiskas hidraulisko sist\u0113mu sast\u0101vda\u013cas, ko izmanto pla\u0161\u0101 pielietojumu kl\u0101st\u0101 da\u017e\u0101d\u0101s nozar\u0113s. \u0160ie cilindri ir paredz\u0113ti, lai nodro\u0161in\u0101tu uzticamu un prec\u012bzu kust\u012bbas vad\u012bbu da\u017e\u0101da veida iek\u0101rt\u0101s un ma\u0161\u012bn\u0101s. \u0160aj\u0101 rakst\u0101 m\u0113s detaliz\u0113ti apspried\u012bsim da\u017e\u0101dus regul\u0113jamu skavas tipa cilindru pielietojumus.<\/p>\n<h3>1. R\u016bpniecisk\u0101s iek\u0101rtas<\/h3>\n<p>Regul\u0113jami skavu tipa cilindri tiek pla\u0161i izmantoti r\u016bpnieciskaj\u0101s iek\u0101rt\u0101s, lai kontrol\u0113tu da\u017e\u0101du komponentu kust\u012bbu. Piem\u0113ram, tos izmanto met\u0101lapstr\u0101des r\u016bpniec\u012bb\u0101, lai kontrol\u0113tu grie\u0161anas asme\u0146u, presu un liek\u0161anas ma\u0161\u012bnu kust\u012bbu. Tos izmanto ar\u012b tekstilr\u016bpniec\u012bb\u0101, lai kontrol\u0113tu stelles, v\u0113rp\u0161anas ma\u0161\u012bnu un cita apr\u012bkojuma kust\u012bbu.<\/p>\n<h3>2. Lauksaimniec\u012bbas tehnika<\/h3>\n<p>Lauksaimniec\u012bbas tehnika, piem\u0113ram, traktori, kombaini un s\u0113jma\u0161\u012bnas, izmanto regul\u0113jamus skavu tipa cilindrus, lai kontrol\u0113tu da\u017e\u0101du komponentu kust\u012bbu. \u0160ie cilindri tiek izmantoti, lai kontrol\u0113tu apr\u012bkojuma, piem\u0113ram, arklu un kultivatoru, augstumu, k\u0101 ar\u012b hidraulisko sviru kust\u012bbu.<\/p>\n<h3>3. Celtniec\u012bbas iek\u0101rtas<\/h3>\n<p>Regul\u0113jami skavu tipa cilindri tiek izmantoti ar\u012b celtniec\u012bbas iek\u0101rt\u0101s, piem\u0113ram, ekskavatoros, celt\u0146os un buldozeros. Tos izmanto, lai kontrol\u0113tu da\u017e\u0101du komponentu, piem\u0113ram, str\u0113les, kausa un hidraulisko sviru, kust\u012bbu. \u0160ie cilindri ir paredz\u0113ti, lai iztur\u0113tu lielas slodzes, augstu spiedienu un ekstrem\u0101las temperat\u016bras.<\/p>\n<h3>4. Automobi\u013cu r\u016bpniec\u012bba<\/h3>\n<p>Regul\u0113jami skavas tipa cilindri tiek izmantoti autob\u016bves nozar\u0113, lai kontrol\u0113tu da\u017e\u0101du komponentu, piem\u0113ram, durvju, motora p\u0101rsegu un bag\u0101\u017enieka v\u0101ku, kust\u012bbu. Tos izmanto ar\u012b piekares sist\u0113m\u0101, lai kontrol\u0113tu rite\u0146u kust\u012bbu un nodro\u0161in\u0101tu vienm\u0113r\u012bgu braucienu. Turkl\u0101t \u0161os cilindrus izmanto evakuatoros, lai kontrol\u0113tu str\u0113les un vin\u010das kust\u012bbu.<\/p>\n<h3>5. Medic\u012bnas iek\u0101rtas<\/h3>\n<p>Medic\u012bniskaj\u0101s iek\u0101rt\u0101s, piem\u0113ram, slimn\u012bcu gult\u0101s, nestuv\u0113s un oper\u0101ciju galdos, tiek izmantoti regul\u0113jami skavu tipa cilindri, lai nodro\u0161in\u0101tu prec\u012bzu kust\u012bbas kontroli. \u0160ie cilindri ir paredz\u0113ti, lai nodro\u0161in\u0101tu vienm\u0113r\u012bgu un klusu darb\u012bbu, kas ir svar\u012bgi medic\u012bnas vid\u0113.<\/p>\n<p>Nosl\u0113gum\u0101 j\u0101saka, ka regul\u0113jamie skavas tipa cilindri ir daudzpus\u012bgi komponenti, ko izmanto da\u017e\u0101da veida iek\u0101rt\u0101s da\u017e\u0101d\u0101s nozar\u0113s. To sp\u0113ja nodro\u0161in\u0101t prec\u012bzu kust\u012bbas kontroli padara tos par b\u016btisk\u0101m hidraulisko sist\u0113mu sast\u0101vda\u013c\u0101m. K\u0101 It\u0101lijas evakuatoru ner\u016bs\u0113jo\u0161\u0101 t\u0113rauda hidraulisko cilindru pieg\u0101d\u0101t\u0101js, m\u0113s pied\u0101v\u0101jam augstas kvalit\u0101tes regul\u0113jamus skavas tipa cilindrus da\u017e\u0101diem pielietojumiem, nodro\u0161inot uzticamu un efekt\u012bvu darb\u012bbu.<img decoding=\"async\" src=\"https:\/\/fmp-components.com\/wp-content\/uploads\/2024\/12\/Application-of-Adjustable-Clevis-Type-Cylinders.webp\" alt=\"Regul\u0113jams skavu tipa cilindrs\" width=\"800\" title=\"\"><\/p>\n<h3>Par FMP<\/h3>\n<p>FMP ir uz\u0146\u0113mums, kas specializ\u0113jas hidraulisko cilindru ra\u017eo\u0161an\u0101 un p\u0101rdo\u0161an\u0101. M\u0113s esam ap\u0146\u0113mu\u0161ies nodro\u0161in\u0101t m\u016bsu klientus ar augstas kvalit\u0101tes un uzticamiem hidrauliskajiem cilindriem da\u017e\u0101du veidu celtniec\u012bbas ma\u0161\u012bn\u0101m. Ar m\u016bsu daudzu gadu pieredzi nozar\u0113 un profesion\u0101lu komandu m\u0113s pied\u0101v\u0101jam izcilus produktus un pakalpojumus, lai apmierin\u0101tu m\u016bsu klientu vajadz\u012bbas.<\/p>\n<p><strong>1. Pla\u0161s hidraulisko cilindru kl\u0101sts:<\/strong> M\u016bsu produktu kl\u0101st\u0101 ir da\u017e\u0101di hidrauliskie cilindri, piem\u0113ram, regul\u0113jami skavu tipa cilindri, teleskopiskie cilindri un divk\u0101r\u0161as darb\u012bbas cilindri. M\u0113s pied\u0101v\u0101jam risin\u0101jumus da\u017e\u0101du veidu celtniec\u012bbas tehnikai, nodro\u0161inot sader\u012bbu un efektivit\u0101ti da\u017e\u0101dos pielietojumos.<\/p>\n<p><strong>2. Augst\u0101k\u0101 kvalit\u0101te:<\/strong> Uz\u0146\u0113mum\u0101 FMP m\u0113s pie\u0161\u0137iram priorit\u0101ti savu produktu kvalit\u0101tei. M\u0113s veidojam ilgtermi\u0146a un stabilas sadarb\u012bbas attiec\u012bbas ar augstas kvalit\u0101tes pieg\u0101d\u0101t\u0101jiem, lai nodro\u0161in\u0101tu, ka visi m\u016bsu pieg\u0101d\u0101tie hidrauliskie cilindri atbilst stingriem kvalit\u0101tes standartiem. M\u016bsu ap\u0146em\u0161an\u0101s nodro\u0161in\u0101t kvalit\u0101ti garant\u0113 iztur\u012bbu, uzticam\u012bbu un optim\u0101lu veiktsp\u0113ju.<\/p>\n<p><strong>3. Profesion\u0101la p\u0101rdo\u0161anas komanda:<\/strong> Mums ir pieredz\u0113jusi un prasm\u012bga p\u0101rdo\u0161anas komanda, kas labi p\u0101rzina b\u016bvniec\u012bbas tehnikas nozares att\u012bst\u012bbas tendences un klientu vajadz\u012bbas. Vi\u0146i var sniegt profesion\u0101las produktu konsult\u0101cijas un p\u0101rdom\u0101tus pirk\u0161anas ieteikumus, pal\u012bdzot m\u016bsu klientiem pie\u0146emt p\u0101rdom\u0101tus l\u0113mumus.<\/p>\n<p><strong>4. Efekt\u012bva lo\u0123istikas izplat\u012b\u0161ana:<\/strong> M\u0113s saprotam savlaic\u012bgas pieg\u0101des noz\u012bmi. FMP ir ieviesusi efekt\u012bvu lo\u0123istikas izplat\u012b\u0161anas sist\u0113mu, lai nodro\u0161in\u0101tu, ka m\u016bsu klienti savlaic\u012bgi un prec\u012bzi sa\u0146em nepiecie\u0161amos hidrauliskos cilindrus. M\u0113s priorit\u0101ri izvirz\u0101m klientu apmierin\u0101t\u012bbu un cen\u0161amies izpild\u012bt vi\u0146u pieg\u0101des cer\u012bbas.<\/p>\n<p><strong>5. Ap\u0146em\u0161an\u0101s nodro\u0161in\u0101t klientu pan\u0101kumus:<\/strong> Uz\u0146\u0113mum\u0101 FMP m\u0113s ticam ilgtermi\u0146a partnerattiec\u012bbu veido\u0161anai ar saviem klientiem. M\u0113s esam ap\u0146\u0113mu\u0161ies nodro\u0161in\u0101t vi\u0146u pan\u0101kumus un apmierin\u0101t\u012bbu. M\u016bsu komanda ir ap\u0146\u0113musies nodro\u0161in\u0101t izcilu klientu apkalpo\u0161anu, nekav\u0113joties risin\u0101t visas ba\u017eas vai jaut\u0101jumus un nodro\u0161in\u0101t vienm\u0113r\u012bgu un pat\u012bkamu pieredzi vis\u0101 pirk\u0161anas proces\u0101.<\/p>\n<p><img decoding=\"async\" src=\"https:\/\/fmp-components.com\/wp-content\/uploads\/2024\/12\/Adjustable-Clevis-Type-Cylinders-6.webp\" alt=\"Regul\u0113jams skavu tipa cilindrs\" width=\"811\" title=\"\"><\/p>\n<h3>Bie\u017ei uzdotie jaut\u0101jumi<\/h3>\n<p><strong>J: K\u0101da ir maksim\u0101l\u0101 slodze, ko hidrauliskais cilindrs var pavilkt?<\/strong><br \/>\nA: Hidrauliskais cilindrs var pavilkt maksim\u0101li 20 tonnu slodzi.<\/p>\n<p><strong>J: K\u0101di ir hidraulisk\u0101 cilindra urbuma un stie\u0146a izm\u0113ri?<\/strong><br \/>\nA: Urbuma diametrs ir no 2 l\u012bdz 6 coll\u0101m, un stie\u0146a izm\u0113rs ir no 1,125 l\u012bdz 4 coll\u0101m.<\/p>\n<p><strong>J: K\u0101ds materi\u0101ls tiek izmantots hidraulisk\u0101 cilindra konstrukcij\u0101?<\/strong><br \/>\nA: Hidrauliskais cilindrs ir izgatavots no augstas kvalit\u0101tes ner\u016bs\u0113jo\u0161\u0101 t\u0113rauda, \u200b\u200bkas nodro\u0161ina iztur\u012bbu un iztur\u012bbu pret koroziju.<\/p>\n<p><img decoding=\"async\" src=\"https:\/\/img.jiansujichilun.com\/img\/hydrauliccylinders\/C_hydrauliccylinders-4.webp\" alt=\"hidrauliskais cilindrs\" width=\"800\" title=\"\"><\/p>\n<p>Autors: CX<\/p>","protected":false},"excerpt":{"rendered":"<p>Italy Supplier Tow Truck Stainless Steel Hydraulic Cylinder is a high-quality product designed for heavy-duty towing applications. With its durable stainless steel construction, this hydraulic cylinder offers exceptional strength and resistance to corrosion, making it perfect for use in various industrial and commercial settings. Equipped with advanced hydraulic technology, this tow truck hydraulic cylinder delivers [&hellip;]<\/p>","protected":false},"featured_media":1340,"comment_status":"closed","ping_status":"closed","template":"","meta":{"_et_pb_use_builder":"","_et_pb_old_content":"","_et_gb_content_width":""},"product_brand":[],"product_cat":[39],"product_tag":[41,34],"class_list":{"0":"post-1349","1":"product","2":"type-product","3":"status-publish","4":"has-post-thumbnail","6":"product_cat-adjustable-clevis-type-cylinders","7":"product_tag-adjustable-clevis-type-cylinders","8":"product_tag-hydraulic-cylinder","10":"first","11":"instock","12":"product-type-simple"},"_links":{"self":[{"href":"https:\/\/fmp-components.com\/lv\/wp-json\/wp\/v2\/product\/1349","targetHints":{"allow":["GET"]}}],"collection":[{"href":"https:\/\/fmp-components.com\/lv\/wp-json\/wp\/v2\/product"}],"about":[{"href":"https:\/\/fmp-components.com\/lv\/wp-json\/wp\/v2\/types\/product"}],"replies":[{"embeddable":true,"href":"https:\/\/fmp-components.com\/lv\/wp-json\/wp\/v2\/comments?post=1349"}],"wp:featuredmedia":[{"embeddable":true,"href":"https:\/\/fmp-components.com\/lv\/wp-json\/wp\/v2\/media\/1340"}],"wp:attachment":[{"href":"https:\/\/fmp-components.com\/lv\/wp-json\/wp\/v2\/media?parent=1349"}],"wp:term":[{"taxonomy":"product_brand","embeddable":true,"href":"https:\/\/fmp-components.com\/lv\/wp-json\/wp\/v2\/product_brand?post=1349"},{"taxonomy":"product_cat","embeddable":true,"href":"https:\/\/fmp-components.com\/lv\/wp-json\/wp\/v2\/product_cat?post=1349"},{"taxonomy":"product_tag","embeddable":true,"href":"https:\/\/fmp-components.com\/lv\/wp-json\/wp\/v2\/product_tag?post=1349"}],"curies":[{"name":"wp","href":"https:\/\/api.w.org\/{rel}","templated":true}]}}