{"id":1348,"date":"2024-12-23T02:18:07","date_gmt":"2024-12-23T02:18:07","guid":{"rendered":"https:\/\/fmp-components.com\/product\/professional-adjustable-double-acting-cylinder-tractor-hydraulic-cylinder\/"},"modified":"2024-12-23T03:50:01","modified_gmt":"2024-12-23T03:50:01","slug":"professional-adjustable-double-acting-cylinder-tractor-hydraulic-cylinder","status":"publish","type":"product","link":"https:\/\/fmp-components.com\/lv\/product\/professional-adjustable-double-acting-cylinder-tractor-hydraulic-cylinder\/","title":{"rendered":"Profesion\u0101ls regul\u0113jams divk\u0101r\u0161as darb\u012bbas cilindra traktora hidrauliskais cilindrs"},"content":{"rendered":"<p>Profesion\u0101lais regul\u0113jamais divk\u0101r\u0161\u0101s darb\u012bbas traktora hidrauliskais cilindrs ir augstas kvalit\u0101tes hidrauliskais cilindrs, kas paredz\u0113ts m\u016bsdienu lauksaimniec\u012bbas tehnikas pras\u012bb\u0101m. \u0160im cilindram ir divk\u0101r\u0161\u0101s darb\u012bbas tehnolo\u0123ija, kas nodro\u0161ina vienm\u0113r\u012bgu un uzticamu darb\u012bbu pat vissmag\u0101kajos apst\u0101k\u013cos.<\/p>\n<p>\u0160is hidrauliskais cilindrs ir izgatavots no augstas kvalit\u0101tes materi\u0101liem, lai nodro\u0161in\u0101tu iztur\u012bbu un stipr\u012bbu, un ir paredz\u0113ts ilgsto\u0161ai lieto\u0161anai. Tam ir regul\u0113jams dizains, kas \u013cauj to piel\u0101got j\u016bsu apr\u012bkojuma \u012bpa\u0161aj\u0101m vajadz\u012bb\u0101m, un t\u0101 kompaktais izm\u0113rs atvieglo uzst\u0101d\u012b\u0161anu un apkopi.<\/p>\n<p>Neatkar\u012bgi no t\u0101, vai str\u0101d\u0101jat lauk\u0101 vai darbn\u012bc\u0101, profesion\u0101lais regul\u0113jamais divk\u0101r\u0161\u0101s darb\u012bbas cilindra traktora hidrauliskais cilindrs ir lieliska izv\u0113le jebkuram lauksaimniec\u012bbas darbam. T\u0101tad, ja mekl\u0113jat uzticamu, augstas veiktsp\u0113jas hidraulisko cilindru savam apr\u012bkojumam, \u0161is augst\u0101k\u0101s klases produkts ir \u012bst\u0101 izv\u0113le.<\/p>\n<p><img loading=\"lazy\" decoding=\"async\" class=\"alignnone size-full wp-image-1334\" src=\"https:\/\/fmp-components.com\/wp-content\/uploads\/2024\/12\/Adjustable-Clevis-Type-Cylinders-4.webp\" alt=\"Regul\u0113jami skavu tipa cilindri\" width=\"800\" height=\"800\" title=\"\" srcset=\"https:\/\/fmp-components.com\/wp-content\/uploads\/2024\/12\/Adjustable-Clevis-Type-Cylinders-4.webp 800w, https:\/\/fmp-components.com\/wp-content\/uploads\/2024\/12\/Adjustable-Clevis-Type-Cylinders-4-480x480.webp 480w\" sizes=\"(min-width: 0px) and (max-width: 480px) 480px, (min-width: 481px) 800px, 100vw\" \/><\/p>\n<p>Iepaz\u012bstin\u0101m ar jaun\u0101ko profesion\u0101lo regul\u0113jamo divk\u0101r\u0161\u0101s darb\u012bbas cilindra traktora hidraulisko cilindru, kas ir ide\u0101li piem\u0113rots da\u017e\u0101d\u0101m nozar\u0113m, tostarp tehnikas remonta darbn\u012bc\u0101m, ferm\u0101m, ener\u0123\u0113tikas un ieguves r\u016bpniec\u012bbai, tehnikas ra\u017eo\u0161anai un r\u016bpn\u012bc\u0101m. \u0160is augst\u0101k\u0101s klases hidrauliskais cilindrs ir izgatavots no augstas kvalit\u0101tes t\u0113rauda, \u200b\u200bun t\u0101 maksim\u0101l\u0101 vilces jauda ir 3000, padarot to piem\u0113rotu lieljaudas darb\u012bb\u0101m. Tas ir standarta konstrukcijas virzu\u013ccilindrs, ko darbina hidraulika, un tas ir pieejams elegant\u0101 meln\u0101 kr\u0101s\u0101.<\/p>\n<table style=\"width: 100%;\" border=\"1\" width=\"100%\" cellspacing=\"0\" cellpadding=\"0\">\n<tbody>\n<tr>\n<th>Produkta nosaukums<\/th>\n<td>Metin\u0101ts caur caurumu tipa hidrauliskais cilindrs<\/td>\n<\/tr>\n<tr>\n<th>St\u0101voklis<\/th>\n<td>Jauns<\/td>\n<\/tr>\n<tr>\n<th>Gads<\/th>\n<td>2023<\/td>\n<\/tr>\n<tr>\n<th>Svars (kg)<\/th>\n<td>104<\/td>\n<\/tr>\n<tr>\n<th>Tips<\/th>\n<td>Metin\u0101ts caur caurumu tipa cilindrs<\/td>\n<\/tr>\n<tr>\n<th>Ostas<\/th>\n<td>G\/SAE\/NPT\/M<\/td>\n<\/tr>\n<tr>\n<th>Maksim\u0101lais vilk\u0161anas sp\u0113ks<\/th>\n<td>20 tonnas<\/td>\n<\/tr>\n<tr>\n<th>Sertifik\u0101cija<\/th>\n<td>ISO 9001:2000<\/td>\n<\/tr>\n<tr>\n<th>Kvalit\u0101tes nodro\u0161in\u0101\u0161ana<\/th>\n<td>Video izejo\u0161\u0101 p\u0101rbaude, ma\u0161\u012bnu testa zi\u0146ojums<\/td>\n<\/tr>\n<tr>\n<th>Urbuma izm\u0113rs<\/th>\n<td>2\u20136 collas<\/td>\n<\/tr>\n<tr>\n<th>Stie\u0146a izm\u0113rs<\/th>\n<td>1,125\u20134 collas<\/td>\n<\/tr>\n<tr>\n<th>Trieciena izm\u0113rs<\/th>\n<td>4\u2013100 collas<\/td>\n<\/tr>\n<tr>\n<th>Tapas izm\u0113rs<\/th>\n<td>0,5\u20132 collas<\/td>\n<\/tr>\n<tr>\n<th>Galven\u0101s sast\u0101vda\u013cas<\/th>\n<td>Gultnis, hidrauliskais cilindrs<\/td>\n<\/tr>\n<tr>\n<th>Galveno komponentu garantija<\/th>\n<td>1 gads<\/td>\n<\/tr>\n<\/tbody>\n<\/table>\n<p>&nbsp;<\/p>\n<h2>Regul\u0113jamu skavu tipa cilindru priek\u0161roc\u012bbas<\/h2>\n<p>Regul\u0113jami skavu tipa cilindri, kas paz\u012bstami ar\u012b k\u0101 traktoru hidrauliskie cilindri vai profesion\u0101li regul\u0113jami divk\u0101r\u0161as darb\u012bbas cilindri, pied\u0101v\u0101 vair\u0101kas priek\u0161roc\u012bbas da\u017e\u0101dos pielietojumos. \u0160ie cilindri ir konstru\u0113ti ar unik\u0101lu skavu stiprin\u0101jumu, kas nodro\u0161ina elast\u012bbu un regul\u0113jam\u012bbu, lai atbilstu \u012bpa\u0161\u0101m pras\u012bb\u0101m. \u0160aj\u0101 rakst\u0101 m\u0113s izp\u0113t\u012bsim regul\u0113jamu skavu tipa cilindru priek\u0161roc\u012bbas un to noz\u012bmi da\u017e\u0101d\u0101s nozar\u0113s.<\/p>\n<p><strong>1. Uzlabota piel\u0101go\u0161an\u0101s sp\u0113ja:<\/strong> \u0160o cilindru regul\u0113jamais skavu stiprin\u0101jums nodro\u0161ina uzlabotu piel\u0101gojam\u012bbu, \u013caujot tos viegli uzst\u0101d\u012bt un piel\u0101got da\u017e\u0101d\u0101m hidrauliskaj\u0101m sist\u0113m\u0101m. \u0160\u012b elast\u012bba \u013cauj cilindrus izmantot pla\u0161\u0101 pielietojumu kl\u0101st\u0101, tostarp lauksaimniec\u012bbas ma\u0161\u012bn\u0101s, celtniec\u012bbas iek\u0101rt\u0101s un r\u016bpniec\u012bbas sist\u0113m\u0101s.<\/p>\n<p><strong>2. Uzlabota veiktsp\u0113ja:<\/strong> Regul\u0113jami skavu tipa cilindri ir izstr\u0101d\u0101ti, lai optimiz\u0113tu veiktsp\u0113ju. Pateicoties regul\u0113jamajam stiprin\u0101jumam, tos var prec\u012bzi noregul\u0113t, lai sasniegtu v\u0113lamo g\u0101jiena garumu, sp\u0113ku un \u0101trumu. \u0160\u012b sp\u0113ja piel\u0101got cilindra poz\u012bciju un le\u0146\u0137i nodro\u0161ina optim\u0101lu veiktsp\u0113ju un efektivit\u0101ti da\u017e\u0101dos uzdevumos.<\/p>\n<p><strong>3. Mont\u0101\u017eas iesp\u0113ju daudzpus\u012bba:<\/strong> \u0160ie cilindri pied\u0101v\u0101 daudzpus\u012bgas mont\u0101\u017eas iesp\u0113jas, jo tos var uzst\u0101d\u012bt da\u017e\u0101d\u0101s orient\u0101cij\u0101s un poz\u012bcij\u0101s. Regul\u0113jamais skavu stiprin\u0101jums \u013cauj viegli uzst\u0101d\u012bt un savienot ar cit\u0101m sast\u0101vda\u013c\u0101m, piem\u0113ram, hidrauliskajiem s\u016bk\u0146iem vai v\u0101rstiem. \u0160\u012b daudzpus\u012bba \u013cauj cilindrus piel\u0101got da\u017e\u0101d\u0101m sist\u0113mas konfigur\u0101cij\u0101m, maksim\u0101li palielinot to lietojam\u012bbu.<\/p>\n<p><strong>4. Paaugstin\u0101ta iztur\u012bba:<\/strong> Regul\u0113jami skavu tipa cilindri ir paredz\u0113ti, lai iztur\u0113tu lielas slodzes. Tie ir izgatavoti no augstas kvalit\u0101tes materi\u0101liem, piem\u0113ram, r\u016bd\u012bta t\u0113rauda, \u200b\u200bkas nodro\u0161ina to iztur\u012bbu un ilgm\u016b\u017e\u012bbu. Turkl\u0101t \u0161ie cilindri tiek r\u016bp\u012bgi p\u0101rbaud\u012bti, lai nodro\u0161in\u0101tu to uzticam\u012bbu un iztur\u012bbu pret nodilumu, padarot tos piem\u0113rotus sare\u017e\u0123\u012bt\u0101m vid\u0113m.<\/p>\n<p><strong>5. Paaugstin\u0101ta dro\u0161\u012bba:<\/strong> Regul\u0113jamais skavu stiprin\u0101jums nodro\u0161ina papildu dro\u0161\u012bbas funkcijas. Tas \u013cauj prec\u012bzi regul\u0113t un izl\u012bdzin\u0101t, samazinot nepareizas izl\u012bdzin\u0101\u0161anas vai atteices risku darb\u012bbas laik\u0101. Tas nodro\u0161ina apr\u012bkojuma un operatoru dro\u0161\u012bbu, samazinot negad\u012bjumu vai boj\u0101jumu iesp\u0113jam\u012bbu.<\/p>\n<p><strong>6. Izmaksu zi\u0146\u0101 efekt\u012bvs risin\u0101jums:<\/strong> Regul\u0113jami skavu tipa cilindri pied\u0101v\u0101 izmaksu zi\u0146\u0101 efekt\u012bvu risin\u0101jumu da\u017e\u0101d\u0101m nozar\u0113m. To piel\u0101gojam\u012bba un daudzpus\u012bba nov\u0113r\u0161 nepiecie\u0161am\u012bbu p\u0113c vair\u0101kiem cilindru veidiem, samazinot kr\u0101jumu izmaksas. Turkl\u0101t to ilgais kalpo\u0161anas laiks un iztur\u012bba nodro\u0161ina zem\u0101kas apkopes un nomai\u0146as izmaksas, padarot tos par ekonomisku izv\u0113li ilgtermi\u0146\u0101.<\/p>\n<p>Kopum\u0101 regul\u0113jami skavu tipa cilindri, kas paz\u012bstami ar\u012b k\u0101 traktoru hidrauliskie cilindri vai profesion\u0101li regul\u0113jami divk\u0101r\u0161as darb\u012bbas cilindri, sniedz daudzas priek\u0161roc\u012bbas piel\u0101gojam\u012bbas, veiktsp\u0113jas, daudzpus\u012bbas, iztur\u012bbas, dro\u0161\u012bbas un izmaksu efektivit\u0101tes zi\u0146\u0101. To unik\u0101lais dizains un regul\u0113jam\u012bba padara tos par ide\u0101lu izv\u0113li pla\u0161am pielietojumu kl\u0101stam, nodro\u0161inot optim\u0101lu veiktsp\u0113ju un efektivit\u0101ti hidrauliskaj\u0101s sist\u0113m\u0101s.<\/p>\n<p><img decoding=\"async\" src=\"https:\/\/fmp-components.com\/wp-content\/uploads\/2024\/12\/Adjustable-Clevis-Type-Cylinders5.webp\" alt=\"Regul\u0113jams skavu tipa cilindrs\" width=\"800\" title=\"\"><\/p>\n<h2>Regul\u0113jamu skavu tipa cilindru pielietojums<\/h2>\n<p>Regul\u0113jami skavu tipa cilindri, kas paz\u012bstami ar\u012b k\u0101 profesion\u0101li regul\u0113jami divk\u0101r\u0161as darb\u012bbas cilindri vai traktoru hidrauliskie cilindri, ir daudzpus\u012bgi hidrauliskie komponenti, ko izmanto pla\u0161\u0101 pielietojumu kl\u0101st\u0101. \u0160aj\u0101 rakst\u0101 m\u0113s izp\u0113t\u012bsim da\u017e\u0101dos regul\u0113jamo skavu tipa cilindru pielietojumus un to priek\u0161roc\u012bbas.<\/p>\n<h3>1. Lauksaimniec\u012bba un zemkop\u012bba<\/h3>\n<p>Traktoru hidrauliskie cilindri tiek pla\u0161i izmantoti lauksaimniec\u012bb\u0101 un lauksaimniec\u012bbas darbos. Tos izmanto da\u017e\u0101diem uzdevumiem, piem\u0113ram, smag\u0101 apr\u012bkojuma cel\u0161anai un nolai\u0161anai, arklu un citu lauksaimniec\u012bbas instrumentu kust\u012bbas kontrolei un hidraulisko motoru darbin\u0101\u0161anai. Regul\u0113jams skavu tipa cilindrs ir popul\u0101ra izv\u0113le \u0161iem lietojumiem, jo \u200b\u200btas \u013cauj viegli regul\u0113t g\u0101jiena garumu, kas ir svar\u012bgi prec\u012bzai hidraulisk\u0101s sist\u0113mas vad\u012bbai.<\/p>\n<h3>2. B\u016bvniec\u012bba<\/h3>\n<p>Regul\u0113jami skavu tipa cilindri tiek pla\u0161i izmantoti ar\u012b b\u016bvniec\u012bbas nozar\u0113. Tos izmanto da\u017e\u0101diem uzdevumiem, piem\u0113ram, smagu kravu cel\u0161anai un nolai\u0161anai, celtniec\u012bbas tehnikas kust\u012bbas kontrolei un hidraulisko motoru darbin\u0101\u0161anai. Regul\u0113jamais cilindra g\u0101jiena garums \u013cauj prec\u012bzi kontrol\u0113t hidraulisko sist\u0113mu, kas ir b\u016btiski celtniec\u012bbas tehnikas dro\u0161ai un efekt\u012bvai darb\u012bbai.<\/p>\n<h3>3. Ra\u017eo\u0161ana<\/h3>\n<p>Ra\u017eo\u0161anas iek\u0101rtas bie\u017ei izmanto hidraulisk\u0101s sist\u0113mas, lai darbin\u0101tu ma\u0161\u012bnas un iek\u0101rtas. Regul\u0113jami skavu tipa cilindri parasti tiek izmantoti ra\u017eo\u0161anas lietojumprogramm\u0101s, piem\u0113ram, konveijeru sist\u0113mu kust\u012bbas kontrol\u0113, mont\u0101\u017eas l\u012bniju darbin\u0101\u0161an\u0101, k\u0101 ar\u012b smagu kravu cel\u0161an\u0101 un nolai\u0161an\u0101. Prec\u012bza vad\u012bba, ko pied\u0101v\u0101 regul\u0113jami skavu tipa cilindri, ir b\u016btiska, lai uztur\u0113tu \u0161o sist\u0113mu efektivit\u0101ti un dro\u0161\u012bbu.<\/p>\n<h3>4. Automobi\u013cu un transporta nozare<\/h3>\n<p>Regul\u0113jami skavu tipa cilindri tiek izmantoti ar\u012b autob\u016bves un transporta nozar\u0113. Tos izmanto da\u017e\u0101diem uzdevumiem, piem\u0113ram, hidraulisko brem\u017eu kust\u012bbas vad\u012bbai, autobusu un citu lielu transportl\u012bdzek\u013cu hidraulisko pac\u0113l\u0101ju darbin\u0101\u0161anai un st\u016bres sist\u0113mu kust\u012bbas vad\u012bbai. Regul\u0113jamais cilindra g\u0101jiena garums \u013cauj prec\u012bzi vad\u012bt \u0161\u012bs sist\u0113mas, nodro\u0161inot dro\u0161u un efekt\u012bvu darb\u012bbu.<\/p>\n<p>Nosl\u0113gum\u0101 j\u0101secina, ka regul\u0113jami skavu tipa cilindri, kas paz\u012bstami ar\u012b k\u0101 profesion\u0101li regul\u0113jami divk\u0101r\u0161as darb\u012bbas cilindri vai traktoru hidrauliskie cilindri, ir daudzpus\u012bgi hidrauliskie komponenti, ko izmanto pla\u0161\u0101 pielietojumu kl\u0101st\u0101. To regul\u0113jamais g\u0101jiena garums \u013cauj prec\u012bzi kontrol\u0113t hidraulisk\u0101s sist\u0113mas, padarot t\u0101s par b\u016btisk\u0101m sast\u0101vda\u013c\u0101m daudz\u0101s nozar\u0113s, tostarp lauksaimniec\u012bb\u0101, b\u016bvniec\u012bb\u0101, ra\u017eo\u0161an\u0101, k\u0101 ar\u012b autob\u016bves un transporta nozar\u0113.<img decoding=\"async\" src=\"https:\/\/fmp-components.com\/wp-content\/uploads\/2024\/12\/Application-of-Adjustable-Clevis-Type-Cylinders.webp\" alt=\"Regul\u0113jams skavu tipa cilindrs\" width=\"800\" title=\"\"><\/p>\n<h3>Par FMP \u2013 augstas kvalit\u0101tes hidrauliskie cilindri celtniec\u012bbas ma\u0161\u012bn\u0101m<\/h3>\n<p>Mekl\u0113jat augstas kvalit\u0101tes hidrauliskos cilindrus sav\u0101m celtniec\u012bbas ma\u0161\u012bn\u0101m? FMP ir vado\u0161ais uz\u0146\u0113mums It\u0101lij\u0101, kas specializ\u0113jas celtniec\u012bbas tehnikas deta\u013cu un nokomplekt\u0113tu iek\u0101rtu p\u0101rdo\u0161an\u0101 un apkalpo\u0161an\u0101.<\/p>\n<p>Uz\u0146\u0113mum\u0101 FMP m\u0113s esam ap\u0146\u0113mu\u0161ies nodro\u0161in\u0101t saviem klientiem uzticamus un efekt\u012bvus risin\u0101jumus vi\u0146u celtniec\u012bbas tehnikas vajadz\u012bb\u0101m. M\u016bsu produktu kl\u0101st\u0101 ir pla\u0161s celtniec\u012bbas tehnikas, lauksaimniec\u012bbas tehnikas p\u0101rnesumk\u0101rbu, planet\u0101ro p\u0101rnesumk\u0101rbu, r\u016bpniecisko p\u0101rnesumk\u0101rbu un tiem atbilsto\u0161u augst\u0101k\u0101s klases piederumu kl\u0101sts.<\/p>\n<p>\u0160eit ir da\u017eas no priek\u0161roc\u012bb\u0101m, ko sniedz FMP izv\u0113le j\u016bsu hidraulisko cilindru vajadz\u012bb\u0101m:<\/p>\n<p>1. Augstas kvalit\u0101tes produkti: Visi m\u016bsu produkti tiek ieg\u016bti no augstas kvalit\u0101tes pieg\u0101d\u0101t\u0101jiem, nodro\u0161inot, ka m\u016bsu klienti sa\u0146em tikai vislab\u0101k\u0101s kvalit\u0101tes produktus, kas atbilst stingriem kvalit\u0101tes standartiem.<\/p>\n<p>2. Profesion\u0101la komanda: M\u016bsu pieredz\u0113ju\u0161\u0101 un profesion\u0101l\u0101 p\u0101rdo\u0161anas komanda p\u0101rzina celtniec\u012bbas tehnikas nozares att\u012bst\u012bbas tendences un klientu vajadz\u012bbas, k\u0101 ar\u012b var sniegt visaptvero\u0161as produktu konsult\u0101cijas un viedus pirk\u0161anas ieteikumus.<\/p>\n<p>3. Efekt\u012bva lo\u0123istikas izplat\u012b\u0161anas sist\u0113ma: Mums ir efekt\u012bva lo\u0123istikas izplat\u012b\u0161anas sist\u0113ma, kas nodro\u0161ina savlaic\u012bgu un prec\u012bzu produktu pieg\u0101di m\u016bsu klientiem.<\/p>\n<p>4. Konkur\u0113tsp\u0113j\u012bgas cenas: M\u0113s pied\u0101v\u0101jam konkur\u0113tsp\u0113j\u012bgas cenas m\u016bsu produktiem, neapdraudot kvalit\u0101ti.<\/p>\n<p>5. Piel\u0101go\u0161ana: M\u0113s pied\u0101v\u0101jam m\u016bsu hidraulisko cilindru piel\u0101go\u0161anas iesp\u0113jas, lai apmierin\u0101tu m\u016bsu klientu unik\u0101l\u0101s vajadz\u012bbas.<\/p>\n<p>M\u016bsu hidrauliskie cilindri, piem\u0113ram, regul\u0113jamais skavu tipa cilindrs (att\u0113l\u0101 zem\u0101k), ir lieliski piem\u0113roti pla\u0161am celtniec\u012bbas tehnikas pielietojumu kl\u0101stam. Pateicoties m\u016bsu ap\u0146\u0113m\u012bbai nodro\u0161in\u0101t kvalit\u0101ti un klientu apmierin\u0101t\u012bbu, j\u016bs varat uztic\u0113ties FMP vis\u0101m j\u016bsu hidraulisko cilindru vajadz\u012bb\u0101m.<\/p>\n<p><img decoding=\"async\" src=\"https:\/\/fmp-components.com\/wp-content\/uploads\/2024\/12\/Adjustable-Clevis-Type-Cylinders-6.webp\" alt=\"Regul\u0113jams skavu tipa cilindrs\" width=\"810\" title=\"\"><\/p>\n<h2>Bie\u017ei uzdotie jaut\u0101jumi<\/h2>\n<p><strong>J: K\u0101ds ir hidraulisk\u0101 cilindra svars?<\/strong><br \/>\nA: Hidraulisk\u0101 cilindra svars ir 104 kg.<\/p>\n<p><strong>J: K\u0101ds ir balona galveno sast\u0101vda\u013cu garantijas periods?<\/strong><br \/>\nA: Balona galvenaj\u0101m sast\u0101vda\u013c\u0101m ir 1 gada garantija.<\/p>\n<p><strong>J: Vai hidraulisko cilindru var piel\u0101got \u012bpa\u0161\u0101m pras\u012bb\u0101m?<\/strong><br \/>\nA: J\u0101, ir pieejamas piel\u0101go\u0161anas iesp\u0113jas. L\u016bdzu, sazinieties ar mums, lai ieg\u016btu pla\u0161\u0101ku inform\u0101ciju.<\/p>\n<p><img decoding=\"async\" src=\"https:\/\/img.jiansujichilun.com\/img\/hydrauliccylinders\/B_hydrauliccylinders-4.webp\" alt=\"hidrauliskais cilindrs\" width=\"800\" title=\"\"><\/p>\n<p>Autors: CX<\/p>","protected":false},"excerpt":{"rendered":"<p>The Professional Adjustable Double Acting Cylinder Tractor Hydraulic Cylinder is a high-quality hydraulic cylinder designed to meet the demands of modern farming equipment. This cylinder features double-acting technology, which allows for smooth and reliable operation in even the toughest conditions. Built for durability and strength, this hydraulic cylinder is made from high-grade materials and is [&hellip;]<\/p>","protected":false},"featured_media":1338,"comment_status":"closed","ping_status":"closed","template":"","meta":{"_et_pb_use_builder":"","_et_pb_old_content":"","_et_gb_content_width":""},"product_brand":[],"product_cat":[39],"product_tag":[41,34],"class_list":{"0":"post-1348","1":"product","2":"type-product","3":"status-publish","4":"has-post-thumbnail","6":"product_cat-adjustable-clevis-type-cylinders","7":"product_tag-adjustable-clevis-type-cylinders","8":"product_tag-hydraulic-cylinder","10":"first","11":"instock","12":"product-type-simple"},"_links":{"self":[{"href":"https:\/\/fmp-components.com\/lv\/wp-json\/wp\/v2\/product\/1348","targetHints":{"allow":["GET"]}}],"collection":[{"href":"https:\/\/fmp-components.com\/lv\/wp-json\/wp\/v2\/product"}],"about":[{"href":"https:\/\/fmp-components.com\/lv\/wp-json\/wp\/v2\/types\/product"}],"replies":[{"embeddable":true,"href":"https:\/\/fmp-components.com\/lv\/wp-json\/wp\/v2\/comments?post=1348"}],"wp:featuredmedia":[{"embeddable":true,"href":"https:\/\/fmp-components.com\/lv\/wp-json\/wp\/v2\/media\/1338"}],"wp:attachment":[{"href":"https:\/\/fmp-components.com\/lv\/wp-json\/wp\/v2\/media?parent=1348"}],"wp:term":[{"taxonomy":"product_brand","embeddable":true,"href":"https:\/\/fmp-components.com\/lv\/wp-json\/wp\/v2\/product_brand?post=1348"},{"taxonomy":"product_cat","embeddable":true,"href":"https:\/\/fmp-components.com\/lv\/wp-json\/wp\/v2\/product_cat?post=1348"},{"taxonomy":"product_tag","embeddable":true,"href":"https:\/\/fmp-components.com\/lv\/wp-json\/wp\/v2\/product_tag?post=1348"}],"curies":[{"name":"wp","href":"https:\/\/api.w.org\/{rel}","templated":true}]}}