{"id":1346,"date":"2024-12-23T02:18:07","date_gmt":"2024-12-23T02:18:07","guid":{"rendered":"https:\/\/fmp-components.com\/product\/customized-10-ton-hydraulic-cylinder-mini-hydraulic-cylinder\/"},"modified":"2024-12-23T03:49:56","modified_gmt":"2024-12-23T03:49:56","slug":"customized-10-ton-hydraulic-cylinder-mini-hydraulic-cylinder","status":"publish","type":"product","link":"https:\/\/fmp-components.com\/lv\/product\/customized-10-ton-hydraulic-cylinder-mini-hydraulic-cylinder\/","title":{"rendered":"Piel\u0101gots 10 tonnu hidrauliskais cilindrs Mini hidrauliskais cilindrs"},"content":{"rendered":"<h2>Produkta ievads: Piel\u0101gots 10 tonnu hidrauliskais cilindrs Mini hidrauliskais cilindrs<\/h2>\n<p>Piel\u0101gotais 10 tonnu hidrauliskais cilindrs ar mini hidraulisko cilindru ir \u013coti efekt\u012bvs un iztur\u012bgs hidrauliskais cilindrs, kas paredz\u0113ts da\u017e\u0101diem r\u016bpnieciskiem pielietojumiem. Ar savu kompakto dizainu un jaud\u012bgo veiktsp\u0113ju \u0161is hidrauliskais cilindrs ir ide\u0101la izv\u0113le uzdevumiem, kuriem nepiecie\u0161ama prec\u012bza vad\u012bba un lielas celtsp\u0113jas.<\/p>\n<p>Galven\u0101s iez\u012bmes:<br \/>\n1. Piel\u0101gojams dizains: Piel\u0101goto 10 tonnu hidraulisk\u0101 cilindra mini hidraulisko cilindru var piel\u0101got \u012bpa\u0161\u0101m pras\u012bb\u0101m, nodro\u0161inot optim\u0101lu veiktsp\u0113ju un sader\u012bbu ar da\u017e\u0101d\u0101m ma\u0161\u012bn\u0101m un iek\u0101rt\u0101m.<\/p>\n<p>2. Iztur\u012bga konstrukcija: \u0160is hidrauliskais cilindrs ir izgatavots no augstas kvalit\u0101tes materi\u0101liem un ir izstr\u0101d\u0101ts, lai iztur\u0113tu lielas slodzes un past\u0101v\u012bgu lieto\u0161anu. Tas pied\u0101v\u0101 izcilu iztur\u012bbu un ilgm\u016b\u017e\u012bbu, samazinot apkopes izmaksas un uzlabojot kop\u0113jo produktivit\u0101ti.<\/p>\n<p>3. Uzticama veiktsp\u0113ja: Piel\u0101gotais 10 tonnu hidraulisk\u0101 cilindra mini hidrauliskais cilindrs nodro\u0161ina past\u0101v\u012bgu un uzticamu veiktsp\u0113ju pat vissare\u017e\u0123\u012bt\u0101kajos darba apst\u0101k\u013cos. Tas nodro\u0161ina vienm\u0113r\u012bgu un prec\u012bzu kust\u012bbu, \u013caujot veikt efekt\u012bvas un prec\u012bzas darb\u012bbas.<\/p>\n<p>4. Vienk\u0101r\u0161a uzst\u0101d\u012b\u0161ana: \u0160is hidrauliskais cilindrs, kas paredz\u0113ts lietot\u0101ja \u0113rt\u012bb\u0101m, ir viegli uzst\u0101d\u0101ms un integr\u0113jams eso\u0161aj\u0101s sist\u0113m\u0101s. T\u0101 kompaktais izm\u0113rs nodro\u0161ina netrauc\u0113tu integr\u0101ciju, ietaupot v\u0113rt\u012bgu vietu un vienk\u0101r\u0161ojot uzst\u0101d\u012b\u0161anas procesus.<\/p>\n<p>5. Daudzpus\u012bba: Piel\u0101gotais 10 tonnu hidraulisk\u0101 cilindra mini hidrauliskais cilindrs ir piem\u0113rots pla\u0161am pielietojumu kl\u0101stam, tostarp celtniec\u012bbas ma\u0161\u012bn\u0101m, lauksaimniec\u012bbas tehnikai un r\u016bpnieciskajai automatiz\u0101cijai. T\u0101 daudzpus\u012bba padara to par lielisku izv\u0113li da\u017e\u0101d\u0101m nozar\u0113m.<\/p>\n<p>6. Dro\u0161\u012bbas funkcijas: \u0160is hidrauliskais cilindrs ir apr\u012bkots ar dro\u0161\u012bbas meh\u0101nismiem, lai nodro\u0161in\u0101tu operatora aizsardz\u012bbu un nov\u0113rstu negad\u012bjumus. \u0160\u012bs funkcijas ietver p\u0101rslodzes aizsardz\u012bbu, spiediena samazin\u0101\u0161anas v\u0101rstus un av\u0101rijas aptur\u0113\u0161anas funkcijas.<\/p>\n<p><img loading=\"lazy\" decoding=\"async\" class=\"alignnone size-full wp-image-1334\" src=\"https:\/\/fmp-components.com\/wp-content\/uploads\/2024\/12\/Adjustable-Clevis-Type-Cylinders-4.webp\" alt=\"Regul\u0113jami skavu tipa cilindri\" width=\"800\" height=\"800\" title=\"\" srcset=\"https:\/\/fmp-components.com\/wp-content\/uploads\/2024\/12\/Adjustable-Clevis-Type-Cylinders-4.webp 800w, https:\/\/fmp-components.com\/wp-content\/uploads\/2024\/12\/Adjustable-Clevis-Type-Cylinders-4-480x480.webp 480w\" sizes=\"(min-width: 0px) and (max-width: 480px) 480px, (min-width: 481px) 800px, 100vw\" \/><\/p>\n<p>Nosl\u0113gum\u0101 j\u0101saka, ka piel\u0101gotais 10 tonnu hidrauliskais cilindrs ir augstas veiktsp\u0113jas hidrauliskais cilindrs, kas pied\u0101v\u0101 izcilu iztur\u012bbu, uzticam\u012bbu un daudzpus\u012bbu. T\u0101 piel\u0101gojamais dizains, iztur\u012bg\u0101 konstrukcija un lietot\u0101jam draudz\u012bg\u0101s funkcijas padara to par ide\u0101lu izv\u0113li r\u016bpnieciskiem lietojumiem, kur nepiecie\u0161ama prec\u012bza vad\u012bba un lielas celtsp\u0113jas.<\/p>\n<p>Izbaudiet piel\u0101gota 10 tonnu hidraulisk\u0101 cilindra mini hidraulisk\u0101 cilindra jaudu \u2014 t\u0101 ir lieliska izv\u0113le tehnikas remonta darbn\u012bc\u0101m, saimniec\u012bb\u0101m, ener\u0123\u0113tikas un kalnr\u016bpniec\u012bbas uz\u0146\u0113mumiem, k\u0101 ar\u012b ma\u0161\u012bnb\u016bves r\u016bpn\u012bc\u0101m. \u0160is augstas veiktsp\u0113jas hidrauliskais cilindrs ir piln\u012bgi jauns, tam ir viena gada garantija, un tas ir sertific\u0113ts atbilsto\u0161i ISO9001:2000 pras\u012bb\u0101m. Tas ir standarta virzu\u013ccilindra tips ar iztur\u012bgu t\u0113rauda korpusu, kas pied\u0101v\u0101 maksim\u0101lo vilces sp\u0113ku 3000 tonnu un maksim\u0101lo vilk\u0161anas sp\u0113ku 20 tonnu. T\u0101 regul\u0113jam\u0101 skavu tipa konstrukcija nodro\u0161ina daudzpus\u012bgu izmanto\u0161anu da\u017e\u0101dos pielietojumos.<\/p>\n<h2>Regul\u0113jamu skavu tipa cilindru priek\u0161roc\u012bbas<\/h2>\n<p>Regul\u0113jami skavu tipa cilindri, kas paz\u012bstami ar\u012b k\u0101 piel\u0101goti 10 tonnu hidrauliskie cilindri vai mini hidrauliskie cilindri, pied\u0101v\u0101 vair\u0101kas unik\u0101las priek\u0161roc\u012bbas da\u017e\u0101dos pielietojumos. \u0160ie cilindri ir konstru\u0113ti ar precizit\u0101ti un daudzpus\u012bbu, nodro\u0161inot efekt\u012bvu un uzticamu veiktsp\u0113ju. \u0160aj\u0101 rakst\u0101 m\u0113s detaliz\u0113ti izp\u0113t\u012bsim \u0161o cilindru priek\u0161roc\u012bbas.<\/p>\n<p><strong>1. Uzlabota elast\u012bba un piel\u0101go\u0161anas iesp\u0113jas:<\/strong> Regul\u0113jami skavu tipa cilindri pied\u0101v\u0101 lielu piel\u0101go\u0161anas elast\u012bbu. Tos var piel\u0101got \u012bpa\u0161\u0101m pras\u012bb\u0101m, piem\u0113ram, g\u0101jiena garumam, mont\u0101\u017eas iesp\u0113j\u0101m un urbuma izm\u0113riem. Tas nodro\u0161ina neman\u0101mu integr\u0101ciju da\u017e\u0101d\u0101s sist\u0113m\u0101s un optim\u0101lu veiktsp\u0113ju.<\/p>\n<p><strong>2. Izcila kravnes\u012bba:<\/strong> \u0160ie cilindri sp\u0113j viegli apstr\u0101d\u0101t smagas kravas. Ar 10 tonnu celtsp\u0113ju tie nodro\u0161ina stabilas cel\u0161anas un stum\u0161anas iesp\u0113jas, padarot tos ide\u0101li piem\u0113rotus lietojumiem, kuriem nepiecie\u0161ama liela jauda.<\/p>\n<p><strong>3. Kompakts un telpu taupo\u0161s:<\/strong> \u0160o cilindru miniat\u016brais hidrauliskais dizains \u013cauj tos ievietot \u0161aur\u0101s viet\u0101s, kur liel\u0101ki cilindri var neb\u016bt piem\u0113roti. To kompaktais izm\u0113rs neietekm\u0113 to veiktsp\u0113ju, padarot tos daudzpus\u012bgus da\u017e\u0101d\u0101s nozar\u0113s un pielietojumos.<\/p>\n<p><strong>4. Prec\u012bza pozicion\u0113\u0161ana un vad\u012bba:<\/strong> Regul\u0113jami skavu tipa cilindri nodro\u0161ina prec\u012bzu pozicion\u0113\u0161anu un vad\u012bbu, pateicoties to uzlabotaj\u0101m hidrauliskaj\u0101m sist\u0113m\u0101m. Tas nodro\u0161ina prec\u012bzas un atk\u0101rtojamas kust\u012bbas, padarot tos ide\u0101li piem\u0113rotus uzdevumiem, kuriem nepiecie\u0161ama prec\u012bza regul\u0113\u0161ana.<\/p>\n<p><strong>5. Iztur\u012bba un uzticam\u012bba:<\/strong> \u0160ie cilindri ir izgatavoti, lai iztur\u0113tu skarbus apst\u0101k\u013cus un intens\u012bvu lieto\u0161anu. Tie ir izgatavoti no augstas kvalit\u0101tes materi\u0101liem un tiek r\u016bp\u012bgi p\u0101rbaud\u012bti, nodro\u0161inot iztur\u012bbu un ilgtermi\u0146a uzticam\u012bbu.<\/p>\n<p><strong>6. Vienk\u0101r\u0161a uzst\u0101d\u012b\u0161ana un apkope:<\/strong> Regul\u0113jamu skavu tipa cilindru konstrukcija vienk\u0101r\u0161o uzst\u0101d\u012b\u0161anas procesu, ietaupot laiku un p\u016bles. Turkl\u0101t tiem nepiecie\u0161ama minim\u0101la apkope, samazinot ekspluat\u0101cijas izmaksas un d\u012bkst\u0101ves laiku.<\/p>\n<p><strong>7. Pla\u0161s pielietojumu kl\u0101sts:<\/strong> Piel\u0101goti 10 tonnu hidrauliskie cilindri tiek izmantoti da\u017e\u0101d\u0101s nozar\u0113s, tostarp b\u016bvniec\u012bb\u0101, ra\u017eo\u0161an\u0101, lauksaimniec\u012bb\u0101 un citur. To daudzpus\u012bba padara tos piem\u0113rotus t\u0101diem uzdevumiem k\u0101 smagu kravu cel\u0161ana, apr\u012bkojuma stum\u0161ana vai vilk\u0161ana, k\u0101 ar\u012b prec\u012bza pozicion\u0113\u0161ana sare\u017e\u0123\u012bt\u0101s sist\u0113m\u0101s.<\/p>\n<p>Nosl\u0113gum\u0101 j\u0101secina, ka regul\u0113jamie skavu tipa cilindri sniedz daudzas priek\u0161roc\u012bbas elast\u012bbas, kravnes\u012bbas, vietas efektivit\u0101tes, prec\u012bzas vad\u012bbas, iztur\u012bbas, vienk\u0101r\u0161as uzst\u0101d\u012b\u0161anas un apkopes, k\u0101 ar\u012b pla\u0161a pielietojuma kl\u0101sta zi\u0146\u0101. To unik\u0101l\u0101s \u012bpa\u0161\u012bbas padara tos par uzticamu izv\u0113li pras\u012bg\u0101m hidrauliskaj\u0101m sist\u0113m\u0101m, nodro\u0161inot optim\u0101lu veiktsp\u0113ju un efektivit\u0101ti.<\/p>\n<p><img decoding=\"async\" src=\"https:\/\/fmp-components.com\/wp-content\/uploads\/2024\/12\/Adjustable-Clevis-Type-Cylinders5.webp\" alt=\"Regul\u0113jams skavu tipa cilindrs\" width=\"800\" title=\"\"><\/p>\n<h2>Regul\u0113jamu skavu tipa cilindru pielietojums<\/h2>\n<p>Regul\u0113jams skavu tipa cilindrs ir hidrauliskais cilindrs, kuram vien\u0101 gal\u0101 ir skavu tipa cilindrs, kas \u013cauj to viegli uzst\u0101d\u012bt un savienot ar da\u017e\u0101d\u0101m meh\u0101nisk\u0101m sist\u0113m\u0101m. \u0160ie cilindri tiek pla\u0161i izmantoti da\u017e\u0101d\u0101s nozar\u0113s, pateicoties to daudzpus\u012bbai un regul\u0113jam\u012bbai. \u0160aj\u0101 rakst\u0101 m\u0113s izp\u0113t\u012bsim regul\u0113jamu skavu tipa cilindru pielietojumu un apspried\u012bsim to priek\u0161roc\u012bbas un priek\u0161roc\u012bbas.<\/p>\n<h3>1. R\u016bpniecisk\u0101s automatiz\u0101cijas sist\u0113mas<\/h3>\n<p>R\u016bpniecisk\u0101s automatiz\u0101cijas sist\u0113m\u0101s regul\u0113jamiem skavu tipa cilindriem ir iz\u0161\u0137iro\u0161a noz\u012bme da\u017e\u0101du komponentu kust\u012bbas kontrol\u0113\u0161an\u0101. Tos parasti izmanto robotiz\u0113t\u0101s rok\u0101s, konveijeru sist\u0113m\u0101s un materi\u0101lu apstr\u0101des iek\u0101rt\u0101s. Sp\u0113ja regul\u0113t cilindra garumu atvieglo \u0161o sist\u0113mu pozicion\u0113\u0161anas un kust\u012bbas prec\u012bzu noregul\u0113\u0161anu, nodro\u0161inot prec\u012bzu un efekt\u012bvu darb\u012bbu.<\/p>\n<h3>2. Celtniec\u012bbas tehnika<\/h3>\n<p>Regul\u0113jami skavu tipa cilindri tiek pla\u0161i izmantoti celtniec\u012bbas ma\u0161\u012bn\u0101s, piem\u0113ram, ekskavatoros, iekr\u0101v\u0113jos un celt\u0146os. \u0160ie cilindri nodro\u0161ina nepiecie\u0161amo sp\u0113ku un vad\u012bbu da\u017e\u0101d\u0101m funkcij\u0101m, tostarp cel\u0161anai, rak\u0161anai un noliek\u0161anai. Regul\u0113jam\u0101 funkcija \u013cauj operatoriem piel\u0101got cilindra garumu atbilsto\u0161i konkr\u0113tiem darba apst\u0101k\u013ciem, uzlabojot ma\u0161\u012bnas kop\u0113jo veiktsp\u0113ju un produktivit\u0101ti.<\/p>\n<h3>3. Lauksaimniec\u012bbas tehnika<\/h3>\n<p>Lauksaimniec\u012bbas nozar\u0113 regul\u0113jami skavu tipa cilindri tiek izmantoti da\u017e\u0101d\u0101s iek\u0101rt\u0101s, piem\u0113ram, traktoros, arklos un kombainos. \u0160ie cilindri tiek izmantoti t\u0101diem uzdevumiem k\u0101 asmens augstuma regul\u0113\u0161ana, stiprin\u0101jumu poz\u012bcijas kontrole un hidraulisk\u0101s jaudas nodro\u0161in\u0101\u0161ana smagu kravu cel\u0161anai. To regul\u0113jam\u0101 daba nodro\u0161ina optim\u0101lu veiktsp\u0113ju un elast\u012bbu da\u017e\u0101d\u0101s lauksaimniec\u012bbas darb\u012bb\u0101s.<\/p>\n<h3>4. Automobi\u013cu r\u016bpniec\u012bba<\/h3>\n<p>Automobi\u013cu r\u016bpniec\u012bb\u0101 regul\u0113jamus skavu tipa cilindrus izmanto da\u017e\u0101dos pielietojumos, tostarp transportl\u012bdzek\u013cu piekar\u0113s, nolai\u017eamajos jumtos un regul\u0113jamos s\u0113dek\u013cos. \u0160ie cilindri nodro\u0161ina nepiecie\u0161amo atbalstu un regul\u0113\u0161anas iesp\u0113jas, lai uzlabotu transportl\u012bdzek\u013cu visp\u0101r\u0113jo komfortu un funkcionalit\u0101ti. Iesp\u0113ja piel\u0101got cilindra garumu nodro\u0161ina \u0113rtu brauk\u0161anas pieredzi da\u017e\u0101da auguma un v\u0113lmju lietot\u0101jiem.<\/p>\n<h3>5. Piel\u0101goti risin\u0101jumi<\/h3>\n<p>Viena no regul\u0113jamu skavu tipa cilindru galvenaj\u0101m priek\u0161roc\u012bb\u0101m ir to piel\u0101go\u0161anas iesp\u0113ja atbilsto\u0161i \u012bpa\u0161\u0101m pras\u012bb\u0101m. Ra\u017eot\u0101ji var projekt\u0113t un ra\u017eot cilindrus ar da\u017e\u0101du g\u0101jiena garumu, mont\u0101\u017eas iesp\u0113j\u0101m un spiediena v\u0113rt\u012bb\u0101m, lai apmierin\u0101tu katra pielietojuma unik\u0101l\u0101s vajadz\u012bbas. \u0160\u012b piel\u0101go\u0161ana nodro\u0161ina optim\u0101lu veiktsp\u0113ju un sader\u012bbu, k\u0101 rezult\u0101t\u0101 darb\u012bba ir efekt\u012bva un uzticama.<\/p>\n<p>Regul\u0113jami skavu tipa cilindri ir daudzpus\u012bgi hidrauliski komponenti, kas atrodami da\u017e\u0101d\u0101s nozar\u0113s. To regul\u0113jam\u0101 daba, k\u0101 ar\u012b piel\u0101go\u0161anas iesp\u0113ja padara tos par ide\u0101lu izv\u0113li da\u017e\u0101d\u0101m meh\u0101nisk\u0101m sist\u0113m\u0101m. Neatkar\u012bgi no t\u0101, vai tas ir r\u016bpniecisk\u0101s automatiz\u0101cijas, celtniec\u012bbas tehnikas, lauksaimniec\u012bbas, autob\u016bves vai cit\u0101s nozar\u0113s, \u0161ie cilindri nodro\u0161ina nepiecie\u0161amo sp\u0113ku, kontroli un piel\u0101go\u0161an\u0101s sp\u0113ju, lai nodro\u0161in\u0101tu vienm\u0113r\u012bgu un efekt\u012bvu darb\u012bbu.<\/p>\n<p><img decoding=\"async\" src=\"https:\/\/fmp-components.com\/wp-content\/uploads\/2024\/12\/Application-of-Adjustable-Clevis-Type-Cylinders.webp\" alt=\"Regul\u0113jams skavu tipa cilindrs\" width=\"800\" title=\"\"><\/p>\n<h3>Par FMP<\/h3>\n<p><img decoding=\"async\" src=\"https:\/\/fmp-components.com\/wp-content\/uploads\/2024\/12\/Adjustable-Clevis-Type-Cylinders-6.webp\" alt=\"Regul\u0113jams skavu tipa cilindrs\" width=\"808\" title=\"\"><\/p>\n<p>FMP ir vado\u0161ais uz\u0146\u0113mums, kas specializ\u0113jas hidraulisko cilindru ra\u017eo\u0161an\u0101 un p\u0101rdo\u0161an\u0101. Pateicoties m\u016bsu daudzu gadu pieredzei nozar\u0113 un profesion\u0101lajai komandai, m\u0113s esam ap\u0146\u0113mu\u0161ies nodro\u0161in\u0101t m\u016bsu klientus ar augstas kvalit\u0101tes un uzticamiem hidrauliskajiem cilindriem da\u017e\u0101diem pielietojumiem b\u016bvniec\u012bbas tehnikas nozar\u0113.<\/p>\n<p>1. Pla\u0161s produktu kl\u0101sts: M\u0113s pied\u0101v\u0101jam pla\u0161u hidraulisko cilindru kl\u0101stu, tostarp regul\u0113jamus skavu tipa cilindrus, teleskopiskos cilindrus, metin\u0101tus cilindrus, st\u016bres stie\u0146u cilindrus un citus. Lai k\u0101das b\u016btu j\u016bsu \u012bpa\u0161\u0101s vajadz\u012bbas, mums ir piem\u0113rots hidraulisko cilindru risin\u0101jums tie\u0161i jums.<\/p>\n<p>2. Izcila kvalit\u0101te: FMP m\u0113s pie\u0161\u0137iram priorit\u0101ti kvalit\u0101tei un nodro\u0161in\u0101m, lai visi m\u016bsu hidrauliskie cilindri atbilstu stingriem kvalit\u0101tes standartiem. M\u0113s esam izveidoju\u0161i ilgtermi\u0146a un stabilas attiec\u012bbas ar augstas kvalit\u0101tes pieg\u0101d\u0101t\u0101jiem gan viet\u0113j\u0101, gan starptautisk\u0101 m\u0113rog\u0101, lai garant\u0113tu m\u016bsu produktu iztur\u012bbu un veiktsp\u0113ju.<\/p>\n<p>3. Pieredz\u0113jusi p\u0101rdo\u0161anas komanda: m\u016bsu pieredz\u0113ju\u0161\u0101 un prasm\u012bg\u0101 p\u0101rdo\u0161anas komanda labi p\u0101rzina jaun\u0101k\u0101s nozares tendences un klientu vajadz\u012bbas. Vi\u0146i ir gatavi sniegt profesion\u0101las konsult\u0101cijas par produktiem un pied\u0101v\u0101t p\u0101rdom\u0101tus pirk\u0161anas ieteikumus, nodro\u0161inot, ka j\u016bs izdar\u0101t vislab\u0101ko izv\u0113li atbilsto\u0161i sav\u0101m celtniec\u012bbas tehnikas pras\u012bb\u0101m.<\/p>\n<p>4. Efekt\u012bva lo\u0123istikas izplat\u012b\u0161ana: M\u0113s saprotam savlaic\u012bgas pieg\u0101des noz\u012bmi. Ar m\u016bsu efekt\u012bvo lo\u0123istikas izplat\u012b\u0161anas sist\u0113mu m\u0113s nodro\u0161in\u0101m, ka klienti savlaic\u012bgi un prec\u012bzi sa\u0146em nepiecie\u0161amos hidrauliskos cilindrus. J\u016bs varat pa\u013cauties uz mums, lai sa\u0146emtu \u0101tru un uzticamu pakalpojumu.<\/p>\n<p>5. Piel\u0101gojami risin\u0101jumi: M\u0113s saprotam, ka katrs celtniec\u012bbas tehnikas projekts ir unik\u0101ls. T\u0101p\u0113c m\u0113s pied\u0101v\u0101jam piel\u0101gojamus hidraulisko cilindru risin\u0101jumus, lai atbilstu j\u016bsu \u012bpa\u0161aj\u0101m pras\u012bb\u0101m. Neatkar\u012bgi no t\u0101, vai jums ir nepiecie\u0161ams cilindrs ar noteiktu g\u0101jiena garumu, mont\u0101\u017eas veidu vai jebkuru citu piel\u0101gojumu, m\u0113s varam nodro\u0161in\u0101t jums piel\u0101gotus risin\u0101jumus.<\/p>\n<p>Sadarb\u012bba ar FMP noz\u012bm\u0113 piek\u013cuvi augstas kvalit\u0101tes hidrauliskajiem cilindriem, zino\u0161ai p\u0101rdo\u0161anas komandai, efekt\u012bvai lo\u0123istikai un piel\u0101gojamiem risin\u0101jumiem. Uzticieties mums, lai pieg\u0101d\u0101tu uzticamus un iztur\u012bgus hidrauliskos cilindrus, kas nepiecie\u0161ami j\u016bsu celtniec\u012bbas tehnikas projektiem.<\/p>\n<h2>Bie\u017ei uzdotie jaut\u0101jumi<\/h2>\n<p><b>J: K\u0101ds ir piel\u0101got\u0101 10 tonnu hidraulisk\u0101 cilindra mini hidraulisk\u0101 cilindra pieg\u0101des laiks?<\/b><\/p>\n<p>A: Parasti pieg\u0101des laiks ir 25\u201335 dienas.<\/p>\n<p><b>J: Vai ir pieejami piel\u0101got\u0101 10 tonnu hidraulisk\u0101 cilindra mini hidraulisk\u0101 cilindra paraugi?<\/b><\/p>\n<p>A: J\u0101, paraugi ir pieejami, bet tie nav bez maksas.<\/p>\n<p><b>J: Vai piel\u0101goto 10 tonnu hidraulisko cilindru mini hidraulisko cilindru var piel\u0101got atbilsto\u0161i \u012bpa\u0161\u0101m pras\u012bb\u0101m?<\/b><\/p>\n<p>A: J\u0101, m\u0113s varam izgatavot hidraulisko cilindru atbilsto\u0161i j\u016bsu paraugiem vai tehniskajiem ras\u0113jumiem. M\u0113s varam izgatavot veidnes un armat\u016bru atbilsto\u0161i j\u016bsu \u012bpa\u0161aj\u0101m vajadz\u012bb\u0101m.<\/p>\n<p>Autors: CX<\/p>\n<p>&nbsp;<\/p>","protected":false},"excerpt":{"rendered":"<p>Product Introduction: Customized 10 Ton Hydraulic Cylinder Mini Hydraulic Cylinder The Customized 10 Ton Hydraulic Cylinder Mini Hydraulic Cylinder is a highly efficient and durable hydraulic cylinder designed for various industrial applications. With its compact design and powerful performance, this hydraulic cylinder is the ideal choice for tasks that require precise control and heavy lifting [&hellip;]<\/p>","protected":false},"featured_media":1340,"comment_status":"closed","ping_status":"closed","template":"","meta":{"_et_pb_use_builder":"","_et_pb_old_content":"","_et_gb_content_width":""},"product_brand":[],"product_cat":[39],"product_tag":[41,34],"class_list":{"0":"post-1346","1":"product","2":"type-product","3":"status-publish","4":"has-post-thumbnail","6":"product_cat-adjustable-clevis-type-cylinders","7":"product_tag-adjustable-clevis-type-cylinders","8":"product_tag-hydraulic-cylinder","10":"first","11":"instock","12":"product-type-simple"},"_links":{"self":[{"href":"https:\/\/fmp-components.com\/lv\/wp-json\/wp\/v2\/product\/1346","targetHints":{"allow":["GET"]}}],"collection":[{"href":"https:\/\/fmp-components.com\/lv\/wp-json\/wp\/v2\/product"}],"about":[{"href":"https:\/\/fmp-components.com\/lv\/wp-json\/wp\/v2\/types\/product"}],"replies":[{"embeddable":true,"href":"https:\/\/fmp-components.com\/lv\/wp-json\/wp\/v2\/comments?post=1346"}],"wp:featuredmedia":[{"embeddable":true,"href":"https:\/\/fmp-components.com\/lv\/wp-json\/wp\/v2\/media\/1340"}],"wp:attachment":[{"href":"https:\/\/fmp-components.com\/lv\/wp-json\/wp\/v2\/media?parent=1346"}],"wp:term":[{"taxonomy":"product_brand","embeddable":true,"href":"https:\/\/fmp-components.com\/lv\/wp-json\/wp\/v2\/product_brand?post=1346"},{"taxonomy":"product_cat","embeddable":true,"href":"https:\/\/fmp-components.com\/lv\/wp-json\/wp\/v2\/product_cat?post=1346"},{"taxonomy":"product_tag","embeddable":true,"href":"https:\/\/fmp-components.com\/lv\/wp-json\/wp\/v2\/product_tag?post=1346"}],"curies":[{"name":"wp","href":"https:\/\/api.w.org\/{rel}","templated":true}]}}