{"id":1345,"date":"2024-12-23T02:18:07","date_gmt":"2024-12-23T02:18:07","guid":{"rendered":"https:\/\/fmp-components.com\/product\/high-quality-double-acting-welded-hydraulic-cylinders-for-sale\/"},"modified":"2024-12-23T03:39:35","modified_gmt":"2024-12-23T03:39:35","slug":"high-quality-double-acting-welded-hydraulic-cylinders-for-sale","status":"publish","type":"product","link":"https:\/\/fmp-components.com\/lv\/product\/high-quality-double-acting-welded-hydraulic-cylinders-for-sale\/","title":{"rendered":"P\u0101rdo\u0161an\u0101 augstas kvalit\u0101tes divk\u0101r\u0161as darb\u012bbas metin\u0101ti hidrauliskie cilindri"},"content":{"rendered":"<h2>P\u0101rdo\u0161an\u0101 augstas kvalit\u0101tes divk\u0101r\u0161as darb\u012bbas metin\u0101ti hidrauliskie cilindri:<\/h2>\n<p>M\u016bsu augstas kvalit\u0101tes divk\u0101r\u0161\u0101s darb\u012bbas metin\u0101tie hidrauliskie cilindri ir ide\u0101ls risin\u0101jums vis\u0101m j\u016bsu hidraulisk\u0101s jaudas vajadz\u012bb\u0101m. \u0160ie cilindri ir izstr\u0101d\u0101ti, lai nodro\u0161in\u0101tu izcilu veiktsp\u0113ju un uzticam\u012bbu pla\u0161\u0101 pielietojumu kl\u0101st\u0101.<\/p>\n<p>Pateicoties divk\u0101r\u0161\u0101s darb\u012bbas konstrukcijai, m\u016bsu hidrauliskie cilindri pied\u0101v\u0101 izcilu funkcionalit\u0101ti un daudzpus\u012bbu. Tie var rad\u012bt sp\u0113ku abos virzienos, nodro\u0161inot efekt\u012bvu darb\u012bbu un prec\u012bzu vad\u012bbu. Neatkar\u012bgi no t\u0101, vai jums ir j\u0101pace\u013c smagas kravas, j\u0101p\u0101rvieto tehnika vai j\u0101darbina hidraulisk\u0101s sist\u0113mas, m\u016bsu cilindri par\u016bp\u0113sies par visu.<\/p>\n<p>M\u016bsu hidrauliskie cilindri ir izgatavoti, dom\u0101jot par iztur\u012bbu, no augstas kvalit\u0101tes materi\u0101liem un tiek r\u016bp\u012bgi p\u0101rbaud\u012bti, lai nodro\u0161in\u0101tu ilgsto\u0161u veiktsp\u0113ju. Metin\u0101t\u0101 konstrukcija nodro\u0161ina papildu iztur\u012bbu un stabilit\u0101ti, padarot tos sp\u0113j\u012bgus iztur\u0113t intens\u012bvu lieto\u0161anu un ekstrem\u0101lus apst\u0101k\u013cus. J\u016bs varat pa\u013cauties uz m\u016bsu cilindriem, kas nodro\u0161in\u0101s past\u0101v\u012bgu un uzticamu hidraulisko jaudu, kad t\u0101 jums visvair\u0101k nepiecie\u0161ama.<\/p>\n<p><img loading=\"lazy\" decoding=\"async\" class=\"alignnone size-full wp-image-1334\" src=\"https:\/\/fmp-components.com\/wp-content\/uploads\/2024\/12\/Adjustable-Clevis-Type-Cylinders-4.webp\" alt=\"Regul\u0113jami skavu tipa cilindri\" width=\"800\" height=\"800\" title=\"\" srcset=\"https:\/\/fmp-components.com\/wp-content\/uploads\/2024\/12\/Adjustable-Clevis-Type-Cylinders-4.webp 800w, https:\/\/fmp-components.com\/wp-content\/uploads\/2024\/12\/Adjustable-Clevis-Type-Cylinders-4-480x480.webp 480w\" sizes=\"(min-width: 0px) and (max-width: 480px) 480px, (min-width: 481px) 800px, 100vw\" \/><\/p>\n<p>M\u016bsu divk\u0101r\u0161\u0101s darb\u012bbas metin\u0101tos hidrauliskos cilindrus ir viegli uzst\u0101d\u012bt un uztur\u0113t. Tie ir pieejami ar da\u017e\u0101d\u0101m mont\u0101\u017eas iesp\u0113j\u0101m, lai atbilstu j\u016bsu \u012bpa\u0161aj\u0101m pras\u012bb\u0101m. Ar pien\u0101c\u012bgu kop\u0161anu un regul\u0101ru apkopi \u0161ie cilindri nodro\u0161in\u0101s daudzu gadu bezprobl\u0113mu kalpo\u0161anu.<\/p>\n<p>Neatkar\u012bgi no t\u0101, vai str\u0101d\u0101jat b\u016bvniec\u012bbas, lauksaimniec\u012bbas vai ra\u017eo\u0161anas nozar\u0113, m\u016bsu augstas kvalit\u0101tes divk\u0101r\u0161\u0101s darb\u012bbas metin\u0101tie hidrauliskie cilindri ir ide\u0101la izv\u0113le j\u016bsu hidraulisk\u0101s jaudas vajadz\u012bb\u0101m. Neapmieriniet sevi ar neko maz\u0101ku par lab\u0101ko. Invest\u0113jiet m\u016bsu cilindros un izbaudiet veiktsp\u0113ju un uzticam\u012bbu, ko esat peln\u012bju\u0161i.<\/p>\n<table style=\"width: 100%;\" border=\"1\" width=\"100%\" cellspacing=\"0\" cellpadding=\"0\">\n<tbody>\n<tr>\n<th>Produkta nosaukums<\/th>\n<td>Jauni divk\u0101r\u0161as darb\u012bbas metin\u0101tie hidrauliskie cilindri<\/td>\n<\/tr>\n<tr>\n<th>Garantija<\/th>\n<td>1 gads<\/td>\n<\/tr>\n<tr>\n<th>Piem\u0113rojam\u0101s nozares<\/th>\n<td>Ma\u0161\u012bnu remonta darbn\u012bcas, Lauksaimniec\u012bbas saimniec\u012bbas, Ener\u0123\u0113tika un ieguves r\u016bpniec\u012bba, Ma\u0161\u012bnu ra\u017eo\u0161ana, Ma\u0161\u012bnu r\u016bpn\u012bcas<\/td>\n<\/tr>\n<tr>\n<th>Svars (kg)<\/th>\n<td>30<\/td>\n<\/tr>\n<tr>\n<th>Video izejo\u0161\u0101 p\u0101rbaude<\/th>\n<td>Nodro\u0161in\u0101ts<\/td>\n<\/tr>\n<tr>\n<th>Ma\u0161\u012bnu testa zi\u0146ojums<\/th>\n<td>Nodro\u0161in\u0101ts<\/td>\n<\/tr>\n<tr>\n<th>M\u0101rketinga veids<\/th>\n<td>Jauns produkts 2023. gad\u0101<\/td>\n<\/tr>\n<tr>\n<th>Galveno komponentu garantija<\/th>\n<td>1 gads<\/td>\n<\/tr>\n<tr>\n<th>Galven\u0101s sast\u0101vda\u013cas<\/th>\n<td>Gult\u0146i, hidrauliskie cilindri<\/td>\n<\/tr>\n<tr>\n<th>Strukt\u016bra<\/th>\n<td>Virzu\u013ca cilindrs<\/td>\n<\/tr>\n<tr>\n<th>Jauda<\/th>\n<td>Hidraulisk\u0101<\/td>\n<\/tr>\n<tr>\n<th>Korpusa materi\u0101ls<\/th>\n<td>Iztur\u012bgs t\u0113rauds<\/td>\n<\/tr>\n<tr>\n<th>Maksim\u0101l\u0101 vilce<\/th>\n<td>3000<\/td>\n<\/tr>\n<tr>\n<th>Tips<\/th>\n<td>Regul\u0113jams skavu tipa cilindrs<\/td>\n<\/tr>\n<tr>\n<th>Ostas<\/th>\n<td>G\/SAE\/NPT\/M<\/td>\n<\/tr>\n<tr>\n<th>Maksim\u0101lais vilk\u0161anas sp\u0113ks<\/th>\n<td>20 tonnas<\/td>\n<\/tr>\n<tr>\n<th>Sertifik\u0101cija<\/th>\n<td>ISO 9001:2000<\/td>\n<\/tr>\n<tr>\n<th>Urbuma izm\u0113rs<\/th>\n<td>2\u20136 collas<\/td>\n<\/tr>\n<tr>\n<th>Stie\u0146a izm\u0113rs<\/th>\n<td>1,125\u20134 collas<\/td>\n<\/tr>\n<tr>\n<th>Trieciena izm\u0113rs<\/th>\n<td>4\u2013100 collas<\/td>\n<\/tr>\n<tr>\n<th>Tapas izm\u0113rs<\/th>\n<td>0,5\u20132 collas<\/td>\n<\/tr>\n<tr>\n<th>Kr\u0101sa<\/th>\n<td>Melns<\/td>\n<\/tr>\n<\/tbody>\n<\/table>\n<h2>Divk\u0101r\u0161as darb\u012bbas metin\u0101to hidraulisko cilindru izp\u0113te<\/h2>\n<p>Produkts b\u016bt\u012bb\u0101 ir divk\u0101r\u0161as darb\u012bbas hidrauliskais cilindrs, kas noz\u012bm\u0113, ka tas izmanto hidraulisko sp\u0113ku, lai gan izstieptu, gan ievilktu virzu\u013ca stieni, nodro\u0161inot prec\u012bzu kust\u012bbu un kontroli. \u0160\u0101da veida cilindrus parasti izmanto r\u016bpnieciskaj\u0101s iek\u0101rt\u0101s un mobilaj\u0101s hidraulik\u0101s, k\u0101 ar\u012b lauksaimniec\u012bbas iek\u0101rt\u0101s un celtniec\u012bbas transportl\u012bdzek\u013cos to augst\u0101s jaudas un iztur\u012bbas d\u0113\u013c.<\/p>\n<p>M\u016bsu cilindriem ir iespaid\u012bgas specifik\u0101cijas un veiktsp\u0113jas dati. Ar urbuma izm\u0113ru no 2 l\u012bdz 6 coll\u0101m, stie\u0146a izm\u0113ru no 1,125 l\u012bdz 4 coll\u0101m, g\u0101jiena izm\u0113ru no 4 l\u012bdz 100 coll\u0101m un tapas izm\u0113ru no 0,5 l\u012bdz 2 coll\u0101m, \u0161ie cilindri ir paredz\u0113ti da\u017e\u0101du smagiem uzdevumiem. Cilindri sp\u0113j rad\u012bt maksim\u0101lo vilces sp\u0113ku 3000 un vilkt maksim\u0101li 20 tonnas, padarot tos par jaud\u012bgu papildin\u0101jumu jebkurai tehnikas iek\u0101rtai.<\/p>\n<p>Divk\u0101r\u0161\u0101s darb\u012bbas hidrauliskie cilindri ir izgatavoti no augstas kvalit\u0101tes t\u0113rauda, \u200b\u200bnodro\u0161inot iztur\u012bbu un ilgm\u016b\u017e\u012bbu. Turkl\u0101t cilindru meln\u0101 kr\u0101sa pie\u0161\u0137ir korozijas iztur\u012bbas sl\u0101ni, v\u0113l vair\u0101k uzlabojot produkta kalpo\u0161anas laiku un veiktsp\u0113ju.<\/p>\n<p>Tiem, kam nepiecie\u0161ams piel\u0101got\u0101ks risin\u0101jums, m\u0113s pied\u0101v\u0101jam piel\u0101go\u0161anas iesp\u0113jas m\u016bsu hidrauliskajiem cilindriem. Neatkar\u012bgi no t\u0101, vai jums ir nepiecie\u0161ams noteikts urbuma izm\u0113rs, stie\u0146a izm\u0113rs vai g\u0101jiena garums, m\u0113s varam piel\u0101goties j\u016bsu vajadz\u012bb\u0101m, lai nodro\u0161in\u0101tu optim\u0101lu veiktsp\u0113ju.<\/p>\n<h2>Regul\u0113jamu skavu tipa cilindru priek\u0161roc\u012bbas<\/h2>\n<p>Regul\u0113jami skavu tipa cilindri, piem\u0113ram, p\u0101rdo\u0161an\u0101 eso\u0161ie augstas kvalit\u0101tes divk\u0101r\u0161as darb\u012bbas metin\u0101tie hidrauliskie cilindri, pied\u0101v\u0101 vair\u0101kas priek\u0161roc\u012bbas da\u017e\u0101dos pielietojumos. \u0160ie cilindri ir izstr\u0101d\u0101ti ar precizit\u0101ti un pieredzi, lai nodro\u0161in\u0101tu izcilu veiktsp\u0113ju un uzticam\u012bbu. \u0160aj\u0101 rakst\u0101 m\u0113s izp\u0113t\u012bsim regul\u0113jamo skavu tipa cilindru unik\u0101l\u0101s \u012bpa\u0161\u012bbas un priek\u0161roc\u012bbas.<\/p>\n<p>1. Uzlabota elast\u012bba un piel\u0101gojam\u012bba<\/p>\n<p>Regul\u0113jami cilindri ar skavu ir paz\u012bstami ar savu izcilo elast\u012bbu un regul\u0113jam\u012bbu. Pateicoties iesp\u0113jai main\u012bt cilindra garumu un skavas poz\u012bciju, \u0161os cilindrus var viegli piel\u0101got \u012bpa\u0161\u0101m pras\u012bb\u0101m. \u0160\u012b elast\u012bba \u013cauj tos neman\u0101mi integr\u0113t da\u017e\u0101d\u0101s sist\u0113m\u0101s un nodro\u0161ina optim\u0101lu veiktsp\u0113ju da\u017e\u0101dos pielietojumos.<\/p>\n<p>2. Palielin\u0101ta kravas apstr\u0101des jauda<\/p>\n<p>Viena no regul\u0113jamu skavu tipa cilindru galvenaj\u0101m priek\u0161roc\u012bb\u0101m ir to sp\u0113ja viegli tikt gal\u0101 ar smag\u0101m krav\u0101m. \u0160ie cilindri ir konstru\u0113ti, lai iztur\u0113tu augstu spiedienu un nodro\u0161in\u0101tu stabilu celtsp\u0113ju. \u0160o cilindru uzlabotais dizains un konstrukcija \u013cauj tiem tikt gal\u0101 ar ekstrem\u0101l\u0101m krav\u0101m, neapdraudot veiktsp\u0113ju vai dro\u0161\u012bbu.<\/p>\n<p>3. Prec\u012bza pozicion\u0113\u0161ana un vad\u012bba<\/p>\n<p>Regul\u0113jami skavu tipa cilindri izce\u013cas ar prec\u012bzas pozicion\u0113\u0161anas un vad\u012bbas nodro\u0161in\u0101\u0161anu. Pateicoties prec\u012bzi noregul\u0113taj\u0101m hidrauliskaj\u0101m sist\u0113m\u0101m, \u0161ie cilindri nodro\u0161ina prec\u012bzu un vienm\u0113r\u012bgu kust\u012bbu, \u013caujot prec\u012bzi kontrol\u0113t slodzi. \u0160\u0101ds vad\u012bbas l\u012bmenis ir \u013coti svar\u012bgs lietojumos, kur nepiecie\u0161ama prec\u012bza pozicion\u0113\u0161ana, piem\u0113ram, materi\u0101lu apstr\u0101des iek\u0101rt\u0101s vai r\u016bpnieciskaj\u0101s ma\u0161\u012bn\u0101s.<\/p>\n<p>4. Izcila iztur\u012bba un ilgm\u016b\u017e\u012bba<\/p>\n<p>Augstas kvalit\u0101tes divk\u0101r\u0161as darb\u012bbas metin\u0101tie hidrauliskie cilindri, tostarp regul\u0113jami skavu tipa cilindri, ir rad\u012bti ilgam kalpo\u0161anas laikam. \u0160ie cilindri ir izgatavoti no iztur\u012bgiem materi\u0101liem un tiek pak\u013cauti stingriem kvalit\u0101tes kontroles pas\u0101kumiem, lai nodro\u0161in\u0101tu to ilgm\u016b\u017e\u012bbu un uzticam\u012bbu. Tie ir izstr\u0101d\u0101ti, lai iztur\u0113tu skarbus ekspluat\u0101cijas apst\u0101k\u013cus, tostarp ekstrem\u0101las temperat\u016bras, lielas slodzes un bie\u017eu lieto\u0161anu, neapdraudot to veiktsp\u0113ju vai konstrukcijas integrit\u0101ti.<\/p>\n<p>5. Uzlabota efektivit\u0101te un veiktsp\u0113ja<\/p>\n<p>Regul\u0113jami skavu tipa cilindri veicina uzlabotu efektivit\u0101ti un veiktsp\u0113ju da\u017e\u0101d\u0101s sist\u0113m\u0101s un pielietojumos. Nodro\u0161inot prec\u012bzu vad\u012bbu un uzticamu darb\u012bbu, \u0161ie cilindri pal\u012bdz racionaliz\u0113t procesus un optimiz\u0113t produktivit\u0101ti. To sp\u0113ja iztur\u0113t lielas slodzes un piel\u0101goties da\u017e\u0101d\u0101m pras\u012bb\u0101m nodro\u0161ina vienm\u0113r\u012bgu un efekt\u012bvu darb\u012bbu, ietaupot laiku un samazinot d\u012bkst\u0101ves laiku.<\/p>\n<p>Nosl\u0113gum\u0101 j\u0101secina, ka regul\u0113jami skavu tipa cilindri, piem\u0113ram, p\u0101rdo\u0161an\u0101 eso\u0161ie augstas kvalit\u0101tes divk\u0101r\u0161as darb\u012bbas metin\u0101tie hidrauliskie cilindri, pied\u0101v\u0101 vair\u0101kas priek\u0161roc\u012bbas elast\u012bbas, slodzes apstr\u0101des jaudas, pozicion\u0113\u0161anas, iztur\u012bbas un efektivit\u0101tes zi\u0146\u0101. \u0160ie cilindri ir izstr\u0101d\u0101ti, lai atbilstu augst\u0101kajiem veiktsp\u0113jas un uzticam\u012bbas standartiem, padarot tos par lielisku izv\u0113li pla\u0161am pielietojumu kl\u0101stam. Neatkar\u012bgi no t\u0101, vai tas ir materi\u0101lu apstr\u0101des iek\u0101rt\u0101s, r\u016bpnieciskaj\u0101s ma\u0161\u012bn\u0101s vai cit\u0101s hidrauliskaj\u0101s sist\u0113m\u0101s, regul\u0113jami skavu tipa cilindri nodro\u0161ina daudzpus\u012bbu un veiktsp\u0113ju, kas nepiecie\u0161ama optim\u0101liem rezult\u0101tiem.<img decoding=\"async\" src=\"https:\/\/fmp-components.com\/wp-content\/uploads\/2024\/12\/Adjustable-Clevis-Type-Cylinders5.webp\" alt=\"Regul\u0113jams skavu tipa cilindrs\" width=\"800\" title=\"\"><\/p>\n<h2>Regul\u0113jamu skavu tipa cilindru pielietojums<\/h2>\n<p>Regul\u0113jami skavu tipa cilindri ir daudzpus\u012bgi hidrauliskie komponenti, kas atrodami pla\u0161\u0101 pielietojumu kl\u0101st\u0101 da\u017e\u0101d\u0101s nozar\u0113s. \u0160eit ir da\u017ei no visizplat\u012bt\u0101kajiem \u0161o cilindru pielietojumiem:<\/p>\n<ul>\n<li><strong>Ra\u017eo\u0161ana:<\/strong> Regul\u0113jami skavu tipa cilindri tiek pla\u0161i izmantoti ra\u017eo\u0161anas procesos, piem\u0113ram, \u0161tanc\u0113\u0161an\u0101, met\u0101la form\u0113\u0161an\u0101 un ma\u0161\u012bnb\u016bv\u0113. Tos izmanto sp\u0113ka pielieto\u0161anai, deta\u013cu notur\u0113\u0161anai viet\u0101 un kust\u012bbas kontrolei. P\u0101rdo\u0161an\u0101 eso\u0161ie augstas kvalit\u0101tes divk\u0101r\u0161as darb\u012bbas metin\u0101tie hidrauliskie cilindri ir \u012bpa\u0161i noder\u012bgi ra\u017eo\u0161anas vid\u0113, jo tie var iztur\u0113t augstu spiedienu un nodro\u0161in\u0101t nemain\u012bgu veiktsp\u0113ju.<\/li>\n<li><strong>B\u016bvniec\u012bba:<\/strong> Regul\u0113jamus skavu tipa cilindrus bie\u017ei izmanto ar\u012b celtniec\u012bbas iek\u0101rt\u0101s, piem\u0113ram, ekskavatoros, buldozeros un celt\u0146os. \u0160ie cilindri tiek izmantoti, lai darbin\u0101tu smago tehniku, paceltu un nolaistu kravas, k\u0101 ar\u012b manipul\u0113tu ar da\u017e\u0101diem stiprin\u0101jumiem. B\u016bvniec\u012bbas vid\u0113 iztur\u012bba ir galvenais, t\u0101p\u0113c bie\u017ei vien priek\u0161roka tiek dota augstas kvalit\u0101tes divk\u0101r\u0161as darb\u012bbas metin\u0101tiem hidrauliskajiem cilindriem.<\/li>\n<li><strong>Lauksaimniec\u012bba:<\/strong> Regul\u0113jamiem skavu tipa cilindriem ir iz\u0161\u0137iro\u0161a noz\u012bme m\u016bsdienu lauksaimniec\u012bbas tehnik\u0101, piem\u0113ram, traktoros, kombainos un arklos. \u0160ie cilindri tiek izmantoti, lai kontrol\u0113tu arklu un citu piekabju kust\u012bbu, \u013caujot lauksaimniekiem efekt\u012bv\u0101k apstr\u0101d\u0101t augsni un st\u0101d\u012bt kult\u016braugus. Augstas kvalit\u0101tes divk\u0101r\u0161as darb\u012bbas metin\u0101ti hidrauliskie cilindri, kas tiek p\u0101rdoti, ir iecien\u012bti ar\u012b lauksaimniec\u012bbas vid\u0113, pateicoties to uzticam\u012bbai un iztur\u012bbai.<\/li>\n<li><strong>Kalnr\u016bpniec\u012bba:<\/strong> Regul\u0113jami skavu tipa cilindri ir svar\u012bgi kalnr\u016bpniec\u012bbas iek\u0101rt\u0101s, kur tos izmanto urbju, ekskavatoru un citas smag\u0101s tehnikas darbin\u0101\u0161anai. \u0160iem cilindriem j\u0101sp\u0113j iztur\u0113t \u0101rk\u0101rt\u0113ju spiedienu un darboties sare\u017e\u0123\u012btos apst\u0101k\u013cos, t\u0101p\u0113c bie\u017ei vien priek\u0161roka tiek dota augstas kvalit\u0101tes divk\u0101r\u0161as darb\u012bbas metin\u0101tiem hidrauliskajiem cilindriem, kas tiek p\u0101rdoti.<\/li>\n<li><strong>Transports:<\/strong> Regul\u0113jami skavu tipa cilindri tiek izmantoti ar\u012b da\u017e\u0101dos transporta lietojumos, piem\u0113ram, komerci\u0101lajos kravas automobi\u013cos, autobusos un lidma\u0161\u012bn\u0101s. \u0160ie cilindri tiek izmantoti da\u017e\u0101du komponentu, piem\u0113ram, \u0161asijas, durvju un rampu, darbin\u0101\u0161anai, nodro\u0161inot vienm\u0113r\u012bgu un efekt\u012bvu darb\u012bbu. Augstas kvalit\u0101tes divk\u0101r\u0161as darb\u012bbas metin\u0101ti hidrauliskie cilindri p\u0101rdo\u0161anai ir svar\u012bgi transporta vid\u0113, kur uzticam\u012bba un dro\u0161\u012bba ir kritiski svar\u012bga.<\/li>\n<\/ul>\n<p>Nosl\u0113gum\u0101 j\u0101secina, ka regul\u0113jamu skavu tipa cilindru pielietojums ir pla\u0161s un daudzveid\u012bgs, un tos izmanto ra\u017eo\u0161an\u0101, b\u016bvniec\u012bb\u0101, lauksaimniec\u012bb\u0101, ieguves r\u016bpniec\u012bb\u0101 un transport\u0101. Izv\u0113loties \u0161os cilindrus, ir svar\u012bgi izv\u0113l\u0113ties augstas kvalit\u0101tes divk\u0101r\u0161as darb\u012bbas metin\u0101tus hidrauliskos cilindrus, lai nodro\u0161in\u0101tu optim\u0101lu veiktsp\u0113ju un iztur\u012bbu jebkur\u0101 vid\u0113.<img decoding=\"async\" src=\"https:\/\/fmp-components.com\/wp-content\/uploads\/2024\/12\/Application-of-Adjustable-Clevis-Type-Cylinders.webp\" alt=\"Regul\u0113jams skavu tipa cilindrs\" width=\"800\" title=\"\"><\/p>\n<h3>Par FMP \u2013 hidraulisko cilindru<\/h3>\n<p>FMP ir vado\u0161ais uz\u0146\u0113mums celtniec\u012bbas tehnikas deta\u013cu un pilnu ma\u0161\u012bnu p\u0101rdo\u0161an\u0101 un apkalpo\u0161an\u0101. Mums ir daudzu gadu pieredze nozar\u0113 un profesion\u0101lu ekspertu komanda, kas nodro\u0161ina augstas kvalit\u0101tes un uzticamas celtniec\u012bbas tehnikas deta\u013cas un piln\u012bgus ma\u0161\u012bnu risin\u0101jumus. M\u016bsu pla\u0161aj\u0101 produktu kl\u0101st\u0101 ietilpst lauksaimniec\u012bbas tehnikas p\u0101rnesumk\u0101rbas, planet\u0101r\u0101s p\u0101rnesumk\u0101rbas, r\u016bpniecisk\u0101s p\u0101rnesumk\u0101rbas, lauksaimniec\u012bbas tehnikas deta\u013cas un virkne augst\u0101k\u0101 l\u012bme\u0146a piederumu, kas t\u0101m atbilst. M\u0113s esam ap\u0146\u0113mu\u0161ies nodro\u0161in\u0101t klientus ar lab\u0101kajiem produktiem un pakalpojumiem. \u0160eit ir da\u017ei iemesli, k\u0101p\u0113c jums vajadz\u0113tu izv\u0113l\u0113ties FMP hidrauliskajiem cilindriem:<\/p>\n<ol>\n<li><strong>Augstas kvalit\u0101tes un uzticami produkti:<\/strong> FMP m\u0113s pie\u0161\u0137iram priorit\u0101ti savu produktu kvalit\u0101tei. M\u0113s veidojam ilgtermi\u0146a un stabilas sadarb\u012bbas attiec\u012bbas ar augstas kvalit\u0101tes pieg\u0101d\u0101t\u0101jiem no visas pasaules. Visas m\u016bsu pieg\u0101d\u0101t\u0101s deta\u013cas atbilst stingriem kvalit\u0101tes standartiem.<\/li>\n<li><strong>Pla\u0161s produktu kl\u0101sts:<\/strong> M\u0113s pied\u0101v\u0101jam pla\u0161u hidraulisko cilindru kl\u0101stu, tostarp standarta un piel\u0101gotus cilindrus. M\u016bsu regul\u0113jamais skavu tipa cilindrs ir popul\u0101rs produkts, kas ir \u013coti iztur\u012bgs un regul\u0113jams, lai atbilstu da\u017e\u0101d\u0101m vajadz\u012bb\u0101m.<\/li>\n<li><strong>Profesion\u0101la p\u0101rdo\u0161anas komanda:<\/strong> M\u016bsu p\u0101rdo\u0161anas komanda ir pieredz\u0113jusi un prasm\u012bga b\u016bvniec\u012bbas tehnikas nozar\u0113. Vi\u0146i p\u0101rzina jaun\u0101k\u0101s att\u012bst\u012bbas tendences un klientu vajadz\u012bbas, k\u0101 ar\u012b var sniegt profesion\u0101las konsult\u0101cijas par produktiem un p\u0101rdom\u0101tus pirk\u0161anas ieteikumus.<\/li>\n<li><strong>Efekt\u012bva lo\u0123istikas izplat\u012b\u0161ana:<\/strong> M\u0113s saprotam, ka savlaic\u012bga pieg\u0101de ir \u013coti svar\u012bga m\u016bsu klientiem. T\u0101p\u0113c esam izveidoju\u0161i efekt\u012bvu lo\u0123istikas izplat\u012b\u0161anas sist\u0113mu, lai nodro\u0161in\u0101tu, ka klienti savlaic\u012bgi un prec\u012bzi sa\u0146em nepiecie\u0161am\u0101s deta\u013cas.<\/li>\n<li><strong>Konkur\u0113tsp\u0113j\u012bgas cenas:<\/strong> FMP m\u0113s pied\u0101v\u0101jam konkur\u0113tsp\u0113j\u012bgas cenas, neapdraudot kvalit\u0101ti. M\u0113s cen\u0161amies nodro\u0161in\u0101t klientiem vislab\u0101ko cenas un v\u0113rt\u012bbas attiec\u012bbu.<\/li>\n<\/ol>\n<p><img decoding=\"async\" src=\"https:\/\/fmp-components.com\/wp-content\/uploads\/2024\/12\/Adjustable-Clevis-Type-Cylinders-6.webp\" alt=\"Regul\u0113jams skavu tipa cilindrs\" width=\"807\" title=\"\"><\/p>\n<p>M\u0113s esam ap\u0146\u0113mu\u0161ies nodro\u0161in\u0101t saviem klientiem augstas kvalit\u0101tes produktus un pakalpojumus, un esam p\u0101rliecin\u0101ti, ka varam apmierin\u0101t j\u016bsu hidraulisko cilindru vajadz\u012bbas. Ja jums ir v\u0113l k\u0101di jaut\u0101jumi vai v\u0113laties veikt pas\u016bt\u012bjumu, nevilcinieties sazin\u0101ties ar mums.<\/p>\n<h2>Bie\u017ei uzdotie jaut\u0101jumi<\/h2>\n<p><strong>J: Vai hidrauliskos cilindrus var piel\u0101got \u012bpa\u0161\u0101m pras\u012bb\u0101m?<\/strong><br \/>\nA: J\u0101, m\u0113s pied\u0101v\u0101jam m\u016bsu hidraulisko cilindru piel\u0101go\u0161anas iesp\u0113jas, lai tie atbilstu j\u016bsu \u012bpa\u0161aj\u0101m vajadz\u012bb\u0101m.<\/p>\n<p><strong>J: K\u0101da veida garantija ir pieejama hidrauliskajiem cilindriem?<\/strong><br \/>\nA: M\u016bsu hidrauliskajiem cilindriem ir viena gada garantija uz galvenaj\u0101m sast\u0101vda\u013c\u0101m \u2014 gult\u0146iem un hidrauliskajam cilindram.<\/p>\n<p><strong>J: K\u0101ds ir hidraulisko cilindru pieg\u0101des laiks?<\/strong><br \/>\nA: Parasti m\u016bsu pieg\u0101des laiks ir 25\u201335 dienas p\u0113c pas\u016bt\u012bjuma apstiprin\u0101\u0161anas.<\/p>\n<p><img decoding=\"async\" src=\"https:\/\/img.jiansujichilun.com\/img\/hydrauliccylinders\/T_hydrauliccylinders-5.webp\" alt=\"hidrauliskais cilindrs\" width=\"800\" title=\"\"><\/p>\n<p>Autors: CX<\/p>","protected":false},"excerpt":{"rendered":"<p>High Quality Double Acting Welded Hydraulic Cylinders For Sale: Our High Quality Double Acting Welded Hydraulic Cylinders are the perfect solution for all your hydraulic power needs. These cylinders are designed to provide exceptional performance and reliability in a wide range of applications. With their double acting design, our hydraulic cylinders offer superior functionality and [&hellip;]<\/p>","protected":false},"featured_media":1338,"comment_status":"closed","ping_status":"closed","template":"","meta":{"_et_pb_use_builder":"","_et_pb_old_content":"","_et_gb_content_width":""},"product_brand":[],"product_cat":[39],"product_tag":[41,34],"class_list":{"0":"post-1345","1":"product","2":"type-product","3":"status-publish","4":"has-post-thumbnail","6":"product_cat-adjustable-clevis-type-cylinders","7":"product_tag-adjustable-clevis-type-cylinders","8":"product_tag-hydraulic-cylinder","10":"first","11":"instock","12":"product-type-simple"},"_links":{"self":[{"href":"https:\/\/fmp-components.com\/lv\/wp-json\/wp\/v2\/product\/1345","targetHints":{"allow":["GET"]}}],"collection":[{"href":"https:\/\/fmp-components.com\/lv\/wp-json\/wp\/v2\/product"}],"about":[{"href":"https:\/\/fmp-components.com\/lv\/wp-json\/wp\/v2\/types\/product"}],"replies":[{"embeddable":true,"href":"https:\/\/fmp-components.com\/lv\/wp-json\/wp\/v2\/comments?post=1345"}],"wp:featuredmedia":[{"embeddable":true,"href":"https:\/\/fmp-components.com\/lv\/wp-json\/wp\/v2\/media\/1338"}],"wp:attachment":[{"href":"https:\/\/fmp-components.com\/lv\/wp-json\/wp\/v2\/media?parent=1345"}],"wp:term":[{"taxonomy":"product_brand","embeddable":true,"href":"https:\/\/fmp-components.com\/lv\/wp-json\/wp\/v2\/product_brand?post=1345"},{"taxonomy":"product_cat","embeddable":true,"href":"https:\/\/fmp-components.com\/lv\/wp-json\/wp\/v2\/product_cat?post=1345"},{"taxonomy":"product_tag","embeddable":true,"href":"https:\/\/fmp-components.com\/lv\/wp-json\/wp\/v2\/product_tag?post=1345"}],"curies":[{"name":"wp","href":"https:\/\/api.w.org\/{rel}","templated":true}]}}