{"id":1343,"date":"2024-12-23T02:18:07","date_gmt":"2024-12-23T02:18:07","guid":{"rendered":"https:\/\/fmp-components.com\/product\/quality-assurance-small-10-ton-hydraulic-cylinder-for-sale\/"},"modified":"2024-12-23T03:39:35","modified_gmt":"2024-12-23T03:39:35","slug":"quality-assurance-small-10-ton-hydraulic-cylinder-for-sale","status":"publish","type":"product","link":"https:\/\/fmp-components.com\/lv\/product\/quality-assurance-small-10-ton-hydraulic-cylinder-for-sale\/","title":{"rendered":"Kvalit\u0101tes nodro\u0161in\u0101\u0161anas mazs 10 tonnu hidrauliskais cilindrs p\u0101rdo\u0161anai"},"content":{"rendered":"<h2>Iepaz\u012bstin\u0101m ar kvalit\u0101tes nodro\u0161in\u0101\u0161anas mazo 10 tonnu hidraulisko cilindru p\u0101rdo\u0161anai<\/h2>\n<p>Ja jums ir nepiecie\u0161ams uzticams hidrauliskais cilindrs r\u016bpnieciskiem vai komerci\u0101liem lietojumiem, Quality Assurance mazais 10 tonnu hidrauliskais cilindrs ir lieliska izv\u0113le. \u0160is augstas kvalit\u0101tes produkts ir izstr\u0101d\u0101ts, lai nodro\u0161in\u0101tu izcilu veiktsp\u0113ju un iztur\u012bbu, garant\u0113jot j\u016bsu darb\u012bbas vienm\u0113r\u012bgu un efekt\u012bvu norisi.<\/p>\n<p>\u0160is hidrauliskais cilindrs ir izgatavots no augst\u0101k\u0101s kvalit\u0101tes materi\u0101liem un modern\u0101m ra\u017eo\u0161anas metod\u0113m, lai kalpotu ilgi. Tam ir kompakts un viegls dizains, kas atvieglo transport\u0113\u0161anu un uzst\u0101d\u012b\u0161anu \u0161aur\u0101s viet\u0101s. Neskatoties uz mazo izm\u0113ru, \u0161is cilindrs var iztur\u0113t sp\u0113ku l\u012bdz pat 10 tonn\u0101m, nodro\u0161inot nemain\u012bgus un prec\u012bzus rezult\u0101tus ar minim\u0101l\u0101m apkopes pras\u012bb\u0101m.<\/p>\n<p>Viena no galvenaj\u0101m Quality Assurance maz\u0101 10 tonnu hidraulisk\u0101 cilindra priek\u0161roc\u012bb\u0101m ir t\u0101 uzticam\u0101 kvalit\u0101te. Katra vien\u012bba tiek pak\u013cauta stingrai p\u0101rbaudei un p\u0101rbaudei, nodro\u0161inot, ka t\u0101 atbilst nozares standartiem attiec\u012bb\u0101 uz veiktsp\u0113ju un dro\u0161\u012bbu. Tas noz\u012bm\u0113, ka varat uztic\u0113ties, ka \u0161is produkts nodro\u0161in\u0101s nemain\u012bgus un augstas kvalit\u0101tes rezult\u0101tus pat pras\u012bg\u0101s vai lielas slodzes situ\u0101cij\u0101s.<\/p>\n<p><img loading=\"lazy\" decoding=\"async\" class=\"alignnone size-full wp-image-1334\" src=\"https:\/\/fmp-components.com\/wp-content\/uploads\/2024\/12\/Adjustable-Clevis-Type-Cylinders-4.webp\" alt=\"Regul\u0113jami skavu tipa cilindri\" width=\"800\" height=\"800\" title=\"\" srcset=\"https:\/\/fmp-components.com\/wp-content\/uploads\/2024\/12\/Adjustable-Clevis-Type-Cylinders-4.webp 800w, https:\/\/fmp-components.com\/wp-content\/uploads\/2024\/12\/Adjustable-Clevis-Type-Cylinders-4-480x480.webp 480w\" sizes=\"(min-width: 0px) and (max-width: 480px) 480px, (min-width: 481px) 800px, 100vw\" \/><\/p>\n<p>Neatkar\u012bgi no t\u0101, vai v\u0113laties nomain\u012bt vecu hidraulisko cilindru vai p\u0101riet uz modern\u0101ku modeli, Quality Assurance mazais 10 tonnu hidrauliskais cilindrs ir lieliska izv\u0113le. Ar savu izcilo veiktsp\u0113ju, iztur\u012bgo konstrukciju un uzticamo kvalit\u0101ti \u0161is produkts noteikti p\u0101rsniegs j\u016bsu cer\u012bbas un nodro\u0161in\u0101s ilgsto\u0161u v\u0113rt\u012bbu j\u016bsu uz\u0146\u0113mumam.<\/p>\n<table style=\"width: 100%;\" border=\"1\" width=\"100%\" cellspacing=\"0\" cellpadding=\"0\">\n<tbody>\n<tr>\n<th>Produkta nosaukums<\/th>\n<td>Kvalit\u0101tes nodro\u0161in\u0101\u0161anas mazs 10 tonnu hidrauliskais cilindrs<\/td>\n<\/tr>\n<tr>\n<th>St\u0101voklis<\/th>\n<td>Jauns<\/td>\n<\/tr>\n<tr>\n<th>Garantija<\/th>\n<td>1 gads<\/td>\n<\/tr>\n<tr>\n<th>Piem\u0113rojam\u0101s nozares<\/th>\n<td>Ma\u0161\u012bnu remonta darbn\u012bcas, Lauksaimniec\u012bbas saimniec\u012bbas, Ener\u0123\u0113tika un ieguves r\u016bpniec\u012bba, Ma\u0161\u012bnu ra\u017eo\u0161ana, Ma\u0161\u012bnu r\u016bpn\u012bca<\/td>\n<\/tr>\n<tr>\n<th>Svars (kg)<\/th>\n<td>30<\/td>\n<\/tr>\n<tr>\n<th>Video izejo\u0161\u0101 p\u0101rbaude<\/th>\n<td>Nodro\u0161in\u0101ts<\/td>\n<\/tr>\n<tr>\n<th>Ma\u0161\u012bnu testa zi\u0146ojums<\/th>\n<td>Nodro\u0161in\u0101ts<\/td>\n<\/tr>\n<tr>\n<th>M\u0101rketinga veids<\/th>\n<td>Jauns produkts 2023. gad\u0101<\/td>\n<\/tr>\n<tr>\n<th>Galveno komponentu garantija<\/th>\n<td>1 gads<\/td>\n<\/tr>\n<tr>\n<th>Galven\u0101s sast\u0101vda\u013cas<\/th>\n<td>Gultnis, hidrauliskais cilindrs<\/td>\n<\/tr>\n<tr>\n<th>Standarta vai nestandarta<\/th>\n<td>Standarta<\/td>\n<\/tr>\n<tr>\n<th>Strukt\u016bra<\/th>\n<td>Virzu\u013ca cilindrs<\/td>\n<\/tr>\n<tr>\n<th>Jauda<\/th>\n<td>Hidraulisk\u0101<\/td>\n<\/tr>\n<tr>\n<th>Korpusa materi\u0101ls<\/th>\n<td>T\u0113rauds<\/td>\n<\/tr>\n<tr>\n<th>Maksim\u0101l\u0101 vilce<\/th>\n<td>3000<\/td>\n<\/tr>\n<tr>\n<th>Tips<\/th>\n<td>Regul\u0113jami skavu tipa cilindri<\/td>\n<\/tr>\n<tr>\n<th>Ostas<\/th>\n<td>G\/SAE\/NPT\/M<\/td>\n<\/tr>\n<tr>\n<th>Maksim\u0101lais vilk\u0161anas sp\u0113ks<\/th>\n<td>20 tonnas<\/td>\n<\/tr>\n<tr>\n<th>Sertifik\u0101cija<\/th>\n<td>ISO 9001:2000<\/td>\n<\/tr>\n<tr>\n<th>Urbuma izm\u0113rs<\/th>\n<td>2\u20136 collas<\/td>\n<\/tr>\n<tr>\n<th>Stie\u0146a izm\u0113rs<\/th>\n<td>1,125\u20134 collas<\/td>\n<\/tr>\n<tr>\n<th>Trieciena izm\u0113rs<\/th>\n<td>4\u2013100 collas<\/td>\n<\/tr>\n<tr>\n<th>Tapas izm\u0113rs<\/th>\n<td>0,5\u20132 collas<\/td>\n<\/tr>\n<tr>\n<th>Kr\u0101sa<\/th>\n<td>Melns<\/td>\n<\/tr>\n<\/tbody>\n<\/table>\n<h2>Regul\u0113jamu skavu tipa cilindru priek\u0161roc\u012bbas<\/h2>\n<ul>\n<li><strong>Paaugstin\u0101ta elast\u012bba un daudzpus\u012bba:<\/strong> Ar regul\u0113jamiem skavu tipa cilindriem stie\u0146a gala poz\u012bciju var regul\u0113t, lai tas atbilstu pla\u0161\u0101kam pielietojumu kl\u0101stam. Tas noz\u012bm\u0113, ka cilindru var izmantot da\u017e\u0101d\u0101s situ\u0101cij\u0101s, neieg\u0101d\u0101joties vair\u0101kus cilindrus. Kvalit\u0101tes nodro\u0161in\u0101\u0161anas mazais 10 tonnu hidrauliskais cilindrs p\u0101rdo\u0161anai ir lielisks \u0161\u0101da veida cilindra piem\u0113rs.<\/li>\n<li><strong>Lab\u0101ka cilindra g\u0101jiena kontrole:<\/strong> Regul\u0113jamais skavu tipa cilindrs nodro\u0161ina lab\u0101ku cilindra g\u0101jiena kontroli, kas noz\u012bm\u0113, ka lietot\u0101js var prec\u012bz\u0101k pozicion\u0113t kravu. Tas ir \u012bpa\u0161i svar\u012bgi, str\u0101d\u0101jot ar smalkiem vai trausliem materi\u0101liem, kuriem nepiecie\u0161ama maiga pieskar\u0161an\u0101s.<\/li>\n<li><strong>Uzlabota dro\u0161\u012bba un stabilit\u0101te:<\/strong> Regul\u0113jamus skavu tipa cilindrus var izmantot, lai rad\u012btu stabil\u0101ku un dro\u0161\u0101ku darba vidi. Piel\u0101gojot stie\u0146a gala poz\u012bciju, cilindru var izmantot, lai nodro\u0161in\u0101tu atbalstu un nov\u0113rstu kravas apg\u0101\u0161anos vai kri\u0161anu. Tas ir \u012bpa\u0161i noder\u012bgi lietojumos, kur dro\u0161\u012bba ir galven\u0101 priorit\u0101te.<\/li>\n<li><strong>Paaugstin\u0101ta efektivit\u0101te un produktivit\u0101te:<\/strong> Regul\u0113jami skavu tipa cilindri var pal\u012bdz\u0113t palielin\u0101t darba vietas efektivit\u0101ti un produktivit\u0101ti. Nodro\u0161inot prec\u012bz\u0101ku cilindra g\u0101jiena kontroli, darbinieki var paveikt uzdevumus \u0101tr\u0101k un ar liel\u0101ku precizit\u0101ti. Tas var palielin\u0101t ra\u017e\u012bbu un uzlabot rentabilit\u0101ti.<\/li>\n<li><strong>Izmaksu zi\u0146\u0101 efekt\u012bvs:<\/strong> Regul\u0113jami skavas tipa cilindri ne tikai pied\u0101v\u0101 liel\u0101ku elast\u012bbu un daudzpus\u012bbu, bet ar\u012b var b\u016bt izmaksu zi\u0146\u0101 efekt\u012bvs risin\u0101jums. Nov\u0113r\u0161ot nepiecie\u0161am\u012bbu ieg\u0101d\u0101ties vair\u0101kus cilindrus da\u017e\u0101diem lietojumiem, uz\u0146\u0113mumi ilgtermi\u0146\u0101 var ietaup\u012bt naudu. Turkl\u0101t kvalit\u0101tes nodro\u0161in\u0101\u0161anas mazais 10 tonnu hidrauliskais cilindrs p\u0101rdo\u0161an\u0101 ir lieliska v\u0113rt\u012bba tiem, kam nepiecie\u0161ams uzticams cilindrs par ierobe\u017eotu bud\u017eetu.<\/li>\n<\/ul>\n<p>Nosl\u0113gum\u0101 j\u0101secina, ka regul\u0113jami skavas tipa cilindri pied\u0101v\u0101 virkni priek\u0161roc\u012bbu sal\u012bdzin\u0101jum\u0101 ar tradicion\u0101lajiem cilindriem. S\u0101kot ar palielin\u0101tu elast\u012bbu un daudzpus\u012bbu l\u012bdz uzlabotai dro\u0161\u012bbai un stabilit\u0101tei, \u0161ie cilindri ir v\u0113rt\u012bgs papildin\u0101jums jebkurai darba vietai. Izv\u0113loties kvalit\u0101tes nodro\u0161in\u0101\u0161anas mazo 10 tonnu hidraulisko cilindru p\u0101rdo\u0161anai, uz\u0146\u0113mumi var baud\u012bt regul\u0113jama skavas tipa cilindra priek\u0161roc\u012bbas, neizt\u0113r\u0113jot p\u0101r\u0101k daudz naudas.<img decoding=\"async\" src=\"https:\/\/fmp-components.com\/wp-content\/uploads\/2024\/12\/Adjustable-Clevis-Type-Cylinders5.webp\" alt=\"Regul\u0113jams skavu tipa cilindrs\" width=\"800\" title=\"\"><\/p>\n<h2>Regul\u0113jamu skavu tipa cilindru pielietojums<\/h2>\n<p>Regul\u0113jami skavu tipa cilindri tiek pla\u0161i izmantoti da\u017e\u0101dos r\u016bpnieciskos pielietojumos, pateicoties to daudzpus\u012bbai un vienk\u0101r\u0161ai uzst\u0101d\u012b\u0161anai. \u0160ie cilindri ir izstr\u0101d\u0101ti, lai nodro\u0161in\u0101tu maksim\u0101lu sp\u0113ku un precizit\u0101ti kompakt\u0101 un iztur\u012bg\u0101 korpus\u0101. \u0160aj\u0101 rakst\u0101 m\u0113s izp\u0113t\u012bsim da\u017e\u0101dos regul\u0113jamo skavu tipa cilindru pielietojumus un to priek\u0161roc\u012bbas.<\/p>\n<h3>1. Kvalit\u0101tes nodro\u0161in\u0101\u0161ana<\/h3>\n<p>Regul\u0113jami skavu tipa cilindri parasti tiek izmantoti kvalit\u0101tes nodro\u0161in\u0101\u0161anas lietojumprogramm\u0101s. \u0160ie cilindri nodro\u0161ina prec\u012bzu un vienm\u0113r\u012bgu sp\u0113ku, kas ir b\u016btiski ra\u017eo\u0161anas proces\u0101. Turkl\u0101t \u0161os cilindrus var viegli piel\u0101got da\u017e\u0101diem produktu izm\u0113riem un materi\u0101liem, padarot tos par popul\u0101ru izv\u0113li kvalit\u0101tes nodro\u0161in\u0101\u0161anas lietojumprogramm\u0101s.<\/p>\n<h3>2. P\u0101rdodu nelielu 10 tonnu hidraulisko cilindru<\/h3>\n<p>V\u0113l viens izplat\u012bts regul\u0113jamu skavu tipa cilindru pielietojums ir mazu 10 tonnu hidraulisko cilindru p\u0101rdo\u0161ana. \u0160ie cilindri tiek izmantoti da\u017e\u0101dos pielietojumos, tostarp automobi\u013cu remont\u0101, b\u016bvniec\u012bb\u0101 un ra\u017eo\u0161an\u0101. Regul\u0113jami skavu tipa cilindri ir ide\u0101li piem\u0113roti \u0161iem pielietojumiem, pateicoties to kompaktajam izm\u0113ram, lielajai sp\u0113ka jaudai un vienk\u0101r\u0161ajai uzst\u0101d\u012b\u0161anai.<\/p>\n<h3>3. Lauksaimniec\u012bbas tehnika<\/h3>\n<p>Regul\u0113jamus skavu tipa cilindrus izmanto ar\u012b lauksaimniec\u012bbas tehnikas pielietojumos. \u0160ie cilindri nodro\u0161ina sp\u0113ku, kas nepiecie\u0161ams smagu kravu, piem\u0113ram, siena \u0137\u012bpu un lauksaimniec\u012bbas tehnikas, pacel\u0161anai. Turkl\u0101t regul\u0113jamus skavu tipa cilindrus var viegli piel\u0101got da\u017e\u0101d\u0101m slodz\u0113m, padarot tos par popul\u0101ru izv\u0113li lauksaimniec\u012bbas tehnikai.<\/p>\n<h3>4. Celtniec\u012bbas iek\u0101rtas<\/h3>\n<p>B\u016bvniec\u012bbas iek\u0101rt\u0101s tiek izmantoti ar\u012b regul\u0113jami skavu tipa cilindri. \u0160os cilindrus bie\u017ei izmanto smagu kravu, piem\u0113ram, betona pl\u0101t\u0146u un t\u0113rauda siju, cel\u0161anai. Turkl\u0101t regul\u0113jami skavu tipa cilindri ir ide\u0101li piem\u0113roti b\u016bvniec\u012bbas vajadz\u012bb\u0101m, pateicoties to iztur\u012bbai un sp\u0113jai iztur\u0113t smagas slodzes.<\/p>\n<h3>5. Avi\u0101cijas un kosmosa r\u016bpniec\u012bba<\/h3>\n<p>Ar\u012b avi\u0101cijas un kosmosa r\u016bpniec\u012bb\u0101 tiek izmantoti regul\u0113jami skavu tipa cilindri. \u0160ie cilindri tiek izmantoti da\u017e\u0101dos pielietojumos, tostarp lidma\u0161\u012bnu nolai\u0161an\u0101s iek\u0101rt\u0101s, kravas nodal\u012bjuma durv\u012bs un sp\u0101rnu atlokos. Regul\u0113jami skavu tipa cilindri ir ide\u0101li piem\u0113roti \u0161iem pielietojumiem, pateicoties to sp\u0113jai nodro\u0161in\u0101t prec\u012bzu un vienm\u0113r\u012bgu sp\u0113ku pat ekstrem\u0101los apst\u0101k\u013cos.<\/p>\n<p>Nosl\u0113gum\u0101 j\u0101saka, ka regul\u0113jami skavu tipa cilindri ir daudzpus\u012bga un b\u016btiska sast\u0101vda\u013ca da\u017e\u0101dos r\u016bpnieciskos pielietojumos. S\u0101kot no kvalit\u0101tes nodro\u0161in\u0101\u0161anas l\u012bdz celtniec\u012bbas iek\u0101rt\u0101m un kosmosa r\u016bpniec\u012bbai, \u0161ie cilindri nodro\u0161ina nepiecie\u0161amo sp\u0113ku un precizit\u0101ti darba veik\u0161anai. Ja mekl\u0113jat uzticamu un iztur\u012bgu cilindru savam pielietojumam, apsveriet regul\u0113jamu skavu tipa cilindru priek\u0161roc\u012bbas.<img decoding=\"async\" src=\"https:\/\/fmp-components.com\/wp-content\/uploads\/2024\/12\/Application-of-Adjustable-Clevis-Type-Cylinders.webp\" alt=\"Regul\u0113jams skavu tipa cilindrs\" width=\"800\" title=\"\"><\/p>\n<h3>Par FMP<\/h3>\n<p>FMP ir uz\u0146\u0113mums, kas specializ\u0113jas hidraulisko cilindru ra\u017eo\u0161an\u0101 un p\u0101rdo\u0161an\u0101. Ar daudzu gadu pieredzi nozar\u0113 un profesion\u0101lu komandu m\u0113s esam ap\u0146\u0113mu\u0161ies nodro\u0161in\u0101t klientiem augstas kvalit\u0101tes un uzticamus hidrauliskos cilindrus.<\/p>\n<p>M\u016bsu hidrauliskie cilindri ir izstr\u0101d\u0101ti un ra\u017eoti atbilsto\u0161i augst\u0101kajiem nozares standartiem. \u0160eit ir piecas m\u016bsu produktu un uz\u0146\u0113muma galven\u0101s priek\u0161roc\u012bbas:<\/p>\n<p><strong>1. Pla\u0161s iesp\u0113ju kl\u0101sts:<\/strong> M\u0113s pied\u0101v\u0101jam pla\u0161u hidraulisko cilindru kl\u0101stu, lai apmierin\u0101tu da\u017e\u0101das vajadz\u012bbas. Neatkar\u012bgi no t\u0101, vai jums nepiecie\u0161ami standarta cilindri vai piel\u0101goti risin\u0101jumi, mums ir zin\u0101\u0161anas, lai nodro\u0161in\u0101tu j\u016bsu vajadz\u012bb\u0101m ide\u0101li piem\u0113rotu risin\u0101jumu.<\/p>\n<p><strong>2. Izcila kvalit\u0101te:<\/strong> Uz\u0146\u0113mum\u0101 FMP m\u0113s pie\u0161\u0137iram priorit\u0101ti kvalit\u0101tei visos m\u016bsu ra\u017eo\u0161anas procesa aspektos. M\u016bsu hidrauliskie cilindri ir izgatavoti no augst\u0101k\u0101s kvalit\u0101tes materi\u0101liem un tiek pak\u013cauti stingr\u0101m p\u0101rbaud\u0113m, lai nodro\u0161in\u0101tu iztur\u012bbu un uzticam\u012bbu.<\/p>\n<p><strong>3. Uzlabotas tehnolo\u0123ijas:<\/strong> M\u016bsu ra\u017eo\u0161anas procesos m\u0113s izmantojam jaun\u0101kos tehnolo\u0123iskos sasniegumus. Tas \u013cauj mums pieg\u0101d\u0101t hidrauliskos cilindrus, kas ir inov\u0101ciju avangard\u0101 ar uzlabotu veiktsp\u0113ju un efektivit\u0101ti.<\/p>\n<p><strong>4. Eksperta konsult\u0101cija:<\/strong> M\u016bsu pieredz\u0113ju\u0161\u0101 p\u0101rdo\u0161anas komanda labi p\u0101rzina celtniec\u012bbas tehnikas nozari. Vi\u0146i var sniegt profesion\u0101las konsult\u0101cijas par produktiem, pal\u012bdzot jums izv\u0113l\u0113ties pareizo hidraulisko cilindru atbilsto\u0161i j\u016bsu \u012bpa\u0161aj\u0101m pras\u012bb\u0101m.<\/p>\n<p><strong>5. Efekt\u012bva lo\u0123istika:<\/strong> M\u0113s saprotam savlaic\u012bgas pieg\u0101des noz\u012bmi. M\u016bsu efekt\u012bv\u0101 lo\u0123istikas izplat\u012b\u0161anas sist\u0113ma nodro\u0161ina, ka j\u016bs savlaic\u012bgi un prec\u012bzi sa\u0146emat nepiecie\u0161amos hidrauliskos cilindrus, samazinot d\u012bkst\u0101ves laiku un palielinot produktivit\u0101ti.<\/p>\n<p><img decoding=\"async\" src=\"https:\/\/fmp-components.com\/wp-content\/uploads\/2024\/12\/Adjustable-Clevis-Type-Cylinders-6.webp\" alt=\"Regul\u0113jams skavu tipa cilindrs\" width=\"805\" title=\"\"><\/p>\n<h2>Bie\u017ei uzdotie jaut\u0101jumi<\/h2>\n<p>J: K\u0101ds ir hidraulisk\u0101 cilindra svars?<br \/>\nA: Balona svars ir 30 kg.<\/p>\n<p>J: K\u0101da ir cilindra maksim\u0101l\u0101 vilces jauda?<br \/>\nA: Cilindra maksim\u0101l\u0101 vilce ir 3000.<\/p>\n<p>J: Vai hidrauliskajam cilindram ir garantija?<br \/>\nA: J\u0101, m\u016bsu hidrauliskajam cilindram ir viena gada garantija.<\/p>\n<p><img decoding=\"async\" src=\"https:\/\/img.jiansujichilun.com\/img\/hydrauliccylinders\/C_hydrauliccylinders-5.webp\" alt=\"hidrauliskais cilindrs\" width=\"800\" title=\"\"><\/p>\n<p>Autors: CX<\/p>","protected":false},"excerpt":{"rendered":"<p>Introducing Quality Assurance Small 10 Ton Hydraulic Cylinder For Sale If you&#8217;re in need of a reliable hydraulic cylinder for your industrial or commercial applications, the Quality Assurance Small 10 Ton Hydraulic Cylinder is a top choice. This high-quality product is designed to provide superior performance and durability, ensuring that your operations run smoothly and [&hellip;]<\/p>","protected":false},"featured_media":1340,"comment_status":"closed","ping_status":"closed","template":"","meta":{"_et_pb_use_builder":"","_et_pb_old_content":"","_et_gb_content_width":""},"product_brand":[],"product_cat":[39],"product_tag":[41,34],"class_list":{"0":"post-1343","1":"product","2":"type-product","3":"status-publish","4":"has-post-thumbnail","6":"product_cat-adjustable-clevis-type-cylinders","7":"product_tag-adjustable-clevis-type-cylinders","8":"product_tag-hydraulic-cylinder","10":"first","11":"instock","12":"product-type-simple"},"_links":{"self":[{"href":"https:\/\/fmp-components.com\/lv\/wp-json\/wp\/v2\/product\/1343","targetHints":{"allow":["GET"]}}],"collection":[{"href":"https:\/\/fmp-components.com\/lv\/wp-json\/wp\/v2\/product"}],"about":[{"href":"https:\/\/fmp-components.com\/lv\/wp-json\/wp\/v2\/types\/product"}],"replies":[{"embeddable":true,"href":"https:\/\/fmp-components.com\/lv\/wp-json\/wp\/v2\/comments?post=1343"}],"wp:featuredmedia":[{"embeddable":true,"href":"https:\/\/fmp-components.com\/lv\/wp-json\/wp\/v2\/media\/1340"}],"wp:attachment":[{"href":"https:\/\/fmp-components.com\/lv\/wp-json\/wp\/v2\/media?parent=1343"}],"wp:term":[{"taxonomy":"product_brand","embeddable":true,"href":"https:\/\/fmp-components.com\/lv\/wp-json\/wp\/v2\/product_brand?post=1343"},{"taxonomy":"product_cat","embeddable":true,"href":"https:\/\/fmp-components.com\/lv\/wp-json\/wp\/v2\/product_cat?post=1343"},{"taxonomy":"product_tag","embeddable":true,"href":"https:\/\/fmp-components.com\/lv\/wp-json\/wp\/v2\/product_tag?post=1343"}],"curies":[{"name":"wp","href":"https:\/\/api.w.org\/{rel}","templated":true}]}}