{"id":1342,"date":"2024-12-23T02:18:07","date_gmt":"2024-12-23T02:18:07","guid":{"rendered":"https:\/\/fmp-components.com\/product\/factory-price-double-acting-hydraulic-cylinder-customized-hydraulic-cylinders-for-sale\/"},"modified":"2024-12-23T03:49:45","modified_gmt":"2024-12-23T03:49:45","slug":"factory-price-double-acting-hydraulic-cylinder-customized-hydraulic-cylinders-for-sale","status":"publish","type":"product","link":"https:\/\/fmp-components.com\/lv\/product\/factory-price-double-acting-hydraulic-cylinder-customized-hydraulic-cylinders-for-sale\/","title":{"rendered":"R\u016bpn\u012bcas cenas divk\u0101r\u0161as darb\u012bbas hidrauliskais cilindrs, piel\u0101goti hidrauliskie cilindri p\u0101rdo\u0161anai"},"content":{"rendered":"<h2>R\u016bpn\u012bcas cenas divk\u0101r\u0161as darb\u012bbas hidrauliskais cilindrs, piel\u0101goti hidrauliskie cilindri p\u0101rdo\u0161anai<\/h2>\n<p>\u0160is hidrauliskais cilindrs ir izstr\u0101d\u0101ts, lai atbilstu lieljaudas r\u016bpniecisko pielietojumu pras\u012bb\u0101m. Tas ir izgatavots no augstas kvalit\u0101tes materi\u0101liem un prec\u012bzas in\u017eenierijas, lai nodro\u0161in\u0101tu maksim\u0101lu iztur\u012bbu un veiktsp\u0113ju.<\/p>\n<p>Divk\u0101r\u0161\u0101s darb\u012bbas konstrukcija \u013cauj gan izstiept, gan ievilkt virzuli, padarot to piem\u0113rotu pla\u0161am pielietojumu kl\u0101stam. Hidrauliskais cilindrs ir ar\u012b \u013coti piel\u0101gojams, ar g\u0101jiena garuma, urbuma izm\u0113ra un mont\u0101\u017eas konfigur\u0101cijas iesp\u0113j\u0101m.<\/p>\n<p>\u0160\u012b hidraulisk\u0101 cilindra r\u016bpn\u012bcas cena nodro\u0161ina, ka j\u016bs sa\u0146emat vislab\u0101ko cenas un v\u0113rt\u012bbas attiec\u012bbu, neupur\u0113jot kvalit\u0101ti vai veiktsp\u0113ju. Neatkar\u012bgi no t\u0101, vai jums ir nepiecie\u0161ams hidrauliskais cilindrs lauksaimniec\u012bbai, b\u016bvniec\u012bbai vai ra\u017eo\u0161anai, \u0161is produkts ir uzticama un rentabla izv\u0113le.<\/p>\n<p><img loading=\"lazy\" decoding=\"async\" class=\"alignnone size-full wp-image-1334\" src=\"https:\/\/fmp-components.com\/wp-content\/uploads\/2024\/12\/Adjustable-Clevis-Type-Cylinders-4.webp\" alt=\"Regul\u0113jami skavu tipa cilindri\" width=\"800\" height=\"800\" title=\"\" srcset=\"https:\/\/fmp-components.com\/wp-content\/uploads\/2024\/12\/Adjustable-Clevis-Type-Cylinders-4.webp 800w, https:\/\/fmp-components.com\/wp-content\/uploads\/2024\/12\/Adjustable-Clevis-Type-Cylinders-4-480x480.webp 480w\" sizes=\"(min-width: 0px) and (max-width: 480px) 480px, (min-width: 481px) 800px, 100vw\" \/><\/p>\n<p>Ieguld\u012bjums m\u016bsu uz\u0146\u0113muma piel\u0101got\u0101 hidrauliskaj\u0101 cilindr\u0101 nodro\u0161ina, ka j\u016bs sa\u0146emat produktu, kas ir piel\u0101gots j\u016bsu \u012bpa\u0161aj\u0101m vajadz\u012bb\u0101m un pras\u012bb\u0101m. M\u016bsu ekspertu komanda cie\u0161i sadarbosies ar jums, lai nodro\u0161in\u0101tu, ka j\u016bs sa\u0146emat hidraulisko cilindru, kas atbilst j\u016bsu prec\u012bzaj\u0101m specifik\u0101cij\u0101m un p\u0101rsniedz j\u016bsu cer\u012bbas.<\/p>\n<p>Izv\u0113lieties m\u016bsu r\u016bpn\u012bcas cenas divk\u0101r\u0161as darb\u012bbas hidraulisko cilindru piel\u0101gotos hidrauliskos cilindrus p\u0101rdo\u0161anai, lai ieg\u016btu uzticamu un augstas veiktsp\u0113jas hidraulisko risin\u0101jumu, kas kalpos jums gadiem ilgi.<\/p>\n<table style=\"width: 100%;\" border=\"1\" width=\"100%\" cellspacing=\"0\" cellpadding=\"0\">\n<tbody>\n<tr>\n<th>St\u0101voklis<\/th>\n<td>Jauns<\/td>\n<\/tr>\n<tr>\n<th>Garantija<\/th>\n<td>1 gads<\/td>\n<\/tr>\n<tr>\n<th>Piem\u0113rojam\u0101s nozares<\/th>\n<td>Ma\u0161\u012bnu remonta darbn\u012bcas, Lauksaimniec\u012bbas saimniec\u012bbas, Ener\u0123\u0113tika un ieguves r\u016bpniec\u012bba, Ma\u0161\u012bnu ra\u017eo\u0161ana, Ma\u0161\u012bnu r\u016bpn\u012bca<\/td>\n<\/tr>\n<tr>\n<th>Svars (kg)<\/th>\n<td>30<\/td>\n<\/tr>\n<tr>\n<th>Video izejo\u0161\u0101 p\u0101rbaude<\/th>\n<td>Nodro\u0161in\u0101ts<\/td>\n<\/tr>\n<tr>\n<th>Ma\u0161\u012bnu testa zi\u0146ojums<\/th>\n<td>Nodro\u0161in\u0101ts<\/td>\n<\/tr>\n<tr>\n<th>M\u0101rketinga veids<\/th>\n<td>Jauns produkts 2023. gad\u0101<\/td>\n<\/tr>\n<tr>\n<th>Galveno komponentu garantija<\/th>\n<td>1 gads<\/td>\n<\/tr>\n<tr>\n<th>Galven\u0101s sast\u0101vda\u013cas<\/th>\n<td>Gultnis, hidrauliskais cilindrs<\/td>\n<\/tr>\n<tr>\n<th>Standarta vai nestandarta<\/th>\n<td>Standarta<\/td>\n<\/tr>\n<tr>\n<th>Strukt\u016bra<\/th>\n<td>Virzu\u013ca cilindrs<\/td>\n<\/tr>\n<tr>\n<th>Jauda<\/th>\n<td>Hidraulisk\u0101<\/td>\n<\/tr>\n<tr>\n<th>Korpusa materi\u0101ls<\/th>\n<td>T\u0113rauds<\/td>\n<\/tr>\n<tr>\n<th>Maksim\u0101l\u0101 vilce<\/th>\n<td>3000<\/td>\n<\/tr>\n<tr>\n<th>Tips<\/th>\n<td>Regul\u0113jami skavu tipa cilindri<\/td>\n<\/tr>\n<tr>\n<th>Ostas<\/th>\n<td>G\/SAE\/NPT\/M<\/td>\n<\/tr>\n<tr>\n<th>Maksim\u0101lais vilk\u0161anas sp\u0113ks<\/th>\n<td>20 tonnas<\/td>\n<\/tr>\n<tr>\n<th>Sertifik\u0101cija<\/th>\n<td>ISO 9001:2000<\/td>\n<\/tr>\n<tr>\n<th>Urbuma izm\u0113rs<\/th>\n<td>2\u20136 collas<\/td>\n<\/tr>\n<tr>\n<th>Stie\u0146a izm\u0113rs<\/th>\n<td>1,125\u20134 collas<\/td>\n<\/tr>\n<tr>\n<th>Trieciena izm\u0113rs<\/th>\n<td>4\u2013100 collas<\/td>\n<\/tr>\n<tr>\n<th>Tapas izm\u0113rs<\/th>\n<td>0,5\u20132 collas<\/td>\n<\/tr>\n<tr>\n<th>Kr\u0101sa<\/th>\n<td>Melns<\/td>\n<\/tr>\n<tr>\n<th>Iepakojuma deta\u013cas<\/th>\n<td>Dzelzs korpuss, sapl\u0101k\u0161\u0146a korpuss vai kartona kaste<\/td>\n<\/tr>\n<\/tbody>\n<\/table>\n<p>M\u016bsu regul\u0113jamie skavu tipa hidrauliskie cilindri ir pieejami standarta form\u0101t\u0101 ar da\u017e\u0101d\u0101m specifik\u0101cij\u0101m un funkcij\u0101m. Tie ir piem\u0113roti pla\u0161am pielietojumu kl\u0101stam da\u017e\u0101d\u0101s nozar\u0113s. Produkts ir jauns, tam tiek pied\u0101v\u0101ta viena gada garantija, un tam ir galven\u0101s sast\u0101vda\u013cas, tostarp gultnis un hidrauliskais cilindrs. Tam ir iztur\u012bga konstrukcija ar virzu\u013ccilindru, un tas darbojas ar hidraulisko sp\u0113ku. Korpusa materi\u0101ls ir izgatavots no t\u0113rauda, \u200b\u200bkas nodro\u0161ina iztur\u012bbu un ilgsto\u0161u veiktsp\u0113ju.<\/p>\n<h2>Regul\u0113jamu skavu tipa cilindru priek\u0161roc\u012bbas<\/h2>\n<ul>\n<li style=\"list-style-type: none;\">\n<ul>\n<li>Palielin\u0101ta uzst\u0101d\u012b\u0161anas elast\u012bba<\/li>\n<\/ul>\n<\/li>\n<\/ul>\n<p>Regul\u0113jamais skavu tipa cilindrs ir hidrauliska pievada ier\u012bce, kas ir konstru\u0113ta ar skavu stie\u0146a gal\u0101. \u0160\u012b konstrukcija \u013cauj cilindru uzst\u0101d\u012bt da\u017e\u0101d\u0101s poz\u012bcij\u0101s, jo skavu var viegli noregul\u0113t v\u0113lamaj\u0101 le\u0146\u0137\u012b. \u0160\u012b palielin\u0101t\u0101 uzst\u0101d\u012b\u0161anas elast\u012bba padara \u0161os cilindrus ide\u0101li piem\u0113rotus izmanto\u0161anai da\u017e\u0101d\u0101s nozar\u0113s, tostarp ra\u017eo\u0161an\u0101, b\u016bvniec\u012bb\u0101 un lauksaimniec\u012bb\u0101.<\/p>\n<ul>\n<li style=\"list-style-type: none;\">\n<ul>\n<li>Optimiz\u0113ta veiktsp\u0113ja<\/li>\n<\/ul>\n<\/li>\n<\/ul>\n<p>Regul\u0113jami skavu tipa cilindri ir izstr\u0101d\u0101ti, lai nodro\u0161in\u0101tu optimiz\u0113tu veiktsp\u0113ju da\u017e\u0101dos pielietojumos. \u0160ie cilindri ir pieejami gan vienk\u0101r\u0161as, gan divpus\u0113jas darb\u012bbas konstrukcij\u0101s, un tos var piel\u0101got atbilsto\u0161i \u012bpa\u0161\u0101m veiktsp\u0113jas pras\u012bb\u0101m. Pateicoties t\u0101d\u0101m \u012bpa\u0161\u012bb\u0101m k\u0101 augstas stipr\u012bbas t\u0113rauda konstrukcija un prec\u012bza apstr\u0101de, \u0161ie cilindri ir rad\u012bti iztur\u012bbai un ilgsto\u0161ai darb\u012bbai.<\/p>\n<ul>\n<li style=\"list-style-type: none;\">\n<ul>\n<li>R\u016bpn\u012bcas cenas divk\u0101r\u0161as darb\u012bbas hidrauliskais cilindrs<\/li>\n<\/ul>\n<\/li>\n<\/ul>\n<p>Viena no regul\u0113jamu skavu tipa cilindru galvenaj\u0101m priek\u0161roc\u012bb\u0101m ir to pieejam\u012bba. \u0160ie cilindri tiek ra\u017eoti, izmantojot racionaliz\u0113tu ra\u017eo\u0161anas procesu, kas \u013cauj tos ra\u017eot par zem\u0101k\u0101m izmaks\u0101m nek\u0101 cita veida hidrauliskos cilindrus. Tas padara tos par pievilc\u012bgu izv\u0113li uz\u0146\u0113mumiem, kas mekl\u0113 augstas kvalit\u0101tes hidraulisk\u0101s sist\u0113mas par pie\u0146emamu cenu.<\/p>\n<ul>\n<li style=\"list-style-type: none;\">\n<ul>\n<li>Piel\u0101goti hidrauliskie cilindri p\u0101rdo\u0161anai<\/li>\n<\/ul>\n<\/li>\n<\/ul>\n<p>Regul\u0113jami skavas tipa cilindri ir pieejami pla\u0161\u0101 izm\u0113ru un konfigur\u0101ciju kl\u0101st\u0101, t\u0101p\u0113c ir viegli atrast pareizo cilindru jebkuram pielietojumam. Turkl\u0101t \u0161os cilindrus var piel\u0101got \u012bpa\u0161\u0101m pras\u012bb\u0101m, piem\u0113ram, urbuma izm\u0113ram, g\u0101jiena garumam un mont\u0101\u017eas iesp\u0113j\u0101m. \u0160\u012b piel\u0101go\u0161anas elast\u012bba padara regul\u0113jamus skavas tipa cilindrus par ide\u0101lu izv\u0113li uz\u0146\u0113mumiem, kuriem nepiecie\u0161amas hidraulisk\u0101s sist\u0113mas, kas ir piel\u0101gotas vi\u0146u \u012bpa\u0161aj\u0101m vajadz\u012bb\u0101m.<\/p>\n<ul>\n<li style=\"list-style-type: none;\">\n<ul>\n<li>Pastiprin\u0101ta dro\u0161\u012bba<\/li>\n<\/ul>\n<\/li>\n<\/ul>\n<p>Regul\u0113jami skavu tipa cilindri ir izstr\u0101d\u0101ti, \u0146emot v\u0113r\u0101 dro\u0161\u012bbu. \u0160ie cilindri ir apr\u012bkoti ar t\u0101d\u0101m funkcij\u0101m k\u0101 regul\u0113jama amortiz\u0101cija, kas pal\u012bdz samazin\u0101t triecienus un vibr\u0101ciju darb\u012bbas laik\u0101. Turkl\u0101t \u0161os cilindrus var apr\u012bkot ar sensoriem un cit\u0101m dro\u0161\u012bbas ier\u012bc\u0113m, lai pal\u012bdz\u0113tu nov\u0113rst negad\u012bjumus un nodro\u0161in\u0101tu dro\u0161u darb\u012bbu da\u017e\u0101dos pielietojumos.<\/p>\n<ul>\n<li style=\"list-style-type: none;\">\n<ul>\n<li>Vienk\u0101r\u0161a apkope<\/li>\n<\/ul>\n<\/li>\n<\/ul>\n<p>Regul\u0113jami skavu tipa cilindri ir paredz\u0113ti vienk\u0101r\u0161ai apkopei. Pateicoties t\u0101d\u0101m funkcij\u0101m k\u0101 no\u0146emami gala v\u0101ci\u0146i un nomain\u0101mi bl\u012bv\u0113jumi, \u0161os cilindrus var viegli apkalpot un uztur\u0113t uz lauka. Tas samazina d\u012bkst\u0101ves laiku un pal\u012bdz uztur\u0113t hidraulisk\u0101s sist\u0113mas maksim\u0101l\u0101 darb\u012bb\u0101.<\/p>\n<p>Nosl\u0113gum\u0101 j\u0101secina, ka regul\u0113jamie skavas tipa cilindri pied\u0101v\u0101 virkni priek\u0161roc\u012bbu, kas padara tos par ide\u0101lu izv\u0113li uz\u0146\u0113mumiem da\u017e\u0101d\u0101s nozar\u0113s. S\u0101kot ar palielin\u0101tu uzst\u0101d\u012b\u0161anas elast\u012bbu un beidzot ar uzlabot\u0101m dro\u0161\u012bbas funkcij\u0101m un vienk\u0101r\u0161u apkopi, \u0161ie cilindri pied\u0101v\u0101 virkni priek\u0161roc\u012bbu, kas var pal\u012bdz\u0113t uzlabot veiktsp\u0113ju un samazin\u0101t izmaksas. Neatkar\u012bgi no t\u0101, vai jums ir nepiecie\u0161ams divk\u0101r\u0161as darb\u012bbas hidrauliskais cilindrs par r\u016bpn\u012bcas cenu vai piel\u0101gots risin\u0101jums, kas piel\u0101gots j\u016bsu \u012bpa\u0161aj\u0101m vajadz\u012bb\u0101m, regul\u0113jamie skavas tipa cilindri ir daudzpus\u012bga un uzticama izv\u0113le hidrauliskaj\u0101m sist\u0113m\u0101m.<img decoding=\"async\" src=\"https:\/\/fmp-components.com\/wp-content\/uploads\/2024\/12\/Adjustable-Clevis-Type-Cylinders5.webp\" alt=\"Regul\u0113jams skavu tipa cilindrs\" width=\"800\" title=\"\"><\/p>\n<h2>Regul\u0113jamu skavu tipa cilindru pielietojums<\/h2>\n<p>Regul\u0113jami skavu tipa cilindri ir hidrauliskie cilindri, kuru garumu var regul\u0113t atbilsto\u0161i konkr\u0113t\u0101m pielietojuma pras\u012bb\u0101m. \u0160ie cilindri ir paredz\u0113ti, lai nodro\u0161in\u0101tu uzticamu un efekt\u012bvu veiktsp\u0113ju pla\u0161\u0101 r\u016bpniecisko pielietojumu kl\u0101st\u0101. \u0160aj\u0101 rakst\u0101 m\u0113s apspried\u012bsim da\u017e\u0101dus regul\u0113jamu skavu tipa cilindru pielietojumus.<\/p>\n<h3>1. B\u016bvniec\u012bbas nozare<\/h3>\n<p>B\u016bvniec\u012bbas nozare ir viens no visizplat\u012bt\u0101kajiem regul\u0113jamu skavu tipa cilindru pielietojumiem. \u0160ie cilindri tiek izmantoti, lai darbin\u0101tu da\u017e\u0101das smag\u0101s tehnikas, piem\u0113ram, celt\u0146us, buldozerus un ekskavatorus. Tie ir ide\u0101li piem\u0113roti \u0161ai nozarei, pateicoties to sp\u0113jai iztur\u0113t lielas slodzes un iztur\u012bbai. Regul\u0113jamus skavu tipa cilindrus var piel\u0101got, lai tie atbilstu b\u016bvniec\u012bbas tehnikas \u012bpa\u0161aj\u0101m pras\u012bb\u0101m, padarot tos \u013coti daudzpus\u012bgus.<\/p>\n<h3>2. Ra\u017eo\u0161anas nozare<\/h3>\n<p>Regul\u0113jami skavu tipa cilindri tiek izmantoti ar\u012b ra\u017eo\u0161anas nozar\u0113 da\u017e\u0101diem pielietojumiem. Tos izmanto presu, ma\u0161\u012bnu un konveijeru sist\u0113mu darbin\u0101\u0161anai. \u0160ie cilindri ir \u013coti uzticami, padarot tos ide\u0101li piem\u0113rotus lieto\u0161anai \u0101trgaitas ra\u017eo\u0161anas vid\u0113. Turkl\u0101t to regul\u0113jamais garums \u013cauj tos viegli integr\u0113t eso\u0161aj\u0101s ra\u017eo\u0161anas sist\u0113m\u0101s.<\/p>\n<h3>3. Lauksaimniec\u012bbas nozare<\/h3>\n<p>Lauksaimniec\u012bbas nozar\u0113 tiek izmantoti ar\u012b regul\u0113jami skavu tipa cilindri. \u0160os cilindrus izmanto lauksaimniec\u012bbas tehnik\u0101, piem\u0113ram, arklos, kultivatoros un kombainos. Tie ir ide\u0101li piem\u0113roti \u0161ai nozarei, pateicoties to iztur\u012bbai un sp\u0113jai iztur\u0113t skarbus vides apst\u0101k\u013cus. Turkl\u0101t to regul\u0113jamais garums \u013cauj tos viegli integr\u0113t da\u017e\u0101dos lauksaimniec\u012bbas pielietojumos.<\/p>\n<h3>4. Transporta nozare<\/h3>\n<p>Regul\u0113jami skavu tipa cilindri tiek izmantoti ar\u012b transporta nozar\u0113 da\u017e\u0101diem pielietojumiem. Tos izmanto kravas automa\u0161\u012bn\u0101s, piekab\u0113s un autobusos, lai nodro\u0161in\u0101tu uzticamu un efekt\u012bvu jaudu hidrauliskaj\u0101m sist\u0113m\u0101m. \u0160ie cilindri ir \u013coti piel\u0101gojami, padarot tos ide\u0101li piem\u0113rotus izmanto\u0161anai pla\u0161\u0101 transporta pielietojumu kl\u0101st\u0101.<\/p>\n<h3>5. J\u016bras r\u016bpniec\u012bba<\/h3>\n<p>J\u016bras r\u016bpniec\u012bba ir v\u0113l viens izplat\u012bts regul\u0113jamu skavu tipa cilindru pielietojums. \u0160ie cilindri tiek izmantoti da\u017e\u0101dos j\u016bras lietojumos, piem\u0113ram, laivu pac\u0113l\u0101jos, celt\u0146os un vin\u010d\u0101s. Tie ir ide\u0101li piem\u0113roti \u0161ai nozarei, jo sp\u0113j iztur\u0113t skarbu j\u016bras vidi un ir notur\u012bgi pret koroziju.<\/p>\n<p>Nosl\u0113gum\u0101 j\u0101saka, ka regul\u0113jamais skavu tipa cilindrs ir b\u016btiska sast\u0101vda\u013ca pla\u0161\u0101 r\u016bpniecisko pielietojumu kl\u0101st\u0101. To iztur\u012bba, uzticam\u012bba un regul\u0113jamais garums padara tos \u013coti daudzpus\u012bgus un piel\u0101gojamus. Neatkar\u012bgi no t\u0101, vai tie tiek izmantoti b\u016bvniec\u012bb\u0101, ra\u017eo\u0161an\u0101, lauksaimniec\u012bb\u0101, transport\u0101 vai j\u016bras nozar\u0113, regul\u0113jamie skavu tipa cilindri ir uzticams un efekt\u012bvs hidraulisko sist\u0113mu baro\u0161anas avots.<\/p>\n<p>Atsl\u0113gv\u0101rdi: r\u016bpn\u012bcas cenas divk\u0101r\u0161as darb\u012bbas hidrauliskais cilindrs, p\u0101rdo\u0161an\u0101 piel\u0101goti hidrauliskie cilindri.<img decoding=\"async\" src=\"https:\/\/fmp-components.com\/wp-content\/uploads\/2024\/12\/Application-of-Adjustable-Clevis-Type-Cylinders.webp\" alt=\"Regul\u0113jams skavu tipa cilindrs\" width=\"800\" title=\"\"><\/p>\n<h3>Par FMP \u2013 j\u016bsu profesion\u0101lo hidraulisko cilindru pieg\u0101d\u0101t\u0101ju<\/h3>\n<p>Mekl\u0113jat uzticamus un augstas kvalit\u0101tes hidrauliskos cilindrus savai celtniec\u012bbas tehnikai? FMP ir \u012bst\u0101 izv\u0113le! K\u0101 uz\u0146\u0113mums ar daudzu gadu pieredzi nozar\u0113 un profesion\u0101lu komandu, m\u0113s specializ\u0113jamies celtniec\u012bbas tehnikas deta\u013cu un nokomplekt\u0113tu ma\u0161\u012bnu p\u0101rdo\u0161an\u0101 un apkalpo\u0161an\u0101. M\u016bsu pla\u0161aj\u0101 produktu kl\u0101st\u0101 ietilpst lauksaimniec\u012bbas tehnikas p\u0101rnesumk\u0101rbas, r\u016bpniecisk\u0101s p\u0101rnesumk\u0101rbas, planet\u0101r\u0101s p\u0101rnesumk\u0101rbas, lauksaimniec\u012bbas tehnikas deta\u013cas un virkne augst\u0101k\u0101 l\u012bme\u0146a piederumu, kas tiem atbilst.<\/p>\n<p>\u0160eit ir tikai da\u017ei iemesli, k\u0101p\u0113c jums vajadz\u0113tu izv\u0113l\u0113ties FMP k\u0101 savu hidraulisko cilindru pieg\u0101d\u0101t\u0101ju:<\/p>\n<p>1. Augstas kvalit\u0101tes produkti \u2014 m\u0113s sadarbojamies ar daudziem augstas kvalit\u0101tes pieg\u0101d\u0101t\u0101jiem gan m\u0101j\u0101s, gan \u0101rzem\u0113s, lai nodro\u0161in\u0101tu, ka visi m\u016bsu hidrauliskie cilindri atbilst stingriem kvalit\u0101tes standartiem. M\u016bsu produkti ir iztur\u012bgi, uzticami un rad\u012bti ilgam kalpo\u0161anas laikam.<\/p>\n<p>2. Profesion\u0101la p\u0101rdo\u0161anas komanda \u2013 m\u016bsu pieredz\u0113ju\u0161\u0101 un prasm\u012bg\u0101 p\u0101rdo\u0161anas komanda p\u0101rzina b\u016bvniec\u012bbas tehnikas nozares att\u012bst\u012bbas tendences un klientu vajadz\u012bbas. Vi\u0146i var sniegt profesion\u0101las produktu konsult\u0101cijas un p\u0101rdom\u0101tus pirk\u0161anas ieteikumus, lai pal\u012bdz\u0113tu jums atrast pareizo hidraulisko cilindru atbilsto\u0161i j\u016bsu vajadz\u012bb\u0101m.<\/p>\n<p>3. Efekt\u012bva lo\u0123istikas izplat\u012b\u0161ana \u2014 mums ir efekt\u012bva lo\u0123istikas izplat\u012b\u0161anas sist\u0113ma, lai nodro\u0161in\u0101tu, ka klienti savlaic\u012bgi un prec\u012bzi sa\u0146em nepiecie\u0161am\u0101s deta\u013cas. J\u016bs varat uztic\u0113ties mums, ka pieg\u0101d\u0101sim j\u016bsu hidrauliskos cilindrus, kad tie jums b\u016bs nepiecie\u0161ami.<\/p>\n<p>4. Piel\u0101gojamas opcijas \u2014 FMP m\u0113s saprotam, ka katram klientam ir unik\u0101las vajadz\u012bbas attiec\u012bb\u0101 uz hidrauliskajiem cilindriem. T\u0101p\u0113c m\u0113s pied\u0101v\u0101jam piel\u0101gojamas opcijas, lai atbilstu j\u016bsu \u012bpa\u0161aj\u0101m pras\u012bb\u0101m.<\/p>\n<p>5. Pla\u0161s produktu kl\u0101sts \u2014 m\u0113s pied\u0101v\u0101jam pla\u0161u hidraulisko cilindru kl\u0101stu, tostarp regul\u0113jamus skavu tipa cilindrus, metin\u0101tus cilindrus, st\u016bres stie\u0146u cilindrus un citus. Tas noz\u012bm\u0113, ka j\u016bs varat atrast perfektu hidraulisko cilindru, kas atbilst j\u016bsu celtniec\u012bbas tehnikas vajadz\u012bb\u0101m.<\/p>\n<p>Turkl\u0101t, sadarbojoties ar FMP, j\u016bs varat baud\u012bt sirdsmieru, ko sniedz sadarb\u012bba ar uzticamu un dro\u0161u pieg\u0101d\u0101t\u0101ju. T\u0101p\u0113c k\u0101p\u0113c gaid\u012bt? Sazinieties ar mums jau \u0161odien, lai uzzin\u0101tu vair\u0101k par m\u016bsu hidrauliskajiem cilindriem un to, k\u0101 m\u0113s varam pal\u012bdz\u0113t jums apmierin\u0101t j\u016bsu celtniec\u012bbas tehnikas vajadz\u012bbas.<\/p>\n<p><img decoding=\"async\" src=\"https:\/\/fmp-components.com\/wp-content\/uploads\/2024\/12\/Adjustable-Clevis-Type-Cylinders-6.webp\" alt=\"Regul\u0113jams skavu tipa cilindrs\" width=\"804\" title=\"\"><\/p>\n<h2>Bie\u017ei uzdotie jaut\u0101jumi<\/h2>\n<p><strong>J: Cik ilga ir j\u016bsu hidraulisko cilindru garantija?<\/strong><br \/>\nA: M\u0113s pied\u0101v\u0101jam viena gada garantiju m\u016bsu hidrauliskajiem cilindriem.<\/p>\n<p><strong>J: No k\u0101diem materi\u0101liem ir izgatavoti j\u016bsu hidrauliskie cilindri?<\/strong><br \/>\nA: M\u016bsu hidrauliskie cilindri ir izgatavoti no iztur\u012bga un stabila t\u0113rauda.<\/p>\n<p><strong>J: K\u0101das nozares var izmantot j\u016bsu hidrauliskos cilindrus?<\/strong><br \/>\nA: M\u016bsu hidrauliskos cilindrus var izmantot ma\u0161\u012bnb\u016bves remonta darbn\u012bc\u0101s, saimniec\u012bb\u0101s, ener\u0123\u0113tikas un ieguves r\u016bpniec\u012bb\u0101, ma\u0161\u012bnb\u016bves ra\u017eo\u0161an\u0101 un r\u016bpn\u012bc\u0101s.<\/p>\n<p><img decoding=\"async\" src=\"https:\/\/img.jiansujichilun.com\/img\/hydrauliccylinders\/B_hydrauliccylinders-4.webp\" alt=\"hidrauliskais cilindrs\" width=\"800\" title=\"\"><\/p>\n<p>Autors: CX<\/p>","protected":false},"excerpt":{"rendered":"<p>Factory Price Double Acting Hydraulic Cylinder Customized Hydraulic Cylinders For Sale This hydraulic cylinder is designed to meet the demands of heavy-duty industrial applications. It is built with high-quality materials and precision engineering to ensure maximum durability and performance. The double-acting design allows for both extension and retraction of the piston, making it suitable for [&hellip;]<\/p>","protected":false},"featured_media":1338,"comment_status":"closed","ping_status":"closed","template":"","meta":{"_et_pb_use_builder":"","_et_pb_old_content":"","_et_gb_content_width":""},"product_brand":[],"product_cat":[39],"product_tag":[41,34],"class_list":{"0":"post-1342","1":"product","2":"type-product","3":"status-publish","4":"has-post-thumbnail","6":"product_cat-adjustable-clevis-type-cylinders","7":"product_tag-adjustable-clevis-type-cylinders","8":"product_tag-hydraulic-cylinder","10":"first","11":"instock","12":"product-type-simple"},"_links":{"self":[{"href":"https:\/\/fmp-components.com\/lv\/wp-json\/wp\/v2\/product\/1342","targetHints":{"allow":["GET"]}}],"collection":[{"href":"https:\/\/fmp-components.com\/lv\/wp-json\/wp\/v2\/product"}],"about":[{"href":"https:\/\/fmp-components.com\/lv\/wp-json\/wp\/v2\/types\/product"}],"replies":[{"embeddable":true,"href":"https:\/\/fmp-components.com\/lv\/wp-json\/wp\/v2\/comments?post=1342"}],"wp:featuredmedia":[{"embeddable":true,"href":"https:\/\/fmp-components.com\/lv\/wp-json\/wp\/v2\/media\/1338"}],"wp:attachment":[{"href":"https:\/\/fmp-components.com\/lv\/wp-json\/wp\/v2\/media?parent=1342"}],"wp:term":[{"taxonomy":"product_brand","embeddable":true,"href":"https:\/\/fmp-components.com\/lv\/wp-json\/wp\/v2\/product_brand?post=1342"},{"taxonomy":"product_cat","embeddable":true,"href":"https:\/\/fmp-components.com\/lv\/wp-json\/wp\/v2\/product_cat?post=1342"},{"taxonomy":"product_tag","embeddable":true,"href":"https:\/\/fmp-components.com\/lv\/wp-json\/wp\/v2\/product_tag?post=1342"}],"curies":[{"name":"wp","href":"https:\/\/api.w.org\/{rel}","templated":true}]}}