{"id":1339,"date":"2024-12-23T02:18:07","date_gmt":"2024-12-23T02:18:07","guid":{"rendered":"https:\/\/fmp-components.com\/product\/quality-assurance-10-ton-hydraulic-cylinder-welded-hydraulic-cylinder-for-sale\/"},"modified":"2024-12-23T03:50:08","modified_gmt":"2024-12-23T03:50:08","slug":"quality-assurance-10-ton-hydraulic-cylinder-welded-hydraulic-cylinder-for-sale","status":"publish","type":"product","link":"https:\/\/fmp-components.com\/lv\/product\/quality-assurance-10-ton-hydraulic-cylinder-welded-hydraulic-cylinder-for-sale\/","title":{"rendered":"Kvalit\u0101tes nodro\u0161in\u0101\u0161anas 10 tonnu hidrauliskais cilindrs, metin\u0101ts hidrauliskais cilindrs p\u0101rdo\u0161anai"},"content":{"rendered":"<h2>Iepaz\u012bstin\u0101m ar 10 tonnu hidraulisk\u0101 cilindra metin\u0101to hidraulisko cilindru, kas ir p\u0101rdo\u0161an\u0101:<\/h2>\n<p>10 tonnu hidraulisk\u0101 cilindra metin\u0101tais hidrauliskais cilindrs ir augstas kvalit\u0101tes produkts, kas paredz\u0113ts da\u017e\u0101diem r\u016bpnieciskiem pielietojumiem. \u0160is hidrauliskais cilindrs pied\u0101v\u0101 izcilu veiktsp\u0113ju un iztur\u012bbu, padarot to par uzticamu izv\u0113li smagiem darbiem.<\/p>\n<p>Galven\u0101s iez\u012bmes:<br \/>\n1. Augstas kvalit\u0101tes konstrukcija: Hidrauliskais cilindrs ir prec\u012bzi izgatavots, izmantojot augst\u0101k\u0101s kvalit\u0101tes materi\u0101lus, lai nodro\u0161in\u0101tu ilgm\u016b\u017e\u012bbu un iztur\u012bbu pret nodilumu.<br \/>\n2. Iztur\u012bgs un uzticams: Ar maksim\u0101lo celtsp\u0113ju 10 tonnas \u0161is hidrauliskais cilindrs var bez piep\u016bles tikt gal\u0101 ar smag\u0101m krav\u0101m, nodro\u0161inot efekt\u012bvu un uzticamu darb\u012bbu.<br \/>\n3. Metin\u0101ta konstrukcija: Metin\u0101t\u0101 konstrukcija uzlabo cilindra konstrukcijas integrit\u0101ti, nodro\u0161inot, ka tas var iztur\u0113t augstu spiedienu un sare\u017e\u0123\u012btus ekspluat\u0101cijas apst\u0101k\u013cus.<br \/>\n4. Vienm\u0113r\u012bga darb\u012bba: Apr\u012bkots ar modernu hidraulisko tehnolo\u0123iju, \u0161is cilindrs nodro\u0161ina vienm\u0113r\u012bgu un prec\u012bzu darb\u012bbu, nodro\u0161inot prec\u012bzu vad\u012bbu un manevr\u0113tsp\u0113ju.<br \/>\n5. Daudzpus\u012bgs pielietojums: 10 tonnu hidraulisk\u0101 cilindra metin\u0101tais hidrauliskais cilindrs ir piem\u0113rots pla\u0161am pielietojumu kl\u0101stam, tostarp cel\u0161anas iek\u0101rt\u0101m, celtniec\u012bbas ma\u0161\u012bn\u0101m un r\u016bpniecisk\u0101s automatiz\u0101cijas sist\u0113m\u0101m.<\/p>\n<p><img loading=\"lazy\" decoding=\"async\" class=\"alignnone size-full wp-image-1334\" src=\"https:\/\/fmp-components.com\/wp-content\/uploads\/2024\/12\/Adjustable-Clevis-Type-Cylinders-4.webp\" alt=\"Regul\u0113jami skavu tipa cilindri\" width=\"800\" height=\"800\" title=\"\" srcset=\"https:\/\/fmp-components.com\/wp-content\/uploads\/2024\/12\/Adjustable-Clevis-Type-Cylinders-4.webp 800w, https:\/\/fmp-components.com\/wp-content\/uploads\/2024\/12\/Adjustable-Clevis-Type-Cylinders-4-480x480.webp 480w\" sizes=\"(min-width: 0px) and (max-width: 480px) 480px, (min-width: 481px) 800px, 100vw\" \/><\/p>\n<p>K\u0101p\u0113c izv\u0113l\u0113ties 10 tonnu hidraulisk\u0101 cilindra metin\u0101to hidraulisko cilindru:<br \/>\n1. Izcila kvalit\u0101te: \u0160is hidrauliskais cilindrs ir ra\u017eots atbilsto\u0161i augst\u0101kajiem nozares standartiem, nodro\u0161inot izcilu kvalit\u0101ti un uzticam\u012bbu.<br \/>\n2. Uzlabota efektivit\u0101te: Cilindra uzlabotais dizains un tehnolo\u0123ija optimiz\u0113 veiktsp\u0113ju un efektivit\u0101ti, samazinot d\u012bkst\u0101ves laiku un palielinot produktivit\u0101ti.<br \/>\n3. Izmaksu zi\u0146\u0101 efekt\u012bvs risin\u0101jums: Pateicoties ilgajam kalpo\u0161anas laikam un zemaj\u0101m apkopes pras\u012bb\u0101m, \u0161is hidrauliskais cilindrs nodro\u0161ina rentablu risin\u0101jumu da\u017e\u0101d\u0101m nozar\u0113m.<br \/>\n4. Uzticams z\u012bmols: 10 tonnu hidraulisk\u0101 cilindra metin\u0101to hidraulisko cilindru ra\u017eo cien\u012bjams ra\u017eot\u0101js, kas paz\u012bstams ar augstas kvalit\u0101tes hidraulisk\u0101 apr\u012bkojuma ra\u017eo\u0161anu.<\/p>\n<p>Nosl\u0113gum\u0101 j\u0101saka, ka 10 tonnu hidraulisk\u0101 cilindra metin\u0101tais hidrauliskais cilindrs ir augst\u0101k\u0101s klases produkts, kas pied\u0101v\u0101 uzticamu veiktsp\u0113ju, iztur\u012bbu un daudzpus\u012bbu. Neatkar\u012bgi no t\u0101, vai tas ir nepiecie\u0161ams smagajai cel\u0161anai, b\u016bvniec\u012bbai vai r\u016bpnieciskajai automatiz\u0101cijai, \u0161is hidrauliskais cilindrs ir lieliska izv\u0113le.<\/p>\n<p>Atkl\u0101jiet m\u016bsu jauno 10 tonnu hidraulisko cilindru, kas pied\u0101v\u0101 augst\u0101kos kvalit\u0101tes nodro\u0161in\u0101\u0161anas standartus. \u0160is metin\u0101tais hidrauliskais cilindrs ir ide\u0101li piem\u0113rots izmanto\u0161anai da\u017e\u0101d\u0101s nozar\u0113s, tostarp ma\u0161\u012bnu remonta darbn\u012bc\u0101s, lauksaimniec\u012bbas darbn\u012bc\u0101s, ener\u0123\u0113tikas un ieguves r\u016bpniec\u012bb\u0101, k\u0101 ar\u012b ma\u0161\u012bnu ra\u017eo\u0161an\u0101. Ar svaru 30 kg produktam ir pievienots video izejo\u0161\u0101s p\u0101rbaudes un ma\u0161\u012bnu testa zi\u0146ojums. Tas ir da\u013ca no m\u016bsu jaun\u0101s 2023. gada produktu l\u012bnijas, kas garant\u0113 vismodern\u0101k\u0101s tehnolo\u0123ijas un dizainu. Galven\u0101s sast\u0101vda\u013cas ietver gultni un hidraulisko cilindru ar 1 gada garantiju. \u0160is standarta virzu\u013ccilindrs darbojas ar hidraulisko sp\u0113ku, ir izgatavots no t\u0113rauda un sp\u0113j sasniegt maksim\u0101lo vilces sp\u0113ku 3000. Tas ir regul\u0113jams skavu tipa cilindrs ar G\/SAE\/NPT\/M piesl\u0113gviet\u0101m un maksim\u0101lo vilkmes sp\u0113ku 20 tonnas. Cilindrs ir sertific\u0113ts saska\u0146\u0101 ar ISO9001:2000 un ir pieejams elegant\u0101 meln\u0101 kr\u0101s\u0101. T\u0101 urbuma izm\u0113rs ir 2\u20136 collas, stie\u0146a izm\u0113rs ir 1,125\u20134 collas, g\u0101jiena garums ir 4\u2013100 collas un tapas izm\u0113rs ir 0,5\u20132 collas.<\/p>\n<h2>Regul\u0113jamu skavu tipa cilindru priek\u0161roc\u012bbas<\/h2>\n<p>Regul\u0113jami skavu tipa cilindri, piem\u0113ram, Quality Assurance 10 tonnu hidrauliskais cilindrs, ir popul\u0101ra izv\u0113le da\u017e\u0101d\u0101s nozar\u0113s, pateicoties to unik\u0101laj\u0101m \u012bpa\u0161\u012bb\u0101m un priek\u0161roc\u012bb\u0101m. \u0160aj\u0101 rakst\u0101 m\u0113s izp\u0113t\u012bsim \u0161o cilindru izmanto\u0161anas priek\u0161roc\u012bbas un to, k\u0101p\u0113c tie ir v\u0113lam\u0101ki par cit\u0101m iesp\u0113j\u0101m.<\/p>\n<h3>1. Uzlabota elast\u012bba un piel\u0101go\u0161an\u0101s sp\u0113ja<\/h3>\n<p>Viena no regul\u0113jamu skavu tipa cilindru galvenaj\u0101m priek\u0161roc\u012bb\u0101m ir to sp\u0113ja piel\u0101goties da\u017e\u0101diem pielietojumiem un pras\u012bb\u0101m. \u0160ie cilindri pied\u0101v\u0101 pla\u0161u regul\u0113jamu g\u0101jienu diapazonu, kas \u013cauj prec\u012bzi pozicion\u0113t un prec\u012bzi noregul\u0113t cilindra veiktsp\u0113ju. \u0160\u012b elast\u012bba padara tos piem\u0113rotus da\u017e\u0101diem uzdevumiem, s\u0101kot no smagu kravu cel\u0161anas l\u012bdz prec\u012bzai pozicion\u0113\u0161anai r\u016bpnieciskaj\u0101s iek\u0101rt\u0101s.<\/p>\n<h3>2. Uzlabota iztur\u012bba un sp\u0113ks<\/h3>\n<p>Metin\u0101tie hidrauliskie cilindri, piem\u0113ram, Quality Assurance 10 tonnu hidrauliskais cilindrs, ir paz\u012bstami ar savu izcilo iztur\u012bbu un stipr\u012bbu. \u0160ie cilindri ir izgatavoti, lai iztur\u0113tu augstu spiedienu un lielas slodzes, padarot tos ide\u0101li piem\u0113rotus sare\u017e\u0123\u012btiem lietojumiem. To konstrukcij\u0101 izmantotais metin\u0101\u0161anas process nodro\u0161ina iztur\u012bgu un herm\u0113tisku konstrukciju, samazinot boj\u0101jumu risku un nodro\u0161inot uzticamu darb\u012bbu ilgtermi\u0146\u0101.<\/p>\n<h3>3. Optim\u0101la slodzes sadale<\/h3>\n<p>Regul\u0113jami skavu tipa cilindri ir paredz\u0113ti, lai nodro\u0161in\u0101tu optim\u0101lu slodzes sadal\u012bjumu, garant\u0113jot vienm\u0113r\u012bgu svara sadal\u012bjumu pa cilindru un t\u0101 stiprin\u0101juma punktiem. \u0160\u012b funkcija ir \u012bpa\u0161i svar\u012bga lietojumos, kur nevienm\u0113r\u012bgs slodzes sadal\u012bjums var izrais\u012bt priek\u0161laic\u012bgu apr\u012bkojuma nodilumu. Vienm\u0113r\u012bgi sadalot slodzi, \u0161ie cilindri pal\u012bdz uzlabot tehnikas kop\u0113jo efektivit\u0101ti un kalpo\u0161anas laiku.<\/p>\n<h3>4. Daudzpus\u012bba mont\u0101\u017eas iesp\u0113j\u0101s<\/h3>\n<p>V\u0113l viena regul\u0113jamu skavu tipa cilindru priek\u0161roc\u012bba ir to daudzpus\u012bba mont\u0101\u017eas iesp\u0113j\u0101s. Pateicoties regul\u0113jam\u0101s skavu konstrukcijai, \u0161os cilindrus var viegli uzst\u0101d\u012bt da\u017e\u0101d\u0101s orient\u0101cij\u0101s un poz\u012bcij\u0101s. \u0160\u012b elast\u012bba \u013cauj tos neman\u0101mi integr\u0113t da\u017e\u0101d\u0101s sist\u0113m\u0101s un ma\u0161\u012bn\u0101s, padarot tos par iecien\u012btu izv\u0113li daudz\u0101s nozar\u0113s.<\/p>\n<h3>5. Prec\u012bza vad\u012bba un pozicion\u0113\u0161ana<\/h3>\n<p>Ar regul\u0113jamu g\u0101jiena garumu regul\u0113jamie skavu tipa cilindri nodro\u0161ina prec\u012bzu vad\u012bbu un pozicion\u0113\u0161anu. \u0160is precizit\u0101tes l\u012bmenis ir \u013coti svar\u012bgs lietojumos, kur nepiecie\u0161ama prec\u012bza kust\u012bba un pozicion\u0113\u0161ana. Sp\u0113ja prec\u012bzi noregul\u0113t g\u0101jiena garumu \u013cauj operatoriem sasniegt v\u0113lamo vad\u012bbas l\u012bmeni, uzlabojot iek\u0101rtas kop\u0113jo efektivit\u0101ti un veiktsp\u0113ju.<\/p>\n<h3>6. Izmaksu zi\u0146\u0101 efekt\u012bvs risin\u0101jums<\/h3>\n<p>Neskatoties uz to uzlabotaj\u0101m funkcij\u0101m un priek\u0161roc\u012bb\u0101m, regul\u0113jamie cilindri ar skavu pied\u0101v\u0101 izmaksu zi\u0146\u0101 efekt\u012bvu risin\u0101jumu da\u017e\u0101d\u0101m nozar\u0113m. \u0160ie cilindri ir izstr\u0101d\u0101ti t\u0101, lai tie b\u016btu \u013coti efekt\u012bvi un iztur\u012bgi, samazinot nepiecie\u0161am\u012bbu p\u0113c bie\u017ea remonta vai nomai\u0146as. To daudzpus\u012bba un piel\u0101gojam\u012bba ar\u012b veicina izmaksu ietaup\u012bjumus, samazinot nepiecie\u0161am\u012bbu p\u0113c vair\u0101kiem cilindru veidiem da\u017e\u0101diem lietojumiem.<\/p>\n<h3>Secin\u0101jums<\/h3>\n<p>Rezum\u0113jot, regul\u0113jami skavas tipa cilindri, piem\u0113ram, Quality Assurance 10 tonnu hidrauliskais cilindrs, pied\u0101v\u0101 daudzas priek\u0161roc\u012bbas, kas padara tos par popul\u0101ru izv\u0113li da\u017e\u0101d\u0101s nozar\u0113s. S\u0101kot ar uzlabotu elast\u012bbu un piel\u0101go\u0161an\u0101s sp\u0113ju un beidzot ar uzlabotu iztur\u012bbu un stipr\u012bbu, \u0161ie cilindri nodro\u0161ina optim\u0101lu slodzes sadal\u012bjumu, daudzpus\u012bgas mont\u0101\u017eas iesp\u0113jas, prec\u012bzu vad\u012bbu un pozicion\u0113\u0161anu, un tas viss par izdev\u012bgu cenu. Apsveriet iesp\u0113ju iek\u013caut regul\u0113jamus skavas tipa cilindrus sav\u0101s iek\u0101rt\u0101s, lai maksim\u0101li palielin\u0101tu veiktsp\u0113ju un efektivit\u0101ti.<\/p>\n<p><img decoding=\"async\" src=\"https:\/\/fmp-components.com\/wp-content\/uploads\/2024\/12\/Adjustable-Clevis-Type-Cylinders5.webp\" alt=\"Regul\u0113jams skavu tipa cilindrs\" width=\"800\" title=\"\"><\/p>\n<h2>Regul\u0113jamu skavu tipa cilindru pielietojums<\/h2>\n<p>Regul\u0113jami skavu tipa cilindri ir hidrauliskie cilindri, kas paredz\u0113ti, lai nodro\u0161in\u0101tu uzticamus un augstas veiktsp\u0113jas rezult\u0101tus. \u0160ie cilindri tiek pla\u0161i izmantoti da\u017e\u0101d\u0101s nozar\u0113s, tostarp lauksaimniec\u012bb\u0101, b\u016bvniec\u012bb\u0101 un ra\u017eo\u0161an\u0101. \u0160aj\u0101 emu\u0101ra ierakst\u0101 m\u0113s apspried\u012bsim da\u017e\u0101dus regul\u0113jamu skavu tipa cilindru pielietojumus un to, k\u0101 tie uzlabo da\u017e\u0101du ma\u0161\u012bnu veiktsp\u0113ju.<\/p>\n<h3>1. Lauksaimniec\u012bbas pielietojumi<\/h3>\n<p>Regul\u0113jamus skavas tipa cilindrus bie\u017ei izmanto lauksaimniec\u012bbas ma\u0161\u012bn\u0101s, piem\u0113ram, traktoros, kultivatoros, arklos un kombainos. Tos izmanto smaga apr\u012bkojuma pacel\u0161anai, stum\u0161anai un vilk\u0161anai, un tie var darboties sare\u017e\u0123\u012bt\u0101 vid\u0113, kur ir putek\u013ci, net\u012brumi un mitrums. Cilindri ir izstr\u0101d\u0101ti, lai iztur\u0113tu skarbus apst\u0101k\u013cus, un to regul\u0113jam\u0101 konstrukcija \u013cauj prec\u012bzi novietot, kas ir svar\u012bgi prec\u012bz\u0101m lauksaimniec\u012bbas darb\u012bb\u0101m. Kvalit\u0101tes nodro\u0161in\u0101\u0161ana. 10 tonnu hidrauliskais cilindrs. Metin\u0101ts hidrauliskais cilindrs p\u0101rdo\u0161anai ir divi regul\u0113jamu skavas tipa cilindru piem\u0113ri, ko parasti izmanto lauksaimniec\u012bbas ma\u0161\u012bn\u0101s.<\/p>\n<h3>2. B\u016bvniec\u012bbas pielietojumi<\/h3>\n<p>B\u016bvniec\u012bbas nozar\u0113 regul\u0113jami skavas tipa cilindri tiek izmantoti pla\u0161\u0101 pielietojumu kl\u0101st\u0101, tostarp ekskavatoros, iekr\u0101v\u0113jos, buldozeros un celt\u0146os. \u0160ie cilindri tiek izmantoti smagu kravu cel\u0161anai un p\u0101rvieto\u0161anai, cietu virsmu p\u0101rvar\u0113\u0161anai un tran\u0161eju rak\u0161anai. Tos izmanto ar\u012b t\u0101du pielikumu k\u0101 kausu, \u0101muru un urbju darbin\u0101\u0161anai. \u0160o cilindru regul\u0113jam\u0101 konstrukcija \u013cauj tos viegli uzst\u0101d\u012bt un apkopt, kas ir svar\u012bgi b\u016bvniec\u012bbas nozar\u0113. Kvalit\u0101tes nodro\u0161in\u0101\u0161ana. 10 tonnu hidrauliskais cilindrs. Metin\u0101ts hidrauliskais cilindrs p\u0101rdo\u0161anai ir divi regul\u0113jamu skavas tipa cilindru piem\u0113ri, ko parasti izmanto celtniec\u012bbas ma\u0161\u012bn\u0101s.<\/p>\n<h3>3. Ra\u017eo\u0161anas pielietojumi<\/h3>\n<p>Regul\u0113jamus skavu tipa cilindrus bie\u017ei izmanto ra\u017eo\u0161anas ma\u0161\u012bn\u0101s, piem\u0113ram, pres\u0113s, \u0161tanc\u0113\u0161anas ma\u0161\u012bn\u0101s un iesmidzin\u0101\u0161anas form\u0113\u0161anas ma\u0161\u012bn\u0101s. Tos izmanto, lai pieliktu sp\u0113ku da\u017e\u0101d\u0101m ma\u0161\u012bnu sast\u0101vda\u013c\u0101m, lai nodro\u0161in\u0101tu precizit\u0101ti un precizit\u0101ti ra\u017eo\u0161anas proces\u0101. \u0160ie cilindri ir paredz\u0113ti darbam augst\u0101 spiedien\u0101 un atk\u0101rtojamas veiktsp\u0113jas nodro\u0161in\u0101\u0161anai, kas ir b\u016btiski vienm\u0113r\u012bg\u0101m un efekt\u012bv\u0101m ra\u017eo\u0161anas darb\u012bb\u0101m. Kvalit\u0101tes nodro\u0161in\u0101\u0161ana. 10 tonnu hidrauliskais cilindrs. Metin\u0101ts hidrauliskais cilindrs p\u0101rdo\u0161anai ir divi regul\u0113jamu skavu tipa cilindru piem\u0113ri, ko parasti izmanto ra\u017eo\u0161anas ma\u0161\u012bn\u0101s.<\/p>\n<p>Nosl\u0113gum\u0101 j\u0101saka, ka regul\u0113jami skavas tipa cilindri ir b\u016btiskas sast\u0101vda\u013cas vair\u0101k\u0101s nozar\u0113s. To regul\u0113jam\u0101 konstrukcija nodro\u0161ina prec\u012bzu pozicion\u0113\u0161anu, vienk\u0101r\u0161u uzst\u0101d\u012b\u0161anu un apkopi. Tie ir izstr\u0101d\u0101ti, lai iztur\u0113tu skarbu vidi un darbotos augst\u0101 spiedien\u0101, lai nodro\u0161in\u0101tu uzticamu un nemain\u012bgu veiktsp\u0113ju. Kvalit\u0101tes nodro\u0161in\u0101\u0161ana. P\u0101rdo\u0161an\u0101 eso\u0161s 10 tonnu hidrauliskais cilindrs ar metin\u0101tu hidraulisko cilindru ir divi regul\u0113jamu skavas tipa cilindru piem\u0113ri, ko bie\u017ei izmanto da\u017e\u0101d\u0101s nozar\u0113s. Izmantojot \u0161os cilindrus, var iev\u0113rojami uzlabot da\u017e\u0101du iek\u0101rtu veiktsp\u0113ju un efektivit\u0101ti.<img decoding=\"async\" src=\"https:\/\/fmp-components.com\/wp-content\/uploads\/2024\/12\/Application-of-Adjustable-Clevis-Type-Cylinders.webp\" alt=\"Regul\u0113jams skavu tipa cilindrs\" width=\"800\" title=\"\"><\/p>\n<h3>Par FMP hidraulisko cilindru<\/h3>\n<p><img decoding=\"async\" src=\"https:\/\/fmp-components.com\/wp-content\/uploads\/2024\/12\/Adjustable-Clevis-Type-Cylinders-6.webp\" alt=\"Regul\u0113jams skavu tipa cilindrs\" width=\"802\" title=\"\"><\/p>\n<p>Uz\u0146\u0113mum\u0101 FMP m\u0113s specializ\u0113jamies augstas kvalit\u0101tes hidraulisko cilindru ra\u017eo\u0161an\u0101 un p\u0101rdo\u0161an\u0101. Pateicoties m\u016bsu pla\u0161ajai pieredzei nozar\u0113 un profesion\u0101lajai komandai, m\u0113s esam ap\u0146\u0113mu\u0161ies nodro\u0161in\u0101t m\u016bsu klientiem uzticamus un efekt\u012bvus risin\u0101jumus vi\u0146u celtniec\u012bbas tehnikas vajadz\u012bb\u0101m. \u0160eit ir piecas galven\u0101s m\u016bsu produktu un uz\u0146\u0113muma priek\u0161roc\u012bbas:<\/p>\n<p>1. Pla\u0161s hidraulisko cilindru kl\u0101sts: M\u0113s pied\u0101v\u0101jam pla\u0161u hidraulisko cilindru kl\u0101stu, kas atbilst da\u017e\u0101d\u0101m celtniec\u012bbas tehnikas pras\u012bb\u0101m. S\u0101kot no standarta cilindriem l\u012bdz piel\u0101gotiem risin\u0101jumiem, mums ir zin\u0101\u0161anas, lai apmierin\u0101tu j\u016bsu \u012bpa\u0161\u0101s vajadz\u012bbas.<\/p>\n<p>2. Izcila kvalit\u0101te: M\u016bsu hidrauliskie cilindri tiek ra\u017eoti, izmantojot augst\u0101k\u0101s kvalit\u0101tes materi\u0101lus un progres\u012bvas tehnolo\u0123ijas, nodro\u0161inot izcilu iztur\u012bbu un veiktsp\u0113ju. Katrs cilindrs tiek pak\u013cauts stingr\u0101m kvalit\u0101tes p\u0101rbaud\u0113m, lai atbilstu augst\u0101kajiem nozares standartiem.<\/p>\n<p>3. Pieredz\u0113jusi p\u0101rdo\u0161anas komanda: m\u016bsu pieredz\u0113ju\u0161\u0101 p\u0101rdo\u0161anas komanda labi p\u0101rzina jaun\u0101k\u0101s tendences un klientu piepras\u012bjumu b\u016bvniec\u012bbas tehnikas nozar\u0113. Vi\u0146i sniedz profesion\u0101las produktu konsult\u0101cijas un v\u0113rt\u012bgus pirk\u0161anas ieteikumus, lai pal\u012bdz\u0113tu jums pie\u0146emt p\u0101rdom\u0101tus l\u0113mumus.<\/p>\n<p>4. Efekt\u012bva lo\u0123istikas izplat\u012b\u0161ana: M\u0113s saprotam savlaic\u012bgas pieg\u0101des noz\u012bmi. M\u016bsu efekt\u012bv\u0101 lo\u0123istikas izplat\u012b\u0161anas sist\u0113ma nodro\u0161ina, ka j\u016bs savlaic\u012bgi un prec\u012bzi sa\u0146emsiet nepiecie\u0161amos hidrauliskos cilindrus, samazinot d\u012bkst\u0101ves laiku un palielinot produktivit\u0101ti.<\/p>\n<p>5. Sp\u0113c\u012bgas pieg\u0101d\u0101t\u0101ju partnerattiec\u012bbas: M\u0113s esam izveidoju\u0161i ilgtermi\u0146a un stabilas attiec\u012bbas ar augstas kvalit\u0101tes pieg\u0101d\u0101t\u0101jiem vis\u0101 pasaul\u0113. Tas \u013cauj mums ieg\u016bt un nodro\u0161in\u0101t celtniec\u012bbas tehnikas deta\u013cas, kas atbilst stingriem kvalit\u0101tes standartiem, nodro\u0161inot m\u016bsu hidraulisko cilindru uzticam\u012bbu un ilgm\u016b\u017e\u012bbu.<\/p>\n<p>Izv\u0113lieties FMP hidraulisko cilindru, lai nodro\u0161in\u0101tu izcilu kvalit\u0101ti, uzticamu veiktsp\u0113ju un lielisku klientu apkalpo\u0161anu. Sadarbojieties ar mums jau \u0161odien un izbaudiet at\u0161\u0137ir\u012bbu sav\u0101s celtniec\u012bbas tehnikas darb\u012bb\u0101s.<\/p>\n<h2>Bie\u017ei uzdotie jaut\u0101jumi<\/h2>\n<p><strong>J: K\u0101d\u0101m nozar\u0113m ir piem\u0113rots 10 tonnu hidrauliskais cilindrs?<\/strong><br \/>\nA: 10 tonnu hidrauliskais cilindrs ir daudzpus\u012bgs un piem\u0113rots da\u017e\u0101d\u0101m nozar\u0113m, tostarp ma\u0161\u012bnb\u016bves remonta darbn\u012bc\u0101m, saimniec\u012bb\u0101m, ener\u0123\u0113tikas un ieguves r\u016bpniec\u012bbai, k\u0101 ar\u012b ma\u0161\u012bnb\u016bves ra\u017eo\u0161anai.<\/p>\n<p><strong>J: K\u0101das ir 10 tonnu hidraulisk\u0101 cilindra piel\u0101go\u0161anas iesp\u0113jas?<\/strong><br \/>\nA: FMP m\u0113s pied\u0101v\u0101jam cilindru cilindru cilindra diametra, g\u0101jiena garuma un kravnes\u012bbas piel\u0101go\u0161anas iesp\u0113jas, piel\u0101gojot tos j\u016bsu prec\u012bzaj\u0101m specifik\u0101cij\u0101m.<\/p>\n<p><strong>J: K\u0101ds ir 10 tonnu hidraulisk\u0101 cilindra garantijas periods?<\/strong><\/p>\n<p>A: 10 tonnu hidrauliskajam cilindram ir 1 gada garantija, kas nodro\u0161ina j\u016bsu ieguld\u012bjuma aizsardz\u012bbu.<\/p>\n<p><img decoding=\"async\" src=\"https:\/\/img.jiansujichilun.com\/img\/hydrauliccylinders\/C_hydrauliccylinders-5.webp\" alt=\"hidrauliskais cilindrs\" width=\"800\" title=\"\"><\/p>\n<p>Autors: CX<\/p>","protected":false},"excerpt":{"rendered":"<p>Introducing the 10 Ton Hydraulic Cylinder Welded Hydraulic Cylinder For Sale: The 10 Ton Hydraulic Cylinder Welded Hydraulic Cylinder is a high-quality product designed for various industrial applications. This hydraulic cylinder offers exceptional performance and durability, making it a reliable choice for heavy-duty tasks. Key Features: 1. High-Quality Construction: The hydraulic cylinder is constructed with [&hellip;]<\/p>","protected":false},"featured_media":1340,"comment_status":"closed","ping_status":"closed","template":"","meta":{"_et_pb_use_builder":"","_et_pb_old_content":"","_et_gb_content_width":""},"product_brand":[],"product_cat":[39],"product_tag":[41,34],"class_list":{"0":"post-1339","1":"product","2":"type-product","3":"status-publish","4":"has-post-thumbnail","6":"product_cat-adjustable-clevis-type-cylinders","7":"product_tag-adjustable-clevis-type-cylinders","8":"product_tag-hydraulic-cylinder","10":"first","11":"instock","12":"product-type-simple"},"_links":{"self":[{"href":"https:\/\/fmp-components.com\/lv\/wp-json\/wp\/v2\/product\/1339","targetHints":{"allow":["GET"]}}],"collection":[{"href":"https:\/\/fmp-components.com\/lv\/wp-json\/wp\/v2\/product"}],"about":[{"href":"https:\/\/fmp-components.com\/lv\/wp-json\/wp\/v2\/types\/product"}],"replies":[{"embeddable":true,"href":"https:\/\/fmp-components.com\/lv\/wp-json\/wp\/v2\/comments?post=1339"}],"wp:featuredmedia":[{"embeddable":true,"href":"https:\/\/fmp-components.com\/lv\/wp-json\/wp\/v2\/media\/1340"}],"wp:attachment":[{"href":"https:\/\/fmp-components.com\/lv\/wp-json\/wp\/v2\/media?parent=1339"}],"wp:term":[{"taxonomy":"product_brand","embeddable":true,"href":"https:\/\/fmp-components.com\/lv\/wp-json\/wp\/v2\/product_brand?post=1339"},{"taxonomy":"product_cat","embeddable":true,"href":"https:\/\/fmp-components.com\/lv\/wp-json\/wp\/v2\/product_cat?post=1339"},{"taxonomy":"product_tag","embeddable":true,"href":"https:\/\/fmp-components.com\/lv\/wp-json\/wp\/v2\/product_tag?post=1339"}],"curies":[{"name":"wp","href":"https:\/\/api.w.org\/{rel}","templated":true}]}}