{"id":1335,"date":"2024-12-23T02:18:07","date_gmt":"2024-12-23T02:18:07","guid":{"rendered":"https:\/\/fmp-components.com\/product\/professional-10-ton-hydraulic-cylinder-piston-customized-hydraulic-cylinder\/"},"modified":"2024-12-23T03:50:08","modified_gmt":"2024-12-23T03:50:08","slug":"professional-10-ton-hydraulic-cylinder-piston-customized-hydraulic-cylinder","status":"publish","type":"product","link":"https:\/\/fmp-components.com\/lv\/product\/professional-10-ton-hydraulic-cylinder-piston-customized-hydraulic-cylinder\/","title":{"rendered":"Profesion\u0101ls 10 tonnu hidraulisk\u0101 cilindra virzu\u013ca piel\u0101gots hidrauliskais cilindrs"},"content":{"rendered":"<h2>Iepaz\u012bstin\u0101m ar profesion\u0101lo 10 tonnu hidraulisk\u0101 cilindra virzu\u013ca piel\u0101goto hidraulisko cilindru:<\/h2>\n<p>Profesion\u0101lais 10 tonnu hidraulisk\u0101 cilindra virzu\u013ca piel\u0101gotais hidrauliskais cilindrs ir augstas kvalit\u0101tes un iztur\u012bgs produkts, kas paredz\u0113ts da\u017e\u0101du hidraulisko pielietojumu \u012bpa\u0161aj\u0101m vajadz\u012bb\u0101m. Ar maksim\u0101lo kravnes\u012bbu 10 tonnas tas nodro\u0161ina izcilu iztur\u012bbu un uzticam\u012bbu smagiem darbiem.<\/p>\n<p>\u0160im hidrauliskajam cilindram ir piel\u0101gots virzu\u013ca dizains, kas nodro\u0161ina prec\u012bzu vad\u012bbu un vienm\u0113r\u012bgu darb\u012bbu. Virzulis ir konstru\u0113ts t\u0101, lai iztur\u0113tu augsta spiediena apst\u0101k\u013cus, nodro\u0161inot efekt\u012bvu veiktsp\u0113ju un ilg\u0101ku kalpo\u0161anas laiku.<\/p>\n<p>Profesion\u0101lais 10 tonnu hidraulisk\u0101 cilindra virzu\u013ca piel\u0101gotais hidrauliskais cilindrs ir izgatavots no augst\u0101k\u0101s kvalit\u0101tes materi\u0101liem, kas garant\u0113 t\u0101 sp\u0113ju iztur\u0113t skarbu vidi un bie\u017eu lieto\u0161anu. Tas ir iztur\u012bgs pret koroziju, padarot to piem\u0113rotu gan iek\u0161telpu, gan \u0101ra lieto\u0161anai.<\/p>\n<p><img loading=\"lazy\" decoding=\"async\" class=\"alignnone size-full wp-image-1334\" src=\"https:\/\/fmp-components.com\/wp-content\/uploads\/2024\/12\/Adjustable-Clevis-Type-Cylinders-4.webp\" alt=\"Regul\u0113jami skavu tipa cilindri\" width=\"800\" height=\"800\" title=\"\" srcset=\"https:\/\/fmp-components.com\/wp-content\/uploads\/2024\/12\/Adjustable-Clevis-Type-Cylinders-4.webp 800w, https:\/\/fmp-components.com\/wp-content\/uploads\/2024\/12\/Adjustable-Clevis-Type-Cylinders-4-480x480.webp 480w\" sizes=\"(min-width: 0px) and (max-width: 480px) 480px, (min-width: 481px) 800px, 100vw\" \/><\/p>\n<p>Pateicoties lietot\u0101jam draudz\u012bgajam dizainam, \u0161o hidraulisko cilindru ir viegli uzst\u0101d\u012bt un uztur\u0113t. T\u0101 kompaktais izm\u0113rs nodro\u0161ina sader\u012bbu ar pla\u0161u iek\u0101rtu un ma\u0161\u012bnu kl\u0101stu, padarot to par daudzpus\u012bgu izv\u0113li da\u017e\u0101d\u0101m nozar\u0113m, piem\u0113ram, celtniec\u012bbai, ra\u017eo\u0161anai un lauksaimniec\u012bbai.<\/p>\n<p>Rezum\u0113jot, profesion\u0101lais 10 tonnu hidraulisk\u0101 cilindra virzu\u013ca piel\u0101gotais hidrauliskais cilindrs ir augst\u0101k\u0101s klases produkts, kas apvieno iztur\u012bbu, precizit\u0101ti un piel\u0101go\u0161anas iesp\u0113jas. Tas ir rad\u012bts, lai nodro\u0161in\u0101tu izcilu veiktsp\u0113ju un uzticam\u012bbu pras\u012bg\u0101s hidraulisk\u0101s darb\u012bb\u0101s.<\/p>\n<p>10 tonnu hidraulisk\u0101 cilindra virzulis ir ide\u0101ls risin\u0101jums da\u017e\u0101d\u0101m nozar\u0113m, piem\u0113ram, ma\u0161\u012bnb\u016bves remonta darbn\u012bc\u0101m, lauksaimniec\u012bbas zem\u0113m, ener\u0123\u0113tikas un kalnr\u016bpniec\u012bbas nozar\u0113m, ma\u0161\u012bnb\u016bves ra\u017eo\u0161anai un ma\u0161\u012bnb\u016bves r\u016bpn\u012bc\u0101m. FMP Hydraulic Machinery lepojas ar to, ka pied\u0101v\u0101 augst\u0101k\u0101s kvalit\u0101tes produktus, tostarp \u0161o pavisam jauno hidraulisk\u0101 cilindra virzuli, kuram ir viena gada garantija t\u0101 galvenaj\u0101m sast\u0101vda\u013c\u0101m \u2013 gultnim un hidrauliskajam cilindram.<\/p>\n<h2>Regul\u0113jamu skavu tipa cilindru priek\u0161roc\u012bbas<\/h2>\n<p>Regul\u0113jami skavu tipa cilindri ir \u013coti daudzpus\u012bgi un tiem ir daudz priek\u0161roc\u012bbu, kas padara tos par popul\u0101ru izv\u0113li daudzos r\u016bpnieciskos pielietojumos. \u0160eit ir da\u017eas regul\u0113jamu skavu tipa cilindru izmanto\u0161anas priek\u0161roc\u012bbas:<\/p>\n<h3>1. Piel\u0101gojam\u012bba<\/h3>\n<p>Viena no liel\u0101kaj\u0101m regul\u0113jamu skavas tipa cilindru priek\u0161roc\u012bb\u0101m ir to piel\u0101gojam\u012bba. \u0160os cilindrus var izgatavot atbilsto\u0161i klienta \u012bpa\u0161aj\u0101m vajadz\u012bb\u0101m. Neatkar\u012bgi no t\u0101, vai jums ir nepiecie\u0161ams profesion\u0101ls 10 tonnu hidraulisk\u0101 cilindra virzulis vai piel\u0101gots hidrauliskais cilindrs, regul\u0113jamus skavas tipa cilindrus var izgatavot atbilsto\u0161i j\u016bsu pras\u012bb\u0101m.<\/p>\n<h3>2. Liel\u0101ka elast\u012bba<\/h3>\n<p>Regul\u0113jami skavu tipa cilindri pied\u0101v\u0101 liel\u0101ku elast\u012bbu nek\u0101 to fiks\u0113tie analogi. Tas ir t\u0101p\u0113c, ka \u0161os cilindrus var regul\u0113t, lai tie atbilstu da\u017e\u0101d\u0101m mont\u0101\u017eas konfigur\u0101cij\u0101m un le\u0146\u0137iem. Tas padara tos ide\u0101li piem\u0113rotus lieto\u0161anai viet\u0101s, kur ir ierobe\u017eota telpa vai kur ir ierobe\u017eojumi cilindra novietojumam.<\/p>\n<h3>3. Paaugstin\u0101ta efektivit\u0101te<\/h3>\n<p>Regul\u0113jami skavu tipa cilindri ir konstru\u0113ti t\u0101, lai darbotos ar augst\u0101ku efektivit\u0101ti nek\u0101 citi cilindru veidi. Tas ir t\u0101p\u0113c, ka tie ir paredz\u0113ti berzes un nodiluma samazin\u0101\u0161anai, kas savuk\u0101rt nodro\u0161ina ilg\u0101ku kalpo\u0161anas laiku un liel\u0101ku uzticam\u012bbu. \u0160\u012b paaugstin\u0101t\u0101 efektivit\u0101te noz\u012bm\u0113 zem\u0101kas apkopes izmaksas un samazin\u0101tu d\u012bkst\u0101ves laiku.<\/p>\n<h3>4. Uzlabotas dro\u0161\u012bbas funkcijas<\/h3>\n<p>Regul\u0113jamiem skavu tipa cilindriem ir uzlabotas dro\u0161\u012bbas funkcijas, kas padara tos ide\u0101li piem\u0113rotus lieto\u0161anai b\u012bstam\u0101s vid\u0113s. \u0160ie cilindri ir izstr\u0101d\u0101ti, lai iztur\u0113tu ekstrem\u0101las temperat\u016bras, spiedienu un citus skarbus apst\u0101k\u013cus, kas padara tos maz\u0101k pak\u013cautus boj\u0101jumiem. Tie ir apr\u012bkoti ar\u012b ar ieb\u016bv\u0113t\u0101m dro\u0161\u012bbas funkcij\u0101m, piem\u0113ram, spiediena samazin\u0101\u0161anas v\u0101rstiem, kas nov\u0113r\u0161 p\u0101rslodzi un p\u0101rkar\u0161anu.<\/p>\n<h3>5. Izmaksu zi\u0146\u0101 efekt\u012bvs risin\u0101jums<\/h3>\n<p>Visbeidzot, regul\u0113jami skavu tipa cilindri ir izmaksu zi\u0146\u0101 efekt\u012bvs risin\u0101jums daudziem r\u016bpnieciskiem lietojumiem. Tie pied\u0101v\u0101 ilg\u0101ku kalpo\u0161anas laiku, liel\u0101ku uzticam\u012bbu un zem\u0101kas apkopes izmaksas nek\u0101 citi cilindru veidi. Tas padara tos par pievilc\u012bgu iesp\u0113ju uz\u0146\u0113mumiem, kas v\u0113las samazin\u0101t savas ekspluat\u0101cijas izmaksas un uzlabot savus finan\u0161u r\u0101d\u012bt\u0101jus.<\/p>\n<p>Nosl\u0113gum\u0101 j\u0101secina, ka regul\u0113jamiem skavu tipa cilindriem ir daudz priek\u0161roc\u012bbu, kas padara tos par iecien\u012btu izv\u0113li daudziem r\u016bpnieciskiem lietojumiem. S\u0101kot ar piel\u0101gojam\u012bbu un beidzot ar uzlabotaj\u0101m dro\u0161\u012bbas funkcij\u0101m, \u0161ie cilindri pied\u0101v\u0101 rentablu un efekt\u012bvu risin\u0101jumu uz\u0146\u0113mumiem, kas v\u0113las uzlabot savu darb\u012bbu. T\u0101p\u0113c, ja mekl\u0113jat hidraulisko cilindru, apsveriet iesp\u0113ju savam n\u0101kamajam projektam izv\u0113l\u0113ties regul\u0113jamu skavu tipa cilindru.<img decoding=\"async\" src=\"https:\/\/fmp-components.com\/wp-content\/uploads\/2024\/12\/Adjustable-Clevis-Type-Cylinders5.webp\" alt=\"Regul\u0113jams skavu tipa cilindrs\" width=\"800\" title=\"\"><\/p>\n<h2>Regul\u0113jamu skavu tipa cilindru pielietojums<\/h2>\n<p>Regul\u0113jami skavu tipa cilindri ir hidrauliskie cilindri, kuriem virzu\u013ca gal\u0101 ir skavu stiprin\u0101jums, ko var regul\u0113t da\u017e\u0101d\u0101s poz\u012bcij\u0101s. \u0160\u0101da veida cilindrus izmanto da\u017e\u0101dos pielietojumos, tostarp smagaj\u0101 ma\u0161\u012bn\u0101, celtniec\u012bbas apr\u012bkojum\u0101 un ra\u017eo\u0161anas procesos.<\/p>\n<p>\u0160eit ir da\u017ei regul\u0113jamu skavu tipa cilindru specifiski pielietojumi un to izmanto\u0161ana:<\/p>\n<h3>1. Smag\u0101s ma\u0161\u012bnas<\/h3>\n<p>Regul\u0113jami skavu tipa cilindri parasti tiek izmantoti smagaj\u0101s ma\u0161\u012bn\u0101s, piem\u0113ram, buldozeros, ekskavatoros un celt\u0146os. \u0160ie cilindri tiek izmantoti, lai nodro\u0161in\u0101tu nepiecie\u0161amo sp\u0113ku smagu kravu pacel\u0161anai, stum\u0161anai vai vilk\u0161anai. Piem\u0113ram, profesion\u0101lu 10 tonnu hidraulisk\u0101 cilindra virzu\u013ca piel\u0101gotu hidraulisko cilindru ar regul\u0113jamu skavu stiprin\u0101jumu var izmantot buldozer\u0101, lai p\u0101rvietotu lielas net\u012brumu vai gru\u017eu kaudzes.<\/p>\n<h3>2. Celtniec\u012bbas iek\u0101rtas<\/h3>\n<p>Regul\u0113jamus skavu tipa cilindrus izmanto ar\u012b celtniec\u012bbas apr\u012bkojum\u0101, piem\u0113ram, ekskavatoros, iekr\u0101v\u0113jos un mini iekr\u0101v\u0113jos. \u0160ie cilindri tiek izmantoti, lai darbin\u0101tu da\u017e\u0101das tehnikas kust\u012bbas, piem\u0113ram, rak\u0161anu, cel\u0161anu un stum\u0161anu. Profesion\u0101ls 10 tonnu hidraulisk\u0101 cilindra virzu\u013ca piel\u0101gots hidrauliskais cilindrs ar regul\u0113jamu skavu stiprin\u0101jumu var tikt izmantots iekr\u0101v\u0113j\u0101, lai paceltu smagas zemes vai citu materi\u0101lu kravas.<\/p>\n<h3>3. Ra\u017eo\u0161anas procesi<\/h3>\n<p>Regul\u0113jami skavu tipa cilindri tiek izmantoti ar\u012b da\u017e\u0101dos ra\u017eo\u0161anas procesos, piem\u0113ram, \u0161tanc\u0113\u0161an\u0101 un pres\u0113\u0161an\u0101. \u0160ie cilindri tiek izmantoti, lai pieliktu sp\u0113ku materi\u0101liem, lai tos veidotu v\u0113lamaj\u0101 form\u0101. Piem\u0113ram, profesion\u0101lu 10 tonnu hidraulisk\u0101 cilindra virzu\u013ca piel\u0101gotu hidraulisko cilindru ar regul\u0113jamu skavu stiprin\u0101jumu var izmantot pres\u0113, lai veidotu met\u0101la loksnes noteikt\u0101s deta\u013c\u0101s.<\/p>\n<p>Nosl\u0113gum\u0101 j\u0101saka, ka regul\u0113jamie skavu tipa cilindri ir daudzpus\u012bgi hidrauliskie cilindri, ko izmanto da\u017e\u0101dos pielietojumos. To regul\u0113jam\u012bba un iztur\u012bba padara tos par ide\u0101lu izv\u0113li smagaj\u0101m ma\u0161\u012bn\u0101m, celtniec\u012bbas iek\u0101rt\u0101m un ra\u017eo\u0161anas procesiem. Izv\u0113loties regul\u0113jamu skavu tipa cilindru, ir svar\u012bgi izv\u0113l\u0113ties t\u0101du, kas ir piel\u0101gots konkr\u0113tajai pielietojuma vajadz\u012bb\u0101m.<img decoding=\"async\" src=\"https:\/\/fmp-components.com\/wp-content\/uploads\/2024\/12\/Application-of-Adjustable-Clevis-Type-Cylinders.webp\" alt=\"Regul\u0113jams skavu tipa cilindrs\" width=\"800\" title=\"\"><\/p>\n<h3>Par FMP<\/h3>\n<p>FMP ir uz\u0146\u0113mums, kas specializ\u0113jas celtniec\u012bbas tehnikas deta\u013cu un pilnu iek\u0101rtu p\u0101rdo\u0161an\u0101 un apkalpo\u0161an\u0101. Ar daudzu gadu pieredzi nozar\u0113 un profesion\u0101lu komandu m\u0113s nodro\u0161in\u0101m klientus ar augstas kvalit\u0101tes un uzticam\u0101m celtniec\u012bbas tehnikas deta\u013c\u0101m un pilniem iek\u0101rtu risin\u0101jumiem. M\u016bsu produktu kl\u0101sts ir pla\u0161s un ietver da\u017e\u0101da veida celtniec\u012bbas tehniku, piem\u0113ram, lauksaimniec\u012bbas tehnikas p\u0101rnesumk\u0101rbas, hidrauliskos cilindrus, planet\u0101r\u0101s p\u0101rnesumk\u0101rbas, r\u016bpniecisk\u0101s p\u0101rnesumk\u0101rbas, lauksaimniec\u012bbas tehnikas deta\u013cas un virkni augst\u0101k\u0101 l\u012bme\u0146a piederumu, kas tiem atbilst.<\/p>\n<h3>Hidrauliskie cilindri<\/h3>\n<p>M\u016bsu hidrauliskie cilindri ir viens no m\u016bsu FMP vado\u0161ajiem produktiem. \u0160eit ir 5 iemesli, k\u0101p\u0113c m\u016bsu hidrauliskie cilindri izce\u013cas starp konkurentiem:<\/p>\n<ol>\n<li><strong>Augstas kvalit\u0101tes materi\u0101li:<\/strong> M\u016bsu hidrauliskie cilindri ir izgatavoti no augstas kvalit\u0101tes materi\u0101liem, lai nodro\u0161in\u0101tu iztur\u012bbu un ilgm\u016b\u017e\u012bbu. M\u0113s ieg\u016bstam materi\u0101lus tikai no uzticamiem pieg\u0101d\u0101t\u0101jiem, kas atbilst m\u016bsu stingrajiem kvalit\u0101tes standartiem.<\/li>\n<li><strong>Piel\u0101gojams:<\/strong> M\u0113s pied\u0101v\u0101jam piel\u0101gojamus hidrauliskos cilindrus, lai apmierin\u0101tu m\u016bsu klientu \u012bpa\u0161\u0101s vajadz\u012bbas. Piem\u0113ram, m\u016bsu regul\u0113jamo skavu tipa cilindru var piel\u0101got da\u017e\u0101diem pielietojumiem.<\/li>\n<li><strong>Ekspert\u012bze:<\/strong> FMP mums ir pieredz\u0113jusi un prasm\u012bga p\u0101rdo\u0161anas komanda, kas p\u0101rzina b\u016bvniec\u012bbas tehnikas nozares att\u012bst\u012bbas tendences un klientu vajadz\u012bbas. Vi\u0146i var sniegt profesion\u0101las produktu konsult\u0101cijas un p\u0101rdom\u0101tus pirk\u0161anas ieteikumus.<\/li>\n<li><strong>Efekt\u012bva lo\u0123istika:<\/strong> Mums ir efekt\u012bva lo\u0123istikas izplat\u012b\u0161anas sist\u0113ma, lai nodro\u0161in\u0101tu, ka klienti savlaic\u012bgi un prec\u012bzi sa\u0146em nepiecie\u0161am\u0101s deta\u013cas. M\u0113s saprotam, ka laiks ir nauda, \u200b\u200bun cen\u0161amies samazin\u0101t klientu d\u012bkst\u0101ves laiku.<\/li>\n<li><strong>Uzticam\u012bba:<\/strong> M\u016bsu hidrauliskie cilindri ir izstr\u0101d\u0101ti t\u0101, lai tie b\u016btu uzticami un kalpotu ilgi. M\u0113s lepojamies ar to, ka saviem klientiem pied\u0101v\u0101jam produktus, uz kuriem vi\u0146i var pa\u013cauties.<\/li>\n<\/ol>\n<p>Izv\u0113lieties FMP sav\u0101m celtniec\u012bbas tehnikas vajadz\u012bb\u0101m un izbaudiet kvalit\u0101tes un servisa at\u0161\u0137ir\u012bbu. Sazinieties ar mums jau \u0161odien, lai uzzin\u0101tu vair\u0101k par m\u016bsu produktiem un pakalpojumiem.<\/p>\n<p><img decoding=\"async\" src=\"https:\/\/fmp-components.com\/wp-content\/uploads\/2024\/12\/Adjustable-Clevis-Type-Cylinders-6.webp\" alt=\"Regul\u0113jams skavu tipa cilindrs\" width=\"800\" title=\"\"><\/p>\n<h2>Bie\u017ei uzdotie jaut\u0101jumi<\/h2>\n<p><strong>J: K\u0101ds ir hidraulisk\u0101 cilindra pieg\u0101des laiks?<\/strong><br \/>\nA: Pieg\u0101des laiks parasti ir no 25 l\u012bdz 35 dien\u0101m.<\/p>\n<p><strong>J: Vai varu piepras\u012bt hidraulisk\u0101 cilindra paraugu?<\/strong><br \/>\nA: J\u0101, m\u0113s pied\u0101v\u0101jam paraugus, bet tie nav bez maksas.<\/p>\n<p><strong>J: Vai hidrauliskos cilindrus var piel\u0101got, pamatojoties uz paraugiem vai tehniskajiem ras\u0113jumiem?<\/strong><br \/>\nA: J\u0101, m\u0113s varam izgatavot cilindrus p\u0113c j\u016bsu paraugiem vai tehniskajiem ras\u0113jumiem. P\u0113c j\u016bsu piepras\u012bjuma m\u0113s varam ar\u012b izgatavot veidnes un armat\u016bru.<\/p>\n<p>Autors: CX<\/p>","protected":false},"excerpt":{"rendered":"<p>Iepaz\u012bstin\u0101m ar profesion\u0101lo 10 tonnu hidraulisk\u0101 cilindra virzu\u013ca piel\u0101goto hidraulisko cilindru: profesion\u0101lais 10 tonnu hidraulisk\u0101 cilindra virzu\u013ca piel\u0101gotais hidrauliskais cilindrs ir augstas kvalit\u0101tes un iztur\u012bgs produkts, kas paredz\u0113ts da\u017e\u0101du hidraulisko pielietojumu \u012bpa\u0161aj\u0101m vajadz\u012bb\u0101m. Ar maksim\u0101lo kravnes\u012bbu 10 tonnas tas nodro\u0161ina izcilu iztur\u012bbu un uzticam\u012bbu smagiem darbiem. \u0160is [\u2026]<\/p>","protected":false},"featured_media":1336,"comment_status":"closed","ping_status":"closed","template":"","meta":{"_et_pb_use_builder":"","_et_pb_old_content":"","_et_gb_content_width":""},"product_brand":[],"product_cat":[39],"product_tag":[41,34],"class_list":{"0":"post-1335","1":"product","2":"type-product","3":"status-publish","4":"has-post-thumbnail","6":"product_cat-adjustable-clevis-type-cylinders","7":"product_tag-adjustable-clevis-type-cylinders","8":"product_tag-hydraulic-cylinder","10":"first","11":"instock","12":"product-type-simple"},"_links":{"self":[{"href":"https:\/\/fmp-components.com\/lv\/wp-json\/wp\/v2\/product\/1335","targetHints":{"allow":["GET"]}}],"collection":[{"href":"https:\/\/fmp-components.com\/lv\/wp-json\/wp\/v2\/product"}],"about":[{"href":"https:\/\/fmp-components.com\/lv\/wp-json\/wp\/v2\/types\/product"}],"replies":[{"embeddable":true,"href":"https:\/\/fmp-components.com\/lv\/wp-json\/wp\/v2\/comments?post=1335"}],"wp:featuredmedia":[{"embeddable":true,"href":"https:\/\/fmp-components.com\/lv\/wp-json\/wp\/v2\/media\/1336"}],"wp:attachment":[{"href":"https:\/\/fmp-components.com\/lv\/wp-json\/wp\/v2\/media?parent=1335"}],"wp:term":[{"taxonomy":"product_brand","embeddable":true,"href":"https:\/\/fmp-components.com\/lv\/wp-json\/wp\/v2\/product_brand?post=1335"},{"taxonomy":"product_cat","embeddable":true,"href":"https:\/\/fmp-components.com\/lv\/wp-json\/wp\/v2\/product_cat?post=1335"},{"taxonomy":"product_tag","embeddable":true,"href":"https:\/\/fmp-components.com\/lv\/wp-json\/wp\/v2\/product_tag?post=1335"}],"curies":[{"name":"wp","href":"https:\/\/api.w.org\/{rel}","templated":true}]}}