{"id":1063,"date":"2024-12-19T06:17:44","date_gmt":"2024-12-19T06:17:44","guid":{"rendered":"https:\/\/fmp-components.com\/product\/10055-factory-price-small-double-acting-hydraulic-cylinder-for-trailer\/"},"modified":"2025-03-17T08:59:04","modified_gmt":"2025-03-17T08:59:04","slug":"10055-factory-price-small-double-acting-hydraulic-cylinder-for-trailer","status":"publish","type":"product","link":"https:\/\/fmp-components.com\/lv\/product\/10055-factory-price-small-double-acting-hydraulic-cylinder-for-trailer\/","title":{"rendered":"10055 r\u016bpn\u012bcas cenas mazs divk\u0101r\u0161as darb\u012bbas hidrauliskais cilindrs piekabei"},"content":{"rendered":"<p>Produkts 10055 ir neliels divk\u0101r\u0161as darb\u012bbas hidrauliskais cilindrs, kas \u012bpa\u0161i paredz\u0113ts piekab\u0113m. Tas ir b\u016btisks elements da\u017e\u0101du veidu piekabju, tostarp pa\u0161izg\u0101z\u0113ju piekabju, tentu piekabju un platformu piekabju, vienm\u0113r\u012bgai un efekt\u012bvai darb\u012bbai.<\/p>\n<p>\u0160is hidrauliskais cilindrs ir izgatavots no augstas kvalit\u0101tes materi\u0101liem, lai iztur\u0113tu ilgu laiku un iztur\u0113tu sare\u017e\u0123\u012btus apst\u0101k\u013cus. Tam ir divk\u0101r\u0161as darb\u012bbas konstrukcija, kas noz\u012bm\u0113, ka tas var pielietot sp\u0113ku abos virzienos, padarot to ide\u0101li piem\u0113rotu lieljaudas lietojumiem.<\/p>\n<p>10055 hidrauliskais cilindrs lepojas ar maksim\u0101lo darba spiedienu 3000 PSI un 2,5 collu urbuma diametru. T\u0101 g\u0101jiena garums ir 12 collas un ievilkts garums 20 collas, t\u0101p\u0113c to ir viegli uzst\u0101d\u012bt un lietot. Turkl\u0101t tam ir standarta stiprin\u0101jums ar skavu, ko var viegli piestiprin\u0101t pie piekabes.<\/p>\n<p>Kopum\u0101 10055 hidrauliskais cilindrs ir uzticams un efekt\u012bvs risin\u0101jums vis\u0101m j\u016bsu piekabes hidrauliskaj\u0101m vajadz\u012bb\u0101m. T\u0101 kompaktais izm\u0113rs un augst\u0101s veiktsp\u0113jas iesp\u0113jas padara to par oblig\u0101tu pirkumu jebkuram piekabes \u012bpa\u0161niekam. Ievads maz\u0101 divk\u0101r\u0161as darb\u012bbas hidrauliskaj\u0101 cilindr\u0101<\/p>\n<p>FMP mazais divk\u0101r\u0161\u0101s darb\u012bbas hidrauliskais cilindrs ir augstas kvalit\u0101tes produkts, kas paredz\u0113ts da\u017e\u0101diem pielietojumiem, tostarp piekab\u0113m. FMP ir vado\u0161ais mobilo ma\u0161\u012bnu hidraulisko cilindru tirg\u016b.<\/p>\n<p><img decoding=\"async\" src=\"https:\/\/hzpt.com\/wp-content\/uploads\/2023\/12\/insert-1.webp\" alt=\"\" title=\"\"><\/p>\n<p>Funkcijas un funkcijas<\/p>\n<p>\u0160im hidrauliskajam cilindram ir da\u017e\u0101das \u012bpa\u0161\u012bbas, tostarp energoefektivit\u0101te, augsta veiktsp\u0113ja un dro\u0161\u012bba. \u0160\u012b produkta tehnisk\u0101s specifik\u0101cijas ietver da\u017e\u0101dus izm\u0113rus, jaudas un nestsp\u0113jas, padarot to par daudzpus\u012bgu risin\u0101jumu da\u017e\u0101d\u0101m vajadz\u012bb\u0101m.<\/p>\n<p>Unik\u0101las \u012bpa\u0161\u012bbas un priek\u0161roc\u012bbas<\/p>\n<p>\u2013 Energoefekt\u012bvs: M\u016bsu hidrauliskie cilindri ir izstr\u0101d\u0101ti, lai samazin\u0101tu ener\u0123ijas pat\u0113ri\u0146u.<br \/>\n\u2013 Augsta efektivit\u0101te: divk\u0101r\u0161\u0101s darb\u012bbas konstrukcija nodro\u0161ina efekt\u012bvu darb\u012bbu.<br \/>\n\u2013 Dro\u0161\u012bba: Produkts ir izgatavots atbilsto\u0161i augst\u0101kajiem dro\u0161\u012bbas standartiem.<\/p>\n<p>Hidraulisk\u0101 sist\u0113ma un darb\u012bbas princips<\/p>\n<p>Hidrauliskie cilindri darbojas, izmantojot spiediena \u0161\u0137idruma jaudu. Divk\u0101r\u0161\u0101s darb\u012bbas konstrukcija nodro\u0161ina kontrol\u0113tu kust\u012bbu divos virzienos, nodro\u0161inot liel\u0101ku pielietojuma daudzpus\u012bbu.<\/p>\n<p>Lietojumprogrammu scen\u0101riji<\/p>\n<p>FMP mazais divk\u0101r\u0161\u0101s darb\u012bbas hidrauliskais cilindrs ir lieliski piem\u0113rots lieto\u0161anai piekab\u0113s, nodro\u0161inot uzticamu un efekt\u012bvu darb\u012bbu.<\/p>\n<p>Apmekl\u0113jiet m\u016bsu VR r\u016bpn\u012bcu \u0161eit:<\/p>\n<p>V\u0113sture un klasifik\u0101cija<\/p>\n<p>Kop\u0161 m\u016bsu dibin\u0101\u0161anas 2006. gad\u0101 m\u0113s esam velt\u012bju\u0161i sevi augstas kvalit\u0101tes hidraulisko cilindru ra\u017eo\u0161anai. M\u016bsu produktu kl\u0101st\u0101 ietilpst hidrauliskie sl\u012bpuma cilindri, hidrauliskie st\u016bres cilindri un hidrauliskie pacel\u0161anas cilindri.<\/p>\n<p>Produktu izv\u0113le un apkope<\/p>\n<p>Pareizas hidraulisk\u0101s e\u013c\u013cas un e\u013c\u013cas bl\u012bv\u0113juma izv\u0113le ir \u013coti svar\u012bga j\u016bsu hidraulisk\u0101 cilindra ilgm\u016b\u017e\u012bbai un efektivit\u0101tei. M\u0113s sniedzam nor\u0101d\u012bjumus par produktu izv\u0113li, k\u0101 ar\u012b padomus par apkopes un nomai\u0146as proced\u016br\u0101m.<\/p>\n<p>Par FMP<\/p>\n<p>FMP ir vado\u0161ais pieg\u0101d\u0101t\u0101js hidraulisko cilindru tirg\u016b, lepojoties ar 200\u00a0000 komplektu projekt\u0113to jaudu. M\u0113s izmantojam 300 da\u017e\u0101du piln\u012bb\u0101 autom\u0101tisku CNC ra\u017eo\u0161anas iek\u0101rtu un piln\u012bb\u0101 autom\u0101tisku hidraulisko cilindru mont\u0101\u017eas iek\u0101rtu komplektus.<\/p>\n<p>Produktu reklam\u0113\u0161ana<\/p>\n<p>FMP pied\u0101v\u0101 augstas kvalit\u0101tes produktus par konkur\u0113tsp\u0113j\u012bg\u0101m cen\u0101m, k\u0101 ar\u012b lielisku servisu. M\u0113s pieg\u0101d\u0101jam ar\u012b citus produktus, piem\u0113ram, pac\u0113l\u0101ju darba platformu cilindrus, r\u016bpniecisko transportl\u012bdzek\u013cu hidrauliskos cilindrus, rot\u0101cijas urb\u0161anas platformu cilindrus, kravas automa\u0161\u012bnu celt\u0146u cilindrus, celtniec\u012bbas tehnikas hidrauliskos cilindrus, iekr\u0101v\u0113ju hidrauliskos cilindrus, raktuvju pa\u0161izg\u0101z\u0113ju cilindrus un sanit\u0101ro iek\u0101rtu hidrauliskos cilindrus. Ir laipni gaid\u012bti ar\u012b individu\u0101li pas\u016bt\u012bjumi.<\/p>\n<p>Bie\u017ei uzdotie jaut\u0101jumi<\/p>\n<p>1. jaut\u0101jums: K\u0101di ir maz\u0101 divk\u0101r\u0161\u0101s darb\u012bbas hidraulisk\u0101 cilindra izm\u0113ri?<\/p>\n<p>A1: Izm\u0113ri at\u0161\u0137iras atkar\u012bb\u0101 no konkr\u0113t\u0101 mode\u013ca. L\u016bdzu, sazinieties ar mums, lai ieg\u016btu s\u012bk\u0101ku inform\u0101ciju.<\/p>\n<p>2.\u00a0jaut\u0101jums: K\u0101da ir nestsp\u0113ja?<\/p>\n<p>A2: Nestsp\u0113ja ir atkar\u012bga no mode\u013ca un pielietojuma. L\u016bdzu, sazinieties ar mums, lai ieg\u016btu s\u012bk\u0101ku inform\u0101ciju.<\/p>\n<p>3.\u00a0jaut\u0101jums: Cik energoefekt\u012bvs ir hidrauliskais cilindrs?<\/p>\n<p>A3: M\u016bsu hidrauliskie cilindri ir izstr\u0101d\u0101ti maksim\u0101lai energoefektivit\u0101tei. Lai ieg\u016btu s\u012bk\u0101ku inform\u0101ciju, l\u016bdzu, sazinieties ar mums.<\/p>\n<p>4. jaut\u0101jums: K\u0101ds ir hidraulisk\u0101 cilindra kalpo\u0161anas laiks?<\/p>\n<p>A4: Hidraulisk\u0101 cilindra kalpo\u0161anas laiks ir atkar\u012bgs no t\u0101 lieto\u0161anas un apkopes. Pareizi kopjot, m\u016bsu produkti var kalpot daudzus gadus.<\/p>\n<p>5. jaut\u0101jums: K\u0101 uztur\u0113t hidraulisko cilindru?<\/p>\n<p>A5: Regul\u0101ra apkope ietver hidraulisk\u0101s e\u013c\u013cas un bl\u012bv\u0113jumu p\u0101rbaudi un atbilsto\u0161u nomai\u0146as proced\u016bru iev\u0113ro\u0161anu, ja nepiecie\u0161ams.<\/p>\n<h2>Metin\u0101t\u0101 Clevis tipa cilindra priek\u0161roc\u012bbas<\/h2>\n<p>Metin\u0101ti skavu tipa cilindri ir popul\u0101ra izv\u0113le daudziem r\u016bpnieciskiem lietojumiem, pateicoties to unik\u0101laj\u0101m priek\u0161roc\u012bb\u0101m un ieguvumiem. \u0160eit ir da\u017eas no galvenaj\u0101m metin\u0101to skavu tipa cilindru priek\u0161roc\u012bb\u0101m:<\/p>\n<h3>1. Palielin\u0101ta iztur\u012bba un iztur\u012bba<\/h3>\n<p>Metin\u0101tie skavu tipa cilindri ir izgatavoti ar metin\u0101tu gala v\u0101ci\u0146u, kas nodro\u0161ina liel\u0101ku iztur\u012bbu un ilgm\u016b\u017e\u012bbu sal\u012bdzin\u0101jum\u0101 ar cita veida cilindriem. Tas padara tos ide\u0101li piem\u0113rotus lieljaudas lietojumiem, kuriem nepiecie\u0161ams augsts iztur\u012bbas un ilgm\u016b\u017e\u012bbas l\u012bmenis.<\/p>\n<p>Turkl\u0101t \u0161o cilindru metin\u0101t\u0101 konstrukcija noz\u012bm\u0113, ka tiem ir maz\u0101ka iesp\u0113ja nopl\u016bst vai saboj\u0101ties, kas var pal\u012bdz\u0113t samazin\u0101t d\u012bkst\u0101ves laiku un apkopes izmaksas.<\/p>\n<h3>2. Sp\u0113ja iztur\u0113t augstu spiedienu<\/h3>\n<p>Metin\u0101tie cilindri ar skavu tipa konstrukcij\u0101m sp\u0113j iztur\u0113t ar\u012b augstspiediena pielietojumus, padarot tos par iecien\u012btu izv\u0113li t\u0101d\u0101s nozar\u0113s k\u0101 b\u016bvniec\u012bba, ieguves r\u016bpniec\u012bba, k\u0101 ar\u012b naftas un g\u0101zes ieguve. To sp\u0113ja iztur\u0113t augstu spiedienu nodro\u0161ina uzticamu veiktsp\u0113ju sare\u017e\u0123\u012btos apst\u0101k\u013cos.<\/p>\n<h3>3. Piel\u0101gojams dizains<\/h3>\n<p>Metin\u0101tus skavu tipa cilindrus var piel\u0101got konkr\u0113tai lietojumprogrammai. Tas noz\u012bm\u0113, ka tos var piel\u0101got konkr\u0113tam izm\u0113ram, formai vai veiktsp\u0113jas pras\u012bbai. Piel\u0101gojams dizains nodro\u0161ina ar\u012b liel\u0101ku elast\u012bbu ra\u017eo\u0161anas proces\u0101, kas var ietaup\u012bt izmaksas.<\/p>\n<h3>4. Vienk\u0101r\u0161a uzst\u0101d\u012b\u0161ana<\/h3>\n<p>Metin\u0101tie skavu tipa cilindri ir paredz\u0113ti vienk\u0101r\u0161ai uzst\u0101d\u012b\u0161anai, kas pal\u012bdz samazin\u0101t uzst\u0101d\u012b\u0161anas laiku un darbasp\u0113ka izmaksas. Tie parasti ir iepriek\u0161 samont\u0113ti un gatavi lieto\u0161anai uzreiz p\u0113c iz\u0146em\u0161anas no kastes, kas samazina nepiecie\u0161am\u012bbu p\u0113c papildu deta\u013c\u0101m vai komponentiem.<\/p>\n<h3>5. Uzlabota veiktsp\u0113ja<\/h3>\n<p>Metin\u0101to skavu tipa cilindru konstrukcija nodro\u0161ina uzlabotu veiktsp\u0113ju sal\u012bdzin\u0101jum\u0101 ar cita veida cilindriem. Tie sp\u0113j rad\u012bt liel\u0101ku sp\u0113ku uz spiediena vien\u012bbu, kas var pal\u012bdz\u0113t uzlabot efektivit\u0101ti un produktivit\u0101ti r\u016bpnieciskos lietojumos.<\/p>\n<p>Kopum\u0101 metin\u0101tie cilindri ar skavu pied\u0101v\u0101 virkni priek\u0161roc\u012bbu un ieguvumu, kas padara tos par iecien\u012btu izv\u0113li daudziem r\u016bpnieciskiem lietojumiem. To paaugstin\u0101t\u0101 iztur\u012bba un ilgm\u016b\u017e\u012bba, sp\u0113ja iztur\u0113t augstu spiedienu, piel\u0101gojamais dizains, vienk\u0101r\u0161\u0101 uzst\u0101d\u012b\u0161ana un uzlabot\u0101 veiktsp\u0113ja padara tos par ide\u0101lu izv\u0113li pras\u012bg\u0101m vid\u0113m, kur uzticam\u012bba un veiktsp\u0113ja ir \u013coti svar\u012bgas.<\/p>\n<p><img loading=\"lazy\" decoding=\"async\" class=\"alignnone size-full wp-image-1074\" src=\"https:\/\/fmp-components.com\/wp-content\/uploads\/2024\/12\/Welded-Clevis-Type-Cylinder1.webp\" alt=\"Metin\u0101ts Clevis tipa cilindrs\" width=\"800\" height=\"800\" title=\"\" srcset=\"https:\/\/fmp-components.com\/wp-content\/uploads\/2024\/12\/Welded-Clevis-Type-Cylinder1.webp 800w, https:\/\/fmp-components.com\/wp-content\/uploads\/2024\/12\/Welded-Clevis-Type-Cylinder1-480x480.webp 480w\" sizes=\"(min-width: 0px) and (max-width: 480px) 480px, (min-width: 481px) 800px, 100vw\" \/><\/p>\n<h2>Metin\u0101t\u0101 Clevis tipa cilindra pielietojums<\/h2>\n<ul>\n<li><strong>R\u016bpniecisk\u0101s iek\u0101rtas:<\/strong> Metin\u0101tie skavu tipa cilindri tiek pla\u0161i izmantoti da\u017e\u0101d\u0101s r\u016bpniecisk\u0101s iek\u0101rt\u0101s lieljaudas lietojumiem. \u0160ie cilindri sp\u0113j rad\u012bt lielu sp\u0113ku deta\u013cu pacel\u0161anai un pres\u0113\u0161anai iek\u0101rt\u0101s. Metin\u0101t\u0101 skavu konstrukcija nodro\u0161ina vienk\u0101r\u0161u uzst\u0101d\u012b\u0161anu un efekt\u012bvu darb\u012bbu, padarot to par iecien\u012btu izv\u0113li ra\u017eot\u0101ju vid\u016b.\n<ul>\n<li>Ra\u017eo\u0161anas nozar\u0113 metin\u0101tos Clevis tipa cilindrus izmanto hidrauliskaj\u0101s pres\u0113s, iesmidzin\u0101\u0161anas form\u0113\u0161anas ma\u0161\u012bn\u0101s un met\u0101la \u0161tanc\u0113\u0161anas iek\u0101rt\u0101s, lai nodro\u0161in\u0101tu nepiecie\u0161amo sp\u0113ku met\u0101la loks\u0146u form\u0113\u0161anai un veido\u0161anai.<\/li>\n<li>Automobi\u013cu r\u016bpniec\u012bb\u0101 \u0161ie cilindri tiek izmantoti automa\u0161\u012bnu domkratos, pac\u0113l\u0101jos un mont\u0101\u017eas ma\u0161\u012bn\u0101s, lai ra\u017eo\u0161anas proces\u0101 paceltu smagas deta\u013cas.<\/li>\n<li>B\u016bvniec\u012bbas nozar\u0113 metin\u0101tos Clevis tipa cilindrus izmanto celt\u0146os, ekskavatoros un buldozeros, lai darbin\u0101tu hidraulisk\u0101s sist\u0113mas, kas pace\u013c un p\u0101rvieto smagas kravas.<\/li>\n<\/ul>\n<\/li>\n<li><strong>Lauksaimniec\u012bbas tehnika:<\/strong> Lauksaimniec\u012bbas tehnika ir viena no svar\u012bg\u0101kaj\u0101m jom\u0101m, kur tiek izmantoti metin\u0101tie skavu tipa cilindri. \u0160ie cilindri tiek izmantoti da\u017e\u0101d\u0101s lauksaimniec\u012bbas tehnik\u0101, tostarp traktoros, kombainos un arklos, lai nodro\u0161in\u0101tu nepiecie\u0161amo sp\u0113ku augsnes sagatavo\u0161anai, st\u0101d\u012b\u0161anai un ra\u017eas nov\u0101k\u0161anai.\n<ul>\n<li>Lauksaimniec\u012bbas nozar\u0113 metin\u0101tos skavas tipa cilindrus izmanto arklos, kultivatoros un s\u0113jma\u0161\u012bn\u0101s, lai nodro\u0161in\u0101tu nepiecie\u0161amo sp\u0113ku augsnes sagatavo\u0161anai un s\u0113klu s\u0113\u0161anai.<\/li>\n<li>Ra\u017eas nov\u0101k\u0161anas nozar\u0113 \u0161ie cilindri tiek izmantoti kombainos, pres\u0113s un p\u013caujma\u0161\u012bn\u0101s, lai darbin\u0101tu hidraulisk\u0101s sist\u0113mas, kas sav\u0101c un transport\u0113 kult\u016braugus.<\/li>\n<\/ul>\n<\/li>\n<li><strong>Avi\u0101cija un aizsardz\u012bba:<\/strong> Metin\u0101tie Clevis tipa cilindri tiek izmantoti ar\u012b avi\u0101cijas un kosmosa un aizsardz\u012bbas nozar\u0113, kur tos pla\u0161i izmanto lidma\u0161\u012bn\u0101s, ra\u0137et\u0113s, ra\u0137et\u0113s un aizsardz\u012bbas sist\u0113m\u0101s.\n<ul>\n<li>Kosmosa avi\u0101cijas un kosmosa r\u016bpniec\u012bb\u0101 metin\u0101tos skavas tipa cilindrus izmanto lidma\u0161\u012bnu nolai\u0161an\u0101s meh\u0101nismos, atlokos un bremz\u0113s, lai nodro\u0161in\u0101tu nepiecie\u0161amo sp\u0113ku pacel\u0161an\u0101s un nolai\u0161an\u0101s laik\u0101.<\/li>\n<li>Aizsardz\u012bbas nozar\u0113 \u0161ie cilindri tiek izmantoti ra\u0137e\u0161u palai\u0161anas iek\u0101rt\u0101s, iero\u010du tor\u0146os un tanku sist\u0113m\u0101s, lai darbin\u0101tu hidraulisk\u0101s sist\u0113mas, kas kontrol\u0113 iero\u010du un mun\u012bcijas kust\u012bbu.<\/li>\n<\/ul>\n<\/li>\n<li><strong>J\u016bras r\u016bpniec\u012bba:<\/strong> Metin\u0101tie Clevis tipa cilindri tiek pla\u0161i izmantoti ar\u012b j\u016bras r\u016bpniec\u012bb\u0101, kur tos izmanto da\u017e\u0101dos ku\u0123os, laiv\u0101s un zem\u016bdens transportl\u012bdzek\u013cos.\n<ul>\n<li>Ku\u0123niec\u012bbas nozar\u0113 metin\u0101tos skavas tipa cilindrus izmanto celt\u0146os, vin\u010d\u0101s un kravu apstr\u0101des iek\u0101rt\u0101s, lai nodro\u0161in\u0101tu nepiecie\u0161amo sp\u0113ku kravas iekrau\u0161anai un izkrau\u0161anai.<\/li>\n<li>Laivu nozar\u0113 \u0161ie cilindri tiek izmantoti st\u016bres sist\u0113m\u0101s, propelleros un enkuru sist\u0113m\u0101s, lai nodro\u0161in\u0101tu nepiecie\u0161amo sp\u0113ku laivu un ku\u0123u kust\u012bbas kontrolei.<\/li>\n<li>Zem\u016bdens transportl\u012bdzek\u013cu nozar\u0113 metin\u0101tos skavu tipa cilindrus izmanto zem\u016bden\u0113s, att\u0101lin\u0101ti vad\u0101mos transportl\u012bdzek\u013cos (ROV) un nir\u0161anas apr\u012bkojum\u0101, lai nodro\u0161in\u0101tu nepiecie\u0161amo sp\u0113ku zem\u016bdens darb\u012bb\u0101m.<\/li>\n<\/ul>\n<\/li>\n<li><strong>Kalnr\u016bpniec\u012bbas nozare:<\/strong> Metin\u0101tie Clevis tipa cilindri tiek izmantoti ar\u012b kalnr\u016bpniec\u012bbas nozar\u0113, kur tos izmanto da\u017e\u0101dos pielietojumos miner\u0101lu ieguvei un materi\u0101lu apstr\u0101dei.\n<ul>\n<li>Kalnr\u016bpniec\u012bbas nozar\u0113 metin\u0101tie Clevis tipa cilindri tiek izmantoti konveijeru sist\u0113m\u0101s, urb\u0161anas iek\u0101rt\u0101s un hidrauliskaj\u0101s l\u0101pst\u0101s, lai nodro\u0161in\u0101tu nepiecie\u0161amo sp\u0113ku miner\u0101lu un materi\u0101lu ieguvei no raktuv\u0113m un karjeriem.<\/li>\n<\/ul>\n<\/li>\n<\/ul>\n<p><img decoding=\"async\" src=\"https:\/\/hzpt.com\/wp-content\/uploads\/2023\/12\/insert-2.webp\" alt=\"\" title=\"\"><\/p>\n<p>Autors: CX<\/p>","protected":false},"excerpt":{"rendered":"<p>Product 10055 is a small double-acting hydraulic cylinder designed specifically for trailers. It is an essential component for the smooth and efficient operation of various types of trailers, including dump trailers, tilt trailers, and flatbed trailers. Crafted using high-quality materials, this hydraulic cylinder is built to last and withstand tough conditions. It features a double-acting [&hellip;]<\/p>","protected":false},"featured_media":1127,"comment_status":"closed","ping_status":"closed","template":"","meta":{"_et_pb_use_builder":"","_et_pb_old_content":"","_et_gb_content_width":""},"product_brand":[],"product_cat":[36],"product_tag":[34,38],"class_list":{"0":"post-1063","1":"product","2":"type-product","3":"status-publish","4":"has-post-thumbnail","6":"product_cat-welded-clevis-type-cylinder","7":"product_tag-hydraulic-cylinder","8":"product_tag-welded-clevis-type-cylinder","10":"first","11":"instock","12":"product-type-simple"},"_links":{"self":[{"href":"https:\/\/fmp-components.com\/lv\/wp-json\/wp\/v2\/product\/1063","targetHints":{"allow":["GET"]}}],"collection":[{"href":"https:\/\/fmp-components.com\/lv\/wp-json\/wp\/v2\/product"}],"about":[{"href":"https:\/\/fmp-components.com\/lv\/wp-json\/wp\/v2\/types\/product"}],"replies":[{"embeddable":true,"href":"https:\/\/fmp-components.com\/lv\/wp-json\/wp\/v2\/comments?post=1063"}],"wp:featuredmedia":[{"embeddable":true,"href":"https:\/\/fmp-components.com\/lv\/wp-json\/wp\/v2\/media\/1127"}],"wp:attachment":[{"href":"https:\/\/fmp-components.com\/lv\/wp-json\/wp\/v2\/media?parent=1063"}],"wp:term":[{"taxonomy":"product_brand","embeddable":true,"href":"https:\/\/fmp-components.com\/lv\/wp-json\/wp\/v2\/product_brand?post=1063"},{"taxonomy":"product_cat","embeddable":true,"href":"https:\/\/fmp-components.com\/lv\/wp-json\/wp\/v2\/product_cat?post=1063"},{"taxonomy":"product_tag","embeddable":true,"href":"https:\/\/fmp-components.com\/lv\/wp-json\/wp\/v2\/product_tag?post=1063"}],"curies":[{"name":"wp","href":"https:\/\/api.w.org\/{rel}","templated":true}]}}