{"id":1060,"date":"2024-12-19T06:17:44","date_gmt":"2024-12-19T06:17:44","guid":{"rendered":"https:\/\/fmp-components.com\/product\/10052-professional-double-acting-hydraulic-cylinder-for-trailer\/"},"modified":"2024-12-23T09:00:54","modified_gmt":"2024-12-23T09:00:54","slug":"10052-professional-double-acting-hydraulic-cylinder-for-trailer","status":"publish","type":"product","link":"https:\/\/fmp-components.com\/lv\/product\/10052-professional-double-acting-hydraulic-cylinder-for-trailer\/","title":{"rendered":"10052 Profesion\u0101ls divk\u0101r\u0161as darb\u012bbas hidrauliskais cilindrs piekabei"},"content":{"rendered":"<p>Produkts 10052 Profesion\u0101lais divk\u0101r\u0161\u0101s darb\u012bbas hidrauliskais cilindrs piekabei ir augstas kvalit\u0101tes hidrauliskais cilindrs, kas paredz\u0113ts lieto\u0161anai piekab\u0113s. T\u0101 divk\u0101r\u0161\u0101s darb\u012bbas funkcija padara to \u013coti efekt\u012bvu un uzticamu, nodro\u0161inot izcilu veiktsp\u0113ju sal\u012bdzin\u0101jum\u0101 ar citiem tirg\u016b pieejamajiem hidrauliskajiem cilindriem.<\/p>\n<p>Izgatavots no augstas kvalit\u0101tes materi\u0101liem, \u0161is hidrauliskais cilindrs lepojas ar iztur\u012bbu un ilgm\u016b\u017e\u012bbu, nodro\u0161inot, ka tas var iztur\u0113t skarbus laikapst\u0101k\u013cus un intens\u012bvu lieto\u0161anu. T\u0101 uzlabot\u0101s funkcijas padara to ar\u012b \u0113rti lietojamu, nodro\u0161inot lietot\u0101jam netrauc\u0113tu darb\u012bbu.<\/p>\n<p>Neatkar\u012bgi no t\u0101, vai esat profesion\u0101lis sav\u0101 jom\u0101 vai tikai \u201cdari pats\u201d entuziasts, produkta 10052 profesion\u0101lais divk\u0101r\u0161\u0101s darb\u012bbas hidrauliskais cilindrs piekabei ir lieliska izv\u0113le j\u016bsu hidraulisk\u0101 cilindra vajadz\u012bb\u0101m. Pateicoties t\u0101 izcilajai kvalit\u0101tei un uzticam\u012bbai, varat b\u016bt dro\u0161i, ka ar \u0161o produktu sa\u0146emat savas naudas v\u0113rt\u012bbu.<\/p>\n<p><img loading=\"lazy\" decoding=\"async\" class=\"size-full wp-image-1074 aligncenter\" src=\"https:\/\/fmp-components.com\/wp-content\/uploads\/2024\/12\/Welded-Clevis-Type-Cylinder1.webp\" alt=\"Metin\u0101ts Clevis tipa cilindrs\" width=\"800\" height=\"800\" title=\"\" srcset=\"https:\/\/fmp-components.com\/wp-content\/uploads\/2024\/12\/Welded-Clevis-Type-Cylinder1.webp 800w, https:\/\/fmp-components.com\/wp-content\/uploads\/2024\/12\/Welded-Clevis-Type-Cylinder1-480x480.webp 480w\" sizes=\"(min-width: 0px) and (max-width: 480px) 480px, (min-width: 481px) 800px, 100vw\" \/><\/p>\n<p>\u0160is hidrauliskais cilindrs izce\u013cas ar savu ener\u0123ijas taup\u012b\u0161anas meh\u0101nismu, augsto efektivit\u0101ti, dro\u0161\u012bbu un uzticam\u012bbu. M\u0113s garant\u0113jam optim\u0101lu veiktsp\u0113ju pat vissare\u017e\u0123\u012bt\u0101kajos ekspluat\u0101cijas apst\u0101k\u013cos. Hidraulisk\u0101s sist\u0113mas darb\u012bbas principa izpratne ir \u013coti svar\u012bga, lai maksim\u0101li palielin\u0101tu m\u016bsu produkta priek\u0161roc\u012bbas, jo tas ietver hidraulisk\u0101 spiediena un pl\u016bsmas p\u0101rveido\u0161anu griezes moment\u0101 un rot\u0101cij\u0101.<\/p>\n<p>M\u016bsu hidrauliskais cilindrs tiek izmantots da\u017e\u0101d\u0101s jom\u0101s, tostarp piekab\u0113s, cel\u0161anas iek\u0101rt\u0101s un celtniec\u012bbas ma\u0161\u012bn\u0101s. Pareiza uzst\u0101d\u012b\u0161ana, regul\u0101ra apkope un savlaic\u012bgs remonts ir \u013coti svar\u012bgi optim\u0101lai darb\u012bbai. Pareizas hidraulisk\u0101s e\u013c\u013cas un bl\u012bv\u0113jumu izv\u0113le, zin\u0101\u0161anas par to nomai\u0146u, k\u0101 ar\u012b izpratne par hidraulisk\u0101 cilindra m\u0113r\u012bjumiem un t\u0101 darb\u012bbas principu ir galvenie faktori, lai maksim\u0101li palielin\u0101tu produkta sniegt\u0101s priek\u0161roc\u012bbas.<\/p>\n<p>FMP ir tirgus l\u012bderis hidraulisko cilindru segment\u0101 It\u0101lij\u0101 ar projekt\u0113to jaudu 200\u00a0000 komplektu. M\u016bsu produktu kl\u0101st\u0101 ietilpst hidrauliskie sl\u012bpuma cilindri, hidrauliskie st\u016bres cilindri un hidrauliskie pacel\u0161anas cilindri. M\u0113s pied\u0101v\u0101jam lab\u0101kos produktus par konkur\u0113tsp\u0113j\u012bg\u0101m cen\u0101m, un m\u016bsu izcilie pakalpojumi ir pal\u012bdz\u0113ju\u0161i mums izveidot loj\u0101lu klientu b\u0101zi. M\u0113s ar\u012b piel\u0101gojam produktus atbilsto\u0161i \u012bpa\u0161\u0101m pras\u012bb\u0101m.<\/p>\n<p>Apskatiet m\u016bsu citus produktus, tostarp pac\u0113l\u0101ju darba platformu cilindrus, r\u016bpniecisko transportl\u012bdzek\u013cu hidrauliskos cilindrus, rot\u0101cijas urb\u0161anas platformu cilindrus, kravas automa\u0161\u012bnu celt\u0146u cilindrus, celtniec\u012bbas tehnikas hidrauliskos cilindrus, iekr\u0101v\u0113ju hidrauliskos cilindrus, raktuvju pa\u0161izg\u0101z\u0113ju cilindrus un sanit\u0101rijas tehnikas hidrauliskos cilindrus.<\/p>\n<p><img decoding=\"async\" src=\"https:\/\/hzpt.com\/wp-content\/uploads\/2023\/12\/insert-1.webp\" alt=\"\" title=\"\"><\/p>\n<h2>Metin\u0101t\u0101 Clevis tipa cilindra priek\u0161roc\u012bbas<\/h2>\n<p>Metin\u0101ti skavu tipa cilindri ir popul\u0101ra izv\u0113le daudziem r\u016bpnieciskiem lietojumiem, pateicoties to unik\u0101laj\u0101m priek\u0161roc\u012bb\u0101m un ieguvumiem. \u0160eit ir da\u017eas no galvenaj\u0101m metin\u0101to skavu tipa cilindru priek\u0161roc\u012bb\u0101m:<\/p>\n<h3>1. Palielin\u0101ta iztur\u012bba un iztur\u012bba<\/h3>\n<p>Metin\u0101tie skavu tipa cilindri ir izgatavoti ar metin\u0101tu gala v\u0101ci\u0146u, kas nodro\u0161ina liel\u0101ku iztur\u012bbu un ilgm\u016b\u017e\u012bbu sal\u012bdzin\u0101jum\u0101 ar cita veida cilindriem. Tas padara tos ide\u0101li piem\u0113rotus lieljaudas lietojumiem, kuriem nepiecie\u0161ams augsts iztur\u012bbas un ilgm\u016b\u017e\u012bbas l\u012bmenis.<\/p>\n<p>Turkl\u0101t \u0161o cilindru metin\u0101t\u0101 konstrukcija noz\u012bm\u0113, ka tiem ir maz\u0101ka iesp\u0113ja nopl\u016bst vai saboj\u0101ties, kas var pal\u012bdz\u0113t samazin\u0101t d\u012bkst\u0101ves laiku un apkopes izmaksas.<\/p>\n<h3>2. Sp\u0113ja iztur\u0113t augstu spiedienu<\/h3>\n<p>Metin\u0101tie cilindri ar skavu tipa konstrukcij\u0101m sp\u0113j iztur\u0113t ar\u012b augstspiediena pielietojumus, padarot tos par iecien\u012btu izv\u0113li t\u0101d\u0101s nozar\u0113s k\u0101 b\u016bvniec\u012bba, ieguves r\u016bpniec\u012bba, k\u0101 ar\u012b naftas un g\u0101zes ieguve. To sp\u0113ja iztur\u0113t augstu spiedienu nodro\u0161ina uzticamu veiktsp\u0113ju sare\u017e\u0123\u012btos apst\u0101k\u013cos.<\/p>\n<h3>3. Piel\u0101gojams dizains<\/h3>\n<p>Metin\u0101tus skavu tipa cilindrus var piel\u0101got konkr\u0113tai lietojumprogrammai. Tas noz\u012bm\u0113, ka tos var piel\u0101got konkr\u0113tam izm\u0113ram, formai vai veiktsp\u0113jas pras\u012bbai. Piel\u0101gojams dizains nodro\u0161ina ar\u012b liel\u0101ku elast\u012bbu ra\u017eo\u0161anas proces\u0101, kas var ietaup\u012bt izmaksas.<\/p>\n<h3>4. Vienk\u0101r\u0161a uzst\u0101d\u012b\u0161ana<\/h3>\n<p>Metin\u0101tie skavu tipa cilindri ir paredz\u0113ti vienk\u0101r\u0161ai uzst\u0101d\u012b\u0161anai, kas pal\u012bdz samazin\u0101t uzst\u0101d\u012b\u0161anas laiku un darbasp\u0113ka izmaksas. Tie parasti ir iepriek\u0161 samont\u0113ti un gatavi lieto\u0161anai uzreiz p\u0113c iz\u0146em\u0161anas no kastes, kas samazina nepiecie\u0161am\u012bbu p\u0113c papildu deta\u013c\u0101m vai komponentiem.<\/p>\n<h3>5. Uzlabota veiktsp\u0113ja<\/h3>\n<p>Metin\u0101to skavu tipa cilindru konstrukcija nodro\u0161ina uzlabotu veiktsp\u0113ju sal\u012bdzin\u0101jum\u0101 ar cita veida cilindriem. Tie sp\u0113j rad\u012bt liel\u0101ku sp\u0113ku uz spiediena vien\u012bbu, kas var pal\u012bdz\u0113t uzlabot efektivit\u0101ti un produktivit\u0101ti r\u016bpnieciskos lietojumos.<\/p>\n<p>Kopum\u0101 metin\u0101tie cilindri ar skavu pied\u0101v\u0101 virkni priek\u0161roc\u012bbu un ieguvumu, kas padara tos par iecien\u012btu izv\u0113li daudziem r\u016bpnieciskiem lietojumiem. To paaugstin\u0101t\u0101 iztur\u012bba un ilgm\u016b\u017e\u012bba, sp\u0113ja iztur\u0113t augstu spiedienu, piel\u0101gojamais dizains, vienk\u0101r\u0161\u0101 uzst\u0101d\u012b\u0161ana un uzlabot\u0101 veiktsp\u0113ja padara tos par ide\u0101lu izv\u0113li pras\u012bg\u0101m vid\u0113m, kur uzticam\u012bba un veiktsp\u0113ja ir \u013coti svar\u012bgas.<\/p>\n<p><img loading=\"lazy\" decoding=\"async\" class=\"alignnone size-full wp-image-1073\" src=\"https:\/\/fmp-components.com\/wp-content\/uploads\/2024\/12\/Welded-Clevis-Type-Cylinder2.webp\" alt=\"Metin\u0101ts Clevis tipa cilindrs\" width=\"800\" height=\"800\" title=\"\" srcset=\"https:\/\/fmp-components.com\/wp-content\/uploads\/2024\/12\/Welded-Clevis-Type-Cylinder2.webp 800w, https:\/\/fmp-components.com\/wp-content\/uploads\/2024\/12\/Welded-Clevis-Type-Cylinder2-480x480.webp 480w\" sizes=\"(min-width: 0px) and (max-width: 480px) 480px, (min-width: 481px) 800px, 100vw\" \/><\/p>\n<h2>Metin\u0101t\u0101 Clevis tipa cilindra pielietojums<\/h2>\n<ul>\n<li><strong>R\u016bpniecisk\u0101s iek\u0101rtas:<\/strong> Metin\u0101tie skavu tipa cilindri tiek pla\u0161i izmantoti da\u017e\u0101d\u0101s r\u016bpniecisk\u0101s iek\u0101rt\u0101s lieljaudas lietojumiem. \u0160ie cilindri sp\u0113j rad\u012bt lielu sp\u0113ku deta\u013cu pacel\u0161anai un pres\u0113\u0161anai iek\u0101rt\u0101s. Metin\u0101t\u0101 skavu konstrukcija nodro\u0161ina vienk\u0101r\u0161u uzst\u0101d\u012b\u0161anu un efekt\u012bvu darb\u012bbu, padarot to par iecien\u012btu izv\u0113li ra\u017eot\u0101ju vid\u016b.\n<ul>\n<li>Ra\u017eo\u0161anas nozar\u0113 metin\u0101tos Clevis tipa cilindrus izmanto hidrauliskaj\u0101s pres\u0113s, iesmidzin\u0101\u0161anas form\u0113\u0161anas ma\u0161\u012bn\u0101s un met\u0101la \u0161tanc\u0113\u0161anas iek\u0101rt\u0101s, lai nodro\u0161in\u0101tu nepiecie\u0161amo sp\u0113ku met\u0101la loks\u0146u form\u0113\u0161anai un veido\u0161anai.<\/li>\n<li>Automobi\u013cu r\u016bpniec\u012bb\u0101 \u0161ie cilindri tiek izmantoti automa\u0161\u012bnu domkratos, pac\u0113l\u0101jos un mont\u0101\u017eas ma\u0161\u012bn\u0101s, lai ra\u017eo\u0161anas proces\u0101 paceltu smagas deta\u013cas.<\/li>\n<li>B\u016bvniec\u012bbas nozar\u0113 metin\u0101tos Clevis tipa cilindrus izmanto celt\u0146os, ekskavatoros un buldozeros, lai darbin\u0101tu hidraulisk\u0101s sist\u0113mas, kas pace\u013c un p\u0101rvieto smagas kravas.<\/li>\n<\/ul>\n<\/li>\n<li><strong>Lauksaimniec\u012bbas tehnika:<\/strong> Lauksaimniec\u012bbas tehnika ir viena no svar\u012bg\u0101kaj\u0101m jom\u0101m, kur tiek izmantoti metin\u0101tie skavu tipa cilindri. \u0160ie cilindri tiek izmantoti da\u017e\u0101d\u0101s lauksaimniec\u012bbas tehnik\u0101, tostarp traktoros, kombainos un arklos, lai nodro\u0161in\u0101tu nepiecie\u0161amo sp\u0113ku augsnes sagatavo\u0161anai, st\u0101d\u012b\u0161anai un ra\u017eas nov\u0101k\u0161anai.\n<ul>\n<li>Lauksaimniec\u012bbas nozar\u0113 metin\u0101tos skavas tipa cilindrus izmanto arklos, kultivatoros un s\u0113jma\u0161\u012bn\u0101s, lai nodro\u0161in\u0101tu nepiecie\u0161amo sp\u0113ku augsnes sagatavo\u0161anai un s\u0113klu s\u0113\u0161anai.<\/li>\n<li>Ra\u017eas nov\u0101k\u0161anas nozar\u0113 \u0161ie cilindri tiek izmantoti kombainos, pres\u0113s un p\u013caujma\u0161\u012bn\u0101s, lai darbin\u0101tu hidraulisk\u0101s sist\u0113mas, kas sav\u0101c un transport\u0113 kult\u016braugus.<\/li>\n<\/ul>\n<\/li>\n<li><strong>Avi\u0101cija un aizsardz\u012bba:<\/strong> Metin\u0101tie Clevis tipa cilindri tiek izmantoti ar\u012b avi\u0101cijas un kosmosa un aizsardz\u012bbas nozar\u0113, kur tos pla\u0161i izmanto lidma\u0161\u012bn\u0101s, ra\u0137et\u0113s, ra\u0137et\u0113s un aizsardz\u012bbas sist\u0113m\u0101s.\n<ul>\n<li>Kosmosa avi\u0101cijas un kosmosa r\u016bpniec\u012bb\u0101 metin\u0101tos skavas tipa cilindrus izmanto lidma\u0161\u012bnu nolai\u0161an\u0101s meh\u0101nismos, atlokos un bremz\u0113s, lai nodro\u0161in\u0101tu nepiecie\u0161amo sp\u0113ku pacel\u0161an\u0101s un nolai\u0161an\u0101s laik\u0101.<\/li>\n<li>Aizsardz\u012bbas nozar\u0113 \u0161ie cilindri tiek izmantoti ra\u0137e\u0161u palai\u0161anas iek\u0101rt\u0101s, iero\u010du tor\u0146os un tanku sist\u0113m\u0101s, lai darbin\u0101tu hidraulisk\u0101s sist\u0113mas, kas kontrol\u0113 iero\u010du un mun\u012bcijas kust\u012bbu.<\/li>\n<\/ul>\n<\/li>\n<li><strong>J\u016bras r\u016bpniec\u012bba:<\/strong> Metin\u0101tie Clevis tipa cilindri tiek pla\u0161i izmantoti ar\u012b j\u016bras r\u016bpniec\u012bb\u0101, kur tos izmanto da\u017e\u0101dos ku\u0123os, laiv\u0101s un zem\u016bdens transportl\u012bdzek\u013cos.\n<ul>\n<li>Ku\u0123niec\u012bbas nozar\u0113 metin\u0101tos skavas tipa cilindrus izmanto celt\u0146os, vin\u010d\u0101s un kravu apstr\u0101des iek\u0101rt\u0101s, lai nodro\u0161in\u0101tu nepiecie\u0161amo sp\u0113ku kravas iekrau\u0161anai un izkrau\u0161anai.<\/li>\n<li>Laivu nozar\u0113 \u0161ie cilindri tiek izmantoti st\u016bres sist\u0113m\u0101s, propelleros un enkuru sist\u0113m\u0101s, lai nodro\u0161in\u0101tu nepiecie\u0161amo sp\u0113ku laivu un ku\u0123u kust\u012bbas kontrolei.<\/li>\n<li>Zem\u016bdens transportl\u012bdzek\u013cu nozar\u0113 metin\u0101tos skavu tipa cilindrus izmanto zem\u016bden\u0113s, att\u0101lin\u0101ti vad\u0101mos transportl\u012bdzek\u013cos (ROV) un nir\u0161anas apr\u012bkojum\u0101, lai nodro\u0161in\u0101tu nepiecie\u0161amo sp\u0113ku zem\u016bdens darb\u012bb\u0101m.<\/li>\n<\/ul>\n<\/li>\n<li><strong>Kalnr\u016bpniec\u012bbas nozare:<\/strong> Metin\u0101tie Clevis tipa cilindri tiek izmantoti ar\u012b kalnr\u016bpniec\u012bbas nozar\u0113, kur tos izmanto da\u017e\u0101dos pielietojumos miner\u0101lu ieguvei un materi\u0101lu apstr\u0101dei.\n<ul>\n<li>Kalnr\u016bpniec\u012bbas nozar\u0113 metin\u0101tie Clevis tipa cilindri tiek izmantoti konveijeru sist\u0113m\u0101s, urb\u0161anas iek\u0101rt\u0101s un hidrauliskaj\u0101s l\u0101pst\u0101s, lai nodro\u0161in\u0101tu nepiecie\u0161amo sp\u0113ku miner\u0101lu un materi\u0101lu ieguvei no raktuv\u0113m un karjeriem.<\/li>\n<\/ul>\n<\/li>\n<\/ul>\n<p><img decoding=\"async\" src=\"https:\/\/hzpt.com\/wp-content\/uploads\/2023\/12\/insert-2.webp\" alt=\"\" title=\"\"><\/p>\n<p>Autors: CX<\/p>","protected":false},"excerpt":{"rendered":"<p>Product 10052 Professional Double Acting Hydraulic Cylinder for Trailer is a high-quality hydraulic cylinder designed for use in trailers. Its double-acting feature makes it highly efficient and reliable, providing superior performance compared to other hydraulic cylinders in the market. Made of high-grade materials, this hydraulic cylinder boasts of durability and longevity, ensuring that it can [&hellip;]<\/p>","protected":false},"featured_media":1127,"comment_status":"closed","ping_status":"closed","template":"","meta":{"_et_pb_use_builder":"","_et_pb_old_content":"","_et_gb_content_width":""},"product_brand":[],"product_cat":[36],"product_tag":[34,38],"class_list":{"0":"post-1060","1":"product","2":"type-product","3":"status-publish","4":"has-post-thumbnail","6":"product_cat-welded-clevis-type-cylinder","7":"product_tag-hydraulic-cylinder","8":"product_tag-welded-clevis-type-cylinder","10":"first","11":"instock","12":"product-type-simple"},"_links":{"self":[{"href":"https:\/\/fmp-components.com\/lv\/wp-json\/wp\/v2\/product\/1060","targetHints":{"allow":["GET"]}}],"collection":[{"href":"https:\/\/fmp-components.com\/lv\/wp-json\/wp\/v2\/product"}],"about":[{"href":"https:\/\/fmp-components.com\/lv\/wp-json\/wp\/v2\/types\/product"}],"replies":[{"embeddable":true,"href":"https:\/\/fmp-components.com\/lv\/wp-json\/wp\/v2\/comments?post=1060"}],"wp:featuredmedia":[{"embeddable":true,"href":"https:\/\/fmp-components.com\/lv\/wp-json\/wp\/v2\/media\/1127"}],"wp:attachment":[{"href":"https:\/\/fmp-components.com\/lv\/wp-json\/wp\/v2\/media?parent=1060"}],"wp:term":[{"taxonomy":"product_brand","embeddable":true,"href":"https:\/\/fmp-components.com\/lv\/wp-json\/wp\/v2\/product_brand?post=1060"},{"taxonomy":"product_cat","embeddable":true,"href":"https:\/\/fmp-components.com\/lv\/wp-json\/wp\/v2\/product_cat?post=1060"},{"taxonomy":"product_tag","embeddable":true,"href":"https:\/\/fmp-components.com\/lv\/wp-json\/wp\/v2\/product_tag?post=1060"}],"curies":[{"name":"wp","href":"https:\/\/api.w.org\/{rel}","templated":true}]}}