{"id":1058,"date":"2024-12-19T06:17:44","date_gmt":"2024-12-19T06:17:44","guid":{"rendered":"https:\/\/fmp-components.com\/product\/10050-factory-price-trailer-hydraulic-ram-cylinder-hydraulic-cylinder-for-sale\/"},"modified":"2024-12-23T09:01:24","modified_gmt":"2024-12-23T09:01:24","slug":"10050-factory-price-trailer-hydraulic-ram-cylinder-hydraulic-cylinder-for-sale","status":"publish","type":"product","link":"https:\/\/fmp-components.com\/lv\/product\/10050-factory-price-trailer-hydraulic-ram-cylinder-hydraulic-cylinder-for-sale\/","title":{"rendered":"10050 r\u016bpn\u012bcas cenas piekabes hidraulisk\u0101 cilindra hidrauliskais cilindrs p\u0101rdo\u0161anai"},"content":{"rendered":"<h2>Produkta ievads:<\/h2>\n<p>P\u0101rdo\u0161an\u0101 eso\u0161ais 10050 r\u016bpn\u012bcas cenas piekabes hidraulisk\u0101 cilindra hidrauliskais cilindrs ir uzticams un efekt\u012bvs hidrauliskais cilindrs, kas paredz\u0113ts izmanto\u0161anai da\u017e\u0101du veidu piekab\u0113s. Pateicoties iztur\u012bgajai konstrukcijai un izcilai veiktsp\u0113jai, \u0161is hidrauliskais cilindrs ir iecien\u012bta izv\u0113le daudz\u0101s nozar\u0113s.<\/p>\n<h3>Funkcijas un priek\u0161roc\u012bbas:<\/h3>\n<p>\u2013 Iztur\u012bga un ilgm\u016b\u017e\u012bga konstrukcija: 10050 hidrauliskais cilindrs ir izgatavots no augstas kvalit\u0101tes materi\u0101liem, kas nodro\u0161ina t\u0101 iztur\u012bbu un ilgm\u016b\u017e\u012bbu, padarot to par ilgtermi\u0146a ieguld\u012bjumu j\u016bsu uz\u0146\u0113mum\u0101.<\/p>\n<p>\u2013 Efekt\u012bva veiktsp\u0113ja: \u0160is hidrauliskais cilindrs ir izstr\u0101d\u0101ts, lai nodro\u0161in\u0101tu nep\u0101rsp\u0113jamu veiktsp\u0113ju un efektivit\u0101ti, garant\u0113jot j\u016bsu piekabes vienm\u0113r\u012bgu un uzticamu darb\u012bbu.<\/p>\n<p>\u2013 Viegli uzst\u0101d\u012bt: Cilindru ir viegli uzst\u0101d\u012bt, t\u0101d\u0113j\u0101di ietaupot laiku un naudu uzst\u0101d\u012b\u0161anas izmaks\u0101s.<\/p>\n<p>\u2013 Zema apkope: Balonam nepiecie\u0161ama minim\u0101la apkope, t\u0101d\u0113j\u0101di samazinot d\u012bkst\u0101ves laiku un nodro\u0161inot j\u016bsu uz\u0146\u0113muma netrauc\u0113tu darb\u012bbu.<\/p>\n<p><img decoding=\"async\" src=\"https:\/\/hzpt.com\/wp-content\/uploads\/2023\/12\/insert-1.webp\" alt=\"\" title=\"\"><\/p>\n<h3>Lietojumi:<\/h3>\n<p>10050 hidrauliskais cilindrs ir piem\u0113rots pla\u0161am pielietojumu kl\u0101stam, tostarp:<\/p>\n<p>\u2013 Pa\u0161izg\u0101z\u0113ju piekabes<br \/>\n\u2013 Platformu piekabes<br \/>\n\u2013 Smagsvara tehnikas piekabes<br \/>\n\u2013 Lopkop\u012bbas piekabes<br \/>\n\u2013 Me\u017eizstr\u0101des piekabes<br \/>\n\u2013 Un v\u0113l vair\u0101k<\/p>\n<p>10050 r\u016bpn\u012bcas cenas piekabes hidraulisk\u0101 cilindra hidrauliskais cilindrs ir lielisks ieguld\u012bjums jebkuram uz\u0146\u0113mumam, kam nepiecie\u0161ami uzticami, augstas veiktsp\u0113jas hidrauliskie cilindri. Pateicoties t\u0101 iztur\u012bgajai konstrukcijai, efekt\u012bvajai veiktsp\u0113jai un vienk\u0101r\u0161ajai uzst\u0101d\u012b\u0161anai, \u0161is hidrauliskais cilindrs ir daudzu nozaru iecien\u012bta izv\u0113le. FMP pied\u0101v\u0101 pla\u0161u hidraulisko cilindru izv\u0113li par konkur\u0113tsp\u0113j\u012bg\u0101m r\u016bpn\u012bcas cen\u0101m. \u0160ie cilindri ir izstr\u0101d\u0101ti, lai nodro\u0161in\u0101tu optim\u0101lu veiktsp\u0113ju, iztur\u012bbu un uzticam\u012bbu, garant\u0113jot izcilus rezult\u0101tus visiem j\u016bsu hidrauliskajiem pielietojumiem.<\/p>\n<p>FMP hidrauliskie cilindri: kas tie ir un to funkcija<br \/>\nFMP hidrauliskie cilindri ir meh\u0101niskas ier\u012bces, kas p\u0101rveido hidraulisko ener\u0123iju meh\u0101nisk\u0101 ener\u0123ij\u0101. Pateicoties to efektivit\u0101tei un lietder\u012bbai, tie ir \u013coti piepras\u012bti da\u017e\u0101d\u0101s nozar\u0113s.<\/p>\n<p>Produkta specifik\u0101cijas<br \/>\nM\u016bsu hidrauliskajiem cilindriem ir \u0161\u0101di tehniskie parametri:<br \/>\n\u2013 Izm\u0113ri: Piel\u0101gojami atbilsto\u0161i klienta specifik\u0101cij\u0101m<br \/>\n\u2013 Ietilp\u012bba: at\u0161\u0137iras atkar\u012bb\u0101 no mode\u013ca<br \/>\n\u2013 Nestsp\u0113ja: Izstr\u0101d\u0101ts lieljaudas lietojumprogramm\u0101m<\/p>\n<p>Unik\u0101las \u012bpa\u0161\u012bbas un priek\u0161roc\u012bbas<br \/>\nAr FMP hidrauliskajiem cilindriem j\u016bs varat baud\u012bt \u0161\u0101das funkcijas:<br \/>\n\u2013 Energoefekt\u012bvi: M\u016bsu cilindri ir izstr\u0101d\u0101ti t\u0101, lai pat\u0113r\u0113tu maz\u0101k ener\u0123ijas, padarot tos rentablus.<br \/>\n\u2013 Augsta veiktsp\u0113ja: Paredz\u0113ts lielas jaudas un augstspiediena lietojumiem.<br \/>\n\u2013 Dro\u0161\u012bba: Apr\u012bkots ar dro\u0161\u012bbas funkcij\u0101m, lai nov\u0113rstu negad\u012bjumus darb\u012bbas laik\u0101.<\/p>\n<p>Hidraulisk\u0101s sist\u0113mas un darb\u012bbas principa izpratne<br \/>\nFMP hidrauliskie cilindri darbojas p\u0113c vienk\u0101r\u0161a spiediena starp\u012bbas principa. Augstspiediena hidrauliskais \u0161\u0137idrums tiek izmantots, lai izrais\u012btu kust\u012bbu virzul\u012b, kas savuk\u0101rt p\u0101rvieto kravu.<\/p>\n<p>Hidraulisko cilindru pielietojums<br \/>\nFMP hidrauliskie cilindri ir pla\u0161i izmantojami da\u017e\u0101d\u0101s nozar\u0113s, piem\u0113ram, b\u016bvniec\u012bb\u0101, ra\u017eo\u0161an\u0101 un transport\u0101. Tie ir ide\u0101li piem\u0113roti smagu kravu cel\u0161anai, stum\u0161anai vai vilk\u0161anai.<\/p>\n<p><img loading=\"lazy\" decoding=\"async\" class=\"alignnone size-full wp-image-1074\" src=\"https:\/\/fmp-components.com\/wp-content\/uploads\/2024\/12\/Welded-Clevis-Type-Cylinder1.webp\" alt=\"Metin\u0101ts Clevis tipa cilindrs\" width=\"800\" height=\"800\" title=\"\" srcset=\"https:\/\/fmp-components.com\/wp-content\/uploads\/2024\/12\/Welded-Clevis-Type-Cylinder1.webp 800w, https:\/\/fmp-components.com\/wp-content\/uploads\/2024\/12\/Welded-Clevis-Type-Cylinder1-480x480.webp 480w\" sizes=\"(min-width: 0px) and (max-width: 480px) 480px, (min-width: 481px) 800px, 100vw\" \/><\/p>\n<h3>Par FMP<\/h3>\n<p>FMP ir vado\u0161ais sp\u0113l\u0113t\u0101js mobilo hidraulisko cilindru tirg\u016b It\u0101lij\u0101. Ar 200\u00a0000 komplektu ra\u017eo\u0161anas jaudu m\u0113s esam apr\u012bkoti ar 300 piln\u012bb\u0101 autom\u0101tisku CNC ra\u017eo\u0161anas iek\u0101rtu komplektiem, k\u0101 ar\u012b piln\u012bb\u0101 autom\u0101tisk\u0101m hidraulisko cilindru mont\u0101\u017eas iek\u0101rt\u0101m.<\/p>\n<p>K\u0101p\u0113c izv\u0113l\u0113ties FMP<br \/>\nIzv\u0113loties FMP, j\u016bs ieg\u016bstat ne tikai produktu, bet ar\u012b kvalit\u0101ti, pieejam\u012bbu un uzticamu servisu. M\u0113s pied\u0101v\u0101jam pla\u0161u produktu kl\u0101stu, tostarp hidrauliskos cilindrus pac\u0113l\u0101jplatform\u0101m, r\u016bpnieciskajiem transportl\u012bdzek\u013ciem, rot\u0101cijas urb\u0161anas platform\u0101m, autocelt\u0146iem, celtniec\u012bbas ma\u0161\u012bn\u0101m, iekr\u0101v\u0113jiem, kalnr\u016bpniec\u012bbas pa\u0161izg\u0101z\u0113jiem un sanit\u0101raj\u0101m iek\u0101rt\u0101m. Ir laipni gaid\u012bti ar\u012b individu\u0101li pas\u016bt\u012bjumi.<\/p>\n<p>Bie\u017ei uzdotie jaut\u0101jumi<br \/>\nJ: K\u0101da ir j\u016bsu cilindru nestsp\u0113ja?<br \/>\nA: Tas at\u0161\u0137iras atkar\u012bb\u0101 no mode\u013ca, ta\u010du m\u016bsu cilindri ir izstr\u0101d\u0101ti lieljaudas lietojumprogramm\u0101m.<\/p>\n<p>J: Vai es varu pas\u016bt\u012bt hidraulisko cilindru p\u0113c pas\u016bt\u012bjuma?<br \/>\nA: J\u0101, m\u0113s atzin\u012bgi v\u0113rt\u0113jam piel\u0101gotus pas\u016bt\u012bjumus. L\u016bdzu, sniedziet mums savas specifik\u0101cijas vai paraugu.<\/p>\n<p>J: K\u0101 veikt hidraulisk\u0101 cilindra apkopi?<br \/>\nA: Regul\u0101ra hidraulisk\u0101s e\u013c\u013cas un bl\u012bv\u0113jumu p\u0101rbaude un mai\u0146a var pagarin\u0101t cilindra kalpo\u0161anas laiku.<\/p>\n<p>J: K\u0101 darbojas hidraulisk\u0101 cilindra v\u0101rpsta?<br \/>\nA: T\u0101 darbojas p\u0113c spiediena starp\u012bbas principa. Augstspiediena hidrauliskais \u0161\u0137idrums tiek izmantots, lai izrais\u012btu kust\u012bbu virzul\u012b, kas savuk\u0101rt p\u0101rvieto kravu.<\/p>\n<p>J: Vai es varu apmekl\u0113t j\u016bsu r\u016bpn\u012bcu?<br \/>\nA: J\u0101, j\u016bs varat apmekl\u0113t m\u016bsu r\u016bpn\u012bcu virtu\u0101li, noklik\u0161\u0137inot uz saites uz m\u016bsu VR r\u016bpn\u012bcu iepriek\u0161.<\/p>\n<h2>Metin\u0101t\u0101 Clevis tipa cilindra priek\u0161roc\u012bbas<\/h2>\n<p>Metin\u0101ti skavu tipa cilindri ir popul\u0101ra izv\u0113le daudziem r\u016bpnieciskiem lietojumiem, pateicoties to unik\u0101laj\u0101m priek\u0161roc\u012bb\u0101m un ieguvumiem. \u0160eit ir da\u017eas no galvenaj\u0101m metin\u0101to skavu tipa cilindru priek\u0161roc\u012bb\u0101m:<\/p>\n<h3>1. Palielin\u0101ta iztur\u012bba un iztur\u012bba<\/h3>\n<p>Metin\u0101tie skavu tipa cilindri ir izgatavoti ar metin\u0101tu gala v\u0101ci\u0146u, kas nodro\u0161ina liel\u0101ku iztur\u012bbu un ilgm\u016b\u017e\u012bbu sal\u012bdzin\u0101jum\u0101 ar cita veida cilindriem. Tas padara tos ide\u0101li piem\u0113rotus lieljaudas lietojumiem, kuriem nepiecie\u0161ams augsts iztur\u012bbas un ilgm\u016b\u017e\u012bbas l\u012bmenis.<\/p>\n<p>Turkl\u0101t \u0161o cilindru metin\u0101t\u0101 konstrukcija noz\u012bm\u0113, ka tiem ir maz\u0101ka iesp\u0113ja nopl\u016bst vai saboj\u0101ties, kas var pal\u012bdz\u0113t samazin\u0101t d\u012bkst\u0101ves laiku un apkopes izmaksas.<\/p>\n<h3>2. Sp\u0113ja iztur\u0113t augstu spiedienu<\/h3>\n<p>Metin\u0101tie cilindri ar skavu tipa konstrukcij\u0101m sp\u0113j iztur\u0113t ar\u012b augstspiediena pielietojumus, padarot tos par iecien\u012btu izv\u0113li t\u0101d\u0101s nozar\u0113s k\u0101 b\u016bvniec\u012bba, ieguves r\u016bpniec\u012bba, k\u0101 ar\u012b naftas un g\u0101zes ieguve. To sp\u0113ja iztur\u0113t augstu spiedienu nodro\u0161ina uzticamu veiktsp\u0113ju sare\u017e\u0123\u012btos apst\u0101k\u013cos.<\/p>\n<h3>3. Piel\u0101gojams dizains<\/h3>\n<p>Metin\u0101tus skavu tipa cilindrus var piel\u0101got konkr\u0113tai lietojumprogrammai. Tas noz\u012bm\u0113, ka tos var piel\u0101got konkr\u0113tam izm\u0113ram, formai vai veiktsp\u0113jas pras\u012bbai. Piel\u0101gojams dizains nodro\u0161ina ar\u012b liel\u0101ku elast\u012bbu ra\u017eo\u0161anas proces\u0101, kas var ietaup\u012bt izmaksas.<\/p>\n<h3>4. Vienk\u0101r\u0161a uzst\u0101d\u012b\u0161ana<\/h3>\n<p>Metin\u0101tie skavu tipa cilindri ir paredz\u0113ti vienk\u0101r\u0161ai uzst\u0101d\u012b\u0161anai, kas pal\u012bdz samazin\u0101t uzst\u0101d\u012b\u0161anas laiku un darbasp\u0113ka izmaksas. Tie parasti ir iepriek\u0161 samont\u0113ti un gatavi lieto\u0161anai uzreiz p\u0113c iz\u0146em\u0161anas no kastes, kas samazina nepiecie\u0161am\u012bbu p\u0113c papildu deta\u013c\u0101m vai komponentiem.<\/p>\n<h3>5. Uzlabota veiktsp\u0113ja<\/h3>\n<p>Metin\u0101to skavu tipa cilindru konstrukcija nodro\u0161ina uzlabotu veiktsp\u0113ju sal\u012bdzin\u0101jum\u0101 ar cita veida cilindriem. Tie sp\u0113j rad\u012bt liel\u0101ku sp\u0113ku uz spiediena vien\u012bbu, kas var pal\u012bdz\u0113t uzlabot efektivit\u0101ti un produktivit\u0101ti r\u016bpnieciskos lietojumos.<\/p>\n<p>Kopum\u0101 metin\u0101tie cilindri ar skavu pied\u0101v\u0101 virkni priek\u0161roc\u012bbu un ieguvumu, kas padara tos par iecien\u012btu izv\u0113li daudziem r\u016bpnieciskiem lietojumiem. To paaugstin\u0101t\u0101 iztur\u012bba un ilgm\u016b\u017e\u012bba, sp\u0113ja iztur\u0113t augstu spiedienu, piel\u0101gojamais dizains, vienk\u0101r\u0161\u0101 uzst\u0101d\u012b\u0161ana un uzlabot\u0101 veiktsp\u0113ja padara tos par ide\u0101lu izv\u0113li pras\u012bg\u0101m vid\u0113m, kur uzticam\u012bba un veiktsp\u0113ja ir \u013coti svar\u012bgas.<\/p>\n<h2>Metin\u0101t\u0101 Clevis tipa cilindra pielietojums<\/h2>\n<ul>\n<li><strong>R\u016bpniecisk\u0101s iek\u0101rtas:<\/strong> Metin\u0101tie skavu tipa cilindri tiek pla\u0161i izmantoti da\u017e\u0101d\u0101s r\u016bpniecisk\u0101s iek\u0101rt\u0101s lieljaudas lietojumiem. \u0160ie cilindri sp\u0113j rad\u012bt lielu sp\u0113ku deta\u013cu pacel\u0161anai un pres\u0113\u0161anai iek\u0101rt\u0101s. Metin\u0101t\u0101 skavu konstrukcija nodro\u0161ina vienk\u0101r\u0161u uzst\u0101d\u012b\u0161anu un efekt\u012bvu darb\u012bbu, padarot to par iecien\u012btu izv\u0113li ra\u017eot\u0101ju vid\u016b.\n<ul>\n<li>Ra\u017eo\u0161anas nozar\u0113 metin\u0101tos Clevis tipa cilindrus izmanto hidrauliskaj\u0101s pres\u0113s, iesmidzin\u0101\u0161anas form\u0113\u0161anas ma\u0161\u012bn\u0101s un met\u0101la \u0161tanc\u0113\u0161anas iek\u0101rt\u0101s, lai nodro\u0161in\u0101tu nepiecie\u0161amo sp\u0113ku met\u0101la loks\u0146u form\u0113\u0161anai un veido\u0161anai.<\/li>\n<li>Automobi\u013cu r\u016bpniec\u012bb\u0101 \u0161ie cilindri tiek izmantoti automa\u0161\u012bnu domkratos, pac\u0113l\u0101jos un mont\u0101\u017eas ma\u0161\u012bn\u0101s, lai ra\u017eo\u0161anas proces\u0101 paceltu smagas deta\u013cas.<\/li>\n<li>B\u016bvniec\u012bbas nozar\u0113 metin\u0101tos Clevis tipa cilindrus izmanto celt\u0146os, ekskavatoros un buldozeros, lai darbin\u0101tu hidraulisk\u0101s sist\u0113mas, kas pace\u013c un p\u0101rvieto smagas kravas.<\/li>\n<\/ul>\n<\/li>\n<li><strong>Lauksaimniec\u012bbas tehnika:<\/strong> Lauksaimniec\u012bbas tehnika ir viena no svar\u012bg\u0101kaj\u0101m jom\u0101m, kur tiek izmantoti metin\u0101tie skavu tipa cilindri. \u0160ie cilindri tiek izmantoti da\u017e\u0101d\u0101s lauksaimniec\u012bbas tehnik\u0101, tostarp traktoros, kombainos un arklos, lai nodro\u0161in\u0101tu nepiecie\u0161amo sp\u0113ku augsnes sagatavo\u0161anai, st\u0101d\u012b\u0161anai un ra\u017eas nov\u0101k\u0161anai.\n<ul>\n<li>Lauksaimniec\u012bbas nozar\u0113 metin\u0101tos skavas tipa cilindrus izmanto arklos, kultivatoros un s\u0113jma\u0161\u012bn\u0101s, lai nodro\u0161in\u0101tu nepiecie\u0161amo sp\u0113ku augsnes sagatavo\u0161anai un s\u0113klu s\u0113\u0161anai.<\/li>\n<li>Ra\u017eas nov\u0101k\u0161anas nozar\u0113 \u0161ie cilindri tiek izmantoti kombainos, pres\u0113s un p\u013caujma\u0161\u012bn\u0101s, lai darbin\u0101tu hidraulisk\u0101s sist\u0113mas, kas sav\u0101c un transport\u0113 kult\u016braugus.<\/li>\n<\/ul>\n<\/li>\n<li><strong>Avi\u0101cija un aizsardz\u012bba:<\/strong> Metin\u0101tie Clevis tipa cilindri tiek izmantoti ar\u012b avi\u0101cijas un kosmosa un aizsardz\u012bbas nozar\u0113, kur tos pla\u0161i izmanto lidma\u0161\u012bn\u0101s, ra\u0137et\u0113s, ra\u0137et\u0113s un aizsardz\u012bbas sist\u0113m\u0101s.\n<ul>\n<li>Kosmosa avi\u0101cijas un kosmosa r\u016bpniec\u012bb\u0101 metin\u0101tos skavas tipa cilindrus izmanto lidma\u0161\u012bnu nolai\u0161an\u0101s meh\u0101nismos, atlokos un bremz\u0113s, lai nodro\u0161in\u0101tu nepiecie\u0161amo sp\u0113ku pacel\u0161an\u0101s un nolai\u0161an\u0101s laik\u0101.<\/li>\n<li>Aizsardz\u012bbas nozar\u0113 \u0161ie cilindri tiek izmantoti ra\u0137e\u0161u palai\u0161anas iek\u0101rt\u0101s, iero\u010du tor\u0146os un tanku sist\u0113m\u0101s, lai darbin\u0101tu hidraulisk\u0101s sist\u0113mas, kas kontrol\u0113 iero\u010du un mun\u012bcijas kust\u012bbu.<\/li>\n<\/ul>\n<\/li>\n<li><strong>J\u016bras r\u016bpniec\u012bba:<\/strong> Metin\u0101tie Clevis tipa cilindri tiek pla\u0161i izmantoti ar\u012b j\u016bras r\u016bpniec\u012bb\u0101, kur tos izmanto da\u017e\u0101dos ku\u0123os, laiv\u0101s un zem\u016bdens transportl\u012bdzek\u013cos.\n<ul>\n<li>Ku\u0123niec\u012bbas nozar\u0113 metin\u0101tos skavas tipa cilindrus izmanto celt\u0146os, vin\u010d\u0101s un kravu apstr\u0101des iek\u0101rt\u0101s, lai nodro\u0161in\u0101tu nepiecie\u0161amo sp\u0113ku kravas iekrau\u0161anai un izkrau\u0161anai.<\/li>\n<li>Laivu nozar\u0113 \u0161ie cilindri tiek izmantoti st\u016bres sist\u0113m\u0101s, propelleros un enkuru sist\u0113m\u0101s, lai nodro\u0161in\u0101tu nepiecie\u0161amo sp\u0113ku laivu un ku\u0123u kust\u012bbas kontrolei.<\/li>\n<li>Zem\u016bdens transportl\u012bdzek\u013cu nozar\u0113 metin\u0101tos skavu tipa cilindrus izmanto zem\u016bden\u0113s, att\u0101lin\u0101ti vad\u0101mos transportl\u012bdzek\u013cos (ROV) un nir\u0161anas apr\u012bkojum\u0101, lai nodro\u0161in\u0101tu nepiecie\u0161amo sp\u0113ku zem\u016bdens darb\u012bb\u0101m.<\/li>\n<\/ul>\n<\/li>\n<li><strong>Kalnr\u016bpniec\u012bbas nozare:<\/strong> Metin\u0101tie Clevis tipa cilindri tiek izmantoti ar\u012b kalnr\u016bpniec\u012bbas nozar\u0113, kur tos izmanto da\u017e\u0101dos pielietojumos miner\u0101lu ieguvei un materi\u0101lu apstr\u0101dei.\n<ul>\n<li>Kalnr\u016bpniec\u012bbas nozar\u0113 metin\u0101tie Clevis tipa cilindri tiek izmantoti konveijeru sist\u0113m\u0101s, urb\u0161anas iek\u0101rt\u0101s un hidrauliskaj\u0101s l\u0101pst\u0101s, lai nodro\u0161in\u0101tu nepiecie\u0161amo sp\u0113ku miner\u0101lu un materi\u0101lu ieguvei no raktuv\u0113m un karjeriem.<\/li>\n<\/ul>\n<\/li>\n<\/ul>\n<p><img decoding=\"async\" src=\"https:\/\/hzpt.com\/wp-content\/uploads\/2023\/12\/insert-2.webp\" alt=\"\" title=\"\"><\/p>\n<p>Autors: CX<\/p>","protected":false},"excerpt":{"rendered":"<p>Product Introduction: The 10050 Factory Price Trailer Hydraulic Ram Cylinder Hydraulic Cylinder For Sale is a reliable and efficient hydraulic cylinder designed for use in various types of trailers. With a sturdy construction and superior performance, this hydraulic cylinder is a preferred choice for many industries. Features and Benefits: &#8211; Strong and durable construction: The [&hellip;]<\/p>","protected":false},"featured_media":1127,"comment_status":"closed","ping_status":"closed","template":"","meta":{"_et_pb_use_builder":"","_et_pb_old_content":"","_et_gb_content_width":""},"product_brand":[],"product_cat":[36],"product_tag":[34,38],"class_list":{"0":"post-1058","1":"product","2":"type-product","3":"status-publish","4":"has-post-thumbnail","6":"product_cat-welded-clevis-type-cylinder","7":"product_tag-hydraulic-cylinder","8":"product_tag-welded-clevis-type-cylinder","10":"first","11":"instock","12":"product-type-simple"},"_links":{"self":[{"href":"https:\/\/fmp-components.com\/lv\/wp-json\/wp\/v2\/product\/1058","targetHints":{"allow":["GET"]}}],"collection":[{"href":"https:\/\/fmp-components.com\/lv\/wp-json\/wp\/v2\/product"}],"about":[{"href":"https:\/\/fmp-components.com\/lv\/wp-json\/wp\/v2\/types\/product"}],"replies":[{"embeddable":true,"href":"https:\/\/fmp-components.com\/lv\/wp-json\/wp\/v2\/comments?post=1058"}],"wp:featuredmedia":[{"embeddable":true,"href":"https:\/\/fmp-components.com\/lv\/wp-json\/wp\/v2\/media\/1127"}],"wp:attachment":[{"href":"https:\/\/fmp-components.com\/lv\/wp-json\/wp\/v2\/media?parent=1058"}],"wp:term":[{"taxonomy":"product_brand","embeddable":true,"href":"https:\/\/fmp-components.com\/lv\/wp-json\/wp\/v2\/product_brand?post=1058"},{"taxonomy":"product_cat","embeddable":true,"href":"https:\/\/fmp-components.com\/lv\/wp-json\/wp\/v2\/product_cat?post=1058"},{"taxonomy":"product_tag","embeddable":true,"href":"https:\/\/fmp-components.com\/lv\/wp-json\/wp\/v2\/product_tag?post=1058"}],"curies":[{"name":"wp","href":"https:\/\/api.w.org\/{rel}","templated":true}]}}