{"id":1055,"date":"2024-12-19T06:17:44","date_gmt":"2024-12-19T06:17:44","guid":{"rendered":"https:\/\/fmp-components.com\/product\/10047-factory-customized-hydraulic-piston-cylinder-for-sale\/"},"modified":"2024-12-23T08:59:09","modified_gmt":"2024-12-23T08:59:09","slug":"10047-factory-customized-hydraulic-piston-cylinder-for-sale","status":"publish","type":"product","link":"https:\/\/fmp-components.com\/lv\/product\/10047-factory-customized-hydraulic-piston-cylinder-for-sale\/","title":{"rendered":"10047 P\u0101rdo\u0161an\u0101 r\u016bpn\u012bc\u0101 piel\u0101gots hidrauliskais virzu\u013ccilindrs"},"content":{"rendered":"<h2>Produkts 10047 P\u0101rdo\u0161an\u0101 r\u016bpn\u012bc\u0101 piel\u0101gots hidrauliskais virzu\u013ccilindrs<\/h2>\n<p>Mekl\u0113jat uzticamu hidraulisko virzu\u013ccilindru sav\u0101m r\u016bpnieciskaj\u0101m vajadz\u012bb\u0101m? Produkts 10047, r\u016bpn\u012bc\u0101 piel\u0101gots hidrauliskais virzu\u013ccilindrs, ir \u012bst\u0101 izv\u0113le.<\/p>\n<p>M\u016bsu hidrauliskais virzu\u013ccilindrs ir izstr\u0101d\u0101ts, izmantojot prec\u012bzu in\u017eenieriju un augst\u0101k\u0101s kvalit\u0101tes materi\u0101lus, lai nodro\u0161in\u0101tu augstu veiktsp\u0113ju un iztur\u012bbu. Tas sp\u0113j viegli tikt gal\u0101 ar smagiem uzdevumiem, padarot to par ide\u0101lu izv\u0113li pla\u0161am pielietojumu kl\u0101stam.<\/p>\n<p>M\u016bsu hidrauliskais virzu\u013ccilindrs ir izgatavots no augst\u0101k\u0101s kvalit\u0101tes materi\u0101liem, un tas pied\u0101v\u0101 izcilu iztur\u012bbu pret nodilumu, nodro\u0161inot ilgsto\u0161u veiktsp\u0113ju pat vissmag\u0101kajos darba apst\u0101k\u013cos. Tas ir ar\u012b \u013coti piel\u0101gojams, \u013caujot to piel\u0101got j\u016bsu \u012bpa\u0161aj\u0101m vajadz\u012bb\u0101m un pras\u012bb\u0101m.<\/p>\n<p>K\u0101p\u0113c gaid\u012bt? Ieguldiet produktu 10047 \u2014 r\u016bpn\u012bc\u0101 piel\u0101goto hidraulisko virzu\u013ccilindru jau \u0161odien un izbaudiet lab\u0101ko hidrauliskaj\u0101 tehnolo\u0123ij\u0101.<\/p>\n<h2>Iepaz\u012bstin\u0101m ar hidraulisko virzu\u013ccilindru<\/h2>\n<p>M\u016bsu hidrauliskais virzu\u013ccilindrs, FMP produkts, kas dibin\u0101ts 2006. gad\u0101, ir \u013coti efekt\u012bvs un uzticams produkts, kas nozar\u0113 kalpo jau vair\u0101k nek\u0101 desmit gadus.<\/p>\n<h3>Hidraulisk\u0101 virzu\u013ccilindra funkcija un \u012bpa\u0161\u012bbas<\/h3>\n<p>Hidrauliskais virzu\u013ccilindrs darbojas, p\u0101rveidojot hidraulisk\u0101 \u0161\u0137idruma ener\u0123iju meh\u0101niskaj\u0101 ener\u0123ij\u0101. Tas ir \u013coti svar\u012bgi pla\u0161am pielietojumu kl\u0101stam, tostarp, bet ne tikai, celtniec\u012bbas iek\u0101rt\u0101m, ra\u017eo\u0161anas ma\u0161\u012bn\u0101m un civilin\u017eenierij\u0101.<\/p>\n<h2>Produkta specifik\u0101cijas<\/h2>\n<p>M\u016bsu produkts lepojas ar izciliem tehniskajiem parametriem, piem\u0113ram:<br \/>\n\u2013 Izm\u0113ri: Main\u0101s atkar\u012bb\u0101 no individu\u0101lajiem pas\u016bt\u012bjumiem<br \/>\n\u2013 Ietilp\u012bba: Augsta<br \/>\n\u2013 Nestsp\u0113ja: Izcila<\/p>\n<h2>Unik\u0101las \u012bpa\u0161\u012bbas un priek\u0161roc\u012bbas<\/h2>\n<p>Da\u017eas no unik\u0101laj\u0101m \u012bpa\u0161\u012bb\u0101m un priek\u0161roc\u012bb\u0101m ietver:<br \/>\n\u2013 Energoefekt\u012bvs: Pal\u012bdz samazin\u0101t ekspluat\u0101cijas izmaksas<br \/>\n\u2013 Augsta efektivit\u0101te: Maksim\u0101li palielina produktivit\u0101ti<br \/>\n\u2013 Dro\u0161\u012bba: Nodro\u0161ina dro\u0161u darb\u012bbu<\/p>\n<h2>Hidraulisk\u0101s sist\u0113mas un t\u0101s darb\u012bbas principa izpratne<\/h2>\n<p>Hidraulisk\u0101 sist\u0113ma darbojas p\u0113c Pask\u0101la likuma principa, kontrol\u0113jot rezervu\u0101r\u0101 uzglab\u0101to hidraulisko \u0161\u0137idrumu. \u0160\u012b sist\u0113ma \u013cauj hidrauliskajam virzu\u013ccilindram efekt\u012bvi veikt savu funkciju.<\/p>\n<h2>Hidraulisk\u0101 virzu\u013ccilindra pielietojums<\/h2>\n<p>Hidrauliskais virzu\u013ccilindrs tiek izmantots da\u017e\u0101d\u0101s jom\u0101s, piem\u0113ram, b\u016bvniec\u012bb\u0101, ra\u017eo\u0161an\u0101 un civil\u0101 in\u017eenierij\u0101.<\/p>\n<h2>VR t\u016bre m\u016bsu r\u016bpn\u012bc\u0101<\/h2>\n<p>Aicin\u0101m j\u016bs doties virtu\u0101l\u0101 ekskursij\u0101 pa m\u016bsu r\u016bpn\u012bcu <a href=\"https:\/\/v.holoworld.com.cn\/v\/virtualbuy.html?id=78a76263-47ab-485f-b978-0dafacfb4096\" target=\"_blank\" rel=\"noopener\">\u0161eit<\/a>.<\/p>\n<h2>Tuv\u0101k apskatiet hidraulisko virzu\u013ccilindru<\/h2>\n<p>Hidrauliskajam virzu\u013ccilindram ir bag\u0101ta v\u0113sture, daudzveid\u012bgas klasifik\u0101cijas, daudzas priek\u0161roc\u012bbas, un tam nepiecie\u0161ama minim\u0101la apkope. To ir viegli uzst\u0101d\u012bt, un tam ir ilgs kalpo\u0161anas laiks.<\/p>\n<h2>Produktu izv\u0113les ce\u013cvedis<\/h2>\n<p>Pareizas hidraulisk\u0101s e\u013c\u013cas un e\u013c\u013cas bl\u012bv\u0113juma izv\u0113le ir \u013coti svar\u012bga hidraulisk\u0101 virzu\u013ccilindra optim\u0101lai darb\u012bbai. M\u0113s sniedzam visaptvero\u0161us nor\u0101d\u012bjumus par produktu izv\u0113li, lai nodro\u0161in\u0101tu, ka j\u016bs ieg\u016bstat maksim\u0101lu labumu no m\u016bsu produktiem.<\/p>\n<h2>Metin\u0101t\u0101 Clevis tipa cilindra priek\u0161roc\u012bbas<\/h2>\n<p>Metin\u0101ti skavu tipa cilindri ir popul\u0101ra izv\u0113le daudziem r\u016bpnieciskiem lietojumiem, pateicoties to unik\u0101laj\u0101m priek\u0161roc\u012bb\u0101m un ieguvumiem. \u0160eit ir da\u017eas no galvenaj\u0101m metin\u0101to skavu tipa cilindru priek\u0161roc\u012bb\u0101m:<\/p>\n<h3>1. Palielin\u0101ta iztur\u012bba un iztur\u012bba<\/h3>\n<p>Metin\u0101tie skavu tipa cilindri ir izgatavoti ar metin\u0101tu gala v\u0101ci\u0146u, kas nodro\u0161ina liel\u0101ku iztur\u012bbu un ilgm\u016b\u017e\u012bbu sal\u012bdzin\u0101jum\u0101 ar cita veida cilindriem. Tas padara tos ide\u0101li piem\u0113rotus lieljaudas lietojumiem, kuriem nepiecie\u0161ams augsts iztur\u012bbas un ilgm\u016b\u017e\u012bbas l\u012bmenis.<\/p>\n<p>Turkl\u0101t \u0161o cilindru metin\u0101t\u0101 konstrukcija noz\u012bm\u0113, ka tiem ir maz\u0101ka iesp\u0113ja nopl\u016bst vai saboj\u0101ties, kas var pal\u012bdz\u0113t samazin\u0101t d\u012bkst\u0101ves laiku un apkopes izmaksas.<\/p>\n<h3>2. Sp\u0113ja iztur\u0113t augstu spiedienu<\/h3>\n<p>Metin\u0101tie cilindri ar skavu tipa konstrukcij\u0101m sp\u0113j iztur\u0113t ar\u012b augstspiediena pielietojumus, padarot tos par iecien\u012btu izv\u0113li t\u0101d\u0101s nozar\u0113s k\u0101 b\u016bvniec\u012bba, ieguves r\u016bpniec\u012bba, k\u0101 ar\u012b naftas un g\u0101zes ieguve. To sp\u0113ja iztur\u0113t augstu spiedienu nodro\u0161ina uzticamu veiktsp\u0113ju sare\u017e\u0123\u012btos apst\u0101k\u013cos.<\/p>\n<h3>3. Piel\u0101gojams dizains<\/h3>\n<p>Metin\u0101tus skavu tipa cilindrus var piel\u0101got konkr\u0113tai lietojumprogrammai. Tas noz\u012bm\u0113, ka tos var piel\u0101got konkr\u0113tam izm\u0113ram, formai vai veiktsp\u0113jas pras\u012bbai. Piel\u0101gojams dizains nodro\u0161ina ar\u012b liel\u0101ku elast\u012bbu ra\u017eo\u0161anas proces\u0101, kas var ietaup\u012bt izmaksas.<\/p>\n<h3>4. Vienk\u0101r\u0161a uzst\u0101d\u012b\u0161ana<\/h3>\n<p>Metin\u0101tie skavu tipa cilindri ir paredz\u0113ti vienk\u0101r\u0161ai uzst\u0101d\u012b\u0161anai, kas pal\u012bdz samazin\u0101t uzst\u0101d\u012b\u0161anas laiku un darbasp\u0113ka izmaksas. Tie parasti ir iepriek\u0161 samont\u0113ti un gatavi lieto\u0161anai uzreiz p\u0113c iz\u0146em\u0161anas no kastes, kas samazina nepiecie\u0161am\u012bbu p\u0113c papildu deta\u013c\u0101m vai komponentiem.<\/p>\n<h3>5. Uzlabota veiktsp\u0113ja<\/h3>\n<p>Metin\u0101to skavu tipa cilindru konstrukcija nodro\u0161ina uzlabotu veiktsp\u0113ju sal\u012bdzin\u0101jum\u0101 ar cita veida cilindriem. Tie sp\u0113j rad\u012bt liel\u0101ku sp\u0113ku uz spiediena vien\u012bbu, kas var pal\u012bdz\u0113t uzlabot efektivit\u0101ti un produktivit\u0101ti r\u016bpnieciskos lietojumos.<\/p>\n<p>Kopum\u0101 metin\u0101tie cilindri ar skavu pied\u0101v\u0101 virkni priek\u0161roc\u012bbu un ieguvumu, kas padara tos par iecien\u012btu izv\u0113li daudziem r\u016bpnieciskiem lietojumiem. To paaugstin\u0101t\u0101 iztur\u012bba un ilgm\u016b\u017e\u012bba, sp\u0113ja iztur\u0113t augstu spiedienu, piel\u0101gojamais dizains, vienk\u0101r\u0161\u0101 uzst\u0101d\u012b\u0161ana un uzlabot\u0101 veiktsp\u0113ja padara tos par ide\u0101lu izv\u0113li pras\u012bg\u0101m vid\u0113m, kur uzticam\u012bba un veiktsp\u0113ja ir \u013coti svar\u012bgas.<\/p>\n<h2>Metin\u0101t\u0101 Clevis tipa cilindra pielietojums<\/h2>\n<ul>\n<li><strong>R\u016bpniecisk\u0101s iek\u0101rtas:<\/strong> Metin\u0101tie skavu tipa cilindri tiek pla\u0161i izmantoti da\u017e\u0101d\u0101s r\u016bpniecisk\u0101s iek\u0101rt\u0101s lieljaudas lietojumiem. \u0160ie cilindri sp\u0113j rad\u012bt lielu sp\u0113ku deta\u013cu pacel\u0161anai un pres\u0113\u0161anai iek\u0101rt\u0101s. Metin\u0101t\u0101 skavu konstrukcija nodro\u0161ina vienk\u0101r\u0161u uzst\u0101d\u012b\u0161anu un efekt\u012bvu darb\u012bbu, padarot to par iecien\u012btu izv\u0113li ra\u017eot\u0101ju vid\u016b.\n<ul>\n<li>Ra\u017eo\u0161anas nozar\u0113 metin\u0101tos Clevis tipa cilindrus izmanto hidrauliskaj\u0101s pres\u0113s, iesmidzin\u0101\u0161anas form\u0113\u0161anas ma\u0161\u012bn\u0101s un met\u0101la \u0161tanc\u0113\u0161anas iek\u0101rt\u0101s, lai nodro\u0161in\u0101tu nepiecie\u0161amo sp\u0113ku met\u0101la loks\u0146u form\u0113\u0161anai un veido\u0161anai.<\/li>\n<li>Automobi\u013cu r\u016bpniec\u012bb\u0101 \u0161ie cilindri tiek izmantoti automa\u0161\u012bnu domkratos, pac\u0113l\u0101jos un mont\u0101\u017eas ma\u0161\u012bn\u0101s, lai ra\u017eo\u0161anas proces\u0101 paceltu smagas deta\u013cas.<\/li>\n<li>B\u016bvniec\u012bbas nozar\u0113 metin\u0101tos Clevis tipa cilindrus izmanto celt\u0146os, ekskavatoros un buldozeros, lai darbin\u0101tu hidraulisk\u0101s sist\u0113mas, kas pace\u013c un p\u0101rvieto smagas kravas.<\/li>\n<\/ul>\n<\/li>\n<li><strong>Lauksaimniec\u012bbas tehnika:<\/strong> Lauksaimniec\u012bbas tehnika ir viena no svar\u012bg\u0101kaj\u0101m jom\u0101m, kur tiek izmantoti metin\u0101tie skavu tipa cilindri. \u0160ie cilindri tiek izmantoti da\u017e\u0101d\u0101s lauksaimniec\u012bbas tehnik\u0101, tostarp traktoros, kombainos un arklos, lai nodro\u0161in\u0101tu nepiecie\u0161amo sp\u0113ku augsnes sagatavo\u0161anai, st\u0101d\u012b\u0161anai un ra\u017eas nov\u0101k\u0161anai.\n<ul>\n<li>Lauksaimniec\u012bbas nozar\u0113 metin\u0101tos skavas tipa cilindrus izmanto arklos, kultivatoros un s\u0113jma\u0161\u012bn\u0101s, lai nodro\u0161in\u0101tu nepiecie\u0161amo sp\u0113ku augsnes sagatavo\u0161anai un s\u0113klu s\u0113\u0161anai.<\/li>\n<li>Ra\u017eas nov\u0101k\u0161anas nozar\u0113 \u0161ie cilindri tiek izmantoti kombainos, pres\u0113s un p\u013caujma\u0161\u012bn\u0101s, lai darbin\u0101tu hidraulisk\u0101s sist\u0113mas, kas sav\u0101c un transport\u0113 kult\u016braugus.<\/li>\n<\/ul>\n<\/li>\n<li><strong>Avi\u0101cija un aizsardz\u012bba:<\/strong> Metin\u0101tie Clevis tipa cilindri tiek izmantoti ar\u012b avi\u0101cijas un kosmosa un aizsardz\u012bbas nozar\u0113, kur tos pla\u0161i izmanto lidma\u0161\u012bn\u0101s, ra\u0137et\u0113s, ra\u0137et\u0113s un aizsardz\u012bbas sist\u0113m\u0101s.\n<ul>\n<li>Kosmosa avi\u0101cijas un kosmosa r\u016bpniec\u012bb\u0101 metin\u0101tos skavas tipa cilindrus izmanto lidma\u0161\u012bnu nolai\u0161an\u0101s meh\u0101nismos, atlokos un bremz\u0113s, lai nodro\u0161in\u0101tu nepiecie\u0161amo sp\u0113ku pacel\u0161an\u0101s un nolai\u0161an\u0101s laik\u0101.<\/li>\n<li>Aizsardz\u012bbas nozar\u0113 \u0161ie cilindri tiek izmantoti ra\u0137e\u0161u palai\u0161anas iek\u0101rt\u0101s, iero\u010du tor\u0146os un tanku sist\u0113m\u0101s, lai darbin\u0101tu hidraulisk\u0101s sist\u0113mas, kas kontrol\u0113 iero\u010du un mun\u012bcijas kust\u012bbu.<\/li>\n<\/ul>\n<\/li>\n<li><strong>J\u016bras r\u016bpniec\u012bba:<\/strong> Metin\u0101tie Clevis tipa cilindri tiek pla\u0161i izmantoti ar\u012b j\u016bras r\u016bpniec\u012bb\u0101, kur tos izmanto da\u017e\u0101dos ku\u0123os, laiv\u0101s un zem\u016bdens transportl\u012bdzek\u013cos.\n<ul>\n<li>Ku\u0123niec\u012bbas nozar\u0113 metin\u0101tos skavas tipa cilindrus izmanto celt\u0146os, vin\u010d\u0101s un kravu apstr\u0101des iek\u0101rt\u0101s, lai nodro\u0161in\u0101tu nepiecie\u0161amo sp\u0113ku kravas iekrau\u0161anai un izkrau\u0161anai.<\/li>\n<li>Laivu nozar\u0113 \u0161ie cilindri tiek izmantoti st\u016bres sist\u0113m\u0101s, propelleros un enkuru sist\u0113m\u0101s, lai nodro\u0161in\u0101tu nepiecie\u0161amo sp\u0113ku laivu un ku\u0123u kust\u012bbas kontrolei.<\/li>\n<li>Zem\u016bdens transportl\u012bdzek\u013cu nozar\u0113 metin\u0101tos skavu tipa cilindrus izmanto zem\u016bden\u0113s, att\u0101lin\u0101ti vad\u0101mos transportl\u012bdzek\u013cos (ROV) un nir\u0161anas apr\u012bkojum\u0101, lai nodro\u0161in\u0101tu nepiecie\u0161amo sp\u0113ku zem\u016bdens darb\u012bb\u0101m.<\/li>\n<\/ul>\n<\/li>\n<li><strong>Kalnr\u016bpniec\u012bbas nozare:<\/strong> Metin\u0101tie Clevis tipa cilindri tiek izmantoti ar\u012b kalnr\u016bpniec\u012bbas nozar\u0113, kur tos izmanto da\u017e\u0101dos pielietojumos miner\u0101lu ieguvei un materi\u0101lu apstr\u0101dei.\n<ul>\n<li>Kalnr\u016bpniec\u012bbas nozar\u0113 metin\u0101tie Clevis tipa cilindri tiek izmantoti konveijeru sist\u0113m\u0101s, urb\u0161anas iek\u0101rt\u0101s un hidrauliskaj\u0101s l\u0101pst\u0101s, lai nodro\u0161in\u0101tu nepiecie\u0161amo sp\u0113ku miner\u0101lu un materi\u0101lu ieguvei no raktuv\u0113m un karjeriem.<\/li>\n<\/ul>\n<\/li>\n<\/ul>\n<h2>Par FMP<\/h2>\n<p><img decoding=\"async\" src=\"https:\/\/hzpt.com\/wp-content\/uploads\/2023\/12\/insert-4.webp?v=1694163707\" alt=\"\" title=\"\"><br \/>\nFMP ie\u0146em vado\u0161o poz\u012bciju It\u0101lijas mobilo ma\u0161\u012bnu hidraulisko cilindru apak\u0161tirg\u016b. M\u016bsu produktu kl\u0101st\u0101 ietilpst hidrauliskie sl\u012bpuma cilindri, hidrauliskie st\u016bres cilindri un hidrauliskie pacel\u0161anas cilindri. M\u016bsu gada ra\u017eo\u0161anas jauda ir 200\u00a0000 komplektu, tostarp 300 da\u017e\u0101du piln\u012bb\u0101 autom\u0101tisku CNC ra\u017eo\u0161anas iek\u0101rtu un piln\u012bb\u0101 autom\u0101tisku hidraulisko cilindru mont\u0101\u017eas iek\u0101rtu komplekti.<\/p>\n<h2>K\u0101p\u0113c izv\u0113l\u0113ties FMP?<\/h2>\n<p>M\u016bs izce\u013cas ar izcilu produktu kvalit\u0101ti, konkur\u0113tsp\u0113j\u012bg\u0101m cen\u0101m un lielisku klientu apkalpo\u0161anu.<\/p>\n<h3>Citi m\u016bsu pied\u0101v\u0101tie produkti<\/h3>\n<p>M\u0113s pied\u0101v\u0101jam ar\u012b augstkalnu oper\u0101ciju platformu e\u013c\u013cas cilindrus, r\u016bpniecisko transportl\u012bdzek\u013cu hidrauliskos cilindrus, rot\u0101cijas urb\u0161anas platformu e\u013c\u013cas cilindrus, kravas automa\u0161\u012bnu celt\u0146u e\u013c\u013cas cilindrus, in\u017eeniertehnisko ma\u0161\u012bnu hidrauliskos cilindrus, <b>Iekr\u0101v\u0113ja hidrauliskie cilindri<\/b>, raktuvju pa\u0161izg\u0101z\u0113ju e\u013c\u013cas cilindri un sanit\u0101rijas iek\u0101rtu hidrauliskie cilindri. M\u0113s pie\u0146emam pas\u016bt\u012bjumus p\u0113c individu\u0101la pas\u016bt\u012bjuma.<\/p>\n<h2>M\u016bsu r\u016bpn\u012bca<\/h2>\n<p><img decoding=\"async\" src=\"https:\/\/hzpt.com\/wp-content\/uploads\/2023\/12\/insert-5.webp\" alt=\"M\u016bsu r\u016bpn\u012bca\" title=\"\"><\/p>\n<h2>Bie\u017ei uzdotie jaut\u0101jumi<\/h2>\n<p>\u0160eit ir da\u017ei bie\u017ei uzdoti jaut\u0101jumi par m\u016bsu hidraulisko virzu\u013ccilindru:<\/p>\n<p>1. jaut\u0101jums: K\u0101da ir hidraulisk\u0101 virzu\u013ccilindra nestsp\u0113ja?<br \/>\nA1: Nestsp\u0113ja ir izcila un main\u0101s atkar\u012bb\u0101 no individu\u0101lajiem pas\u016bt\u012bjumiem.<\/p>\n<p>2.\u00a0jaut\u0101jums: Cik energoefekt\u012bvs ir hidrauliskais virzu\u013ccilindrs?<br \/>\nA2: M\u016bsu hidrauliskais virzu\u013ccilindrs ir \u013coti energoefekt\u012bvs, pal\u012bdzot samazin\u0101t ekspluat\u0101cijas izmaksas.<\/p>\n<p>3.\u00a0jaut\u0101jums: Cik dro\u0161s ir hidraulisk\u0101 virzu\u013ccilindra darb\u012bbai?<br \/>\nA3: Dro\u0161\u012bba ir viena no m\u016bsu galvenaj\u0101m r\u016bp\u0113m. M\u016bsu hidrauliskais virzu\u013ccilindrs nodro\u0161ina dro\u0161u darb\u012bbu.<\/p>\n<p>4.\u00a0jaut\u0101jums: K\u0101da ir FMP ra\u017eo\u0161anas jauda?<br \/>\nA4: M\u016bsu gada ra\u017eo\u0161anas jauda ir 200 000 komplektu.<br \/>\n<img decoding=\"async\" src=\"https:\/\/hzpt.com\/wp-content\/uploads\/2023\/12\/insert-1.webp\" alt=\"\" title=\"\"><\/p>\n<p>5. jaut\u0101jums: Vai j\u016bs sniedzat piel\u0101gotus pas\u016bt\u012bjumus?<br \/>\nA5: J\u0101, m\u0113s atzin\u012bgi v\u0113rt\u0113jam piel\u0101gotus pas\u016bt\u012bjumus atbilsto\u0161i j\u016bsu pras\u012bb\u0101m.<\/p>\n<p>Autors: CX<\/p>","protected":false},"excerpt":{"rendered":"<p>Product 10047 Factory Customized Hydraulic Piston Cylinder for Sale Looking for a reliable hydraulic piston cylinder for your industrial needs? Look no further than Product 10047 Factory Customized Hydraulic Piston Cylinder. Our hydraulic piston cylinder is designed with precision engineering and superior materials to ensure high performance and durability. It is capable of handling heavy-duty [&hellip;]<\/p>","protected":false},"featured_media":1127,"comment_status":"closed","ping_status":"closed","template":"","meta":{"_et_pb_use_builder":"","_et_pb_old_content":"","_et_gb_content_width":""},"product_brand":[],"product_cat":[36],"product_tag":[34,38],"class_list":{"0":"post-1055","1":"product","2":"type-product","3":"status-publish","4":"has-post-thumbnail","6":"product_cat-welded-clevis-type-cylinder","7":"product_tag-hydraulic-cylinder","8":"product_tag-welded-clevis-type-cylinder","10":"first","11":"instock","12":"product-type-simple"},"_links":{"self":[{"href":"https:\/\/fmp-components.com\/lv\/wp-json\/wp\/v2\/product\/1055","targetHints":{"allow":["GET"]}}],"collection":[{"href":"https:\/\/fmp-components.com\/lv\/wp-json\/wp\/v2\/product"}],"about":[{"href":"https:\/\/fmp-components.com\/lv\/wp-json\/wp\/v2\/types\/product"}],"replies":[{"embeddable":true,"href":"https:\/\/fmp-components.com\/lv\/wp-json\/wp\/v2\/comments?post=1055"}],"wp:featuredmedia":[{"embeddable":true,"href":"https:\/\/fmp-components.com\/lv\/wp-json\/wp\/v2\/media\/1127"}],"wp:attachment":[{"href":"https:\/\/fmp-components.com\/lv\/wp-json\/wp\/v2\/media?parent=1055"}],"wp:term":[{"taxonomy":"product_brand","embeddable":true,"href":"https:\/\/fmp-components.com\/lv\/wp-json\/wp\/v2\/product_brand?post=1055"},{"taxonomy":"product_cat","embeddable":true,"href":"https:\/\/fmp-components.com\/lv\/wp-json\/wp\/v2\/product_cat?post=1055"},{"taxonomy":"product_tag","embeddable":true,"href":"https:\/\/fmp-components.com\/lv\/wp-json\/wp\/v2\/product_tag?post=1055"}],"curies":[{"name":"wp","href":"https:\/\/api.w.org\/{rel}","templated":true}]}}