{"id":1054,"date":"2024-12-19T06:17:44","date_gmt":"2024-12-19T06:17:44","guid":{"rendered":"https:\/\/fmp-components.com\/product\/10046-chinese-factory-small-agriculture-hydraulic-cylinder-for-tractor\/"},"modified":"2025-03-18T02:22:11","modified_gmt":"2025-03-18T02:22:11","slug":"10046-italian-factory-small-agriculture-hydraulic-cylinder-for-tractor","status":"publish","type":"product","link":"https:\/\/fmp-components.com\/lv\/product\/10046-italian-factory-small-agriculture-hydraulic-cylinder-for-tractor\/","title":{"rendered":"10046 It\u0101lijas r\u016bpn\u012bcas maz\u0101 lauksaimniec\u012bbas hidrauliskais cilindrs traktoram"},"content":{"rendered":"<h2>Produkts 10046 It\u0101lijas r\u016bpn\u012bcas mazais lauksaimniec\u012bbas hidrauliskais cilindrs traktoram:<\/h2>\n<p>It\u0101lijas r\u016bpn\u012bcas 10046 mazo lauksaimniec\u012bbas traktoru hidrauliskais cilindrs ir augstas kvalit\u0101tes produkts, kas \u012bpa\u0161i paredz\u0113ts lauksaimniec\u012bbas vajadz\u012bb\u0101m. Pateicoties progres\u012bvajai hidrauliskajai tehnolo\u0123ijai, \u0161is cilindrs pied\u0101v\u0101 izcilu veiktsp\u0113ju un uzticam\u012bbu.<\/p>\n<p>\u0160o hidraulisko cilindru ra\u017eo cien\u012bjama It\u0101lijas r\u016bpn\u012bca, kas paz\u012bstama ar savu ap\u0146em\u0161anos nodro\u0161in\u0101t izcil\u012bbu un prec\u012bzu in\u017eenieriju. Katrs cilindrs ir izgatavots no iztur\u012bgiem materi\u0101liem, lai nodro\u0161in\u0101tu ilgsto\u0161u iztur\u012bbu un iztur\u012bbu pret nodilumu.<\/p>\n<p>\u0160\u012b hidraulisk\u0101 cilindra mazais izm\u0113rs padara to ide\u0101li piem\u0113rotu lauksaimniec\u012bbas traktoriem. Tas nodro\u0161ina nepiecie\u0161amo jaudu un vad\u012bbu da\u017e\u0101du lauksaimniec\u012bbas instrumentu, piem\u0113ram, iekr\u0101v\u0113ju, arklu un kombainu, darbin\u0101\u0161anai.<\/p>\n<p>Pateicoties efekt\u012bvajam dizainam, \u0161is hidrauliskais cilindrs nodro\u0161ina vienm\u0113r\u012bgu un prec\u012bzu darb\u012bbu, uzlabojot traktora kop\u0113jo produktivit\u0101ti. Tas pied\u0101v\u0101 augstu celtsp\u0113ju un lieliskas nestsp\u0113jas, \u013caujot lauksaimniekiem viegli tikt gal\u0101 ar smag\u0101m krav\u0101m.<\/p>\n<p>It\u0101\u013cu r\u016bpn\u012bcas 10046 mazo lauksaimniec\u012bbas hidraulisko cilindru traktoram ir viegli uzst\u0101d\u012bt un uztur\u0113t. Tas ir apr\u012bkots ar vis\u0101m nepiecie\u0161amaj\u0101m sast\u0101vda\u013c\u0101m un stiprin\u0101jumiem, nodro\u0161inot \u0113rtu uzst\u0101d\u012b\u0161anas procesu. Regul\u0101ra apkope uztur\u0113s cilindru optim\u0101l\u0101 st\u0101vokl\u012b, maksim\u0101li pagarinot t\u0101 kalpo\u0161anas laiku un veiktsp\u0113ju.<\/p>\n<p>Nosl\u0113gum\u0101 j\u0101saka, ka It\u0101lijas r\u016bpn\u012bcas 10046 mazo lauksaimniec\u012bbas hidrauliskais cilindrs traktoriem ir uzticams un efekt\u012bvs hidrauliskais cilindrs, kas paredz\u0113ts, lai uzlabotu traktoru lauksaimniec\u012bbas iesp\u0113jas. T\u0101 augstas kvalit\u0101tes konstrukcija un uzlabot\u0101s funkcijas padara to par lielisku izv\u0113li lauksaimniekiem, kas mekl\u0113 iztur\u012bgu un augstas veiktsp\u0113jas apr\u012bkojumu.<\/p>\n<p><img loading=\"lazy\" decoding=\"async\" class=\"alignnone size-full wp-image-1073\" src=\"https:\/\/fmp-components.com\/wp-content\/uploads\/2024\/12\/Welded-Clevis-Type-Cylinder2.webp\" alt=\"Metin\u0101ts Clevis tipa cilindrs\" width=\"800\" height=\"800\" title=\"\" srcset=\"https:\/\/fmp-components.com\/wp-content\/uploads\/2024\/12\/Welded-Clevis-Type-Cylinder2.webp 800w, https:\/\/fmp-components.com\/wp-content\/uploads\/2024\/12\/Welded-Clevis-Type-Cylinder2-480x480.webp 480w\" sizes=\"(min-width: 0px) and (max-width: 480px) 480px, (min-width: 481px) 800px, 100vw\" \/><\/p>\n<h2>Iepaz\u012bstin\u0101m ar produktu: mazais lauksaimniec\u012bbas hidrauliskais cilindrs<\/h2>\n<p>FMP ar lepnumu iepaz\u012bstina ar mazo lauksaimniec\u012bbas hidraulisko cilindru, kas ir b\u016btiska traktoru sast\u0101vda\u013ca. \u0160im hidrauliskajam cilindram ir noz\u012bm\u012bga loma lauksaimniec\u012bbas tehnikas efektivit\u0101tes un veiktsp\u0113jas uzlabo\u0161an\u0101.<\/p>\n<h3>Funkcija un noz\u012bme<\/h3>\n<p>M\u016bsu mazais lauksaimniec\u012bbas hidrauliskais cilindrs \u013cauj traktoram viegli veikt smagus uzdevumus. Tas darbojas k\u0101 b\u016btiska hidraulisk\u0101s sist\u0113mas sast\u0101vda\u013ca, p\u0101rveidojot \u0161\u0137idruma ener\u0123iju meh\u0101nisk\u0101 jaud\u0101, \u013caujot traktoram pacelt smagus priek\u0161metus un atvieglojot lauksaimniec\u012bbas darbus.<\/p>\n<h3>Produkta specifik\u0101cijas<\/h3>\n<ul>\n<li>Izm\u0113ri: Atkar\u012bgi no mode\u013ca<\/li>\n<li>Ietilp\u012bba: Atkar\u012bb\u0101 no mode\u013ca<\/li>\n<li>Nestsp\u0113ja: Augsta<\/li>\n<\/ul>\n<h2>Unik\u0101las \u012bpa\u0161\u012bbas un priek\u0161roc\u012bbas<\/h2>\n<p>M\u016bsu mazais lauksaimniec\u012bbas hidrauliskais cilindrs ir energoefekt\u012bvs, \u013coti efekt\u012bvs un nodro\u0161ina dro\u0161\u012bbu darb\u012bbas laik\u0101. Tas ir izstr\u0101d\u0101ts, lai iztur\u0113tu skarbus lauksaimniec\u012bbas apst\u0101k\u013cus un nodro\u0161in\u0101tu j\u016bsu traktoru stabilu veiktsp\u0113ju.<\/p>\n<p><img loading=\"lazy\" decoding=\"async\" class=\"alignnone size-full wp-image-1074\" src=\"https:\/\/fmp-components.com\/wp-content\/uploads\/2024\/12\/Welded-Clevis-Type-Cylinder1.webp\" alt=\"Metin\u0101ts Clevis tipa cilindrs\" width=\"800\" height=\"800\" title=\"\" srcset=\"https:\/\/fmp-components.com\/wp-content\/uploads\/2024\/12\/Welded-Clevis-Type-Cylinder1.webp 800w, https:\/\/fmp-components.com\/wp-content\/uploads\/2024\/12\/Welded-Clevis-Type-Cylinder1-480x480.webp 480w\" sizes=\"(min-width: 0px) and (max-width: 480px) 480px, (min-width: 481px) 800px, 100vw\" \/><\/p>\n<h2>Hidraulisk\u0101s sist\u0113mas un darb\u012bbas principa izpratne<\/h2>\n<p>Traktora hidraulisk\u0101 sist\u0113ma ir sare\u017e\u0123\u012bts cilindru, cauru\u013cu un v\u0101rstu t\u012bkls. T\u0101 darbojas p\u0113c Pask\u0101la likuma principa, kur spiediens, kas iedarbojas jebkur ierobe\u017eot\u0101 nesaspie\u017eam\u0101 \u0161\u0137idrum\u0101, tiek vien\u0101di p\u0101rnests visos virzienos.<\/p>\n<h2>M\u016bsu maz\u0101 lauksaimniec\u012bbas hidraulisk\u0101 cilindra pielietojums<\/h2>\n<p>M\u016bsu mazais lauksaimniec\u012bbas hidrauliskais cilindrs ir ide\u0101li piem\u0113rots maziem un vid\u0113jiem traktoriem un tiek pla\u0161i izmantots da\u017e\u0101dos lauksaimniec\u012bbas darbos, piem\u0113ram, ar\u0161an\u0101, augsnes apstr\u0101di, ec\u0113\u0161anu un citur.<\/p>\n<h2>Bie\u017ei uzdotie jaut\u0101jumi<\/h2>\n<h3>1. K\u0101da ir hidraulisk\u0101 cilindra funkcija traktor\u0101?<\/h3>\n<p>Hidrauliskais cilindrs \u013cauj traktoram viegli pacelt smagus priek\u0161metus un veikt sare\u017e\u0123\u012btus uzdevumus.<\/p>\n<h3>2. K\u0101p\u0113c izv\u0113l\u0113ties FMP mazo lauksaimniec\u012bbas hidraulisko cilindru?<\/h3>\n<p>FMP cilindri ir paz\u012bstami ar savu energoefektivit\u0101ti, augsto efektivit\u0101ti un dro\u0161\u012bbu ekspluat\u0101cijas laik\u0101.<\/p>\n<h3>3. K\u0101 darbojas hidraulisk\u0101 sist\u0113ma?<\/h3>\n<p>Tas darbojas p\u0113c Pask\u0101la likuma principa, kur spiediens, kas iedarbojas jebkur ierobe\u017eot\u0101 nesaspie\u017eam\u0101 \u0161\u0137idrum\u0101, tiek vien\u0101di p\u0101rnests visos virzienos.<\/p>\n<p><img decoding=\"async\" src=\"https:\/\/hzpt.com\/wp-content\/uploads\/2023\/12\/insert-1.webp\" alt=\"\" title=\"\"><\/p>\n<h3>4. K\u0101dus citus produktus pied\u0101v\u0101 FMP?<\/h3>\n<p>FMP pied\u0101v\u0101 ar\u012b hidrauliskos sl\u012bpuma cilindrus, hidrauliskos st\u016bres cilindrus, hidrauliskos pacel\u0161anas cilindrus un citus.<\/p>\n<h3>5. Vai es varu veikt piel\u0101gotu pas\u016bt\u012bjumu?<\/h3>\n<p>J\u0101, FMP pie\u0146em piel\u0101gotus pas\u016bt\u012bjumus, pamatojoties uz \u012bpa\u0161\u0101m pras\u012bb\u0101m.<\/p>\n<h2>Metin\u0101t\u0101 Clevis tipa cilindra priek\u0161roc\u012bbas<\/h2>\n<p>Metin\u0101ti skavu tipa cilindri ir popul\u0101ra izv\u0113le daudziem r\u016bpnieciskiem lietojumiem, pateicoties to unik\u0101laj\u0101m priek\u0161roc\u012bb\u0101m un ieguvumiem. \u0160eit ir da\u017eas no galvenaj\u0101m metin\u0101to skavu tipa cilindru priek\u0161roc\u012bb\u0101m:<\/p>\n<h3>1. Palielin\u0101ta iztur\u012bba un iztur\u012bba<\/h3>\n<p>Metin\u0101tie skavu tipa cilindri ir izgatavoti ar metin\u0101tu gala v\u0101ci\u0146u, kas nodro\u0161ina liel\u0101ku iztur\u012bbu un ilgm\u016b\u017e\u012bbu sal\u012bdzin\u0101jum\u0101 ar cita veida cilindriem. Tas padara tos ide\u0101li piem\u0113rotus lieljaudas lietojumiem, kuriem nepiecie\u0161ams augsts iztur\u012bbas un ilgm\u016b\u017e\u012bbas l\u012bmenis.<\/p>\n<p>Turkl\u0101t \u0161o cilindru metin\u0101t\u0101 konstrukcija noz\u012bm\u0113, ka tiem ir maz\u0101ka iesp\u0113ja nopl\u016bst vai saboj\u0101ties, kas var pal\u012bdz\u0113t samazin\u0101t d\u012bkst\u0101ves laiku un apkopes izmaksas.<\/p>\n<h3>2. Sp\u0113ja iztur\u0113t augstu spiedienu<\/h3>\n<p>Metin\u0101tie cilindri ar skavu tipa konstrukcij\u0101m sp\u0113j iztur\u0113t ar\u012b augstspiediena pielietojumus, padarot tos par iecien\u012btu izv\u0113li t\u0101d\u0101s nozar\u0113s k\u0101 b\u016bvniec\u012bba, ieguves r\u016bpniec\u012bba, k\u0101 ar\u012b naftas un g\u0101zes ieguve. To sp\u0113ja iztur\u0113t augstu spiedienu nodro\u0161ina uzticamu veiktsp\u0113ju sare\u017e\u0123\u012btos apst\u0101k\u013cos.<\/p>\n<h3>3. Piel\u0101gojams dizains<\/h3>\n<p>Metin\u0101tus skavu tipa cilindrus var piel\u0101got konkr\u0113tai lietojumprogrammai. Tas noz\u012bm\u0113, ka tos var piel\u0101got konkr\u0113tam izm\u0113ram, formai vai veiktsp\u0113jas pras\u012bbai. Piel\u0101gojams dizains nodro\u0161ina ar\u012b liel\u0101ku elast\u012bbu ra\u017eo\u0161anas proces\u0101, kas var ietaup\u012bt izmaksas.<\/p>\n<h3>4. Vienk\u0101r\u0161a uzst\u0101d\u012b\u0161ana<\/h3>\n<p>Metin\u0101tie skavu tipa cilindri ir paredz\u0113ti vienk\u0101r\u0161ai uzst\u0101d\u012b\u0161anai, kas pal\u012bdz samazin\u0101t uzst\u0101d\u012b\u0161anas laiku un darbasp\u0113ka izmaksas. Tie parasti ir iepriek\u0161 samont\u0113ti un gatavi lieto\u0161anai uzreiz p\u0113c iz\u0146em\u0161anas no kastes, kas samazina nepiecie\u0161am\u012bbu p\u0113c papildu deta\u013c\u0101m vai komponentiem.<\/p>\n<h3>5. Uzlabota veiktsp\u0113ja<\/h3>\n<p>Metin\u0101to skavu tipa cilindru konstrukcija nodro\u0161ina uzlabotu veiktsp\u0113ju sal\u012bdzin\u0101jum\u0101 ar cita veida cilindriem. Tie sp\u0113j rad\u012bt liel\u0101ku sp\u0113ku uz spiediena vien\u012bbu, kas var pal\u012bdz\u0113t uzlabot efektivit\u0101ti un produktivit\u0101ti r\u016bpnieciskos lietojumos.<\/p>\n<p>Kopum\u0101 metin\u0101tie cilindri ar skavu pied\u0101v\u0101 virkni priek\u0161roc\u012bbu un ieguvumu, kas padara tos par iecien\u012btu izv\u0113li daudziem r\u016bpnieciskiem lietojumiem. To paaugstin\u0101t\u0101 iztur\u012bba un ilgm\u016b\u017e\u012bba, sp\u0113ja iztur\u0113t augstu spiedienu, piel\u0101gojamais dizains, vienk\u0101r\u0161\u0101 uzst\u0101d\u012b\u0161ana un uzlabot\u0101 veiktsp\u0113ja padara tos par ide\u0101lu izv\u0113li pras\u012bg\u0101m vid\u0113m, kur uzticam\u012bba un veiktsp\u0113ja ir \u013coti svar\u012bgas.<\/p>\n<h2>Metin\u0101t\u0101 Clevis tipa cilindra pielietojums<\/h2>\n<ul>\n<li><strong>R\u016bpniecisk\u0101s iek\u0101rtas:<\/strong> Metin\u0101tie skavu tipa cilindri tiek pla\u0161i izmantoti da\u017e\u0101d\u0101s r\u016bpniecisk\u0101s iek\u0101rt\u0101s lieljaudas lietojumiem. \u0160ie cilindri sp\u0113j rad\u012bt lielu sp\u0113ku deta\u013cu pacel\u0161anai un pres\u0113\u0161anai iek\u0101rt\u0101s. Metin\u0101t\u0101 skavu konstrukcija nodro\u0161ina vienk\u0101r\u0161u uzst\u0101d\u012b\u0161anu un efekt\u012bvu darb\u012bbu, padarot to par iecien\u012btu izv\u0113li ra\u017eot\u0101ju vid\u016b.\n<ul>\n<li>Ra\u017eo\u0161anas nozar\u0113 metin\u0101tos Clevis tipa cilindrus izmanto hidrauliskaj\u0101s pres\u0113s, iesmidzin\u0101\u0161anas form\u0113\u0161anas ma\u0161\u012bn\u0101s un met\u0101la \u0161tanc\u0113\u0161anas iek\u0101rt\u0101s, lai nodro\u0161in\u0101tu nepiecie\u0161amo sp\u0113ku met\u0101la loks\u0146u form\u0113\u0161anai un veido\u0161anai.<\/li>\n<li>Automobi\u013cu r\u016bpniec\u012bb\u0101 \u0161ie cilindri tiek izmantoti automa\u0161\u012bnu domkratos, pac\u0113l\u0101jos un mont\u0101\u017eas ma\u0161\u012bn\u0101s, lai ra\u017eo\u0161anas proces\u0101 paceltu smagas deta\u013cas.<\/li>\n<li>B\u016bvniec\u012bbas nozar\u0113 metin\u0101tos Clevis tipa cilindrus izmanto celt\u0146os, ekskavatoros un buldozeros, lai darbin\u0101tu hidraulisk\u0101s sist\u0113mas, kas pace\u013c un p\u0101rvieto smagas kravas.<\/li>\n<\/ul>\n<\/li>\n<li><strong>Lauksaimniec\u012bbas tehnika:<\/strong> Lauksaimniec\u012bbas tehnika ir viena no svar\u012bg\u0101kaj\u0101m jom\u0101m, kur tiek izmantoti metin\u0101tie skavu tipa cilindri. \u0160ie cilindri tiek izmantoti da\u017e\u0101d\u0101s lauksaimniec\u012bbas tehnik\u0101, tostarp traktoros, kombainos un arklos, lai nodro\u0161in\u0101tu nepiecie\u0161amo sp\u0113ku augsnes sagatavo\u0161anai, st\u0101d\u012b\u0161anai un ra\u017eas nov\u0101k\u0161anai.\n<ul>\n<li>Lauksaimniec\u012bbas nozar\u0113 metin\u0101tos skavas tipa cilindrus izmanto arklos, kultivatoros un s\u0113jma\u0161\u012bn\u0101s, lai nodro\u0161in\u0101tu nepiecie\u0161amo sp\u0113ku augsnes sagatavo\u0161anai un s\u0113klu s\u0113\u0161anai.<\/li>\n<li>Ra\u017eas nov\u0101k\u0161anas nozar\u0113 \u0161ie cilindri tiek izmantoti kombainos, pres\u0113s un p\u013caujma\u0161\u012bn\u0101s, lai darbin\u0101tu hidraulisk\u0101s sist\u0113mas, kas sav\u0101c un transport\u0113 kult\u016braugus.<\/li>\n<\/ul>\n<\/li>\n<li><strong>Avi\u0101cija un aizsardz\u012bba:<\/strong> Metin\u0101tie Clevis tipa cilindri tiek izmantoti ar\u012b avi\u0101cijas un kosmosa un aizsardz\u012bbas nozar\u0113, kur tos pla\u0161i izmanto lidma\u0161\u012bn\u0101s, ra\u0137et\u0113s, ra\u0137et\u0113s un aizsardz\u012bbas sist\u0113m\u0101s.\n<ul>\n<li>Kosmosa avi\u0101cijas un kosmosa r\u016bpniec\u012bb\u0101 metin\u0101tos skavas tipa cilindrus izmanto lidma\u0161\u012bnu nolai\u0161an\u0101s meh\u0101nismos, atlokos un bremz\u0113s, lai nodro\u0161in\u0101tu nepiecie\u0161amo sp\u0113ku pacel\u0161an\u0101s un nolai\u0161an\u0101s laik\u0101.<\/li>\n<li>Aizsardz\u012bbas nozar\u0113 \u0161ie cilindri tiek izmantoti ra\u0137e\u0161u palai\u0161anas iek\u0101rt\u0101s, iero\u010du tor\u0146os un tanku sist\u0113m\u0101s, lai darbin\u0101tu hidraulisk\u0101s sist\u0113mas, kas kontrol\u0113 iero\u010du un mun\u012bcijas kust\u012bbu.<\/li>\n<\/ul>\n<\/li>\n<li><strong>J\u016bras r\u016bpniec\u012bba:<\/strong> Metin\u0101tie Clevis tipa cilindri tiek pla\u0161i izmantoti ar\u012b j\u016bras r\u016bpniec\u012bb\u0101, kur tos izmanto da\u017e\u0101dos ku\u0123os, laiv\u0101s un zem\u016bdens transportl\u012bdzek\u013cos.\n<ul>\n<li>Ku\u0123niec\u012bbas nozar\u0113 metin\u0101tos skavas tipa cilindrus izmanto celt\u0146os, vin\u010d\u0101s un kravu apstr\u0101des iek\u0101rt\u0101s, lai nodro\u0161in\u0101tu nepiecie\u0161amo sp\u0113ku kravas iekrau\u0161anai un izkrau\u0161anai.<\/li>\n<li>Laivu nozar\u0113 \u0161ie cilindri tiek izmantoti st\u016bres sist\u0113m\u0101s, propelleros un enkuru sist\u0113m\u0101s, lai nodro\u0161in\u0101tu nepiecie\u0161amo sp\u0113ku laivu un ku\u0123u kust\u012bbas kontrolei.<\/li>\n<li>Zem\u016bdens transportl\u012bdzek\u013cu nozar\u0113 metin\u0101tos skavu tipa cilindrus izmanto zem\u016bden\u0113s, att\u0101lin\u0101ti vad\u0101mos transportl\u012bdzek\u013cos (ROV) un nir\u0161anas apr\u012bkojum\u0101, lai nodro\u0161in\u0101tu nepiecie\u0161amo sp\u0113ku zem\u016bdens darb\u012bb\u0101m.<\/li>\n<\/ul>\n<\/li>\n<li><strong>Kalnr\u016bpniec\u012bbas nozare:<\/strong> Metin\u0101tie Clevis tipa cilindri tiek izmantoti ar\u012b kalnr\u016bpniec\u012bbas nozar\u0113, kur tos izmanto da\u017e\u0101dos pielietojumos miner\u0101lu ieguvei un materi\u0101lu apstr\u0101dei.\n<ul>\n<li>Kalnr\u016bpniec\u012bbas nozar\u0113 metin\u0101tie Clevis tipa cilindri tiek izmantoti konveijeru sist\u0113m\u0101s, urb\u0161anas iek\u0101rt\u0101s un hidrauliskaj\u0101s l\u0101pst\u0101s, lai nodro\u0161in\u0101tu nepiecie\u0161amo sp\u0113ku miner\u0101lu un materi\u0101lu ieguvei no raktuv\u0113m un karjeriem.<\/li>\n<\/ul>\n<\/li>\n<\/ul>\n<p><img decoding=\"async\" src=\"https:\/\/hzpt.com\/wp-content\/uploads\/2023\/12\/insert-2.webp\" alt=\"\" title=\"\"><\/p>\n<h2>K\u0101p\u0113c izv\u0113l\u0113ties FMP?<\/h2>\n<p>Izv\u0113lieties FMP m\u016bsu augstas kvalit\u0101tes produktu, konkur\u0113tsp\u0113j\u012bgo cenu un lielisk\u0101 servisa d\u0113\u013c. Papildus m\u016bsu mazajiem lauksaimniec\u012bbas hidrauliskajiem cilindriem m\u0113s pieg\u0101d\u0101jam ar\u012b pac\u0113l\u0101ju platformu cilindrus, r\u016bpniecisko transportl\u012bdzek\u013cu hidrauliskos cilindrus, rot\u0101cijas urb\u0161anas platformu cilindrus, kravas automa\u0161\u012bnu celt\u0146u cilindrus, celtniec\u012bbas tehnikas hidrauliskos cilindrus, <b>Iekr\u0101v\u0113ja hidrauliskie cilindri<\/b>, bezce\u013cu pa\u0161izg\u0101z\u0113ju cilindri un sanit\u0101rijas tehnikas hidrauliskie cilindri. Ir laipni gaid\u012bti individu\u0101li pas\u016bt\u012bjumi.<\/p>\n<p><img decoding=\"async\" src=\"https:\/\/hzpt.com\/wp-content\/uploads\/2023\/12\/insert-5.webp\" alt=\"\" title=\"\"><\/p>\n<p>Autors: CX<\/p>","protected":false},"excerpt":{"rendered":"<p>Product 10046 Italian Factory Small Agriculture Hydraulic Cylinder for Tractor: The 10046 Italian Factory Small Agriculture Hydraulic Cylinder for Tractor is a high-quality product designed specifically for agricultural use. With its advanced hydraulic technology, this cylinder offers exceptional performance and reliability. This hydraulic cylinder is manufactured by a reputable Italian factory known for their commitment [&hellip;]<\/p>","protected":false},"featured_media":1127,"comment_status":"closed","ping_status":"closed","template":"","meta":{"_et_pb_use_builder":"","_et_pb_old_content":"","_et_gb_content_width":""},"product_brand":[],"product_cat":[36],"product_tag":[34,38],"class_list":{"0":"post-1054","1":"product","2":"type-product","3":"status-publish","4":"has-post-thumbnail","6":"product_cat-welded-clevis-type-cylinder","7":"product_tag-hydraulic-cylinder","8":"product_tag-welded-clevis-type-cylinder","10":"first","11":"instock","12":"product-type-simple"},"_links":{"self":[{"href":"https:\/\/fmp-components.com\/lv\/wp-json\/wp\/v2\/product\/1054","targetHints":{"allow":["GET"]}}],"collection":[{"href":"https:\/\/fmp-components.com\/lv\/wp-json\/wp\/v2\/product"}],"about":[{"href":"https:\/\/fmp-components.com\/lv\/wp-json\/wp\/v2\/types\/product"}],"replies":[{"embeddable":true,"href":"https:\/\/fmp-components.com\/lv\/wp-json\/wp\/v2\/comments?post=1054"}],"wp:featuredmedia":[{"embeddable":true,"href":"https:\/\/fmp-components.com\/lv\/wp-json\/wp\/v2\/media\/1127"}],"wp:attachment":[{"href":"https:\/\/fmp-components.com\/lv\/wp-json\/wp\/v2\/media?parent=1054"}],"wp:term":[{"taxonomy":"product_brand","embeddable":true,"href":"https:\/\/fmp-components.com\/lv\/wp-json\/wp\/v2\/product_brand?post=1054"},{"taxonomy":"product_cat","embeddable":true,"href":"https:\/\/fmp-components.com\/lv\/wp-json\/wp\/v2\/product_cat?post=1054"},{"taxonomy":"product_tag","embeddable":true,"href":"https:\/\/fmp-components.com\/lv\/wp-json\/wp\/v2\/product_tag?post=1054"}],"curies":[{"name":"wp","href":"https:\/\/api.w.org\/{rel}","templated":true}]}}