{"id":1051,"date":"2024-12-19T06:17:44","date_gmt":"2024-12-19T06:17:44","guid":{"rendered":"https:\/\/fmp-components.com\/product\/10043-guaranteed-quality-hydraulic-ram-cylinder-hydraulic-cylinder-for-sale\/"},"modified":"2025-03-18T00:43:31","modified_gmt":"2025-03-18T00:43:31","slug":"10043-guaranteed-quality-hydraulic-ram-cylinder-hydraulic-cylinder-for-sale","status":"publish","type":"product","link":"https:\/\/fmp-components.com\/lv\/product\/10043-guaranteed-quality-hydraulic-ram-cylinder-hydraulic-cylinder-for-sale\/","title":{"rendered":"10043 Garant\u0113tas kvalit\u0101tes hidraulisk\u0101 cilindra hidrauliskais cilindrs p\u0101rdo\u0161anai"},"content":{"rendered":"<h2>Produkta ievads:<\/h2>\n<p>P\u0101rdo\u0161an\u0101 eso\u0161ais 10043 garant\u0113t\u0101s kvalit\u0101tes hidrauliskais cilindrs ir augst\u0101k\u0101s klases hidrauliskais cilindrs, kas paredz\u0113ts izcilas veiktsp\u0113jas un uzticam\u012bbas nodro\u0161in\u0101\u0161anai. Ar savu izcilo kvalit\u0101ti un progres\u012bvaj\u0101m tehnolo\u0123ij\u0101m \u0161is hidrauliskais cilindrs maina sp\u0113les noteikumus nozar\u0113.<\/p>\n<p>Funkcijas:<br \/>\n1. Nep\u0101rsp\u0113jama iztur\u012bba: 10043 hidrauliskais cilindrs, kas izgatavots no augstas kvalit\u0101tes materi\u0101liem, nodro\u0161ina ilgsto\u0161u iztur\u012bbu, \u013caujot tam iztur\u0113t pat vissmag\u0101kos ekspluat\u0101cijas apst\u0101k\u013cus.<br \/>\n2. Garant\u0113ta kvalit\u0101te: Katrs hidrauliskais cilindrs tiek pak\u013cauts stingriem kvalit\u0101tes kontroles pas\u0101kumiem, lai nodro\u0161in\u0101tu t\u0101 atbilst\u012bbu augst\u0101kajiem nozares standartiem, nodro\u0161inot jums uzticamu un bezprobl\u0113mu pieredzi.<br \/>\n3. Jaud\u012bga veiktsp\u0113ja: Apr\u012bkots ar modernu hidraulisko tehnolo\u0123iju, \u0161is cilindrs nodro\u0161ina izcilu jaudu un precizit\u0101ti, padarot to ide\u0101li piem\u0113rotu pras\u012bgiem lietojumiem.<br \/>\n4. Vienm\u0113r\u012bga darb\u012bba: 10043 hidrauliskais cilindrs nodro\u0161ina vienm\u0113r\u012bgu un prec\u012bzu darb\u012bbu, pateicoties t\u0101 optimiz\u0113tajam dizainam un prec\u012bzajai in\u017eenierijai.<br \/>\n5. Daudzpus\u012bgs pielietojums: \u0160is hidrauliskais cilindrs ir piem\u0113rots pla\u0161am pielietojumu kl\u0101stam, tostarp celtniec\u012bbas ma\u0161\u012bn\u0101m, lauksaimniec\u012bbai, ieguves r\u016bpniec\u012bbai un citur.<\/p>\n<p><img loading=\"lazy\" decoding=\"async\" class=\"alignnone size-full wp-image-1073\" src=\"https:\/\/fmp-components.com\/wp-content\/uploads\/2024\/12\/Welded-Clevis-Type-Cylinder2.webp\" alt=\"Metin\u0101ts Clevis tipa cilindrs\" width=\"800\" height=\"800\" title=\"\" srcset=\"https:\/\/fmp-components.com\/wp-content\/uploads\/2024\/12\/Welded-Clevis-Type-Cylinder2.webp 800w, https:\/\/fmp-components.com\/wp-content\/uploads\/2024\/12\/Welded-Clevis-Type-Cylinder2-480x480.webp 480w\" sizes=\"(min-width: 0px) and (max-width: 480px) 480px, (min-width: 481px) 800px, 100vw\" \/><\/p>\n<p>Ieguvumi:<br \/>\n1. Uzlabota efektivit\u0101te: 10043 hidraulisk\u0101 cilindra izcil\u0101 veiktsp\u0113ja nodro\u0161ina efekt\u012bvu darb\u012bbu, k\u0101 rezult\u0101t\u0101 palielin\u0101s produktivit\u0101te un samazin\u0101s d\u012bkst\u0101ves laiks.<br \/>\n2. Izmaksu zi\u0146\u0101 efekt\u012bvs risin\u0101jums: Pateicoties ilgajam kalpo\u0161anas laikam un uzticamajai veiktsp\u0113jai, \u0161is hidrauliskais cilindrs pied\u0101v\u0101 izmaksu zi\u0146\u0101 efekt\u012bvu risin\u0101jumu, ilgtermi\u0146\u0101 ietaupot j\u016bsu naudu.<br \/>\n3. Vienk\u0101r\u0161a apkope: 10043 hidrauliskais cilindrs ir izstr\u0101d\u0101ts, \u0146emot v\u0113r\u0101 lietot\u0101ja \u0113rt\u012bbas, un tam ir nepiecie\u0161ama minim\u0101la apkope, samazinot d\u012bkst\u0101ves laiku un nodro\u0161inot maksim\u0101lu efektivit\u0101ti.<br \/>\n4. Uzlabota dro\u0161\u012bba: Hidrauliskais cilindrs ir apr\u012bkots ar uzlabot\u0101m dro\u0161\u012bbas funkcij\u0101m, kas nodro\u0161ina dro\u0161u un uzticamu darb\u012bbu jebkur\u0101 darba vid\u0113.<br \/>\n5. Klientu apmierin\u0101t\u012bba: 10043 hidraulisko cilindru nodro\u0161ina lielisks klientu atbalsts, kas nodro\u0161ina j\u016bsu vajadz\u012bbu apmierin\u0101\u0161anu un j\u016bsu apmierin\u0101t\u012bbas garant\u0113\u0161anu.<\/p>\n<p>Nosl\u0113gum\u0101 j\u0101saka, ka 10043 garant\u0113t\u0101s kvalit\u0101tes hidraulisk\u0101 cilindra hidrauliskais cilindrs p\u0101rdo\u0161an\u0101 ir augst\u0101k\u0101s klases hidrauliskais cilindrs, kas pied\u0101v\u0101 izcilu veiktsp\u0113ju, iztur\u012bbu un uzticam\u012bbu. Pateicoties t\u0101 uzlabotaj\u0101m funkcij\u0101m un daudzpus\u012bgaj\u0101m pielietojuma iesp\u0113j\u0101m, tas ir lieliska izv\u0113le jebkurai nozarei, kurai nepiecie\u0161ama uzticama hidraulisk\u0101 jauda.<\/p>\n<h2>Ievads m\u016bsu hidrauliskaj\u0101 cilindr\u0101<\/h2>\n<p>Uz\u0146\u0113mum\u0101 FMP m\u0113s lepojamies ar augst\u0101k\u0101s klases hidraulisko cilindru ra\u017eo\u0161anu. M\u016bsu pieredze un ap\u0146\u0113m\u012bba nodro\u0161in\u0101t kvalit\u0101ti nodro\u0161ina, ka m\u016bsu klienti sa\u0146em tikai lab\u0101ko. Atrodamies It\u0101lij\u0101 un esam l\u012bderi hidraulisko cilindru nozar\u0113.<\/p>\n<h2>M\u016bsu hidraulisk\u0101 cilindra \u012bpa\u0161\u012bbas un priek\u0161roc\u012bbas<\/h2>\n<p>M\u016bsu hidrauliskie cilindri ir izstr\u0101d\u0101ti efektivit\u0101tei un ener\u0123ijas taup\u012b\u0161anai. Tie ir paz\u012bstami ar\u012b ar sav\u0101m dro\u0161\u012bbas funkcij\u0101m. J\u016bs varat pa\u013cauties uz m\u016bsu hidraulisko cilindru augsto nestsp\u0113ju, lai tiktu gal\u0101 ar smagiem uzdevumiem. Produkta specifika, piem\u0113ram, izm\u0113ri un jauda, \u200b\u200bir detaliz\u0113ti aprakst\u012bta tehnisko parametru sada\u013c\u0101.<\/p>\n<ol>\n<li><img decoding=\"async\" src=\"https:\/\/hzpt.com\/wp-content\/uploads\/2023\/12\/insert-1.webp\" alt=\"\" title=\"\"><\/li>\n<\/ol>\n<h2>M\u016bsu hidraulisk\u0101 cilindra tehniskie parametri<\/h2>\n<ul>\n<li>Izm\u0113ri: j\u0101aizpilda<\/li>\n<li>Ietilp\u012bba: j\u0101piepilda<\/li>\n<li>Svara nestsp\u0113ja: j\u0101piepilda<\/li>\n<\/ul>\n<h2>M\u016bsu hidraulisk\u0101 cilindra unik\u0101l\u0101s \u012bpa\u0161\u012bbas<\/h2>\n<p>FMP hidrauliskie cilindri ir ne tikai efekt\u012bvi un dro\u0161i, bet ar\u012b izstr\u0101d\u0101ti videi draudz\u012bgi. Tie ir rad\u012bti darbam augsta spiediena apst\u0101k\u013cos, neapdraudot veiktsp\u0113ju.<\/p>\n<h2>Hidraulisko sist\u0113mu darb\u012bbas princips<\/h2>\n<p>Hidraulisko sist\u0113mu darb\u012bbas princips ir balst\u012bts uz Pask\u0101la likumu. Spiediens, kas pielikts vien\u0101 punkt\u0101 sl\u0113gt\u0101 \u0161\u0137idrum\u0101, tiek vienm\u0113r\u012bgi p\u0101rnests visos virzienos, nodro\u0161inot hidraulisko cilindru darb\u012bbu.<\/p>\n<h2>M\u016bsu hidraulisk\u0101 cilindra izv\u0113le, uzst\u0101d\u012b\u0161ana un apkope<\/h2>\n<p>Pareizas hidraulisk\u0101s e\u013c\u013cas un e\u013c\u013cas bl\u012bv\u0113juma izv\u0113le ir \u013coti svar\u012bga hidraulisko cilindru efekt\u012bvai darb\u012bbai. Svar\u012bgi aspekti, kas j\u0101\u0146em v\u0113r\u0101, ir ar\u012b hidraulisko cilindru izm\u0113ri un darb\u012bba. M\u0113s sniedzam detaliz\u0113tu inform\u0101ciju un pal\u012bdz\u012bbu vis\u0101s \u0161aj\u0101s jom\u0101s.<\/p>\n<p>&nbsp;<\/p>\n<p><img decoding=\"async\" src=\"https:\/\/hzpt.com\/wp-content\/uploads\/2023\/12\/insert-3.webp\" alt=\"\" title=\"\"><\/p>\n<p>A: J\u0101, m\u0113s pied\u0101v\u0101jam piel\u0101go\u0161anas pakalpojumus. J\u016bs varat sniegt mums savas pras\u012bbas, un m\u0113s attiec\u012bgi izgatavosim produktu.<\/p>\n<h2>Metin\u0101t\u0101 Clevis tipa cilindra priek\u0161roc\u012bbas<\/h2>\n<p>Metin\u0101ti skavu tipa cilindri ir popul\u0101ra izv\u0113le daudziem r\u016bpnieciskiem lietojumiem, pateicoties to unik\u0101laj\u0101m priek\u0161roc\u012bb\u0101m un ieguvumiem. \u0160eit ir da\u017eas no galvenaj\u0101m metin\u0101to skavu tipa cilindru priek\u0161roc\u012bb\u0101m:<\/p>\n<h3>1. Palielin\u0101ta iztur\u012bba un iztur\u012bba<\/h3>\n<p>Metin\u0101tie skavu tipa cilindri ir izgatavoti ar metin\u0101tu gala v\u0101ci\u0146u, kas nodro\u0161ina liel\u0101ku iztur\u012bbu un ilgm\u016b\u017e\u012bbu sal\u012bdzin\u0101jum\u0101 ar cita veida cilindriem. Tas padara tos ide\u0101li piem\u0113rotus lieljaudas lietojumiem, kuriem nepiecie\u0161ams augsts iztur\u012bbas un ilgm\u016b\u017e\u012bbas l\u012bmenis.<\/p>\n<p>Turkl\u0101t \u0161o cilindru metin\u0101t\u0101 konstrukcija noz\u012bm\u0113, ka tiem ir maz\u0101ka iesp\u0113ja nopl\u016bst vai saboj\u0101ties, kas var pal\u012bdz\u0113t samazin\u0101t d\u012bkst\u0101ves laiku un apkopes izmaksas.<\/p>\n<h3>2. Sp\u0113ja iztur\u0113t augstu spiedienu<\/h3>\n<p>Metin\u0101tie cilindri ar skavu tipa konstrukcij\u0101m sp\u0113j iztur\u0113t ar\u012b augstspiediena pielietojumus, padarot tos par iecien\u012btu izv\u0113li t\u0101d\u0101s nozar\u0113s k\u0101 b\u016bvniec\u012bba, ieguves r\u016bpniec\u012bba, k\u0101 ar\u012b naftas un g\u0101zes ieguve. To sp\u0113ja iztur\u0113t augstu spiedienu nodro\u0161ina uzticamu veiktsp\u0113ju sare\u017e\u0123\u012btos apst\u0101k\u013cos.<\/p>\n<h3>3. Piel\u0101gojams dizains<\/h3>\n<p>Metin\u0101tus skavu tipa cilindrus var piel\u0101got konkr\u0113tai lietojumprogrammai. Tas noz\u012bm\u0113, ka tos var piel\u0101got konkr\u0113tam izm\u0113ram, formai vai veiktsp\u0113jas pras\u012bbai. Piel\u0101gojams dizains nodro\u0161ina ar\u012b liel\u0101ku elast\u012bbu ra\u017eo\u0161anas proces\u0101, kas var ietaup\u012bt izmaksas.<\/p>\n<h3>4. Vienk\u0101r\u0161a uzst\u0101d\u012b\u0161ana<\/h3>\n<p>Metin\u0101tie skavu tipa cilindri ir paredz\u0113ti vienk\u0101r\u0161ai uzst\u0101d\u012b\u0161anai, kas pal\u012bdz samazin\u0101t uzst\u0101d\u012b\u0161anas laiku un darbasp\u0113ka izmaksas. Tie parasti ir iepriek\u0161 samont\u0113ti un gatavi lieto\u0161anai uzreiz p\u0113c iz\u0146em\u0161anas no kastes, kas samazina nepiecie\u0161am\u012bbu p\u0113c papildu deta\u013c\u0101m vai komponentiem.<\/p>\n<h3>5. Uzlabota veiktsp\u0113ja<\/h3>\n<p>Metin\u0101to skavu tipa cilindru konstrukcija nodro\u0161ina uzlabotu veiktsp\u0113ju sal\u012bdzin\u0101jum\u0101 ar cita veida cilindriem. Tie sp\u0113j rad\u012bt liel\u0101ku sp\u0113ku uz spiediena vien\u012bbu, kas var pal\u012bdz\u0113t uzlabot efektivit\u0101ti un produktivit\u0101ti r\u016bpnieciskos lietojumos.<\/p>\n<p>Kopum\u0101 metin\u0101tie cilindri ar skavu pied\u0101v\u0101 virkni priek\u0161roc\u012bbu un ieguvumu, kas padara tos par iecien\u012btu izv\u0113li daudziem r\u016bpnieciskiem lietojumiem. To paaugstin\u0101t\u0101 iztur\u012bba un ilgm\u016b\u017e\u012bba, sp\u0113ja iztur\u0113t augstu spiedienu, piel\u0101gojamais dizains, vienk\u0101r\u0161\u0101 uzst\u0101d\u012b\u0161ana un uzlabot\u0101 veiktsp\u0113ja padara tos par ide\u0101lu izv\u0113li pras\u012bg\u0101m vid\u0113m, kur uzticam\u012bba un veiktsp\u0113ja ir \u013coti svar\u012bgas.<\/p>\n<p><img decoding=\"async\" src=\"https:\/\/hzpt.com\/wp-content\/uploads\/2023\/12\/insert-2.webp\" alt=\"\" title=\"\"><\/p>\n<h2>Metin\u0101t\u0101 Clevis tipa cilindra pielietojums<\/h2>\n<ul>\n<li><strong>R\u016bpniecisk\u0101s iek\u0101rtas:<\/strong> Metin\u0101tie skavu tipa cilindri tiek pla\u0161i izmantoti da\u017e\u0101d\u0101s r\u016bpniecisk\u0101s iek\u0101rt\u0101s lieljaudas lietojumiem. \u0160ie cilindri sp\u0113j rad\u012bt lielu sp\u0113ku deta\u013cu pacel\u0161anai un pres\u0113\u0161anai iek\u0101rt\u0101s. Metin\u0101t\u0101 skavu konstrukcija nodro\u0161ina vienk\u0101r\u0161u uzst\u0101d\u012b\u0161anu un efekt\u012bvu darb\u012bbu, padarot to par iecien\u012btu izv\u0113li ra\u017eot\u0101ju vid\u016b.\n<ul>\n<li>Ra\u017eo\u0161anas nozar\u0113 metin\u0101tos Clevis tipa cilindrus izmanto hidrauliskaj\u0101s pres\u0113s, iesmidzin\u0101\u0161anas form\u0113\u0161anas ma\u0161\u012bn\u0101s un met\u0101la \u0161tanc\u0113\u0161anas iek\u0101rt\u0101s, lai nodro\u0161in\u0101tu nepiecie\u0161amo sp\u0113ku met\u0101la loks\u0146u form\u0113\u0161anai un veido\u0161anai.<\/li>\n<li>Automobi\u013cu r\u016bpniec\u012bb\u0101 \u0161ie cilindri tiek izmantoti automa\u0161\u012bnu domkratos, pac\u0113l\u0101jos un mont\u0101\u017eas ma\u0161\u012bn\u0101s, lai ra\u017eo\u0161anas proces\u0101 paceltu smagas deta\u013cas.<\/li>\n<li>B\u016bvniec\u012bbas nozar\u0113 metin\u0101tos Clevis tipa cilindrus izmanto celt\u0146os, ekskavatoros un buldozeros, lai darbin\u0101tu hidraulisk\u0101s sist\u0113mas, kas pace\u013c un p\u0101rvieto smagas kravas.<\/li>\n<\/ul>\n<\/li>\n<li><strong>Lauksaimniec\u012bbas tehnika:<\/strong> Lauksaimniec\u012bbas tehnika ir viena no svar\u012bg\u0101kaj\u0101m jom\u0101m, kur tiek izmantoti metin\u0101tie skavu tipa cilindri. \u0160ie cilindri tiek izmantoti da\u017e\u0101d\u0101s lauksaimniec\u012bbas tehnik\u0101, tostarp traktoros, kombainos un arklos, lai nodro\u0161in\u0101tu nepiecie\u0161amo sp\u0113ku augsnes sagatavo\u0161anai, st\u0101d\u012b\u0161anai un ra\u017eas nov\u0101k\u0161anai.\n<ul>\n<li>Lauksaimniec\u012bbas nozar\u0113 metin\u0101tos skavas tipa cilindrus izmanto arklos, kultivatoros un s\u0113jma\u0161\u012bn\u0101s, lai nodro\u0161in\u0101tu nepiecie\u0161amo sp\u0113ku augsnes sagatavo\u0161anai un s\u0113klu s\u0113\u0161anai.<\/li>\n<li>Ra\u017eas nov\u0101k\u0161anas nozar\u0113 \u0161ie cilindri tiek izmantoti kombainos, pres\u0113s un p\u013caujma\u0161\u012bn\u0101s, lai darbin\u0101tu hidraulisk\u0101s sist\u0113mas, kas sav\u0101c un transport\u0113 kult\u016braugus.<\/li>\n<\/ul>\n<\/li>\n<li><strong>Avi\u0101cija un aizsardz\u012bba:<\/strong> Metin\u0101tie Clevis tipa cilindri tiek izmantoti ar\u012b avi\u0101cijas un kosmosa un aizsardz\u012bbas nozar\u0113, kur tos pla\u0161i izmanto lidma\u0161\u012bn\u0101s, ra\u0137et\u0113s, ra\u0137et\u0113s un aizsardz\u012bbas sist\u0113m\u0101s.\n<ul>\n<li>Kosmosa avi\u0101cijas un kosmosa r\u016bpniec\u012bb\u0101 metin\u0101tos skavas tipa cilindrus izmanto lidma\u0161\u012bnu nolai\u0161an\u0101s meh\u0101nismos, atlokos un bremz\u0113s, lai nodro\u0161in\u0101tu nepiecie\u0161amo sp\u0113ku pacel\u0161an\u0101s un nolai\u0161an\u0101s laik\u0101.<\/li>\n<li>Aizsardz\u012bbas nozar\u0113 \u0161ie cilindri tiek izmantoti ra\u0137e\u0161u palai\u0161anas iek\u0101rt\u0101s, iero\u010du tor\u0146os un tanku sist\u0113m\u0101s, lai darbin\u0101tu hidraulisk\u0101s sist\u0113mas, kas kontrol\u0113 iero\u010du un mun\u012bcijas kust\u012bbu.<\/li>\n<\/ul>\n<\/li>\n<li><strong>J\u016bras r\u016bpniec\u012bba:<\/strong> Metin\u0101tie Clevis tipa cilindri tiek pla\u0161i izmantoti ar\u012b j\u016bras r\u016bpniec\u012bb\u0101, kur tos izmanto da\u017e\u0101dos ku\u0123os, laiv\u0101s un zem\u016bdens transportl\u012bdzek\u013cos.\n<ul>\n<li>Ku\u0123niec\u012bbas nozar\u0113 metin\u0101tos skavas tipa cilindrus izmanto celt\u0146os, vin\u010d\u0101s un kravu apstr\u0101des iek\u0101rt\u0101s, lai nodro\u0161in\u0101tu nepiecie\u0161amo sp\u0113ku kravas iekrau\u0161anai un izkrau\u0161anai.<\/li>\n<li>Laivu nozar\u0113 \u0161ie cilindri tiek izmantoti st\u016bres sist\u0113m\u0101s, propelleros un enkuru sist\u0113m\u0101s, lai nodro\u0161in\u0101tu nepiecie\u0161amo sp\u0113ku laivu un ku\u0123u kust\u012bbas kontrolei.<\/li>\n<li>Zem\u016bdens transportl\u012bdzek\u013cu nozar\u0113 metin\u0101tos skavu tipa cilindrus izmanto zem\u016bden\u0113s, att\u0101lin\u0101ti vad\u0101mos transportl\u012bdzek\u013cos (ROV) un nir\u0161anas apr\u012bkojum\u0101, lai nodro\u0161in\u0101tu nepiecie\u0161amo sp\u0113ku zem\u016bdens darb\u012bb\u0101m.<\/li>\n<\/ul>\n<\/li>\n<li><strong>Kalnr\u016bpniec\u012bbas nozare:<\/strong> Metin\u0101tie Clevis tipa cilindri tiek izmantoti ar\u012b kalnr\u016bpniec\u012bbas nozar\u0113, kur tos izmanto da\u017e\u0101dos pielietojumos miner\u0101lu ieguvei un materi\u0101lu apstr\u0101dei.\n<ul>\n<li>Kalnr\u016bpniec\u012bbas nozar\u0113 metin\u0101tie Clevis tipa cilindri tiek izmantoti konveijeru sist\u0113m\u0101s, urb\u0161anas iek\u0101rt\u0101s un hidrauliskaj\u0101s l\u0101pst\u0101s, lai nodro\u0161in\u0101tu nepiecie\u0161amo sp\u0113ku miner\u0101lu un materi\u0101lu ieguvei no raktuv\u0113m un karjeriem.<\/li>\n<\/ul>\n<\/li>\n<\/ul>\n<h2>Par FMP<\/h2>\n<p>FMP ir vado\u0161ais hidraulisko cilindru ra\u017eot\u0101js It\u0101lij\u0101. M\u016bsu ra\u017eo\u0161anas jauda ir 200\u00a0000 komplektu, un mums pieder 300 da\u017e\u0101du veidu piln\u012bb\u0101 autom\u0101tisku CNC ra\u017eo\u0161anas iek\u0101rtu komplekti. M\u016bsu produktu kl\u0101st\u0101 ietilpst hidrauliskie sl\u012bpuma cilindri, hidrauliskie st\u016bres cilindri un hidrauliskie pacel\u0161anas cilindri.<\/p>\n<p>M\u0113s pied\u0101v\u0101jam augstas kvalit\u0101tes produktus, konkur\u0113tsp\u0113j\u012bgas cenas un lielisku servisu. M\u016bsu hidrauliskie cilindri, pac\u0113l\u0101ju darba platformu cilindri, r\u016bpniecisko transportl\u012bdzek\u013cu hidrauliskie cilindri, rot\u0101cijas urb\u0161anas platformu cilindri, kravas automa\u0161\u012bnu celt\u0146u cilindri, celtniec\u012bbas tehnikas hidrauliskie cilindri, <b>Iekr\u0101v\u0113ja hidrauliskie cilindri<\/b>, kalnr\u016bpniec\u012bbas pa\u0161izg\u0101z\u0113ju cilindri, sanit\u0101rijas ma\u0161\u012bnu hidrauliskie cilindri ir pieejami piel\u0101go\u0161anai atbilsto\u0161i j\u016bsu pras\u012bb\u0101m.<\/p>\n<p><img decoding=\"async\" src=\"https:\/\/hzpt.com\/wp-content\/uploads\/2023\/12\/insert-5.webp\" alt=\"FMP r\u016bpn\u012bca\" title=\"\"><\/p>\n<p>Autors: CX<\/p>","protected":false},"excerpt":{"rendered":"<p>Product Introduction: The 10043 Guaranteed Quality Hydraulic Ram Cylinder Hydraulic Cylinder For Sale is a top-notch hydraulic cylinder designed to deliver exceptional performance and reliability. With its superior quality and advanced technology, this hydraulic cylinder is a game-changer in the industry. Features: 1. Unparalleled Durability: Built with high-quality materials, the 10043 hydraulic cylinder ensures long-lasting [&hellip;]<\/p>","protected":false},"featured_media":1127,"comment_status":"closed","ping_status":"closed","template":"","meta":{"_et_pb_use_builder":"","_et_pb_old_content":"","_et_gb_content_width":""},"product_brand":[],"product_cat":[36],"product_tag":[34,38],"class_list":{"0":"post-1051","1":"product","2":"type-product","3":"status-publish","4":"has-post-thumbnail","6":"product_cat-welded-clevis-type-cylinder","7":"product_tag-hydraulic-cylinder","8":"product_tag-welded-clevis-type-cylinder","10":"first","11":"instock","12":"product-type-simple"},"_links":{"self":[{"href":"https:\/\/fmp-components.com\/lv\/wp-json\/wp\/v2\/product\/1051","targetHints":{"allow":["GET"]}}],"collection":[{"href":"https:\/\/fmp-components.com\/lv\/wp-json\/wp\/v2\/product"}],"about":[{"href":"https:\/\/fmp-components.com\/lv\/wp-json\/wp\/v2\/types\/product"}],"replies":[{"embeddable":true,"href":"https:\/\/fmp-components.com\/lv\/wp-json\/wp\/v2\/comments?post=1051"}],"wp:featuredmedia":[{"embeddable":true,"href":"https:\/\/fmp-components.com\/lv\/wp-json\/wp\/v2\/media\/1127"}],"wp:attachment":[{"href":"https:\/\/fmp-components.com\/lv\/wp-json\/wp\/v2\/media?parent=1051"}],"wp:term":[{"taxonomy":"product_brand","embeddable":true,"href":"https:\/\/fmp-components.com\/lv\/wp-json\/wp\/v2\/product_brand?post=1051"},{"taxonomy":"product_cat","embeddable":true,"href":"https:\/\/fmp-components.com\/lv\/wp-json\/wp\/v2\/product_cat?post=1051"},{"taxonomy":"product_tag","embeddable":true,"href":"https:\/\/fmp-components.com\/lv\/wp-json\/wp\/v2\/product_tag?post=1051"}],"curies":[{"name":"wp","href":"https:\/\/api.w.org\/{rel}","templated":true}]}}