{"id":1048,"date":"2024-12-19T06:17:44","date_gmt":"2024-12-19T06:17:44","guid":{"rendered":"https:\/\/fmp-components.com\/product\/10040-high-end-small-piston-hydraulic-cylinder-for-trailer\/"},"modified":"2024-12-23T08:58:10","modified_gmt":"2024-12-23T08:58:10","slug":"10040-high-end-small-piston-hydraulic-cylinder-for-trailer","status":"publish","type":"product","link":"https:\/\/fmp-components.com\/lv\/product\/10040-high-end-small-piston-hydraulic-cylinder-for-trailer\/","title":{"rendered":"10040 Augstas klases maza virzu\u013ca hidrauliskais cilindrs piekabei"},"content":{"rendered":"<h2>Produkta ievads:<\/h2>\n<p>10040 augstas klases maza virzu\u013ca hidrauliskais cilindrs piekabei ir jaud\u012bgs un uzticams hidrauliskais cilindrs, kas paredz\u0113ts izmanto\u0161anai da\u017e\u0101dos r\u016bpnieciskos un komerci\u0101los pielietojumos. \u0160im cilindram ir augstas kvalit\u0101tes materi\u0101li un uzlabotas in\u017eenierijas, lai nodro\u0161in\u0101tu izcilu veiktsp\u0113ju, iztur\u012bbu un efektivit\u0101ti.<\/p>\n<p>Ar virzu\u013ca diametru 100 mm un g\u0101jiena garumu 40 mm \u0161is hidrauliskais cilindrs ir ide\u0101li piem\u0113rots lieto\u0161anai mazos un vid\u0113ja izm\u0113ra piekab\u0113s, nodro\u0161inot vienm\u0113r\u012bgu un uzticamu darb\u012bbu pat vissare\u017e\u0123\u012bt\u0101kajos apst\u0101k\u013cos. Cilindrs ir izgatavots no augstas kvalit\u0101tes t\u0113rauda un ir prec\u012bzi izstr\u0101d\u0101ts un ra\u017eots, lai nodro\u0161in\u0101tu ilgsto\u0161u veiktsp\u0113ju un uzticam\u012bbu.<\/p>\n<p>10040 augstas klases maza virzu\u013ca hidrauliskais cilindrs piekabei ir apr\u012bkots ar\u012b ar uzlabotu bl\u012bv\u0113\u0161anas tehnolo\u0123iju, lai nov\u0113rstu nopl\u016bdes un nodro\u0161in\u0101tu optim\u0101lu veiktsp\u0113ju. Cilindru ir viegli uzst\u0101d\u012bt un uztur\u0113t, padarot to par ide\u0101lu izv\u0113li jebkuram r\u016bpnieciskam vai komerci\u0101lam pielietojumam, kur ir nepiecie\u0161ama uzticama hidraulisk\u0101 jauda.<\/p>\n<p>Neatkar\u012bgi no t\u0101, vai mekl\u0113jat iztur\u012bgu un efekt\u012bvu hidraulisko cilindru savai piekabei vai ar\u012b jums ir nepiecie\u0161ams uzticams risin\u0101jums r\u016bpnieciskiem vai komerci\u0101liem lietojumiem, 10040 augstas klases mazais virzu\u013chidrauliskais cilindrs piekabei ir lieliska izv\u0113le. Ar savu izcilo veiktsp\u0113ju, iztur\u012bbu un efektivit\u0101ti \u0161is cilindrs ir izstr\u0101d\u0101ts, lai apmierin\u0101tu pat vispras\u012bg\u0101ko lietojumu vajadz\u012bbas.<\/p>\n<p><img decoding=\"async\" src=\"https:\/\/hzpt.com\/wp-content\/uploads\/2023\/12\/insert-1.webp\" alt=\"\" title=\"\"><\/p>\n<h2>Par produktu<\/h2>\n<p>M\u016bsu augstas klases maza izm\u0113ra virzu\u013chidrauliskais cilindrs ir augst\u0101k\u0101s klases produkts, kas izstr\u0101d\u0101ts ar jaudu un precizit\u0101ti, lai atbalst\u012btu da\u017e\u0101dus piekabju pielietojumus. Dibin\u0101ts 2006. gad\u0101, FMP ir apmierin\u0101jis smag\u0101s tehnikas nozares vajadz\u012bbas, pied\u0101v\u0101jot uzticamus un efekt\u012bvus hidrauliskos risin\u0101jumus.<\/p>\n<h2>Funkcijas un priek\u0161roc\u012bbas<\/h2>\n<h3>Produkta specifik\u0101cijas<\/h3>\n<p>M\u016bsu hidrauliskais cilindrs lepojas ar izciliem tehniskajiem parametriem, piem\u0113ram, kompaktu izm\u0113ru, lielu jaudu un iev\u0113rojamu nestsp\u0113ju.<\/p>\n<h3>Unik\u0101li p\u0101rdo\u0161anas argumenti<\/h3>\n<p>\u0160is hidrauliskais cilindrs izce\u013cas ar ener\u0123ijas taup\u012b\u0161anas iesp\u0113j\u0101m, augsto efektivit\u0101ti un dro\u0161\u012bbas funkcij\u0101m. Tas ir izstr\u0101d\u0101ts, lai nodro\u0161in\u0101tu nep\u0101rsp\u0113jamu veiktsp\u0113ju pat skarbos darba apst\u0101k\u013cos.<\/p>\n<h2>Hidraulisk\u0101s sist\u0113mas un darb\u012bbas principi<\/h2>\n<p>M\u016bsu hidrauliskais cilindrs ir neat\u0146emama hidraulisko sist\u0113mu sast\u0101vda\u013ca, kas p\u0101rveido \u0161\u0137idruma spiedienu meh\u0101nisk\u0101 sp\u0113k\u0101. \u0160\u012b jauda darbina virzuli, \u013caujot hidrauliskajam cilindram veikt savu funkciju.<\/p>\n<h2>Pieteikumi<\/h2>\n<p>M\u016bsu augstas klases maza izm\u0113ra virzu\u013chidrauliskais cilindrs ir ide\u0101li piem\u0113rots piekabju lietojumprogramm\u0101m, uzlabojot manevr\u0113tsp\u0113ju un darb\u012bbas efektivit\u0101ti.<\/p>\n<h2>Par hidrauliskajiem cilindriem<\/h2>\n<p>Hidrauliskajiem cilindriem ir bag\u0101ta v\u0113sture, da\u017e\u0101das klasifik\u0101cijas un neskait\u0101mas priek\u0161roc\u012bbas. S\u0101kot no uzst\u0101d\u012b\u0161anas l\u012bdz apkopei, katrs \u0161o komponentu aspekts ir iz\u0161\u0137iro\u0161s optim\u0101lai veiktsp\u0113jai.<\/p>\n<h2>Produktu izv\u0113le<\/h2>\n<p>Pareizas hidraulisk\u0101s e\u013c\u013cas un e\u013c\u013cas bl\u012bv\u0113juma izv\u0113le var b\u016btiski ietekm\u0113t j\u016bsu hidraulisk\u0101 cilindra ilgm\u016b\u017e\u012bbu un veiktsp\u0113ju. M\u0113s pied\u0101v\u0101jam ar\u012b nor\u0101d\u012bjumus par to, kad un k\u0101 nomain\u012bt \u0161\u012bs sast\u0101vda\u013cas, k\u0101 izm\u0113r\u012bt hidraulisko cilindru un k\u0101 tas darbojas.<\/p>\n<h2>Par FMP<\/h2>\n<p>FMP ie\u0146em vado\u0161o poz\u012bciju It\u0101lijas mobilo ma\u0161\u012bnu hidraulisko cilindru tirg\u016b. M\u016bsu produktu portfel\u012b ietilpst hidrauliskie sl\u012bpuma cilindri, st\u016bres cilindri un pacel\u0161anas cilindri. Ar projekt\u0113to jaudu 200\u00a0000 komplektu, mums ir 300 da\u017e\u0101du autom\u0101tisko CNC ra\u017eo\u0161anas iek\u0101rtu un piln\u012bb\u0101 autom\u0101tisku hidraulisko cilindru mont\u0101\u017eas iek\u0101rtu komplekti.<\/p>\n<h2>K\u0101p\u0113c izv\u0113l\u0113ties FMP?<\/h2>\n<p>FMP ir ap\u0146\u0113mies pieg\u0101d\u0101t kvalitat\u012bvus produktus par konkur\u0113tsp\u0113j\u012bg\u0101m cen\u0101m, sniedzot uzman\u012bgu apkalpo\u0161anu. M\u0113s pied\u0101v\u0101jam ar\u012b piel\u0101go\u0161anas pakalpojumus, pamatojoties uz \u012bpa\u0161iem klientu sniegtiem ras\u0113jumiem vai paraugiem.<\/p>\n<p>M\u0113s pieg\u0101d\u0101jam ar\u012b hidrauliskos cilindrus pace\u013camaj\u0101m darba platform\u0101m, r\u016bpnieciskajiem transportl\u012bdzek\u013ciem, rot\u0101cijas urb\u0161anas platform\u0101m, autocelt\u0146iem, celtniec\u012bbas ma\u0161\u012bn\u0101m, iekr\u0101v\u0113jiem, kalnr\u016bpniec\u012bbas pa\u0161izg\u0101z\u0113jiem un sanit\u0101raj\u0101m iek\u0101rt\u0101m.<\/p>\n<h2>Bie\u017ei uzdotie jaut\u0101jumi<\/h2>\n<h3>1. jaut\u0101jums: K\u0101da ir augstas klases maz\u0101 virzu\u013chidraulisk\u0101 cilindra nestsp\u0113ja?<\/h3>\n<p>A1: Konkr\u0113t\u0101 nestsp\u0113ja ir atkar\u012bga no mode\u013ca. Lai ieg\u016btu prec\u012bzu inform\u0101ciju, l\u016bdzu, skatiet produkta specifik\u0101cijas vai sazinieties ar m\u016bsu klientu apkalpo\u0161anas dienestu.<\/p>\n<h3>2.\u00a0jaut\u0101jums: Cik bie\u017ei man j\u0101maina hidraulisk\u0101 e\u013c\u013ca un e\u013c\u013cas bl\u012bvsl\u0113gs?<\/h3>\n<p>A2: Nomai\u0146as bie\u017eums ir atkar\u012bgs no j\u016bsu lieto\u0161anas veida. Regul\u0101ra p\u0101rbaude var pal\u012bdz\u0113t noteikt optim\u0101lo nomai\u0146as laiku.<\/p>\n<h3>3. jaut\u0101jums: K\u0101 es varu izm\u0113r\u012bt savu hidraulisko cilindru?<\/h3>\n<p>A3: Hidraulisk\u0101 cilindra m\u0113r\u012b\u0161ana ietver t\u0101 urbuma urbuma, stie\u0146a diametra un g\u0101jiena garuma apr\u0113\u0137in\u0101\u0161anu. Ja jums nepiecie\u0161ama pal\u012bdz\u012bba, m\u016bsu klientu apkalpo\u0161anas komanda ir gatava pal\u012bdz\u0113t.<\/p>\n<h3>4. jaut\u0101jums: Vai es varu piel\u0101got savu hidraulisko cilindru?<\/h3>\n<p>A4: J\u0101, m\u0113s pied\u0101v\u0101jam piel\u0101go\u0161anas pakalpojumus, pamatojoties uz klienta sniegtajiem konkr\u0113tajiem ras\u0113jumiem vai paraugiem.<\/p>\n<h3>5. jaut\u0101jums: K\u0101 darbojas augstas klases mazais virzu\u013chidrauliskais cilindrs?<\/h3>\n<p>A5: Hidrauliskais cilindrs darbojas, p\u0101rveidojot \u0161\u0137idruma spiedienu meh\u0101nisk\u0101 sp\u0113k\u0101, kas darbina virzuli, lai t\u0101 veiktu savu funkciju.<\/p>\n<h2>Metin\u0101t\u0101 Clevis tipa cilindra priek\u0161roc\u012bbas<\/h2>\n<p>Metin\u0101ti skavu tipa cilindri ir popul\u0101ra izv\u0113le daudziem r\u016bpnieciskiem lietojumiem, pateicoties to unik\u0101laj\u0101m priek\u0161roc\u012bb\u0101m un ieguvumiem. \u0160eit ir da\u017eas no galvenaj\u0101m metin\u0101to skavu tipa cilindru priek\u0161roc\u012bb\u0101m:<\/p>\n<h3>1. Palielin\u0101ta iztur\u012bba un iztur\u012bba<\/h3>\n<p>Metin\u0101tie skavu tipa cilindri ir izgatavoti ar metin\u0101tu gala v\u0101ci\u0146u, kas nodro\u0161ina liel\u0101ku iztur\u012bbu un ilgm\u016b\u017e\u012bbu sal\u012bdzin\u0101jum\u0101 ar cita veida cilindriem. Tas padara tos ide\u0101li piem\u0113rotus lieljaudas lietojumiem, kuriem nepiecie\u0161ams augsts iztur\u012bbas un ilgm\u016b\u017e\u012bbas l\u012bmenis.<\/p>\n<p>Turkl\u0101t \u0161o cilindru metin\u0101t\u0101 konstrukcija noz\u012bm\u0113, ka tiem ir maz\u0101ka iesp\u0113ja nopl\u016bst vai saboj\u0101ties, kas var pal\u012bdz\u0113t samazin\u0101t d\u012bkst\u0101ves laiku un apkopes izmaksas.<\/p>\n<h3>2. Sp\u0113ja iztur\u0113t augstu spiedienu<\/h3>\n<p>Metin\u0101tie cilindri ar skavu tipa konstrukcij\u0101m sp\u0113j iztur\u0113t ar\u012b augstspiediena pielietojumus, padarot tos par iecien\u012btu izv\u0113li t\u0101d\u0101s nozar\u0113s k\u0101 b\u016bvniec\u012bba, ieguves r\u016bpniec\u012bba, k\u0101 ar\u012b naftas un g\u0101zes ieguve. To sp\u0113ja iztur\u0113t augstu spiedienu nodro\u0161ina uzticamu veiktsp\u0113ju sare\u017e\u0123\u012btos apst\u0101k\u013cos.<\/p>\n<h3>3. Piel\u0101gojams dizains<\/h3>\n<p>Metin\u0101tus skavu tipa cilindrus var piel\u0101got konkr\u0113tai lietojumprogrammai. Tas noz\u012bm\u0113, ka tos var piel\u0101got konkr\u0113tam izm\u0113ram, formai vai veiktsp\u0113jas pras\u012bbai. Piel\u0101gojams dizains nodro\u0161ina ar\u012b liel\u0101ku elast\u012bbu ra\u017eo\u0161anas proces\u0101, kas var ietaup\u012bt izmaksas.<\/p>\n<h3>4. Vienk\u0101r\u0161a uzst\u0101d\u012b\u0161ana<\/h3>\n<p>Metin\u0101tie skavu tipa cilindri ir paredz\u0113ti vienk\u0101r\u0161ai uzst\u0101d\u012b\u0161anai, kas pal\u012bdz samazin\u0101t uzst\u0101d\u012b\u0161anas laiku un darbasp\u0113ka izmaksas. Tie parasti ir iepriek\u0161 samont\u0113ti un gatavi lieto\u0161anai uzreiz p\u0113c iz\u0146em\u0161anas no kastes, kas samazina nepiecie\u0161am\u012bbu p\u0113c papildu deta\u013c\u0101m vai komponentiem.<\/p>\n<h3>5. Uzlabota veiktsp\u0113ja<\/h3>\n<p>Metin\u0101to skavu tipa cilindru konstrukcija nodro\u0161ina uzlabotu veiktsp\u0113ju sal\u012bdzin\u0101jum\u0101 ar cita veida cilindriem. Tie sp\u0113j rad\u012bt liel\u0101ku sp\u0113ku uz spiediena vien\u012bbu, kas var pal\u012bdz\u0113t uzlabot efektivit\u0101ti un produktivit\u0101ti r\u016bpnieciskos lietojumos.<\/p>\n<p>Kopum\u0101 metin\u0101tie cilindri ar skavu pied\u0101v\u0101 virkni priek\u0161roc\u012bbu un ieguvumu, kas padara tos par iecien\u012btu izv\u0113li daudziem r\u016bpnieciskiem lietojumiem. To paaugstin\u0101t\u0101 iztur\u012bba un ilgm\u016b\u017e\u012bba, sp\u0113ja iztur\u0113t augstu spiedienu, piel\u0101gojamais dizains, vienk\u0101r\u0161\u0101 uzst\u0101d\u012b\u0161ana un uzlabot\u0101 veiktsp\u0113ja padara tos par ide\u0101lu izv\u0113li pras\u012bg\u0101m vid\u0113m, kur uzticam\u012bba un veiktsp\u0113ja ir \u013coti svar\u012bgas.<\/p>\n<p><img loading=\"lazy\" decoding=\"async\" class=\"alignnone size-full wp-image-1074\" src=\"https:\/\/fmp-components.com\/wp-content\/uploads\/2024\/12\/Welded-Clevis-Type-Cylinder1.webp\" alt=\"Metin\u0101ts Clevis tipa cilindrs\" width=\"800\" height=\"800\" title=\"\" srcset=\"https:\/\/fmp-components.com\/wp-content\/uploads\/2024\/12\/Welded-Clevis-Type-Cylinder1.webp 800w, https:\/\/fmp-components.com\/wp-content\/uploads\/2024\/12\/Welded-Clevis-Type-Cylinder1-480x480.webp 480w\" sizes=\"(min-width: 0px) and (max-width: 480px) 480px, (min-width: 481px) 800px, 100vw\" \/><\/p>\n<h2>Metin\u0101t\u0101 Clevis tipa cilindra pielietojums<\/h2>\n<ul>\n<li><strong>R\u016bpniecisk\u0101s iek\u0101rtas:<\/strong> Metin\u0101tie skavu tipa cilindri tiek pla\u0161i izmantoti da\u017e\u0101d\u0101s r\u016bpniecisk\u0101s iek\u0101rt\u0101s lieljaudas lietojumiem. \u0160ie cilindri sp\u0113j rad\u012bt lielu sp\u0113ku deta\u013cu pacel\u0161anai un pres\u0113\u0161anai iek\u0101rt\u0101s. Metin\u0101t\u0101 skavu konstrukcija nodro\u0161ina vienk\u0101r\u0161u uzst\u0101d\u012b\u0161anu un efekt\u012bvu darb\u012bbu, padarot to par iecien\u012btu izv\u0113li ra\u017eot\u0101ju vid\u016b.\n<ul>\n<li>Ra\u017eo\u0161anas nozar\u0113 metin\u0101tos Clevis tipa cilindrus izmanto hidrauliskaj\u0101s pres\u0113s, iesmidzin\u0101\u0161anas form\u0113\u0161anas ma\u0161\u012bn\u0101s un met\u0101la \u0161tanc\u0113\u0161anas iek\u0101rt\u0101s, lai nodro\u0161in\u0101tu nepiecie\u0161amo sp\u0113ku met\u0101la loks\u0146u form\u0113\u0161anai un veido\u0161anai.<\/li>\n<li>Automobi\u013cu r\u016bpniec\u012bb\u0101 \u0161ie cilindri tiek izmantoti automa\u0161\u012bnu domkratos, pac\u0113l\u0101jos un mont\u0101\u017eas ma\u0161\u012bn\u0101s, lai ra\u017eo\u0161anas proces\u0101 paceltu smagas deta\u013cas.<\/li>\n<li>B\u016bvniec\u012bbas nozar\u0113 metin\u0101tos Clevis tipa cilindrus izmanto celt\u0146os, ekskavatoros un buldozeros, lai darbin\u0101tu hidraulisk\u0101s sist\u0113mas, kas pace\u013c un p\u0101rvieto smagas kravas.<\/li>\n<\/ul>\n<\/li>\n<li><strong>Lauksaimniec\u012bbas tehnika:<\/strong> Lauksaimniec\u012bbas tehnika ir viena no svar\u012bg\u0101kaj\u0101m jom\u0101m, kur tiek izmantoti metin\u0101tie skavu tipa cilindri. \u0160ie cilindri tiek izmantoti da\u017e\u0101d\u0101s lauksaimniec\u012bbas tehnik\u0101, tostarp traktoros, kombainos un arklos, lai nodro\u0161in\u0101tu nepiecie\u0161amo sp\u0113ku augsnes sagatavo\u0161anai, st\u0101d\u012b\u0161anai un ra\u017eas nov\u0101k\u0161anai.\n<ul>\n<li>Lauksaimniec\u012bbas nozar\u0113 metin\u0101tos skavas tipa cilindrus izmanto arklos, kultivatoros un s\u0113jma\u0161\u012bn\u0101s, lai nodro\u0161in\u0101tu nepiecie\u0161amo sp\u0113ku augsnes sagatavo\u0161anai un s\u0113klu s\u0113\u0161anai.<\/li>\n<li>Ra\u017eas nov\u0101k\u0161anas nozar\u0113 \u0161ie cilindri tiek izmantoti kombainos, pres\u0113s un p\u013caujma\u0161\u012bn\u0101s, lai darbin\u0101tu hidraulisk\u0101s sist\u0113mas, kas sav\u0101c un transport\u0113 kult\u016braugus.<\/li>\n<\/ul>\n<\/li>\n<li><strong>Avi\u0101cija un aizsardz\u012bba:<\/strong> Metin\u0101tie Clevis tipa cilindri tiek izmantoti ar\u012b avi\u0101cijas un kosmosa un aizsardz\u012bbas nozar\u0113, kur tos pla\u0161i izmanto lidma\u0161\u012bn\u0101s, ra\u0137et\u0113s, ra\u0137et\u0113s un aizsardz\u012bbas sist\u0113m\u0101s.\n<ul>\n<li>Kosmosa avi\u0101cijas un kosmosa r\u016bpniec\u012bb\u0101 metin\u0101tos skavas tipa cilindrus izmanto lidma\u0161\u012bnu nolai\u0161an\u0101s meh\u0101nismos, atlokos un bremz\u0113s, lai nodro\u0161in\u0101tu nepiecie\u0161amo sp\u0113ku pacel\u0161an\u0101s un nolai\u0161an\u0101s laik\u0101.<\/li>\n<li>Aizsardz\u012bbas nozar\u0113 \u0161ie cilindri tiek izmantoti ra\u0137e\u0161u palai\u0161anas iek\u0101rt\u0101s, iero\u010du tor\u0146os un tanku sist\u0113m\u0101s, lai darbin\u0101tu hidraulisk\u0101s sist\u0113mas, kas kontrol\u0113 iero\u010du un mun\u012bcijas kust\u012bbu.<\/li>\n<\/ul>\n<\/li>\n<li><strong>J\u016bras r\u016bpniec\u012bba:<\/strong> Metin\u0101tie Clevis tipa cilindri tiek pla\u0161i izmantoti ar\u012b j\u016bras r\u016bpniec\u012bb\u0101, kur tos izmanto da\u017e\u0101dos ku\u0123os, laiv\u0101s un zem\u016bdens transportl\u012bdzek\u013cos.\n<ul>\n<li>Ku\u0123niec\u012bbas nozar\u0113 metin\u0101tos skavas tipa cilindrus izmanto celt\u0146os, vin\u010d\u0101s un kravu apstr\u0101des iek\u0101rt\u0101s, lai nodro\u0161in\u0101tu nepiecie\u0161amo sp\u0113ku kravas iekrau\u0161anai un izkrau\u0161anai.<\/li>\n<li>Laivu nozar\u0113 \u0161ie cilindri tiek izmantoti st\u016bres sist\u0113m\u0101s, propelleros un enkuru sist\u0113m\u0101s, lai nodro\u0161in\u0101tu nepiecie\u0161amo sp\u0113ku laivu un ku\u0123u kust\u012bbas kontrolei.<\/li>\n<li>Zem\u016bdens transportl\u012bdzek\u013cu nozar\u0113 metin\u0101tos skavu tipa cilindrus izmanto zem\u016bden\u0113s, att\u0101lin\u0101ti vad\u0101mos transportl\u012bdzek\u013cos (ROV) un nir\u0161anas apr\u012bkojum\u0101, lai nodro\u0161in\u0101tu nepiecie\u0161amo sp\u0113ku zem\u016bdens darb\u012bb\u0101m.<\/li>\n<\/ul>\n<\/li>\n<li><strong>Kalnr\u016bpniec\u012bbas nozare:<\/strong> Metin\u0101tie Clevis tipa cilindri tiek izmantoti ar\u012b kalnr\u016bpniec\u012bbas nozar\u0113, kur tos izmanto da\u017e\u0101dos pielietojumos miner\u0101lu ieguvei un materi\u0101lu apstr\u0101dei.\n<ul>\n<li>Kalnr\u016bpniec\u012bbas nozar\u0113 metin\u0101tie Clevis tipa cilindri tiek izmantoti konveijeru sist\u0113m\u0101s, urb\u0161anas iek\u0101rt\u0101s un hidrauliskaj\u0101s l\u0101pst\u0101s, lai nodro\u0161in\u0101tu nepiecie\u0161amo sp\u0113ku miner\u0101lu un materi\u0101lu ieguvei no raktuv\u0113m un karjeriem.<\/li>\n<\/ul>\n<\/li>\n<\/ul>\n<p><img decoding=\"async\" src=\"https:\/\/hzpt.com\/wp-content\/uploads\/2023\/12\/insert-2.webp\" alt=\"\" title=\"\"><\/p>\n<p>Autors: CX<\/p>","protected":false},"excerpt":{"rendered":"<p>Produkta ievads: 10040 augstas klases maza virzu\u013ca hidrauliskais cilindrs piekabei ir jaud\u012bgs un uzticams hidrauliskais cilindrs, kas paredz\u0113ts izmanto\u0161anai da\u017e\u0101dos r\u016bpnieciskos un komerci\u0101los pielietojumos. \u0160im cilindram ir augstas kvalit\u0101tes materi\u0101li un uzlabotas tehnolo\u0123ijas, lai nodro\u0161in\u0101tu izcilu veiktsp\u0113ju, iztur\u012bbu un efektivit\u0101ti. Ar virzu\u013ca diametru 100 mm un g\u0101jiena garumu [\u2026]<\/p>","protected":false},"featured_media":1127,"comment_status":"closed","ping_status":"closed","template":"","meta":{"_et_pb_use_builder":"","_et_pb_old_content":"","_et_gb_content_width":""},"product_brand":[],"product_cat":[36],"product_tag":[34,38],"class_list":{"0":"post-1048","1":"product","2":"type-product","3":"status-publish","4":"has-post-thumbnail","6":"product_cat-welded-clevis-type-cylinder","7":"product_tag-hydraulic-cylinder","8":"product_tag-welded-clevis-type-cylinder","10":"first","11":"instock","12":"product-type-simple"},"_links":{"self":[{"href":"https:\/\/fmp-components.com\/lv\/wp-json\/wp\/v2\/product\/1048","targetHints":{"allow":["GET"]}}],"collection":[{"href":"https:\/\/fmp-components.com\/lv\/wp-json\/wp\/v2\/product"}],"about":[{"href":"https:\/\/fmp-components.com\/lv\/wp-json\/wp\/v2\/types\/product"}],"replies":[{"embeddable":true,"href":"https:\/\/fmp-components.com\/lv\/wp-json\/wp\/v2\/comments?post=1048"}],"wp:featuredmedia":[{"embeddable":true,"href":"https:\/\/fmp-components.com\/lv\/wp-json\/wp\/v2\/media\/1127"}],"wp:attachment":[{"href":"https:\/\/fmp-components.com\/lv\/wp-json\/wp\/v2\/media?parent=1048"}],"wp:term":[{"taxonomy":"product_brand","embeddable":true,"href":"https:\/\/fmp-components.com\/lv\/wp-json\/wp\/v2\/product_brand?post=1048"},{"taxonomy":"product_cat","embeddable":true,"href":"https:\/\/fmp-components.com\/lv\/wp-json\/wp\/v2\/product_cat?post=1048"},{"taxonomy":"product_tag","embeddable":true,"href":"https:\/\/fmp-components.com\/lv\/wp-json\/wp\/v2\/product_tag?post=1048"}],"curies":[{"name":"wp","href":"https:\/\/api.w.org\/{rel}","templated":true}]}}