{"id":1046,"date":"2024-12-19T06:17:09","date_gmt":"2024-12-19T06:17:09","guid":{"rendered":"https:\/\/fmp-components.com\/product\/10038-factory-direct-sale-1200mm-stroke-hydraulic-cylinder-mini-hydraulic-cylinder-for-trailer\/"},"modified":"2024-12-24T00:35:48","modified_gmt":"2024-12-24T00:35:48","slug":"10038-factory-direct-sale-1200mm-stroke-hydraulic-cylinder-mini-hydraulic-cylinder-for-trailer","status":"publish","type":"product","link":"https:\/\/fmp-components.com\/lv\/product\/10038-factory-direct-sale-1200mm-stroke-hydraulic-cylinder-mini-hydraulic-cylinder-for-trailer\/","title":{"rendered":"10038 r\u016bpn\u012bcas tie\u0161\u0101 p\u0101rdo\u0161ana 1200 mm g\u0101jiena hidrauliskais cilindrs Mini hidrauliskais cilindrs piekabei"},"content":{"rendered":"<h2>Produkta ievads:<\/h2>\n<p>10038 r\u016bpn\u012bcas tie\u0161\u0101s p\u0101rdo\u0161anas 1200 mm g\u0101jiena hidrauliskais cilindrs, mini hidrauliskais cilindrs piekabei, ir \u013coti efekt\u012bvs un uzticams hidrauliskais cilindrs, kas paredz\u0113ts piekab\u0113m. Ar 1200 mm g\u0101jiena garumu \u0161is hidrauliskais cilindrs pied\u0101v\u0101 izcilu veiktsp\u0113ju un iztur\u012bbu.<\/p>\n<p>Ar kompaktu dizainu \u0161is mini hidrauliskais cilindrs ir ide\u0101li piem\u0113rots piekab\u0113m, kur\u0101m nepiecie\u0161amas prec\u012bzas pacel\u0161anas un nolai\u0161anas funkcijas. Tas ir izstr\u0101d\u0101ts, izmantojot progres\u012bvas tehnolo\u0123ijas, lai nodro\u0161in\u0101tu vienm\u0113r\u012bgas un kontrol\u0113tas kust\u012bbas, padarot to ide\u0101li piem\u0113rotu da\u017e\u0101diem pielietojumiem piekabju nozar\u0113.<\/p>\n<p>10038 r\u016bpn\u012bcas tie\u0161\u0101s p\u0101rdo\u0161anas 1200 mm g\u0101jiena hidrauliskais cilindrs ir ra\u017eots, izmantojot augstas kvalit\u0101tes materi\u0101lus un stingrus kvalit\u0101tes kontroles procesus. Tas nodro\u0161ina t\u0101 ilgm\u016b\u017e\u012bbu un sp\u0113ju iztur\u0113t lielas slodzes un skarbus ekspluat\u0101cijas apst\u0101k\u013cus. T\u0101 iztur\u012bg\u0101 konstrukcija un korozijiztur\u012bg\u0101s deta\u013cas padara to par uzticamu izv\u0113li piekabju \u012bpa\u0161niekiem un operatoriem.<\/p>\n<p><img decoding=\"async\" src=\"https:\/\/hzpt.com\/wp-content\/uploads\/2023\/12\/insert-4.webp?v=1694163707\" alt=\"\" title=\"\"><\/p>\n<p>Papildus iztur\u012bbai \u0161is hidrauliskais cilindrs pied\u0101v\u0101 ar\u012b vienk\u0101r\u0161u uzst\u0101d\u012b\u0161anu un apkopi. Tas ir paredz\u0113ts vienk\u0101r\u0161ai integr\u0101cijai piekabju sist\u0113m\u0101s, ietaupot laiku un p\u016bles uzst\u0101d\u012b\u0161anas proces\u0101. Regul\u0101ra apkope nodro\u0161ina optim\u0101lu veiktsp\u0113ju un pagarina hidraulisk\u0101 cilindra kalpo\u0161anas laiku.<\/p>\n<p>Ar savu izcilo veiktsp\u0113ju, iztur\u012bbu un lietot\u0101jam draudz\u012bgo dizainu 10038 r\u016bpn\u012bcas tie\u0161\u0101s p\u0101rdo\u0161anas 1200 mm g\u0101jiena hidrauliskais cilindrs - mini hidrauliskais cilindrs piekabei - ir lieliska izv\u0113le priv\u0101tperson\u0101m un uz\u0146\u0113mumiem, kuriem nepiecie\u0161ams uzticams hidraulisk\u0101 cilindra risin\u0101jums.<\/p>\n<h2>Funkcijas un iesp\u0113jas<\/h2>\n<p>\u0160im hidrauliskajam cilindram ir iespaid\u012bgu funkciju kl\u0101sts, kas padara to par lielisku izv\u0113li piekab\u0113m. T\u0101 g\u0101jiena garums ir 1200 mm, t\u0101p\u0113c tas ir ide\u0101li piem\u0113rots izmanto\u0161anai da\u017e\u0101dos pielietojumos.<\/p>\n<h3>Tehnisk\u0101s specifik\u0101cijas<\/h3>\n<ul>\n<li>G\u0101jiena garums: 1200 mm<\/li>\n<li>Ietilp\u012bba: Augsta<\/li>\n<li>Veiktsp\u0113ja: Efekt\u012bva un uzticama<\/li>\n<\/ul>\n<h3>Unik\u0101las \u012bpa\u0161\u012bbas un priek\u0161roc\u012bbas<\/h3>\n<p>\u0160is hidrauliskais cilindrs ir energoefekt\u012bvs, augstas veiktsp\u0113jas un dro\u0161s. \u0160\u012bs \u012bpa\u0161\u012bbas padara to par \u013coti piepras\u012btu produktu tirg\u016b.<\/p>\n<p><img decoding=\"async\" src=\"https:\/\/hzpt.com\/wp-content\/uploads\/2023\/12\/insert-1.webp\" alt=\"\" title=\"\"><\/p>\n<h2>Hidraulisk\u0101 sist\u0113ma un darb\u012bbas princips<\/h2>\n<p>Hidraulisk\u0101 cilindra darb\u012bba balst\u0101s uz \u0161\u0137idrumu meh\u0101nikas principiem. Tas izmanto hidraulisko e\u013c\u013cu sp\u0113ka un kust\u012bbas rad\u012b\u0161anai, padarot to par b\u016btisku jebkuras hidraulisk\u0101s sist\u0113mas sast\u0101vda\u013cu.<\/p>\n<p>1200 mm g\u0101jiena hidraulisk\u0101 cilindra mini hidrauliskajam cilindram piekabei ir bag\u0101ta v\u0113sture, un ir pieejami da\u017e\u0101di veidi. Uzst\u0101d\u012b\u0161ana, apkope un remonts ir vienk\u0101r\u0161i, padarot to par lietot\u0101jam draudz\u012bgu produktu.<\/p>\n<h2>Produktu izv\u0113le<\/h2>\n<p>Pareizas hidraulisk\u0101s e\u013c\u013cas un e\u013c\u013cas bl\u012bv\u0113juma izv\u0113le ir \u013coti svar\u012bga hidraulisk\u0101 cilindra optim\u0101lai darb\u012bbai. M\u0113r\u012bjumi un nomai\u0146as proced\u016bras ir vienk\u0101r\u0161as, nodro\u0161inot, ka j\u016bsu hidrauliskais cilindrs vienm\u0113r nodro\u0161ina vislab\u0101ko veiktsp\u0113ju.<\/p>\n<h2>Metin\u0101t\u0101 Clevis tipa cilindra priek\u0161roc\u012bbas<\/h2>\n<p>Metin\u0101ti skavu tipa cilindri ir popul\u0101ra izv\u0113le daudziem r\u016bpnieciskiem lietojumiem, pateicoties to unik\u0101laj\u0101m priek\u0161roc\u012bb\u0101m un ieguvumiem. \u0160eit ir da\u017eas no galvenaj\u0101m metin\u0101to skavu tipa cilindru priek\u0161roc\u012bb\u0101m:<\/p>\n<h3>1. Palielin\u0101ta iztur\u012bba un iztur\u012bba<\/h3>\n<p>Metin\u0101tie skavu tipa cilindri ir izgatavoti ar metin\u0101tu gala v\u0101ci\u0146u, kas nodro\u0161ina liel\u0101ku iztur\u012bbu un ilgm\u016b\u017e\u012bbu sal\u012bdzin\u0101jum\u0101 ar cita veida cilindriem. Tas padara tos ide\u0101li piem\u0113rotus lieljaudas lietojumiem, kuriem nepiecie\u0161ams augsts iztur\u012bbas un ilgm\u016b\u017e\u012bbas l\u012bmenis.<\/p>\n<p>Turkl\u0101t \u0161o cilindru metin\u0101t\u0101 konstrukcija noz\u012bm\u0113, ka tiem ir maz\u0101ka iesp\u0113ja nopl\u016bst vai saboj\u0101ties, kas var pal\u012bdz\u0113t samazin\u0101t d\u012bkst\u0101ves laiku un apkopes izmaksas.<\/p>\n<h3>2. Sp\u0113ja iztur\u0113t augstu spiedienu<\/h3>\n<p>Metin\u0101tie cilindri ar skavu tipa konstrukcij\u0101m sp\u0113j iztur\u0113t ar\u012b augstspiediena pielietojumus, padarot tos par iecien\u012btu izv\u0113li t\u0101d\u0101s nozar\u0113s k\u0101 b\u016bvniec\u012bba, ieguves r\u016bpniec\u012bba, k\u0101 ar\u012b naftas un g\u0101zes ieguve. To sp\u0113ja iztur\u0113t augstu spiedienu nodro\u0161ina uzticamu veiktsp\u0113ju sare\u017e\u0123\u012btos apst\u0101k\u013cos.<\/p>\n<h3>3. Piel\u0101gojams dizains<\/h3>\n<p>Metin\u0101tus skavu tipa cilindrus var piel\u0101got konkr\u0113tai lietojumprogrammai. Tas noz\u012bm\u0113, ka tos var piel\u0101got konkr\u0113tam izm\u0113ram, formai vai veiktsp\u0113jas pras\u012bbai. Piel\u0101gojams dizains nodro\u0161ina ar\u012b liel\u0101ku elast\u012bbu ra\u017eo\u0161anas proces\u0101, kas var ietaup\u012bt izmaksas.<\/p>\n<h3>4. Vienk\u0101r\u0161a uzst\u0101d\u012b\u0161ana<\/h3>\n<p>Metin\u0101tie skavu tipa cilindri ir paredz\u0113ti vienk\u0101r\u0161ai uzst\u0101d\u012b\u0161anai, kas pal\u012bdz samazin\u0101t uzst\u0101d\u012b\u0161anas laiku un darbasp\u0113ka izmaksas. Tie parasti ir iepriek\u0161 samont\u0113ti un gatavi lieto\u0161anai uzreiz p\u0113c iz\u0146em\u0161anas no kastes, kas samazina nepiecie\u0161am\u012bbu p\u0113c papildu deta\u013c\u0101m vai komponentiem.<\/p>\n<h3>5. Uzlabota veiktsp\u0113ja<\/h3>\n<p>Metin\u0101to skavu tipa cilindru konstrukcija nodro\u0161ina uzlabotu veiktsp\u0113ju sal\u012bdzin\u0101jum\u0101 ar cita veida cilindriem. Tie sp\u0113j rad\u012bt liel\u0101ku sp\u0113ku uz spiediena vien\u012bbu, kas var pal\u012bdz\u0113t uzlabot efektivit\u0101ti un produktivit\u0101ti r\u016bpnieciskos lietojumos.<\/p>\n<p>Kopum\u0101 metin\u0101tie cilindri ar skavu pied\u0101v\u0101 virkni priek\u0161roc\u012bbu un ieguvumu, kas padara tos par iecien\u012btu izv\u0113li daudziem r\u016bpnieciskiem lietojumiem. To paaugstin\u0101t\u0101 iztur\u012bba un ilgm\u016b\u017e\u012bba, sp\u0113ja iztur\u0113t augstu spiedienu, piel\u0101gojamais dizains, vienk\u0101r\u0161\u0101 uzst\u0101d\u012b\u0161ana un uzlabot\u0101 veiktsp\u0113ja padara tos par ide\u0101lu izv\u0113li pras\u012bg\u0101m vid\u0113m, kur uzticam\u012bba un veiktsp\u0113ja ir \u013coti svar\u012bgas.<\/p>\n<p><img decoding=\"async\" src=\"https:\/\/hzpt.com\/wp-content\/uploads\/2023\/12\/insert-2.webp\" alt=\"\" title=\"\"><\/p>\n<h2>Metin\u0101t\u0101 Clevis tipa cilindra pielietojums<\/h2>\n<ul>\n<li><strong>R\u016bpniecisk\u0101s iek\u0101rtas:<\/strong> Metin\u0101tie skavu tipa cilindri tiek pla\u0161i izmantoti da\u017e\u0101d\u0101s r\u016bpniecisk\u0101s iek\u0101rt\u0101s lieljaudas lietojumiem. \u0160ie cilindri sp\u0113j rad\u012bt lielu sp\u0113ku deta\u013cu pacel\u0161anai un pres\u0113\u0161anai iek\u0101rt\u0101s. Metin\u0101t\u0101 skavu konstrukcija nodro\u0161ina vienk\u0101r\u0161u uzst\u0101d\u012b\u0161anu un efekt\u012bvu darb\u012bbu, padarot to par iecien\u012btu izv\u0113li ra\u017eot\u0101ju vid\u016b.\n<ul>\n<li>Ra\u017eo\u0161anas nozar\u0113 metin\u0101tos Clevis tipa cilindrus izmanto hidrauliskaj\u0101s pres\u0113s, iesmidzin\u0101\u0161anas form\u0113\u0161anas ma\u0161\u012bn\u0101s un met\u0101la \u0161tanc\u0113\u0161anas iek\u0101rt\u0101s, lai nodro\u0161in\u0101tu nepiecie\u0161amo sp\u0113ku met\u0101la loks\u0146u form\u0113\u0161anai un veido\u0161anai.<\/li>\n<li>Automobi\u013cu r\u016bpniec\u012bb\u0101 \u0161ie cilindri tiek izmantoti automa\u0161\u012bnu domkratos, pac\u0113l\u0101jos un mont\u0101\u017eas ma\u0161\u012bn\u0101s, lai ra\u017eo\u0161anas proces\u0101 paceltu smagas deta\u013cas.<\/li>\n<li>B\u016bvniec\u012bbas nozar\u0113 metin\u0101tos Clevis tipa cilindrus izmanto celt\u0146os, ekskavatoros un buldozeros, lai darbin\u0101tu hidraulisk\u0101s sist\u0113mas, kas pace\u013c un p\u0101rvieto smagas kravas.<\/li>\n<\/ul>\n<\/li>\n<li><strong>Lauksaimniec\u012bbas tehnika:<\/strong> Lauksaimniec\u012bbas tehnika ir viena no svar\u012bg\u0101kaj\u0101m jom\u0101m, kur tiek izmantoti metin\u0101tie skavu tipa cilindri. \u0160ie cilindri tiek izmantoti da\u017e\u0101d\u0101s lauksaimniec\u012bbas tehnik\u0101, tostarp traktoros, kombainos un arklos, lai nodro\u0161in\u0101tu nepiecie\u0161amo sp\u0113ku augsnes sagatavo\u0161anai, st\u0101d\u012b\u0161anai un ra\u017eas nov\u0101k\u0161anai.\n<ul>\n<li>Lauksaimniec\u012bbas nozar\u0113 metin\u0101tos skavas tipa cilindrus izmanto arklos, kultivatoros un s\u0113jma\u0161\u012bn\u0101s, lai nodro\u0161in\u0101tu nepiecie\u0161amo sp\u0113ku augsnes sagatavo\u0161anai un s\u0113klu s\u0113\u0161anai.<\/li>\n<li>Ra\u017eas nov\u0101k\u0161anas nozar\u0113 \u0161ie cilindri tiek izmantoti kombainos, pres\u0113s un p\u013caujma\u0161\u012bn\u0101s, lai darbin\u0101tu hidraulisk\u0101s sist\u0113mas, kas sav\u0101c un transport\u0113 kult\u016braugus.<\/li>\n<\/ul>\n<\/li>\n<li><strong>Avi\u0101cija un aizsardz\u012bba:<\/strong> Metin\u0101tie Clevis tipa cilindri tiek izmantoti ar\u012b avi\u0101cijas un kosmosa un aizsardz\u012bbas nozar\u0113, kur tos pla\u0161i izmanto lidma\u0161\u012bn\u0101s, ra\u0137et\u0113s, ra\u0137et\u0113s un aizsardz\u012bbas sist\u0113m\u0101s.\n<ul>\n<li>Kosmosa avi\u0101cijas un kosmosa r\u016bpniec\u012bb\u0101 metin\u0101tos skavas tipa cilindrus izmanto lidma\u0161\u012bnu nolai\u0161an\u0101s meh\u0101nismos, atlokos un bremz\u0113s, lai nodro\u0161in\u0101tu nepiecie\u0161amo sp\u0113ku pacel\u0161an\u0101s un nolai\u0161an\u0101s laik\u0101.<\/li>\n<li>Aizsardz\u012bbas nozar\u0113 \u0161ie cilindri tiek izmantoti ra\u0137e\u0161u palai\u0161anas iek\u0101rt\u0101s, iero\u010du tor\u0146os un tanku sist\u0113m\u0101s, lai darbin\u0101tu hidraulisk\u0101s sist\u0113mas, kas kontrol\u0113 iero\u010du un mun\u012bcijas kust\u012bbu.<\/li>\n<\/ul>\n<\/li>\n<li><strong>J\u016bras r\u016bpniec\u012bba:<\/strong> Metin\u0101tie Clevis tipa cilindri tiek pla\u0161i izmantoti ar\u012b j\u016bras r\u016bpniec\u012bb\u0101, kur tos izmanto da\u017e\u0101dos ku\u0123os, laiv\u0101s un zem\u016bdens transportl\u012bdzek\u013cos.\n<ul>\n<li>Ku\u0123niec\u012bbas nozar\u0113 metin\u0101tos skavas tipa cilindrus izmanto celt\u0146os, vin\u010d\u0101s un kravu apstr\u0101des iek\u0101rt\u0101s, lai nodro\u0161in\u0101tu nepiecie\u0161amo sp\u0113ku kravas iekrau\u0161anai un izkrau\u0161anai.<\/li>\n<li>Laivu nozar\u0113 \u0161ie cilindri tiek izmantoti st\u016bres sist\u0113m\u0101s, propelleros un enkuru sist\u0113m\u0101s, lai nodro\u0161in\u0101tu nepiecie\u0161amo sp\u0113ku laivu un ku\u0123u kust\u012bbas kontrolei.<\/li>\n<li>Zem\u016bdens transportl\u012bdzek\u013cu nozar\u0113 metin\u0101tos skavu tipa cilindrus izmanto zem\u016bden\u0113s, att\u0101lin\u0101ti vad\u0101mos transportl\u012bdzek\u013cos (ROV) un nir\u0161anas apr\u012bkojum\u0101, lai nodro\u0161in\u0101tu nepiecie\u0161amo sp\u0113ku zem\u016bdens darb\u012bb\u0101m.<\/li>\n<\/ul>\n<\/li>\n<li><strong>Kalnr\u016bpniec\u012bbas nozare:<\/strong> Metin\u0101tie Clevis tipa cilindri tiek izmantoti ar\u012b kalnr\u016bpniec\u012bbas nozar\u0113, kur tos izmanto da\u017e\u0101dos pielietojumos miner\u0101lu ieguvei un materi\u0101lu apstr\u0101dei.\n<ul>\n<li>Kalnr\u016bpniec\u012bbas nozar\u0113 metin\u0101tie Clevis tipa cilindri tiek izmantoti konveijeru sist\u0113m\u0101s, urb\u0161anas iek\u0101rt\u0101s un hidrauliskaj\u0101s l\u0101pst\u0101s, lai nodro\u0161in\u0101tu nepiecie\u0161amo sp\u0113ku miner\u0101lu un materi\u0101lu ieguvei no raktuv\u0113m un karjeriem.<\/li>\n<\/ul>\n<\/li>\n<\/ul>\n<h2>Par FMP<\/h2>\n<p>FMP ir vado\u0161ais mobilo ma\u0161\u012bnu hidraulisko cilindru tirgus It\u0101lij\u0101. M\u016bsu produktu kl\u0101st\u0101 ietilpst hidrauliskie sl\u012bpuma cilindri, hidrauliskie st\u016bres cilindri un hidrauliskie pacel\u0161anas cilindri. FMP projekt\u0113t\u0101 jauda ir 200\u00a0000 komplektu, un taj\u0101 ir 300 da\u017e\u0101du veidu piln\u012bb\u0101 autom\u0101tisku CNC ra\u017eo\u0161anas iek\u0101rtu un piln\u012bb\u0101 autom\u0101tisku hidraulisko cilindru mont\u0101\u017eas iek\u0101rtu komplekti.<\/p>\n<h2>K\u0101p\u0113c izv\u0113l\u0113ties FMP?<\/h2>\n<p>FMP pied\u0101v\u0101 kvalitat\u012bvus produktus par konkur\u0113tsp\u0113j\u012bg\u0101m cen\u0101m, ko nodro\u0161ina izcils serviss. Papildus iepriek\u0161 aprakst\u012btajam produktam m\u0113s pied\u0101v\u0101jam ar\u012b pac\u0113l\u0101ju darba platformu cilindrus, r\u016bpniecisko transportl\u012bdzek\u013cu hidrauliskos cilindrus, rot\u0101cijas urb\u0161anas platformu cilindrus, automobi\u013cu celt\u0146u cilindrus, celtniec\u012bbas tehnikas hidrauliskos cilindrus, <b>Iekr\u0101v\u0113ja hidrauliskie cilindri<\/b>, raktuvju pa\u0161izg\u0101z\u0113ju cilindri un sanit\u0101rijas iek\u0101rtu hidrauliskie cilindri. M\u0113s aicin\u0101m klientus piel\u0101got savus pas\u016bt\u012bjumus atbilsto\u0161i vi\u0146u pras\u012bb\u0101m.<\/p>\n<p><img decoding=\"async\" src=\"https:\/\/hzpt.com\/wp-content\/uploads\/2023\/12\/insert-5.webp\" alt=\"FMP r\u016bpn\u012bcas att\u0113ls\" title=\"\"><\/p>\n<h2>Bie\u017ei uzdotie jaut\u0101jumi<\/h2>\n<dl>\n<dt>J: K\u0101ds ir \u0161\u012b hidraulisk\u0101 cilindra g\u0101jiena garums?<\/dt>\n<dd>A: \u0160\u012b hidraulisk\u0101 cilindra g\u0101jiena garums ir 1200 mm.<\/dd>\n<dt>J: K\u0101das ir \u0161\u012b produkta unik\u0101l\u0101s \u012bpa\u0161\u012bbas?<\/dt>\n<dd>A: \u0160is hidrauliskais cilindrs ir energoefekt\u012bvs, augstas veiktsp\u0113jas un dro\u0161s.<\/dd>\n<\/dl>\n<dl>\n<dt>J: K\u0101di ir \u0161\u012b hidraulisk\u0101 cilindra pielietojumi?<\/dt>\n<dd>A: \u0160is hidrauliskais cilindrs ir ide\u0101li piem\u0113rots lieto\u0161anai piekab\u0113s.<\/dd>\n<dt>J: K\u0101 izv\u0113l\u0113ties pareizo hidraulisko e\u013c\u013cu un e\u013c\u013cas bl\u012bv\u0113jumu \u0161im hidrauliskajam cilindram?<\/dt>\n<dd>A: J\u016bs varat konsult\u0113ties ar m\u016bsu ekspertiem, lai sa\u0146emtu padomu par pareizo hidraulisko e\u013c\u013cu un e\u013c\u013cas bl\u012bv\u0113jumu \u0161im hidrauliskajam cilindram.<\/dd>\n<dt>J: K\u0101p\u0113c man vajadz\u0113tu izv\u0113l\u0113ties FMP?<\/dt>\n<dd>A: FMP pied\u0101v\u0101 kvalitat\u012bvus produktus par konkur\u0113tsp\u0113j\u012bg\u0101m cen\u0101m, k\u0101 ar\u012b izcilu apkalpo\u0161anu.<\/dd>\n<\/dl>\n<p>Autors: CX<\/p>","protected":false},"excerpt":{"rendered":"<p>Product Introduction: The 10038 Factory Direct Sale 1200mm Stroke Hydraulic Cylinder Mini Hydraulic Cylinder For Trailer is a highly efficient and reliable hydraulic cylinder designed for trailers. With a stroke length of 1200mm, this hydraulic cylinder offers exceptional performance and durability. Featuring a compact design, this mini hydraulic cylinder is perfect for trailers that require [&hellip;]<\/p>","protected":false},"featured_media":1127,"comment_status":"closed","ping_status":"closed","template":"","meta":{"_et_pb_use_builder":"","_et_pb_old_content":"","_et_gb_content_width":""},"product_brand":[],"product_cat":[36],"product_tag":[34,38],"class_list":{"0":"post-1046","1":"product","2":"type-product","3":"status-publish","4":"has-post-thumbnail","6":"product_cat-welded-clevis-type-cylinder","7":"product_tag-hydraulic-cylinder","8":"product_tag-welded-clevis-type-cylinder","10":"first","11":"instock","12":"product-type-simple"},"_links":{"self":[{"href":"https:\/\/fmp-components.com\/lv\/wp-json\/wp\/v2\/product\/1046","targetHints":{"allow":["GET"]}}],"collection":[{"href":"https:\/\/fmp-components.com\/lv\/wp-json\/wp\/v2\/product"}],"about":[{"href":"https:\/\/fmp-components.com\/lv\/wp-json\/wp\/v2\/types\/product"}],"replies":[{"embeddable":true,"href":"https:\/\/fmp-components.com\/lv\/wp-json\/wp\/v2\/comments?post=1046"}],"wp:featuredmedia":[{"embeddable":true,"href":"https:\/\/fmp-components.com\/lv\/wp-json\/wp\/v2\/media\/1127"}],"wp:attachment":[{"href":"https:\/\/fmp-components.com\/lv\/wp-json\/wp\/v2\/media?parent=1046"}],"wp:term":[{"taxonomy":"product_brand","embeddable":true,"href":"https:\/\/fmp-components.com\/lv\/wp-json\/wp\/v2\/product_brand?post=1046"},{"taxonomy":"product_cat","embeddable":true,"href":"https:\/\/fmp-components.com\/lv\/wp-json\/wp\/v2\/product_cat?post=1046"},{"taxonomy":"product_tag","embeddable":true,"href":"https:\/\/fmp-components.com\/lv\/wp-json\/wp\/v2\/product_tag?post=1046"}],"curies":[{"name":"wp","href":"https:\/\/api.w.org\/{rel}","templated":true}]}}