{"id":1045,"date":"2024-12-19T06:17:09","date_gmt":"2024-12-19T06:17:09","guid":{"rendered":"https:\/\/fmp-components.com\/product\/10037-china-factory-supply-double-effect-hydraulic-piston-cylinder\/"},"modified":"2024-12-24T00:37:27","modified_gmt":"2024-12-24T00:37:27","slug":"10037-italy-factory-supply-double-effect-hydraulic-piston-cylinder","status":"publish","type":"product","link":"https:\/\/fmp-components.com\/lv\/product\/10037-italy-factory-supply-double-effect-hydraulic-piston-cylinder\/","title":{"rendered":"10037 It\u0101lijas r\u016bpn\u012bcas pieg\u0101des dubult\u0101 efekta hidrauliskais virzu\u013ccilindrs"},"content":{"rendered":"<h2>Iepaz\u012bstin\u0101m ar produktu 10037 It\u0101lijas r\u016bpn\u012bcas pieg\u0101d\u0101tais divk\u0101r\u0161\u0101s iedarb\u012bbas hidrauliskais virzu\u013ccilindrs:<\/h2>\n<p>10037 It\u0101lijas r\u016bpn\u012bcas pieg\u0101d\u0101tais divk\u0101r\u0161\u0101s iedarb\u012bbas hidrauliskais virzu\u013ccilindrs ir augstas kvalit\u0101tes hidrauliska sast\u0101vda\u013ca, kas paredz\u0113ta efekt\u012bvai un uzticamai darb\u012bbai. \u0160is virzu\u013ccilindrs ir ra\u017eots It\u0101lij\u0101 un atbilst augst\u0101kajiem nozares standartiem.<\/p>\n<p>\u0160im hidrauliskajam virzu\u013ccilindram ir divk\u0101r\u0161a efekta konstrukcija, kas sp\u0113j nodro\u0161in\u0101t jaudu un kontroli gan pagarin\u0101\u0161anas, gan ievilk\u0161anas g\u0101jienos. Tas nodro\u0161ina vienm\u0113r\u012bgu un prec\u012bzu kust\u012bbu, padarot to ide\u0101li piem\u0113rotu lietojumiem, kuriem nepiecie\u0161ama prec\u012bza pozicion\u0113\u0161ana un sp\u0113ka kontrole.<\/p>\n<p>10037 virzu\u013ccilindrs ir izgatavots no iztur\u012bgiem materi\u0101liem, nodro\u0161inot ilgsto\u0161u veiktsp\u0113ju pat sare\u017e\u0123\u012btos apst\u0101k\u013cos. T\u0101 iztur\u012bg\u0101 konstrukcija un bl\u012bv\u0113\u0161anas sist\u0113ma padara to iztur\u012bgu pret nopl\u016bd\u0113m un nodro\u0161ina t\u0101 vienm\u0113r\u012bgu un efekt\u012bvu darb\u012bbu.<\/p>\n<p>Pateicoties kompaktajam dizainam, \u0161o hidraulisko virzu\u013ccilindru ir viegli uzst\u0101d\u012bt un integr\u0113t da\u017e\u0101d\u0101s hidrauliskaj\u0101s sist\u0113m\u0101s. Tas ir piem\u0113rots izmanto\u0161anai da\u017e\u0101d\u0101s nozar\u0113s, tostarp ra\u017eo\u0161an\u0101, b\u016bvniec\u012bb\u0101, lauksaimniec\u012bb\u0101 un citur.<\/p>\n<p><img decoding=\"async\" src=\"https:\/\/hzpt.com\/wp-content\/uploads\/2023\/12\/insert-4.webp?v=1694163707\" alt=\"\" title=\"\"><\/p>\n<p>It\u0101lijas r\u016bpn\u012bcas pieg\u0101d\u0101tais divk\u0101r\u0161\u0101 efekta hidrauliskais virzu\u013ccilindrs pied\u0101v\u0101 izcilu nestsp\u0113ju un ir paredz\u0113ts smagiem darbiem. Tas nodro\u0161ina uzticamu sp\u0113ka p\u0101rnesi un sp\u0113j iztur\u0113t augstu spiedienu, padarot to par uzticamu izv\u0113li sare\u017e\u0123\u012btiem uzdevumiem.<\/p>\n<p>Nosl\u0113gum\u0101 j\u0101saka, ka It\u0101lijas r\u016bpn\u012bcas pieg\u0101d\u0101tais 10037 divk\u0101r\u0161\u0101 efekta hidrauliskais virzu\u013ccilindrs ir augst\u0101k\u0101s kvalit\u0101tes hidrauliskais komponents, kas apvieno iztur\u012bbu, precizit\u0101ti un veiktsp\u0113ju. Pateicoties t\u0101 uzticamajai darb\u012bbai un daudzpus\u012bbai, t\u0101 ir lieliska izv\u0113le da\u017e\u0101diem r\u016bpnieciskiem pielietojumiem.<\/p>\n<dl>\n<dd><\/dd>\n<\/dl>\n<h2>Metin\u0101t\u0101 Clevis tipa cilindra priek\u0161roc\u012bbas<\/h2>\n<p>Metin\u0101ti skavu tipa cilindri ir popul\u0101ra izv\u0113le daudziem r\u016bpnieciskiem lietojumiem, pateicoties to unik\u0101laj\u0101m priek\u0161roc\u012bb\u0101m un ieguvumiem. \u0160eit ir da\u017eas no galvenaj\u0101m metin\u0101to skavu tipa cilindru priek\u0161roc\u012bb\u0101m:<\/p>\n<h3>1. Palielin\u0101ta iztur\u012bba un iztur\u012bba<\/h3>\n<p>Metin\u0101tie skavu tipa cilindri ir izgatavoti ar metin\u0101tu gala v\u0101ci\u0146u, kas nodro\u0161ina liel\u0101ku iztur\u012bbu un ilgm\u016b\u017e\u012bbu sal\u012bdzin\u0101jum\u0101 ar cita veida cilindriem. Tas padara tos ide\u0101li piem\u0113rotus lieljaudas lietojumiem, kuriem nepiecie\u0161ams augsts iztur\u012bbas un ilgm\u016b\u017e\u012bbas l\u012bmenis.<\/p>\n<p>Turkl\u0101t \u0161o cilindru metin\u0101t\u0101 konstrukcija noz\u012bm\u0113, ka tiem ir maz\u0101ka iesp\u0113ja nopl\u016bst vai saboj\u0101ties, kas var pal\u012bdz\u0113t samazin\u0101t d\u012bkst\u0101ves laiku un apkopes izmaksas.<\/p>\n<h3>2. Sp\u0113ja iztur\u0113t augstu spiedienu<\/h3>\n<p>Metin\u0101tie cilindri ar skavu tipa konstrukcij\u0101m sp\u0113j iztur\u0113t ar\u012b augstspiediena pielietojumus, padarot tos par iecien\u012btu izv\u0113li t\u0101d\u0101s nozar\u0113s k\u0101 b\u016bvniec\u012bba, ieguves r\u016bpniec\u012bba, k\u0101 ar\u012b naftas un g\u0101zes ieguve. To sp\u0113ja iztur\u0113t augstu spiedienu nodro\u0161ina uzticamu veiktsp\u0113ju sare\u017e\u0123\u012btos apst\u0101k\u013cos.<\/p>\n<h3>3. Piel\u0101gojams dizains<\/h3>\n<p>Metin\u0101tus skavu tipa cilindrus var piel\u0101got konkr\u0113tai lietojumprogrammai. Tas noz\u012bm\u0113, ka tos var piel\u0101got konkr\u0113tam izm\u0113ram, formai vai veiktsp\u0113jas pras\u012bbai. Piel\u0101gojams dizains nodro\u0161ina ar\u012b liel\u0101ku elast\u012bbu ra\u017eo\u0161anas proces\u0101, kas var ietaup\u012bt izmaksas.<\/p>\n<h3>4. Vienk\u0101r\u0161a uzst\u0101d\u012b\u0161ana<\/h3>\n<p>Metin\u0101tie skavu tipa cilindri ir paredz\u0113ti vienk\u0101r\u0161ai uzst\u0101d\u012b\u0161anai, kas pal\u012bdz samazin\u0101t uzst\u0101d\u012b\u0161anas laiku un darbasp\u0113ka izmaksas. Tie parasti ir iepriek\u0161 samont\u0113ti un gatavi lieto\u0161anai uzreiz p\u0113c iz\u0146em\u0161anas no kastes, kas samazina nepiecie\u0161am\u012bbu p\u0113c papildu deta\u013c\u0101m vai komponentiem.<\/p>\n<h3>5. Uzlabota veiktsp\u0113ja<\/h3>\n<p>Metin\u0101to skavu tipa cilindru konstrukcija nodro\u0161ina uzlabotu veiktsp\u0113ju sal\u012bdzin\u0101jum\u0101 ar cita veida cilindriem. Tie sp\u0113j rad\u012bt liel\u0101ku sp\u0113ku uz spiediena vien\u012bbu, kas var pal\u012bdz\u0113t uzlabot efektivit\u0101ti un produktivit\u0101ti r\u016bpnieciskos lietojumos.<\/p>\n<p>Kopum\u0101 metin\u0101tie cilindri ar skavu pied\u0101v\u0101 virkni priek\u0161roc\u012bbu un ieguvumu, kas padara tos par iecien\u012btu izv\u0113li daudziem r\u016bpnieciskiem lietojumiem. To paaugstin\u0101t\u0101 iztur\u012bba un ilgm\u016b\u017e\u012bba, sp\u0113ja iztur\u0113t augstu spiedienu, piel\u0101gojamais dizains, vienk\u0101r\u0161\u0101 uzst\u0101d\u012b\u0161ana un uzlabot\u0101 veiktsp\u0113ja padara tos par ide\u0101lu izv\u0113li pras\u012bg\u0101m vid\u0113m, kur uzticam\u012bba un veiktsp\u0113ja ir \u013coti svar\u012bgas.<\/p>\n<p><img decoding=\"async\" src=\"https:\/\/hzpt.com\/wp-content\/uploads\/2023\/12\/insert-2.webp\" alt=\"\" title=\"\"><\/p>\n<h2>Metin\u0101t\u0101 Clevis tipa cilindra pielietojums<\/h2>\n<ul>\n<li><strong>R\u016bpniecisk\u0101s iek\u0101rtas:<\/strong> Metin\u0101tie skavu tipa cilindri tiek pla\u0161i izmantoti da\u017e\u0101d\u0101s r\u016bpniecisk\u0101s iek\u0101rt\u0101s lieljaudas lietojumiem. \u0160ie cilindri sp\u0113j rad\u012bt lielu sp\u0113ku deta\u013cu pacel\u0161anai un pres\u0113\u0161anai iek\u0101rt\u0101s. Metin\u0101t\u0101 skavu konstrukcija nodro\u0161ina vienk\u0101r\u0161u uzst\u0101d\u012b\u0161anu un efekt\u012bvu darb\u012bbu, padarot to par iecien\u012btu izv\u0113li ra\u017eot\u0101ju vid\u016b.\n<ul>\n<li>Ra\u017eo\u0161anas nozar\u0113 metin\u0101tos Clevis tipa cilindrus izmanto hidrauliskaj\u0101s pres\u0113s, iesmidzin\u0101\u0161anas form\u0113\u0161anas ma\u0161\u012bn\u0101s un met\u0101la \u0161tanc\u0113\u0161anas iek\u0101rt\u0101s, lai nodro\u0161in\u0101tu nepiecie\u0161amo sp\u0113ku met\u0101la loks\u0146u form\u0113\u0161anai un veido\u0161anai.<\/li>\n<li>Automobi\u013cu r\u016bpniec\u012bb\u0101 \u0161ie cilindri tiek izmantoti automa\u0161\u012bnu domkratos, pac\u0113l\u0101jos un mont\u0101\u017eas ma\u0161\u012bn\u0101s, lai ra\u017eo\u0161anas proces\u0101 paceltu smagas deta\u013cas.<\/li>\n<li>B\u016bvniec\u012bbas nozar\u0113 metin\u0101tos Clevis tipa cilindrus izmanto celt\u0146os, ekskavatoros un buldozeros, lai darbin\u0101tu hidraulisk\u0101s sist\u0113mas, kas pace\u013c un p\u0101rvieto smagas kravas.<\/li>\n<\/ul>\n<\/li>\n<li><strong>Lauksaimniec\u012bbas tehnika:<\/strong> Lauksaimniec\u012bbas tehnika ir viena no svar\u012bg\u0101kaj\u0101m jom\u0101m, kur tiek izmantoti metin\u0101tie skavu tipa cilindri. \u0160ie cilindri tiek izmantoti da\u017e\u0101d\u0101s lauksaimniec\u012bbas tehnik\u0101, tostarp traktoros, kombainos un arklos, lai nodro\u0161in\u0101tu nepiecie\u0161amo sp\u0113ku augsnes sagatavo\u0161anai, st\u0101d\u012b\u0161anai un ra\u017eas nov\u0101k\u0161anai.\n<ul>\n<li>Lauksaimniec\u012bbas nozar\u0113 metin\u0101tos skavas tipa cilindrus izmanto arklos, kultivatoros un s\u0113jma\u0161\u012bn\u0101s, lai nodro\u0161in\u0101tu nepiecie\u0161amo sp\u0113ku augsnes sagatavo\u0161anai un s\u0113klu s\u0113\u0161anai.<\/li>\n<li>Ra\u017eas nov\u0101k\u0161anas nozar\u0113 \u0161ie cilindri tiek izmantoti kombainos, pres\u0113s un p\u013caujma\u0161\u012bn\u0101s, lai darbin\u0101tu hidraulisk\u0101s sist\u0113mas, kas sav\u0101c un transport\u0113 kult\u016braugus.<\/li>\n<\/ul>\n<\/li>\n<li><strong>Avi\u0101cija un aizsardz\u012bba:<\/strong> Metin\u0101tie Clevis tipa cilindri tiek izmantoti ar\u012b avi\u0101cijas un kosmosa un aizsardz\u012bbas nozar\u0113, kur tos pla\u0161i izmanto lidma\u0161\u012bn\u0101s, ra\u0137et\u0113s, ra\u0137et\u0113s un aizsardz\u012bbas sist\u0113m\u0101s.\n<ul>\n<li>Kosmosa avi\u0101cijas un kosmosa r\u016bpniec\u012bb\u0101 metin\u0101tos skavas tipa cilindrus izmanto lidma\u0161\u012bnu nolai\u0161an\u0101s meh\u0101nismos, atlokos un bremz\u0113s, lai nodro\u0161in\u0101tu nepiecie\u0161amo sp\u0113ku pacel\u0161an\u0101s un nolai\u0161an\u0101s laik\u0101.<\/li>\n<li>Aizsardz\u012bbas nozar\u0113 \u0161ie cilindri tiek izmantoti ra\u0137e\u0161u palai\u0161anas iek\u0101rt\u0101s, iero\u010du tor\u0146os un tanku sist\u0113m\u0101s, lai darbin\u0101tu hidraulisk\u0101s sist\u0113mas, kas kontrol\u0113 iero\u010du un mun\u012bcijas kust\u012bbu.<\/li>\n<\/ul>\n<\/li>\n<li><strong>J\u016bras r\u016bpniec\u012bba:<\/strong> Metin\u0101tie Clevis tipa cilindri tiek pla\u0161i izmantoti ar\u012b j\u016bras r\u016bpniec\u012bb\u0101, kur tos izmanto da\u017e\u0101dos ku\u0123os, laiv\u0101s un zem\u016bdens transportl\u012bdzek\u013cos.\n<ul>\n<li>Ku\u0123niec\u012bbas nozar\u0113 metin\u0101tos skavas tipa cilindrus izmanto celt\u0146os, vin\u010d\u0101s un kravu apstr\u0101des iek\u0101rt\u0101s, lai nodro\u0161in\u0101tu nepiecie\u0161amo sp\u0113ku kravas iekrau\u0161anai un izkrau\u0161anai.<\/li>\n<li>Laivu nozar\u0113 \u0161ie cilindri tiek izmantoti st\u016bres sist\u0113m\u0101s, propelleros un enkuru sist\u0113m\u0101s, lai nodro\u0161in\u0101tu nepiecie\u0161amo sp\u0113ku laivu un ku\u0123u kust\u012bbas kontrolei.<\/li>\n<li>Zem\u016bdens transportl\u012bdzek\u013cu nozar\u0113 metin\u0101tos skavu tipa cilindrus izmanto zem\u016bden\u0113s, att\u0101lin\u0101ti vad\u0101mos transportl\u012bdzek\u013cos (ROV) un nir\u0161anas apr\u012bkojum\u0101, lai nodro\u0161in\u0101tu nepiecie\u0161amo sp\u0113ku zem\u016bdens darb\u012bb\u0101m.<\/li>\n<\/ul>\n<\/li>\n<li><strong>Kalnr\u016bpniec\u012bbas nozare:<\/strong> Metin\u0101tie Clevis tipa cilindri tiek izmantoti ar\u012b kalnr\u016bpniec\u012bbas nozar\u0113, kur tos izmanto da\u017e\u0101dos pielietojumos miner\u0101lu ieguvei un materi\u0101lu apstr\u0101dei.\n<ul>\n<li>Kalnr\u016bpniec\u012bbas nozar\u0113 metin\u0101tie Clevis tipa cilindri tiek izmantoti konveijeru sist\u0113m\u0101s, urb\u0161anas iek\u0101rt\u0101s un hidrauliskaj\u0101s l\u0101pst\u0101s, lai nodro\u0161in\u0101tu nepiecie\u0161amo sp\u0113ku miner\u0101lu un materi\u0101lu ieguvei no raktuv\u0113m un karjeriem.<\/li>\n<\/ul>\n<\/li>\n<\/ul>\n<h2>Par FMP<\/h2>\n<p>FMP ir l\u012bderis hidraulisko cilindru apak\u0161tirgus jom\u0101 It\u0101lij\u0101. M\u0113s specializ\u0113jamies hidrauliskajos sl\u012bpuma cilindros, hidrauliskajos st\u016bres cilindros un hidrauliskajos pacel\u0161anas cilindros. Ar gada ra\u017eo\u0161anas jaudu 200\u00a0000 komplektu m\u0113s izmantojam modern\u0101k\u0101s automatiz\u0113t\u0101s CNC ra\u017eo\u0161anas iek\u0101rtas un hidraulisko cilindru mont\u0101\u017eas iek\u0101rtas.<\/p>\n<p>Papildus m\u016bsu pied\u0101v\u0101tajam produktam m\u0113s pied\u0101v\u0101jam ar\u012b pla\u0161u hidraulisko cilindru kl\u0101stu da\u017e\u0101diem pielietojumiem. M\u0113s atzin\u012bgi v\u0113rt\u0113jam individu\u0101lus pas\u016bt\u012bjumus, pamatojoties uz sniegtajiem paraugiem vai dizainparaugiem.<\/p>\n<p>Uz\u0146\u0113mum\u0101 FMP m\u0113s lepojamies ar to, ka pied\u0101v\u0101jam kvalitat\u012bvus produktus par konkur\u0113tsp\u0113j\u012bg\u0101m cen\u0101m. M\u016bsu ap\u0146em\u0161an\u0101s klientu apkalpo\u0161anai ir nep\u0101rsp\u0113jama. Aicin\u0101m j\u016bs iepaz\u012bties ar m\u016bsu pied\u0101v\u0101jumu un uzzin\u0101t, k\u0101 m\u0113s varam apmierin\u0101t j\u016bsu hidraulisko cilindru vajadz\u012bbas.<\/p>\n<p><img decoding=\"async\" src=\"https:\/\/hzpt.com\/wp-content\/uploads\/2023\/12\/insert-5.webp\" alt=\"FMP r\u016bpn\u012bcas att\u0113ls\" title=\"\"><\/p>\n<h2>Bie\u017ei uzdotie jaut\u0101jumi<\/h2>\n<dl>\n<dt>J: Kas ir divk\u0101r\u0161\u0101 efekta hidrauliskais virzu\u013ccilindrs?<\/dt>\n<dd>A: Tas ir hidraulisk\u0101 cilindra veids, kas var iedarboties uz sp\u0113ku abos virzienos.<\/dd>\n<dt>J: K\u0101das nozares var g\u016bt labumu no \u0161\u012b produkta izmanto\u0161anas?<\/dt>\n<dd>A: To pla\u0161i izmanto b\u016bvniec\u012bb\u0101, ra\u017eo\u0161an\u0101 un autob\u016bves nozar\u0113.<\/dd>\n<dt>J: K\u0101 es varu nodro\u0161in\u0101t sava hidraulisk\u0101 virzu\u013ccilindra ilgm\u016b\u017e\u012bbu?<\/dt>\n<dd>A: Regul\u0101ra apkope un savlaic\u012bga deta\u013cu nomai\u0146a var nodro\u0161in\u0101t optim\u0101lu veiktsp\u0113ju un ilgm\u016b\u017e\u012bbu.<\/dd>\n<dt>J: Vai es varu pas\u016bt\u012bt piel\u0101gotu hidraulisko cilindru no FMP?<\/dt>\n<dd>A: J\u0101, m\u0113s atzin\u012bgi v\u0113rt\u0113jam piel\u0101gotus pas\u016bt\u012bjumus, pamatojoties uz sniegtajiem paraugiem vai dizainparaugiem.<\/dd>\n<dt>J: K\u0101 es varu apmekl\u0113t FMP r\u016bpn\u012bcu?<\/dt>\n<dd>A: J\u016bs varat apmekl\u0113t m\u016bsu r\u016bpn\u012bcu virtu\u0101li, izmantojot iepriek\u0161 nor\u0101d\u012bto saiti.<\/dd>\n<\/dl>\n<p>Autors: CX<\/p>","protected":false},"excerpt":{"rendered":"<p>Iepaz\u012bstin\u0101m ar produktu 10037 It\u0101lijas r\u016bpn\u012bcas pieg\u0101d\u0101tais divk\u0101r\u0161\u0101s iedarb\u012bbas hidrauliskais virzu\u013ccilindrs: 10037 It\u0101lijas r\u016bpn\u012bcas pieg\u0101d\u0101tais divk\u0101r\u0161\u0101s iedarb\u012bbas hidrauliskais virzu\u013ccilindrs ir augstas kvalit\u0101tes hidrauliska sast\u0101vda\u013ca, kas paredz\u0113ta efekt\u012bvai un uzticamai darb\u012bbai. \u0160is virzu\u013ccilindrs ir ra\u017eots It\u0101lij\u0101 un ir izgatavots atbilsto\u0161i augst\u0101kajiem nozares standartiem. \u0160im hidrauliskajam virzu\u013cam ir divk\u0101r\u0161\u0101s iedarb\u012bbas konstrukcija [\u2026]<\/p>","protected":false},"featured_media":1127,"comment_status":"closed","ping_status":"closed","template":"","meta":{"_et_pb_use_builder":"","_et_pb_old_content":"","_et_gb_content_width":""},"product_brand":[],"product_cat":[36],"product_tag":[34,38],"class_list":{"0":"post-1045","1":"product","2":"type-product","3":"status-publish","4":"has-post-thumbnail","6":"product_cat-welded-clevis-type-cylinder","7":"product_tag-hydraulic-cylinder","8":"product_tag-welded-clevis-type-cylinder","10":"first","11":"instock","12":"product-type-simple"},"_links":{"self":[{"href":"https:\/\/fmp-components.com\/lv\/wp-json\/wp\/v2\/product\/1045","targetHints":{"allow":["GET"]}}],"collection":[{"href":"https:\/\/fmp-components.com\/lv\/wp-json\/wp\/v2\/product"}],"about":[{"href":"https:\/\/fmp-components.com\/lv\/wp-json\/wp\/v2\/types\/product"}],"replies":[{"embeddable":true,"href":"https:\/\/fmp-components.com\/lv\/wp-json\/wp\/v2\/comments?post=1045"}],"wp:featuredmedia":[{"embeddable":true,"href":"https:\/\/fmp-components.com\/lv\/wp-json\/wp\/v2\/media\/1127"}],"wp:attachment":[{"href":"https:\/\/fmp-components.com\/lv\/wp-json\/wp\/v2\/media?parent=1045"}],"wp:term":[{"taxonomy":"product_brand","embeddable":true,"href":"https:\/\/fmp-components.com\/lv\/wp-json\/wp\/v2\/product_brand?post=1045"},{"taxonomy":"product_cat","embeddable":true,"href":"https:\/\/fmp-components.com\/lv\/wp-json\/wp\/v2\/product_cat?post=1045"},{"taxonomy":"product_tag","embeddable":true,"href":"https:\/\/fmp-components.com\/lv\/wp-json\/wp\/v2\/product_tag?post=1045"}],"curies":[{"name":"wp","href":"https:\/\/api.w.org\/{rel}","templated":true}]}}