{"id":1044,"date":"2024-12-19T06:17:09","date_gmt":"2024-12-19T06:17:09","guid":{"rendered":"https:\/\/fmp-components.com\/product\/10036-high-quality-stainless-steel-welded-clevis-hydraulic-cylinders\/"},"modified":"2025-03-18T00:44:17","modified_gmt":"2025-03-18T00:44:17","slug":"10036-high-quality-stainless-steel-welded-clevis-hydraulic-cylinders","status":"publish","type":"product","link":"https:\/\/fmp-components.com\/lv\/product\/10036-high-quality-stainless-steel-welded-clevis-hydraulic-cylinders\/","title":{"rendered":"10036 augstas kvalit\u0101tes ner\u016bs\u0113jo\u0161\u0101 t\u0113rauda metin\u0101tie hidrauliskie cilindri"},"content":{"rendered":"<h2>Produkta apraksts:<\/h2>\n<p>10036 augstas kvalit\u0101tes ner\u016bs\u0113jo\u0161\u0101 t\u0113rauda metin\u0101tie hidrauliskie cilindri ar skavu ir prec\u012bzi konstru\u0113ti hidrauliskie cilindri, kas izgatavoti no iztur\u012bga ner\u016bs\u0113jo\u0161\u0101 t\u0113rauda. \u0160ie cilindri ir izstr\u0101d\u0101ti, lai nodro\u0161in\u0101tu izcilu veiktsp\u0113ju un uzticam\u012bbu, un ir ide\u0101li piem\u0113roti da\u017e\u0101diem r\u016bpnieciskiem lietojumiem.<\/p>\n<p>Galven\u0101s iez\u012bmes:<br \/>\n1. Augstas kvalit\u0101tes ner\u016bs\u0113jo\u0161ais t\u0113rauds: \u0160ie hidrauliskie cilindri ir izgatavoti no augstas kvalit\u0101tes ner\u016bs\u0113jo\u0161\u0101 t\u0113rauda, \u200b\u200bnodro\u0161inot izcilu iztur\u012bbu un iztur\u012bbu pret koroziju.<br \/>\n2. Metin\u0101ts skavu stiprin\u0101jums: Cilindriem ir metin\u0101ts skavu stiprin\u0101jums, kas nodro\u0161ina dro\u0161u un stabilu savienojumu efekt\u012bvai darb\u012bbai.<br \/>\n3. Prec\u012bza in\u017eenierija: Katrs cilindrs ir r\u016bp\u012bgi izstr\u0101d\u0101ts, lai nodro\u0161in\u0101tu prec\u012bzas kust\u012bbas un nemain\u012bgu veiktsp\u0113ju.<br \/>\n4. Uzticama hidraulisk\u0101 sist\u0113ma: Cilindri ir konstru\u0113ti t\u0101, lai tie neman\u0101mi darbotos ar hidrauliskaj\u0101m sist\u0113m\u0101m, nodro\u0161inot vienm\u0113r\u012bgu darb\u012bbu un uzticamu sp\u0113ka \u0123ener\u0113\u0161anu.<br \/>\n5. Daudzpus\u012bgs pielietojums: piem\u0113rots pla\u0161am pielietojumu kl\u0101stam, tostarp ra\u017eo\u0161anai, b\u016bvniec\u012bbai, lauksaimniec\u012bbai un citur.<br \/>\n6. Iztur\u012bga konstrukcija: \u0160ie cilindri ir iztur\u012bgi un kalpo ilgi, jo tie ir rad\u012bti, lai iztur\u0113tu sare\u017e\u0123\u012btus apst\u0101k\u013cus.<br \/>\n7. Vienk\u0101r\u0161a uzst\u0101d\u012b\u0161ana: Baloniem ir pievienotas viegli izpild\u0101mas uzst\u0101d\u012b\u0161anas instrukcijas, kas nodro\u0161ina \u0113rtu uzst\u0101d\u012b\u0161anu un integr\u0101ciju eso\u0161aj\u0101s sist\u0113m\u0101s.<br \/>\n8. Zema apkope: Pateicoties iztur\u012bgajai konstrukcijai un augstas kvalit\u0101tes komponentiem, \u0161iem cilindriem nepiecie\u0161ama minim\u0101la apkope, samazinot d\u012bkst\u0101ves laiku un ekspluat\u0101cijas izmaksas.<br \/>\n9. Pla\u0161s izm\u0113ru kl\u0101sts: pieejams da\u017e\u0101dos izm\u0113ros un g\u0101jiena garumos, kas \u013cauj piel\u0101goties konkr\u0113t\u0101m lietojumprogrammu pras\u012bb\u0101m.<br \/>\n10. Dro\u0161i un efekt\u012bvi: Baloni ir konstru\u0113ti ar dro\u0161\u012bbas funkcij\u0101m, lai nov\u0113rstu negad\u012bjumus un nodro\u0161in\u0101tu efekt\u012bvu darb\u012bbu.<\/p>\n<p>Neatkar\u012bgi no t\u0101, vai jums ir j\u0101pace\u013c smagas kravas, j\u0101darbina hidraulisk\u0101s iek\u0101rtas vai j\u0101veic citi uzdevumi, kam nepiecie\u0161ama uzticama sp\u0113ka \u0123ener\u0113\u0161ana, 10036 augstas kvalit\u0101tes ner\u016bs\u0113jo\u0161\u0101 t\u0113rauda metin\u0101tie skavu hidrauliskie cilindri ir lieliska izv\u0113le. Invest\u0113jiet \u0161ajos cilindros, lai uzlabotu savu hidraulisko sist\u0113mu veiktsp\u0113ju un iztur\u012bbu. Iepaz\u012bstin\u0101m ar FMP augst\u0101k\u0101s klases produktu - 10036 augstas kvalit\u0101tes ner\u016bs\u0113jo\u0161\u0101 t\u0113rauda metin\u0101to skavu hidraulisko cilindru, kas ra\u017eots It\u0101lij\u0101. \u0160is hidrauliskais cilindrs ir b\u016btisks instruments hidraulisko sist\u0113mu pasaul\u0113, kas paredz\u0113ts, lai p\u0101rveidotu \u0161\u0137idruma jaudu line\u0101r\u0101 meh\u0101nisk\u0101 jaud\u0101 un pieg\u0101d\u0101tu sp\u0113ku ar g\u0101jienu vien\u0101 virzien\u0101.<\/p>\n<p><img loading=\"lazy\" decoding=\"async\" class=\"alignnone size-full wp-image-1073\" src=\"https:\/\/fmp-components.com\/wp-content\/uploads\/2024\/12\/Welded-Clevis-Type-Cylinder2.webp\" alt=\"Metin\u0101ts Clevis tipa cilindrs\" width=\"800\" height=\"800\" title=\"\" srcset=\"https:\/\/fmp-components.com\/wp-content\/uploads\/2024\/12\/Welded-Clevis-Type-Cylinder2.webp 800w, https:\/\/fmp-components.com\/wp-content\/uploads\/2024\/12\/Welded-Clevis-Type-Cylinder2-480x480.webp 480w\" sizes=\"(min-width: 0px) and (max-width: 480px) 480px, (min-width: 481px) 800px, 100vw\" \/><\/p>\n<p>Hidrauliskie cilindri darbojas p\u0113c spiediena \u0161\u0137idruma pavairo\u0161anas principa. Kad hidraulisk\u0101 e\u013c\u013ca tiek ies\u016bkn\u0113ta cilindra apak\u0161\u0113j\u0101 pus\u0113, cilindra stienis izvirz\u0101s uz \u0101ru, veicot darbu g\u0101jiena laik\u0101.<\/p>\n<p>M\u016bsu hidrauliskos cilindrus pla\u0161i izmanto da\u017e\u0101da veida mobilaj\u0101 apr\u012bkojum\u0101, piem\u0113ram, iekr\u0101v\u0113jos, ekskavatoros, pace\u013camaj\u0101s darba platform\u0101s un citur. M\u0113s pied\u0101v\u0101jam ar\u012b piel\u0101go\u0161anu atbilsto\u0161i j\u016bsu pras\u012bb\u0101m.<\/p>\n<p>FMP hidrauliskajiem cilindriem ir bag\u0101ta v\u0113sture ar da\u017e\u0101d\u0101m klasifik\u0101cij\u0101m, priek\u0161roc\u012bb\u0101m, uzst\u0101d\u012b\u0161anas metod\u0113m, apkopi un kop\u0161anas proced\u016br\u0101m. Pareizas hidraulisk\u0101s e\u013c\u013cas un bl\u012bv\u0113jumu izv\u0113le ir \u013coti svar\u012bga j\u016bsu hidraulisk\u0101 cilindra ilgm\u016b\u017e\u012bbai un veiktsp\u0113jai. M\u0113s sniedzam vadl\u012bnijas par to, k\u0101 izm\u0113r\u012bt hidraulisko cilindru un kad un k\u0101 to nomain\u012bt.<\/p>\n<h2>Metin\u0101t\u0101 Clevis tipa cilindra priek\u0161roc\u012bbas<\/h2>\n<p>Metin\u0101ti skavu tipa cilindri ir popul\u0101ra izv\u0113le daudziem r\u016bpnieciskiem lietojumiem, pateicoties to unik\u0101laj\u0101m priek\u0161roc\u012bb\u0101m un ieguvumiem. \u0160eit ir da\u017eas no galvenaj\u0101m metin\u0101to skavu tipa cilindru priek\u0161roc\u012bb\u0101m:<\/p>\n<h3>1. Palielin\u0101ta iztur\u012bba un iztur\u012bba<\/h3>\n<p>Metin\u0101tie skavu tipa cilindri ir izgatavoti ar metin\u0101tu gala v\u0101ci\u0146u, kas nodro\u0161ina liel\u0101ku iztur\u012bbu un ilgm\u016b\u017e\u012bbu sal\u012bdzin\u0101jum\u0101 ar cita veida cilindriem. Tas padara tos ide\u0101li piem\u0113rotus lieljaudas lietojumiem, kuriem nepiecie\u0161ams augsts iztur\u012bbas un ilgm\u016b\u017e\u012bbas l\u012bmenis.<\/p>\n<p>Turkl\u0101t \u0161o cilindru metin\u0101t\u0101 konstrukcija noz\u012bm\u0113, ka tiem ir maz\u0101ka iesp\u0113ja nopl\u016bst vai saboj\u0101ties, kas var pal\u012bdz\u0113t samazin\u0101t d\u012bkst\u0101ves laiku un apkopes izmaksas.<\/p>\n<h3>2. Sp\u0113ja iztur\u0113t augstu spiedienu<\/h3>\n<p>Metin\u0101tie cilindri ar skavu tipa konstrukcij\u0101m sp\u0113j iztur\u0113t ar\u012b augstspiediena pielietojumus, padarot tos par iecien\u012btu izv\u0113li t\u0101d\u0101s nozar\u0113s k\u0101 b\u016bvniec\u012bba, ieguves r\u016bpniec\u012bba, k\u0101 ar\u012b naftas un g\u0101zes ieguve. To sp\u0113ja iztur\u0113t augstu spiedienu nodro\u0161ina uzticamu veiktsp\u0113ju sare\u017e\u0123\u012btos apst\u0101k\u013cos.<\/p>\n<h3>3. Piel\u0101gojams dizains<\/h3>\n<p>Metin\u0101tus skavu tipa cilindrus var piel\u0101got konkr\u0113tai lietojumprogrammai. Tas noz\u012bm\u0113, ka tos var piel\u0101got konkr\u0113tam izm\u0113ram, formai vai veiktsp\u0113jas pras\u012bbai. Piel\u0101gojams dizains nodro\u0161ina ar\u012b liel\u0101ku elast\u012bbu ra\u017eo\u0161anas proces\u0101, kas var ietaup\u012bt izmaksas.<\/p>\n<h3>4. Vienk\u0101r\u0161a uzst\u0101d\u012b\u0161ana<\/h3>\n<p>Metin\u0101tie skavu tipa cilindri ir paredz\u0113ti vienk\u0101r\u0161ai uzst\u0101d\u012b\u0161anai, kas pal\u012bdz samazin\u0101t uzst\u0101d\u012b\u0161anas laiku un darbasp\u0113ka izmaksas. Tie parasti ir iepriek\u0161 samont\u0113ti un gatavi lieto\u0161anai uzreiz p\u0113c iz\u0146em\u0161anas no kastes, kas samazina nepiecie\u0161am\u012bbu p\u0113c papildu deta\u013c\u0101m vai komponentiem.<\/p>\n<h3>5. Uzlabota veiktsp\u0113ja<\/h3>\n<p>Metin\u0101to skavu tipa cilindru konstrukcija nodro\u0161ina uzlabotu veiktsp\u0113ju sal\u012bdzin\u0101jum\u0101 ar cita veida cilindriem. Tie sp\u0113j rad\u012bt liel\u0101ku sp\u0113ku uz spiediena vien\u012bbu, kas var pal\u012bdz\u0113t uzlabot efektivit\u0101ti un produktivit\u0101ti r\u016bpnieciskos lietojumos.<\/p>\n<p>Kopum\u0101 metin\u0101tie cilindri ar skavu pied\u0101v\u0101 virkni priek\u0161roc\u012bbu un ieguvumu, kas padara tos par iecien\u012btu izv\u0113li daudziem r\u016bpnieciskiem lietojumiem. To paaugstin\u0101t\u0101 iztur\u012bba un ilgm\u016b\u017e\u012bba, sp\u0113ja iztur\u0113t augstu spiedienu, piel\u0101gojamais dizains, vienk\u0101r\u0161\u0101 uzst\u0101d\u012b\u0161ana un uzlabot\u0101 veiktsp\u0113ja padara tos par ide\u0101lu izv\u0113li pras\u012bg\u0101m vid\u0113m, kur uzticam\u012bba un veiktsp\u0113ja ir \u013coti svar\u012bgas.<\/p>\n<ol>\n<li><img decoding=\"async\" src=\"https:\/\/hzpt.com\/wp-content\/uploads\/2023\/12\/insert-1.webp\" alt=\"\" title=\"\"><\/li>\n<\/ol>\n<h2>Metin\u0101t\u0101 Clevis tipa cilindra pielietojums<\/h2>\n<ul>\n<li><strong>R\u016bpniecisk\u0101s iek\u0101rtas:<\/strong> Metin\u0101tie skavu tipa cilindri tiek pla\u0161i izmantoti da\u017e\u0101d\u0101s r\u016bpniecisk\u0101s iek\u0101rt\u0101s lieljaudas lietojumiem. \u0160ie cilindri sp\u0113j rad\u012bt lielu sp\u0113ku deta\u013cu pacel\u0161anai un pres\u0113\u0161anai iek\u0101rt\u0101s. Metin\u0101t\u0101 skavu konstrukcija nodro\u0161ina vienk\u0101r\u0161u uzst\u0101d\u012b\u0161anu un efekt\u012bvu darb\u012bbu, padarot to par iecien\u012btu izv\u0113li ra\u017eot\u0101ju vid\u016b.\n<ul>\n<li>Ra\u017eo\u0161anas nozar\u0113 metin\u0101tos Clevis tipa cilindrus izmanto hidrauliskaj\u0101s pres\u0113s, iesmidzin\u0101\u0161anas form\u0113\u0161anas ma\u0161\u012bn\u0101s un met\u0101la \u0161tanc\u0113\u0161anas iek\u0101rt\u0101s, lai nodro\u0161in\u0101tu nepiecie\u0161amo sp\u0113ku met\u0101la loks\u0146u form\u0113\u0161anai un veido\u0161anai.<\/li>\n<li>Automobi\u013cu r\u016bpniec\u012bb\u0101 \u0161ie cilindri tiek izmantoti automa\u0161\u012bnu domkratos, pac\u0113l\u0101jos un mont\u0101\u017eas ma\u0161\u012bn\u0101s, lai ra\u017eo\u0161anas proces\u0101 paceltu smagas deta\u013cas.<\/li>\n<li>B\u016bvniec\u012bbas nozar\u0113 metin\u0101tos Clevis tipa cilindrus izmanto celt\u0146os, ekskavatoros un buldozeros, lai darbin\u0101tu hidraulisk\u0101s sist\u0113mas, kas pace\u013c un p\u0101rvieto smagas kravas.<\/li>\n<\/ul>\n<\/li>\n<li><strong>Lauksaimniec\u012bbas tehnika:<\/strong> Lauksaimniec\u012bbas tehnika ir viena no svar\u012bg\u0101kaj\u0101m jom\u0101m, kur tiek izmantoti metin\u0101tie skavu tipa cilindri. \u0160ie cilindri tiek izmantoti da\u017e\u0101d\u0101s lauksaimniec\u012bbas tehnik\u0101, tostarp traktoros, kombainos un arklos, lai nodro\u0161in\u0101tu nepiecie\u0161amo sp\u0113ku augsnes sagatavo\u0161anai, st\u0101d\u012b\u0161anai un ra\u017eas nov\u0101k\u0161anai.\n<ul>\n<li>Lauksaimniec\u012bbas nozar\u0113 metin\u0101tos skavas tipa cilindrus izmanto arklos, kultivatoros un s\u0113jma\u0161\u012bn\u0101s, lai nodro\u0161in\u0101tu nepiecie\u0161amo sp\u0113ku augsnes sagatavo\u0161anai un s\u0113klu s\u0113\u0161anai.<\/li>\n<li>Ra\u017eas nov\u0101k\u0161anas nozar\u0113 \u0161ie cilindri tiek izmantoti kombainos, pres\u0113s un p\u013caujma\u0161\u012bn\u0101s, lai darbin\u0101tu hidraulisk\u0101s sist\u0113mas, kas sav\u0101c un transport\u0113 kult\u016braugus.<\/li>\n<\/ul>\n<\/li>\n<li><strong>Avi\u0101cija un aizsardz\u012bba:<\/strong> Metin\u0101tie Clevis tipa cilindri tiek izmantoti ar\u012b avi\u0101cijas un kosmosa un aizsardz\u012bbas nozar\u0113, kur tos pla\u0161i izmanto lidma\u0161\u012bn\u0101s, ra\u0137et\u0113s, ra\u0137et\u0113s un aizsardz\u012bbas sist\u0113m\u0101s.\n<ul>\n<li>Kosmosa avi\u0101cijas un kosmosa r\u016bpniec\u012bb\u0101 metin\u0101tos skavas tipa cilindrus izmanto lidma\u0161\u012bnu nolai\u0161an\u0101s meh\u0101nismos, atlokos un bremz\u0113s, lai nodro\u0161in\u0101tu nepiecie\u0161amo sp\u0113ku pacel\u0161an\u0101s un nolai\u0161an\u0101s laik\u0101.<\/li>\n<li>Aizsardz\u012bbas nozar\u0113 \u0161ie cilindri tiek izmantoti ra\u0137e\u0161u palai\u0161anas iek\u0101rt\u0101s, iero\u010du tor\u0146os un tanku sist\u0113m\u0101s, lai darbin\u0101tu hidraulisk\u0101s sist\u0113mas, kas kontrol\u0113 iero\u010du un mun\u012bcijas kust\u012bbu.<\/li>\n<\/ul>\n<\/li>\n<li><strong>J\u016bras r\u016bpniec\u012bba:<\/strong> Metin\u0101tie Clevis tipa cilindri tiek pla\u0161i izmantoti ar\u012b j\u016bras r\u016bpniec\u012bb\u0101, kur tos izmanto da\u017e\u0101dos ku\u0123os, laiv\u0101s un zem\u016bdens transportl\u012bdzek\u013cos.\n<ul>\n<li>Ku\u0123niec\u012bbas nozar\u0113 metin\u0101tos skavas tipa cilindrus izmanto celt\u0146os, vin\u010d\u0101s un kravu apstr\u0101des iek\u0101rt\u0101s, lai nodro\u0161in\u0101tu nepiecie\u0161amo sp\u0113ku kravas iekrau\u0161anai un izkrau\u0161anai.<\/li>\n<li>Laivu nozar\u0113 \u0161ie cilindri tiek izmantoti st\u016bres sist\u0113m\u0101s, propelleros un enkuru sist\u0113m\u0101s, lai nodro\u0161in\u0101tu nepiecie\u0161amo sp\u0113ku laivu un ku\u0123u kust\u012bbas kontrolei.<\/li>\n<li>Zem\u016bdens transportl\u012bdzek\u013cu nozar\u0113 metin\u0101tos skavu tipa cilindrus izmanto zem\u016bden\u0113s, att\u0101lin\u0101ti vad\u0101mos transportl\u012bdzek\u013cos (ROV) un nir\u0161anas apr\u012bkojum\u0101, lai nodro\u0161in\u0101tu nepiecie\u0161amo sp\u0113ku zem\u016bdens darb\u012bb\u0101m.<\/li>\n<\/ul>\n<\/li>\n<li><strong>Kalnr\u016bpniec\u012bbas nozare:<\/strong> Metin\u0101tie Clevis tipa cilindri tiek izmantoti ar\u012b kalnr\u016bpniec\u012bbas nozar\u0113, kur tos izmanto da\u017e\u0101dos pielietojumos miner\u0101lu ieguvei un materi\u0101lu apstr\u0101dei.\n<ul>\n<li>Kalnr\u016bpniec\u012bbas nozar\u0113 metin\u0101tie Clevis tipa cilindri tiek izmantoti konveijeru sist\u0113m\u0101s, urb\u0161anas iek\u0101rt\u0101s un hidrauliskaj\u0101s l\u0101pst\u0101s, lai nodro\u0161in\u0101tu nepiecie\u0161amo sp\u0113ku miner\u0101lu un materi\u0101lu ieguvei no raktuv\u0113m un karjeriem.<\/li>\n<\/ul>\n<\/li>\n<\/ul>\n<p><img decoding=\"async\" src=\"https:\/\/hzpt.com\/wp-content\/uploads\/2023\/12\/insert-2.webp\" alt=\"\" title=\"\"><\/p>\n<h3>Par FMP:<\/h3>\n<p>FMP ir vado\u0161ais nosaukums hidraulisko cilindru tirg\u016b It\u0101lij\u0101, kas specializ\u0113jas hidraulisko sl\u012bpuma cilindru, hidraulisko st\u016bres cilindru un hidraulisko pacel\u0161anas cilindru ra\u017eo\u0161an\u0101. Ar projekt\u0113to jaudu 200\u00a0000 komplektu, mums pieder aptuveni 300 da\u017e\u0101du autom\u0101tisko CNC ra\u017eo\u0161anas iek\u0101rtu un autom\u0101tisk\u0101s hidraulisko cilindru mont\u0101\u017eas iek\u0101rtu komplekti.<\/p>\n<p>Papildus m\u016bsu pied\u0101v\u0101tajam produktam m\u0113s pieg\u0101d\u0101jam ar\u012b pac\u0113l\u0101ju darba platformu cilindrus, r\u016bpniecisko transportl\u012bdzek\u013cu hidrauliskos cilindrus, rot\u0101cijas urb\u0161anas platformu cilindrus, kravas automa\u0161\u012bnu celt\u0146u cilindrus, celtniec\u012bbas tehnikas hidrauliskos cilindrus, iekr\u0101v\u0113ju hidrauliskos cilindrus, kalnr\u016bpniec\u012bbas pa\u0161izg\u0101z\u0113ju cilindrus un sanit\u0101rijas tehnikas hidrauliskos cilindrus. Piel\u0101go\u0161ana ir iesp\u0113jama atbilsto\u0161i j\u016bsu pras\u012bb\u0101m.<img decoding=\"async\" src=\"https:\/\/hzpt.com\/wp-content\/uploads\/2023\/12\/insert-5.webp\" alt=\"FMP r\u016bpn\u012bca\" title=\"\"><\/p>\n<p>Autors: CX<\/p>","protected":false},"excerpt":{"rendered":"<p>Product Description: The 10036 High Quality Stainless Steel Welded Clevis Hydraulic Cylinders are precision-engineered hydraulic cylinders made from durable stainless steel. Designed to deliver exceptional performance and reliability, these cylinders are ideal for various industrial applications. Key Features: 1. High-Quality Stainless Steel: These hydraulic cylinders are constructed using high-grade stainless steel, ensuring superior strength and [&hellip;]<\/p>","protected":false},"featured_media":1127,"comment_status":"closed","ping_status":"closed","template":"","meta":{"_et_pb_use_builder":"","_et_pb_old_content":"","_et_gb_content_width":""},"product_brand":[],"product_cat":[36],"product_tag":[34,38],"class_list":{"0":"post-1044","1":"product","2":"type-product","3":"status-publish","4":"has-post-thumbnail","6":"product_cat-welded-clevis-type-cylinder","7":"product_tag-hydraulic-cylinder","8":"product_tag-welded-clevis-type-cylinder","10":"first","11":"instock","12":"product-type-simple"},"_links":{"self":[{"href":"https:\/\/fmp-components.com\/lv\/wp-json\/wp\/v2\/product\/1044","targetHints":{"allow":["GET"]}}],"collection":[{"href":"https:\/\/fmp-components.com\/lv\/wp-json\/wp\/v2\/product"}],"about":[{"href":"https:\/\/fmp-components.com\/lv\/wp-json\/wp\/v2\/types\/product"}],"replies":[{"embeddable":true,"href":"https:\/\/fmp-components.com\/lv\/wp-json\/wp\/v2\/comments?post=1044"}],"wp:featuredmedia":[{"embeddable":true,"href":"https:\/\/fmp-components.com\/lv\/wp-json\/wp\/v2\/media\/1127"}],"wp:attachment":[{"href":"https:\/\/fmp-components.com\/lv\/wp-json\/wp\/v2\/media?parent=1044"}],"wp:term":[{"taxonomy":"product_brand","embeddable":true,"href":"https:\/\/fmp-components.com\/lv\/wp-json\/wp\/v2\/product_brand?post=1044"},{"taxonomy":"product_cat","embeddable":true,"href":"https:\/\/fmp-components.com\/lv\/wp-json\/wp\/v2\/product_cat?post=1044"},{"taxonomy":"product_tag","embeddable":true,"href":"https:\/\/fmp-components.com\/lv\/wp-json\/wp\/v2\/product_tag?post=1044"}],"curies":[{"name":"wp","href":"https:\/\/api.w.org\/{rel}","templated":true}]}}