{"id":1043,"date":"2024-12-19T06:17:09","date_gmt":"2024-12-19T06:17:09","guid":{"rendered":"https:\/\/fmp-components.com\/product\/10035-factory-price-double-acting-welded-hydraulic-cylinder\/"},"modified":"2024-12-24T00:38:48","modified_gmt":"2024-12-24T00:38:48","slug":"10035-factory-price-double-acting-welded-hydraulic-cylinder","status":"publish","type":"product","link":"https:\/\/fmp-components.com\/lv\/product\/10035-factory-price-double-acting-welded-hydraulic-cylinder\/","title":{"rendered":"10035 r\u016bpn\u012bcas cenas divk\u0101r\u0161as darb\u012bbas metin\u0101ts hidrauliskais cilindrs"},"content":{"rendered":"<h2>Iepaz\u012bstin\u0101m ar 10035 r\u016bpn\u012bcas cenas divk\u0101r\u0161as darb\u012bbas metin\u0101to hidraulisko cilindru:<\/h2>\n<p>10035 r\u016bpn\u012bcas cenas divk\u0101r\u0161\u0101s darb\u012bbas metin\u0101tais hidrauliskais cilindrs ir augstas kvalit\u0101tes un iztur\u012bgs hidrauliskais komponents, kas paredz\u0113ts da\u017e\u0101diem r\u016bpnieciskiem pielietojumiem. \u0160is cilindrs ir izgatavots ar precizit\u0101ti un uzman\u012bbu deta\u013c\u0101m, nodro\u0161inot uzticamu veiktsp\u0113ju un ilgsto\u0161u funkcionalit\u0101ti.<\/p>\n<p>Viena no 10035 r\u016bpn\u012bcas cenas divk\u0101r\u0161\u0101s darb\u012bbas metin\u0101t\u0101 hidraulisk\u0101 cilindra galvenaj\u0101m iez\u012bm\u0113m ir t\u0101 divk\u0101r\u0161\u0101s darb\u012bbas konstrukcija. Tas noz\u012bm\u0113, ka tas var rad\u012bt sp\u0113ku abos virzienos, nodro\u0161inot efekt\u012bvu un daudzpus\u012bgu darb\u012bbu. Neatkar\u012bgi no t\u0101, vai jums ir nepiecie\u0161ams stumt vai vilkt, \u0161is cilindrs nodro\u0161in\u0101s nepiecie\u0161amo jaudu.<\/p>\n<p><img decoding=\"async\" src=\"https:\/\/hzpt.com\/wp-content\/uploads\/2023\/12\/insert-4.webp?v=1694163707\" alt=\"\" title=\"\"><\/p>\n<p>\u0160is hidrauliskais cilindrs ir meistar\u012bgi izgatavots, izmantojot metin\u0101\u0161anas konstrukcijas metodes. Metin\u0101\u0161anas process nodro\u0161ina sp\u0113c\u012bgu un dro\u0161u savienojumu, kas sp\u0113j iztur\u0113t lielas slodzes un intens\u012bvu spiedienu. Pateicoties savam iztur\u012bgajam dizainam, 10035 r\u016bpn\u012bcas cenas divk\u0101r\u0161\u0101s darb\u012bbas metin\u0101tais hidrauliskais cilindrs ir paredz\u0113ts sare\u017e\u0123\u012btu uzdevumu un sare\u017e\u0123\u012btu vides apst\u0101k\u013cu veik\u0161anai.<\/p>\n<p>Papildus iztur\u012bbai \u0161is hidrauliskais cilindrs pied\u0101v\u0101 ar\u012b vienm\u0113r\u012bgu un prec\u012bzu darb\u012bbu. Iek\u0161\u0113j\u0101s sast\u0101vda\u013cas ir prec\u012bzi konstru\u0113tas, k\u0101 rezult\u0101t\u0101 tiek pan\u0101kta minim\u0101la berze un optim\u0101la veiktsp\u0113ja. Tas \u013cauj veikt prec\u012bzas un kontrol\u0113tas kust\u012bbas, uzlabojot produktivit\u0101ti un efektivit\u0101ti.<\/p>\n<p>10035 r\u016bpn\u012bcas cenas divk\u0101r\u0161\u0101s darb\u012bbas metin\u0101tais hidrauliskais cilindrs ir izstr\u0101d\u0101ts t\u0101, lai b\u016btu \u013coti piel\u0101gojams, padarot to piem\u0113rotu pla\u0161am pielietojumu kl\u0101stam. S\u0101kot no b\u016bvniec\u012bbas un lauksaimniec\u012bbas l\u012bdz ra\u017eo\u0161anai un materi\u0101lu apstr\u0101dei, \u0161is cilindrs var apmierin\u0101t da\u017e\u0101du nozaru vajadz\u012bbas.<\/p>\n<p>Neatkar\u012bgi no t\u0101, vai nomain\u0101t eso\u0161u cilindru vai s\u0101kat jaunu projektu, 10035 r\u016bpn\u012bcas cenas divk\u0101r\u0161\u0101s darb\u012bbas metin\u0101tais hidrauliskais cilindrs ir lieliska izv\u0113le. T\u0101 uzticam\u012bba, iztur\u012bba un izcil\u0101 veiktsp\u0113ja padara to par v\u0113rt\u012bgu akt\u012bvu jebkur\u0101 hidrauliskaj\u0101 sist\u0113m\u0101.<\/p>\n<p>Invest\u0113jiet 10035 r\u016bpn\u012bcas cenas divk\u0101r\u0161as darb\u012bbas metin\u0101taj\u0101 hidrauliskaj\u0101 cilindr\u0101 un izbaudiet jaudu un daudzpus\u012bbu, ko tas sniedz j\u016bsu darb\u012bbai.<\/p>\n<p><img decoding=\"async\" src=\"https:\/\/hzpt.com\/wp-content\/uploads\/2023\/12\/insert-3.webp\" alt=\"\" title=\"\"><\/p>\n<h2>Metin\u0101t\u0101 Clevis tipa cilindra priek\u0161roc\u012bbas<\/h2>\n<p>Metin\u0101ti skavu tipa cilindri ir popul\u0101ra izv\u0113le daudziem r\u016bpnieciskiem lietojumiem, pateicoties to unik\u0101laj\u0101m priek\u0161roc\u012bb\u0101m un ieguvumiem. \u0160eit ir da\u017eas no galvenaj\u0101m metin\u0101to skavu tipa cilindru priek\u0161roc\u012bb\u0101m:<\/p>\n<h3>1. Palielin\u0101ta iztur\u012bba un iztur\u012bba<\/h3>\n<p>Metin\u0101tie skavu tipa cilindri ir izgatavoti ar metin\u0101tu gala v\u0101ci\u0146u, kas nodro\u0161ina liel\u0101ku iztur\u012bbu un ilgm\u016b\u017e\u012bbu sal\u012bdzin\u0101jum\u0101 ar cita veida cilindriem. Tas padara tos ide\u0101li piem\u0113rotus lieljaudas lietojumiem, kuriem nepiecie\u0161ams augsts iztur\u012bbas un ilgm\u016b\u017e\u012bbas l\u012bmenis.<\/p>\n<p>Turkl\u0101t \u0161o cilindru metin\u0101t\u0101 konstrukcija noz\u012bm\u0113, ka tiem ir maz\u0101ka iesp\u0113ja nopl\u016bst vai saboj\u0101ties, kas var pal\u012bdz\u0113t samazin\u0101t d\u012bkst\u0101ves laiku un apkopes izmaksas.<\/p>\n<h3>2. Sp\u0113ja iztur\u0113t augstu spiedienu<\/h3>\n<p>Metin\u0101tie cilindri ar skavu tipa konstrukcij\u0101m sp\u0113j iztur\u0113t ar\u012b augstspiediena pielietojumus, padarot tos par iecien\u012btu izv\u0113li t\u0101d\u0101s nozar\u0113s k\u0101 b\u016bvniec\u012bba, ieguves r\u016bpniec\u012bba, k\u0101 ar\u012b naftas un g\u0101zes ieguve. To sp\u0113ja iztur\u0113t augstu spiedienu nodro\u0161ina uzticamu veiktsp\u0113ju sare\u017e\u0123\u012btos apst\u0101k\u013cos.<\/p>\n<h3>3. Piel\u0101gojams dizains<\/h3>\n<p>Metin\u0101tus skavu tipa cilindrus var piel\u0101got konkr\u0113tai lietojumprogrammai. Tas noz\u012bm\u0113, ka tos var piel\u0101got konkr\u0113tam izm\u0113ram, formai vai veiktsp\u0113jas pras\u012bbai. Piel\u0101gojams dizains nodro\u0161ina ar\u012b liel\u0101ku elast\u012bbu ra\u017eo\u0161anas proces\u0101, kas var ietaup\u012bt izmaksas.<\/p>\n<h3>4. Vienk\u0101r\u0161a uzst\u0101d\u012b\u0161ana<\/h3>\n<p>Metin\u0101tie skavu tipa cilindri ir paredz\u0113ti vienk\u0101r\u0161ai uzst\u0101d\u012b\u0161anai, kas pal\u012bdz samazin\u0101t uzst\u0101d\u012b\u0161anas laiku un darbasp\u0113ka izmaksas. Tie parasti ir iepriek\u0161 samont\u0113ti un gatavi lieto\u0161anai uzreiz p\u0113c iz\u0146em\u0161anas no kastes, kas samazina nepiecie\u0161am\u012bbu p\u0113c papildu deta\u013c\u0101m vai komponentiem.<\/p>\n<h3>5. Uzlabota veiktsp\u0113ja<\/h3>\n<p>Metin\u0101to skavu tipa cilindru konstrukcija nodro\u0161ina uzlabotu veiktsp\u0113ju sal\u012bdzin\u0101jum\u0101 ar cita veida cilindriem. Tie sp\u0113j rad\u012bt liel\u0101ku sp\u0113ku uz spiediena vien\u012bbu, kas var pal\u012bdz\u0113t uzlabot efektivit\u0101ti un produktivit\u0101ti r\u016bpnieciskos lietojumos.<\/p>\n<p>Kopum\u0101 metin\u0101tie cilindri ar skavu pied\u0101v\u0101 virkni priek\u0161roc\u012bbu un ieguvumu, kas padara tos par iecien\u012btu izv\u0113li daudziem r\u016bpnieciskiem lietojumiem. To paaugstin\u0101t\u0101 iztur\u012bba un ilgm\u016b\u017e\u012bba, sp\u0113ja iztur\u0113t augstu spiedienu, piel\u0101gojamais dizains, vienk\u0101r\u0161\u0101 uzst\u0101d\u012b\u0161ana un uzlabot\u0101 veiktsp\u0113ja padara tos par ide\u0101lu izv\u0113li pras\u012bg\u0101m vid\u0113m, kur uzticam\u012bba un veiktsp\u0113ja ir \u013coti svar\u012bgas.<\/p>\n<p><img decoding=\"async\" src=\"https:\/\/hzpt.com\/wp-content\/uploads\/2023\/12\/insert-2.webp\" alt=\"\" title=\"\"><\/p>\n<h2>Metin\u0101t\u0101 Clevis tipa cilindra pielietojums<\/h2>\n<ul>\n<li><strong>R\u016bpniecisk\u0101s iek\u0101rtas:<\/strong> Metin\u0101tie skavu tipa cilindri tiek pla\u0161i izmantoti da\u017e\u0101d\u0101s r\u016bpniecisk\u0101s iek\u0101rt\u0101s lieljaudas lietojumiem. \u0160ie cilindri sp\u0113j rad\u012bt lielu sp\u0113ku deta\u013cu pacel\u0161anai un pres\u0113\u0161anai iek\u0101rt\u0101s. Metin\u0101t\u0101 skavu konstrukcija nodro\u0161ina vienk\u0101r\u0161u uzst\u0101d\u012b\u0161anu un efekt\u012bvu darb\u012bbu, padarot to par iecien\u012btu izv\u0113li ra\u017eot\u0101ju vid\u016b.\n<ul>\n<li>Ra\u017eo\u0161anas nozar\u0113 metin\u0101tos Clevis tipa cilindrus izmanto hidrauliskaj\u0101s pres\u0113s, iesmidzin\u0101\u0161anas form\u0113\u0161anas ma\u0161\u012bn\u0101s un met\u0101la \u0161tanc\u0113\u0161anas iek\u0101rt\u0101s, lai nodro\u0161in\u0101tu nepiecie\u0161amo sp\u0113ku met\u0101la loks\u0146u form\u0113\u0161anai un veido\u0161anai.<\/li>\n<li>Automobi\u013cu r\u016bpniec\u012bb\u0101 \u0161ie cilindri tiek izmantoti automa\u0161\u012bnu domkratos, pac\u0113l\u0101jos un mont\u0101\u017eas ma\u0161\u012bn\u0101s, lai ra\u017eo\u0161anas proces\u0101 paceltu smagas deta\u013cas.<\/li>\n<li>B\u016bvniec\u012bbas nozar\u0113 metin\u0101tos Clevis tipa cilindrus izmanto celt\u0146os, ekskavatoros un buldozeros, lai darbin\u0101tu hidraulisk\u0101s sist\u0113mas, kas pace\u013c un p\u0101rvieto smagas kravas.<\/li>\n<\/ul>\n<\/li>\n<li><strong>Lauksaimniec\u012bbas tehnika:<\/strong> Lauksaimniec\u012bbas tehnika ir viena no svar\u012bg\u0101kaj\u0101m jom\u0101m, kur tiek izmantoti metin\u0101tie skavu tipa cilindri. \u0160ie cilindri tiek izmantoti da\u017e\u0101d\u0101s lauksaimniec\u012bbas tehnik\u0101, tostarp traktoros, kombainos un arklos, lai nodro\u0161in\u0101tu nepiecie\u0161amo sp\u0113ku augsnes sagatavo\u0161anai, st\u0101d\u012b\u0161anai un ra\u017eas nov\u0101k\u0161anai.\n<ul>\n<li>Lauksaimniec\u012bbas nozar\u0113 metin\u0101tos skavas tipa cilindrus izmanto arklos, kultivatoros un s\u0113jma\u0161\u012bn\u0101s, lai nodro\u0161in\u0101tu nepiecie\u0161amo sp\u0113ku augsnes sagatavo\u0161anai un s\u0113klu s\u0113\u0161anai.<\/li>\n<li>Ra\u017eas nov\u0101k\u0161anas nozar\u0113 \u0161ie cilindri tiek izmantoti kombainos, pres\u0113s un p\u013caujma\u0161\u012bn\u0101s, lai darbin\u0101tu hidraulisk\u0101s sist\u0113mas, kas sav\u0101c un transport\u0113 kult\u016braugus.<\/li>\n<\/ul>\n<\/li>\n<li><strong>Avi\u0101cija un aizsardz\u012bba:<\/strong> Metin\u0101tie Clevis tipa cilindri tiek izmantoti ar\u012b avi\u0101cijas un kosmosa un aizsardz\u012bbas nozar\u0113, kur tos pla\u0161i izmanto lidma\u0161\u012bn\u0101s, ra\u0137et\u0113s, ra\u0137et\u0113s un aizsardz\u012bbas sist\u0113m\u0101s.\n<ul>\n<li>Kosmosa avi\u0101cijas un kosmosa r\u016bpniec\u012bb\u0101 metin\u0101tos skavas tipa cilindrus izmanto lidma\u0161\u012bnu nolai\u0161an\u0101s meh\u0101nismos, atlokos un bremz\u0113s, lai nodro\u0161in\u0101tu nepiecie\u0161amo sp\u0113ku pacel\u0161an\u0101s un nolai\u0161an\u0101s laik\u0101.<\/li>\n<li>Aizsardz\u012bbas nozar\u0113 \u0161ie cilindri tiek izmantoti ra\u0137e\u0161u palai\u0161anas iek\u0101rt\u0101s, iero\u010du tor\u0146os un tanku sist\u0113m\u0101s, lai darbin\u0101tu hidraulisk\u0101s sist\u0113mas, kas kontrol\u0113 iero\u010du un mun\u012bcijas kust\u012bbu.<\/li>\n<\/ul>\n<\/li>\n<li><strong>J\u016bras r\u016bpniec\u012bba:<\/strong> Metin\u0101tie Clevis tipa cilindri tiek pla\u0161i izmantoti ar\u012b j\u016bras r\u016bpniec\u012bb\u0101, kur tos izmanto da\u017e\u0101dos ku\u0123os, laiv\u0101s un zem\u016bdens transportl\u012bdzek\u013cos.\n<ul>\n<li>Ku\u0123niec\u012bbas nozar\u0113 metin\u0101tos skavas tipa cilindrus izmanto celt\u0146os, vin\u010d\u0101s un kravu apstr\u0101des iek\u0101rt\u0101s, lai nodro\u0161in\u0101tu nepiecie\u0161amo sp\u0113ku kravas iekrau\u0161anai un izkrau\u0161anai.<\/li>\n<li>Laivu nozar\u0113 \u0161ie cilindri tiek izmantoti st\u016bres sist\u0113m\u0101s, propelleros un enkuru sist\u0113m\u0101s, lai nodro\u0161in\u0101tu nepiecie\u0161amo sp\u0113ku laivu un ku\u0123u kust\u012bbas kontrolei.<\/li>\n<li>Zem\u016bdens transportl\u012bdzek\u013cu nozar\u0113 metin\u0101tos skavu tipa cilindrus izmanto zem\u016bden\u0113s, att\u0101lin\u0101ti vad\u0101mos transportl\u012bdzek\u013cos (ROV) un nir\u0161anas apr\u012bkojum\u0101, lai nodro\u0161in\u0101tu nepiecie\u0161amo sp\u0113ku zem\u016bdens darb\u012bb\u0101m.<\/li>\n<\/ul>\n<\/li>\n<li><strong>Kalnr\u016bpniec\u012bbas nozare:<\/strong> Metin\u0101tie Clevis tipa cilindri tiek izmantoti ar\u012b kalnr\u016bpniec\u012bbas nozar\u0113, kur tos izmanto da\u017e\u0101dos pielietojumos miner\u0101lu ieguvei un materi\u0101lu apstr\u0101dei.\n<ul>\n<li>Kalnr\u016bpniec\u012bbas nozar\u0113 metin\u0101tie Clevis tipa cilindri tiek izmantoti konveijeru sist\u0113m\u0101s, urb\u0161anas iek\u0101rt\u0101s un hidrauliskaj\u0101s l\u0101pst\u0101s, lai nodro\u0161in\u0101tu nepiecie\u0161amo sp\u0113ku miner\u0101lu un materi\u0101lu ieguvei no raktuv\u0113m un karjeriem.<\/li>\n<\/ul>\n<\/li>\n<\/ul>\n<h2>Par FMP<\/h2>\n<p>FMP ir l\u012bderis hidraulisko cilindru tirg\u016b It\u0101lij\u0101 ar projekt\u0113to jaudu 200\u00a0000 komplektu. M\u016bsu r\u012bc\u012bb\u0101 ir 300 da\u017e\u0101du piln\u012bb\u0101 autom\u0101tisku CNC ra\u017eo\u0161anas iek\u0101rtu un piln\u012bb\u0101 autom\u0101tisku hidraulisko cilindru mont\u0101\u017eas iek\u0101rtu komplekti.<\/p>\n<p>Papildus m\u016bsu hidrauliskajiem cilindriem m\u0113s pieg\u0101d\u0101jam ar\u012b augstkalnu darb\u012bbas platformu e\u013c\u013cas cilindrus, r\u016bpniecisko transportl\u012bdzek\u013cu hidrauliskos cilindrus, rot\u0101cijas urb\u0161anas e\u013c\u013cas cilindrus, automa\u0161\u012bnu celt\u0146u e\u013c\u013cas cilindrus, in\u017eeniertehnisko ma\u0161\u012bnu hidrauliskos cilindrus, <b>Iekr\u0101v\u0113ja hidrauliskie cilindri<\/b>, raktuvju pa\u0161izkrau\u0161anas automa\u0161\u012bnu e\u013c\u013cas cilindri un vides sanit\u0101rijas iek\u0101rtu hidrauliskie cilindri. M\u0113s aicin\u0101m klientus piel\u0101got tos atbilsto\u0161i vi\u0146u ras\u0113jumiem vai paraugiem.<\/p>\n<p><img decoding=\"async\" src=\"https:\/\/hzpt.com\/wp-content\/uploads\/2023\/12\/insert-5.webp\" alt=\"FMP r\u016bpn\u012bcas att\u0113ls\" title=\"\"><\/p>\n<h2>Bie\u017ei uzdotie jaut\u0101jumi<\/h2>\n<dl>\n<dt>J: K\u0101das ir 10035 r\u016bpn\u012bcas cenas divk\u0101r\u0161\u0101s darb\u012bbas metin\u0101t\u0101 hidraulisk\u0101 cilindra priek\u0161roc\u012bbas?<\/dt>\n<dd>A: Tie ir energoefekt\u012bvi, ar lielu ietilp\u012bbu, iztur\u012bgi un dro\u0161i.<\/dd>\n<dt>J: K\u0101ds ir hidraulisk\u0101 cilindra darb\u012bbas princips?<\/dt>\n<dd>A: Tas darbojas p\u0113c spiediena starp\u012bbas principa.<\/dd>\n<dt>J: Kur es varu izmantot hidraulisko cilindru?<\/dt>\n<dd>A: Tie atrod pielietojumu da\u017e\u0101d\u0101s nozar\u0113s, piem\u0113ram, b\u016bvniec\u012bb\u0101, ra\u017eo\u0161an\u0101 un transport\u0101.<\/dd>\n<dt>J: K\u0101 izv\u0113l\u0113ties pareizo hidraulisko e\u013c\u013cu un e\u013c\u013cas bl\u012bv\u0113jumu?<\/dt>\n<dd>A: M\u0113s sniedzam pla\u0161u atbalstu un nor\u0101d\u012bjumus produktu izv\u0113l\u0113.<\/dd>\n<dt>J: Vai es varu piel\u0101got savu pas\u016bt\u012bjumu?<\/dt>\n<dd>A: J\u0101, m\u0113s atzin\u012bgi v\u0113rt\u0113jam klientus, lai piel\u0101gotu atbilsto\u0161i vi\u0146u z\u012bm\u0113jumiem vai paraugiem.<\/dd>\n<\/dl>\n<p>Autors: CX<\/p>","protected":false},"excerpt":{"rendered":"<p>Introducing the 10035 Factory Price Double Acting Welded Hydraulic Cylinder: The 10035 Factory Price Double Acting Welded Hydraulic Cylinder is a high-quality and durable hydraulic component designed for various industrial applications. This cylinder is built with precision and attention to detail, ensuring reliable performance and long-lasting functionality. One of the key features of the 10035 [&hellip;]<\/p>","protected":false},"featured_media":1127,"comment_status":"closed","ping_status":"closed","template":"","meta":{"_et_pb_use_builder":"","_et_pb_old_content":"","_et_gb_content_width":""},"product_brand":[],"product_cat":[36],"product_tag":[34,38],"class_list":{"0":"post-1043","1":"product","2":"type-product","3":"status-publish","4":"has-post-thumbnail","6":"product_cat-welded-clevis-type-cylinder","7":"product_tag-hydraulic-cylinder","8":"product_tag-welded-clevis-type-cylinder","10":"first","11":"instock","12":"product-type-simple"},"_links":{"self":[{"href":"https:\/\/fmp-components.com\/lv\/wp-json\/wp\/v2\/product\/1043","targetHints":{"allow":["GET"]}}],"collection":[{"href":"https:\/\/fmp-components.com\/lv\/wp-json\/wp\/v2\/product"}],"about":[{"href":"https:\/\/fmp-components.com\/lv\/wp-json\/wp\/v2\/types\/product"}],"replies":[{"embeddable":true,"href":"https:\/\/fmp-components.com\/lv\/wp-json\/wp\/v2\/comments?post=1043"}],"wp:featuredmedia":[{"embeddable":true,"href":"https:\/\/fmp-components.com\/lv\/wp-json\/wp\/v2\/media\/1127"}],"wp:attachment":[{"href":"https:\/\/fmp-components.com\/lv\/wp-json\/wp\/v2\/media?parent=1043"}],"wp:term":[{"taxonomy":"product_brand","embeddable":true,"href":"https:\/\/fmp-components.com\/lv\/wp-json\/wp\/v2\/product_brand?post=1043"},{"taxonomy":"product_cat","embeddable":true,"href":"https:\/\/fmp-components.com\/lv\/wp-json\/wp\/v2\/product_cat?post=1043"},{"taxonomy":"product_tag","embeddable":true,"href":"https:\/\/fmp-components.com\/lv\/wp-json\/wp\/v2\/product_tag?post=1043"}],"curies":[{"name":"wp","href":"https:\/\/api.w.org\/{rel}","templated":true}]}}