{"id":1042,"date":"2024-12-19T06:17:09","date_gmt":"2024-12-19T06:17:09","guid":{"rendered":"https:\/\/fmp-components.com\/product\/10034-professional-craftsmanship-small-trailer-hydraulic-piston-cylinder\/"},"modified":"2024-12-24T00:39:03","modified_gmt":"2024-12-24T00:39:03","slug":"10034-professional-craftsmanship-small-trailer-hydraulic-piston-cylinder","status":"publish","type":"product","link":"https:\/\/fmp-components.com\/lv\/product\/10034-professional-craftsmanship-small-trailer-hydraulic-piston-cylinder\/","title":{"rendered":"10034 Profesion\u0101la meistar\u012bba Maza piekabes hidrauliskais virzu\u013ccilindrs"},"content":{"rendered":"<h2>Iepaz\u012bstin\u0101m ar produktu 10034 Profesion\u0101la meistar\u012bba Mazas piekabes hidrauliskais virzu\u013ccilindrs<\/h2>\n<p>10034 Professional Craftsmanship mazo piekabju hidrauliskais virzu\u013ccilindrs ir augstas kvalit\u0101tes hidrauliska sast\u0101vda\u013ca, kas \u012bpa\u0161i izstr\u0101d\u0101ta maz\u0101m piekab\u0113m. Tas ir r\u016bp\u012bgi izgatavots, izmantojot progres\u012bvas ra\u017eo\u0161anas metodes, nodro\u0161inot izcilu veiktsp\u0113ju un iztur\u012bbu.<\/p>\n<p>\u0160im virzu\u013ccilindram ir kompakts dizains, kas padara to ide\u0101li piem\u0113rotu lieto\u0161anai ierobe\u017eot\u0101 telp\u0101. Tas ir izgatavots ar precizit\u0101ti un uzman\u012bbu deta\u013c\u0101m, garant\u0113jot nevainojamu darb\u012bbu un optim\u0101lu efektivit\u0101ti.<\/p>\n<p>Ar savu hidraulisko jaudu \u0161is virzu\u013ccilindrs nodro\u0161ina vienm\u0113r\u012bgu un uzticamu mazo piekabju pacel\u0161anas un nolai\u0161anas sp\u0113ju. Neatkar\u012bgi no t\u0101, vai jums ir j\u0101p\u0101rvad\u0101 smagas kravas vai j\u0101veic manevri \u0161aur\u0101s telp\u0101s, \u0161is hidrauliskais virzu\u013ccilindrs ir uzticams un efekt\u012bvs risin\u0101jums.<\/p>\n<p>Profesion\u0101li ra\u017eotais mazo piekabju hidrauliskais virzu\u013ccilindrs ir izstr\u0101d\u0101ts, lai iztur\u0113tu skarbus apst\u0101k\u013cus un intens\u012bvu lieto\u0161anu. Tas ir izgatavots no augstas kvalit\u0101tes materi\u0101liem, kas padara to iztur\u012bgu pret koroziju, nodilumu un pl\u012bsumiem. Tas nodro\u0161ina ilgu kalpo\u0161anas laiku un minim\u0101las apkopes pras\u012bbas.<\/p>\n<p>Turkl\u0101t \u0161is virzu\u013ccilindrs ir izstr\u0101d\u0101ts, \u0146emot v\u0113r\u0101 lietot\u0101ja \u0113rt\u012bbas. To ir viegli uzst\u0101d\u012bt un lietot, kas \u013cauj to \u0101tri un bez probl\u0113m\u0101m integr\u0113t j\u016bsu piekabes sist\u0113m\u0101. T\u0101 kompaktais izm\u0113rs ar\u012b atvieglo transport\u0113\u0161anu un uzglab\u0101\u0161anu, kad tas netiek lietots.<\/p>\n<p>Nosl\u0113gum\u0101 j\u0101saka, ka 10034 Professional Craftsmanship mazo piekabju hidrauliskais virzu\u013ccilindrs ir augst\u0101k\u0101s klases hidrauliskais komponents, kas pied\u0101v\u0101 izcilu veiktsp\u0113ju, iztur\u012bbu un lieto\u0161anas \u0113rtumu. T\u0101 izcil\u0101s \u012bpa\u0161\u012bbas padara to par ide\u0101lu izv\u0113li mazo piekabju lietojumprogramm\u0101m, nodro\u0161inot efekt\u012bvas pacel\u0161anas un nolai\u0161anas iesp\u0113jas. Ieguldiet \u0161aj\u0101 virzu\u013ccilindr\u0101, lai jau \u0161odien uzlabotu savas maz\u0101s piekabes funkcionalit\u0101ti un uzticam\u012bbu.<\/p>\n<p><img decoding=\"async\" src=\"https:\/\/hzpt.com\/wp-content\/uploads\/2023\/12\/insert-4.webp?v=1694163707\" alt=\"\" title=\"\"><\/p>\n<h2>Par hidraulisko virzu\u013ccilindru<\/h2>\n<p>Hidrauliskajam virzu\u013ccilindram ir bag\u0101ta v\u0113sture, un tas tiek iedal\u012bts kategorij\u0101s, pamatojoties uz t\u0101 konstrukciju, darb\u012bbu un uzst\u0101d\u012b\u0161anu. Tam ir daudz priek\u0161roc\u012bbu, tostarp vienk\u0101r\u0161a uzst\u0101d\u012b\u0161ana, zema apkope un ilgs kalpo\u0161anas laiks.<\/p>\n<p>Hidraulisk\u0101 virzu\u013ccilindra darb\u012bbai ir \u013coti svar\u012bga atbilsto\u0161a hidraulisk\u0101s e\u013c\u013cas un e\u013c\u013cas bl\u012bv\u0113juma izv\u0113le. Regul\u0101ra nomai\u0146a un prec\u012bzi m\u0113r\u012bjumi ir svar\u012bgi ar\u012b t\u0101 efekt\u012bvai darb\u012bbai.<\/p>\n<h2>Metin\u0101t\u0101 Clevis tipa cilindra priek\u0161roc\u012bbas<\/h2>\n<p>Metin\u0101ti skavu tipa cilindri ir popul\u0101ra izv\u0113le daudziem r\u016bpnieciskiem lietojumiem, pateicoties to unik\u0101laj\u0101m priek\u0161roc\u012bb\u0101m un ieguvumiem. \u0160eit ir da\u017eas no galvenaj\u0101m metin\u0101to skavu tipa cilindru priek\u0161roc\u012bb\u0101m:<\/p>\n<h3>1. Palielin\u0101ta iztur\u012bba un iztur\u012bba<\/h3>\n<p>Metin\u0101tie skavu tipa cilindri ir izgatavoti ar metin\u0101tu gala v\u0101ci\u0146u, kas nodro\u0161ina liel\u0101ku iztur\u012bbu un ilgm\u016b\u017e\u012bbu sal\u012bdzin\u0101jum\u0101 ar cita veida cilindriem. Tas padara tos ide\u0101li piem\u0113rotus lieljaudas lietojumiem, kuriem nepiecie\u0161ams augsts iztur\u012bbas un ilgm\u016b\u017e\u012bbas l\u012bmenis.<\/p>\n<p>Turkl\u0101t \u0161o cilindru metin\u0101t\u0101 konstrukcija noz\u012bm\u0113, ka tiem ir maz\u0101ka iesp\u0113ja nopl\u016bst vai saboj\u0101ties, kas var pal\u012bdz\u0113t samazin\u0101t d\u012bkst\u0101ves laiku un apkopes izmaksas.<\/p>\n<h3>2. Sp\u0113ja iztur\u0113t augstu spiedienu<\/h3>\n<p>Metin\u0101tie cilindri ar skavu tipa konstrukcij\u0101m sp\u0113j iztur\u0113t ar\u012b augstspiediena pielietojumus, padarot tos par iecien\u012btu izv\u0113li t\u0101d\u0101s nozar\u0113s k\u0101 b\u016bvniec\u012bba, ieguves r\u016bpniec\u012bba, k\u0101 ar\u012b naftas un g\u0101zes ieguve. To sp\u0113ja iztur\u0113t augstu spiedienu nodro\u0161ina uzticamu veiktsp\u0113ju sare\u017e\u0123\u012btos apst\u0101k\u013cos.<\/p>\n<h3>3. Piel\u0101gojams dizains<\/h3>\n<p>Metin\u0101tus skavu tipa cilindrus var piel\u0101got konkr\u0113tai lietojumprogrammai. Tas noz\u012bm\u0113, ka tos var piel\u0101got konkr\u0113tam izm\u0113ram, formai vai veiktsp\u0113jas pras\u012bbai. Piel\u0101gojams dizains nodro\u0161ina ar\u012b liel\u0101ku elast\u012bbu ra\u017eo\u0161anas proces\u0101, kas var ietaup\u012bt izmaksas.<\/p>\n<h3>4. Vienk\u0101r\u0161a uzst\u0101d\u012b\u0161ana<\/h3>\n<p>Metin\u0101tie skavu tipa cilindri ir paredz\u0113ti vienk\u0101r\u0161ai uzst\u0101d\u012b\u0161anai, kas pal\u012bdz samazin\u0101t uzst\u0101d\u012b\u0161anas laiku un darbasp\u0113ka izmaksas. Tie parasti ir iepriek\u0161 samont\u0113ti un gatavi lieto\u0161anai uzreiz p\u0113c iz\u0146em\u0161anas no kastes, kas samazina nepiecie\u0161am\u012bbu p\u0113c papildu deta\u013c\u0101m vai komponentiem.<\/p>\n<h3>5. Uzlabota veiktsp\u0113ja<\/h3>\n<p>Metin\u0101to skavu tipa cilindru konstrukcija nodro\u0161ina uzlabotu veiktsp\u0113ju sal\u012bdzin\u0101jum\u0101 ar cita veida cilindriem. Tie sp\u0113j rad\u012bt liel\u0101ku sp\u0113ku uz spiediena vien\u012bbu, kas var pal\u012bdz\u0113t uzlabot efektivit\u0101ti un produktivit\u0101ti r\u016bpnieciskos lietojumos.<\/p>\n<p>Kopum\u0101 metin\u0101tie cilindri ar skavu pied\u0101v\u0101 virkni priek\u0161roc\u012bbu un ieguvumu, kas padara tos par iecien\u012btu izv\u0113li daudziem r\u016bpnieciskiem lietojumiem. To paaugstin\u0101t\u0101 iztur\u012bba un ilgm\u016b\u017e\u012bba, sp\u0113ja iztur\u0113t augstu spiedienu, piel\u0101gojamais dizains, vienk\u0101r\u0161\u0101 uzst\u0101d\u012b\u0161ana un uzlabot\u0101 veiktsp\u0113ja padara tos par ide\u0101lu izv\u0113li pras\u012bg\u0101m vid\u0113m, kur uzticam\u012bba un veiktsp\u0113ja ir \u013coti svar\u012bgas.<\/p>\n<h2>Metin\u0101t\u0101 Clevis tipa cilindra pielietojums<\/h2>\n<ul>\n<li><strong>R\u016bpniecisk\u0101s iek\u0101rtas:<\/strong> Metin\u0101tie skavu tipa cilindri tiek pla\u0161i izmantoti da\u017e\u0101d\u0101s r\u016bpniecisk\u0101s iek\u0101rt\u0101s lieljaudas lietojumiem. \u0160ie cilindri sp\u0113j rad\u012bt lielu sp\u0113ku deta\u013cu pacel\u0161anai un pres\u0113\u0161anai iek\u0101rt\u0101s. Metin\u0101t\u0101 skavu konstrukcija nodro\u0161ina vienk\u0101r\u0161u uzst\u0101d\u012b\u0161anu un efekt\u012bvu darb\u012bbu, padarot to par iecien\u012btu izv\u0113li ra\u017eot\u0101ju vid\u016b.\n<ul>\n<li>Ra\u017eo\u0161anas nozar\u0113 metin\u0101tos Clevis tipa cilindrus izmanto hidrauliskaj\u0101s pres\u0113s, iesmidzin\u0101\u0161anas form\u0113\u0161anas ma\u0161\u012bn\u0101s un met\u0101la \u0161tanc\u0113\u0161anas iek\u0101rt\u0101s, lai nodro\u0161in\u0101tu nepiecie\u0161amo sp\u0113ku met\u0101la loks\u0146u form\u0113\u0161anai un veido\u0161anai.<\/li>\n<li>Automobi\u013cu r\u016bpniec\u012bb\u0101 \u0161ie cilindri tiek izmantoti automa\u0161\u012bnu domkratos, pac\u0113l\u0101jos un mont\u0101\u017eas ma\u0161\u012bn\u0101s, lai ra\u017eo\u0161anas proces\u0101 paceltu smagas deta\u013cas.<\/li>\n<li>B\u016bvniec\u012bbas nozar\u0113 metin\u0101tos Clevis tipa cilindrus izmanto celt\u0146os, ekskavatoros un buldozeros, lai darbin\u0101tu hidraulisk\u0101s sist\u0113mas, kas pace\u013c un p\u0101rvieto smagas kravas.<\/li>\n<\/ul>\n<\/li>\n<li><strong>Lauksaimniec\u012bbas tehnika:<\/strong> Lauksaimniec\u012bbas tehnika ir viena no svar\u012bg\u0101kaj\u0101m jom\u0101m, kur tiek izmantoti metin\u0101tie skavu tipa cilindri. \u0160ie cilindri tiek izmantoti da\u017e\u0101d\u0101s lauksaimniec\u012bbas tehnik\u0101, tostarp traktoros, kombainos un arklos, lai nodro\u0161in\u0101tu nepiecie\u0161amo sp\u0113ku augsnes sagatavo\u0161anai, st\u0101d\u012b\u0161anai un ra\u017eas nov\u0101k\u0161anai.\n<ul>\n<li>Lauksaimniec\u012bbas nozar\u0113 metin\u0101tos skavas tipa cilindrus izmanto arklos, kultivatoros un s\u0113jma\u0161\u012bn\u0101s, lai nodro\u0161in\u0101tu nepiecie\u0161amo sp\u0113ku augsnes sagatavo\u0161anai un s\u0113klu s\u0113\u0161anai.<\/li>\n<li>Ra\u017eas nov\u0101k\u0161anas nozar\u0113 \u0161ie cilindri tiek izmantoti kombainos, pres\u0113s un p\u013caujma\u0161\u012bn\u0101s, lai darbin\u0101tu hidraulisk\u0101s sist\u0113mas, kas sav\u0101c un transport\u0113 kult\u016braugus.<\/li>\n<\/ul>\n<\/li>\n<li><strong>Avi\u0101cija un aizsardz\u012bba:<\/strong> Metin\u0101tie Clevis tipa cilindri tiek izmantoti ar\u012b avi\u0101cijas un kosmosa un aizsardz\u012bbas nozar\u0113, kur tos pla\u0161i izmanto lidma\u0161\u012bn\u0101s, ra\u0137et\u0113s, ra\u0137et\u0113s un aizsardz\u012bbas sist\u0113m\u0101s.\n<ul>\n<li>Kosmosa avi\u0101cijas un kosmosa r\u016bpniec\u012bb\u0101 metin\u0101tos skavas tipa cilindrus izmanto lidma\u0161\u012bnu nolai\u0161an\u0101s meh\u0101nismos, atlokos un bremz\u0113s, lai nodro\u0161in\u0101tu nepiecie\u0161amo sp\u0113ku pacel\u0161an\u0101s un nolai\u0161an\u0101s laik\u0101.<\/li>\n<li>Aizsardz\u012bbas nozar\u0113 \u0161ie cilindri tiek izmantoti ra\u0137e\u0161u palai\u0161anas iek\u0101rt\u0101s, iero\u010du tor\u0146os un tanku sist\u0113m\u0101s, lai darbin\u0101tu hidraulisk\u0101s sist\u0113mas, kas kontrol\u0113 iero\u010du un mun\u012bcijas kust\u012bbu.<\/li>\n<\/ul>\n<\/li>\n<li><strong>J\u016bras r\u016bpniec\u012bba:<\/strong> Metin\u0101tie Clevis tipa cilindri tiek pla\u0161i izmantoti ar\u012b j\u016bras r\u016bpniec\u012bb\u0101, kur tos izmanto da\u017e\u0101dos ku\u0123os, laiv\u0101s un zem\u016bdens transportl\u012bdzek\u013cos.\n<ul>\n<li>Ku\u0123niec\u012bbas nozar\u0113 metin\u0101tos skavas tipa cilindrus izmanto celt\u0146os, vin\u010d\u0101s un kravu apstr\u0101des iek\u0101rt\u0101s, lai nodro\u0161in\u0101tu nepiecie\u0161amo sp\u0113ku kravas iekrau\u0161anai un izkrau\u0161anai.<\/li>\n<li>Laivu nozar\u0113 \u0161ie cilindri tiek izmantoti st\u016bres sist\u0113m\u0101s, propelleros un enkuru sist\u0113m\u0101s, lai nodro\u0161in\u0101tu nepiecie\u0161amo sp\u0113ku laivu un ku\u0123u kust\u012bbas kontrolei.<\/li>\n<li>Zem\u016bdens transportl\u012bdzek\u013cu nozar\u0113 metin\u0101tos skavu tipa cilindrus izmanto zem\u016bden\u0113s, att\u0101lin\u0101ti vad\u0101mos transportl\u012bdzek\u013cos (ROV) un nir\u0161anas apr\u012bkojum\u0101, lai nodro\u0161in\u0101tu nepiecie\u0161amo sp\u0113ku zem\u016bdens darb\u012bb\u0101m.<\/li>\n<\/ul>\n<\/li>\n<li><strong>Kalnr\u016bpniec\u012bbas nozare:<\/strong> Metin\u0101tie Clevis tipa cilindri tiek izmantoti ar\u012b kalnr\u016bpniec\u012bbas nozar\u0113, kur tos izmanto da\u017e\u0101dos pielietojumos miner\u0101lu ieguvei un materi\u0101lu apstr\u0101dei.\n<ul>\n<li>Kalnr\u016bpniec\u012bbas nozar\u0113 metin\u0101tie Clevis tipa cilindri tiek izmantoti konveijeru sist\u0113m\u0101s, urb\u0161anas iek\u0101rt\u0101s un hidrauliskaj\u0101s l\u0101pst\u0101s, lai nodro\u0161in\u0101tu nepiecie\u0161amo sp\u0113ku miner\u0101lu un materi\u0101lu ieguvei no raktuv\u0113m un karjeriem.<\/li>\n<\/ul>\n<\/li>\n<\/ul>\n<h3>Par FMP<\/h3>\n<p>FMP ir l\u012bderis mobilo ma\u0161\u012bnu hidraulisko cilindru tirg\u016b It\u0101lij\u0101. M\u0113s pied\u0101v\u0101jam pla\u0161u produktu kl\u0101stu, tostarp hidrauliskos sl\u012bpuma cilindrus, hidrauliskos st\u016bres cilindrus un hidrauliskos pacel\u0161anas cilindrus. M\u016bsu ra\u017eo\u0161anas jauda ir 200\u00a0000 komplektu, un mums ir 300 da\u017e\u0101du veidu piln\u012bb\u0101 autom\u0101tisku CNC ra\u017eo\u0161anas iek\u0101rtu komplekti, k\u0101 ar\u012b piln\u012bb\u0101 autom\u0101tiskas hidraulisko cilindru mont\u0101\u017eas iek\u0101rtas.<\/p>\n<p>Papildus iepriek\u0161min\u0113tajiem produktiem m\u0113s pieg\u0101d\u0101jam ar\u012b pac\u0113l\u0101ju darba platformu cilindrus, r\u016bpniecisko transportl\u012bdzek\u013cu hidrauliskos cilindrus, rot\u0101cijas urb\u0161anas platformu cilindrus, kravas automa\u0161\u012bnu celt\u0146u cilindrus, celtniec\u012bbas tehnikas hidrauliskos cilindrus, <b>Iekr\u0101v\u0113ja hidrauliskie cilindri<\/b>, raktuvju pa\u0161izg\u0101z\u0113ju cilindri un sanit\u0101rijas iek\u0101rtu hidrauliskie cilindri. M\u0113s atzin\u012bgi v\u0113rt\u0113jam piel\u0101go\u0161anas piepras\u012bjumus atbilsto\u0161i j\u016bsu specifik\u0101cij\u0101m.<\/p>\n<p><img decoding=\"async\" src=\"https:\/\/hzpt.com\/wp-content\/uploads\/2023\/12\/insert-5.webp\" alt=\"\" title=\"\"><\/p>\n<h2>Bie\u017ei uzdotie jaut\u0101jumi<\/h2>\n<ol>\n<li>J: K\u0101da ir hidraulisk\u0101 virzu\u013ccilindra funkcija? A: To izmanto, lai rad\u012btu taisnas l\u012bnijas sp\u0113ku da\u017e\u0101diem r\u016bpnieciskiem pielietojumiem.<\/li>\n<li>J: K\u0101das ir \u0161\u012b produkta priek\u0161roc\u012bbas? A: Tas pied\u0101v\u0101 energoefektivit\u0101ti, augstu veiktsp\u0113ju un dro\u0161\u012bbu.<\/li>\n<li>J: K\u0101das nozares var izmantot \u0161o produktu? A: To izmanto da\u017e\u0101d\u0101s nozar\u0113s, tostarp b\u016bvniec\u012bb\u0101, ra\u017eo\u0161an\u0101 un transport\u0101.<\/li>\n<li>J: Cik bie\u017ei man j\u0101maina hidraulisk\u0101 e\u013c\u013ca un e\u013c\u013cas bl\u012bvsl\u0113gs? A: Tas ir atkar\u012bgs no lieto\u0161anas un ekspluat\u0101cijas apst\u0101k\u013ciem.<\/li>\n<li>J: Vai varu piel\u0101got savu pas\u016bt\u012bjumu atbilsto\u0161i sav\u0101m specifik\u0101cij\u0101m? A: J\u0101, m\u0113s atzin\u012bgi v\u0113rt\u0113jam piel\u0101go\u0161anas piepras\u012bjumus.<\/li>\n<\/ol>\n<p>Autors: CX<\/p>","protected":false},"excerpt":{"rendered":"<p>Introducing Product 10034 Professional Craftsmanship Small Trailer Hydraulic Piston Cylinder The 10034 Professional Craftsmanship Small Trailer Hydraulic Piston Cylinder is a high-quality hydraulic component designed specifically for small trailers. It is meticulously crafted using advanced manufacturing techniques, ensuring superior performance and durability. This piston cylinder features a compact design that makes it perfect for use [&hellip;]<\/p>","protected":false},"featured_media":1127,"comment_status":"closed","ping_status":"closed","template":"","meta":{"_et_pb_use_builder":"","_et_pb_old_content":"","_et_gb_content_width":""},"product_brand":[],"product_cat":[36],"product_tag":[34,38],"class_list":{"0":"post-1042","1":"product","2":"type-product","3":"status-publish","4":"has-post-thumbnail","6":"product_cat-welded-clevis-type-cylinder","7":"product_tag-hydraulic-cylinder","8":"product_tag-welded-clevis-type-cylinder","10":"first","11":"instock","12":"product-type-simple"},"_links":{"self":[{"href":"https:\/\/fmp-components.com\/lv\/wp-json\/wp\/v2\/product\/1042","targetHints":{"allow":["GET"]}}],"collection":[{"href":"https:\/\/fmp-components.com\/lv\/wp-json\/wp\/v2\/product"}],"about":[{"href":"https:\/\/fmp-components.com\/lv\/wp-json\/wp\/v2\/types\/product"}],"replies":[{"embeddable":true,"href":"https:\/\/fmp-components.com\/lv\/wp-json\/wp\/v2\/comments?post=1042"}],"wp:featuredmedia":[{"embeddable":true,"href":"https:\/\/fmp-components.com\/lv\/wp-json\/wp\/v2\/media\/1127"}],"wp:attachment":[{"href":"https:\/\/fmp-components.com\/lv\/wp-json\/wp\/v2\/media?parent=1042"}],"wp:term":[{"taxonomy":"product_brand","embeddable":true,"href":"https:\/\/fmp-components.com\/lv\/wp-json\/wp\/v2\/product_brand?post=1042"},{"taxonomy":"product_cat","embeddable":true,"href":"https:\/\/fmp-components.com\/lv\/wp-json\/wp\/v2\/product_cat?post=1042"},{"taxonomy":"product_tag","embeddable":true,"href":"https:\/\/fmp-components.com\/lv\/wp-json\/wp\/v2\/product_tag?post=1042"}],"curies":[{"name":"wp","href":"https:\/\/api.w.org\/{rel}","templated":true}]}}