{"id":1040,"date":"2024-12-19T06:17:09","date_gmt":"2024-12-19T06:17:09","guid":{"rendered":"https:\/\/fmp-components.com\/product\/10032-mini-hydraulic-cylinder-tractor-hydraulic-cylinder-double-acting\/"},"modified":"2025-03-18T00:46:19","modified_gmt":"2025-03-18T00:46:19","slug":"10032-mini-hydraulic-cylinder-tractor-hydraulic-cylinder-double-acting","status":"publish","type":"product","link":"https:\/\/fmp-components.com\/lv\/product\/10032-mini-hydraulic-cylinder-tractor-hydraulic-cylinder-double-acting\/","title":{"rendered":"10032 Mini hidrauliskais cilindrs Traktora hidrauliskais cilindrs ar divk\u0101r\u0161u darb\u012bbu"},"content":{"rendered":"<h2>Produkts 10032 Mini hidrauliskais cilindrs Traktora hidrauliskais cilindrs ar divk\u0101r\u0161u darb\u012bbu:<\/h2>\n<p>Produkts 10032 Mini hidrauliskais cilindrs traktora hidrauliskajam cilindram ar dubultu darb\u012bbu ir augstas kvalit\u0101tes hidrauliskais cilindrs, kas paredz\u0113ts izmanto\u0161anai traktoros un cit\u0101 lauksaimniec\u012bbas ma\u0161\u012bn\u0101. \u0160is cilindrs ir izstr\u0101d\u0101ts, lai iztur\u0113tu lielas slodzes un augstu spiedienu, padarot to ide\u0101li piem\u0113rotu lieto\u0161anai sare\u017e\u0123\u012btos apst\u0101k\u013cos.<\/p>\n<p>Viena no \u0161\u012b hidraulisk\u0101 cilindra galvenaj\u0101m iez\u012bm\u0113m ir t\u0101 divk\u0101r\u0161\u0101s darb\u012bbas konstrukcija. Tas noz\u012bm\u0113, ka to var izstiept un ievilkt, izmantojot hidraulisko spiedienu abos virzienos, nodro\u0161inot efekt\u012bvu un uzticamu darb\u012bbu. Turkl\u0101t cilindrs ir izgatavots no augstas kvalit\u0101tes materi\u0101liem, kas nodro\u0161ina ilgsto\u0161u iztur\u012bbu un veiktsp\u0113ju.<\/p>\n<p>10032 mini hidraulisk\u0101 cilindra traktora divk\u0101r\u0161\u0101s darb\u012bbas hidraulisk\u0101 cilindra kompaktais izm\u0113rs padara to ide\u0101li piem\u0113rotu lieto\u0161anai \u0161aur\u0101s telp\u0101s un maz\u0101k\u0101s ma\u0161\u012bn\u0101s. Tom\u0113r, neskatoties uz mazo izm\u0113ru, tas joproj\u0101m sp\u0113j nodro\u0161in\u0101t iespaid\u012bgu veiktsp\u0113ju un celtsp\u0113ju.<\/p>\n<p>Rezum\u0113jot, 10032 mini hidrauliskais cilindrs traktoram ar divk\u0101r\u0161u darb\u012bbu ir augstas kvalit\u0101tes hidrauliskais cilindrs, kas paredz\u0113ts izmanto\u0161anai traktoros un cit\u0101 lauksaimniec\u012bbas ma\u0161\u012bn\u0101. Pateicoties divk\u0101r\u0161\u0101s darb\u012bbas konstrukcijai, iztur\u012bgajai konstrukcijai un kompaktajam izm\u0113ram, tas ir ide\u0101la izv\u0113le pras\u012bgiem lietojumiem, kuros b\u016btiska ir uzticam\u012bba un veiktsp\u0113ja.<\/p>\n<p><img loading=\"lazy\" decoding=\"async\" class=\"alignnone size-full wp-image-7061\" src=\"https:\/\/fmp-components.com\/wp-content\/uploads\/2024\/12\/hydarulic-cylinder.webp\" alt=\"hidrauliskais cilindrs\" width=\"800\" height=\"800\" title=\"\" srcset=\"https:\/\/fmp-components.com\/wp-content\/uploads\/2024\/12\/hydarulic-cylinder.webp 800w, https:\/\/fmp-components.com\/wp-content\/uploads\/2024\/12\/hydarulic-cylinder-480x480.webp 480w\" sizes=\"(min-width: 0px) and (max-width: 480px) 480px, (min-width: 481px) 800px, 100vw\" \/><\/p>\n<h2>Produkta ievads<\/h2>\n<p>FMP tika dibin\u0101ts It\u0101lij\u0101 un kop\u0161 t\u0101 laika ir k\u013cuvis par l\u012bderi mobilo ma\u0161\u012bnu hidraulisko cilindru segment\u0113taj\u0101 tirg\u016b It\u0101lij\u0101. M\u016bsu galvenie produkti ietver mini hidraulisko cilindru un traktoru hidraulisko cilindru, kas abi ir divk\u0101r\u0161as darb\u012bbas.<\/p>\n<h2>Funkcija un noz\u012bme<\/h2>\n<p>M\u016bsu hidrauliskie cilindri ir neat\u0146emama da\u017e\u0101du ma\u0161\u012bnu sast\u0101vda\u013ca, nodro\u0161inot sp\u0113ku, kas nepiecie\u0161ams liel\u0101kajai da\u013cai meh\u0101nisko kust\u012bbu veidu. Tos izmanto, lai rad\u012btu sp\u0113ku taisn\u0101 l\u012bnij\u0101, piem\u0113ram, stumjot, velkot, ce\u013cot un nolai\u017eot.<\/p>\n<h2>Produkta inform\u0101cija<\/h2>\n<p>M\u016bsu hidraulisko cilindru tehniskie parametri at\u0161\u0137iras atkar\u012bb\u0101 no to konkr\u0113t\u0101 pielietojuma. Tom\u0113r tiem visiem ir kop\u012bgas \u012bpa\u0161\u012bbas, piem\u0113ram, liela jauda, \u200b\u200blieliska iztur\u012bba un prec\u012bzi izm\u0113ri.<\/p>\n<h3>Unik\u0101las \u012bpa\u0161\u012bbas un priek\u0161roc\u012bbas<\/h3>\n<ul>\n<li>Energoefekt\u012bvs<\/li>\n<li>\u013boti efekt\u012bvs<\/li>\n<li>Dro\u0161\u012bba garant\u0113ta<\/li>\n<\/ul>\n<h2>Hidraulisk\u0101 sist\u0113ma un darb\u012bbas princips<\/h2>\n<p>Hidrauliskais cilindrs darbojas ar spiedienam pak\u013cautu hidraulisko \u0161\u0137idrumu, kas iedarbina cilindr\u0101 eso\u0161o stieni, kur\u0161 savuk\u0101rt veic darbu. \u0160\u012b sist\u0113ma nodro\u0161ina, ka m\u016bsu hidrauliskie cilindri nodro\u0161ina optim\u0101lu veiktsp\u0113ju attiec\u012bgajos pielietojumos.<\/p>\n<h2>Lietojumprogrammu scen\u0101riji<\/h2>\n<p>M\u016bsu hidrauliskos cilindrus pla\u0161i izmanto celtniec\u012bbas ma\u0161\u012bn\u0101s, kalnr\u016bpniec\u012bbas ma\u0161\u012bn\u0101s, cel\u0161anas ma\u0161\u012bn\u0101s un cit\u0101s r\u016bpniec\u012bbas iek\u0101rt\u0101s.<\/p>\n<h2>Par FMP<\/h2>\n<p>FMP lepojas ar 200\u00a0000 komplektu projekt\u0113\u0161anas jaudu, 300 da\u017e\u0101du autom\u0101tisko CNC ra\u017eo\u0161anas iek\u0101rtu komplektiem un piln\u012bb\u0101 autom\u0101tisku hidraulisko cilindru mont\u0101\u017eas apr\u012bkojumu. M\u0113s pied\u0101v\u0101jam augstas kvalit\u0101tes produktus, konkur\u0113tsp\u0113j\u012bgas cenas un lielisku servisu.<\/p>\n<h3>Papildu produkti<\/h3>\n<p>Papildus min\u0113tajiem hidrauliskajiem cilindriem m\u0113s pieg\u0101d\u0101jam ar\u012b augstkalnu oper\u0101ciju platformu cilindrus, r\u016bpniecisko transportl\u012bdzek\u013cu hidrauliskos cilindrus, rot\u0101cijas urb\u0161anas platformu cilindrus, automa\u0161\u012bnu celt\u0146u cilindrus, in\u017eeniertehnisko ma\u0161\u012bnu hidrauliskos cilindrus, iekr\u0101v\u0113ju hidrauliskos cilindrus, raktuvju pa\u0161izg\u0101z\u0113ju cilindrus un sanit\u0101rijas ma\u0161\u012bnu hidrauliskos cilindrus. Piel\u0101go\u0161ana, pamatojoties uz sniegtaj\u0101m diagramm\u0101m un paraugiem, ir apsveicama. L\u016bdzu, skatiet att\u0113lu zem\u0101k, lai ieg\u016btu pla\u0161\u0101ku inform\u0101ciju:<\/p>\n<p><img decoding=\"async\" src=\"https:\/\/hzpt.com\/wp-content\/uploads\/2023\/12\/insert-5.webp\" alt=\"FMP r\u016bpn\u012bca\" title=\"\"><\/p>\n<h2>Jaut\u0101jumi un atbildes<\/h2>\n<ol>\n<li>J: K\u0101da ir j\u016bsu hidraulisko cilindru jauda? A: M\u016bsu hidrauliskajiem cilindriem ir da\u017e\u0101das jaudas atkar\u012bb\u0101 no to konkr\u0113t\u0101 pielietojuma.<\/li>\n<li>J: Vai j\u016bsu hidrauliskie cilindri ir energoefekt\u012bvi? A: J\u0101, m\u016bsu hidrauliskie cilindri ir konstru\u0113ti t\u0101, lai tie b\u016btu energoefekt\u012bvi.<\/li>\n<li>J: K\u0101da veida ma\u0161\u012bn\u0101s var izmantot j\u016bsu hidrauliskos cilindrus? A: M\u016bsu hidrauliskos cilindrus var izmantot celtniec\u012bb\u0101, kalnr\u016bpniec\u012bb\u0101, cel\u0161anas ma\u0161\u012bn\u0101s un cit\u0101s r\u016bpniec\u012bbas iek\u0101rt\u0101s.<\/li>\n<li>J: Vai j\u016bs pied\u0101v\u0101jat piel\u0101go\u0161anas pakalpojumus? A: J\u0101, m\u0113s atzin\u012bgi v\u0113rt\u0113jam piel\u0101go\u0161anu, pamatojoties uz sniegtaj\u0101m diagramm\u0101m un paraugiem.<\/li>\n<li>J: K\u0101 darbojas hidrauliskais cilindrs? A: Hidrauliskais cilindrs darbojas ar spiediena hidraulisko \u0161\u0137idrumu, kas izraisa cilindr\u0101 eso\u0161\u0101 stie\u0146a kust\u012bbu.<\/li>\n<\/ol>\n<h2>Metin\u0101t\u0101 Clevis tipa cilindra priek\u0161roc\u012bbas<\/h2>\n<p>Metin\u0101ti skavu tipa cilindri ir popul\u0101ra izv\u0113le daudziem r\u016bpnieciskiem lietojumiem, pateicoties to unik\u0101laj\u0101m priek\u0161roc\u012bb\u0101m un ieguvumiem. \u0160eit ir da\u017eas no galvenaj\u0101m metin\u0101to skavu tipa cilindru priek\u0161roc\u012bb\u0101m:<\/p>\n<h3>1. Palielin\u0101ta iztur\u012bba un iztur\u012bba<\/h3>\n<p>Metin\u0101tie skavu tipa cilindri ir izgatavoti ar metin\u0101tu gala v\u0101ci\u0146u, kas nodro\u0161ina liel\u0101ku iztur\u012bbu un ilgm\u016b\u017e\u012bbu sal\u012bdzin\u0101jum\u0101 ar cita veida cilindriem. Tas padara tos ide\u0101li piem\u0113rotus lieljaudas lietojumiem, kuriem nepiecie\u0161ams augsts iztur\u012bbas un ilgm\u016b\u017e\u012bbas l\u012bmenis.<\/p>\n<p>Turkl\u0101t \u0161o cilindru metin\u0101t\u0101 konstrukcija noz\u012bm\u0113, ka tiem ir maz\u0101ka iesp\u0113ja nopl\u016bst vai saboj\u0101ties, kas var pal\u012bdz\u0113t samazin\u0101t d\u012bkst\u0101ves laiku un apkopes izmaksas.<\/p>\n<h3>2. Sp\u0113ja iztur\u0113t augstu spiedienu<\/h3>\n<p>Metin\u0101tie cilindri ar skavu tipa konstrukcij\u0101m sp\u0113j iztur\u0113t ar\u012b augstspiediena pielietojumus, padarot tos par iecien\u012btu izv\u0113li t\u0101d\u0101s nozar\u0113s k\u0101 b\u016bvniec\u012bba, ieguves r\u016bpniec\u012bba, k\u0101 ar\u012b naftas un g\u0101zes ieguve. To sp\u0113ja iztur\u0113t augstu spiedienu nodro\u0161ina uzticamu veiktsp\u0113ju sare\u017e\u0123\u012btos apst\u0101k\u013cos.<\/p>\n<h3>3. Piel\u0101gojams dizains<\/h3>\n<p>Metin\u0101tus skavu tipa cilindrus var piel\u0101got konkr\u0113tai lietojumprogrammai. Tas noz\u012bm\u0113, ka tos var piel\u0101got konkr\u0113tam izm\u0113ram, formai vai veiktsp\u0113jas pras\u012bbai. Piel\u0101gojams dizains nodro\u0161ina ar\u012b liel\u0101ku elast\u012bbu ra\u017eo\u0161anas proces\u0101, kas var ietaup\u012bt izmaksas.<\/p>\n<h3>4. Vienk\u0101r\u0161a uzst\u0101d\u012b\u0161ana<\/h3>\n<p>Metin\u0101tie skavu tipa cilindri ir paredz\u0113ti vienk\u0101r\u0161ai uzst\u0101d\u012b\u0161anai, kas pal\u012bdz samazin\u0101t uzst\u0101d\u012b\u0161anas laiku un darbasp\u0113ka izmaksas. Tie parasti ir iepriek\u0161 samont\u0113ti un gatavi lieto\u0161anai uzreiz p\u0113c iz\u0146em\u0161anas no kastes, kas samazina nepiecie\u0161am\u012bbu p\u0113c papildu deta\u013c\u0101m vai komponentiem.<\/p>\n<h3>5. Uzlabota veiktsp\u0113ja<\/h3>\n<p>Metin\u0101to skavu tipa cilindru konstrukcija nodro\u0161ina uzlabotu veiktsp\u0113ju sal\u012bdzin\u0101jum\u0101 ar cita veida cilindriem. Tie sp\u0113j rad\u012bt liel\u0101ku sp\u0113ku uz spiediena vien\u012bbu, kas var pal\u012bdz\u0113t uzlabot efektivit\u0101ti un produktivit\u0101ti r\u016bpnieciskos lietojumos.<\/p>\n<p>Kopum\u0101 metin\u0101tie cilindri ar skavu pied\u0101v\u0101 virkni priek\u0161roc\u012bbu un ieguvumu, kas padara tos par iecien\u012btu izv\u0113li daudziem r\u016bpnieciskiem lietojumiem. To paaugstin\u0101t\u0101 iztur\u012bba un ilgm\u016b\u017e\u012bba, sp\u0113ja iztur\u0113t augstu spiedienu, piel\u0101gojamais dizains, vienk\u0101r\u0161\u0101 uzst\u0101d\u012b\u0161ana un uzlabot\u0101 veiktsp\u0113ja padara tos par ide\u0101lu izv\u0113li pras\u012bg\u0101m vid\u0113m, kur uzticam\u012bba un veiktsp\u0113ja ir \u013coti svar\u012bgas.<\/p>\n<h2>Metin\u0101t\u0101 Clevis tipa cilindra pielietojums<\/h2>\n<ul>\n<li><strong>R\u016bpniecisk\u0101s iek\u0101rtas:<\/strong> Metin\u0101tie skavu tipa cilindri tiek pla\u0161i izmantoti da\u017e\u0101d\u0101s r\u016bpniecisk\u0101s iek\u0101rt\u0101s lieljaudas lietojumiem. \u0160ie cilindri sp\u0113j rad\u012bt lielu sp\u0113ku deta\u013cu pacel\u0161anai un pres\u0113\u0161anai iek\u0101rt\u0101s. Metin\u0101t\u0101 skavu konstrukcija nodro\u0161ina vienk\u0101r\u0161u uzst\u0101d\u012b\u0161anu un efekt\u012bvu darb\u012bbu, padarot to par iecien\u012btu izv\u0113li ra\u017eot\u0101ju vid\u016b.\n<ul>\n<li>Ra\u017eo\u0161anas nozar\u0113 metin\u0101tos Clevis tipa cilindrus izmanto hidrauliskaj\u0101s pres\u0113s, iesmidzin\u0101\u0161anas form\u0113\u0161anas ma\u0161\u012bn\u0101s un met\u0101la \u0161tanc\u0113\u0161anas iek\u0101rt\u0101s, lai nodro\u0161in\u0101tu nepiecie\u0161amo sp\u0113ku met\u0101la loks\u0146u form\u0113\u0161anai un veido\u0161anai.<\/li>\n<li>Automobi\u013cu r\u016bpniec\u012bb\u0101 \u0161ie cilindri tiek izmantoti automa\u0161\u012bnu domkratos, pac\u0113l\u0101jos un mont\u0101\u017eas ma\u0161\u012bn\u0101s, lai ra\u017eo\u0161anas proces\u0101 paceltu smagas deta\u013cas.<\/li>\n<li>B\u016bvniec\u012bbas nozar\u0113 metin\u0101tos Clevis tipa cilindrus izmanto celt\u0146os, ekskavatoros un buldozeros, lai darbin\u0101tu hidraulisk\u0101s sist\u0113mas, kas pace\u013c un p\u0101rvieto smagas kravas.<\/li>\n<\/ul>\n<\/li>\n<li><strong>Lauksaimniec\u012bbas tehnika:<\/strong> Lauksaimniec\u012bbas tehnika ir viena no svar\u012bg\u0101kaj\u0101m jom\u0101m, kur tiek izmantoti metin\u0101tie skavu tipa cilindri. \u0160ie cilindri tiek izmantoti da\u017e\u0101d\u0101s lauksaimniec\u012bbas tehnik\u0101, tostarp traktoros, kombainos un arklos, lai nodro\u0161in\u0101tu nepiecie\u0161amo sp\u0113ku augsnes sagatavo\u0161anai, st\u0101d\u012b\u0161anai un ra\u017eas nov\u0101k\u0161anai.\n<ul>\n<li>Lauksaimniec\u012bbas nozar\u0113 metin\u0101tos skavas tipa cilindrus izmanto arklos, kultivatoros un s\u0113jma\u0161\u012bn\u0101s, lai nodro\u0161in\u0101tu nepiecie\u0161amo sp\u0113ku augsnes sagatavo\u0161anai un s\u0113klu s\u0113\u0161anai.<\/li>\n<li>Ra\u017eas nov\u0101k\u0161anas nozar\u0113 \u0161ie cilindri tiek izmantoti kombainos, pres\u0113s un p\u013caujma\u0161\u012bn\u0101s, lai darbin\u0101tu hidraulisk\u0101s sist\u0113mas, kas sav\u0101c un transport\u0113 kult\u016braugus.<\/li>\n<\/ul>\n<\/li>\n<li><strong>Avi\u0101cija un aizsardz\u012bba:<\/strong> Metin\u0101tie Clevis tipa cilindri tiek izmantoti ar\u012b avi\u0101cijas un kosmosa un aizsardz\u012bbas nozar\u0113, kur tos pla\u0161i izmanto lidma\u0161\u012bn\u0101s, ra\u0137et\u0113s, ra\u0137et\u0113s un aizsardz\u012bbas sist\u0113m\u0101s.\n<ul>\n<li>Kosmosa avi\u0101cijas un kosmosa r\u016bpniec\u012bb\u0101 metin\u0101tos skavas tipa cilindrus izmanto lidma\u0161\u012bnu nolai\u0161an\u0101s meh\u0101nismos, atlokos un bremz\u0113s, lai nodro\u0161in\u0101tu nepiecie\u0161amo sp\u0113ku pacel\u0161an\u0101s un nolai\u0161an\u0101s laik\u0101.<\/li>\n<li>Aizsardz\u012bbas nozar\u0113 \u0161ie cilindri tiek izmantoti ra\u0137e\u0161u palai\u0161anas iek\u0101rt\u0101s, iero\u010du tor\u0146os un tanku sist\u0113m\u0101s, lai darbin\u0101tu hidraulisk\u0101s sist\u0113mas, kas kontrol\u0113 iero\u010du un mun\u012bcijas kust\u012bbu.<\/li>\n<\/ul>\n<\/li>\n<li><strong>J\u016bras r\u016bpniec\u012bba:<\/strong> Metin\u0101tie Clevis tipa cilindri tiek pla\u0161i izmantoti ar\u012b j\u016bras r\u016bpniec\u012bb\u0101, kur tos izmanto da\u017e\u0101dos ku\u0123os, laiv\u0101s un zem\u016bdens transportl\u012bdzek\u013cos.\n<ul>\n<li>Ku\u0123niec\u012bbas nozar\u0113 metin\u0101tos skavas tipa cilindrus izmanto celt\u0146os, vin\u010d\u0101s un kravu apstr\u0101des iek\u0101rt\u0101s, lai nodro\u0161in\u0101tu nepiecie\u0161amo sp\u0113ku kravas iekrau\u0161anai un izkrau\u0161anai.<\/li>\n<li>Laivu nozar\u0113 \u0161ie cilindri tiek izmantoti st\u016bres sist\u0113m\u0101s, propelleros un enkuru sist\u0113m\u0101s, lai nodro\u0161in\u0101tu nepiecie\u0161amo sp\u0113ku laivu un ku\u0123u kust\u012bbas kontrolei.<\/li>\n<li>Zem\u016bdens transportl\u012bdzek\u013cu nozar\u0113 metin\u0101tos skavu tipa cilindrus izmanto zem\u016bden\u0113s, att\u0101lin\u0101ti vad\u0101mos transportl\u012bdzek\u013cos (ROV) un nir\u0161anas apr\u012bkojum\u0101, lai nodro\u0161in\u0101tu nepiecie\u0161amo sp\u0113ku zem\u016bdens darb\u012bb\u0101m.<\/li>\n<\/ul>\n<\/li>\n<li><strong>Kalnr\u016bpniec\u012bbas nozare:<\/strong> Metin\u0101tie Clevis tipa cilindri tiek izmantoti ar\u012b kalnr\u016bpniec\u012bbas nozar\u0113, kur tos izmanto da\u017e\u0101dos pielietojumos miner\u0101lu ieguvei un materi\u0101lu apstr\u0101dei.\n<ul>\n<li>Kalnr\u016bpniec\u012bbas nozar\u0113 metin\u0101tie Clevis tipa cilindri tiek izmantoti konveijeru sist\u0113m\u0101s, urb\u0161anas iek\u0101rt\u0101s un hidrauliskaj\u0101s l\u0101pst\u0101s, lai nodro\u0161in\u0101tu nepiecie\u0161amo sp\u0113ku miner\u0101lu un materi\u0101lu ieguvei no raktuv\u0113m un karjeriem.<\/li>\n<\/ul>\n<\/li>\n<\/ul>\n<p>Autors: CX<\/p>","protected":false},"excerpt":{"rendered":"<p>Product 10032 Mini Hydraulic Cylinder Tractor Hydraulic Cylinder Double Acting: The product 10032 Mini Hydraulic Cylinder Tractor Hydraulic Cylinder Double Acting is a high-quality hydraulic cylinder that is designed for use in tractors and other agricultural machinery. This cylinder is built to withstand heavy loads and high pressures, making it ideal for use in demanding [&hellip;]<\/p>","protected":false},"featured_media":1127,"comment_status":"closed","ping_status":"closed","template":"","meta":{"_et_pb_use_builder":"","_et_pb_old_content":"","_et_gb_content_width":""},"product_brand":[],"product_cat":[36],"product_tag":[34,38],"class_list":{"0":"post-1040","1":"product","2":"type-product","3":"status-publish","4":"has-post-thumbnail","6":"product_cat-welded-clevis-type-cylinder","7":"product_tag-hydraulic-cylinder","8":"product_tag-welded-clevis-type-cylinder","10":"first","11":"instock","12":"product-type-simple"},"_links":{"self":[{"href":"https:\/\/fmp-components.com\/lv\/wp-json\/wp\/v2\/product\/1040","targetHints":{"allow":["GET"]}}],"collection":[{"href":"https:\/\/fmp-components.com\/lv\/wp-json\/wp\/v2\/product"}],"about":[{"href":"https:\/\/fmp-components.com\/lv\/wp-json\/wp\/v2\/types\/product"}],"replies":[{"embeddable":true,"href":"https:\/\/fmp-components.com\/lv\/wp-json\/wp\/v2\/comments?post=1040"}],"wp:featuredmedia":[{"embeddable":true,"href":"https:\/\/fmp-components.com\/lv\/wp-json\/wp\/v2\/media\/1127"}],"wp:attachment":[{"href":"https:\/\/fmp-components.com\/lv\/wp-json\/wp\/v2\/media?parent=1040"}],"wp:term":[{"taxonomy":"product_brand","embeddable":true,"href":"https:\/\/fmp-components.com\/lv\/wp-json\/wp\/v2\/product_brand?post=1040"},{"taxonomy":"product_cat","embeddable":true,"href":"https:\/\/fmp-components.com\/lv\/wp-json\/wp\/v2\/product_cat?post=1040"},{"taxonomy":"product_tag","embeddable":true,"href":"https:\/\/fmp-components.com\/lv\/wp-json\/wp\/v2\/product_tag?post=1040"}],"curies":[{"name":"wp","href":"https:\/\/api.w.org\/{rel}","templated":true}]}}