{"id":1039,"date":"2024-12-19T06:17:09","date_gmt":"2024-12-19T06:17:09","guid":{"rendered":"https:\/\/fmp-components.com\/product\/10031-excellent-quality-welded-double-acting-hydraulic-cylinder\/"},"modified":"2025-03-18T02:22:12","modified_gmt":"2025-03-18T02:22:12","slug":"10031-excellent-quality-welded-double-acting-hydraulic-cylinder","status":"publish","type":"product","link":"https:\/\/fmp-components.com\/lv\/product\/10031-excellent-quality-welded-double-acting-hydraulic-cylinder\/","title":{"rendered":"10031 Izcilas kvalit\u0101tes metin\u0101ts divk\u0101r\u0161as darb\u012bbas hidrauliskais cilindrs"},"content":{"rendered":"<h2>Produkta apraksts:<\/h2>\n<p>10031 izcilas kvalit\u0101tes metin\u0101tais divk\u0101r\u0161as darb\u012bbas hidrauliskais cilindrs ir augstas veiktsp\u0113jas hidrauliskais cilindrs, kas paredz\u0113ts, lai atbilstu da\u017e\u0101du r\u016bpniecisko pielietojumu stingraj\u0101m pras\u012bb\u0101m. Ar savu izcilo kvalit\u0101ti un iztur\u012bgo konstrukciju \u0161is hidrauliskais cilindrs ir izstr\u0101d\u0101ts efektivit\u0101tei, iztur\u012bbai un uzticam\u012bbai.<\/p>\n<p>Galven\u0101s iez\u012bmes:<\/p>\n<p>1. Izcila iztur\u012bba: 10031 hidrauliskais cilindrs ir izstr\u0101d\u0101ts, lai iztur\u0113tu intens\u012bvu lieto\u0161anu, nodro\u0161inot ilgsto\u0161u veiktsp\u0113ju sare\u017e\u0123\u012btos apst\u0101k\u013cos. T\u0101 iztur\u012bg\u0101 metin\u0101t\u0101 konstrukcija un augstas kvalit\u0101tes materi\u0101li padara to iztur\u012bgu pret nodilumu, koroziju un boj\u0101jumiem.<\/p>\n<p>2. Divk\u0101r\u0161as darb\u012bbas konstrukcija: \u0160is hidrauliskais cilindrs darbojas abos virzienos, nodro\u0161inot efekt\u012bvu un prec\u012bzu kust\u012bbu gan izstiep\u0161anas, gan ievilk\u0161anas darb\u012bb\u0101s. T\u0101 divk\u0101r\u0161as darb\u012bbas meh\u0101nisms \u013cauj palielin\u0101t produktivit\u0101ti un daudzpus\u012bbu da\u017e\u0101dos pielietojumos.<\/p>\n<p>3. Izcila veiktsp\u0113ja: Apr\u012bkots ar modernu hidraulisko tehnolo\u0123iju, 10031 cilindrs nodro\u0161ina izcilu veiktsp\u0113ju. Tas pied\u0101v\u0101 vienm\u0113r\u012bgu un kontrol\u0113tu kust\u012bbu, nodro\u0161inot prec\u012bzu pozicion\u0113\u0161anu un efekt\u012bvu jaudas p\u0101rvadi.<\/p>\n<p>4. Vienk\u0101r\u0161a uzst\u0101d\u012b\u0161ana un apkope: 10031 hidrauliskais cilindrs ir izstr\u0101d\u0101ts lietot\u0101ja \u0113rt\u012bb\u0101m, un t\u0101 uzst\u0101d\u012b\u0161anas process ir vienk\u0101r\u0161s. Tam ir ar\u012b maz apkopes, kas samazina d\u012bkst\u0101ves laiku un palielina kop\u0113jo darb\u012bbas efektivit\u0101ti.<\/p>\n<p>5. Pla\u0161s pielietojumu kl\u0101sts: \u0160is hidrauliskais cilindrs ir piem\u0113rots pla\u0161am r\u016bpniecisko pielietojumu kl\u0101stam, tostarp celtniec\u012bbas ma\u0161\u012bn\u0101m, lauksaimniec\u012bbas tehnikai, materi\u0101lu apstr\u0101des sist\u0113m\u0101m un citam. T\u0101 daudzpus\u012bba padara to par lielisku izv\u0113li da\u017e\u0101d\u0101m nozar\u0113m.<\/p>\n<p>Uzticieties 10031 izcilas kvalit\u0101tes metin\u0101tajam divk\u0101r\u0161as darb\u012bbas hidrauliskajam cilindram, lai nodro\u0161in\u0101tu izcilu veiktsp\u0113ju, iztur\u012bbu un uzticam\u012bbu j\u016bsu hidrauliskaj\u0101s lietojumprogramm\u0101s. Izbaudiet efektivit\u0101tes un produktivit\u0101tes at\u0161\u0137ir\u012bbu ar \u0161o izcilo produktu.<img decoding=\"async\" src=\"https:\/\/hzpt.com\/wp-content\/uploads\/2023\/12\/insert-4.webp?v=1694163707\" alt=\"\" title=\"\"><\/p>\n<h2>Metin\u0101t\u0101 Clevis tipa cilindra priek\u0161roc\u012bbas<\/h2>\n<p>Metin\u0101ti skavu tipa cilindri ir popul\u0101ra izv\u0113le daudziem r\u016bpnieciskiem lietojumiem, pateicoties to unik\u0101laj\u0101m priek\u0161roc\u012bb\u0101m un ieguvumiem. \u0160eit ir da\u017eas no galvenaj\u0101m metin\u0101to skavu tipa cilindru priek\u0161roc\u012bb\u0101m:<\/p>\n<h3>1. Palielin\u0101ta iztur\u012bba un iztur\u012bba<\/h3>\n<p>Metin\u0101tie skavu tipa cilindri ir izgatavoti ar metin\u0101tu gala v\u0101ci\u0146u, kas nodro\u0161ina liel\u0101ku iztur\u012bbu un ilgm\u016b\u017e\u012bbu sal\u012bdzin\u0101jum\u0101 ar cita veida cilindriem. Tas padara tos ide\u0101li piem\u0113rotus lieljaudas lietojumiem, kuriem nepiecie\u0161ams augsts iztur\u012bbas un ilgm\u016b\u017e\u012bbas l\u012bmenis.<\/p>\n<p>Turkl\u0101t \u0161o cilindru metin\u0101t\u0101 konstrukcija noz\u012bm\u0113, ka tiem ir maz\u0101ka iesp\u0113ja nopl\u016bst vai saboj\u0101ties, kas var pal\u012bdz\u0113t samazin\u0101t d\u012bkst\u0101ves laiku un apkopes izmaksas.<\/p>\n<h3>2. Sp\u0113ja iztur\u0113t augstu spiedienu<\/h3>\n<p>Metin\u0101tie cilindri ar skavu tipa konstrukcij\u0101m sp\u0113j iztur\u0113t ar\u012b augstspiediena pielietojumus, padarot tos par iecien\u012btu izv\u0113li t\u0101d\u0101s nozar\u0113s k\u0101 b\u016bvniec\u012bba, ieguves r\u016bpniec\u012bba, k\u0101 ar\u012b naftas un g\u0101zes ieguve. To sp\u0113ja iztur\u0113t augstu spiedienu nodro\u0161ina uzticamu veiktsp\u0113ju sare\u017e\u0123\u012btos apst\u0101k\u013cos.<\/p>\n<h3>3. Piel\u0101gojams dizains<\/h3>\n<p>Metin\u0101tus skavu tipa cilindrus var piel\u0101got konkr\u0113tai lietojumprogrammai. Tas noz\u012bm\u0113, ka tos var piel\u0101got konkr\u0113tam izm\u0113ram, formai vai veiktsp\u0113jas pras\u012bbai. Piel\u0101gojams dizains nodro\u0161ina ar\u012b liel\u0101ku elast\u012bbu ra\u017eo\u0161anas proces\u0101, kas var ietaup\u012bt izmaksas.<\/p>\n<h3>4. Vienk\u0101r\u0161a uzst\u0101d\u012b\u0161ana<\/h3>\n<p>Metin\u0101tie skavu tipa cilindri ir paredz\u0113ti vienk\u0101r\u0161ai uzst\u0101d\u012b\u0161anai, kas pal\u012bdz samazin\u0101t uzst\u0101d\u012b\u0161anas laiku un darbasp\u0113ka izmaksas. Tie parasti ir iepriek\u0161 samont\u0113ti un gatavi lieto\u0161anai uzreiz p\u0113c iz\u0146em\u0161anas no kastes, kas samazina nepiecie\u0161am\u012bbu p\u0113c papildu deta\u013c\u0101m vai komponentiem.<\/p>\n<h3>5. Uzlabota veiktsp\u0113ja<\/h3>\n<p>Metin\u0101to skavu tipa cilindru konstrukcija nodro\u0161ina uzlabotu veiktsp\u0113ju sal\u012bdzin\u0101jum\u0101 ar cita veida cilindriem. Tie sp\u0113j rad\u012bt liel\u0101ku sp\u0113ku uz spiediena vien\u012bbu, kas var pal\u012bdz\u0113t uzlabot efektivit\u0101ti un produktivit\u0101ti r\u016bpnieciskos lietojumos.<\/p>\n<p>Kopum\u0101 metin\u0101tie cilindri ar skavu pied\u0101v\u0101 virkni priek\u0161roc\u012bbu un ieguvumu, kas padara tos par iecien\u012btu izv\u0113li daudziem r\u016bpnieciskiem lietojumiem. To paaugstin\u0101t\u0101 iztur\u012bba un ilgm\u016b\u017e\u012bba, sp\u0113ja iztur\u0113t augstu spiedienu, piel\u0101gojamais dizains, vienk\u0101r\u0161\u0101 uzst\u0101d\u012b\u0161ana un uzlabot\u0101 veiktsp\u0113ja padara tos par ide\u0101lu izv\u0113li pras\u012bg\u0101m vid\u0113m, kur uzticam\u012bba un veiktsp\u0113ja ir \u013coti svar\u012bgas.<\/p>\n<p><img decoding=\"async\" src=\"https:\/\/hzpt.com\/wp-content\/uploads\/2023\/12\/insert-2.webp\" alt=\"\" title=\"\"><\/p>\n<h2>Metin\u0101t\u0101 Clevis tipa cilindra pielietojums<\/h2>\n<ul>\n<li><strong>R\u016bpniecisk\u0101s iek\u0101rtas:<\/strong> Metin\u0101tie skavu tipa cilindri tiek pla\u0161i izmantoti da\u017e\u0101d\u0101s r\u016bpniecisk\u0101s iek\u0101rt\u0101s lieljaudas lietojumiem. \u0160ie cilindri sp\u0113j rad\u012bt lielu sp\u0113ku deta\u013cu pacel\u0161anai un pres\u0113\u0161anai iek\u0101rt\u0101s. Metin\u0101t\u0101 skavu konstrukcija nodro\u0161ina vienk\u0101r\u0161u uzst\u0101d\u012b\u0161anu un efekt\u012bvu darb\u012bbu, padarot to par iecien\u012btu izv\u0113li ra\u017eot\u0101ju vid\u016b.\n<ul>\n<li>Ra\u017eo\u0161anas nozar\u0113 metin\u0101tos Clevis tipa cilindrus izmanto hidrauliskaj\u0101s pres\u0113s, iesmidzin\u0101\u0161anas form\u0113\u0161anas ma\u0161\u012bn\u0101s un met\u0101la \u0161tanc\u0113\u0161anas iek\u0101rt\u0101s, lai nodro\u0161in\u0101tu nepiecie\u0161amo sp\u0113ku met\u0101la loks\u0146u form\u0113\u0161anai un veido\u0161anai.<\/li>\n<li>Automobi\u013cu r\u016bpniec\u012bb\u0101 \u0161ie cilindri tiek izmantoti automa\u0161\u012bnu domkratos, pac\u0113l\u0101jos un mont\u0101\u017eas ma\u0161\u012bn\u0101s, lai ra\u017eo\u0161anas proces\u0101 paceltu smagas deta\u013cas.<\/li>\n<li>B\u016bvniec\u012bbas nozar\u0113 metin\u0101tos Clevis tipa cilindrus izmanto celt\u0146os, ekskavatoros un buldozeros, lai darbin\u0101tu hidraulisk\u0101s sist\u0113mas, kas pace\u013c un p\u0101rvieto smagas kravas.<\/li>\n<\/ul>\n<\/li>\n<li><strong>Lauksaimniec\u012bbas tehnika:<\/strong> Lauksaimniec\u012bbas tehnika ir viena no svar\u012bg\u0101kaj\u0101m jom\u0101m, kur tiek izmantoti metin\u0101tie skavu tipa cilindri. \u0160ie cilindri tiek izmantoti da\u017e\u0101d\u0101s lauksaimniec\u012bbas tehnik\u0101, tostarp traktoros, kombainos un arklos, lai nodro\u0161in\u0101tu nepiecie\u0161amo sp\u0113ku augsnes sagatavo\u0161anai, st\u0101d\u012b\u0161anai un ra\u017eas nov\u0101k\u0161anai.\n<ul>\n<li>Lauksaimniec\u012bbas nozar\u0113 metin\u0101tos skavas tipa cilindrus izmanto arklos, kultivatoros un s\u0113jma\u0161\u012bn\u0101s, lai nodro\u0161in\u0101tu nepiecie\u0161amo sp\u0113ku augsnes sagatavo\u0161anai un s\u0113klu s\u0113\u0161anai.<\/li>\n<li>Ra\u017eas nov\u0101k\u0161anas nozar\u0113 \u0161ie cilindri tiek izmantoti kombainos, pres\u0113s un p\u013caujma\u0161\u012bn\u0101s, lai darbin\u0101tu hidraulisk\u0101s sist\u0113mas, kas sav\u0101c un transport\u0113 kult\u016braugus.<\/li>\n<\/ul>\n<\/li>\n<li><strong>Avi\u0101cija un aizsardz\u012bba:<\/strong> Metin\u0101tie Clevis tipa cilindri tiek izmantoti ar\u012b avi\u0101cijas un kosmosa un aizsardz\u012bbas nozar\u0113, kur tos pla\u0161i izmanto lidma\u0161\u012bn\u0101s, ra\u0137et\u0113s, ra\u0137et\u0113s un aizsardz\u012bbas sist\u0113m\u0101s.\n<ul>\n<li>Kosmosa avi\u0101cijas un kosmosa r\u016bpniec\u012bb\u0101 metin\u0101tos skavas tipa cilindrus izmanto lidma\u0161\u012bnu nolai\u0161an\u0101s meh\u0101nismos, atlokos un bremz\u0113s, lai nodro\u0161in\u0101tu nepiecie\u0161amo sp\u0113ku pacel\u0161an\u0101s un nolai\u0161an\u0101s laik\u0101.<\/li>\n<li>Aizsardz\u012bbas nozar\u0113 \u0161ie cilindri tiek izmantoti ra\u0137e\u0161u palai\u0161anas iek\u0101rt\u0101s, iero\u010du tor\u0146os un tanku sist\u0113m\u0101s, lai darbin\u0101tu hidraulisk\u0101s sist\u0113mas, kas kontrol\u0113 iero\u010du un mun\u012bcijas kust\u012bbu.<\/li>\n<\/ul>\n<\/li>\n<li><strong>J\u016bras r\u016bpniec\u012bba:<\/strong> Metin\u0101tie Clevis tipa cilindri tiek pla\u0161i izmantoti ar\u012b j\u016bras r\u016bpniec\u012bb\u0101, kur tos izmanto da\u017e\u0101dos ku\u0123os, laiv\u0101s un zem\u016bdens transportl\u012bdzek\u013cos.\n<ul>\n<li>Ku\u0123niec\u012bbas nozar\u0113 metin\u0101tos skavas tipa cilindrus izmanto celt\u0146os, vin\u010d\u0101s un kravu apstr\u0101des iek\u0101rt\u0101s, lai nodro\u0161in\u0101tu nepiecie\u0161amo sp\u0113ku kravas iekrau\u0161anai un izkrau\u0161anai.<\/li>\n<li>Laivu nozar\u0113 \u0161ie cilindri tiek izmantoti st\u016bres sist\u0113m\u0101s, propelleros un enkuru sist\u0113m\u0101s, lai nodro\u0161in\u0101tu nepiecie\u0161amo sp\u0113ku laivu un ku\u0123u kust\u012bbas kontrolei.<\/li>\n<li>Zem\u016bdens transportl\u012bdzek\u013cu nozar\u0113 metin\u0101tos skavu tipa cilindrus izmanto zem\u016bden\u0113s, att\u0101lin\u0101ti vad\u0101mos transportl\u012bdzek\u013cos (ROV) un nir\u0161anas apr\u012bkojum\u0101, lai nodro\u0161in\u0101tu nepiecie\u0161amo sp\u0113ku zem\u016bdens darb\u012bb\u0101m.<\/li>\n<\/ul>\n<\/li>\n<li><strong>Kalnr\u016bpniec\u012bbas nozare:<\/strong> Metin\u0101tie Clevis tipa cilindri tiek izmantoti ar\u012b kalnr\u016bpniec\u012bbas nozar\u0113, kur tos izmanto da\u017e\u0101dos pielietojumos miner\u0101lu ieguvei un materi\u0101lu apstr\u0101dei.\n<ul>\n<li>Kalnr\u016bpniec\u012bbas nozar\u0113 metin\u0101tie Clevis tipa cilindri tiek izmantoti konveijeru sist\u0113m\u0101s, urb\u0161anas iek\u0101rt\u0101s un hidrauliskaj\u0101s l\u0101pst\u0101s, lai nodro\u0161in\u0101tu nepiecie\u0161amo sp\u0113ku miner\u0101lu un materi\u0101lu ieguvei no raktuv\u0113m un karjeriem.<\/li>\n<\/ul>\n<\/li>\n<\/ul>\n<h2>Par FMP<\/h2>\n<p>FMP ir vado\u0161ais sp\u0113l\u0113t\u0101js It\u0101lijas mobilo ma\u0161\u012bnu hidraulisko cilindru tirg\u016b. M\u016bsu produktu kl\u0101st\u0101 ietilpst hidrauliskie sl\u012bpuma cilindri, hidrauliskie st\u016bres cilindri, hidrauliskie pacel\u0161anas cilindri un citi. Ar projekt\u0113to jaudu 200\u00a0000 komplektu apm\u0113r\u0101 mums ir 300 da\u017e\u0101du autom\u0101tisko CNC ra\u017eo\u0161anas iek\u0101rtu un piln\u012bb\u0101 autom\u0101tisku hidraulisko cilindru mont\u0101\u017eas iek\u0101rtu komplekti.<\/p>\n<p>Uz\u0146\u0113mum\u0101 FMP m\u0113s lepojamies ar to, ka pied\u0101v\u0101jam augst\u0101k\u0101s klases produktus, konkur\u0113tsp\u0113j\u012bgas cenas un izcilu klientu apkalpo\u0161anu. Papildus iepriek\u0161min\u0113tajiem cilindriem m\u0113s pieg\u0101d\u0101jam ar\u012b hidrauliskos cilindrus augstkalnu darba platform\u0101m, r\u016bpnieciskajiem transportl\u012bdzek\u013ciem, rot\u0101cijas urb\u0161anas platform\u0101m, autocelt\u0146iem, in\u017eeniertehniskaj\u0101m iek\u0101rt\u0101m, iekr\u0101v\u0113jiem, pa\u0161izg\u0101z\u0113jiem, sanit\u0101raj\u0101m iek\u0101rt\u0101m un cit\u0101m ier\u012bc\u0113m. M\u0113s atzin\u012bgi v\u0113rt\u0113jam piel\u0101go\u0161anu atbilsto\u0161i klientu pras\u012bb\u0101m.<\/p>\n<p><img decoding=\"async\" src=\"https:\/\/hzpt.com\/wp-content\/uploads\/2023\/12\/insert-5.webp\" alt=\"FMP r\u016bpn\u012bcas att\u0113ls\" title=\"\"><\/p>\n<h2>Bie\u017ei uzdotie jaut\u0101jumi<\/h2>\n<p>1. J: K\u0101da ir hidraulisk\u0101 cilindra nestsp\u0113ja?<br \/>\nA: Nestsp\u0113ja p\u0101rsniedz nozares standartus.<\/p>\n<p>2. J: K\u0101di ir hidraulisk\u0101 cilindra izm\u0113ri?<br \/>\nA: Izm\u0113ri tiks sniegti p\u0113c piepras\u012bjuma.<\/p>\n<p>3. J: Kur\u0101 pils\u0113t\u0101 ir izveidota FMP?<br \/>\nA: FMP ir dibin\u0101ta It\u0101lij\u0101.<\/p>\n<p>4. J: K\u0101da ir hidraulisk\u0101 cilindra jauda?<br \/>\nA: Ietilp\u012bba tiks nor\u0101d\u012bta p\u0113c piepras\u012bjuma.<\/p>\n<p>5. J: K\u0101dus produktus pieg\u0101d\u0101 FMP?<br \/>\nA: FMP pieg\u0101d\u0101 hidrauliskos sl\u012bpuma cilindrus, hidrauliskos st\u016bres cilindrus, hidrauliskos pacel\u0161anas cilindrus un cita veida cilindrus.<\/p>\n<p>Autors: CX<\/p>","protected":false},"excerpt":{"rendered":"<p>Product Description: The 10031 Excellent Quality Welded Double Acting Hydraulic Cylinder is a high-performance hydraulic cylinder designed to meet the rigorous demands of various industrial applications. With its exceptional quality and robust construction, this hydraulic cylinder is engineered for efficiency, durability, and reliability. Key Features: 1. Superior Durability: The 10031 Hydraulic Cylinder is built to [&hellip;]<\/p>","protected":false},"featured_media":1127,"comment_status":"closed","ping_status":"closed","template":"","meta":{"_et_pb_use_builder":"","_et_pb_old_content":"","_et_gb_content_width":""},"product_brand":[],"product_cat":[36],"product_tag":[34,38],"class_list":{"0":"post-1039","1":"product","2":"type-product","3":"status-publish","4":"has-post-thumbnail","6":"product_cat-welded-clevis-type-cylinder","7":"product_tag-hydraulic-cylinder","8":"product_tag-welded-clevis-type-cylinder","10":"first","11":"instock","12":"product-type-simple"},"_links":{"self":[{"href":"https:\/\/fmp-components.com\/lv\/wp-json\/wp\/v2\/product\/1039","targetHints":{"allow":["GET"]}}],"collection":[{"href":"https:\/\/fmp-components.com\/lv\/wp-json\/wp\/v2\/product"}],"about":[{"href":"https:\/\/fmp-components.com\/lv\/wp-json\/wp\/v2\/types\/product"}],"replies":[{"embeddable":true,"href":"https:\/\/fmp-components.com\/lv\/wp-json\/wp\/v2\/comments?post=1039"}],"wp:featuredmedia":[{"embeddable":true,"href":"https:\/\/fmp-components.com\/lv\/wp-json\/wp\/v2\/media\/1127"}],"wp:attachment":[{"href":"https:\/\/fmp-components.com\/lv\/wp-json\/wp\/v2\/media?parent=1039"}],"wp:term":[{"taxonomy":"product_brand","embeddable":true,"href":"https:\/\/fmp-components.com\/lv\/wp-json\/wp\/v2\/product_brand?post=1039"},{"taxonomy":"product_cat","embeddable":true,"href":"https:\/\/fmp-components.com\/lv\/wp-json\/wp\/v2\/product_cat?post=1039"},{"taxonomy":"product_tag","embeddable":true,"href":"https:\/\/fmp-components.com\/lv\/wp-json\/wp\/v2\/product_tag?post=1039"}],"curies":[{"name":"wp","href":"https:\/\/api.w.org\/{rel}","templated":true}]}}