{"id":1038,"date":"2024-12-19T06:17:09","date_gmt":"2024-12-19T06:17:09","guid":{"rendered":"https:\/\/fmp-components.com\/product\/10030-guaranteed-quality-mini-hydraulic-ram-cylinder-hydraulic-cylinder-for-agriculture\/"},"modified":"2024-12-26T08:50:35","modified_gmt":"2024-12-26T08:50:35","slug":"10030-guaranteed-quality-mini-hydraulic-ram-cylinder-hydraulic-cylinder-for-agriculture","status":"publish","type":"product","link":"https:\/\/fmp-components.com\/lv\/product\/10030-guaranteed-quality-mini-hydraulic-ram-cylinder-hydraulic-cylinder-for-agriculture\/","title":{"rendered":"10030 garant\u0113tas kvalit\u0101tes mini hidraulisk\u0101 cilindra hidrauliskais cilindrs lauksaimniec\u012bbai"},"content":{"rendered":"<h2>Iepaz\u012bstin\u0101m ar 10030 garant\u0113tas kvalit\u0101tes mini hidraulisk\u0101 cilindra hidraulisko cilindru lauksaimniec\u012bbai:<\/h2>\n<p>10030 garant\u0113t\u0101s kvalit\u0101tes mini hidrauliskais cilindrs ir augstas kvalit\u0101tes hidrauliskais cilindrs, kas \u012bpa\u0161i paredz\u0113ts lauksaimniec\u012bbas vajadz\u012bb\u0101m. Pateicoties kompaktajam izm\u0113ram un izcilajai veiktsp\u0113jai, \u0161is cilindrs ir ide\u0101li piem\u0113rots pla\u0161am lauksaimniec\u012bbas tehnikas kl\u0101stam.<\/p>\n<p>Pateicoties iztur\u012bgajai konstrukcijai un progres\u012bvajai hidrauliskajai tehnolo\u0123ijai, 10030 cilindrs nodro\u0161ina izcilu iztur\u012bbu un uzticam\u012bbu, garant\u0113jot ilgsto\u0161u veiktsp\u0113ju pat vissare\u017e\u0123\u012bt\u0101kajos lauksaimniec\u012bbas apst\u0101k\u013cos. T\u0101 mazais izm\u0113rs \u013cauj to viegli uzst\u0101d\u012bt un integr\u0113t da\u017e\u0101d\u0101s lauksaimniec\u012bbas iek\u0101rt\u0101s.<\/p>\n<p>\u0160is hidrauliskais cilindrs ir izstr\u0101d\u0101ts, lai nodro\u0161in\u0101tu garant\u0113tu kvalit\u0101ti, atbilstot augst\u0101kajiem nozares standartiem. Tas ir izgatavots, izmantojot augst\u0101k\u0101s kvalit\u0101tes materi\u0101lus, un tam tiek veikta stingra kvalit\u0101tes kontrole, lai nodro\u0161in\u0101tu optim\u0101lu funkcionalit\u0101ti un veiktsp\u0113ju.<\/p>\n<p>Apr\u012bkots ar hidraulisko cilindru, 10030 cilindrs pied\u0101v\u0101 jaud\u012bgu hidraulisko sp\u0113ku un prec\u012bzu vad\u012bbu, nodro\u0161inot efekt\u012bvu un prec\u012bzu darb\u012bbu lauksaimniec\u012bbas darbos, piem\u0113ram, cel\u0161an\u0101, stum\u0161an\u0101 un vilk\u0161an\u0101. T\u0101 hidraulisk\u0101 sist\u0113ma nodro\u0161ina vienm\u0113r\u012bgu un past\u0101v\u012bgu kust\u012bbu, uzlabojot produktivit\u0101ti un samazinot d\u012bkst\u0101ves laiku.<\/p>\n<p>10030 garant\u0113t\u0101s kvalit\u0101tes mini hidrauliskais hidrauliskais cilindrs ir izstr\u0101d\u0101ts, lai uzlabotu lauksaimniec\u012bbas tehnikas kop\u0113jo efektivit\u0101ti un lietder\u012bbu. T\u0101 uzticam\u0101 veiktsp\u0113ja, kompaktais izm\u0113rs un vienk\u0101r\u0161\u0101 uzst\u0101d\u012b\u0161ana padara to par v\u0113rt\u012bgu resursu lauksaimniekiem, lauksaimniec\u012bbas profesion\u0101\u013ciem un iek\u0101rtu ra\u017eot\u0101jiem.<\/p>\n<p>Izv\u0113lieties 10030 garant\u0113tas kvalit\u0101tes mini hidraulisko cilindru lauksaimniec\u012bbai, lai ieg\u016btu uzticamus un augstas veiktsp\u0113jas hidrauliskos risin\u0101jumus lauksaimniec\u012bbas nozar\u0113. Izbaudiet uzlabotu produktivit\u0101ti un izcilu veiktsp\u0113ju ar \u0161o izcilo hidraulisko cilindru.<\/p>\n<p><img decoding=\"async\" src=\"https:\/\/hzpt.com\/wp-content\/uploads\/2023\/12\/insert-4.webp?v=1694163707\" alt=\"\" title=\"\"><\/p>\n<h2>Par m\u016bsu mini hidraulisko cilindru lauksaimniec\u012bbas vajadz\u012bb\u0101m<\/h2>\n<p>M\u016bsu mini hidrauliskais cilindrs ir augstas kvalit\u0101tes produkts, kas \u012bpa\u0161i izstr\u0101d\u0101ts lauksaimniec\u012bbas vajadz\u012bb\u0101m. Tas sp\u0113j p\u0101rveidot hidraulisko ener\u0123iju meh\u0101niskaj\u0101 ener\u0123ij\u0101, lai veiktu darbu da\u017e\u0101dos lauksaimniec\u012bbas darbos. T\u0101 galven\u0101 funkcija ir atvieglot t\u0101dus uzdevumus k\u0101 smagu kravu cel\u0161ana un p\u0101rvieto\u0161ana, kas nodro\u0161ina efektivit\u0101ti lauksaimniec\u012bbas darbos.<\/p>\n<h2>Produkta inform\u0101cija un tehnisk\u0101s specifik\u0101cijas<\/h2>\n<ul>\n<li>Izm\u0113ri: [ievietojiet izm\u0113rus]<\/li>\n<li>Ietilp\u012bba: [ievietojiet ietilp\u012bbu]<\/li>\n<li>Nestsp\u0113ja: [ievadiet nestsp\u0113ju]<\/li>\n<\/ul>\n<h2>Unik\u0101las \u012bpa\u0161\u012bbas un priek\u0161roc\u012bbas<\/h2>\n<p>M\u016bsu mini hidrauliskais cilindrs izce\u013cas ar ener\u0123ijas taup\u012b\u0161anas iesp\u0113j\u0101m, augsto efektivit\u0101ti un dro\u0161\u012bbas funkcij\u0101m. Tas ir paredz\u0113ts darbam sare\u017e\u0123\u012btos apst\u0101k\u013cos, vienlaikus nodro\u0161inot optim\u0101lu veiktsp\u0113ju.<\/p>\n<h2>Hidraulisko sist\u0113mu darb\u012bbas princips<\/h2>\n<p>Hidraulisk\u0101s sist\u0113mas darbojas p\u0113c Pask\u0101la likuma principa. Kad vien\u0101 \u0161\u0137idruma punkt\u0101 tiek pielikts spiediens, tas bez zudumiem tiek p\u0101rnests uz cit\u0101m \u0161\u0137idruma da\u013c\u0101m. \u0160is princips \u013cauj m\u016bsu mini hidrauliskajam cilindram efekt\u012bvi veikt savu funkciju.<\/p>\n<p>Pareizas hidraulisk\u0101s e\u013c\u013cas un bl\u012bv\u0113juma izv\u0113le ir \u013coti svar\u012bga j\u016bsu hidraulisk\u0101 cilindra optim\u0101lai darb\u012bbai. Nomai\u0146as nepiecie\u0161am\u012bbu var noteikt konkr\u0113ti apst\u0101k\u013ci. Hidraulisk\u0101 cilindra izm\u0113rus un darb\u012bbu var piel\u0101got ar\u012b individu\u0101li. FMP, kas dibin\u0101ts 2006. gad\u0101, ir vado\u0161ais hidraulisko cilindru ra\u017eot\u0101js It\u0101lij\u0101. M\u016bsu produktu kl\u0101st\u0101 ietilpst hidrauliskie sl\u012bpuma cilindri, hidrauliskie st\u016bres cilindri un hidrauliskie pacel\u0161anas cilindri ar projekt\u0113to jaudu 200\u00a0000 komplektu.<\/p>\n<p><img decoding=\"async\" src=\"https:\/\/hzpt.com\/wp-content\/uploads\/2023\/12\/insert-1.webp\" alt=\"\" title=\"\"><\/p>\n<h2>Metin\u0101t\u0101 Clevis tipa cilindra priek\u0161roc\u012bbas<\/h2>\n<p>Metin\u0101ti skavu tipa cilindri ir popul\u0101ra izv\u0113le daudziem r\u016bpnieciskiem lietojumiem, pateicoties to unik\u0101laj\u0101m priek\u0161roc\u012bb\u0101m un ieguvumiem. \u0160eit ir da\u017eas no galvenaj\u0101m metin\u0101to skavu tipa cilindru priek\u0161roc\u012bb\u0101m:<\/p>\n<h3>1. Palielin\u0101ta iztur\u012bba un iztur\u012bba<\/h3>\n<p>Metin\u0101tie skavu tipa cilindri ir izgatavoti ar metin\u0101tu gala v\u0101ci\u0146u, kas nodro\u0161ina liel\u0101ku iztur\u012bbu un ilgm\u016b\u017e\u012bbu sal\u012bdzin\u0101jum\u0101 ar cita veida cilindriem. Tas padara tos ide\u0101li piem\u0113rotus lieljaudas lietojumiem, kuriem nepiecie\u0161ams augsts iztur\u012bbas un ilgm\u016b\u017e\u012bbas l\u012bmenis.<\/p>\n<p>Turkl\u0101t \u0161o cilindru metin\u0101t\u0101 konstrukcija noz\u012bm\u0113, ka tiem ir maz\u0101ka iesp\u0113ja nopl\u016bst vai saboj\u0101ties, kas var pal\u012bdz\u0113t samazin\u0101t d\u012bkst\u0101ves laiku un apkopes izmaksas.<\/p>\n<h3>2. Sp\u0113ja iztur\u0113t augstu spiedienu<\/h3>\n<p>Metin\u0101tie cilindri ar skavu tipa konstrukcij\u0101m sp\u0113j iztur\u0113t ar\u012b augstspiediena pielietojumus, padarot tos par iecien\u012btu izv\u0113li t\u0101d\u0101s nozar\u0113s k\u0101 b\u016bvniec\u012bba, ieguves r\u016bpniec\u012bba, k\u0101 ar\u012b naftas un g\u0101zes ieguve. To sp\u0113ja iztur\u0113t augstu spiedienu nodro\u0161ina uzticamu veiktsp\u0113ju sare\u017e\u0123\u012btos apst\u0101k\u013cos.<\/p>\n<h3>3. Piel\u0101gojams dizains<\/h3>\n<p>Metin\u0101tus skavu tipa cilindrus var piel\u0101got konkr\u0113tai lietojumprogrammai. Tas noz\u012bm\u0113, ka tos var piel\u0101got konkr\u0113tam izm\u0113ram, formai vai veiktsp\u0113jas pras\u012bbai. Piel\u0101gojams dizains nodro\u0161ina ar\u012b liel\u0101ku elast\u012bbu ra\u017eo\u0161anas proces\u0101, kas var ietaup\u012bt izmaksas.<\/p>\n<h3>4. Vienk\u0101r\u0161a uzst\u0101d\u012b\u0161ana<\/h3>\n<p>Metin\u0101tie skavu tipa cilindri ir paredz\u0113ti vienk\u0101r\u0161ai uzst\u0101d\u012b\u0161anai, kas pal\u012bdz samazin\u0101t uzst\u0101d\u012b\u0161anas laiku un darbasp\u0113ka izmaksas. Tie parasti ir iepriek\u0161 samont\u0113ti un gatavi lieto\u0161anai uzreiz p\u0113c iz\u0146em\u0161anas no kastes, kas samazina nepiecie\u0161am\u012bbu p\u0113c papildu deta\u013c\u0101m vai komponentiem.<\/p>\n<h3>5. Uzlabota veiktsp\u0113ja<\/h3>\n<p>Metin\u0101to skavu tipa cilindru konstrukcija nodro\u0161ina uzlabotu veiktsp\u0113ju sal\u012bdzin\u0101jum\u0101 ar cita veida cilindriem. Tie sp\u0113j rad\u012bt liel\u0101ku sp\u0113ku uz spiediena vien\u012bbu, kas var pal\u012bdz\u0113t uzlabot efektivit\u0101ti un produktivit\u0101ti r\u016bpnieciskos lietojumos.<\/p>\n<p>Kopum\u0101 metin\u0101tie cilindri ar skavu pied\u0101v\u0101 virkni priek\u0161roc\u012bbu un ieguvumu, kas padara tos par iecien\u012btu izv\u0113li daudziem r\u016bpnieciskiem lietojumiem. To paaugstin\u0101t\u0101 iztur\u012bba un ilgm\u016b\u017e\u012bba, sp\u0113ja iztur\u0113t augstu spiedienu, piel\u0101gojamais dizains, vienk\u0101r\u0161\u0101 uzst\u0101d\u012b\u0161ana un uzlabot\u0101 veiktsp\u0113ja padara tos par ide\u0101lu izv\u0113li pras\u012bg\u0101m vid\u0113m, kur uzticam\u012bba un veiktsp\u0113ja ir \u013coti svar\u012bgas.<\/p>\n<p><img decoding=\"async\" src=\"https:\/\/hzpt.com\/wp-content\/uploads\/2023\/12\/insert-2.webp\" alt=\"\" title=\"\"><\/p>\n<h2>Metin\u0101t\u0101 Clevis tipa cilindra pielietojums<\/h2>\n<ul>\n<li><strong>R\u016bpniecisk\u0101s iek\u0101rtas:<\/strong> Metin\u0101tie skavu tipa cilindri tiek pla\u0161i izmantoti da\u017e\u0101d\u0101s r\u016bpniecisk\u0101s iek\u0101rt\u0101s lieljaudas lietojumiem. \u0160ie cilindri sp\u0113j rad\u012bt lielu sp\u0113ku deta\u013cu pacel\u0161anai un pres\u0113\u0161anai iek\u0101rt\u0101s. Metin\u0101t\u0101 skavu konstrukcija nodro\u0161ina vienk\u0101r\u0161u uzst\u0101d\u012b\u0161anu un efekt\u012bvu darb\u012bbu, padarot to par iecien\u012btu izv\u0113li ra\u017eot\u0101ju vid\u016b.\n<ul>\n<li>Ra\u017eo\u0161anas nozar\u0113 metin\u0101tos Clevis tipa cilindrus izmanto hidrauliskaj\u0101s pres\u0113s, iesmidzin\u0101\u0161anas form\u0113\u0161anas ma\u0161\u012bn\u0101s un met\u0101la \u0161tanc\u0113\u0161anas iek\u0101rt\u0101s, lai nodro\u0161in\u0101tu nepiecie\u0161amo sp\u0113ku met\u0101la loks\u0146u form\u0113\u0161anai un veido\u0161anai.<\/li>\n<li>Automobi\u013cu r\u016bpniec\u012bb\u0101 \u0161ie cilindri tiek izmantoti automa\u0161\u012bnu domkratos, pac\u0113l\u0101jos un mont\u0101\u017eas ma\u0161\u012bn\u0101s, lai ra\u017eo\u0161anas proces\u0101 paceltu smagas deta\u013cas.<\/li>\n<li>B\u016bvniec\u012bbas nozar\u0113 metin\u0101tos Clevis tipa cilindrus izmanto celt\u0146os, ekskavatoros un buldozeros, lai darbin\u0101tu hidraulisk\u0101s sist\u0113mas, kas pace\u013c un p\u0101rvieto smagas kravas.<\/li>\n<\/ul>\n<\/li>\n<li><strong>Lauksaimniec\u012bbas tehnika:<\/strong> Lauksaimniec\u012bbas tehnika ir viena no svar\u012bg\u0101kaj\u0101m jom\u0101m, kur tiek izmantoti metin\u0101tie skavu tipa cilindri. \u0160ie cilindri tiek izmantoti da\u017e\u0101d\u0101s lauksaimniec\u012bbas tehnik\u0101, tostarp traktoros, kombainos un arklos, lai nodro\u0161in\u0101tu nepiecie\u0161amo sp\u0113ku augsnes sagatavo\u0161anai, st\u0101d\u012b\u0161anai un ra\u017eas nov\u0101k\u0161anai.\n<ul>\n<li>Lauksaimniec\u012bbas nozar\u0113 metin\u0101tos skavas tipa cilindrus izmanto arklos, kultivatoros un s\u0113jma\u0161\u012bn\u0101s, lai nodro\u0161in\u0101tu nepiecie\u0161amo sp\u0113ku augsnes sagatavo\u0161anai un s\u0113klu s\u0113\u0161anai.<\/li>\n<li>Ra\u017eas nov\u0101k\u0161anas nozar\u0113 \u0161ie cilindri tiek izmantoti kombainos, pres\u0113s un p\u013caujma\u0161\u012bn\u0101s, lai darbin\u0101tu hidraulisk\u0101s sist\u0113mas, kas sav\u0101c un transport\u0113 kult\u016braugus.<\/li>\n<\/ul>\n<\/li>\n<li><strong>Avi\u0101cija un aizsardz\u012bba:<\/strong> Metin\u0101tie Clevis tipa cilindri tiek izmantoti ar\u012b avi\u0101cijas un kosmosa un aizsardz\u012bbas nozar\u0113, kur tos pla\u0161i izmanto lidma\u0161\u012bn\u0101s, ra\u0137et\u0113s, ra\u0137et\u0113s un aizsardz\u012bbas sist\u0113m\u0101s.\n<ul>\n<li>Kosmosa avi\u0101cijas un kosmosa r\u016bpniec\u012bb\u0101 metin\u0101tos skavas tipa cilindrus izmanto lidma\u0161\u012bnu nolai\u0161an\u0101s meh\u0101nismos, atlokos un bremz\u0113s, lai nodro\u0161in\u0101tu nepiecie\u0161amo sp\u0113ku pacel\u0161an\u0101s un nolai\u0161an\u0101s laik\u0101.<\/li>\n<li>Aizsardz\u012bbas nozar\u0113 \u0161ie cilindri tiek izmantoti ra\u0137e\u0161u palai\u0161anas iek\u0101rt\u0101s, iero\u010du tor\u0146os un tanku sist\u0113m\u0101s, lai darbin\u0101tu hidraulisk\u0101s sist\u0113mas, kas kontrol\u0113 iero\u010du un mun\u012bcijas kust\u012bbu.<\/li>\n<\/ul>\n<\/li>\n<li><strong>J\u016bras r\u016bpniec\u012bba:<\/strong> Metin\u0101tie Clevis tipa cilindri tiek pla\u0161i izmantoti ar\u012b j\u016bras r\u016bpniec\u012bb\u0101, kur tos izmanto da\u017e\u0101dos ku\u0123os, laiv\u0101s un zem\u016bdens transportl\u012bdzek\u013cos.\n<ul>\n<li>Ku\u0123niec\u012bbas nozar\u0113 metin\u0101tos skavas tipa cilindrus izmanto celt\u0146os, vin\u010d\u0101s un kravu apstr\u0101des iek\u0101rt\u0101s, lai nodro\u0161in\u0101tu nepiecie\u0161amo sp\u0113ku kravas iekrau\u0161anai un izkrau\u0161anai.<\/li>\n<li>Laivu nozar\u0113 \u0161ie cilindri tiek izmantoti st\u016bres sist\u0113m\u0101s, propelleros un enkuru sist\u0113m\u0101s, lai nodro\u0161in\u0101tu nepiecie\u0161amo sp\u0113ku laivu un ku\u0123u kust\u012bbas kontrolei.<\/li>\n<li>Zem\u016bdens transportl\u012bdzek\u013cu nozar\u0113 metin\u0101tos skavu tipa cilindrus izmanto zem\u016bden\u0113s, att\u0101lin\u0101ti vad\u0101mos transportl\u012bdzek\u013cos (ROV) un nir\u0161anas apr\u012bkojum\u0101, lai nodro\u0161in\u0101tu nepiecie\u0161amo sp\u0113ku zem\u016bdens darb\u012bb\u0101m.<\/li>\n<\/ul>\n<\/li>\n<li><strong>Kalnr\u016bpniec\u012bbas nozare:<\/strong> Metin\u0101tie Clevis tipa cilindri tiek izmantoti ar\u012b kalnr\u016bpniec\u012bbas nozar\u0113, kur tos izmanto da\u017e\u0101dos pielietojumos miner\u0101lu ieguvei un materi\u0101lu apstr\u0101dei.\n<ul>\n<li>Kalnr\u016bpniec\u012bbas nozar\u0113 metin\u0101tie Clevis tipa cilindri tiek izmantoti konveijeru sist\u0113m\u0101s, urb\u0161anas iek\u0101rt\u0101s un hidrauliskaj\u0101s l\u0101pst\u0101s, lai nodro\u0161in\u0101tu nepiecie\u0161amo sp\u0113ku miner\u0101lu un materi\u0101lu ieguvei no raktuv\u0113m un karjeriem.<\/li>\n<\/ul>\n<\/li>\n<\/ul>\n<h2>FMP pied\u0101v\u0101jumi<\/h2>\n<p>Papildus m\u016bsu augst\u0101k\u0101s kvalit\u0101tes mini hidrauliskajiem cilindriem m\u0113s pied\u0101v\u0101jam ar\u012b citus hidrauliskos cilindrus, tostarp augstkalnu darba platformu cilindrus, r\u016bpniecisko transportl\u012bdzek\u013cu hidrauliskos cilindrus, rot\u0101cijas urb\u0161anas platformu cilindrus, automa\u0161\u012bnu celt\u0146u cilindrus, in\u017eeniertehnisko ma\u0161\u012bnu hidrauliskos cilindrus, <b>Iekr\u0101v\u0113ja hidrauliskie cilindri<\/b>, kalnr\u016bpniec\u012bbas pa\u0161izg\u0101z\u0113ju cilindri un vides sanit\u0101rijas iek\u0101rtu hidrauliskie cilindri. M\u016bsu klienti var piel\u0101got produktus atbilsto\u0161i sav\u0101m \u012bpa\u0161aj\u0101m pras\u012bb\u0101m.<\/p>\n<p><img decoding=\"async\" src=\"https:\/\/hzpt.com\/wp-content\/uploads\/2023\/12\/insert-5.webp\" alt=\"R\u016bpn\u012bcas att\u0113ls\" title=\"\"><\/p>\n<p>Autors: CX<\/p>","protected":false},"excerpt":{"rendered":"<p>Introducing the 10030 Guaranteed Quality Mini Hydraulic Ram Cylinder Hydraulic Cylinder For Agriculture: The 10030 Guaranteed Quality Mini Hydraulic Ram Cylinder is a high-quality hydraulic cylinder specifically designed for agricultural applications. With its compact size and superior performance, this cylinder is ideal for a wide range of agricultural machinery. Featuring a robust construction and advanced [&hellip;]<\/p>","protected":false},"featured_media":1127,"comment_status":"closed","ping_status":"closed","template":"","meta":{"_et_pb_use_builder":"","_et_pb_old_content":"","_et_gb_content_width":""},"product_brand":[],"product_cat":[36],"product_tag":[34,38],"class_list":{"0":"post-1038","1":"product","2":"type-product","3":"status-publish","4":"has-post-thumbnail","6":"product_cat-welded-clevis-type-cylinder","7":"product_tag-hydraulic-cylinder","8":"product_tag-welded-clevis-type-cylinder","10":"first","11":"instock","12":"product-type-simple"},"_links":{"self":[{"href":"https:\/\/fmp-components.com\/lv\/wp-json\/wp\/v2\/product\/1038","targetHints":{"allow":["GET"]}}],"collection":[{"href":"https:\/\/fmp-components.com\/lv\/wp-json\/wp\/v2\/product"}],"about":[{"href":"https:\/\/fmp-components.com\/lv\/wp-json\/wp\/v2\/types\/product"}],"replies":[{"embeddable":true,"href":"https:\/\/fmp-components.com\/lv\/wp-json\/wp\/v2\/comments?post=1038"}],"wp:featuredmedia":[{"embeddable":true,"href":"https:\/\/fmp-components.com\/lv\/wp-json\/wp\/v2\/media\/1127"}],"wp:attachment":[{"href":"https:\/\/fmp-components.com\/lv\/wp-json\/wp\/v2\/media?parent=1038"}],"wp:term":[{"taxonomy":"product_brand","embeddable":true,"href":"https:\/\/fmp-components.com\/lv\/wp-json\/wp\/v2\/product_brand?post=1038"},{"taxonomy":"product_cat","embeddable":true,"href":"https:\/\/fmp-components.com\/lv\/wp-json\/wp\/v2\/product_cat?post=1038"},{"taxonomy":"product_tag","embeddable":true,"href":"https:\/\/fmp-components.com\/lv\/wp-json\/wp\/v2\/product_tag?post=1038"}],"curies":[{"name":"wp","href":"https:\/\/api.w.org\/{rel}","templated":true}]}}