{"id":1034,"date":"2024-12-19T06:17:09","date_gmt":"2024-12-19T06:17:09","guid":{"rendered":"https:\/\/fmp-components.com\/product\/10026-hot-selling-agricultural-hydraulic-double-acting-cylinder-for-tractor\/"},"modified":"2024-12-26T08:51:35","modified_gmt":"2024-12-26T08:51:35","slug":"10026-hot-selling-agricultural-hydraulic-double-acting-cylinder-for-tractor","status":"publish","type":"product","link":"https:\/\/fmp-components.com\/lv\/product\/10026-hot-selling-agricultural-hydraulic-double-acting-cylinder-for-tractor\/","title":{"rendered":"10026 Karsti p\u0101rdodams lauksaimniec\u012bbas hidrauliskais divk\u0101r\u0161as darb\u012bbas cilindrs traktoram"},"content":{"rendered":"<h2>Produkts 10026 Karsti p\u0101rdotais lauksaimniec\u012bbas hidrauliskais divk\u0101r\u0161as darb\u012bbas cilindrs traktoram:<\/h2>\n<p>10026.\u00a0gada popul\u0101r\u0101kais lauksaimniec\u012bbas hidrauliskais divk\u0101r\u0161\u0101s darb\u012bbas cilindrs ir augstas kvalit\u0101tes un efekt\u012bvs hidrauliskais komponents, kas \u012bpa\u0161i izstr\u0101d\u0101ts traktoriem. \u0160is cilindrs ir izgatavots, dom\u0101jot par precizit\u0101ti un iztur\u012bbu, padarot to par lielisku izv\u0113li lauksaimniec\u012bbas vajadz\u012bb\u0101m.<\/p>\n<p>Galven\u0101s iez\u012bmes:<br \/>\n1. Divk\u0101r\u0161as darb\u012bbas konstrukcija: Cilindrs ir paredz\u0113ts gan stum\u0161anas, gan vilk\u0161anas sp\u0113ka nodro\u0161in\u0101\u0161anai, t\u0101d\u0113j\u0101di nodro\u0161inot daudzpus\u012bg\u0101ku un efekt\u012bv\u0101ku darb\u012bbu.<br \/>\n2. Hidraulisk\u0101 jauda: Ar hidraulisk\u0101 \u0161\u0137idruma pal\u012bdz\u012bbu \u0161is cilindrs var rad\u012bt iev\u0113rojamu sp\u0113ku, padarot to piem\u0113rotu smagiem darbiem.<br \/>\n3. Iztur\u012bga konstrukcija: Cilindrs ir konstru\u0113ts t\u0101, lai iztur\u0113tu skarbus lauksaimniec\u012bbas apst\u0101k\u013cus, nodro\u0161inot uzticamu darb\u012bbu pat sare\u017e\u0123\u012btos apst\u0101k\u013cos.<br \/>\n4. Vienk\u0101r\u0161a uzst\u0101d\u012b\u0161ana: \u0160is cilindrs ir paredz\u0113ts \u0113rtai uzst\u0101d\u012b\u0161anai, un to var \u0101tri integr\u0113t traktoru sist\u0113m\u0101s bez b\u016btisk\u0101m modifik\u0101cij\u0101m.<br \/>\n5. Uzlabota efektivit\u0101te: Nodro\u0161inot jaud\u012bgu un prec\u012bzu hidraulisko sp\u0113ku, \u0161is cilindrs uzlabo traktora darb\u012bbas kop\u0113jo efektivit\u0101ti, ietaupot laiku un p\u016bles.<\/p>\n<p>Lietojumi:<br \/>\n10026. gada popul\u0101r\u0101kais lauksaimniec\u012bbas hidrauliskais divk\u0101r\u0161\u0101s darb\u012bbas cilindrs ir ide\u0101li piem\u0113rots da\u017e\u0101diem lauksaimniec\u012bbas uzdevumiem, tostarp:<br \/>\n1. Apr\u012bkojuma darb\u012bba: To var izmantot t\u0101du agreg\u0101tu k\u0101 arklu, ec\u0113\u0161u un kultivatoru darbin\u0101\u0161anai, nodro\u0161inot nepiecie\u0161amo sp\u0113ku efekt\u012bvai augsnes sagatavo\u0161anai.<br \/>\n2. Pacel\u0161ana un nolai\u0161ana: \u0160o cilindru var izmantot smagu kravu pacel\u0161anai un nolai\u0161anai, atvieglojot t\u0101dus uzdevumus k\u0101 materi\u0101lu iekrau\u0161ana un izkrau\u0161ana.<br \/>\n3. St\u016br\u0113\u0161anas pal\u012bdz\u012bba: Integr\u0113joties ar traktora st\u016bres sist\u0113mu, \u0161is cilindrs var nodro\u0161in\u0101t uzlabotu st\u016br\u0113\u0161anas kontroli, atvieglojot manevr\u0113\u0161anu \u0161aur\u0101s telp\u0101s.<br \/>\n4. Citi lauksaimniec\u012bbas pielietojumi: To var izmantot ar\u012b t\u0101d\u0101s jom\u0101s k\u0101 s\u0113ja, kult\u016braugu izsmidzin\u0101\u0161ana un siena pres\u0113\u0161ana, kur nepiecie\u0161ams hidrauliskais sp\u0113ks.<\/p>\n<p>Nosl\u0113gum\u0101 j\u0101saka, ka 10026.\u00a0gada popul\u0101r\u0101kais lauksaimniec\u012bbas hidrauliskais divk\u0101r\u0161\u0101s darb\u012bbas cilindrs ir uzticams un efekt\u012bvs hidrauliskais komponents, kas uzlabo traktoru veiktsp\u0113ju da\u017e\u0101dos lauksaimniec\u012bbas darbos. Pateicoties t\u0101 iztur\u012bgajai konstrukcijai un daudzpus\u012bgajam dizainam, tas pied\u0101v\u0101 nepiecie\u0161amo sp\u0113ku un precizit\u0101ti pla\u0161am pielietojumu kl\u0101stam lauksaimniec\u012bbas nozar\u0113.<\/p>\n<p><img decoding=\"async\" src=\"https:\/\/hzpt.com\/wp-content\/uploads\/2023\/12\/insert-4.webp?v=1694163707\" alt=\"\" title=\"\"><\/p>\n<h2>Metin\u0101t\u0101 Clevis tipa cilindra priek\u0161roc\u012bbas<\/h2>\n<p>Metin\u0101ti skavu tipa cilindri ir popul\u0101ra izv\u0113le daudziem r\u016bpnieciskiem lietojumiem, pateicoties to unik\u0101laj\u0101m priek\u0161roc\u012bb\u0101m un ieguvumiem. \u0160eit ir da\u017eas no galvenaj\u0101m metin\u0101to skavu tipa cilindru priek\u0161roc\u012bb\u0101m:<\/p>\n<h3>1. Palielin\u0101ta iztur\u012bba un iztur\u012bba<\/h3>\n<p>Metin\u0101tie skavu tipa cilindri ir izgatavoti ar metin\u0101tu gala v\u0101ci\u0146u, kas nodro\u0161ina liel\u0101ku iztur\u012bbu un ilgm\u016b\u017e\u012bbu sal\u012bdzin\u0101jum\u0101 ar cita veida cilindriem. Tas padara tos ide\u0101li piem\u0113rotus lieljaudas lietojumiem, kuriem nepiecie\u0161ams augsts iztur\u012bbas un ilgm\u016b\u017e\u012bbas l\u012bmenis.<\/p>\n<p>Turkl\u0101t \u0161o cilindru metin\u0101t\u0101 konstrukcija noz\u012bm\u0113, ka tiem ir maz\u0101ka iesp\u0113ja nopl\u016bst vai saboj\u0101ties, kas var pal\u012bdz\u0113t samazin\u0101t d\u012bkst\u0101ves laiku un apkopes izmaksas.<\/p>\n<h3>2. Sp\u0113ja iztur\u0113t augstu spiedienu<\/h3>\n<p>Metin\u0101tie cilindri ar skavu tipa konstrukcij\u0101m sp\u0113j iztur\u0113t ar\u012b augstspiediena pielietojumus, padarot tos par iecien\u012btu izv\u0113li t\u0101d\u0101s nozar\u0113s k\u0101 b\u016bvniec\u012bba, ieguves r\u016bpniec\u012bba, k\u0101 ar\u012b naftas un g\u0101zes ieguve. To sp\u0113ja iztur\u0113t augstu spiedienu nodro\u0161ina uzticamu veiktsp\u0113ju sare\u017e\u0123\u012btos apst\u0101k\u013cos.<\/p>\n<h3>3. Piel\u0101gojams dizains<\/h3>\n<p>Metin\u0101tus skavu tipa cilindrus var piel\u0101got konkr\u0113tai lietojumprogrammai. Tas noz\u012bm\u0113, ka tos var piel\u0101got konkr\u0113tam izm\u0113ram, formai vai veiktsp\u0113jas pras\u012bbai. Piel\u0101gojams dizains nodro\u0161ina ar\u012b liel\u0101ku elast\u012bbu ra\u017eo\u0161anas proces\u0101, kas var ietaup\u012bt izmaksas.<\/p>\n<h3>4. Vienk\u0101r\u0161a uzst\u0101d\u012b\u0161ana<\/h3>\n<p>Metin\u0101tie skavu tipa cilindri ir paredz\u0113ti vienk\u0101r\u0161ai uzst\u0101d\u012b\u0161anai, kas pal\u012bdz samazin\u0101t uzst\u0101d\u012b\u0161anas laiku un darbasp\u0113ka izmaksas. Tie parasti ir iepriek\u0161 samont\u0113ti un gatavi lieto\u0161anai uzreiz p\u0113c iz\u0146em\u0161anas no kastes, kas samazina nepiecie\u0161am\u012bbu p\u0113c papildu deta\u013c\u0101m vai komponentiem.<\/p>\n<h3>5. Uzlabota veiktsp\u0113ja<\/h3>\n<p>Metin\u0101to skavu tipa cilindru konstrukcija nodro\u0161ina uzlabotu veiktsp\u0113ju sal\u012bdzin\u0101jum\u0101 ar cita veida cilindriem. Tie sp\u0113j rad\u012bt liel\u0101ku sp\u0113ku uz spiediena vien\u012bbu, kas var pal\u012bdz\u0113t uzlabot efektivit\u0101ti un produktivit\u0101ti r\u016bpnieciskos lietojumos.<\/p>\n<p>Kopum\u0101 metin\u0101tie cilindri ar skavu pied\u0101v\u0101 virkni priek\u0161roc\u012bbu un ieguvumu, kas padara tos par iecien\u012btu izv\u0113li daudziem r\u016bpnieciskiem lietojumiem. To paaugstin\u0101t\u0101 iztur\u012bba un ilgm\u016b\u017e\u012bba, sp\u0113ja iztur\u0113t augstu spiedienu, piel\u0101gojamais dizains, vienk\u0101r\u0161\u0101 uzst\u0101d\u012b\u0161ana un uzlabot\u0101 veiktsp\u0113ja padara tos par ide\u0101lu izv\u0113li pras\u012bg\u0101m vid\u0113m, kur uzticam\u012bba un veiktsp\u0113ja ir \u013coti svar\u012bgas.<\/p>\n<p><img decoding=\"async\" src=\"https:\/\/hzpt.com\/wp-content\/uploads\/2023\/12\/insert-2.webp\" alt=\"\" title=\"\"><\/p>\n<h2>Metin\u0101t\u0101 Clevis tipa cilindra pielietojums<\/h2>\n<ul>\n<li><strong>R\u016bpniecisk\u0101s iek\u0101rtas:<\/strong> Metin\u0101tie skavu tipa cilindri tiek pla\u0161i izmantoti da\u017e\u0101d\u0101s r\u016bpniecisk\u0101s iek\u0101rt\u0101s lieljaudas lietojumiem. \u0160ie cilindri sp\u0113j rad\u012bt lielu sp\u0113ku deta\u013cu pacel\u0161anai un pres\u0113\u0161anai iek\u0101rt\u0101s. Metin\u0101t\u0101 skavu konstrukcija nodro\u0161ina vienk\u0101r\u0161u uzst\u0101d\u012b\u0161anu un efekt\u012bvu darb\u012bbu, padarot to par iecien\u012btu izv\u0113li ra\u017eot\u0101ju vid\u016b.\n<ul>\n<li>Ra\u017eo\u0161anas nozar\u0113 metin\u0101tos Clevis tipa cilindrus izmanto hidrauliskaj\u0101s pres\u0113s, iesmidzin\u0101\u0161anas form\u0113\u0161anas ma\u0161\u012bn\u0101s un met\u0101la \u0161tanc\u0113\u0161anas iek\u0101rt\u0101s, lai nodro\u0161in\u0101tu nepiecie\u0161amo sp\u0113ku met\u0101la loks\u0146u form\u0113\u0161anai un veido\u0161anai.<\/li>\n<li>Automobi\u013cu r\u016bpniec\u012bb\u0101 \u0161ie cilindri tiek izmantoti automa\u0161\u012bnu domkratos, pac\u0113l\u0101jos un mont\u0101\u017eas ma\u0161\u012bn\u0101s, lai ra\u017eo\u0161anas proces\u0101 paceltu smagas deta\u013cas.<\/li>\n<li>B\u016bvniec\u012bbas nozar\u0113 metin\u0101tos Clevis tipa cilindrus izmanto celt\u0146os, ekskavatoros un buldozeros, lai darbin\u0101tu hidraulisk\u0101s sist\u0113mas, kas pace\u013c un p\u0101rvieto smagas kravas.<\/li>\n<\/ul>\n<\/li>\n<li><strong>Lauksaimniec\u012bbas tehnika:<\/strong> Lauksaimniec\u012bbas tehnika ir viena no svar\u012bg\u0101kaj\u0101m jom\u0101m, kur tiek izmantoti metin\u0101tie skavu tipa cilindri. \u0160ie cilindri tiek izmantoti da\u017e\u0101d\u0101s lauksaimniec\u012bbas tehnik\u0101, tostarp traktoros, kombainos un arklos, lai nodro\u0161in\u0101tu nepiecie\u0161amo sp\u0113ku augsnes sagatavo\u0161anai, st\u0101d\u012b\u0161anai un ra\u017eas nov\u0101k\u0161anai.\n<ul>\n<li>Lauksaimniec\u012bbas nozar\u0113 metin\u0101tos skavas tipa cilindrus izmanto arklos, kultivatoros un s\u0113jma\u0161\u012bn\u0101s, lai nodro\u0161in\u0101tu nepiecie\u0161amo sp\u0113ku augsnes sagatavo\u0161anai un s\u0113klu s\u0113\u0161anai.<\/li>\n<li>Ra\u017eas nov\u0101k\u0161anas nozar\u0113 \u0161ie cilindri tiek izmantoti kombainos, pres\u0113s un p\u013caujma\u0161\u012bn\u0101s, lai darbin\u0101tu hidraulisk\u0101s sist\u0113mas, kas sav\u0101c un transport\u0113 kult\u016braugus.<\/li>\n<\/ul>\n<\/li>\n<li><strong>Avi\u0101cija un aizsardz\u012bba:<\/strong> Metin\u0101tie Clevis tipa cilindri tiek izmantoti ar\u012b avi\u0101cijas un kosmosa un aizsardz\u012bbas nozar\u0113, kur tos pla\u0161i izmanto lidma\u0161\u012bn\u0101s, ra\u0137et\u0113s, ra\u0137et\u0113s un aizsardz\u012bbas sist\u0113m\u0101s.\n<ul>\n<li>Kosmosa avi\u0101cijas un kosmosa r\u016bpniec\u012bb\u0101 metin\u0101tos skavas tipa cilindrus izmanto lidma\u0161\u012bnu nolai\u0161an\u0101s meh\u0101nismos, atlokos un bremz\u0113s, lai nodro\u0161in\u0101tu nepiecie\u0161amo sp\u0113ku pacel\u0161an\u0101s un nolai\u0161an\u0101s laik\u0101.<\/li>\n<li>Aizsardz\u012bbas nozar\u0113 \u0161ie cilindri tiek izmantoti ra\u0137e\u0161u palai\u0161anas iek\u0101rt\u0101s, iero\u010du tor\u0146os un tanku sist\u0113m\u0101s, lai darbin\u0101tu hidraulisk\u0101s sist\u0113mas, kas kontrol\u0113 iero\u010du un mun\u012bcijas kust\u012bbu.<\/li>\n<\/ul>\n<\/li>\n<li><strong>J\u016bras r\u016bpniec\u012bba:<\/strong> Metin\u0101tie Clevis tipa cilindri tiek pla\u0161i izmantoti ar\u012b j\u016bras r\u016bpniec\u012bb\u0101, kur tos izmanto da\u017e\u0101dos ku\u0123os, laiv\u0101s un zem\u016bdens transportl\u012bdzek\u013cos.\n<ul>\n<li>Ku\u0123niec\u012bbas nozar\u0113 metin\u0101tos skavas tipa cilindrus izmanto celt\u0146os, vin\u010d\u0101s un kravu apstr\u0101des iek\u0101rt\u0101s, lai nodro\u0161in\u0101tu nepiecie\u0161amo sp\u0113ku kravas iekrau\u0161anai un izkrau\u0161anai.<\/li>\n<li>Laivu nozar\u0113 \u0161ie cilindri tiek izmantoti st\u016bres sist\u0113m\u0101s, propelleros un enkuru sist\u0113m\u0101s, lai nodro\u0161in\u0101tu nepiecie\u0161amo sp\u0113ku laivu un ku\u0123u kust\u012bbas kontrolei.<\/li>\n<li>Zem\u016bdens transportl\u012bdzek\u013cu nozar\u0113 metin\u0101tos skavu tipa cilindrus izmanto zem\u016bden\u0113s, att\u0101lin\u0101ti vad\u0101mos transportl\u012bdzek\u013cos (ROV) un nir\u0161anas apr\u012bkojum\u0101, lai nodro\u0161in\u0101tu nepiecie\u0161amo sp\u0113ku zem\u016bdens darb\u012bb\u0101m.<\/li>\n<\/ul>\n<\/li>\n<li><strong>Kalnr\u016bpniec\u012bbas nozare:<\/strong> Metin\u0101tie Clevis tipa cilindri tiek izmantoti ar\u012b kalnr\u016bpniec\u012bbas nozar\u0113, kur tos izmanto da\u017e\u0101dos pielietojumos miner\u0101lu ieguvei un materi\u0101lu apstr\u0101dei.\n<ul>\n<li>Kalnr\u016bpniec\u012bbas nozar\u0113 metin\u0101tie Clevis tipa cilindri tiek izmantoti konveijeru sist\u0113m\u0101s, urb\u0161anas iek\u0101rt\u0101s un hidrauliskaj\u0101s l\u0101pst\u0101s, lai nodro\u0161in\u0101tu nepiecie\u0161amo sp\u0113ku miner\u0101lu un materi\u0101lu ieguvei no raktuv\u0113m un karjeriem.<\/li>\n<\/ul>\n<\/li>\n<\/ul>\n<h2>K\u0101 izv\u0113l\u0113ties un nomain\u012bt hidraulisko e\u013c\u013cu un bl\u012bves?<\/h2>\n<p>Pareiz\u0101s hidraulisk\u0101s e\u013c\u013cas un bl\u012bv\u0113jumu izv\u0113le ir atkar\u012bga no ekspluat\u0101cijas apst\u0101k\u013ciem un ra\u017eot\u0101ja ieteikumiem. Lai savlaic\u012bgi nomain\u012btu, nepiecie\u0161ama regul\u0101ra p\u0101rbaude.<\/p>\n<h2>Uz\u0146\u0113muma un produktu reklam\u0113\u0161ana<\/h2>\n<p>FMP ir vado\u0161ais hidraulisko cilindru pieg\u0101d\u0101t\u0101js It\u0101lij\u0101. M\u016bsu produktu kl\u0101st\u0101 ietilpst hidrauliskie sl\u012bpuma cilindri, hidrauliskie st\u016bres cilindri un hidrauliskie pacel\u0161anas cilindri. Ar 200\u00a0000 komplektu ra\u017eo\u0161anas jaudu mums ir 300 da\u017e\u0101du autom\u0101tisku CNC ra\u017eo\u0161anas iek\u0101rtu un piln\u012bb\u0101 autom\u0101tisku hidraulisko cilindru mont\u0101\u017eas iek\u0101rtu komplekti.<\/p>\n<p>Uz\u0146\u0113mum\u0101 FMP m\u0113s lepojamies ar to, ka pied\u0101v\u0101jam kvalitat\u012bvus produktus par pie\u0146emam\u0101m cen\u0101m un izcilu klientu apkalpo\u0161anu. M\u0113s pieg\u0101d\u0101jam ar\u012b pac\u0113l\u0101ju darba platformu cilindrus, r\u016bpniecisko transportl\u012bdzek\u013cu hidrauliskos cilindrus, rot\u0101cijas urb\u0161anas platformu cilindrus, kravas automa\u0161\u012bnu celt\u0146u cilindrus, celtniec\u012bbas tehnikas hidrauliskos cilindrus, <b>Iekr\u0101v\u0113ja hidrauliskie cilindri<\/b>, kalnr\u016bpniec\u012bbas pa\u0161izg\u0101z\u0113ju cilindri, sanit\u0101ro iek\u0101rtu hidrauliskie cilindri. Ir laipni gaid\u012bti individu\u0101li pas\u016bt\u012bjumi.<\/p>\n<p><img decoding=\"async\" src=\"https:\/\/hzpt.com\/wp-content\/uploads\/2023\/12\/insert-5.webp\" alt=\"M\u016bsu r\u016bpn\u012bca\" title=\"\"><\/p>\n<h2>Bie\u017ei uzdotie jaut\u0101jumi<\/h2>\n<h3>K\u0101ds ir FMP hidraulisk\u0101 divk\u0101r\u0161\u0101s darb\u012bbas cilindra garantijas periods?<\/h3>\n<p>M\u016bsu produkta garantijas periods ir viens gads.<\/p>\n<h3>Vai es varu ieg\u016bt piel\u0101gotu hidraulisko divk\u0101r\u0161as darb\u012bbas cilindru?<\/h3>\n<p>J\u0101, m\u0113s pied\u0101v\u0101jam piel\u0101go\u0161anu, lai atbilstu \u012bpa\u0161\u0101m pras\u012bb\u0101m.<\/p>\n<h3>K\u0101ds ir pieg\u0101des laiks?<\/h3>\n<p>Izpildes laiks ir atkar\u012bgs no pas\u016bt\u012bjuma daudzuma un piel\u0101go\u0161anas.<\/p>\n<h3>Vai j\u016bs pied\u0101v\u0101jat tehnisko atbalstu?<\/h3>\n<p>J\u0101, m\u0113s pied\u0101v\u0101jam saviem klientiem visaptvero\u0161u tehnisko atbalstu.<\/p>\n<h3>Cik bie\u017ei man j\u0101maina hidraulisk\u0101 e\u013c\u013ca?<\/h3>\n<p>Hidraulisk\u0101 e\u013c\u013ca j\u0101nomaina saska\u0146\u0101 ar ra\u017eot\u0101ja nor\u0101d\u012bjumiem vai ar\u012b, ja e\u013c\u013ca ir pies\u0101r\u0146ota.<\/p>\n<p>Autors: CX<\/p>","protected":false},"excerpt":{"rendered":"<p>Product 10026 Hot Selling Agricultural Hydraulic Double Acting Cylinder For Tractor: The 10026 Hot Selling Agricultural Hydraulic Double Acting Cylinder is a high-quality and efficient hydraulic component specifically designed for tractors. This cylinder is built with precision and durability in mind, making it an excellent choice for agricultural applications. Key Features: 1. Double Acting Design: [&hellip;]<\/p>","protected":false},"featured_media":1127,"comment_status":"closed","ping_status":"closed","template":"","meta":{"_et_pb_use_builder":"","_et_pb_old_content":"","_et_gb_content_width":""},"product_brand":[],"product_cat":[36],"product_tag":[34,38],"class_list":{"0":"post-1034","1":"product","2":"type-product","3":"status-publish","4":"has-post-thumbnail","6":"product_cat-welded-clevis-type-cylinder","7":"product_tag-hydraulic-cylinder","8":"product_tag-welded-clevis-type-cylinder","10":"first","11":"instock","12":"product-type-simple"},"_links":{"self":[{"href":"https:\/\/fmp-components.com\/lv\/wp-json\/wp\/v2\/product\/1034","targetHints":{"allow":["GET"]}}],"collection":[{"href":"https:\/\/fmp-components.com\/lv\/wp-json\/wp\/v2\/product"}],"about":[{"href":"https:\/\/fmp-components.com\/lv\/wp-json\/wp\/v2\/types\/product"}],"replies":[{"embeddable":true,"href":"https:\/\/fmp-components.com\/lv\/wp-json\/wp\/v2\/comments?post=1034"}],"wp:featuredmedia":[{"embeddable":true,"href":"https:\/\/fmp-components.com\/lv\/wp-json\/wp\/v2\/media\/1127"}],"wp:attachment":[{"href":"https:\/\/fmp-components.com\/lv\/wp-json\/wp\/v2\/media?parent=1034"}],"wp:term":[{"taxonomy":"product_brand","embeddable":true,"href":"https:\/\/fmp-components.com\/lv\/wp-json\/wp\/v2\/product_brand?post=1034"},{"taxonomy":"product_cat","embeddable":true,"href":"https:\/\/fmp-components.com\/lv\/wp-json\/wp\/v2\/product_cat?post=1034"},{"taxonomy":"product_tag","embeddable":true,"href":"https:\/\/fmp-components.com\/lv\/wp-json\/wp\/v2\/product_tag?post=1034"}],"curies":[{"name":"wp","href":"https:\/\/api.w.org\/{rel}","templated":true}]}}