{"id":1031,"date":"2024-12-19T06:17:09","date_gmt":"2024-12-19T06:17:09","guid":{"rendered":"https:\/\/fmp-components.com\/product\/10023-low-price-double-effect-hydraulic-piston-cylinder-for-trailer\/"},"modified":"2025-03-18T00:47:24","modified_gmt":"2025-03-18T00:47:24","slug":"10023-low-price-double-effect-hydraulic-piston-cylinder-for-trailer","status":"publish","type":"product","link":"https:\/\/fmp-components.com\/lv\/product\/10023-low-price-double-effect-hydraulic-piston-cylinder-for-trailer\/","title":{"rendered":"10023 Zema cena Divk\u0101r\u0161a efekta hidrauliskais virzu\u013ccilindrs piekabei"},"content":{"rendered":"<h2>Iepaz\u012bstin\u0101m ar produktu 10023: Zemas cenas divk\u0101r\u0161\u0101s iedarb\u012bbas hidrauliskais virzu\u013ccilindrs piekabei<\/h2>\n<p>Produkts 10023 ir augstas kvalit\u0101tes hidrauliskais virzu\u013ccilindrs, kas \u012bpa\u0161i izstr\u0101d\u0101ts piekab\u0113m. \u0160im cilindram ir unik\u0101ls dubult\u0101s iedarb\u012bbas meh\u0101nisms, kas nodro\u0161ina vienm\u0113r\u012bgu un efekt\u012bvu darb\u012bbu.<\/p>\n<p>Pateicoties t\u0101 iztur\u012bgajai konstrukcijai un izcilajai veiktsp\u0113jai, produkts 10023 ir lieliski piem\u0113rots pla\u0161am piekabju pielietojumu kl\u0101stam. Neatkar\u012bgi no t\u0101, vai jums ir j\u0101pace\u013c smagas kravas vai j\u0101nodro\u0161ina prec\u012bza kust\u012bba, \u0161is hidrauliskais virzu\u013ccilindrs nodro\u0161ina izcilus rezult\u0101tus.<\/p>\n<p>Galven\u0101s iez\u012bmes:<br \/>\n1. Divk\u0101r\u0161\u0101s iedarb\u012bbas meh\u0101nisms: Divk\u0101r\u0161\u0101s iedarb\u012bbas konstrukcija nodro\u0161ina gan virzu\u013ca izstiep\u0161anu, gan ievilk\u0161anu, nodro\u0161inot optim\u0101lu efektivit\u0101ti un daudzpus\u012bbu.<br \/>\n2. Iztur\u012bba: \u0160is hidrauliskais cilindrs ir izgatavots no augst\u0101k\u0101s kvalit\u0101tes materi\u0101liem, lai iztur\u0113tu lielas slodzes un skarbu vidi, garant\u0113jot ilgsto\u0161u veiktsp\u0113ju.<br \/>\n3. Vienm\u0113r\u012bga darb\u012bba: Uzlabot\u0101 hidraulisk\u0101 sist\u0113ma nodro\u0161ina vienm\u0113r\u012bgu un prec\u012bzu vad\u012bbu, sniedzot operatoriem p\u0101rliec\u012bbu un \u0113rtu lieto\u0161anu.<br \/>\n4. Vienk\u0101r\u0161a uzst\u0101d\u012b\u0161ana: Produkts 10023 ir izstr\u0101d\u0101ts t\u0101, lai to b\u016btu viegli uzst\u0101d\u012bt, samazinot d\u012bkst\u0101ves laiku un palielinot produktivit\u0101ti.<\/p>\n<p><img decoding=\"async\" src=\"https:\/\/hzpt.com\/wp-content\/uploads\/2023\/12\/insert-4.webp?v=1694163707\" alt=\"\" title=\"\"><\/p>\n<p>Lietojumi:<br \/>\n1. Piekabes: \u0160is hidrauliskais virzu\u013ccilindrs ir ide\u0101li piem\u0113rots da\u017e\u0101du veidu piekab\u0113m, tostarp platformas piekab\u0113m, pa\u0161izg\u0101z\u0113ju piekab\u0113m un komun\u0101lo pakalpojumu piekab\u0113m.<br \/>\n2. B\u016bvniec\u012bbas tehnika: Produktu 10023 var izmantot celtniec\u012bbas ma\u0161\u012bn\u0101s, piem\u0113ram, celt\u0146os un ekskavatoros, uzlabojot to cel\u0161anas un pozicion\u0113\u0161anas iesp\u0113jas.<br \/>\n3. Lauksaimniec\u012bbas tehnika: Pateicoties uzticamajai veiktsp\u0113jai, \u0161is cilindrs ir piem\u0113rots lauksaimniec\u012bbas tehnikai, piem\u0113ram, kombainiem un smidzin\u0101t\u0101jiem.<\/p>\n<p>Ja mekl\u0113jat l\u0113tu hidraulisko virzu\u013ccilindru, kas pied\u0101v\u0101 divk\u0101r\u0161as iedarb\u012bbas funkcionalit\u0101ti un izcilu veiktsp\u0113ju, produkts 10023 ir lieliska izv\u0113le. T\u0101 iztur\u012bba, vienm\u0113r\u012bga darb\u012bba un vienk\u0101r\u0161\u0101 uzst\u0101d\u012b\u0161ana padara to par lielisku risin\u0101jumu piekab\u0113m un da\u017e\u0101d\u0101m cit\u0101m lietojumprogramm\u0101m. FMP ir vado\u0161ais hidraulisko virzu\u013ccilindru pieg\u0101d\u0101t\u0101js, kas atrodas It\u0101lij\u0101. M\u016bsu uz\u0146\u0113mums specializ\u0113jas augstas kvalit\u0101tes hidraulisko virzu\u013ccilindru ra\u017eo\u0161an\u0101, kas pied\u0101v\u0101 efektivit\u0101ti, iztur\u012bbu un pieejamu cenu.<\/p>\n<h2>Metin\u0101t\u0101 Clevis tipa cilindra priek\u0161roc\u012bbas<\/h2>\n<p>Metin\u0101ti skavu tipa cilindri ir popul\u0101ra izv\u0113le daudziem r\u016bpnieciskiem lietojumiem, pateicoties to unik\u0101laj\u0101m priek\u0161roc\u012bb\u0101m un ieguvumiem. \u0160eit ir da\u017eas no galvenaj\u0101m metin\u0101to skavu tipa cilindru priek\u0161roc\u012bb\u0101m:<\/p>\n<h3>1. Palielin\u0101ta iztur\u012bba un iztur\u012bba<\/h3>\n<p>Metin\u0101tie skavu tipa cilindri ir izgatavoti ar metin\u0101tu gala v\u0101ci\u0146u, kas nodro\u0161ina liel\u0101ku iztur\u012bbu un ilgm\u016b\u017e\u012bbu sal\u012bdzin\u0101jum\u0101 ar cita veida cilindriem. Tas padara tos ide\u0101li piem\u0113rotus lieljaudas lietojumiem, kuriem nepiecie\u0161ams augsts iztur\u012bbas un ilgm\u016b\u017e\u012bbas l\u012bmenis.<\/p>\n<p>Turkl\u0101t \u0161o cilindru metin\u0101t\u0101 konstrukcija noz\u012bm\u0113, ka tiem ir maz\u0101ka iesp\u0113ja nopl\u016bst vai saboj\u0101ties, kas var pal\u012bdz\u0113t samazin\u0101t d\u012bkst\u0101ves laiku un apkopes izmaksas.<\/p>\n<h3>2. Sp\u0113ja iztur\u0113t augstu spiedienu<\/h3>\n<p>Metin\u0101tie cilindri ar skavu tipa konstrukcij\u0101m sp\u0113j iztur\u0113t ar\u012b augstspiediena pielietojumus, padarot tos par iecien\u012btu izv\u0113li t\u0101d\u0101s nozar\u0113s k\u0101 b\u016bvniec\u012bba, ieguves r\u016bpniec\u012bba, k\u0101 ar\u012b naftas un g\u0101zes ieguve. To sp\u0113ja iztur\u0113t augstu spiedienu nodro\u0161ina uzticamu veiktsp\u0113ju sare\u017e\u0123\u012btos apst\u0101k\u013cos.<\/p>\n<h3>3. Piel\u0101gojams dizains<\/h3>\n<p>Metin\u0101tus skavu tipa cilindrus var piel\u0101got konkr\u0113tai lietojumprogrammai. Tas noz\u012bm\u0113, ka tos var piel\u0101got konkr\u0113tam izm\u0113ram, formai vai veiktsp\u0113jas pras\u012bbai. Piel\u0101gojams dizains nodro\u0161ina ar\u012b liel\u0101ku elast\u012bbu ra\u017eo\u0161anas proces\u0101, kas var ietaup\u012bt izmaksas.<\/p>\n<h3>4. Vienk\u0101r\u0161a uzst\u0101d\u012b\u0161ana<\/h3>\n<p>Metin\u0101tie skavu tipa cilindri ir paredz\u0113ti vienk\u0101r\u0161ai uzst\u0101d\u012b\u0161anai, kas pal\u012bdz samazin\u0101t uzst\u0101d\u012b\u0161anas laiku un darbasp\u0113ka izmaksas. Tie parasti ir iepriek\u0161 samont\u0113ti un gatavi lieto\u0161anai uzreiz p\u0113c iz\u0146em\u0161anas no kastes, kas samazina nepiecie\u0161am\u012bbu p\u0113c papildu deta\u013c\u0101m vai komponentiem.<\/p>\n<h3>5. Uzlabota veiktsp\u0113ja<\/h3>\n<p>Metin\u0101to skavu tipa cilindru konstrukcija nodro\u0161ina uzlabotu veiktsp\u0113ju sal\u012bdzin\u0101jum\u0101 ar cita veida cilindriem. Tie sp\u0113j rad\u012bt liel\u0101ku sp\u0113ku uz spiediena vien\u012bbu, kas var pal\u012bdz\u0113t uzlabot efektivit\u0101ti un produktivit\u0101ti r\u016bpnieciskos lietojumos.<\/p>\n<p>Kopum\u0101 metin\u0101tie cilindri ar skavu pied\u0101v\u0101 virkni priek\u0161roc\u012bbu un ieguvumu, kas padara tos par iecien\u012btu izv\u0113li daudziem r\u016bpnieciskiem lietojumiem. To paaugstin\u0101t\u0101 iztur\u012bba un ilgm\u016b\u017e\u012bba, sp\u0113ja iztur\u0113t augstu spiedienu, piel\u0101gojamais dizains, vienk\u0101r\u0161\u0101 uzst\u0101d\u012b\u0161ana un uzlabot\u0101 veiktsp\u0113ja padara tos par ide\u0101lu izv\u0113li pras\u012bg\u0101m vid\u0113m, kur uzticam\u012bba un veiktsp\u0113ja ir \u013coti svar\u012bgas.<\/p>\n<h2>Metin\u0101t\u0101 Clevis tipa cilindra pielietojums<\/h2>\n<ul>\n<li><strong>R\u016bpniecisk\u0101s iek\u0101rtas:<\/strong> Metin\u0101tie skavu tipa cilindri tiek pla\u0161i izmantoti da\u017e\u0101d\u0101s r\u016bpniecisk\u0101s iek\u0101rt\u0101s lieljaudas lietojumiem. \u0160ie cilindri sp\u0113j rad\u012bt lielu sp\u0113ku deta\u013cu pacel\u0161anai un pres\u0113\u0161anai iek\u0101rt\u0101s. Metin\u0101t\u0101 skavu konstrukcija nodro\u0161ina vienk\u0101r\u0161u uzst\u0101d\u012b\u0161anu un efekt\u012bvu darb\u012bbu, padarot to par iecien\u012btu izv\u0113li ra\u017eot\u0101ju vid\u016b.\n<ul>\n<li>Ra\u017eo\u0161anas nozar\u0113 metin\u0101tos Clevis tipa cilindrus izmanto hidrauliskaj\u0101s pres\u0113s, iesmidzin\u0101\u0161anas form\u0113\u0161anas ma\u0161\u012bn\u0101s un met\u0101la \u0161tanc\u0113\u0161anas iek\u0101rt\u0101s, lai nodro\u0161in\u0101tu nepiecie\u0161amo sp\u0113ku met\u0101la loks\u0146u form\u0113\u0161anai un veido\u0161anai.<\/li>\n<li>Automobi\u013cu r\u016bpniec\u012bb\u0101 \u0161ie cilindri tiek izmantoti automa\u0161\u012bnu domkratos, pac\u0113l\u0101jos un mont\u0101\u017eas ma\u0161\u012bn\u0101s, lai ra\u017eo\u0161anas proces\u0101 paceltu smagas deta\u013cas.<\/li>\n<li>B\u016bvniec\u012bbas nozar\u0113 metin\u0101tos Clevis tipa cilindrus izmanto celt\u0146os, ekskavatoros un buldozeros, lai darbin\u0101tu hidraulisk\u0101s sist\u0113mas, kas pace\u013c un p\u0101rvieto smagas kravas.<\/li>\n<\/ul>\n<\/li>\n<li><strong>Lauksaimniec\u012bbas tehnika:<\/strong> Lauksaimniec\u012bbas tehnika ir viena no svar\u012bg\u0101kaj\u0101m jom\u0101m, kur tiek izmantoti metin\u0101tie skavu tipa cilindri. \u0160ie cilindri tiek izmantoti da\u017e\u0101d\u0101s lauksaimniec\u012bbas tehnik\u0101, tostarp traktoros, kombainos un arklos, lai nodro\u0161in\u0101tu nepiecie\u0161amo sp\u0113ku augsnes sagatavo\u0161anai, st\u0101d\u012b\u0161anai un ra\u017eas nov\u0101k\u0161anai.\n<ul>\n<li>Lauksaimniec\u012bbas nozar\u0113 metin\u0101tos skavas tipa cilindrus izmanto arklos, kultivatoros un s\u0113jma\u0161\u012bn\u0101s, lai nodro\u0161in\u0101tu nepiecie\u0161amo sp\u0113ku augsnes sagatavo\u0161anai un s\u0113klu s\u0113\u0161anai.<\/li>\n<li>Ra\u017eas nov\u0101k\u0161anas nozar\u0113 \u0161ie cilindri tiek izmantoti kombainos, pres\u0113s un p\u013caujma\u0161\u012bn\u0101s, lai darbin\u0101tu hidraulisk\u0101s sist\u0113mas, kas sav\u0101c un transport\u0113 kult\u016braugus.<\/li>\n<\/ul>\n<\/li>\n<li><strong>Avi\u0101cija un aizsardz\u012bba:<\/strong> Metin\u0101tie Clevis tipa cilindri tiek izmantoti ar\u012b avi\u0101cijas un kosmosa un aizsardz\u012bbas nozar\u0113, kur tos pla\u0161i izmanto lidma\u0161\u012bn\u0101s, ra\u0137et\u0113s, ra\u0137et\u0113s un aizsardz\u012bbas sist\u0113m\u0101s.\n<ul>\n<li>Kosmosa avi\u0101cijas un kosmosa r\u016bpniec\u012bb\u0101 metin\u0101tos skavas tipa cilindrus izmanto lidma\u0161\u012bnu nolai\u0161an\u0101s meh\u0101nismos, atlokos un bremz\u0113s, lai nodro\u0161in\u0101tu nepiecie\u0161amo sp\u0113ku pacel\u0161an\u0101s un nolai\u0161an\u0101s laik\u0101.<\/li>\n<li>Aizsardz\u012bbas nozar\u0113 \u0161ie cilindri tiek izmantoti ra\u0137e\u0161u palai\u0161anas iek\u0101rt\u0101s, iero\u010du tor\u0146os un tanku sist\u0113m\u0101s, lai darbin\u0101tu hidraulisk\u0101s sist\u0113mas, kas kontrol\u0113 iero\u010du un mun\u012bcijas kust\u012bbu.<\/li>\n<\/ul>\n<\/li>\n<li><strong>J\u016bras r\u016bpniec\u012bba:<\/strong> Metin\u0101tie Clevis tipa cilindri tiek pla\u0161i izmantoti ar\u012b j\u016bras r\u016bpniec\u012bb\u0101, kur tos izmanto da\u017e\u0101dos ku\u0123os, laiv\u0101s un zem\u016bdens transportl\u012bdzek\u013cos.\n<ul>\n<li>Ku\u0123niec\u012bbas nozar\u0113 metin\u0101tos skavas tipa cilindrus izmanto celt\u0146os, vin\u010d\u0101s un kravu apstr\u0101des iek\u0101rt\u0101s, lai nodro\u0161in\u0101tu nepiecie\u0161amo sp\u0113ku kravas iekrau\u0161anai un izkrau\u0161anai.<\/li>\n<li>Laivu nozar\u0113 \u0161ie cilindri tiek izmantoti st\u016bres sist\u0113m\u0101s, propelleros un enkuru sist\u0113m\u0101s, lai nodro\u0161in\u0101tu nepiecie\u0161amo sp\u0113ku laivu un ku\u0123u kust\u012bbas kontrolei.<\/li>\n<li>Zem\u016bdens transportl\u012bdzek\u013cu nozar\u0113 metin\u0101tos skavu tipa cilindrus izmanto zem\u016bden\u0113s, att\u0101lin\u0101ti vad\u0101mos transportl\u012bdzek\u013cos (ROV) un nir\u0161anas apr\u012bkojum\u0101, lai nodro\u0161in\u0101tu nepiecie\u0161amo sp\u0113ku zem\u016bdens darb\u012bb\u0101m.<\/li>\n<\/ul>\n<\/li>\n<li><strong>Kalnr\u016bpniec\u012bbas nozare:<\/strong> Metin\u0101tie Clevis tipa cilindri tiek izmantoti ar\u012b kalnr\u016bpniec\u012bbas nozar\u0113, kur tos izmanto da\u017e\u0101dos pielietojumos miner\u0101lu ieguvei un materi\u0101lu apstr\u0101dei.\n<ul>\n<li>Kalnr\u016bpniec\u012bbas nozar\u0113 metin\u0101tie Clevis tipa cilindri tiek izmantoti konveijeru sist\u0113m\u0101s, urb\u0161anas iek\u0101rt\u0101s un hidrauliskaj\u0101s l\u0101pst\u0101s, lai nodro\u0161in\u0101tu nepiecie\u0161amo sp\u0113ku miner\u0101lu un materi\u0101lu ieguvei no raktuv\u0113m un karjeriem.<\/li>\n<\/ul>\n<\/li>\n<\/ul>\n<p><img decoding=\"async\" src=\"https:\/\/hzpt.com\/wp-content\/uploads\/2023\/12\/insert-2.webp\" alt=\"\" title=\"\"><\/p>\n<h2>Par FMP<\/h2>\n<p>M\u0113s pal\u012bdzam saviem klientiem izv\u0113l\u0113ties atbilsto\u0161u hidraulisko e\u013c\u013cu un e\u013c\u013cas bl\u012bvsl\u0113gu hidrauliskajam virzu\u013ccilindram. M\u0113s ar\u012b sniedzam inform\u0101ciju par to, kad un k\u0101 tos nomain\u012bt, k\u0101 izm\u0113r\u012bt hidraulisko cilindru un t\u0101 darb\u012bbu.<\/p>\n<p>FMP m\u0113s esam tirgus l\u012bderi mobilo ma\u0161\u012bnu hidraulisko cilindru ra\u017eo\u0161an\u0101. M\u016bsu galvenie produkti ir hidrauliskie sl\u012bpuma cilindri, hidrauliskie st\u016bres cilindri un hidrauliskie pacel\u0161anas cilindri. Ar 200\u00a0000 komplektu gada ra\u017eo\u0161anas jaudu un 300 da\u017e\u0101du autom\u0101tisko CNC ra\u017eo\u0161anas iek\u0101rtu un autom\u0101tisk\u0101s hidraulisko cilindru mont\u0101\u017eas iek\u0101rtu komplektiem m\u0113s nodro\u0161in\u0101m augstas kvalit\u0101tes produktus.<\/p>\n<p>M\u0113s pieg\u0101d\u0101jam ar\u012b augstkalnu darb\u012bbas platformu cilindrus, r\u016bpniecisko transportl\u012bdzek\u013cu hidrauliskos cilindrus, rot\u0101cijas urb\u0161anas platformu cilindrus, kravas automa\u0161\u012bnu celt\u0146u cilindrus, celtniec\u012bbas tehnikas hidrauliskos cilindrus, <b>Iekr\u0101v\u0113ja hidrauliskie cilindri<\/b>, kalnr\u016bpniec\u012bbas pa\u0161izg\u0101z\u0113ju cilindri un sanit\u0101rijas iek\u0101rtu hidrauliskie cilindri. M\u0113s aicin\u0101m klientus piel\u0101got savas pras\u012bbas.<\/p>\n<p>M\u016bsu uz\u0146\u0113mums izce\u013cas ar augstas kvalit\u0101tes produktu pied\u0101v\u0101\u0161anu par izdev\u012bg\u0101m cen\u0101m, k\u0101 ar\u012b r\u016bp\u012bgu apkalpo\u0161anu.<\/p>\n<p><img decoding=\"async\" src=\"https:\/\/hzpt.com\/wp-content\/uploads\/2023\/12\/insert-5.webp\" alt=\"FMP r\u016bpn\u012bca\" title=\"\"><\/p>\n<h2>Bie\u017ei uzdotie jaut\u0101jumi<\/h2>\n<ol>\n<li>J: K\u0101 uzst\u0101d\u012bt hidraulisko virzu\u013ccilindru?<br \/>\nA: Detaliz\u0113tas instrukcijas tiek sniegtas, veicot pirkumu.<\/li>\n<li>J: Cik bie\u017ei man j\u0101maina hidraulisk\u0101 e\u013c\u013ca?<br \/>\nA: Tas ir atkar\u012bgs no j\u016bsu lietojuma, ta\u010du m\u0113s iesak\u0101m p\u0101rbaud\u012bt ik p\u0113c se\u0161iem m\u0113ne\u0161iem.<\/li>\n<li>J: K\u0101da ir hidraulisk\u0101 virzu\u013ccilindra nestsp\u0113ja?<br \/>\nA: Nestsp\u0113ja main\u0101s un var tikt nodro\u0161in\u0101ta p\u0113c piepras\u012bjuma.<\/li>\n<li>J: K\u0101 uztur\u0113t hidraulisko virzu\u013ccilindru? A: Regul\u0101ras p\u0101rbaudes un t\u012br\u012b\u0161ana ir \u013coti svar\u012bgas, k\u0101 ar\u012b j\u0101nodro\u0161ina hidraulisk\u0101s e\u013c\u013cas t\u012br\u012bba.<\/li>\n<li>J: Kur es varu sa\u0146emt tehnisko atbalstu hidrauliskajam virzu\u013ccilindram?<br \/>\nA: M\u016bsu komanda nodro\u0161ina piln\u012bgu atbalstu visiem m\u016bsu produktiem.<\/li>\n<\/ol>\n<p>Autors: CX<\/p>","protected":false},"excerpt":{"rendered":"<p>Introducing Product 10023: Low Price Double Effect Hydraulic Piston Cylinder For Trailer Product 10023 is a high-quality hydraulic piston cylinder specifically designed for trailers. This cylinder boasts a unique double effect mechanism, allowing for smooth and efficient operation. With its robust construction and excellent performance, Product 10023 is perfect for a wide range of trailer [&hellip;]<\/p>","protected":false},"featured_media":1127,"comment_status":"closed","ping_status":"closed","template":"","meta":{"_et_pb_use_builder":"","_et_pb_old_content":"","_et_gb_content_width":""},"product_brand":[],"product_cat":[36],"product_tag":[34,38],"class_list":{"0":"post-1031","1":"product","2":"type-product","3":"status-publish","4":"has-post-thumbnail","6":"product_cat-welded-clevis-type-cylinder","7":"product_tag-hydraulic-cylinder","8":"product_tag-welded-clevis-type-cylinder","10":"first","11":"instock","12":"product-type-simple"},"_links":{"self":[{"href":"https:\/\/fmp-components.com\/lv\/wp-json\/wp\/v2\/product\/1031","targetHints":{"allow":["GET"]}}],"collection":[{"href":"https:\/\/fmp-components.com\/lv\/wp-json\/wp\/v2\/product"}],"about":[{"href":"https:\/\/fmp-components.com\/lv\/wp-json\/wp\/v2\/types\/product"}],"replies":[{"embeddable":true,"href":"https:\/\/fmp-components.com\/lv\/wp-json\/wp\/v2\/comments?post=1031"}],"wp:featuredmedia":[{"embeddable":true,"href":"https:\/\/fmp-components.com\/lv\/wp-json\/wp\/v2\/media\/1127"}],"wp:attachment":[{"href":"https:\/\/fmp-components.com\/lv\/wp-json\/wp\/v2\/media?parent=1031"}],"wp:term":[{"taxonomy":"product_brand","embeddable":true,"href":"https:\/\/fmp-components.com\/lv\/wp-json\/wp\/v2\/product_brand?post=1031"},{"taxonomy":"product_cat","embeddable":true,"href":"https:\/\/fmp-components.com\/lv\/wp-json\/wp\/v2\/product_cat?post=1031"},{"taxonomy":"product_tag","embeddable":true,"href":"https:\/\/fmp-components.com\/lv\/wp-json\/wp\/v2\/product_tag?post=1031"}],"curies":[{"name":"wp","href":"https:\/\/api.w.org\/{rel}","templated":true}]}}