{"id":1030,"date":"2024-12-19T06:17:09","date_gmt":"2024-12-19T06:17:09","guid":{"rendered":"https:\/\/fmp-components.com\/product\/10022-factory-price-mini-double-acting-hydraulic-cylinder-for-trailer\/"},"modified":"2025-03-18T00:48:07","modified_gmt":"2025-03-18T00:48:07","slug":"10022-factory-price-mini-double-acting-hydraulic-cylinder-for-trailer","status":"publish","type":"product","link":"https:\/\/fmp-components.com\/lv\/product\/10022-factory-price-mini-double-acting-hydraulic-cylinder-for-trailer\/","title":{"rendered":"10022 r\u016bpn\u012bcas cenas mini divk\u0101r\u0161as darb\u012bbas hidrauliskais cilindrs piekabei"},"content":{"rendered":"<h2>Produkta nosaukums: 10022 r\u016bpn\u012bcas cenas mini divk\u0101r\u0161as darb\u012bbas hidrauliskais cilindrs piekabei<\/h2>\n<p>Vai jums ir nepiecie\u0161ams uzticams hidrauliskais cilindrs j\u016bsu piekabei? Mekl\u0113jiet m\u016bsu 10022 r\u016bpn\u012bcas cenas mini divk\u0101r\u0161as darb\u012bbas hidraulisko cilindru. \u0160is augstas kvalit\u0101tes hidrauliskais cilindrs ir \u012bpa\u0161i izstr\u0101d\u0101ts, lai atbilstu piekabju pielietojumu pras\u012bb\u0101m, nodro\u0161inot izcilu veiktsp\u0113ju un iztur\u012bbu.<\/p>\n<p>Galven\u0101s iez\u012bmes:<\/p>\n<p>1. Kompakts dizains: \u0160\u012b hidraulisk\u0101 cilindra miniat\u016brais izm\u0113rs \u013cauj to viegli uzst\u0101d\u012bt un integr\u0113t da\u017e\u0101da izm\u0113ra piekab\u0113s.<\/p>\n<p>2. Divk\u0101r\u0161a darb\u012bba: \u0160is hidrauliskais cilindrs ir divk\u0101r\u0161a darb\u012bba, kas noz\u012bm\u0113, ka tas var rad\u012bt sp\u0113ku abos virzienos, nodro\u0161inot efekt\u012bvu darb\u012bbu un palielin\u0101tu produktivit\u0101ti.<\/p>\n<p>3. R\u016bpn\u012bcas cena: M\u016bsu 10022 hidrauliskais cilindrs tiek pied\u0101v\u0101ts par konkur\u0113tsp\u0113j\u012bgu r\u016bpn\u012bcas cenu, nodro\u0161inot lielisku j\u016bsu ieguld\u012bjuma v\u0113rt\u012bbu.<\/p>\n<p>4. Iztur\u012bga konstrukcija: \u0160is hidrauliskais cilindrs ir izgatavots no augstas kvalit\u0101tes materi\u0101liem, lai iztur\u0113tu intens\u012bvu lieto\u0161anu, nodro\u0161inot ilgsto\u0161u iztur\u012bbu un uzticam\u012bbu.<\/p>\n<p>5. Vienm\u0113r\u012bga darb\u012bba: \u0160\u012b hidraulisk\u0101 cilindra prec\u012bz\u0101 in\u017eenierija nodro\u0161ina vienm\u0113r\u012bgu un neman\u0101mu darb\u012bbu, samazinot berzi un nodilumu.<\/p>\n<p>6. Daudzpus\u012bgs pielietojums: Neatkar\u012bgi no t\u0101, vai jums ir nepiecie\u0161ams pacelt, nolaist, noliekt vai stabiliz\u0113t piekabi, \u0161is hidrauliskais cilindrs ir paredz\u0113ts, lai viegli tiktu gal\u0101 ar pla\u0161u pielietojumu kl\u0101stu.<\/p>\n<p>7. Vienk\u0101r\u0161a apkope: Pateicoties lietot\u0101jam draudz\u012bgajam dizainam, \u0161o hidraulisko cilindru ir viegli uztur\u0113t, ilgtermi\u0146\u0101 ietaupot laiku un p\u016bles.<\/p>\n<p><img loading=\"lazy\" decoding=\"async\" class=\"alignnone size-full wp-image-1073\" src=\"https:\/\/fmp-components.com\/wp-content\/uploads\/2024\/12\/Welded-Clevis-Type-Cylinder2.webp\" alt=\"Metin\u0101ts Clevis tipa cilindrs\" width=\"800\" height=\"800\" title=\"\" srcset=\"https:\/\/fmp-components.com\/wp-content\/uploads\/2024\/12\/Welded-Clevis-Type-Cylinder2.webp 800w, https:\/\/fmp-components.com\/wp-content\/uploads\/2024\/12\/Welded-Clevis-Type-Cylinder2-480x480.webp 480w\" sizes=\"(min-width: 0px) and (max-width: 480px) 480px, (min-width: 481px) 800px, 100vw\" \/><\/p>\n<p>Specifik\u0101cijas:<\/p>\n<p>\u2013 Urbuma diametrs: [Nor\u0101diet urbuma diametru]<br \/>\n\u2013\u00a0Vad\u012bbas garums: [Nor\u0101diet vad\u012bbas garumu]<br \/>\n\u2013 Maksim\u0101lais spiediens: [Nor\u0101diet maksim\u0101lo spiedienu]<br \/>\n\u2013 Stiprin\u0101juma veids: [Nor\u0101diet stiprin\u0101juma veidu]<br \/>\n\u2013 Virzu\u013ca stie\u0146a diametrs: [Nor\u0101diet virzu\u013ca stie\u0146a diametru]<br \/>\n\u2013 Darba temperat\u016bras diapazons: [Nor\u0101diet darba temperat\u016bras diapazonu]<\/p>\n<p>10022 r\u016bpn\u012bcas cenas mini divk\u0101r\u0161as darb\u012bbas hidrauliskais cilindrs piekabei ir lieliska izv\u0113le ikvienam, kam nepiecie\u0161ams uzticams un efekt\u012bvs hidrauliskais cilindrs. Ar savu kompakto dizainu, divk\u0101r\u0161as darb\u012bbas funkcionalit\u0101ti un konkur\u0113tsp\u0113j\u012bgo r\u016bpn\u012bcas cenu \u0161is hidrauliskais cilindrs nodro\u0161ina izcilu veiktsp\u0113ju un iztur\u012bbu. Ieguldiet \u0161aj\u0101 hidrauliskaj\u0101 cilindr\u0101 jau \u0161odien un izbaudiet uzlabotu produktivit\u0101ti un uzticam\u012bbu sav\u0101m piekabes vajadz\u012bb\u0101m.<\/p>\n<p><img decoding=\"async\" src=\"https:\/\/hzpt.com\/wp-content\/uploads\/2023\/12\/insert-1.webp\" alt=\"\" title=\"\"><\/p>\n<h2>Metin\u0101t\u0101 Clevis tipa cilindra priek\u0161roc\u012bbas<\/h2>\n<p>Metin\u0101ti skavu tipa cilindri ir popul\u0101ra izv\u0113le daudziem r\u016bpnieciskiem lietojumiem, pateicoties to unik\u0101laj\u0101m priek\u0161roc\u012bb\u0101m un ieguvumiem. \u0160eit ir da\u017eas no galvenaj\u0101m metin\u0101to skavu tipa cilindru priek\u0161roc\u012bb\u0101m:<\/p>\n<h3>1. Palielin\u0101ta iztur\u012bba un iztur\u012bba<\/h3>\n<p>Metin\u0101tie skavu tipa cilindri ir izgatavoti ar metin\u0101tu gala v\u0101ci\u0146u, kas nodro\u0161ina liel\u0101ku iztur\u012bbu un ilgm\u016b\u017e\u012bbu sal\u012bdzin\u0101jum\u0101 ar cita veida cilindriem. Tas padara tos ide\u0101li piem\u0113rotus lieljaudas lietojumiem, kuriem nepiecie\u0161ams augsts iztur\u012bbas un ilgm\u016b\u017e\u012bbas l\u012bmenis.<\/p>\n<p>Turkl\u0101t \u0161o cilindru metin\u0101t\u0101 konstrukcija noz\u012bm\u0113, ka tiem ir maz\u0101ka iesp\u0113ja nopl\u016bst vai saboj\u0101ties, kas var pal\u012bdz\u0113t samazin\u0101t d\u012bkst\u0101ves laiku un apkopes izmaksas.<\/p>\n<h3>2. Sp\u0113ja iztur\u0113t augstu spiedienu<\/h3>\n<p>Metin\u0101tie cilindri ar skavu tipa konstrukcij\u0101m sp\u0113j iztur\u0113t ar\u012b augstspiediena pielietojumus, padarot tos par iecien\u012btu izv\u0113li t\u0101d\u0101s nozar\u0113s k\u0101 b\u016bvniec\u012bba, ieguves r\u016bpniec\u012bba, k\u0101 ar\u012b naftas un g\u0101zes ieguve. To sp\u0113ja iztur\u0113t augstu spiedienu nodro\u0161ina uzticamu veiktsp\u0113ju sare\u017e\u0123\u012btos apst\u0101k\u013cos.<\/p>\n<h3>3. Piel\u0101gojams dizains<\/h3>\n<p>Metin\u0101tus skavu tipa cilindrus var piel\u0101got konkr\u0113tai lietojumprogrammai. Tas noz\u012bm\u0113, ka tos var piel\u0101got konkr\u0113tam izm\u0113ram, formai vai veiktsp\u0113jas pras\u012bbai. Piel\u0101gojams dizains nodro\u0161ina ar\u012b liel\u0101ku elast\u012bbu ra\u017eo\u0161anas proces\u0101, kas var ietaup\u012bt izmaksas.<\/p>\n<h3>4. Vienk\u0101r\u0161a uzst\u0101d\u012b\u0161ana<\/h3>\n<p>Metin\u0101tie skavu tipa cilindri ir paredz\u0113ti vienk\u0101r\u0161ai uzst\u0101d\u012b\u0161anai, kas pal\u012bdz samazin\u0101t uzst\u0101d\u012b\u0161anas laiku un darbasp\u0113ka izmaksas. Tie parasti ir iepriek\u0161 samont\u0113ti un gatavi lieto\u0161anai uzreiz p\u0113c iz\u0146em\u0161anas no kastes, kas samazina nepiecie\u0161am\u012bbu p\u0113c papildu deta\u013c\u0101m vai komponentiem.<\/p>\n<h3>5. Uzlabota veiktsp\u0113ja<\/h3>\n<p>Metin\u0101to skavu tipa cilindru konstrukcija nodro\u0161ina uzlabotu veiktsp\u0113ju sal\u012bdzin\u0101jum\u0101 ar cita veida cilindriem. Tie sp\u0113j rad\u012bt liel\u0101ku sp\u0113ku uz spiediena vien\u012bbu, kas var pal\u012bdz\u0113t uzlabot efektivit\u0101ti un produktivit\u0101ti r\u016bpnieciskos lietojumos.<\/p>\n<p>Kopum\u0101 metin\u0101tie cilindri ar skavu pied\u0101v\u0101 virkni priek\u0161roc\u012bbu un ieguvumu, kas padara tos par iecien\u012btu izv\u0113li daudziem r\u016bpnieciskiem lietojumiem. To paaugstin\u0101t\u0101 iztur\u012bba un ilgm\u016b\u017e\u012bba, sp\u0113ja iztur\u0113t augstu spiedienu, piel\u0101gojamais dizains, vienk\u0101r\u0161\u0101 uzst\u0101d\u012b\u0161ana un uzlabot\u0101 veiktsp\u0113ja padara tos par ide\u0101lu izv\u0113li pras\u012bg\u0101m vid\u0113m, kur uzticam\u012bba un veiktsp\u0113ja ir \u013coti svar\u012bgas.<\/p>\n<p><img decoding=\"async\" src=\"https:\/\/hzpt.com\/wp-content\/uploads\/2023\/12\/insert-2.webp\" alt=\"\" title=\"\"><\/p>\n<h2>Metin\u0101t\u0101 Clevis tipa cilindra pielietojums<\/h2>\n<ul>\n<li><strong>R\u016bpniecisk\u0101s iek\u0101rtas:<\/strong> Metin\u0101tie skavu tipa cilindri tiek pla\u0161i izmantoti da\u017e\u0101d\u0101s r\u016bpniecisk\u0101s iek\u0101rt\u0101s lieljaudas lietojumiem. \u0160ie cilindri sp\u0113j rad\u012bt lielu sp\u0113ku deta\u013cu pacel\u0161anai un pres\u0113\u0161anai iek\u0101rt\u0101s. Metin\u0101t\u0101 skavu konstrukcija nodro\u0161ina vienk\u0101r\u0161u uzst\u0101d\u012b\u0161anu un efekt\u012bvu darb\u012bbu, padarot to par iecien\u012btu izv\u0113li ra\u017eot\u0101ju vid\u016b.\n<ul>\n<li>Ra\u017eo\u0161anas nozar\u0113 metin\u0101tos Clevis tipa cilindrus izmanto hidrauliskaj\u0101s pres\u0113s, iesmidzin\u0101\u0161anas form\u0113\u0161anas ma\u0161\u012bn\u0101s un met\u0101la \u0161tanc\u0113\u0161anas iek\u0101rt\u0101s, lai nodro\u0161in\u0101tu nepiecie\u0161amo sp\u0113ku met\u0101la loks\u0146u form\u0113\u0161anai un veido\u0161anai.<\/li>\n<li>Automobi\u013cu r\u016bpniec\u012bb\u0101 \u0161ie cilindri tiek izmantoti automa\u0161\u012bnu domkratos, pac\u0113l\u0101jos un mont\u0101\u017eas ma\u0161\u012bn\u0101s, lai ra\u017eo\u0161anas proces\u0101 paceltu smagas deta\u013cas.<\/li>\n<li>B\u016bvniec\u012bbas nozar\u0113 metin\u0101tos Clevis tipa cilindrus izmanto celt\u0146os, ekskavatoros un buldozeros, lai darbin\u0101tu hidraulisk\u0101s sist\u0113mas, kas pace\u013c un p\u0101rvieto smagas kravas.<\/li>\n<\/ul>\n<\/li>\n<li><strong>Lauksaimniec\u012bbas tehnika:<\/strong> Lauksaimniec\u012bbas tehnika ir viena no svar\u012bg\u0101kaj\u0101m jom\u0101m, kur tiek izmantoti metin\u0101tie skavu tipa cilindri. \u0160ie cilindri tiek izmantoti da\u017e\u0101d\u0101s lauksaimniec\u012bbas tehnik\u0101, tostarp traktoros, kombainos un arklos, lai nodro\u0161in\u0101tu nepiecie\u0161amo sp\u0113ku augsnes sagatavo\u0161anai, st\u0101d\u012b\u0161anai un ra\u017eas nov\u0101k\u0161anai.\n<ul>\n<li>Lauksaimniec\u012bbas nozar\u0113 metin\u0101tos skavas tipa cilindrus izmanto arklos, kultivatoros un s\u0113jma\u0161\u012bn\u0101s, lai nodro\u0161in\u0101tu nepiecie\u0161amo sp\u0113ku augsnes sagatavo\u0161anai un s\u0113klu s\u0113\u0161anai.<\/li>\n<li>Ra\u017eas nov\u0101k\u0161anas nozar\u0113 \u0161ie cilindri tiek izmantoti kombainos, pres\u0113s un p\u013caujma\u0161\u012bn\u0101s, lai darbin\u0101tu hidraulisk\u0101s sist\u0113mas, kas sav\u0101c un transport\u0113 kult\u016braugus.<\/li>\n<\/ul>\n<\/li>\n<li><strong>Avi\u0101cija un aizsardz\u012bba:<\/strong> Metin\u0101tie Clevis tipa cilindri tiek izmantoti ar\u012b avi\u0101cijas un kosmosa un aizsardz\u012bbas nozar\u0113, kur tos pla\u0161i izmanto lidma\u0161\u012bn\u0101s, ra\u0137et\u0113s, ra\u0137et\u0113s un aizsardz\u012bbas sist\u0113m\u0101s.\n<ul>\n<li>Kosmosa avi\u0101cijas un kosmosa r\u016bpniec\u012bb\u0101 metin\u0101tos skavas tipa cilindrus izmanto lidma\u0161\u012bnu nolai\u0161an\u0101s meh\u0101nismos, atlokos un bremz\u0113s, lai nodro\u0161in\u0101tu nepiecie\u0161amo sp\u0113ku pacel\u0161an\u0101s un nolai\u0161an\u0101s laik\u0101.<\/li>\n<li>Aizsardz\u012bbas nozar\u0113 \u0161ie cilindri tiek izmantoti ra\u0137e\u0161u palai\u0161anas iek\u0101rt\u0101s, iero\u010du tor\u0146os un tanku sist\u0113m\u0101s, lai darbin\u0101tu hidraulisk\u0101s sist\u0113mas, kas kontrol\u0113 iero\u010du un mun\u012bcijas kust\u012bbu.<\/li>\n<\/ul>\n<\/li>\n<li><strong>J\u016bras r\u016bpniec\u012bba:<\/strong> Metin\u0101tie Clevis tipa cilindri tiek pla\u0161i izmantoti ar\u012b j\u016bras r\u016bpniec\u012bb\u0101, kur tos izmanto da\u017e\u0101dos ku\u0123os, laiv\u0101s un zem\u016bdens transportl\u012bdzek\u013cos.\n<ul>\n<li>Ku\u0123niec\u012bbas nozar\u0113 metin\u0101tos skavas tipa cilindrus izmanto celt\u0146os, vin\u010d\u0101s un kravu apstr\u0101des iek\u0101rt\u0101s, lai nodro\u0161in\u0101tu nepiecie\u0161amo sp\u0113ku kravas iekrau\u0161anai un izkrau\u0161anai.<\/li>\n<li>Laivu nozar\u0113 \u0161ie cilindri tiek izmantoti st\u016bres sist\u0113m\u0101s, propelleros un enkuru sist\u0113m\u0101s, lai nodro\u0161in\u0101tu nepiecie\u0161amo sp\u0113ku laivu un ku\u0123u kust\u012bbas kontrolei.<\/li>\n<li>Zem\u016bdens transportl\u012bdzek\u013cu nozar\u0113 metin\u0101tos skavu tipa cilindrus izmanto zem\u016bden\u0113s, att\u0101lin\u0101ti vad\u0101mos transportl\u012bdzek\u013cos (ROV) un nir\u0161anas apr\u012bkojum\u0101, lai nodro\u0161in\u0101tu nepiecie\u0161amo sp\u0113ku zem\u016bdens darb\u012bb\u0101m.<\/li>\n<\/ul>\n<\/li>\n<li><strong>Kalnr\u016bpniec\u012bbas nozare:<\/strong> Metin\u0101tie Clevis tipa cilindri tiek izmantoti ar\u012b kalnr\u016bpniec\u012bbas nozar\u0113, kur tos izmanto da\u017e\u0101dos pielietojumos miner\u0101lu ieguvei un materi\u0101lu apstr\u0101dei.\n<ul>\n<li>Kalnr\u016bpniec\u012bbas nozar\u0113 metin\u0101tie Clevis tipa cilindri tiek izmantoti konveijeru sist\u0113m\u0101s, urb\u0161anas iek\u0101rt\u0101s un hidrauliskaj\u0101s l\u0101pst\u0101s, lai nodro\u0161in\u0101tu nepiecie\u0161amo sp\u0113ku miner\u0101lu un materi\u0101lu ieguvei no raktuv\u0113m un karjeriem.<\/li>\n<\/ul>\n<\/li>\n<\/ul>\n<h2>Par FMP<\/h2>\n<p>FMP ir paz\u012bstams ar saviem augstas kvalit\u0101tes produktiem, konkur\u0113tsp\u0113j\u012bg\u0101m cen\u0101m un izcilu servisu. M\u0113s pied\u0101v\u0101jam pla\u0161u hidraulisko cilindru kl\u0101stu da\u017e\u0101diem pielietojumiem, tostarp pac\u0113l\u0101ju darba platformu cilindrus, r\u016bpniecisko transportl\u012bdzek\u013cu hidrauliskos cilindrus, rot\u0101cijas urb\u0161anas platformu cilindrus, kravas automa\u0161\u012bnu celt\u0146u cilindrus, celtniec\u012bbas tehnikas hidrauliskos cilindrus, iekr\u0101v\u0113ju hidrauliskos cilindrus, raktuvju pa\u0161izg\u0101z\u0113ju cilindrus un sanit\u0101ro iek\u0101rtu hidrauliskos cilindrus. M\u0113s pied\u0101v\u0101jam ar\u012b piel\u0101go\u0161anas iesp\u0113jas, pamatojoties uz sniegtajiem dizainiem un paraugiem.<\/p>\n<p><img decoding=\"async\" src=\"https:\/\/hzpt.com\/wp-content\/uploads\/2023\/12\/insert-5.webp\" alt=\"FMP r\u016bpn\u012bca\" title=\"\"><\/p>\n<h2>Bie\u017ei uzdotie jaut\u0101jumi<\/h2>\n<dl>\n<dt>J: K\u0101da ir mini divk\u0101r\u0161as darb\u012bbas hidraulisk\u0101 cilindra nestsp\u0113ja?<\/dt>\n<dd>A: Nestsp\u0113ja ir augsta un piem\u0113rota lieljaudas piekab\u0113m.<\/dd>\n<dt>J: K\u0101di ir \u0161\u012b hidraulisk\u0101 cilindra izm\u0113ri?<\/dt>\n<dd>A: Izm\u0113rus var piel\u0101got atbilsto\u0161i j\u016bsu pras\u012bb\u0101m.<\/dd>\n<dt>J: K\u0101 darbojas hidrauliskais cilindrs?<\/dt>\n<dd>A: Tas darbojas, pamatojoties uz spiediena starp\u012bbas principu, izmantojot hidraulisko e\u013c\u013cu sp\u0113ka rad\u012b\u0161anai.<\/dd>\n<dt>J: Kur atrodas FMP?<\/dt>\n<dd>A: FMP atrodas It\u0101lij\u0101.<\/dd>\n<dt>J: Vai es varu piel\u0101got savu hidraulisko cilindru?<\/dt>\n<dd>A: J\u0101, FMP pied\u0101v\u0101 piel\u0101go\u0161anas iesp\u0113jas, pamatojoties uz sniegtajiem dizainparaugiem un paraugiem.<\/dd>\n<\/dl>\n<p>Autors: CX<\/p>","protected":false},"excerpt":{"rendered":"<p>Product Name: 10022 Factory Price Mini Double Acting Hydraulic Cylinder for Trailer Are you in need of a reliable hydraulic cylinder for your trailer? Look no further than our 10022 Factory Price Mini Double Acting Hydraulic Cylinder. This high-quality hydraulic cylinder is specifically designed to meet the demands of trailer applications, providing exceptional performance and [&hellip;]<\/p>","protected":false},"featured_media":1127,"comment_status":"closed","ping_status":"closed","template":"","meta":{"_et_pb_use_builder":"","_et_pb_old_content":"","_et_gb_content_width":""},"product_brand":[],"product_cat":[36],"product_tag":[34,38],"class_list":{"0":"post-1030","1":"product","2":"type-product","3":"status-publish","4":"has-post-thumbnail","6":"product_cat-welded-clevis-type-cylinder","7":"product_tag-hydraulic-cylinder","8":"product_tag-welded-clevis-type-cylinder","10":"first","11":"instock","12":"product-type-simple"},"_links":{"self":[{"href":"https:\/\/fmp-components.com\/lv\/wp-json\/wp\/v2\/product\/1030","targetHints":{"allow":["GET"]}}],"collection":[{"href":"https:\/\/fmp-components.com\/lv\/wp-json\/wp\/v2\/product"}],"about":[{"href":"https:\/\/fmp-components.com\/lv\/wp-json\/wp\/v2\/types\/product"}],"replies":[{"embeddable":true,"href":"https:\/\/fmp-components.com\/lv\/wp-json\/wp\/v2\/comments?post=1030"}],"wp:featuredmedia":[{"embeddable":true,"href":"https:\/\/fmp-components.com\/lv\/wp-json\/wp\/v2\/media\/1127"}],"wp:attachment":[{"href":"https:\/\/fmp-components.com\/lv\/wp-json\/wp\/v2\/media?parent=1030"}],"wp:term":[{"taxonomy":"product_brand","embeddable":true,"href":"https:\/\/fmp-components.com\/lv\/wp-json\/wp\/v2\/product_brand?post=1030"},{"taxonomy":"product_cat","embeddable":true,"href":"https:\/\/fmp-components.com\/lv\/wp-json\/wp\/v2\/product_cat?post=1030"},{"taxonomy":"product_tag","embeddable":true,"href":"https:\/\/fmp-components.com\/lv\/wp-json\/wp\/v2\/product_tag?post=1030"}],"curies":[{"name":"wp","href":"https:\/\/api.w.org\/{rel}","templated":true}]}}