{"id":1025,"date":"2024-12-19T06:16:24","date_gmt":"2024-12-19T06:16:24","guid":{"rendered":"https:\/\/fmp-components.com\/product\/10017-cost-effective-double-acting-small-hydraulic-cylinder-for-agricultural-machinery\/"},"modified":"2024-12-26T08:53:35","modified_gmt":"2024-12-26T08:53:35","slug":"10017-cost-effective-double-acting-small-hydraulic-cylinder-for-agricultural-machinery","status":"publish","type":"product","link":"https:\/\/fmp-components.com\/lv\/product\/10017-cost-effective-double-acting-small-hydraulic-cylinder-for-agricultural-machinery\/","title":{"rendered":"10017 Izmaksu zi\u0146\u0101 efekt\u012bvs divk\u0101r\u0161as darb\u012bbas mazs hidrauliskais cilindrs lauksaimniec\u012bbas ma\u0161\u012bn\u0101m"},"content":{"rendered":"<h2>Produkta ievads:<\/h2>\n<p>10017 izmaksu zi\u0146\u0101 efekt\u012bvais divk\u0101r\u0161as darb\u012bbas mazais hidrauliskais cilindrs lauksaimniec\u012bbas tehnikai ir augstas kvalit\u0101tes hidrauliskais cilindrs, kas \u012bpa\u0161i paredz\u0113ts lauksaimniec\u012bbas vajadz\u012bb\u0101m. \u0160is cilindrs ir izstr\u0101d\u0101ts, lai nodro\u0161in\u0101tu efekt\u012bvu un uzticamu veiktsp\u0113ju, vienlaikus esot rentabls.<\/p>\n<p>\u0160im hidrauliskajam cilindram ir divk\u0101r\u0161as darb\u012bbas konstrukcija, kas sp\u0113j darboties abos virzienos, nodro\u0161inot vienm\u0113r\u012bgu un prec\u012bzu kust\u012bbu. Tas ir izgatavots no iztur\u012bgiem materi\u0101liem, lai iztur\u0113tu sare\u017e\u0123\u012btos apst\u0101k\u013cus, ar kuriem parasti saskaras lauksaimniec\u012bbas tehnika.<\/p>\n<p>10017 hidrauliskais cilindrs pied\u0101v\u0101 izcilu veiktsp\u0113ju un daudzpus\u012bbu da\u017e\u0101d\u0101m lauksaimniec\u012bbas ma\u0161\u012bn\u0101m, piem\u0113ram, traktoriem, kombainiem un iekr\u0101v\u0113jiem. T\u0101 kompaktais izm\u0113rs padara to piem\u0113rotu \u0161aur\u0101m telp\u0101m, nodro\u0161inot optim\u0101lu funkcionalit\u0101ti da\u017e\u0101d\u0101s lauksaimniec\u012bbas darb\u012bb\u0101s.<\/p>\n<p><img decoding=\"async\" src=\"https:\/\/hzpt.com\/wp-content\/uploads\/2023\/12\/insert-4.webp?v=1694163707\" alt=\"\" title=\"\"><\/p>\n<p>Ar savu izmaksu zi\u0146\u0101 efekt\u012bvu dizainu \u0161is hidrauliskais cilindrs nodro\u0161ina izcilu v\u0113rt\u012bbu gan lauksaimniec\u012bbas tehnikas ra\u017eot\u0101jiem, gan lauksaimniekiem. Tas pied\u0101v\u0101 uzticamu veiktsp\u0113ju par pie\u0146emamu cenu, pal\u012bdzot optimiz\u0113t produktivit\u0101ti un samazin\u0101t apkopes izmaksas.<\/p>\n<p>Rezum\u0113jot, 10017 izmaksu zi\u0146\u0101 efekt\u012bvais divk\u0101r\u0161as darb\u012bbas mazais hidrauliskais cilindrs lauksaimniec\u012bbas tehnikai ir iztur\u012bgs, daudzpus\u012bgs un izmaksu zi\u0146\u0101 efekt\u012bvs risin\u0101jums lauksaimniec\u012bbas vajadz\u012bb\u0101m. T\u0101 augst\u0101s veiktsp\u0113jas iesp\u0113jas padara to par lielisku izv\u0113li lauksaimniec\u012bbas tehnikas efektivit\u0101tes un produktivit\u0101tes uzlabo\u0161anai.<\/p>\n<p>(Piez\u012bme. \u0160is produkta ievads ir rakst\u012bts SEO nol\u016bkos un t\u0101 m\u0113r\u0137is ir izcelt 10017 hidraulisk\u0101 cilindra lauksaimniec\u012bbas tehnikai funkcijas un priek\u0161roc\u012bbas.)<\/p>\n<h2>Par FMP divk\u0101r\u0161\u0101s darb\u012bbas mazo hidraulisko cilindru<\/h2>\n<p>FMP, 2006. gad\u0101 dibin\u0101ts uz\u0146\u0113mums, pied\u0101v\u0101 augst\u0101k\u0101s klases lauksaimniec\u012bbas tehnikas produktu \u2014 divk\u0101r\u0161as darb\u012bbas mazo hidraulisko cilindru. \u0160is izmaksu zi\u0146\u0101 efekt\u012bvais un \u013coti efekt\u012bvais cilindrs ir paredz\u0113ts, lai nodro\u0161in\u0101tu jaudu gan izstiep\u0161anas, gan ievilk\u0161anas virzienos, padarot to ide\u0101li piem\u0113rotu cel\u0161anas un liek\u0161anas darb\u012bb\u0101m lauksaimniec\u012bb\u0101 un lauksaimniec\u012bbas vid\u0113.<\/p>\n<p><img decoding=\"async\" src=\"https:\/\/hzpt.com\/wp-content\/uploads\/2023\/12\/insert-3.webp\" alt=\"\" title=\"\"><\/p>\n<h2>Metin\u0101t\u0101 Clevis tipa cilindra priek\u0161roc\u012bbas<\/h2>\n<p>Metin\u0101ti skavu tipa cilindri ir popul\u0101ra izv\u0113le daudziem r\u016bpnieciskiem lietojumiem, pateicoties to unik\u0101laj\u0101m priek\u0161roc\u012bb\u0101m un ieguvumiem. \u0160eit ir da\u017eas no galvenaj\u0101m metin\u0101to skavu tipa cilindru priek\u0161roc\u012bb\u0101m:<\/p>\n<h3>1. Palielin\u0101ta iztur\u012bba un iztur\u012bba<\/h3>\n<p>Metin\u0101tie skavu tipa cilindri ir izgatavoti ar metin\u0101tu gala v\u0101ci\u0146u, kas nodro\u0161ina liel\u0101ku iztur\u012bbu un ilgm\u016b\u017e\u012bbu sal\u012bdzin\u0101jum\u0101 ar cita veida cilindriem. Tas padara tos ide\u0101li piem\u0113rotus lieljaudas lietojumiem, kuriem nepiecie\u0161ams augsts iztur\u012bbas un ilgm\u016b\u017e\u012bbas l\u012bmenis.<\/p>\n<p>Turkl\u0101t \u0161o cilindru metin\u0101t\u0101 konstrukcija noz\u012bm\u0113, ka tiem ir maz\u0101ka iesp\u0113ja nopl\u016bst vai saboj\u0101ties, kas var pal\u012bdz\u0113t samazin\u0101t d\u012bkst\u0101ves laiku un apkopes izmaksas.<\/p>\n<h3>2. Sp\u0113ja iztur\u0113t augstu spiedienu<\/h3>\n<p>Metin\u0101tie cilindri ar skavu tipa konstrukcij\u0101m sp\u0113j iztur\u0113t ar\u012b augstspiediena pielietojumus, padarot tos par iecien\u012btu izv\u0113li t\u0101d\u0101s nozar\u0113s k\u0101 b\u016bvniec\u012bba, ieguves r\u016bpniec\u012bba, k\u0101 ar\u012b naftas un g\u0101zes ieguve. To sp\u0113ja iztur\u0113t augstu spiedienu nodro\u0161ina uzticamu veiktsp\u0113ju sare\u017e\u0123\u012btos apst\u0101k\u013cos.<\/p>\n<h3>3. Piel\u0101gojams dizains<\/h3>\n<p>Metin\u0101tus skavu tipa cilindrus var piel\u0101got konkr\u0113tai lietojumprogrammai. Tas noz\u012bm\u0113, ka tos var piel\u0101got konkr\u0113tam izm\u0113ram, formai vai veiktsp\u0113jas pras\u012bbai. Piel\u0101gojams dizains nodro\u0161ina ar\u012b liel\u0101ku elast\u012bbu ra\u017eo\u0161anas proces\u0101, kas var ietaup\u012bt izmaksas.<\/p>\n<h3>4. Vienk\u0101r\u0161a uzst\u0101d\u012b\u0161ana<\/h3>\n<p>Metin\u0101tie skavu tipa cilindri ir paredz\u0113ti vienk\u0101r\u0161ai uzst\u0101d\u012b\u0161anai, kas pal\u012bdz samazin\u0101t uzst\u0101d\u012b\u0161anas laiku un darbasp\u0113ka izmaksas. Tie parasti ir iepriek\u0161 samont\u0113ti un gatavi lieto\u0161anai uzreiz p\u0113c iz\u0146em\u0161anas no kastes, kas samazina nepiecie\u0161am\u012bbu p\u0113c papildu deta\u013c\u0101m vai komponentiem.<\/p>\n<h3>5. Uzlabota veiktsp\u0113ja<\/h3>\n<p>Metin\u0101to skavu tipa cilindru konstrukcija nodro\u0161ina uzlabotu veiktsp\u0113ju sal\u012bdzin\u0101jum\u0101 ar cita veida cilindriem. Tie sp\u0113j rad\u012bt liel\u0101ku sp\u0113ku uz spiediena vien\u012bbu, kas var pal\u012bdz\u0113t uzlabot efektivit\u0101ti un produktivit\u0101ti r\u016bpnieciskos lietojumos.<\/p>\n<p>Kopum\u0101 metin\u0101tie cilindri ar skavu pied\u0101v\u0101 virkni priek\u0161roc\u012bbu un ieguvumu, kas padara tos par iecien\u012btu izv\u0113li daudziem r\u016bpnieciskiem lietojumiem. To paaugstin\u0101t\u0101 iztur\u012bba un ilgm\u016b\u017e\u012bba, sp\u0113ja iztur\u0113t augstu spiedienu, piel\u0101gojamais dizains, vienk\u0101r\u0161\u0101 uzst\u0101d\u012b\u0161ana un uzlabot\u0101 veiktsp\u0113ja padara tos par ide\u0101lu izv\u0113li pras\u012bg\u0101m vid\u0113m, kur uzticam\u012bba un veiktsp\u0113ja ir \u013coti svar\u012bgas.<\/p>\n<p><img decoding=\"async\" src=\"https:\/\/hzpt.com\/wp-content\/uploads\/2023\/12\/insert-2.webp\" alt=\"\" title=\"\"><\/p>\n<h2>Metin\u0101t\u0101 Clevis tipa cilindra pielietojums<\/h2>\n<ul>\n<li><strong>R\u016bpniecisk\u0101s iek\u0101rtas:<\/strong> Metin\u0101tie skavu tipa cilindri tiek pla\u0161i izmantoti da\u017e\u0101d\u0101s r\u016bpniecisk\u0101s iek\u0101rt\u0101s lieljaudas lietojumiem. \u0160ie cilindri sp\u0113j rad\u012bt lielu sp\u0113ku deta\u013cu pacel\u0161anai un pres\u0113\u0161anai iek\u0101rt\u0101s. Metin\u0101t\u0101 skavu konstrukcija nodro\u0161ina vienk\u0101r\u0161u uzst\u0101d\u012b\u0161anu un efekt\u012bvu darb\u012bbu, padarot to par iecien\u012btu izv\u0113li ra\u017eot\u0101ju vid\u016b.\n<ul>\n<li>Ra\u017eo\u0161anas nozar\u0113 metin\u0101tos Clevis tipa cilindrus izmanto hidrauliskaj\u0101s pres\u0113s, iesmidzin\u0101\u0161anas form\u0113\u0161anas ma\u0161\u012bn\u0101s un met\u0101la \u0161tanc\u0113\u0161anas iek\u0101rt\u0101s, lai nodro\u0161in\u0101tu nepiecie\u0161amo sp\u0113ku met\u0101la loks\u0146u form\u0113\u0161anai un veido\u0161anai.<\/li>\n<li>Automobi\u013cu r\u016bpniec\u012bb\u0101 \u0161ie cilindri tiek izmantoti automa\u0161\u012bnu domkratos, pac\u0113l\u0101jos un mont\u0101\u017eas ma\u0161\u012bn\u0101s, lai ra\u017eo\u0161anas proces\u0101 paceltu smagas deta\u013cas.<\/li>\n<li>B\u016bvniec\u012bbas nozar\u0113 metin\u0101tos Clevis tipa cilindrus izmanto celt\u0146os, ekskavatoros un buldozeros, lai darbin\u0101tu hidraulisk\u0101s sist\u0113mas, kas pace\u013c un p\u0101rvieto smagas kravas.<\/li>\n<\/ul>\n<\/li>\n<li><strong>Lauksaimniec\u012bbas tehnika:<\/strong> Lauksaimniec\u012bbas tehnika ir viena no svar\u012bg\u0101kaj\u0101m jom\u0101m, kur tiek izmantoti metin\u0101tie skavu tipa cilindri. \u0160ie cilindri tiek izmantoti da\u017e\u0101d\u0101s lauksaimniec\u012bbas tehnik\u0101, tostarp traktoros, kombainos un arklos, lai nodro\u0161in\u0101tu nepiecie\u0161amo sp\u0113ku augsnes sagatavo\u0161anai, st\u0101d\u012b\u0161anai un ra\u017eas nov\u0101k\u0161anai.\n<ul>\n<li>Lauksaimniec\u012bbas nozar\u0113 metin\u0101tos skavas tipa cilindrus izmanto arklos, kultivatoros un s\u0113jma\u0161\u012bn\u0101s, lai nodro\u0161in\u0101tu nepiecie\u0161amo sp\u0113ku augsnes sagatavo\u0161anai un s\u0113klu s\u0113\u0161anai.<\/li>\n<li>Ra\u017eas nov\u0101k\u0161anas nozar\u0113 \u0161ie cilindri tiek izmantoti kombainos, pres\u0113s un p\u013caujma\u0161\u012bn\u0101s, lai darbin\u0101tu hidraulisk\u0101s sist\u0113mas, kas sav\u0101c un transport\u0113 kult\u016braugus.<\/li>\n<\/ul>\n<\/li>\n<li><strong>Avi\u0101cija un aizsardz\u012bba:<\/strong> Metin\u0101tie Clevis tipa cilindri tiek izmantoti ar\u012b avi\u0101cijas un kosmosa un aizsardz\u012bbas nozar\u0113, kur tos pla\u0161i izmanto lidma\u0161\u012bn\u0101s, ra\u0137et\u0113s, ra\u0137et\u0113s un aizsardz\u012bbas sist\u0113m\u0101s.\n<ul>\n<li>Kosmosa avi\u0101cijas un kosmosa r\u016bpniec\u012bb\u0101 metin\u0101tos skavas tipa cilindrus izmanto lidma\u0161\u012bnu nolai\u0161an\u0101s meh\u0101nismos, atlokos un bremz\u0113s, lai nodro\u0161in\u0101tu nepiecie\u0161amo sp\u0113ku pacel\u0161an\u0101s un nolai\u0161an\u0101s laik\u0101.<\/li>\n<li>Aizsardz\u012bbas nozar\u0113 \u0161ie cilindri tiek izmantoti ra\u0137e\u0161u palai\u0161anas iek\u0101rt\u0101s, iero\u010du tor\u0146os un tanku sist\u0113m\u0101s, lai darbin\u0101tu hidraulisk\u0101s sist\u0113mas, kas kontrol\u0113 iero\u010du un mun\u012bcijas kust\u012bbu.<\/li>\n<\/ul>\n<\/li>\n<li><strong>J\u016bras r\u016bpniec\u012bba:<\/strong> Metin\u0101tie Clevis tipa cilindri tiek pla\u0161i izmantoti ar\u012b j\u016bras r\u016bpniec\u012bb\u0101, kur tos izmanto da\u017e\u0101dos ku\u0123os, laiv\u0101s un zem\u016bdens transportl\u012bdzek\u013cos.\n<ul>\n<li>Ku\u0123niec\u012bbas nozar\u0113 metin\u0101tos skavas tipa cilindrus izmanto celt\u0146os, vin\u010d\u0101s un kravu apstr\u0101des iek\u0101rt\u0101s, lai nodro\u0161in\u0101tu nepiecie\u0161amo sp\u0113ku kravas iekrau\u0161anai un izkrau\u0161anai.<\/li>\n<li>Laivu nozar\u0113 \u0161ie cilindri tiek izmantoti st\u016bres sist\u0113m\u0101s, propelleros un enkuru sist\u0113m\u0101s, lai nodro\u0161in\u0101tu nepiecie\u0161amo sp\u0113ku laivu un ku\u0123u kust\u012bbas kontrolei.<\/li>\n<li>Zem\u016bdens transportl\u012bdzek\u013cu nozar\u0113 metin\u0101tos skavu tipa cilindrus izmanto zem\u016bden\u0113s, att\u0101lin\u0101ti vad\u0101mos transportl\u012bdzek\u013cos (ROV) un nir\u0161anas apr\u012bkojum\u0101, lai nodro\u0161in\u0101tu nepiecie\u0161amo sp\u0113ku zem\u016bdens darb\u012bb\u0101m.<\/li>\n<\/ul>\n<\/li>\n<li><strong>Kalnr\u016bpniec\u012bbas nozare:<\/strong> Metin\u0101tie Clevis tipa cilindri tiek izmantoti ar\u012b kalnr\u016bpniec\u012bbas nozar\u0113, kur tos izmanto da\u017e\u0101dos pielietojumos miner\u0101lu ieguvei un materi\u0101lu apstr\u0101dei.\n<ul>\n<li>Kalnr\u016bpniec\u012bbas nozar\u0113 metin\u0101tie Clevis tipa cilindri tiek izmantoti konveijeru sist\u0113m\u0101s, urb\u0161anas iek\u0101rt\u0101s un hidrauliskaj\u0101s l\u0101pst\u0101s, lai nodro\u0161in\u0101tu nepiecie\u0161amo sp\u0113ku miner\u0101lu un materi\u0101lu ieguvei no raktuv\u0113m un karjeriem.<\/li>\n<\/ul>\n<\/li>\n<\/ul>\n<h2>Par FMP<\/h2>\n<p>Izv\u0113loties hidraulisko e\u013c\u013cu un e\u013c\u013cas bl\u012bv\u0113jumu, \u0146emiet v\u0113r\u0101 darba vidi un j\u016bsu tehnikas specifik\u0101cijas. Hidraulisk\u0101 cilindra m\u0113r\u012b\u0161anai vislab\u0101k ir iepaz\u012bties ar ra\u017eot\u0101ja rokasgr\u0101matu. K\u0101 vado\u0161ais hidraulisko cilindru pieg\u0101d\u0101t\u0101js, FMP nodro\u0161ina visaptvero\u0161u rokasgr\u0101matu par produktu izv\u0113li, uzst\u0101d\u012b\u0161anu un apkopi.<\/p>\n<p>FMP ie\u0146em vado\u0161o poz\u012bciju mobilo ma\u0161\u012bnu hidraulisko cilindru tirg\u016b It\u0101lij\u0101. M\u0113s pied\u0101v\u0101jam augstas kvalit\u0101tes produktus par konkur\u0113tsp\u0113j\u012bg\u0101m cen\u0101m un lielisku servisu. Papildus hidrauliskajiem cilindriem m\u0113s pieg\u0101d\u0101jam ar\u012b pac\u0113l\u0101ju darba platformu cilindrus, r\u016bpniecisko transportl\u012bdzek\u013cu hidrauliskos cilindrus, rot\u0101cijas urb\u0161anas platformu cilindrus, kravas automa\u0161\u012bnu celt\u0146u cilindrus, in\u017eeniertehnisko ma\u0161\u012bnu hidrauliskos cilindrus, <b>Iekr\u0101v\u0113ja hidrauliskie cilindri<\/b>, raktuvju pa\u0161izg\u0101z\u0113ju cilindri un sanit\u0101rijas iek\u0101rtu hidrauliskie cilindri. Tiek laipni gaid\u012bti ar\u012b individu\u0101li pas\u016bt\u012bjumi p\u0113c j\u016bsu specifik\u0101cij\u0101m.<\/p>\n<p><img decoding=\"async\" src=\"https:\/\/hzpt.com\/wp-content\/uploads\/2023\/12\/insert-5.webp\" alt=\"FMP r\u016bpn\u012bca\" title=\"\"><\/p>\n<h2>Bie\u017ei uzdotie jaut\u0101jumi<\/h2>\n<h3>1. K\u0101da ir hidraulisk\u0101 cilindra nestsp\u0113ja?<\/h3>\n<p>Nestsp\u0113ja at\u0161\u0137iras atkar\u012bb\u0101 no mode\u013ca un pielietojuma. S\u012bk\u0101ku inform\u0101ciju skatiet produkta rokasgr\u0101mat\u0101.<\/p>\n<h3>2. Cik energoefekt\u012bvs ir hidrauliskais cilindrs?<\/h3>\n<p>M\u016bsu hidrauliskie cilindri ir konstru\u0113ti t\u0101, lai tie b\u016btu \u013coti energoefekt\u012bvi, samazinot ekspluat\u0101cijas izmaksas.<\/p>\n<h3>3. K\u0101 izm\u0113r\u012bt hidraulisko cilindru?<\/h3>\n<p>J\u016bs varat iepaz\u012bties ar ra\u017eot\u0101ja rokasgr\u0101matu, kas pievienota produktam.<\/p>\n<h3>4. K\u0101ds ir hidraulisk\u0101 cilindra uzst\u0101d\u012b\u0161anas process?<\/h3>\n<p>Uzst\u0101d\u012b\u0161anas process ir vienk\u0101r\u0161s un to var veikt, izmantojot vienk\u0101r\u0161us instrumentus. Tom\u0113r, lai ieg\u016btu lab\u0101kos rezult\u0101tus, ieteicams to veikt profesion\u0101lim.<\/p>\n<h3>5. Cik bie\u017ei hidrauliskajam cilindram nepiecie\u0161ama apkope?<\/h3>\n<p>Apkopes bie\u017eums ir atkar\u012bgs no lieto\u0161anas veida. Tom\u0113r, lai nodro\u0161in\u0101tu optim\u0101lu veiktsp\u0113ju, ieteicams regul\u0101ri p\u0101rbaud\u012bt, vai nav nopl\u016b\u017eu un spiediena l\u012bme\u0146a.<\/p>\n<p>Autors: CX<\/p>","protected":false},"excerpt":{"rendered":"<p>Product Introduction: The 10017 Cost Effective Double Acting Small Hydraulic Cylinder for Agricultural Machinery is a high-quality hydraulic cylinder designed specifically for agricultural applications. This cylinder is engineered to provide efficient and reliable performance while being cost-effective. Featuring a double-acting design, this hydraulic cylinder is capable of operating in both directions, allowing for smooth and [&hellip;]<\/p>","protected":false},"featured_media":1127,"comment_status":"closed","ping_status":"closed","template":"","meta":{"_et_pb_use_builder":"","_et_pb_old_content":"","_et_gb_content_width":""},"product_brand":[],"product_cat":[36],"product_tag":[34,38],"class_list":{"0":"post-1025","1":"product","2":"type-product","3":"status-publish","4":"has-post-thumbnail","6":"product_cat-welded-clevis-type-cylinder","7":"product_tag-hydraulic-cylinder","8":"product_tag-welded-clevis-type-cylinder","10":"first","11":"instock","12":"product-type-simple"},"_links":{"self":[{"href":"https:\/\/fmp-components.com\/lv\/wp-json\/wp\/v2\/product\/1025","targetHints":{"allow":["GET"]}}],"collection":[{"href":"https:\/\/fmp-components.com\/lv\/wp-json\/wp\/v2\/product"}],"about":[{"href":"https:\/\/fmp-components.com\/lv\/wp-json\/wp\/v2\/types\/product"}],"replies":[{"embeddable":true,"href":"https:\/\/fmp-components.com\/lv\/wp-json\/wp\/v2\/comments?post=1025"}],"wp:featuredmedia":[{"embeddable":true,"href":"https:\/\/fmp-components.com\/lv\/wp-json\/wp\/v2\/media\/1127"}],"wp:attachment":[{"href":"https:\/\/fmp-components.com\/lv\/wp-json\/wp\/v2\/media?parent=1025"}],"wp:term":[{"taxonomy":"product_brand","embeddable":true,"href":"https:\/\/fmp-components.com\/lv\/wp-json\/wp\/v2\/product_brand?post=1025"},{"taxonomy":"product_cat","embeddable":true,"href":"https:\/\/fmp-components.com\/lv\/wp-json\/wp\/v2\/product_cat?post=1025"},{"taxonomy":"product_tag","embeddable":true,"href":"https:\/\/fmp-components.com\/lv\/wp-json\/wp\/v2\/product_tag?post=1025"}],"curies":[{"name":"wp","href":"https:\/\/api.w.org\/{rel}","templated":true}]}}