{"id":1021,"date":"2024-12-19T06:16:24","date_gmt":"2024-12-19T06:16:24","guid":{"rendered":"https:\/\/fmp-components.com\/product\/10013-factory-serving-stainless-steel-double-acting-hydraulic-cylinder-for-subsoiler\/"},"modified":"2025-03-18T00:48:23","modified_gmt":"2025-03-18T00:48:23","slug":"10013-factory-serving-stainless-steel-double-acting-hydraulic-cylinder-for-subsoiler","status":"publish","type":"product","link":"https:\/\/fmp-components.com\/lv\/product\/10013-factory-serving-stainless-steel-double-acting-hydraulic-cylinder-for-subsoiler\/","title":{"rendered":"10013 r\u016bpn\u012bc\u0101 ra\u017eots ner\u016bs\u0113jo\u0161\u0101 t\u0113rauda divk\u0101r\u0161as darb\u012bbas hidrauliskais cilindrs augsnes apak\u0161k\u0101rtai"},"content":{"rendered":"<h2>Produkts 10013 R\u016bpn\u012bcas apkalpo\u0161anas ner\u016bs\u0113jo\u0161\u0101 t\u0113rauda divk\u0101r\u0161as darb\u012bbas hidrauliskais cilindrs augsnes fr\u0113zei<\/h2>\n<p>Produkts 10013 r\u016bpn\u012bc\u0101 ra\u017eotais ner\u016bs\u0113jo\u0161\u0101 t\u0113rauda divk\u0101r\u0161as darb\u012bbas hidrauliskais cilindrs augsnes rak\u0161anas darbiem ir paredz\u0113ts efekt\u012bvai un uzticamai darb\u012bbai augsnes rak\u0161anas darbos. Izgatavots no augstas kvalit\u0101tes ner\u016bs\u0113jo\u0161\u0101 t\u0113rauda materi\u0101liem, \u0161is hidrauliskais cilindrs pied\u0101v\u0101 izcilu iztur\u012bbu un iztur\u012bbu pret koroziju, nodro\u0161inot ilgu kalpo\u0161anas laiku pat skarbos apst\u0101k\u013cos.<\/p>\n<p>\u0160im hidrauliskajam cilindram ir divk\u0101r\u0161a darb\u012bba, kas nodro\u0161ina prec\u012bzu vad\u012bbu un efekt\u012bvu darb\u012bbu. Tas \u013cauj augsnes irdin\u0101t\u0101jam viegli iek\u013c\u016bt augsn\u0113, uzlabojot augsnes irdin\u0101\u0161anas procesa efektivit\u0101ti. Ar savu iztur\u012bgo konstrukciju un uzticamo veiktsp\u0113ju \u0161is hidrauliskais cilindrs ir v\u0113rt\u012bgs papildin\u0101jums jebkuram augsnes irdin\u0101t\u0101ja apr\u012bkojumam.<\/p>\n<p><img decoding=\"async\" src=\"https:\/\/hzpt.com\/wp-content\/uploads\/2023\/12\/insert-4.webp?v=1694163707\" alt=\"\" title=\"\"><\/p>\n<p>Produkts 10013 r\u016bpn\u012bc\u0101 ra\u017eotais ner\u016bs\u0113jo\u0161\u0101 t\u0113rauda divk\u0101r\u0161as darb\u012bbas hidrauliskais cilindrs augsnes apak\u0161k\u0101rtai ir ra\u017eots m\u016bsu specializ\u0113taj\u0101 r\u016bpn\u012bc\u0101, nodro\u0161inot augst\u0101ko kvalit\u0101ti un atbilst\u012bbu stingriem nozares standartiem. M\u016bsu ekspertu komanda r\u016bp\u012bgi izgatavo katru cilindru, piev\u0113r\u0161ot uzman\u012bbu katrai deta\u013cai, lai garant\u0113tu optim\u0101lu veiktsp\u0113ju un klientu apmierin\u0101t\u012bbu.<\/p>\n<p>Nosl\u0113gum\u0101 j\u0101saka, ka produkts 10013 r\u016bpn\u012bc\u0101 ra\u017eotais ner\u016bs\u0113jo\u0161\u0101 t\u0113rauda divk\u0101r\u0161\u0101s darb\u012bbas hidrauliskais cilindrs augsnes rak\u0161anas darbiem ir uzticams un iztur\u012bgs hidrauliskais cilindrs, kas ir \u012bpa\u0161i izstr\u0101d\u0101ts augsnes rak\u0161anas darbiem. T\u0101 ner\u016bs\u0113jo\u0161\u0101 t\u0113rauda konstrukcija, divk\u0101r\u0161\u0101s darb\u012bbas dizains un prec\u012bz\u0101 in\u017eenierija padara to par ide\u0101lu izv\u0113li augsnes rak\u0161anas iek\u0101rtu veiktsp\u0113jas un efektivit\u0101tes uzlabo\u0161anai.<\/p>\n<h2>Iepaz\u012bstin\u0101m ar FMP ner\u016bs\u0113jo\u0161\u0101 t\u0113rauda divk\u0101r\u0161\u0101s darb\u012bbas hidraulisko cilindru augsnes rak\u0161anas darbiem<\/h2>\n<p>Dibin\u0101ts 2006. gad\u0101, FMP ir vado\u0161ais hidraulisko cilindru ra\u017eot\u0101js It\u0101lij\u0101. M\u016bsu ner\u016bs\u0113jo\u0161\u0101 t\u0113rauda divk\u0101r\u0161\u0101s darb\u012bbas hidrauliskais cilindrs augsnes fr\u0113zei nodro\u0161ina augstas kvalit\u0101tes veiktsp\u0113ju un iztur\u012bbu vis\u0101m j\u016bsu lauksaimniec\u012bbas vajadz\u012bb\u0101m.<\/p>\n<p><img decoding=\"async\" src=\"https:\/\/hzpt.com\/wp-content\/uploads\/2023\/12\/insert-3.webp\" alt=\"\" title=\"\"><\/p>\n<h2>Metin\u0101t\u0101 Clevis tipa cilindra priek\u0161roc\u012bbas<\/h2>\n<p>Metin\u0101ti skavu tipa cilindri ir popul\u0101ra izv\u0113le daudziem r\u016bpnieciskiem lietojumiem, pateicoties to unik\u0101laj\u0101m priek\u0161roc\u012bb\u0101m un ieguvumiem. \u0160eit ir da\u017eas no galvenaj\u0101m metin\u0101to skavu tipa cilindru priek\u0161roc\u012bb\u0101m:<\/p>\n<h3>1. Palielin\u0101ta iztur\u012bba un iztur\u012bba<\/h3>\n<p>Metin\u0101tie skavu tipa cilindri ir izgatavoti ar metin\u0101tu gala v\u0101ci\u0146u, kas nodro\u0161ina liel\u0101ku iztur\u012bbu un ilgm\u016b\u017e\u012bbu sal\u012bdzin\u0101jum\u0101 ar cita veida cilindriem. Tas padara tos ide\u0101li piem\u0113rotus lieljaudas lietojumiem, kuriem nepiecie\u0161ams augsts iztur\u012bbas un ilgm\u016b\u017e\u012bbas l\u012bmenis.<\/p>\n<p>Turkl\u0101t \u0161o cilindru metin\u0101t\u0101 konstrukcija noz\u012bm\u0113, ka tiem ir maz\u0101ka iesp\u0113ja nopl\u016bst vai saboj\u0101ties, kas var pal\u012bdz\u0113t samazin\u0101t d\u012bkst\u0101ves laiku un apkopes izmaksas.<\/p>\n<h3>2. Sp\u0113ja iztur\u0113t augstu spiedienu<\/h3>\n<p>Metin\u0101tie cilindri ar skavu tipa konstrukcij\u0101m sp\u0113j iztur\u0113t ar\u012b augstspiediena pielietojumus, padarot tos par iecien\u012btu izv\u0113li t\u0101d\u0101s nozar\u0113s k\u0101 b\u016bvniec\u012bba, ieguves r\u016bpniec\u012bba, k\u0101 ar\u012b naftas un g\u0101zes ieguve. To sp\u0113ja iztur\u0113t augstu spiedienu nodro\u0161ina uzticamu veiktsp\u0113ju sare\u017e\u0123\u012btos apst\u0101k\u013cos.<\/p>\n<h3>3. Piel\u0101gojams dizains<\/h3>\n<p>Metin\u0101tus skavu tipa cilindrus var piel\u0101got konkr\u0113tai lietojumprogrammai. Tas noz\u012bm\u0113, ka tos var piel\u0101got konkr\u0113tam izm\u0113ram, formai vai veiktsp\u0113jas pras\u012bbai. Piel\u0101gojams dizains nodro\u0161ina ar\u012b liel\u0101ku elast\u012bbu ra\u017eo\u0161anas proces\u0101, kas var ietaup\u012bt izmaksas.<\/p>\n<h3>4. Vienk\u0101r\u0161a uzst\u0101d\u012b\u0161ana<\/h3>\n<p>Metin\u0101tie skavu tipa cilindri ir paredz\u0113ti vienk\u0101r\u0161ai uzst\u0101d\u012b\u0161anai, kas pal\u012bdz samazin\u0101t uzst\u0101d\u012b\u0161anas laiku un darbasp\u0113ka izmaksas. Tie parasti ir iepriek\u0161 samont\u0113ti un gatavi lieto\u0161anai uzreiz p\u0113c iz\u0146em\u0161anas no kastes, kas samazina nepiecie\u0161am\u012bbu p\u0113c papildu deta\u013c\u0101m vai komponentiem.<\/p>\n<h3>5. Uzlabota veiktsp\u0113ja<\/h3>\n<p>Metin\u0101to skavu tipa cilindru konstrukcija nodro\u0161ina uzlabotu veiktsp\u0113ju sal\u012bdzin\u0101jum\u0101 ar cita veida cilindriem. Tie sp\u0113j rad\u012bt liel\u0101ku sp\u0113ku uz spiediena vien\u012bbu, kas var pal\u012bdz\u0113t uzlabot efektivit\u0101ti un produktivit\u0101ti r\u016bpnieciskos lietojumos.<\/p>\n<p>Kopum\u0101 metin\u0101tie cilindri ar skavu pied\u0101v\u0101 virkni priek\u0161roc\u012bbu un ieguvumu, kas padara tos par iecien\u012btu izv\u0113li daudziem r\u016bpnieciskiem lietojumiem. To paaugstin\u0101t\u0101 iztur\u012bba un ilgm\u016b\u017e\u012bba, sp\u0113ja iztur\u0113t augstu spiedienu, piel\u0101gojamais dizains, vienk\u0101r\u0161\u0101 uzst\u0101d\u012b\u0161ana un uzlabot\u0101 veiktsp\u0113ja padara tos par ide\u0101lu izv\u0113li pras\u012bg\u0101m vid\u0113m, kur uzticam\u012bba un veiktsp\u0113ja ir \u013coti svar\u012bgas.<\/p>\n<p><img loading=\"lazy\" decoding=\"async\" class=\"alignnone size-full wp-image-1072\" src=\"https:\/\/fmp-components.com\/wp-content\/uploads\/2024\/12\/Welded-Clevis-Type-Cylinder3.webp\" alt=\"Metin\u0101ts Clevis tipa cilindrs\" width=\"1616\" height=\"1229\" title=\"\" srcset=\"https:\/\/fmp-components.com\/wp-content\/uploads\/2024\/12\/Welded-Clevis-Type-Cylinder3.webp 1616w, https:\/\/fmp-components.com\/wp-content\/uploads\/2024\/12\/Welded-Clevis-Type-Cylinder3-1280x973.webp 1280w, https:\/\/fmp-components.com\/wp-content\/uploads\/2024\/12\/Welded-Clevis-Type-Cylinder3-980x745.webp 980w, https:\/\/fmp-components.com\/wp-content\/uploads\/2024\/12\/Welded-Clevis-Type-Cylinder3-480x365.webp 480w\" sizes=\"(min-width: 0px) and (max-width: 480px) 480px, (min-width: 481px) and (max-width: 980px) 980px, (min-width: 981px) and (max-width: 1280px) 1280px, (min-width: 1281px) 1616px, 100vw\" \/><\/p>\n<h2>Metin\u0101t\u0101 Clevis tipa cilindra pielietojums<\/h2>\n<ul>\n<li><strong>R\u016bpniecisk\u0101s iek\u0101rtas:<\/strong> Metin\u0101tie skavu tipa cilindri tiek pla\u0161i izmantoti da\u017e\u0101d\u0101s r\u016bpniecisk\u0101s iek\u0101rt\u0101s lieljaudas lietojumiem. \u0160ie cilindri sp\u0113j rad\u012bt lielu sp\u0113ku deta\u013cu pacel\u0161anai un pres\u0113\u0161anai iek\u0101rt\u0101s. Metin\u0101t\u0101 skavu konstrukcija nodro\u0161ina vienk\u0101r\u0161u uzst\u0101d\u012b\u0161anu un efekt\u012bvu darb\u012bbu, padarot to par iecien\u012btu izv\u0113li ra\u017eot\u0101ju vid\u016b.\n<ul>\n<li>Ra\u017eo\u0161anas nozar\u0113 metin\u0101tos Clevis tipa cilindrus izmanto hidrauliskaj\u0101s pres\u0113s, iesmidzin\u0101\u0161anas form\u0113\u0161anas ma\u0161\u012bn\u0101s un met\u0101la \u0161tanc\u0113\u0161anas iek\u0101rt\u0101s, lai nodro\u0161in\u0101tu nepiecie\u0161amo sp\u0113ku met\u0101la loks\u0146u form\u0113\u0161anai un veido\u0161anai.<\/li>\n<li>Automobi\u013cu r\u016bpniec\u012bb\u0101 \u0161ie cilindri tiek izmantoti automa\u0161\u012bnu domkratos, pac\u0113l\u0101jos un mont\u0101\u017eas ma\u0161\u012bn\u0101s, lai ra\u017eo\u0161anas proces\u0101 paceltu smagas deta\u013cas.<\/li>\n<li>B\u016bvniec\u012bbas nozar\u0113 metin\u0101tos Clevis tipa cilindrus izmanto celt\u0146os, ekskavatoros un buldozeros, lai darbin\u0101tu hidraulisk\u0101s sist\u0113mas, kas pace\u013c un p\u0101rvieto smagas kravas.<\/li>\n<\/ul>\n<\/li>\n<li><strong>Lauksaimniec\u012bbas tehnika:<\/strong> Lauksaimniec\u012bbas tehnika ir viena no svar\u012bg\u0101kaj\u0101m jom\u0101m, kur tiek izmantoti metin\u0101tie skavu tipa cilindri. \u0160ie cilindri tiek izmantoti da\u017e\u0101d\u0101s lauksaimniec\u012bbas tehnik\u0101, tostarp traktoros, kombainos un arklos, lai nodro\u0161in\u0101tu nepiecie\u0161amo sp\u0113ku augsnes sagatavo\u0161anai, st\u0101d\u012b\u0161anai un ra\u017eas nov\u0101k\u0161anai.\n<ul>\n<li>Lauksaimniec\u012bbas nozar\u0113 metin\u0101tos skavas tipa cilindrus izmanto arklos, kultivatoros un s\u0113jma\u0161\u012bn\u0101s, lai nodro\u0161in\u0101tu nepiecie\u0161amo sp\u0113ku augsnes sagatavo\u0161anai un s\u0113klu s\u0113\u0161anai.<\/li>\n<li>Ra\u017eas nov\u0101k\u0161anas nozar\u0113 \u0161ie cilindri tiek izmantoti kombainos, pres\u0113s un p\u013caujma\u0161\u012bn\u0101s, lai darbin\u0101tu hidraulisk\u0101s sist\u0113mas, kas sav\u0101c un transport\u0113 kult\u016braugus.<\/li>\n<\/ul>\n<\/li>\n<li><strong>Avi\u0101cija un aizsardz\u012bba:<\/strong> Metin\u0101tie Clevis tipa cilindri tiek izmantoti ar\u012b avi\u0101cijas un kosmosa un aizsardz\u012bbas nozar\u0113, kur tos pla\u0161i izmanto lidma\u0161\u012bn\u0101s, ra\u0137et\u0113s, ra\u0137et\u0113s un aizsardz\u012bbas sist\u0113m\u0101s.\n<ul>\n<li>Kosmosa avi\u0101cijas un kosmosa r\u016bpniec\u012bb\u0101 metin\u0101tos skavas tipa cilindrus izmanto lidma\u0161\u012bnu nolai\u0161an\u0101s meh\u0101nismos, atlokos un bremz\u0113s, lai nodro\u0161in\u0101tu nepiecie\u0161amo sp\u0113ku pacel\u0161an\u0101s un nolai\u0161an\u0101s laik\u0101.<\/li>\n<li>Aizsardz\u012bbas nozar\u0113 \u0161ie cilindri tiek izmantoti ra\u0137e\u0161u palai\u0161anas iek\u0101rt\u0101s, iero\u010du tor\u0146os un tanku sist\u0113m\u0101s, lai darbin\u0101tu hidraulisk\u0101s sist\u0113mas, kas kontrol\u0113 iero\u010du un mun\u012bcijas kust\u012bbu.<\/li>\n<\/ul>\n<\/li>\n<li><strong>J\u016bras r\u016bpniec\u012bba:<\/strong> Metin\u0101tie Clevis tipa cilindri tiek pla\u0161i izmantoti ar\u012b j\u016bras r\u016bpniec\u012bb\u0101, kur tos izmanto da\u017e\u0101dos ku\u0123os, laiv\u0101s un zem\u016bdens transportl\u012bdzek\u013cos.\n<ul>\n<li>Ku\u0123niec\u012bbas nozar\u0113 metin\u0101tos skavas tipa cilindrus izmanto celt\u0146os, vin\u010d\u0101s un kravu apstr\u0101des iek\u0101rt\u0101s, lai nodro\u0161in\u0101tu nepiecie\u0161amo sp\u0113ku kravas iekrau\u0161anai un izkrau\u0161anai.<\/li>\n<li>Laivu nozar\u0113 \u0161ie cilindri tiek izmantoti st\u016bres sist\u0113m\u0101s, propelleros un enkuru sist\u0113m\u0101s, lai nodro\u0161in\u0101tu nepiecie\u0161amo sp\u0113ku laivu un ku\u0123u kust\u012bbas kontrolei.<\/li>\n<li>Zem\u016bdens transportl\u012bdzek\u013cu nozar\u0113 metin\u0101tos skavu tipa cilindrus izmanto zem\u016bden\u0113s, att\u0101lin\u0101ti vad\u0101mos transportl\u012bdzek\u013cos (ROV) un nir\u0161anas apr\u012bkojum\u0101, lai nodro\u0161in\u0101tu nepiecie\u0161amo sp\u0113ku zem\u016bdens darb\u012bb\u0101m.<\/li>\n<\/ul>\n<\/li>\n<li><strong>Kalnr\u016bpniec\u012bbas nozare:<\/strong> Metin\u0101tie Clevis tipa cilindri tiek izmantoti ar\u012b kalnr\u016bpniec\u012bbas nozar\u0113, kur tos izmanto da\u017e\u0101dos pielietojumos miner\u0101lu ieguvei un materi\u0101lu apstr\u0101dei.\n<ul>\n<li>Kalnr\u016bpniec\u012bbas nozar\u0113 metin\u0101tie Clevis tipa cilindri tiek izmantoti konveijeru sist\u0113m\u0101s, urb\u0161anas iek\u0101rt\u0101s un hidrauliskaj\u0101s l\u0101pst\u0101s, lai nodro\u0161in\u0101tu nepiecie\u0161amo sp\u0113ku miner\u0101lu un materi\u0101lu ieguvei no raktuv\u0113m un karjeriem.<\/li>\n<\/ul>\n<\/li>\n<\/ul>\n<h2>Par FMP produktiem<\/h2>\n<p>FMP pied\u0101v\u0101 pla\u0161u hidraulisko cilindru kl\u0101stu, tostarp hidrauliskos sl\u012bpuma cilindrus, hidrauliskos st\u016bres cilindrus un hidrauliskos pacel\u0161anas cilindrus. Visi m\u016bsu produkti ir izgatavoti ar precizit\u0101ti, nodro\u0161inot uzticamu veiktsp\u0113ju un ilgm\u016b\u017e\u012bbu.<\/p>\n<p>Pareizas hidraulisk\u0101s e\u013c\u013cas un bl\u012bv\u0113juma izv\u0113le ir \u013coti svar\u012bga j\u016bsu hidraulisk\u0101 cilindra veiktsp\u0113jai un ilgm\u016b\u017e\u012bbai. M\u016bsu ekspertu komanda var pal\u012bdz\u0113t jums izv\u0113l\u0113ties pareizo produktu, \u0146emot v\u0113r\u0101 j\u016bsu \u012bpa\u0161\u0101s vajadz\u012bbas un pras\u012bbas.<\/p>\n<h2>Par FMP<\/h2>\n<p>FMP ir vado\u0161ais sp\u0113l\u0113t\u0101js mobilo ma\u0161\u012bnu hidraulisko cilindru tirg\u016b It\u0101lij\u0101, ar 200\u00a0000 komplektu ra\u017eo\u0161anas jaudu un 300 da\u017e\u0101du piln\u012bb\u0101 autom\u0101tisku CNC ra\u017eo\u0161anas iek\u0101rtu komplektiem. M\u0113s pied\u0101v\u0101jam augstas kvalit\u0101tes hidrauliskos cilindrus par konkur\u0113tsp\u0113j\u012bg\u0101m cen\u0101m, k\u0101 ar\u012b nodro\u0161in\u0101m piel\u0101go\u0161anu p\u0113c ras\u0113jumiem vai paraugiem.<\/p>\n<p>M\u0113s pied\u0101v\u0101jam ar\u012b pac\u0113l\u0101ju darba platformu cilindrus, r\u016bpniecisko transportl\u012bdzek\u013cu hidrauliskos cilindrus, rot\u0101cijas urb\u0161anas platformu cilindrus, automa\u0161\u012bnu celt\u0146u cilindrus, celtniec\u012bbas tehnikas hidrauliskos cilindrus, iekr\u0101v\u0113ju hidrauliskos cilindrus, kalnr\u016bpniec\u012bbas pa\u0161izg\u0101z\u0113ju cilindrus un sanit\u0101rijas tehnikas hidrauliskos cilindrus.<\/p>\n<p>Uzticieties FMP, lai ieg\u016btu kvalitat\u012bvus produktus, izdev\u012bgas cenas un uzman\u012bgu apkalpo\u0161anu.<\/p>\n<p><img decoding=\"async\" src=\"https:\/\/hzpt.com\/wp-content\/uploads\/2023\/12\/insert-5.webp\" alt=\"FMP r\u016bpn\u012bca\" title=\"\"><\/p>\n<h2>Bie\u017ei uzdotie jaut\u0101jumi<\/h2>\n<h3>1. jaut\u0101jums: K\u0101da ir j\u016bsu hidraulisk\u0101 cilindra jauda?<\/h3>\n<p>A1: M\u016bsu hidrauliskajiem cilindriem ir liela jauda. Detaliz\u0113tas specifik\u0101cijas var tikt sniegtas p\u0113c piepras\u012bjuma.<\/p>\n<h3>2.\u00a0jaut\u0101jums: Kas FMP produktus at\u0161\u0137ir no citiem?<\/h3>\n<p>A2: M\u016bsu produkti ir paz\u012bstami ar savu ener\u0123iju taupo\u0161o, efekt\u012bvu un dro\u0161u darb\u012bbu. Iztur\u012bbas un korozijas iztur\u012bbas nodro\u0161in\u0101\u0161anai m\u0113s izmantojam ner\u016bs\u0113jo\u0161o t\u0113raudu.<\/p>\n<h3>3. jaut\u0101jums: K\u0101 darbojas j\u016bsu produkta hidraulisk\u0101 sist\u0113ma?<\/h3>\n<p>A3: M\u016bsu hidrauliskie cilindri darbojas p\u0113c \u0161\u0137idruma sp\u0113ka principa. Spiediena hidrauliskais \u0161\u0137idrums tiek izmantots, lai rad\u012btu line\u0101ru kust\u012bbu un sp\u0113ku.<\/p>\n<h3>4. jaut\u0101jums: K\u0101di ir j\u016bsu hidraulisko cilindru pielietojumi?<\/h3>\n<p>A4: M\u016bsu hidrauliskos cilindrus galvenok\u0101rt izmanto augsnes apak\u0161ra\u017eot\u0101jos, lai uzlabotu augsnes irdin\u0101\u0161anu, t\u0101d\u0113j\u0101di veicinot kult\u016braugu aug\u0161anu un ra\u017eu.<\/p>\n<h3>5. jaut\u0101jums: K\u0101 es varu izv\u0113l\u0113ties pareizo hidraulisko e\u013c\u013cu un bl\u012bv\u0113jumu?<\/h3>\n<p>A5: M\u016bsu ekspertu komanda var pal\u012bdz\u0113t jums izv\u0113l\u0113ties pareizo hidraulisko e\u013c\u013cu un bl\u012bv\u0113jumu, \u0146emot v\u0113r\u0101 j\u016bsu \u012bpa\u0161\u0101s vajadz\u012bbas un pras\u012bbas.<\/p>\n<p>Autors: CX<\/p>","protected":false},"excerpt":{"rendered":"<p>Product 10013 Factory Serving Stainless Steel Double Acting Hydraulic Cylinder for Subsoiler The product 10013 Factory Serving Stainless Steel Double Acting Hydraulic Cylinder for Subsoiler is designed to provide efficient and reliable performance in subsoiling applications. Made from high-quality stainless steel materials, this hydraulic cylinder offers exceptional durability and resistance to corrosion, ensuring a long [&hellip;]<\/p>","protected":false},"featured_media":1127,"comment_status":"closed","ping_status":"closed","template":"","meta":{"_et_pb_use_builder":"","_et_pb_old_content":"","_et_gb_content_width":""},"product_brand":[],"product_cat":[36],"product_tag":[34,38],"class_list":{"0":"post-1021","1":"product","2":"type-product","3":"status-publish","4":"has-post-thumbnail","6":"product_cat-welded-clevis-type-cylinder","7":"product_tag-hydraulic-cylinder","8":"product_tag-welded-clevis-type-cylinder","10":"first","11":"instock","12":"product-type-simple"},"_links":{"self":[{"href":"https:\/\/fmp-components.com\/lv\/wp-json\/wp\/v2\/product\/1021","targetHints":{"allow":["GET"]}}],"collection":[{"href":"https:\/\/fmp-components.com\/lv\/wp-json\/wp\/v2\/product"}],"about":[{"href":"https:\/\/fmp-components.com\/lv\/wp-json\/wp\/v2\/types\/product"}],"replies":[{"embeddable":true,"href":"https:\/\/fmp-components.com\/lv\/wp-json\/wp\/v2\/comments?post=1021"}],"wp:featuredmedia":[{"embeddable":true,"href":"https:\/\/fmp-components.com\/lv\/wp-json\/wp\/v2\/media\/1127"}],"wp:attachment":[{"href":"https:\/\/fmp-components.com\/lv\/wp-json\/wp\/v2\/media?parent=1021"}],"wp:term":[{"taxonomy":"product_brand","embeddable":true,"href":"https:\/\/fmp-components.com\/lv\/wp-json\/wp\/v2\/product_brand?post=1021"},{"taxonomy":"product_cat","embeddable":true,"href":"https:\/\/fmp-components.com\/lv\/wp-json\/wp\/v2\/product_cat?post=1021"},{"taxonomy":"product_tag","embeddable":true,"href":"https:\/\/fmp-components.com\/lv\/wp-json\/wp\/v2\/product_tag?post=1021"}],"curies":[{"name":"wp","href":"https:\/\/api.w.org\/{rel}","templated":true}]}}