{"id":1019,"date":"2024-12-19T06:16:24","date_gmt":"2024-12-19T06:16:24","guid":{"rendered":"https:\/\/fmp-components.com\/product\/10011-factory-direct-sale-agriculture-stainless-steel-hydraulic-cylinder\/"},"modified":"2024-12-26T08:54:53","modified_gmt":"2024-12-26T08:54:53","slug":"10011-factory-direct-sale-agriculture-stainless-steel-hydraulic-cylinder","status":"publish","type":"product","link":"https:\/\/fmp-components.com\/lv\/product\/10011-factory-direct-sale-agriculture-stainless-steel-hydraulic-cylinder\/","title":{"rendered":"10011 r\u016bpn\u012bcas tie\u0161\u0101s p\u0101rdo\u0161anas lauksaimniec\u012bbas ner\u016bs\u0113jo\u0161\u0101 t\u0113rauda hidrauliskais cilindrs"},"content":{"rendered":"<h2>Iepaz\u012bstin\u0101m ar 10011 r\u016bpn\u012bcas tie\u0161\u0101s p\u0101rdo\u0161anas lauksaimniec\u012bbas ner\u016bs\u0113jo\u0161\u0101 t\u0113rauda hidraulisko cilindru:<\/h2>\n<p>10011 r\u016bpn\u012bcas tie\u0161\u0101s p\u0101rdo\u0161anas lauksaimniec\u012bbas ner\u016bs\u0113jo\u0161\u0101 t\u0113rauda hidrauliskais cilindrs ir augstas kvalit\u0101tes produkts, kas \u012bpa\u0161i paredz\u0113ts lauksaimniec\u012bbas vajadz\u012bb\u0101m. Izgatavots no iztur\u012bga ner\u016bs\u0113jo\u0161\u0101 t\u0113rauda, \u200b\u200b\u0161is hidrauliskais cilindrs pied\u0101v\u0101 izcilu iztur\u012bbu un iztur\u012bbu pret koroziju, nodro\u0161inot t\u0101 uzticam\u012bbu skarbos lauksaimniec\u012bbas apst\u0101k\u013cos.<\/p>\n<p>Pateicoties tie\u0161ajai p\u0101rdo\u0161anai no r\u016bpn\u012bcas, \u0161is hidrauliskais cilindrs nodro\u0161ina klientiem izcilu cenas un v\u0113rt\u012bbas attiec\u012bbu, neapdraudot veiktsp\u0113ju. Tas ir izstr\u0101d\u0101ts, lai nodro\u0161in\u0101tu efekt\u012bvu un prec\u012bzu hidraulisko jaudu, padarot to par ide\u0101lu izv\u0113li da\u017e\u0101diem lauksaimniec\u012bbas uzdevumiem, piem\u0113ram, smagu kravu cel\u0161anai, tehnikas vad\u012b\u0161anai un lauksaimniec\u012bbas instrumentu darbin\u0101\u0161anai.<\/p>\n<p>10011 r\u016bpn\u012bcas tie\u0161\u0101s p\u0101rdo\u0161anas lauksaimniec\u012bbas ner\u016bs\u0113jo\u0161\u0101 t\u0113rauda hidrauliskais cilindrs izce\u013cas ar savu izcilo dizainu un konstrukciju. Tam ir uzlabota bl\u012bv\u0113\u0161anas tehnolo\u0123ija, kas nodro\u0161ina darb\u012bbu bez nopl\u016bd\u0113m un samazina d\u012bkst\u0101ves laiku. Turkl\u0101t t\u0101 ner\u016bs\u0113jo\u0161\u0101 t\u0113rauda konstrukcija nodro\u0161ina izcilu iztur\u012bbu pret r\u016bsu un koroziju, pagarinot cilindra kalpo\u0161anas laiku un samazinot apkopes izmaksas.<\/p>\n<p>\u0160o hidraulisko cilindru ir viegli uzst\u0101d\u012bt, un tas ir sader\u012bgs ar pla\u0161u lauksaimniec\u012bbas tehnikas kl\u0101stu. T\u0101 daudzpus\u012bba \u013cauj lauksaimniekiem un lauksaimniec\u012bbas profesion\u0101\u013ciem to izmantot da\u017e\u0101dos pielietojumos, uzlabojot produktivit\u0101ti un efektivit\u0101ti uz lauka.<\/p>\n<p>Rezum\u0113jot, 10011 r\u016bpn\u012bcas tie\u0161\u0101s p\u0101rdo\u0161anas lauksaimniec\u012bbas ner\u016bs\u0113jo\u0161\u0101 t\u0113rauda hidrauliskais cilindrs ir uzticams un iztur\u012bgs risin\u0101jums lauksaimniec\u012bbas hidrauliskaj\u0101m sist\u0113m\u0101m. T\u0101 izcil\u0101 veiktsp\u0113ja, iztur\u012bba pret koroziju un cenas un v\u0113rt\u012bbas attiec\u012bba padara to par lielisku izv\u0113li lauksaimniekiem un lauksaimniec\u012bbas profesion\u0101\u013ciem, kuri v\u0113las optimiz\u0113t savu darb\u012bbu.<\/p>\n<h2>Galven\u0101s iez\u012bmes un priek\u0161roc\u012bbas<\/h2>\n<ul>\n<li><strong>Iztur\u012bgs:<\/strong> Ner\u016bs\u0113jo\u0161\u0101 t\u0113rauda konstrukcija nodro\u0161ina, ka cilindrs var iztur\u0113t vissmag\u0101kos lauksaimniec\u012bbas apst\u0101k\u013cus.<\/li>\n<li><strong>Energoefekt\u012bvs:<\/strong> Cilindra konstrukcija optimiz\u0113 hidraulisk\u0101 \u0161\u0137idruma izmanto\u0161anu, ietaupot ener\u0123iju un samazinot ekspluat\u0101cijas izmaksas.<\/li>\n<li><strong>Dro\u0161\u012bba:<\/strong> Balons ir konstru\u0113ts, \u0146emot v\u0113r\u0101 dro\u0161\u012bbu, samazinot negad\u012bjumu risku darb\u012bbas laik\u0101.<\/li>\n<\/ul>\n<p><img decoding=\"async\" src=\"https:\/\/hzpt.com\/wp-content\/uploads\/2023\/12\/insert-4.webp?v=1694163707\" alt=\"\" title=\"\"><\/p>\n<h2>Metin\u0101t\u0101 Clevis tipa cilindra priek\u0161roc\u012bbas<\/h2>\n<p>Metin\u0101ti skavu tipa cilindri ir popul\u0101ra izv\u0113le daudziem r\u016bpnieciskiem lietojumiem, pateicoties to unik\u0101laj\u0101m priek\u0161roc\u012bb\u0101m un ieguvumiem. \u0160eit ir da\u017eas no galvenaj\u0101m metin\u0101to skavu tipa cilindru priek\u0161roc\u012bb\u0101m:<\/p>\n<h3>1. Palielin\u0101ta iztur\u012bba un iztur\u012bba<\/h3>\n<p>Metin\u0101tie skavu tipa cilindri ir izgatavoti ar metin\u0101tu gala v\u0101ci\u0146u, kas nodro\u0161ina liel\u0101ku iztur\u012bbu un ilgm\u016b\u017e\u012bbu sal\u012bdzin\u0101jum\u0101 ar cita veida cilindriem. Tas padara tos ide\u0101li piem\u0113rotus lieljaudas lietojumiem, kuriem nepiecie\u0161ams augsts iztur\u012bbas un ilgm\u016b\u017e\u012bbas l\u012bmenis.<\/p>\n<p>Turkl\u0101t \u0161o cilindru metin\u0101t\u0101 konstrukcija noz\u012bm\u0113, ka tiem ir maz\u0101ka iesp\u0113ja nopl\u016bst vai saboj\u0101ties, kas var pal\u012bdz\u0113t samazin\u0101t d\u012bkst\u0101ves laiku un apkopes izmaksas.<\/p>\n<h3>2. Sp\u0113ja iztur\u0113t augstu spiedienu<\/h3>\n<p>Metin\u0101tie cilindri ar skavu tipa konstrukcij\u0101m sp\u0113j iztur\u0113t ar\u012b augstspiediena pielietojumus, padarot tos par iecien\u012btu izv\u0113li t\u0101d\u0101s nozar\u0113s k\u0101 b\u016bvniec\u012bba, ieguves r\u016bpniec\u012bba, k\u0101 ar\u012b naftas un g\u0101zes ieguve. To sp\u0113ja iztur\u0113t augstu spiedienu nodro\u0161ina uzticamu veiktsp\u0113ju sare\u017e\u0123\u012btos apst\u0101k\u013cos.<\/p>\n<h3>3. Piel\u0101gojams dizains<\/h3>\n<p>Metin\u0101tus skavu tipa cilindrus var piel\u0101got konkr\u0113tai lietojumprogrammai. Tas noz\u012bm\u0113, ka tos var piel\u0101got konkr\u0113tam izm\u0113ram, formai vai veiktsp\u0113jas pras\u012bbai. Piel\u0101gojams dizains nodro\u0161ina ar\u012b liel\u0101ku elast\u012bbu ra\u017eo\u0161anas proces\u0101, kas var ietaup\u012bt izmaksas.<\/p>\n<h3>4. Vienk\u0101r\u0161a uzst\u0101d\u012b\u0161ana<\/h3>\n<p>Metin\u0101tie skavu tipa cilindri ir paredz\u0113ti vienk\u0101r\u0161ai uzst\u0101d\u012b\u0161anai, kas pal\u012bdz samazin\u0101t uzst\u0101d\u012b\u0161anas laiku un darbasp\u0113ka izmaksas. Tie parasti ir iepriek\u0161 samont\u0113ti un gatavi lieto\u0161anai uzreiz p\u0113c iz\u0146em\u0161anas no kastes, kas samazina nepiecie\u0161am\u012bbu p\u0113c papildu deta\u013c\u0101m vai komponentiem.<\/p>\n<h3>5. Uzlabota veiktsp\u0113ja<\/h3>\n<p>Metin\u0101to skavu tipa cilindru konstrukcija nodro\u0161ina uzlabotu veiktsp\u0113ju sal\u012bdzin\u0101jum\u0101 ar cita veida cilindriem. Tie sp\u0113j rad\u012bt liel\u0101ku sp\u0113ku uz spiediena vien\u012bbu, kas var pal\u012bdz\u0113t uzlabot efektivit\u0101ti un produktivit\u0101ti r\u016bpnieciskos lietojumos.<\/p>\n<p>Kopum\u0101 metin\u0101tie cilindri ar skavu pied\u0101v\u0101 virkni priek\u0161roc\u012bbu un ieguvumu, kas padara tos par iecien\u012btu izv\u0113li daudziem r\u016bpnieciskiem lietojumiem. To paaugstin\u0101t\u0101 iztur\u012bba un ilgm\u016b\u017e\u012bba, sp\u0113ja iztur\u0113t augstu spiedienu, piel\u0101gojamais dizains, vienk\u0101r\u0161\u0101 uzst\u0101d\u012b\u0161ana un uzlabot\u0101 veiktsp\u0113ja padara tos par ide\u0101lu izv\u0113li pras\u012bg\u0101m vid\u0113m, kur uzticam\u012bba un veiktsp\u0113ja ir \u013coti svar\u012bgas.<\/p>\n<h2>Metin\u0101t\u0101 Clevis tipa cilindra pielietojums<\/h2>\n<ul>\n<li><strong>R\u016bpniecisk\u0101s iek\u0101rtas:<\/strong> Metin\u0101tie skavu tipa cilindri tiek pla\u0161i izmantoti da\u017e\u0101d\u0101s r\u016bpniecisk\u0101s iek\u0101rt\u0101s lieljaudas lietojumiem. \u0160ie cilindri sp\u0113j rad\u012bt lielu sp\u0113ku deta\u013cu pacel\u0161anai un pres\u0113\u0161anai iek\u0101rt\u0101s. Metin\u0101t\u0101 skavu konstrukcija nodro\u0161ina vienk\u0101r\u0161u uzst\u0101d\u012b\u0161anu un efekt\u012bvu darb\u012bbu, padarot to par iecien\u012btu izv\u0113li ra\u017eot\u0101ju vid\u016b.\n<ul>\n<li>Ra\u017eo\u0161anas nozar\u0113 metin\u0101tos Clevis tipa cilindrus izmanto hidrauliskaj\u0101s pres\u0113s, iesmidzin\u0101\u0161anas form\u0113\u0161anas ma\u0161\u012bn\u0101s un met\u0101la \u0161tanc\u0113\u0161anas iek\u0101rt\u0101s, lai nodro\u0161in\u0101tu nepiecie\u0161amo sp\u0113ku met\u0101la loks\u0146u form\u0113\u0161anai un veido\u0161anai.<\/li>\n<li>Automobi\u013cu r\u016bpniec\u012bb\u0101 \u0161ie cilindri tiek izmantoti automa\u0161\u012bnu domkratos, pac\u0113l\u0101jos un mont\u0101\u017eas ma\u0161\u012bn\u0101s, lai ra\u017eo\u0161anas proces\u0101 paceltu smagas deta\u013cas.<\/li>\n<li>B\u016bvniec\u012bbas nozar\u0113 metin\u0101tos Clevis tipa cilindrus izmanto celt\u0146os, ekskavatoros un buldozeros, lai darbin\u0101tu hidraulisk\u0101s sist\u0113mas, kas pace\u013c un p\u0101rvieto smagas kravas.<\/li>\n<\/ul>\n<\/li>\n<li><strong>Lauksaimniec\u012bbas tehnika:<\/strong> Lauksaimniec\u012bbas tehnika ir viena no svar\u012bg\u0101kaj\u0101m jom\u0101m, kur tiek izmantoti metin\u0101tie skavu tipa cilindri. \u0160ie cilindri tiek izmantoti da\u017e\u0101d\u0101s lauksaimniec\u012bbas tehnik\u0101, tostarp traktoros, kombainos un arklos, lai nodro\u0161in\u0101tu nepiecie\u0161amo sp\u0113ku augsnes sagatavo\u0161anai, st\u0101d\u012b\u0161anai un ra\u017eas nov\u0101k\u0161anai.\n<ul>\n<li>Lauksaimniec\u012bbas nozar\u0113 metin\u0101tos skavas tipa cilindrus izmanto arklos, kultivatoros un s\u0113jma\u0161\u012bn\u0101s, lai nodro\u0161in\u0101tu nepiecie\u0161amo sp\u0113ku augsnes sagatavo\u0161anai un s\u0113klu s\u0113\u0161anai.<\/li>\n<li>Ra\u017eas nov\u0101k\u0161anas nozar\u0113 \u0161ie cilindri tiek izmantoti kombainos, pres\u0113s un p\u013caujma\u0161\u012bn\u0101s, lai darbin\u0101tu hidraulisk\u0101s sist\u0113mas, kas sav\u0101c un transport\u0113 kult\u016braugus.<\/li>\n<\/ul>\n<\/li>\n<li><strong>Avi\u0101cija un aizsardz\u012bba:<\/strong> Metin\u0101tie Clevis tipa cilindri tiek izmantoti ar\u012b avi\u0101cijas un kosmosa un aizsardz\u012bbas nozar\u0113, kur tos pla\u0161i izmanto lidma\u0161\u012bn\u0101s, ra\u0137et\u0113s, ra\u0137et\u0113s un aizsardz\u012bbas sist\u0113m\u0101s.\n<ul>\n<li>Kosmosa avi\u0101cijas un kosmosa r\u016bpniec\u012bb\u0101 metin\u0101tos skavas tipa cilindrus izmanto lidma\u0161\u012bnu nolai\u0161an\u0101s meh\u0101nismos, atlokos un bremz\u0113s, lai nodro\u0161in\u0101tu nepiecie\u0161amo sp\u0113ku pacel\u0161an\u0101s un nolai\u0161an\u0101s laik\u0101.<\/li>\n<li>Aizsardz\u012bbas nozar\u0113 \u0161ie cilindri tiek izmantoti ra\u0137e\u0161u palai\u0161anas iek\u0101rt\u0101s, iero\u010du tor\u0146os un tanku sist\u0113m\u0101s, lai darbin\u0101tu hidraulisk\u0101s sist\u0113mas, kas kontrol\u0113 iero\u010du un mun\u012bcijas kust\u012bbu.<\/li>\n<\/ul>\n<\/li>\n<li><strong>J\u016bras r\u016bpniec\u012bba:<\/strong> Metin\u0101tie Clevis tipa cilindri tiek pla\u0161i izmantoti ar\u012b j\u016bras r\u016bpniec\u012bb\u0101, kur tos izmanto da\u017e\u0101dos ku\u0123os, laiv\u0101s un zem\u016bdens transportl\u012bdzek\u013cos.\n<ul>\n<li>Ku\u0123niec\u012bbas nozar\u0113 metin\u0101tos skavas tipa cilindrus izmanto celt\u0146os, vin\u010d\u0101s un kravu apstr\u0101des iek\u0101rt\u0101s, lai nodro\u0161in\u0101tu nepiecie\u0161amo sp\u0113ku kravas iekrau\u0161anai un izkrau\u0161anai.<\/li>\n<li>Laivu nozar\u0113 \u0161ie cilindri tiek izmantoti st\u016bres sist\u0113m\u0101s, propelleros un enkuru sist\u0113m\u0101s, lai nodro\u0161in\u0101tu nepiecie\u0161amo sp\u0113ku laivu un ku\u0123u kust\u012bbas kontrolei.<\/li>\n<li>Zem\u016bdens transportl\u012bdzek\u013cu nozar\u0113 metin\u0101tos skavu tipa cilindrus izmanto zem\u016bden\u0113s, att\u0101lin\u0101ti vad\u0101mos transportl\u012bdzek\u013cos (ROV) un nir\u0161anas apr\u012bkojum\u0101, lai nodro\u0161in\u0101tu nepiecie\u0161amo sp\u0113ku zem\u016bdens darb\u012bb\u0101m.<\/li>\n<\/ul>\n<\/li>\n<li><strong>Kalnr\u016bpniec\u012bbas nozare:<\/strong> Metin\u0101tie Clevis tipa cilindri tiek izmantoti ar\u012b kalnr\u016bpniec\u012bbas nozar\u0113, kur tos izmanto da\u017e\u0101dos pielietojumos miner\u0101lu ieguvei un materi\u0101lu apstr\u0101dei.\n<ul>\n<li>Kalnr\u016bpniec\u012bbas nozar\u0113 metin\u0101tie Clevis tipa cilindri tiek izmantoti konveijeru sist\u0113m\u0101s, urb\u0161anas iek\u0101rt\u0101s un hidrauliskaj\u0101s l\u0101pst\u0101s, lai nodro\u0161in\u0101tu nepiecie\u0161amo sp\u0113ku miner\u0101lu un materi\u0101lu ieguvei no raktuv\u0113m un karjeriem.<\/li>\n<\/ul>\n<\/li>\n<\/ul>\n<h2>Bie\u017ei uzdotie jaut\u0101jumi<\/h2>\n<h3>1. K\u0101da ir lauksaimniec\u012bbas ner\u016bs\u0113jo\u0161\u0101 t\u0113rauda hidraulisk\u0101 cilindra jauda?<\/h3>\n<p>Ietilp\u012bba at\u0161\u0137iras atkar\u012bb\u0101 no konkr\u0113t\u0101 mode\u013ca. Lai ieg\u016btu pla\u0161\u0101ku inform\u0101ciju, l\u016bdzu, sazinieties ar mums.<\/p>\n<h3>2. K\u0101 uzst\u0101d\u012bt hidraulisko cilindru?<\/h3>\n<p><img decoding=\"async\" src=\"https:\/\/hzpt.com\/wp-content\/uploads\/2023\/12\/insert-1.webp\" alt=\"\" title=\"\"><\/p>\n<p>Produktam ir pievienotas uzst\u0101d\u012b\u0161anas instrukcijas. Ja rodas probl\u0113mas, m\u016bsu klientu apkalpo\u0161anas komanda ir pieejama, lai jums pal\u012bdz\u0113tu.<\/p>\n<h3>3. Cik bie\u017ei hidrauliskajam cilindram nepiecie\u0161ama apkope?<\/h3>\n<p>Regul\u0101ra apkope ir \u013coti svar\u012bga, lai nodro\u0161in\u0101tu hidraulisk\u0101 cilindra ilgm\u016b\u017e\u012bbu. Iesak\u0101m p\u0101rbaud\u012bt cilindru ik p\u0113c se\u0161iem m\u0113ne\u0161iem.<\/p>\n<h3>4. Vai hidraulisko cilindru var izmantot ne tikai lauksaimniec\u012bb\u0101?<\/h3>\n<p>J\u0101, lai gan cilindrs ir paredz\u0113ts lieto\u0161anai lauksaimniec\u012bb\u0101, to var izmantot ar\u012b cit\u0101s jom\u0101s. Lai ieg\u016btu pla\u0161\u0101ku inform\u0101ciju, l\u016bdzu, sazinieties ar mums.<\/p>\n<h3>5. Vai es varu piel\u0101got hidraulisko cilindru sav\u0101m \u012bpa\u0161aj\u0101m pras\u012bb\u0101m?<\/h3>\n<p>J\u0101, m\u0113s pied\u0101v\u0101jam piel\u0101go\u0161anas pakalpojumus. L\u016bdzu, sazinieties ar mums, ja jums ir \u012bpa\u0161as vajadz\u012bbas.<\/p>\n<p>Autors: CX<\/p>","protected":false},"excerpt":{"rendered":"<p>Introducing the 10011 Factory Direct Sale Agriculture Stainless Steel Hydraulic Cylinder: The 10011 Factory Direct Sale Agriculture Stainless Steel Hydraulic Cylinder is a high-quality product designed specifically for agricultural applications. Made from durable stainless steel, this hydraulic cylinder offers superior strength and corrosion resistance, ensuring its reliability in harsh agricultural environments. With its factory direct [&hellip;]<\/p>","protected":false},"featured_media":1127,"comment_status":"closed","ping_status":"closed","template":"","meta":{"_et_pb_use_builder":"","_et_pb_old_content":"","_et_gb_content_width":""},"product_brand":[],"product_cat":[36],"product_tag":[34,38],"class_list":{"0":"post-1019","1":"product","2":"type-product","3":"status-publish","4":"has-post-thumbnail","6":"product_cat-welded-clevis-type-cylinder","7":"product_tag-hydraulic-cylinder","8":"product_tag-welded-clevis-type-cylinder","10":"first","11":"instock","12":"product-type-simple"},"_links":{"self":[{"href":"https:\/\/fmp-components.com\/lv\/wp-json\/wp\/v2\/product\/1019","targetHints":{"allow":["GET"]}}],"collection":[{"href":"https:\/\/fmp-components.com\/lv\/wp-json\/wp\/v2\/product"}],"about":[{"href":"https:\/\/fmp-components.com\/lv\/wp-json\/wp\/v2\/types\/product"}],"replies":[{"embeddable":true,"href":"https:\/\/fmp-components.com\/lv\/wp-json\/wp\/v2\/comments?post=1019"}],"wp:featuredmedia":[{"embeddable":true,"href":"https:\/\/fmp-components.com\/lv\/wp-json\/wp\/v2\/media\/1127"}],"wp:attachment":[{"href":"https:\/\/fmp-components.com\/lv\/wp-json\/wp\/v2\/media?parent=1019"}],"wp:term":[{"taxonomy":"product_brand","embeddable":true,"href":"https:\/\/fmp-components.com\/lv\/wp-json\/wp\/v2\/product_brand?post=1019"},{"taxonomy":"product_cat","embeddable":true,"href":"https:\/\/fmp-components.com\/lv\/wp-json\/wp\/v2\/product_cat?post=1019"},{"taxonomy":"product_tag","embeddable":true,"href":"https:\/\/fmp-components.com\/lv\/wp-json\/wp\/v2\/product_tag?post=1019"}],"curies":[{"name":"wp","href":"https:\/\/api.w.org\/{rel}","templated":true}]}}