{"id":1009,"date":"2024-12-19T06:16:24","date_gmt":"2024-12-19T06:16:24","guid":{"rendered":"https:\/\/fmp-components.com\/product\/10003-high-quality-hydraulic-piston-cylinder-double-acting-stainless-steel-hydraulic-cylinder\/"},"modified":"2025-03-18T00:49:34","modified_gmt":"2025-03-18T00:49:34","slug":"10003-high-quality-hydraulic-piston-cylinder-double-acting-stainless-steel-hydraulic-cylinder","status":"publish","type":"product","link":"https:\/\/fmp-components.com\/lv\/product\/10003-high-quality-hydraulic-piston-cylinder-double-acting-stainless-steel-hydraulic-cylinder\/","title":{"rendered":"10003 Augstas kvalit\u0101tes hidrauliskais virzu\u013ccilindrs Divk\u0101r\u0161as darb\u012bbas ner\u016bs\u0113jo\u0161\u0101 t\u0113rauda hidrauliskais cilindrs"},"content":{"rendered":"<h2>Produkts 10003 Augstas kvalit\u0101tes hidrauliskais virzu\u013ccilindrs Divk\u0101r\u0161as darb\u012bbas ner\u016bs\u0113jo\u0161\u0101 t\u0113rauda hidrauliskais cilindrs<\/h2>\n<p>Produkta apraksts:<br \/>\nProdukts 10003 augstas kvalit\u0101tes hidrauliskais virzu\u013ccilindrs ir moderns hidrauliskais cilindrs, kas paredz\u0113ts uzticamai un efekt\u012bvai darb\u012bbai da\u017e\u0101dos r\u016bpnieciskos pielietojumos. Izgatavots no augstas kvalit\u0101tes ner\u016bs\u0113jo\u0161\u0101 t\u0113rauda, \u200b\u200b\u0161is hidrauliskais cilindrs pied\u0101v\u0101 izcilu iztur\u012bbu un iztur\u012bbu pret koroziju, nodro\u0161inot t\u0101 ilgm\u016b\u017e\u012bbu un optim\u0101lu funkcionalit\u0101ti.<\/p>\n<p>\u0160im hidrauliskajam cilindram ir divk\u0101r\u0161a darb\u012bba, un tas var rad\u012bt sp\u0113ku abos virzienos, nodro\u0161inot prec\u012bzas un kontrol\u0113tas kust\u012bbas. Neatkar\u012bgi no t\u0101, vai j\u0101ce\u013c smagas kravas, j\u0101darbina tehnika vai j\u0101veic citas hidraulisk\u0101s funkcijas, \u0161is cilindrs nodro\u0161ina past\u0101v\u012bgu un jaud\u012bgu veiktsp\u0113ju.<\/p>\n<p>Ar savu virzu\u013cpiedzi\u0146as meh\u0101nismu \u0161is hidrauliskais cilindrs nodro\u0161ina vienm\u0113r\u012bgu un uzticamu darb\u012bbu, samazinot berzi un nodilumu. \u0160\u012b funkcija nodro\u0161ina efekt\u012bvu ener\u0123ijas p\u0101rvadi, samazinot ener\u0123ijas pat\u0113ri\u0146u un palielinot produktivit\u0101ti. Turkl\u0101t ner\u016bs\u0113jo\u0161\u0101 t\u0113rauda konstrukcija uzlabo cilindra iztur\u012bbu pret nodilumu, padarot to piem\u0113rotu pat vispras\u012bg\u0101kaj\u0101m vid\u0113m.<\/p>\n<p>Produkts 10003 augstas kvalit\u0101tes hidrauliskais virzu\u013ccilindrs ir izstr\u0101d\u0101ts, lai atbilstu stingriem kvalit\u0101tes standartiem, nodro\u0161inot t\u0101 uzticam\u012bbu un veiktsp\u0113ju. Tas tiek pak\u013cauts stingr\u0101m test\u0113\u0161anas un p\u0101rbaudes proced\u016br\u0101m, lai garant\u0113tu t\u0101 izcilo kvalit\u0101ti un ilgsto\u0161u veiktsp\u0113ju.<\/p>\n<p><img loading=\"lazy\" decoding=\"async\" class=\"alignnone size-full wp-image-1073\" src=\"https:\/\/fmp-components.com\/wp-content\/uploads\/2024\/12\/Welded-Clevis-Type-Cylinder2.webp\" alt=\"Metin\u0101ts Clevis tipa cilindrs\" width=\"800\" height=\"800\" title=\"\" srcset=\"https:\/\/fmp-components.com\/wp-content\/uploads\/2024\/12\/Welded-Clevis-Type-Cylinder2.webp 800w, https:\/\/fmp-components.com\/wp-content\/uploads\/2024\/12\/Welded-Clevis-Type-Cylinder2-480x480.webp 480w\" sizes=\"(min-width: 0px) and (max-width: 480px) 480px, (min-width: 481px) 800px, 100vw\" \/><\/p>\n<p>Galven\u0101s iez\u012bmes:<br \/>\n\u2013 Izgatavots no augstas kvalit\u0101tes ner\u016bs\u0113jo\u0161\u0101 t\u0113rauda, \u200b\u200blai nodro\u0161in\u0101tu liel\u0101ku iztur\u012bbu un iztur\u012bbu pret koroziju.<br \/>\n\u2013 Divk\u0101r\u0161as darb\u012bbas konstrukcija \u013cauj pielikt sp\u0113ku abos virzienos.<br \/>\n\u2013 Virzu\u013ca piedzi\u0146as meh\u0101nisms nodro\u0161ina vienm\u0113r\u012bgu un uzticamu darb\u012bbu.<br \/>\n\u2013 Efekt\u012bva ener\u0123ijas p\u0101rvade samazina ener\u0123ijas pat\u0113ri\u0146u un palielina produktivit\u0101ti.<br \/>\n\u2013 Piem\u0113rots pras\u012bg\u0101m r\u016bpniecisk\u0101m vid\u0113m.<br \/>\n\u2013 Izstr\u0101d\u0101ts un p\u0101rbaud\u012bts, lai atbilstu stingriem kvalit\u0101tes standartiem.<\/p>\n<p>Nosl\u0113gum\u0101 j\u0101saka, ka Product 10003 augstas kvalit\u0101tes hidrauliskais virzu\u013ccilindrs ir augst\u0101k\u0101s klases hidrauliskais cilindrs, kas pied\u0101v\u0101 izcilu veiktsp\u0113ju, iztur\u012bbu un uzticam\u012bbu. T\u0101 ner\u016bs\u0113jo\u0161\u0101 t\u0113rauda konstrukcija, divk\u0101r\u0161\u0101s darb\u012bbas dizains un virzu\u013cpiedzi\u0146as meh\u0101nisms padara to par ide\u0101lu izv\u0113li pla\u0161am r\u016bpniecisko pielietojumu kl\u0101stam.<\/p>\n<h2>Metin\u0101t\u0101 Clevis tipa cilindra priek\u0161roc\u012bbas<\/h2>\n<p>Metin\u0101ti skavu tipa cilindri ir popul\u0101ra izv\u0113le daudziem r\u016bpnieciskiem lietojumiem, pateicoties to unik\u0101laj\u0101m priek\u0161roc\u012bb\u0101m un ieguvumiem. \u0160eit ir da\u017eas no galvenaj\u0101m metin\u0101to skavu tipa cilindru priek\u0161roc\u012bb\u0101m:<\/p>\n<h3>1. Palielin\u0101ta iztur\u012bba un iztur\u012bba<\/h3>\n<p>Metin\u0101tie skavu tipa cilindri ir izgatavoti ar metin\u0101tu gala v\u0101ci\u0146u, kas nodro\u0161ina liel\u0101ku iztur\u012bbu un ilgm\u016b\u017e\u012bbu sal\u012bdzin\u0101jum\u0101 ar cita veida cilindriem. Tas padara tos ide\u0101li piem\u0113rotus lieljaudas lietojumiem, kuriem nepiecie\u0161ams augsts iztur\u012bbas un ilgm\u016b\u017e\u012bbas l\u012bmenis.<\/p>\n<p>Turkl\u0101t \u0161o cilindru metin\u0101t\u0101 konstrukcija noz\u012bm\u0113, ka tiem ir maz\u0101ka iesp\u0113ja nopl\u016bst vai saboj\u0101ties, kas var pal\u012bdz\u0113t samazin\u0101t d\u012bkst\u0101ves laiku un apkopes izmaksas.<\/p>\n<h3>2. Sp\u0113ja iztur\u0113t augstu spiedienu<\/h3>\n<p>Metin\u0101tie cilindri ar skavu tipa konstrukcij\u0101m sp\u0113j iztur\u0113t ar\u012b augstspiediena pielietojumus, padarot tos par iecien\u012btu izv\u0113li t\u0101d\u0101s nozar\u0113s k\u0101 b\u016bvniec\u012bba, ieguves r\u016bpniec\u012bba, k\u0101 ar\u012b naftas un g\u0101zes ieguve. To sp\u0113ja iztur\u0113t augstu spiedienu nodro\u0161ina uzticamu veiktsp\u0113ju sare\u017e\u0123\u012btos apst\u0101k\u013cos.<\/p>\n<h3>3. Piel\u0101gojams dizains<\/h3>\n<p>Metin\u0101tus skavu tipa cilindrus var piel\u0101got konkr\u0113tai lietojumprogrammai. Tas noz\u012bm\u0113, ka tos var piel\u0101got konkr\u0113tam izm\u0113ram, formai vai veiktsp\u0113jas pras\u012bbai. Piel\u0101gojams dizains nodro\u0161ina ar\u012b liel\u0101ku elast\u012bbu ra\u017eo\u0161anas proces\u0101, kas var ietaup\u012bt izmaksas.<\/p>\n<h3>4. Vienk\u0101r\u0161a uzst\u0101d\u012b\u0161ana<\/h3>\n<p>Metin\u0101tie skavu tipa cilindri ir paredz\u0113ti vienk\u0101r\u0161ai uzst\u0101d\u012b\u0161anai, kas pal\u012bdz samazin\u0101t uzst\u0101d\u012b\u0161anas laiku un darbasp\u0113ka izmaksas. Tie parasti ir iepriek\u0161 samont\u0113ti un gatavi lieto\u0161anai uzreiz p\u0113c iz\u0146em\u0161anas no kastes, kas samazina nepiecie\u0161am\u012bbu p\u0113c papildu deta\u013c\u0101m vai komponentiem.<\/p>\n<h3>5. Uzlabota veiktsp\u0113ja<\/h3>\n<p>Metin\u0101to skavu tipa cilindru konstrukcija nodro\u0161ina uzlabotu veiktsp\u0113ju sal\u012bdzin\u0101jum\u0101 ar cita veida cilindriem. Tie sp\u0113j rad\u012bt liel\u0101ku sp\u0113ku uz spiediena vien\u012bbu, kas var pal\u012bdz\u0113t uzlabot efektivit\u0101ti un produktivit\u0101ti r\u016bpnieciskos lietojumos.<\/p>\n<p>Kopum\u0101 metin\u0101tie cilindri ar skavu pied\u0101v\u0101 virkni priek\u0161roc\u012bbu un ieguvumu, kas padara tos par iecien\u012btu izv\u0113li daudziem r\u016bpnieciskiem lietojumiem. To paaugstin\u0101t\u0101 iztur\u012bba un ilgm\u016b\u017e\u012bba, sp\u0113ja iztur\u0113t augstu spiedienu, piel\u0101gojamais dizains, vienk\u0101r\u0161\u0101 uzst\u0101d\u012b\u0161ana un uzlabot\u0101 veiktsp\u0113ja padara tos par ide\u0101lu izv\u0113li pras\u012bg\u0101m vid\u0113m, kur uzticam\u012bba un veiktsp\u0113ja ir \u013coti svar\u012bgas.<\/p>\n<p><img decoding=\"async\" src=\"https:\/\/hzpt.com\/wp-content\/uploads\/2023\/12\/insert-2.webp\" alt=\"\" title=\"\"><\/p>\n<h2>Metin\u0101t\u0101 Clevis tipa cilindra pielietojums<\/h2>\n<ul>\n<li><strong>R\u016bpniecisk\u0101s iek\u0101rtas:<\/strong> Metin\u0101tie skavu tipa cilindri tiek pla\u0161i izmantoti da\u017e\u0101d\u0101s r\u016bpniecisk\u0101s iek\u0101rt\u0101s lieljaudas lietojumiem. \u0160ie cilindri sp\u0113j rad\u012bt lielu sp\u0113ku deta\u013cu pacel\u0161anai un pres\u0113\u0161anai iek\u0101rt\u0101s. Metin\u0101t\u0101 skavu konstrukcija nodro\u0161ina vienk\u0101r\u0161u uzst\u0101d\u012b\u0161anu un efekt\u012bvu darb\u012bbu, padarot to par iecien\u012btu izv\u0113li ra\u017eot\u0101ju vid\u016b.\n<ul>\n<li>Ra\u017eo\u0161anas nozar\u0113 metin\u0101tos Clevis tipa cilindrus izmanto hidrauliskaj\u0101s pres\u0113s, iesmidzin\u0101\u0161anas form\u0113\u0161anas ma\u0161\u012bn\u0101s un met\u0101la \u0161tanc\u0113\u0161anas iek\u0101rt\u0101s, lai nodro\u0161in\u0101tu nepiecie\u0161amo sp\u0113ku met\u0101la loks\u0146u form\u0113\u0161anai un veido\u0161anai.<\/li>\n<li>Automobi\u013cu r\u016bpniec\u012bb\u0101 \u0161ie cilindri tiek izmantoti automa\u0161\u012bnu domkratos, pac\u0113l\u0101jos un mont\u0101\u017eas ma\u0161\u012bn\u0101s, lai ra\u017eo\u0161anas proces\u0101 paceltu smagas deta\u013cas.<\/li>\n<li>B\u016bvniec\u012bbas nozar\u0113 metin\u0101tos Clevis tipa cilindrus izmanto celt\u0146os, ekskavatoros un buldozeros, lai darbin\u0101tu hidraulisk\u0101s sist\u0113mas, kas pace\u013c un p\u0101rvieto smagas kravas.<\/li>\n<\/ul>\n<\/li>\n<li><strong>Lauksaimniec\u012bbas tehnika:<\/strong> Lauksaimniec\u012bbas tehnika ir viena no svar\u012bg\u0101kaj\u0101m jom\u0101m, kur tiek izmantoti metin\u0101tie skavu tipa cilindri. \u0160ie cilindri tiek izmantoti da\u017e\u0101d\u0101s lauksaimniec\u012bbas tehnik\u0101, tostarp traktoros, kombainos un arklos, lai nodro\u0161in\u0101tu nepiecie\u0161amo sp\u0113ku augsnes sagatavo\u0161anai, st\u0101d\u012b\u0161anai un ra\u017eas nov\u0101k\u0161anai.\n<ul>\n<li>Lauksaimniec\u012bbas nozar\u0113 metin\u0101tos skavas tipa cilindrus izmanto arklos, kultivatoros un s\u0113jma\u0161\u012bn\u0101s, lai nodro\u0161in\u0101tu nepiecie\u0161amo sp\u0113ku augsnes sagatavo\u0161anai un s\u0113klu s\u0113\u0161anai.<\/li>\n<li>Ra\u017eas nov\u0101k\u0161anas nozar\u0113 \u0161ie cilindri tiek izmantoti kombainos, pres\u0113s un p\u013caujma\u0161\u012bn\u0101s, lai darbin\u0101tu hidraulisk\u0101s sist\u0113mas, kas sav\u0101c un transport\u0113 kult\u016braugus.<\/li>\n<\/ul>\n<\/li>\n<li><strong>Avi\u0101cija un aizsardz\u012bba:<\/strong> Metin\u0101tie Clevis tipa cilindri tiek izmantoti ar\u012b avi\u0101cijas un kosmosa un aizsardz\u012bbas nozar\u0113, kur tos pla\u0161i izmanto lidma\u0161\u012bn\u0101s, ra\u0137et\u0113s, ra\u0137et\u0113s un aizsardz\u012bbas sist\u0113m\u0101s.\n<ul>\n<li>Kosmosa avi\u0101cijas un kosmosa r\u016bpniec\u012bb\u0101 metin\u0101tos skavas tipa cilindrus izmanto lidma\u0161\u012bnu nolai\u0161an\u0101s meh\u0101nismos, atlokos un bremz\u0113s, lai nodro\u0161in\u0101tu nepiecie\u0161amo sp\u0113ku pacel\u0161an\u0101s un nolai\u0161an\u0101s laik\u0101.<\/li>\n<li>Aizsardz\u012bbas nozar\u0113 \u0161ie cilindri tiek izmantoti ra\u0137e\u0161u palai\u0161anas iek\u0101rt\u0101s, iero\u010du tor\u0146os un tanku sist\u0113m\u0101s, lai darbin\u0101tu hidraulisk\u0101s sist\u0113mas, kas kontrol\u0113 iero\u010du un mun\u012bcijas kust\u012bbu.<\/li>\n<\/ul>\n<\/li>\n<li><strong>J\u016bras r\u016bpniec\u012bba:<\/strong> Metin\u0101tie Clevis tipa cilindri tiek pla\u0161i izmantoti ar\u012b j\u016bras r\u016bpniec\u012bb\u0101, kur tos izmanto da\u017e\u0101dos ku\u0123os, laiv\u0101s un zem\u016bdens transportl\u012bdzek\u013cos.\n<ul>\n<li>Ku\u0123niec\u012bbas nozar\u0113 metin\u0101tos skavas tipa cilindrus izmanto celt\u0146os, vin\u010d\u0101s un kravu apstr\u0101des iek\u0101rt\u0101s, lai nodro\u0161in\u0101tu nepiecie\u0161amo sp\u0113ku kravas iekrau\u0161anai un izkrau\u0161anai.<\/li>\n<li>Laivu nozar\u0113 \u0161ie cilindri tiek izmantoti st\u016bres sist\u0113m\u0101s, propelleros un enkuru sist\u0113m\u0101s, lai nodro\u0161in\u0101tu nepiecie\u0161amo sp\u0113ku laivu un ku\u0123u kust\u012bbas kontrolei.<\/li>\n<li>Zem\u016bdens transportl\u012bdzek\u013cu nozar\u0113 metin\u0101tos skavu tipa cilindrus izmanto zem\u016bden\u0113s, att\u0101lin\u0101ti vad\u0101mos transportl\u012bdzek\u013cos (ROV) un nir\u0161anas apr\u012bkojum\u0101, lai nodro\u0161in\u0101tu nepiecie\u0161amo sp\u0113ku zem\u016bdens darb\u012bb\u0101m.<\/li>\n<\/ul>\n<\/li>\n<li><strong>Kalnr\u016bpniec\u012bbas nozare:<\/strong> Metin\u0101tie Clevis tipa cilindri tiek izmantoti ar\u012b kalnr\u016bpniec\u012bbas nozar\u0113, kur tos izmanto da\u017e\u0101dos pielietojumos miner\u0101lu ieguvei un materi\u0101lu apstr\u0101dei.\n<ul>\n<li>Kalnr\u016bpniec\u012bbas nozar\u0113 metin\u0101tie Clevis tipa cilindri tiek izmantoti konveijeru sist\u0113m\u0101s, urb\u0161anas iek\u0101rt\u0101s un hidrauliskaj\u0101s l\u0101pst\u0101s, lai nodro\u0161in\u0101tu nepiecie\u0161amo sp\u0113ku miner\u0101lu un materi\u0101lu ieguvei no raktuv\u0113m un karjeriem.<\/li>\n<\/ul>\n<\/li>\n<\/ul>\n<h2>Par FMP<\/h2>\n<p>It\u0101lij\u0101 b\u0101z\u0113tais uz\u0146\u0113mums FMP ir l\u012bderis It\u0101lijas mobilo iek\u0101rtu tirgus hidraulisko cilindru segment\u0101. M\u016bsu produktu kl\u0101st\u0101 ietilpst hidrauliskie sl\u012bpuma cilindri, hidrauliskie st\u016bres cilindri un hidrauliskie pacel\u0161anas cilindri. Ar 200\u00a0000 komplektu ra\u017eo\u0161anas jaudu mums ir 300 da\u017e\u0101du piln\u012bb\u0101 autom\u0101tisku CNC ra\u017eo\u0161anas iek\u0101rtu un piln\u012bb\u0101 autom\u0101tisku hidraulisko cilindru mont\u0101\u017eas iek\u0101rtu komplekti.<\/p>\n<p>\u0160\u012b raksta nosl\u0113gum\u0101 m\u0113s v\u0113lamies izcelt FMP produktu kvalit\u0101ti, m\u016bsu konkur\u0113tsp\u0113j\u012bg\u0101s cenas un lielisko servisu. Papildus min\u0113tajiem produktiem m\u0113s pieg\u0101d\u0101jam ar\u012b pac\u0113l\u0101ju darba platformu cilindrus, r\u016bpniecisko transportl\u012bdzek\u013cu hidrauliskos cilindrus, rot\u0101cijas urb\u0161anas platformu cilindrus, kravas automa\u0161\u012bnu celt\u0146u cilindrus, celtniec\u012bbas tehnikas hidrauliskos cilindrus, <b>Iekr\u0101v\u0113ja hidrauliskie cilindri<\/b>, raktuvju pa\u0161izg\u0101z\u0113ju cilindri un sanit\u0101rijas iek\u0101rtu hidrauliskie cilindri. M\u0113s aicin\u0101m klientus piel\u0101got savus pas\u016bt\u012bjumus, pamatojoties uz vi\u0146u ras\u0113jumiem vai paraugiem.<\/p>\n<p><img decoding=\"async\" src=\"https:\/\/hzpt.com\/wp-content\/uploads\/2023\/12\/insert-5.webp\" alt=\"FMP r\u016bpn\u012bca\" title=\"\"><\/p>\n<p>Autors: CX<\/p>","protected":false},"excerpt":{"rendered":"<p>Product 10003 High Quality Hydraulic Piston Cylinder Double Acting Stainless Steel Hydraulic Cylinder Product Description: The Product 10003 High Quality Hydraulic Piston Cylinder is a cutting-edge hydraulic cylinder designed for reliable and efficient performance in various industrial applications. Made from high-quality stainless steel, this hydraulic cylinder offers exceptional durability and corrosion resistance, ensuring its longevity [&hellip;]<\/p>","protected":false},"featured_media":1126,"comment_status":"closed","ping_status":"closed","template":"","meta":{"_et_pb_use_builder":"","_et_pb_old_content":"","_et_gb_content_width":""},"product_brand":[],"product_cat":[36],"product_tag":[34,38],"class_list":{"0":"post-1009","1":"product","2":"type-product","3":"status-publish","4":"has-post-thumbnail","6":"product_cat-welded-clevis-type-cylinder","7":"product_tag-hydraulic-cylinder","8":"product_tag-welded-clevis-type-cylinder","10":"first","11":"instock","12":"product-type-simple"},"_links":{"self":[{"href":"https:\/\/fmp-components.com\/lv\/wp-json\/wp\/v2\/product\/1009","targetHints":{"allow":["GET"]}}],"collection":[{"href":"https:\/\/fmp-components.com\/lv\/wp-json\/wp\/v2\/product"}],"about":[{"href":"https:\/\/fmp-components.com\/lv\/wp-json\/wp\/v2\/types\/product"}],"replies":[{"embeddable":true,"href":"https:\/\/fmp-components.com\/lv\/wp-json\/wp\/v2\/comments?post=1009"}],"wp:featuredmedia":[{"embeddable":true,"href":"https:\/\/fmp-components.com\/lv\/wp-json\/wp\/v2\/media\/1126"}],"wp:attachment":[{"href":"https:\/\/fmp-components.com\/lv\/wp-json\/wp\/v2\/media?parent=1009"}],"wp:term":[{"taxonomy":"product_brand","embeddable":true,"href":"https:\/\/fmp-components.com\/lv\/wp-json\/wp\/v2\/product_brand?post=1009"},{"taxonomy":"product_cat","embeddable":true,"href":"https:\/\/fmp-components.com\/lv\/wp-json\/wp\/v2\/product_cat?post=1009"},{"taxonomy":"product_tag","embeddable":true,"href":"https:\/\/fmp-components.com\/lv\/wp-json\/wp\/v2\/product_tag?post=1009"}],"curies":[{"name":"wp","href":"https:\/\/api.w.org\/{rel}","templated":true}]}}