{"id":838,"date":"2024-12-18T08:38:14","date_gmt":"2024-12-18T08:38:14","guid":{"rendered":"https:\/\/fmp-components.com\/?page_id=8"},"modified":"2025-03-07T08:50:50","modified_gmt":"2025-03-07T08:50:50","slug":"electric-motors","status":"publish","type":"page","link":"https:\/\/fmp-components.com\/lv\/electric-motors\/","title":{"rendered":"Elektromotori"},"content":{"rendered":"<p>[et_pb_section fb_built=\u201d1\u2033 _builder_version=\u201d4.27.4\u2033 _module_preset=\u201ddefault\u201d use_background_color_gradient=\u201don\u201d background_color_gradient_stops=\u201drgba(8,40,9,0.19) 0%|rgba(8,40,9,0.33) 100%\u201d background_color_gradient_overlays_image=\u201don\u201d background_image=\u201dhttps:\/\/fmp-components.com\/wp-content\/uploads\/2024\/12\/Electric-Motor-Banner.webp\u201d min_height=\u201d637px\u201d global_colors_info=\u201d{}\u201d][et_pb_row _builder_version=\u201d4.27.4\u2033 _module_preset=\u201ddefault\u201d custom_padding=\u201d81px|||||\u201d] global_colors_info=\u201d{}\u201d][et_pb_column type=\u201d4_4\u2033 _builder_version=\u201d4.27.4\u2033 _module_preset=\u201dnoklus\u0113juma\u201d global_colors_info=\u201d{}\u201d][et_pb_text _builder_version=\u201d4.27.4\u2033 _module_preset=\u201dnoklus\u0113juma\u201d header_font=\u201dFrank Ruhl Libre|500|||||||\u201d header_text_align=\u201dcentr\u0101\u201d header_text_color=\u201d#FFFFFF\u201d header_font_size=\u201d65px\u201d header_text_shadow_style=\u201dpreset1\u2033 global_colors_info=\u201d{}\u201d]<\/p>\n<h1>Elektromotors<\/h1>\n<p>[\/et_pb_text][\/et_pb_column][\/et_pb_row][et_pb_row _builder_version=\u201d4.27.4\u2033 _module_preset=\u201dnoklus\u0113juma\u201d global_colors_info=\u201d{}\u201d][et_pb_column type=\u201d4_4\u2033 _builder_version=\u201d4.27.4\u2033 _module_preset=\u201dnoklus\u0113juma\u201d global_colors_info=\u201d{}\u201d][et_pb_text _builder_version=\u201d4.27.4\u2033 _module_preset=\u201dnoklus\u0113juma\u201d text_text_color=\u201d#FFFFFF\u201d text_font_size=\u201d16px\u201d text_line_height=\u201d1.8em\u201d text_text_shadow_style=\u201dpreset4\u2033 global_colors_info=\u201d{}\u201d]<\/p>\n<p>Elektromotors ir daudzpus\u012bga ier\u012bce, kas p\u0101rveido elektrisko ener\u0123iju meh\u0101niskaj\u0101 ener\u0123ij\u0101, darbinot pla\u0161u lietojumu kl\u0101stu, s\u0101kot no sadz\u012bves tehnikas l\u012bdz r\u016bpniecisk\u0101m iek\u0101rt\u0101m. \u0160ie motori ir paz\u012bstami ar savu efektivit\u0101ti, uzticam\u012bbu un lieto\u0161anas \u0113rtumu, padarot tos par b\u016btisk\u0101m sast\u0101vda\u013c\u0101m da\u017e\u0101d\u0101s nozar\u0113s.<\/p>\n<p>FMP pied\u0101v\u0101 pla\u0161u elektromotoru kl\u0101stu, tostarp mai\u0146str\u0101vas motorus, l\u012bdzstr\u0101vas motorus un so\u013cu motorus, kas piel\u0101goti j\u016bsu \u012bpa\u0161aj\u0101m vajadz\u012bb\u0101m. M\u0113s pie\u0146emam ar\u012b individu\u0101lus pas\u016bt\u012bjumus, lai nodro\u0161in\u0101tu, ka sa\u0146emat perfektu motoru savam pielietojumam. Neatkar\u012bgi no t\u0101, vai jums nepiecie\u0161ami standarta mode\u013ci vai specializ\u0113ti risin\u0101jumi, FMP nodro\u0161in\u0101s augstas kvalit\u0101tes elektromotorus, kas atbilst j\u016bsu pras\u012bb\u0101m.<\/p>\n<p>[\/et_pb_text][\/et_pb_column][\/et_pb_row][\/et_pb_section][et_pb_section fb_built=\u201d1\u2033 _builder_version=\u201d4.27.4\u2033 _module_preset=\u201dnoklus\u0113juma\u201d global_colors_info=\u201d{}\u201d][et_pb_row _builder_version=\u201d4.27.4\u2033 _module_preset=\u201dnoklus\u0113juma\u201d global_colors_info=\u201d{}\u201d][et_pb_column type=\u201d4_4\u2033 _builder_version=\u201d4.27.4\u2033 _module_preset=\u201dnoklus\u0113juma\u201d global_colors_info=\u201d{}\u201d][et_pb_text _builder_version=\u201d4.27.4\u2033 _module_preset=\u201dnoklus\u0113juma\u201d header_2_font=\u201dFrank Ruhl Libre||||||||\u201d header_2_text_align=\u201dcentrs\u201d header_2_font_size=\u201d40px\u201d hover_enabled=\u201d0\u201d global_colors_info=\u201d{}\u201d sticky_enabled=\u201d0\u201d]<\/p>\n<h2>Elektromotors<\/h2>\n<p>[\/et_pb_text][\/et_pb_column][\/et_pb_row][et_pb_row column_structure=\u201d1_3,1_3,1_3\u2033 _builder_version=\u201d4.27.4\u2033 _module_preset=\u201ddefault\u201d global_colors_info=\u201d{}\u201d][et_pb_column type=\u201d1_3\u2033 _builder_version=\u201d4.27.4\u2033 _module_preset=\u201ddefault\u201d global_colors_info=\u201d{}\u201d][et_pb_image src=\u201dhttps:\/\/fmp-components.com\/wp-content\/uploads\/2024\/12\/DC-Direct-Current-Motors.webp\u201d alt=\u201dL\u012bdzstr\u0101vas (l\u012bdzstr\u0101vas) motori\u201d title_text=\u201dL\u012bdzstr\u0101vas (l\u012bdzstr\u0101vas) motori\u201d _builder_version=\u201d4.27.4\u2033 _module_preset=\u201ddefault\u201d global_colors_info=\u201d{}\u201d][\/et_pb_image][et_pb_toggle title=\u201dL\u012bdzstr\u0101vas (DC) motori\u201d _builder_version=\u201d4.27.4\u2033 _module_preset=\u201dnoklus\u0113juma\u201d global_colors_info=\u201d{}\u201d]<\/p>\n<ul>\n<li><a href=\"https:\/\/fmp-components.com\/lv\/product\/italy-supplier-mini-dc-motor-tgp01d-a130-plastic-gearbox-plus-a130\/\">Mini l\u012bdzstr\u0101vas motors TGP01D-A130 plastmasas p\u0101rnesumk\u0101rba Plus A130d<\/a><\/li>\n<li><a href=\"https:\/\/fmp-components.com\/lv\/product\/plastic-gearbox-mini-geared-motor-tgp01s-a130\/\">Plastmasas p\u0101rnesumk\u0101rbas mini reduktora motors TGP01S-A130<\/a><\/li>\n<li><a href=\"https:\/\/fmp-components.com\/lv\/product\/plastic-gearbox-motor-tgp02d-a130-for-toy-robot-remote-control-toy-cars\/\">Plastmasas p\u0101rnesumk\u0101rbas motors TGP02D-A130 rota\u013cu robotu t\u0101lvad\u012bbas rota\u013cu automa\u0161\u012bn\u0101m<\/a><\/li>\n<li><a href=\"https:\/\/fmp-components.com\/lv\/product\/low-noise-basic-dc-toy-motor-for-toy-car-tgp02s-a130\/\">Zema trok\u0161\u0146a l\u012bme\u0146a pamata l\u012bdzstr\u0101vas rota\u013cu motors rota\u013cu automa\u0161\u012bnai TGP02S-A130<\/a><\/li>\n<li><a href=\"https:\/\/fmp-components.com\/lv\/product\/zy-jb-dc-gear-motor-series\/\">ZY\/JB l\u012bdzstr\u0101vas p\u0101rnesumu motoru s\u0113rija<\/a><\/li>\n<li><a href=\"https:\/\/fmp-components.com\/lv\/product\/yyyn-jb-gear-reducer-single-three-phase-motor-series\/\">YY(YN)\/JB p\u0101rnesumu reduktora motora s\u0113rija<\/a><\/li>\n<\/ul>\n<p>[\/et_pb_toggle][\/et_pb_column][et_pb_column type=\u201d1_3\u2033 _builder_version=\u201d4.27.4\u2033 _module_preset=\u201ddefault\u201d global_colors_info=\u201d{}\u201d][et_pb_image src=\u201dhttps:\/\/fmp-components.com\/wp-content\/uploads\/2024\/12\/Asynchronous-Motors.webp\u201d alt=\u201dAsinhronie motori\u201d title_text=\u201dAsinhronie motori\u201d _builder_version=\u201d4.27.4\u2033 _module_preset=\u201ddefault\u201d global_colors_info=\u201d{}\u201d][\/et_pb_image][et_pb_toggle title=\u201dMai\u0146str\u0101vas motori - asinhronie motori\u201d _builder_version=\u201d4.27.4\u2033 _module_preset=\u201ddefault\u201d glob\u0101l\u0101s_kr\u0101sas_inform\u0101cija=\u201d{}\u201d]<\/p>\n<ul>\n<li><a href=\"https:\/\/fmp-components.com\/lv\/product\/y-series-high-efficiency-three-phase-asynchronous-electric-motor\/\">Y s\u0113rijas tr\u012bsf\u0101\u017eu asinhronais elektromotors<\/a><\/li>\n<li><a href=\"https:\/\/fmp-components.com\/lv\/product\/y2-series-cast-iron-housing-three-phase-asynchronous-electric-motor\/\">Y2 s\u0113rijas tr\u012bsf\u0101\u017eu asinhronais elektromotors<\/a><\/li>\n<li><a href=\"https:\/\/fmp-components.com\/lv\/product\/y3-series-low-voltage-high-power-three-phase-asynchronous-electric-motor\/\">Y3 s\u0113rijas tr\u012bsf\u0101\u017eu asinhronais motors<\/a><\/li>\n<li><a href=\"https:\/\/fmp-components.com\/lv\/product\/ys-series-electric-motor\/\">YS s\u0113rijas mazjaudas tr\u012bsf\u0101\u017eu asinhronais motors<\/a><\/li>\n<li><a href=\"https:\/\/fmp-components.com\/lv\/product\/nema-standard-premium-efficiency-three-phase-induction-electric-motor\/\">NEMA standarta augstas efektivit\u0101tes tr\u012bsf\u0101\u017eu indukcijas motori<\/a><\/li>\n<li><a href=\"https:\/\/fmp-components.com\/lv\/product\/yd-series-pole-changing-multi-speed-three-phase-asynchronous-electric-motor\/\">YD s\u0113rijas polu maino\u0161s daudzpak\u0101pju tr\u012bsf\u0101\u017eu asinhronais elektromotors<\/a><\/li>\n<li><a href=\"https:\/\/fmp-components.com\/lv\/product\/ydt-series-three-phase-consequent-poles-asynchronous-motor-for-fan-and-pump\/\">YDT s\u0113rijas mai\u0146as pola daudzpak\u0101pju tr\u012bsf\u0101\u017eu asinhronais motors ventilatoram un s\u016bknim<\/a><\/li>\n<li><a href=\"https:\/\/fmp-components.com\/lv\/product\/yej-series-electromagnetic-braking-three-phase-asynchronous-motor\/\">YEJ s\u0113rijas elektromagn\u0113tisk\u0101s bremz\u0113\u0161anas tr\u012bsf\u0101\u017eu asinhronais motors<\/a><\/li>\n<li><a href=\"https:\/\/fmp-components.com\/lv\/product\/yvf2-series-frequency-variable-speed-regulation-three-phase-asynchronous-motor\/\">YVF2 s\u0113rijas frekvences main\u012bga \u0101truma regul\u0113\u0161anas tr\u012bsf\u0101\u017eu asinhronais motors<\/a><\/li>\n<li><a href=\"https:\/\/fmp-components.com\/lv\/product\/yb2-series-explosion-proof-three-phase-asynchronous-motor\/\">YB s\u0113rijas spr\u0101dziendro\u0161s tr\u012bsf\u0101\u017eu asinhronais motors<\/a><\/li>\n<li><a href=\"https:\/\/fmp-components.com\/lv\/product\/yc-series-heavy-duty-capacitors-start-single-phase-induction-motor\/\">YC YL s\u0113rijas vienf\u0101zes asinhronie indukcijas motori<\/a><\/li>\n<\/ul>\n<p>[\/et_pb_toggle][\/et_pb_column][et_pb_column type=\u201d1_3\u2033 _builder_version=\u201d4.27.4\u2033 _module_preset=\u201ddefault\u201d global_colors_info=\u201d{}\u201d][et_pb_image src=\u201dhttps:\/\/fmp-components.com\/wp-content\/uploads\/2024\/12\/Brake-Motors.webp\u201d alt=\u201dBrem\u017eu motori\u201d title_text=\u201dBrem\u017eu motori\u201d _builder_version=\u201d4.27.4\u2033 _module_preset=\u201ddefault\u201d global_colors_info=\u201d{}\u201d][\/et_pb_image][et_pb_toggle title=\u201dBrem\u017eu motori\u201d _builder_version=\u201d4.27.4\u2033 _module_preset=\u201ddefault\u201d global_colors_info=\u201d{}\u201d]<\/p>\n<ul>\n<li><a href=\"https:\/\/fmp-components.com\/lv\/product\/yej-series-electromagnetic-braking-three-phase-asynchronous-motor\/\">YEJ s\u0113rijas elektromagn\u0113tisk\u0101s bremz\u0113\u0161anas tr\u012bsf\u0101\u017eu asinhronais motors<\/a><\/li>\n<li><a href=\"https:\/\/fmp-components.com\/lv\/product\/yej2-series-electromagnetic-braking-three-phase-asynchronous-motor\/\">YEJ2 s\u0113rijas elektromagn\u0113tisk\u0101s bremz\u0113\u0161anas tr\u012bsf\u0101\u017eu asinhronais motors<\/a><\/li>\n<li><a href=\"https:\/\/fmp-components.com\/lv\/product\/yeja-series-ac-electromagnetic-brake-three-phase-asynchronous-motor\/\">YEJA s\u0113rijas mai\u0146str\u0101vas elektromagn\u0113tisk\u0101s bremzes tr\u012bsf\u0101\u017eu asinhronais motors<\/a><\/li>\n<\/ul>\n<p>[\/et_pb_toggle][\/et_pb_column][\/et_pb_row][et_pb_row column_structure=\u201d1_3,1_3,1_3\u2033 _builder_version=\u201d4.27.4\u2033 _module_preset=\u201ddefault\u201d global_colors_info=\u201d{}\u201d][et_pb_column type=\u201d1_3\u2033 _builder_version=\u201d4.27.4\u2033 _module_preset=\u201ddefault\u201d global_colors_info=\u201d{}\u201d][et_pb_image src=\u201dhttps:\/\/fmp-components.com\/wp-content\/uploads\/2024\/12\/Stainless-Steel-Motors.webp\u201d alt=\u201dNer\u016bs\u0113jo\u0161\u0101 t\u0113rauda motori\u201d title_text=\u201dNer\u016bs\u0113jo\u0161\u0101 t\u0113rauda motori\u201d _builder_version=\u201d4.27.4\u2033 _module_preset=\u201ddefault\u201d global_colors_info=\u201d{}\u201d][\/et_pb_image][et_pb_toggle title=\u201dNer\u016bs\u0113jo\u0161\u0101 t\u0113rauda motori\u201d _builder_version=\u201d4.27.4\u2033 _module_preset=\u201ddefault\u201d global_colors_info=\u201d{}\u201d]<\/p>\n<ul>\n<li><a href=\"https:\/\/fmp-components.com\/lv\/product\/nema-stainless-steel-stepper-motor-with-double-capacitor\/\">NEMA ner\u016bs\u0113jo\u0161\u0101 t\u0113rauda so\u013cu motors ar dubultu kondensatoru<\/a><\/li>\n<li><a href=\"https:\/\/fmp-components.com\/lv\/product\/tefc-stainless-steel-nema-washdown-electric-motor\/\">TEFC ner\u016bs\u0113jo\u0161\u0101 t\u0113rauda NEMA mazg\u0101jamais elektromotors<\/a><\/li>\n<li><a href=\"https:\/\/fmp-components.com\/lv\/product\/tenv-stainless-steel-washdown-nema-motor-with-single-capacitor\/\">TENV ner\u016bs\u0113jo\u0161\u0101 t\u0113rauda mazg\u0101jams NEMA motors ar vienu kondensatoru<\/a><\/li>\n<li><a href=\"https:\/\/fmp-components.com\/lv\/product\/tefc-nema-stainless-steel-motor\/\">TEFC NEMA ner\u016bs\u0113jo\u0161\u0101 t\u0113rauda motors<\/a><\/li>\n<li><a href=\"https:\/\/fmp-components.com\/lv\/product\/ip67-waterproof-nema-stainless-steel-motor-tenv\/\">IP67 \u016bdensiztur\u012bgs NEMA ner\u016bs\u0113jo\u0161\u0101 t\u0113rauda motors TENV<\/a><\/li>\n<li><a href=\"https:\/\/fmp-components.com\/lv\/product\/b5-flange-mounted-stainless-steel-motor-tefc-for-food-machinery\/\">B5 uz atloka mont\u0113jams ner\u016bs\u0113jo\u0161\u0101 t\u0113rauda motors - TEFC p\u0101rtikas ma\u0161\u012bn\u0101m<\/a><\/li>\n<li><a href=\"https:\/\/fmp-components.com\/lv\/product\/b14-face-mounted-stainless-steel-motor-tefc\/\">B14 uz sejas mont\u0113jams ner\u016bs\u0113jo\u0161\u0101 t\u0113rauda motors TEFC<\/a><\/li>\n<li><a href=\"https:\/\/fmp-components.com\/lv\/product\/iec-stainless-steel-motor-b3-foot-mounted-tefc\/\">IEC ner\u016bs\u0113jo\u0161\u0101 t\u0113rauda motors B3, uzst\u0101d\u012bts uz p\u0113das, TEFC<\/a><\/li>\n<li><a href=\"https:\/\/fmp-components.com\/lv\/product\/iec-motor-b5t-flange-mounted-stainless-steel-motor-tenv-replacement-of-sew-motor\/\">IEC motors B5T uz atloka mont\u0113jams ner\u016bs\u0113jo\u0161\u0101 t\u0113rauda motors TENV SEW motora nomai\u0146a<\/a><\/li>\n<li><a href=\"https:\/\/fmp-components.com\/lv\/product\/iec-b5-flange-mounted-stainless-steel-motor-tenv\/\">IEC B5 uz atloka mont\u0113jams ner\u016bs\u0113jo\u0161\u0101 t\u0113rauda motors -TENV<\/a><\/li>\n<li><a href=\"https:\/\/fmp-components.com\/lv\/product\/iec-b14-face-mounted-stainless-steel-motor-tenv\/\">IEC B14 uz sejas mont\u0113jams ner\u016bs\u0113jo\u0161\u0101 t\u0113rauda motors -TENV<\/a><\/li>\n<li><a href=\"https:\/\/fmp-components.com\/lv\/product\/iec-stainless-steel-motor-b3-foot-mounted-tenv\/\">IEC ner\u016bs\u0113jo\u0161\u0101 t\u0113rauda motors B3, mont\u0113jams uz p\u0113das - TENV<\/a><\/li>\n<\/ul>\n<p>[\/et_pb_toggle][\/et_pb_column][et_pb_column type=\u201d1_3\u2033 _builder_version=\u201d4.27.4\u2033 _module_preset=\u201ddefault\u201d global_colors_info=\u201d{}\u201d][et_pb_image src=\u201dhttps:\/\/fmp-components.com\/wp-content\/uploads\/2024\/12\/Spindle-Motors.webp\u201d alt=\u201dV\u0101rpstas motori\u201d title_text=\u201dV\u0101rpstas motori\u201d _builder_version=\u201d4.27.4\u2033 _module_preset=\u201ddefault\u201d global_colors_info=\u201d{}\u201d][\/et_pb_image][et_pb_toggle title=\u201dV\u0101rpstas motori\u201d _builder_version=\u201d4.27.4\u2033 _module_preset=\u201ddefault\u201d global_colors_info=\u201d{}\u201d]<\/p>\n<ul>\n<li><a href=\"https:\/\/fmp-components.com\/lv\/product\/pneumatic-unclamp-cylinder\/\">Pneimatiskais atskr\u016bv\u0113\u0161anas cilindrs<\/a><\/li>\n<li><a href=\"https:\/\/fmp-components.com\/lv\/product\/electrical-spindle-for-special-usage\/\">Elektrisk\u0101 v\u0101rpsta \u012bpa\u0161am lietojumam<\/a><\/li>\n<li><a href=\"https:\/\/fmp-components.com\/lv\/product\/spindle-motor-used-for-lathe-jszd150t-jszd110j\/\">V\u0101rpstas motors, ko izmanto virpai JSZD150T JSZD110J<\/a><\/li>\n<li><a href=\"https:\/\/fmp-components.com\/lv\/product\/spindle-motor-used-for-lathe-jszd150h\/\">V\u0101rpstas motors, ko izmanto virpai JSZD280<\/a><\/li>\n<li><a href=\"https:\/\/fmp-components.com\/lv\/product\/spindle-motor-used-for-lathe-jszd150h\/\">V\u0101rpstas motors, ko izmanto virpai JSZD150H<\/a><\/li>\n<li><a href=\"https:\/\/fmp-components.com\/lv\/product\/spindle-motor-used-for-cnc-spindle-jszd320\/\">V\u0101rpstas motors, ko izmanto CNC v\u0101rpstai JSZD320<\/a><\/li>\n<li><a href=\"https:\/\/fmp-components.com\/lv\/product\/spindle-motor-used-for-cnc-spindle-jszd240\/\">V\u0101rpstas motors, ko izmanto CNC v\u0101rpstai JSZD240<\/a><\/li>\n<li><a href=\"https:\/\/fmp-components.com\/lv\/product\/spindle-motor-used-for-cnc-spindle-jszd280a\/\">V\u0101rpstas motors, ko izmanto CNC v\u0101rpstai JSZD280A<\/a><\/li>\n<li><a href=\"https:\/\/fmp-components.com\/lv\/product\/spindle-motor-used-for-cnc-spindle-jszd220\/\">V\u0101rpstas motors, ko izmanto CNC v\u0101rpstai JSZD220<\/a><\/li>\n<li><a href=\"https:\/\/fmp-components.com\/lv\/product\/spindle-motor-used-for-cnc-spindle-jszd202\/\">V\u0101rpstas motors, ko izmanto CNC v\u0101rpstai JSZD202<\/a><\/li>\n<li><a href=\"https:\/\/fmp-components.com\/lv\/product\/spindle-motor-used-for-cnc-spindle-jszd170c\/\">V\u0101rpstas motors, ko izmanto CNC v\u0101rpstai JSZD170C<\/a><\/li>\n<li><a href=\"https:\/\/fmp-components.com\/lv\/product\/spindle-motor-used-for-cnc-spindle-jszd150c\/\">V\u0101rpstas motors, ko izmanto CNC v\u0101rpstai JSZD150C<\/a><\/li>\n<li><a href=\"https:\/\/fmp-components.com\/lv\/product\/spindle-motor-used-for-grinding-spindle\/\">V\u0101rpstas motors, ko izmanto v\u0101rpstas sl\u012bp\u0113\u0161anai<\/a><\/li>\n<li><a href=\"https:\/\/fmp-components.com\/lv\/product\/spindle-motor-used-for-engraving-and-milling\/\">V\u0101rpstas motors, ko izmanto grav\u0113\u0161anai un fr\u0113z\u0113\u0161anai<\/a><\/li>\n<\/ul>\n<p>[\/et_pb_toggle][\/et_pb_column][et_pb_column type=\u201d1_3\u2033 _builder_version=\u201d4.27.4\u2033 _module_preset=\u201ddefault\u201d global_colors_info=\u201d{}\u201d][et_pb_image src=\u201dhttps:\/\/fmp-components.com\/wp-content\/uploads\/2024\/12\/Explosion-Proof-Motor.webp\u201d alt=\u201dSpr\u0101dziendro\u0161s motors\u201d title_text=\u201dSpr\u0101dziendro\u0161s motors\u201d _builder_version=\u201d4.27.4\u2033 _module_preset=\u201ddefault\u201d global_colors_info=\u201d{}\u201d][\/et_pb_image][et_pb_toggle title=\u201dSpr\u0101dziendro\u0161s motors\u201d _builder_version=\u201d4.27.4\u2033 _module_preset=\u201ddefault\u201d global_colors_info=\u201d{}\u201d]<\/p>\n<ul>\n<li><a href=\"https:\/\/fmp-components.com\/lv\/product\/yb2-series-explosion-proof-three-phase-asynchronous-motor\/\">YB2 s\u0113rijas spr\u0101dziendro\u0161s tr\u012bsf\u0101\u017eu asinhronais motors<\/a><\/li>\n<li><a href=\"https:\/\/fmp-components.com\/lv\/product\/yb3-series-explosion-proof-three-phase-induction-motor\/\">YB3 s\u0113rijas spr\u0101dziendro\u0161s tr\u012bsf\u0101\u017eu indukcijas motors<\/a><\/li>\n<li><a href=\"https:\/\/fmp-components.com\/lv\/product\/ybx3-series-explosion-proof-three-phase-asynchronous-motor\/\">YBX3 s\u0113rijas spr\u0101dziendro\u0161s tr\u012bsf\u0101\u017eu asinhronais motors<\/a><\/li>\n<li><a href=\"https:\/\/fmp-components.com\/lv\/product\/ybx4-series-explosion-proof-three-phase-asynchronous-motor\/\">YBX4 s\u0113rijas spr\u0101dziendro\u0161s tr\u012bsf\u0101\u017eu asinhronais motors<\/a><\/li>\n<li><a href=\"https:\/\/fmp-components.com\/lv\/product\/ybbp-series-explosion-proof-variable-frequency-adjustable-speed-three-phase-asynchronous-motor\/\">YBBP s\u0113rijas spr\u0101dziendro\u0161s main\u012bgas frekvences regul\u0113jama \u0101truma tr\u012bsf\u0101\u017eu asinhronais motors<\/a><\/li>\n<\/ul>\n<p>[\/et_pb_toggle][\/et_pb_column][\/et_pb_row][\/et_pb_section]<\/p>","protected":false},"excerpt":{"rendered":"<p>ElektromotorsElektromotors ir daudzpus\u012bga ier\u012bce, kas p\u0101rveido elektrisko ener\u0123iju meh\u0101niskaj\u0101 ener\u0123ij\u0101, darbinot pla\u0161u lietojumu kl\u0101stu, s\u0101kot no sadz\u012bves tehnikas l\u012bdz r\u016bpniecisk\u0101m iek\u0101rt\u0101m. \u0160ie motori ir paz\u012bstami ar savu efektivit\u0101ti, uzticam\u012bbu un lieto\u0161anas \u0113rtumu, padarot tos par b\u016btisk\u0101m sast\u0101vda\u013c\u0101m da\u017e\u0101d\u0101s nozar\u0113s. FMP m\u0113s pied\u0101v\u0101jam daudzveid\u012bgu elektrisko [\u2026]<\/p>","protected":false},"author":2,"featured_media":0,"parent":0,"menu_order":0,"comment_status":"closed","ping_status":"closed","template":"","meta":{"_et_pb_use_builder":"on","_et_pb_old_content":"","_et_gb_content_width":"","footnotes":""},"class_list":["post-838","page","type-page","status-publish","hentry"],"_links":{"self":[{"href":"https:\/\/fmp-components.com\/lv\/wp-json\/wp\/v2\/pages\/838","targetHints":{"allow":["GET"]}}],"collection":[{"href":"https:\/\/fmp-components.com\/lv\/wp-json\/wp\/v2\/pages"}],"about":[{"href":"https:\/\/fmp-components.com\/lv\/wp-json\/wp\/v2\/types\/page"}],"author":[{"embeddable":true,"href":"https:\/\/fmp-components.com\/lv\/wp-json\/wp\/v2\/users\/2"}],"replies":[{"embeddable":true,"href":"https:\/\/fmp-components.com\/lv\/wp-json\/wp\/v2\/comments?post=838"}],"version-history":[{"count":20,"href":"https:\/\/fmp-components.com\/lv\/wp-json\/wp\/v2\/pages\/838\/revisions"}],"predecessor-version":[{"id":6328,"href":"https:\/\/fmp-components.com\/lv\/wp-json\/wp\/v2\/pages\/838\/revisions\/6328"}],"wp:attachment":[{"href":"https:\/\/fmp-components.com\/lv\/wp-json\/wp\/v2\/media?parent=838"}],"curies":[{"name":"wp","href":"https:\/\/api.w.org\/{rel}","templated":true}]}}