{"id":7847,"date":"2025-04-08T08:44:24","date_gmt":"2025-04-08T08:44:24","guid":{"rendered":"https:\/\/fmp-components.com\/?page_id=7847"},"modified":"2025-04-09T05:38:24","modified_gmt":"2025-04-09T05:38:24","slug":"ring-and-pinion-gears","status":"publish","type":"page","link":"https:\/\/fmp-components.com\/lv\/ring-and-pinion-gears\/","title":{"rendered":"Gredzenu un zobratu zobrati"},"content":{"rendered":"<p>[et_pb_section fb_built=&#8221;1&#8243; _builder_version=&#8221;4.27.4&#8243; _module_preset=&#8221;default&#8221; use_background_color_gradient=&#8221;on&#8221; background_color_gradient_stops=&#8221;rgba(0,0,0,0.27) 0%|rgba(0,0,0,0.41) 100%&#8221; background_color_gradient_overlays_image=&#8221;on&#8221; background_image=&#8221;https:\/\/fmp-components.com\/wp-content\/uploads\/2025\/04\/ring-and-pinion-gears-banner-2.webp&#8221; min_height=&#8221;381px&#8221; global_colors_info=&#8221;{}&#8221;][et_pb_row _builder_version=&#8221;4.27.4&#8243; _module_preset=&#8221;default&#8221; global_colors_info=&#8221;{}&#8221;][et_pb_column type=&#8221;4_4&#8243; _builder_version=&#8221;4.27.4&#8243; _module_preset=&#8221;default&#8221; global_colors_info=&#8221;{}&#8221;][et_pb_text _builder_version=&#8221;4.27.4&#8243; _module_preset=&#8221;default&#8221; header_font=&#8221;Frank Ruhl Libre||||||||&#8221; header_text_align=&#8221;center&#8221; header_text_color=&#8221;#FFFFFF&#8221; header_font_size=&#8221;70px&#8221; header_text_shadow_style=&#8221;preset1&#8243; global_colors_info=&#8221;{}&#8221;]<\/p>\n<h1 style=\"text-align: center;\">Gredzenu un zobratu zobrati<\/h1>\n<p>[\/et_pb_text][et_pb_text _builder_version=&#8221;4.27.4&#8243; _module_preset=&#8221;default&#8221; text_font=&#8221;Frank Ruhl Libre|600|||||||&#8221; text_text_color=&#8221;#FFFFFF&#8221; text_font_size=&#8221;18px&#8221; text_line_height=&#8221;1.8em&#8221; text_orientation=&#8221;center&#8221; global_colors_info=&#8221;{}&#8221;]<\/p>\n<p>Ja Jums nepiecie\u0161am\u0101 prece nav sarakst\u0101, dro\u0161i sa\u0146emiet bezmaksas cenu pied\u0101v\u0101jumu!<\/p>\n<p>[\/et_pb_text][\/et_pb_column][\/et_pb_row][\/et_pb_section][et_pb_section fb_built=&#8221;1&#8243; _builder_version=&#8221;4.27.4&#8243; _module_preset=&#8221;default&#8221; global_colors_info=&#8221;{}&#8221;][et_pb_row _builder_version=&#8221;4.27.4&#8243; _module_preset=&#8221;default&#8221; global_colors_info=&#8221;{}&#8221;][et_pb_column type=&#8221;4_4&#8243; _builder_version=&#8221;4.27.4&#8243; _module_preset=&#8221;default&#8221; global_colors_info=&#8221;{}&#8221;][et_pb_text _builder_version=&#8221;4.27.4&#8243; _module_preset=&#8221;default&#8221; header_2_font=&#8221;Frank Ruhl Libre||||||||&#8221; header_2_font_size=&#8221;40px&#8221; global_colors_info=&#8221;{}&#8221;]<\/p>\n<h2 style=\"text-align: center;\">Lab\u0101kie gredzenu un zobratu p\u0101rnesumi<\/h2>\n<p>[\/et_pb_text][et_pb_shop type=&#8221;product_category&#8221; show_pagination=&#8221;on&#8221; include_categories=&#8221;115&#8243; _builder_version=&#8221;4.27.4&#8243; _module_preset=&#8221;default&#8221; title_font=&#8221;Frank Ruhl Libre||||||||&#8221; title_text_align=&#8221;center&#8221; title_font_size=&#8221;17px&#8221; global_colors_info=&#8221;{}&#8221;][\/et_pb_shop][\/et_pb_column][\/et_pb_row][et_pb_row _builder_version=&#8221;4.27.4&#8243; _module_preset=&#8221;default&#8221;][et_pb_column _builder_version=&#8221;4.27.4&#8243; _module_preset=&#8221;default&#8221; type=&#8221;4_4&#8243;][et_pb_divider _builder_version=&#8221;4.27.4&#8243; _module_preset=&#8221;default&#8221; color=&#8221;#E09900&#8243; hover_enabled=&#8221;0&#8243; sticky_enabled=&#8221;0&#8243;][\/et_pb_divider][\/et_pb_column][\/et_pb_row][et_pb_row _builder_version=&#8221;4.27.4&#8243; _module_preset=&#8221;default&#8221; column_structure=&#8221;1_2,1_2&#8243;][et_pb_column _builder_version=&#8221;4.27.4&#8243; _module_preset=&#8221;default&#8221; type=&#8221;1_2&#8243;][et_pb_image src=&#8221;https:\/\/fmp-components.com\/wp-content\/uploads\/2025\/04\/Ring_Pinion_2.gif&#8221; _builder_version=&#8221;4.27.4&#8243; _module_preset=&#8221;default&#8221; alt=&#8221;Ring_Pinion&#8221; title_text=&#8221;Ring_Pinion_2&#8243; hover_enabled=&#8221;0&#8243; sticky_enabled=&#8221;0&#8243;][\/et_pb_image][\/et_pb_column][et_pb_column _builder_version=&#8221;4.27.4&#8243; _module_preset=&#8221;default&#8221; type=&#8221;1_2&#8243;][et_pb_text _builder_version=&#8221;4.27.4&#8243; _module_preset=&#8221;default&#8221; header_3_font=&#8221;Frank Ruhl Libre||||||||&#8221; header_3_font_size=&#8221;30px&#8221; text_font_size=&#8221;16px&#8221; text_line_height=&#8221;1.8em&#8221; hover_enabled=&#8221;0&#8243; sticky_enabled=&#8221;0&#8243;]<\/p>\n<div>\n<h3 dir=\"auto\" class=\"\">K\u0101p\u0113c izv\u0113l\u0113ties gredzenveida un zobrata p\u0101rnesumus?<\/h3>\n<p dir=\"auto\" class=\"break-words\">Gredzenveida un zobratu zobrati ir b\u016btiskas transportl\u012bdzek\u013ca piedzi\u0146as sast\u0101vda\u013cas, kas efekt\u012bvi p\u0101rnes griezes momentu no dzin\u0113ja uz rite\u0146iem, novirzot jaudu 90 gr\u0101du le\u0146\u0137\u012b caur diferenci\u0101li. Starp da\u017e\u0101daj\u0101m pieejamaj\u0101m metod\u0113m hipo\u012bdie gredzenveida un zobratu zobrati izce\u013cas k\u0101 v\u0113lam\u0101 izv\u0113le autob\u016bves nozar\u0113, pateicoties to izcilajai iztur\u012bbai, klus\u0101kai darb\u012bbai un sp\u0113jai tikt gal\u0101 ar liel\u0101kiem redukcijas koeficientiem. FMP lepojas ar to, ka ir lab\u0101kais gredzenveida un zobratu zobratu ra\u017eot\u0101js un pieg\u0101d\u0101t\u0101js, pieg\u0101d\u0101jot piel\u0101gotus gredzenveida un zobratu zobratus, kas piel\u0101goti j\u016bsu \u012bpa\u0161aj\u0101m vajadz\u012bb\u0101m. Neatkar\u012bgi no t\u0101, vai optimiz\u0113jat veiktsp\u0113ju uz ielas, iztur\u012bbu bezce\u013cos vai precizit\u0101ti, kas paredz\u0113ta trasei, FMP zobratu komplekti nodro\u0161ina nep\u0101rsp\u0113jamu uzticam\u012bbu un efektivit\u0101ti.<\/p>\n<\/div>\n<p>[\/et_pb_text][\/et_pb_column][\/et_pb_row][et_pb_row _builder_version=&#8221;4.27.4&#8243; _module_preset=&#8221;default&#8221; column_structure=&#8221;1_2,1_2&#8243;][et_pb_column _builder_version=&#8221;4.27.4&#8243; _module_preset=&#8221;default&#8221; type=&#8221;1_2&#8243;][et_pb_text _builder_version=&#8221;4.27.4&#8243; _module_preset=&#8221;default&#8221; text_font_size=&#8221;16px&#8221; text_line_height=&#8221;1.8em&#8221; header_3_font=&#8221;Frank Ruhl Libre||||||||&#8221; header_3_font_size=&#8221;30px&#8221; hover_enabled=&#8221;0&#8243; sticky_enabled=&#8221;0&#8243;]<\/p>\n<div>\n<h3 dir=\"auto\" class=\"\">Augst\u0101k\u0101 kvalit\u0101te no FMP<\/h3>\n<p dir=\"auto\" class=\"break-words\">Gredzenveida un zobratu zobratu veiktsp\u0113ja liel\u0101 m\u0113r\u0101 ir atkar\u012bga no to konstrukcijas, materi\u0101liem un ra\u017eo\u0161anas precizit\u0101tes \u2014 jom\u0101m, kur\u0101s FMP izce\u013cas k\u0101 nozares l\u012bderis. M\u016bsu piel\u0101gotie gredzenveida un zobratu zobrati ir izstr\u0101d\u0101ti, izmantojot jaun\u0101k\u0101s tehnolo\u0123ijas, un atbilst augst\u0101kajiem standartiem, tostarp TS16949, ISO9001 un ISO14001 sertifik\u0101tiem. Pied\u0101v\u0101jot da\u017e\u0101das p\u0101rnesumu attiec\u012bbas un pielaides, FMP nodro\u0161ina lab\u0101kos gredzenveida un zobratu zobratus da\u017e\u0101diem lietojumiem, s\u0101kot no lieljaudas vilk\u0161anas l\u012bdz \u0101trgaitas sac\u012bkst\u0113m. Pateicoties uzlabotiem termisk\u0101s apstr\u0101des procesiem un stingrai kvalit\u0101tes p\u0101rbaudei, m\u016bsu zobratu komplekti nodro\u0161ina izcilu iztur\u012bbu un jaudas p\u0101rnesi, padarot FMP par galveno izv\u0113li ra\u017eot\u0101jiem un entuziastiem vis\u0101 Amerikas Savienotaj\u0101s Valst\u012bs, Meksik\u0101 un Kan\u0101d\u0101.<\/p>\n<\/div>\n<p>[\/et_pb_text][\/et_pb_column][et_pb_column _builder_version=&#8221;4.27.4&#8243; _module_preset=&#8221;default&#8221; type=&#8221;1_2&#8243;][et_pb_image src=&#8221;https:\/\/fmp-components.com\/wp-content\/uploads\/2025\/04\/ring-and-pinion-gears-manufacturer.webp&#8221; _builder_version=&#8221;4.27.4&#8243; _module_preset=&#8221;default&#8221; alt=&#8221;ring-and-pinion-gears-manufacturer&#8221; title_text=&#8221;ring-and-pinion-gears-manufacturer&#8221; hover_enabled=&#8221;0&#8243; sticky_enabled=&#8221;0&#8243;][\/et_pb_image][\/et_pb_column][\/et_pb_row][\/et_pb_section][et_pb_section fb_built=&#8221;1&#8243; _builder_version=&#8221;4.27.4&#8243; _module_preset=&#8221;default&#8221; use_background_color_gradient=&#8221;on&#8221; background_color_gradient_stops=&#8221;rgba(0,0,0,0.37) 0%|rgba(0,0,0,0.26) 100%&#8221; background_color_gradient_overlays_image=&#8221;on&#8221; background_image=&#8221;https:\/\/fmp-components.com\/wp-content\/uploads\/2025\/04\/ring-and-pinion-gears-foot-1.webp&#8221; min_height=&#8221;386px&#8221; global_colors_info=&#8221;{}&#8221;][et_pb_row _builder_version=&#8221;4.27.4&#8243; _module_preset=&#8221;default&#8221; background_color=&#8221;#FFFFFF&#8221; custom_margin=&#8221;0px||0px||false|false&#8221; custom_padding=&#8221;20px|20px|20px|20px|false|false&#8221; box_shadow_style=&#8221;preset1&#8243; global_colors_info=&#8221;{}&#8221;][et_pb_column type=&#8221;4_4&#8243; _builder_version=&#8221;4.27.4&#8243; _module_preset=&#8221;default&#8221; global_colors_info=&#8221;{}&#8221;][et_pb_text _builder_version=&#8221;4.27.4&#8243; _module_preset=&#8221;default&#8221; header_font=&#8221;Frank Ruhl Libre||||||||&#8221; header_font_size=&#8221;40px&#8221; header_2_font=&#8221;Frank Ruhl Libre||||||||&#8221; header_2_font_size=&#8221;40px&#8221; global_colors_info=&#8221;{}&#8221;]<\/p>\n<h2 style=\"text-align: center;\">Piel\u0101goti gredzenu un zobratu zobrati<\/h2>\n<p>[\/et_pb_text][et_pb_text _builder_version=&#8221;4.27.4&#8243; _module_preset=&#8221;default&#8221; text_text_color=&#8221;#000000&#8243; text_font_size=&#8221;16px&#8221; text_line_height=&#8221;1.8em&#8221; global_colors_info=&#8221;{}&#8221;]<\/p>\n<p>FMP specializ\u0113jas augstas kvalit\u0101tes piel\u0101gotu gredzenu un zobratu zobratu izgatavo\u0161an\u0101, kas paredz\u0113ti, lai maksim\u0101li palielin\u0101tu j\u016bsu piedzi\u0146as meh\u0101nisma veiktsp\u0113ju neatkar\u012bgi no t\u0101, vai atrodaties Mil\u0101n\u0101, Ven\u0113cij\u0101, Florenc\u0113, Bolo\u0146\u0101 vai jebkur citur It\u0101lij\u0101. K\u0101 vado\u0161ais ra\u017eot\u0101js, m\u0113s ra\u017eojam pla\u0161u gredzenu un zobratu zobratu kl\u0101stu da\u017e\u0101d\u0101s attiec\u012bb\u0101s, diametros un rievu skait\u0101, lai tie atbilstu jebkurai transportl\u012bdzek\u013ca konstrukcijai. M\u016bsu augst\u0101k\u0101s klases pied\u0101v\u0101jumi konkur\u0113 ar t\u0101diem nozares gigantiem k\u0101 Yukon Gear &amp; Axle, Strange Engineering un Richmond Gear, nodro\u0161inot izcilu iztur\u012bbu un precizit\u0101ti, pateicoties progres\u012bv\u0101m dizaina un termisk\u0101s apstr\u0101des metod\u0113m.<\/p>\n<p style=\"text-align: center;\">M\u0113s ar lepnumu pied\u0101v\u0101jam piln\u012bb\u0101 piel\u0101gotus risin\u0101jumus, kas piel\u0101goti j\u016bsu \u012bpa\u0161aj\u0101m vajadz\u012bb\u0101m. Ja m\u016bsu produktu sarakst\u0101 neatrodat mekl\u0113to modeli \u2014 neuztraucieties. Tas vienk\u0101r\u0161i noz\u012bm\u0113, ka mums v\u0113l nav bijusi iesp\u0113ja to aug\u0161upiel\u0101d\u0113t! L\u016bdzu, rakstiet mums e-pastu ar sav\u0101m pras\u012bb\u0101m, un m\u016bsu pieredz\u0113ju\u0161ie in\u017eenieri atbild\u0113s 24 stundu laik\u0101 ar personaliz\u0113tu risin\u0101jumu. FMP ir j\u016bsu uzticamais partneris augst\u0101k\u0101s klases gredzenu un zobratu p\u0101rvadu jom\u0101 It\u0101lij\u0101. Sazinieties ar mums jau \u0161odien, un m\u0113s s\u0101ksim j\u016bsu projektu!<\/p>\n<p>[\/et_pb_teksts][\/et_pb_kolumna][\/et_pb_rinda][\/et_pb_sekcija]<\/p>","protected":false},"excerpt":{"rendered":"<p>Ring and Pinion GearsIf the product you need is not listed, go ahead and get a free quote!Best Ring and Pinion Gears Why Choose Ring and Pinion Gears Ring and pinion gears are essential components in a vehicle\u2019s drivetrain, efficiently transferring torque from the engine to the wheels by redirecting power 90 degrees through the [&hellip;]<\/p>","protected":false},"author":2,"featured_media":0,"parent":0,"menu_order":0,"comment_status":"closed","ping_status":"closed","template":"","meta":{"_et_pb_use_builder":"on","_et_pb_old_content":"","_et_gb_content_width":"","footnotes":""},"class_list":["post-7847","page","type-page","status-publish","hentry"],"_links":{"self":[{"href":"https:\/\/fmp-components.com\/lv\/wp-json\/wp\/v2\/pages\/7847","targetHints":{"allow":["GET"]}}],"collection":[{"href":"https:\/\/fmp-components.com\/lv\/wp-json\/wp\/v2\/pages"}],"about":[{"href":"https:\/\/fmp-components.com\/lv\/wp-json\/wp\/v2\/types\/page"}],"author":[{"embeddable":true,"href":"https:\/\/fmp-components.com\/lv\/wp-json\/wp\/v2\/users\/2"}],"replies":[{"embeddable":true,"href":"https:\/\/fmp-components.com\/lv\/wp-json\/wp\/v2\/comments?post=7847"}],"version-history":[{"count":12,"href":"https:\/\/fmp-components.com\/lv\/wp-json\/wp\/v2\/pages\/7847\/revisions"}],"predecessor-version":[{"id":7900,"href":"https:\/\/fmp-components.com\/lv\/wp-json\/wp\/v2\/pages\/7847\/revisions\/7900"}],"wp:attachment":[{"href":"https:\/\/fmp-components.com\/lv\/wp-json\/wp\/v2\/media?parent=7847"}],"curies":[{"name":"wp","href":"https:\/\/api.w.org\/{rel}","templated":true}]}}