{"id":7581,"date":"2025-03-31T05:23:31","date_gmt":"2025-03-31T05:23:31","guid":{"rendered":"https:\/\/fmp-components.com\/?page_id=7581"},"modified":"2025-04-02T01:46:51","modified_gmt":"2025-04-02T01:46:51","slug":"industrial-engineering-hydraulic-cylinders-2","status":"publish","type":"page","link":"https:\/\/fmp-components.com\/lv\/industrial-engineering-hydraulic-cylinders-2\/","title":{"rendered":"R\u016bpniecisk\u0101s in\u017eenierijas hidrauliskie cilindri"},"content":{"rendered":"<p>[et_pb_section fb_built=&#8221;1&#8243; theme_builder_area=&#8221;post_content&#8221; _builder_version=&#8221;4.27.4&#8243; _module_preset=&#8221;default&#8221; alt=&#8221;Industrial-Engineering-Hydraulic-Cylinders&#8221; title_text=&#8221;Industrial-Engineering-Hydraulic-Cylinders-1&#8243; background_image=&#8221;https:\/\/fmp-components.com\/wp-content\/uploads\/2025\/04\/Industrial-Engineering-Hydraulic-Cylinders-1-1.webp&#8221; hover_enabled=&#8221;0&#8243; sticky_enabled=&#8221;0&#8243; custom_padding=&#8221;||146px|||&#8221;][et_pb_row _builder_version=&#8221;4.27.4&#8243; _module_preset=&#8221;default&#8221; theme_builder_area=&#8221;post_content&#8221; custom_margin=&#8221;50px||||false|false&#8221; hover_enabled=&#8221;0&#8243; sticky_enabled=&#8221;0&#8243;][et_pb_column _builder_version=&#8221;4.27.4&#8243; _module_preset=&#8221;default&#8221; type=&#8221;4_4&#8243; theme_builder_area=&#8221;post_content&#8221;][et_pb_text _builder_version=&#8221;4.27.4&#8243; _module_preset=&#8221;default&#8221; theme_builder_area=&#8221;post_content&#8221; header_font=&#8221;Frank Ruhl Libre||||||||&#8221; header_font_size=&#8221;60px&#8221; header_text_color=&#8221;#FFFFFF&#8221; header_text_shadow_style=&#8221;preset1&#8243; hover_enabled=&#8221;0&#8243; sticky_enabled=&#8221;0&#8243;]<\/p>\n<h1 style=\"text-align: center;\">R\u016bpniecisk\u0101s in\u017eenierijas hidrauliskie cilindri<\/h1>\n<p>[\/et_pb_text][\/et_pb_column][\/et_pb_row][\/et_pb_section][et_pb_section fb_built=&#8221;1&#8243; theme_builder_area=&#8221;post_content&#8221; _builder_version=&#8221;4.27.4&#8243; _module_preset=&#8221;default&#8221; custom_padding=&#8221;||9px|||&#8221;][et_pb_row _builder_version=&#8221;4.27.4&#8243; _module_preset=&#8221;default&#8221; theme_builder_area=&#8221;post_content&#8221;][et_pb_column _builder_version=&#8221;4.27.4&#8243; _module_preset=&#8221;default&#8221; type=&#8221;4_4&#8243; theme_builder_area=&#8221;post_content&#8221;][et_pb_text _builder_version=&#8221;4.27.4&#8243; _module_preset=&#8221;default&#8221; theme_builder_area=&#8221;post_content&#8221; header_2_font=&#8221;Frank Ruhl Libre||||||||&#8221; header_2_font_size=&#8221;30px&#8221; hover_enabled=&#8221;0&#8243; sticky_enabled=&#8221;0&#8243;]<\/p>\n<h2 style=\"text-align: center;\">R\u016bpniecisk\u0101s in\u017eenierijas hidraulisko cilindru veidi<\/h2>\n<p>[\/et_pb_text][et_pb_shop _builder_version=&#8221;4.27.4&#8243; _module_preset=&#8221;default&#8221; theme_builder_area=&#8221;post_content&#8221; show_pagination=&#8221;on&#8221; hover_enabled=&#8221;0&#8243; sticky_enabled=&#8221;0&#8243;][\/et_pb_shop][\/et_pb_column][\/et_pb_row][\/et_pb_section][et_pb_section fb_built=&#8221;1&#8243; theme_builder_area=&#8221;post_content&#8221; _builder_version=&#8221;4.27.4&#8243; _module_preset=&#8221;default&#8221;][et_pb_row _builder_version=&#8221;4.27.4&#8243; _module_preset=&#8221;default&#8221; column_structure=&#8221;1_2,1_2&#8243; theme_builder_area=&#8221;post_content&#8221; width=&#8221;100%&#8221; max_width=&#8221;1250px&#8221; hover_enabled=&#8221;0&#8243; sticky_enabled=&#8221;0&#8243;][et_pb_column _builder_version=&#8221;4.27.4&#8243; _module_preset=&#8221;default&#8221; type=&#8221;1_2&#8243; theme_builder_area=&#8221;post_content&#8221;][et_pb_image src=&#8221;https:\/\/fmp-components.com\/wp-content\/uploads\/2025\/04\/Industrial-Engineering-Hydraulic-Cylinders-Factory-2.webp&#8221; _builder_version=&#8221;4.27.4&#8243; _module_preset=&#8221;default&#8221; theme_builder_area=&#8221;post_content&#8221; alt=&#8221;Industrial-Engineering-Hydraulic-Cylinders-Factory&#8221; title_text=&#8221;Industrial-Engineering-Hydraulic-Cylinders-Factory-2&#8243; hover_enabled=&#8221;0&#8243; sticky_enabled=&#8221;0&#8243;][\/et_pb_image][\/et_pb_column][et_pb_column _builder_version=&#8221;4.27.4&#8243; _module_preset=&#8221;default&#8221; type=&#8221;1_2&#8243; theme_builder_area=&#8221;post_content&#8221;][et_pb_text _builder_version=&#8221;4.27.4&#8243; _module_preset=&#8221;default&#8221; theme_builder_area=&#8221;post_content&#8221; header_2_font=&#8221;Frank Ruhl Libre||||||||&#8221; text_font_size=&#8221;16px&#8221; text_line_height=&#8221;1.8em&#8221; hover_enabled=&#8221;0&#8243; sticky_enabled=&#8221;0&#8243;]<\/p>\n<h2>Augstas veiktsp\u0113jas hidrauliskie cilindri It\u0101lijas r\u016bpniecisk\u0101s in\u017eenierijas nozarei<\/h2>\n<p>FMP uz\u0146\u0113mums specializ\u0113jas augst\u0101k\u0101s klases hidraulisko cilindru ra\u017eo\u0161an\u0101, kas izstr\u0101d\u0101ti, lai atbilstu stingraj\u0101m r\u016bpniecisko pielietojumu pras\u012bb\u0101m. No Mil\u0101nas ra\u017eo\u0161anas centriem l\u012bdz Ven\u0113cijas j\u016bras r\u016bpniec\u012bbai m\u016bsu daudzveid\u012bgais produktu kl\u0101sts ietver\u00a0<em>metin\u0101ti hidrauliskie cilindri<\/em>,\u00a0<em>integr\u0113ti v\u0101rstu cilindri<\/em>,\u00a0<em>poz\u012bciju uztvero\u0161i viedie cilindri<\/em>un\u00a0<em>augstspiediena mode\u013ci<\/em>\u00a0izstr\u0101d\u0101ts ekstrem\u0101l\u0101m vid\u0113m. Neatkar\u012bgi no t\u0101, vai j\u016bsu darb\u012bba notiek Florences prec\u012bz\u0101s in\u017eenierijas nozar\u0113 vai Bolo\u0146as automatiz\u0101cijas vad\u012btaj\u0101s nozar\u0113s, m\u0113s pieg\u0101d\u0101jam Purpose-Built\u2122 risin\u0101jumus ar ISO 9001:2015 sertific\u0113tu kvalit\u0101ti. Piel\u0101go\u0161ana ir m\u016bsu pamat\u0101 \u2014 m\u016bsu in\u017eenieri sadarbojas ar integratoriem, ori\u0123in\u0101l\u0101 apr\u012bkojuma ra\u017eot\u0101jiem (OEM) un t\u0101l\u0101kp\u0101rdev\u0113jiem vis\u0101 It\u0101lij\u0101, lai izstr\u0101d\u0101tu piel\u0101gotas hidraulisk\u0101s sist\u0113mas, tostarp prototipu test\u0113\u0161anu un specializ\u0113tu sertifik\u0101ciju (ABS, ANSI). Ja j\u016bsu v\u0113lamais modelis nav sarakst\u0101, rakstiet mums tie\u0161i uz e-pastu. M\u016bsu komanda atbild\u0113s 24 stundu laik\u0101, lai apstiprin\u0101tu iesp\u0113jam\u012bbu, nodro\u0161inot, ka neviens projekts It\u0101lijas dinamiskaj\u0101 industri\u0101laj\u0101 vid\u0113 nekav\u0113jas.<\/p>\n<p>[\/et_pb_text][\/et_pb_column][\/et_pb_row][et_pb_row _builder_version=&#8221;4.27.4&#8243; _module_preset=&#8221;default&#8221; column_structure=&#8221;1_2,1_2&#8243; theme_builder_area=&#8221;post_content&#8221; width=&#8221;100%&#8221; max_width=&#8221;1250px&#8221; hover_enabled=&#8221;0&#8243; sticky_enabled=&#8221;0&#8243;][et_pb_column _builder_version=&#8221;4.27.4&#8243; _module_preset=&#8221;default&#8221; type=&#8221;1_2&#8243; theme_builder_area=&#8221;post_content&#8221;][et_pb_text _builder_version=&#8221;4.27.4&#8243; _module_preset=&#8221;default&#8221; theme_builder_area=&#8221;post_content&#8221; header_2_font=&#8221;Frank Ruhl Libre||||||||&#8221; text_font_size=&#8221;16px&#8221; text_line_height=&#8221;1.8em&#8221; hover_enabled=&#8221;0&#8243; sticky_enabled=&#8221;0&#8243; custom_padding=&#8221;47px|||||&#8221;]<\/p>\n<h2>Uzticami hidrauliskie risin\u0101jumi, viet\u0113jais atbalsts<\/h2>\n<p>Uz\u0146\u0113mum\u0101 FMP m\u0113s apvienojam amerik\u0101\u0146u in\u017eeniertehnisko izcil\u012bbu ar lok\u0101lu atbalstu It\u0101lijas galvenajiem re\u0123ioniem. M\u016bsu r\u016bpn\u012bcas cilindri un teleskopisk\u0101s hidraulisk\u0101s sist\u0113mas ir uzticamas Mil\u0101nas t\u0113rauda r\u016bpn\u012bc\u0101s un Ven\u0113cijas ostas ma\u0161\u012bn\u0101s, pied\u0101v\u0101jot nep\u0101rsp\u0113jamu iztur\u012bbu un zemu apkopes nepiecie\u0161am\u012bbu. Uz\u0146\u0113mumiem Florences amatniec\u012bbas ra\u017eo\u0161anas vai Bolo\u0146as lauksaimniec\u012bbas tehnikas nozar\u0113s m\u016bsu iek\u0161\u0113j\u0101 kontrole p\u0101r projekt\u0113\u0161anu un ra\u017eo\u0161anu garant\u0113 \u0101tru izpildes laiku. K\u0101 sertific\u0113ts partneris integratoriem un t\u0101l\u0101kp\u0101rdev\u0113jiem, m\u0113s nodro\u0161in\u0101m kr\u0101jumu elast\u012bbu un tehnisko pieredzi, lai papla\u0161in\u0101tu j\u016bsu tirgus sasniedzam\u012bbu. Iepaz\u012bstieties ar m\u016bsu katalogu vai pieprasiet cenu pied\u0101v\u0101jumu jau \u0161odien \u2014 un, ja j\u016bsu ide\u0101lais cilindrs nav sarakst\u0101, sazinieties ar mums pa e-pastu.<\/p>\n<p>[\/et_pb_text][\/et_pb_column][et_pb_column _builder_version=&#8221;4.27.4&#8243; _module_preset=&#8221;default&#8221; type=&#8221;1_2&#8243; theme_builder_area=&#8221;post_content&#8221;][et_pb_image src=&#8221;https:\/\/fmp-components.com\/wp-content\/uploads\/2025\/04\/Industrial-Engineering-Hydraulic-Cylinders-Factory-1.webp&#8221; _builder_version=&#8221;4.27.4&#8243; _module_preset=&#8221;default&#8221; theme_builder_area=&#8221;post_content&#8221; alt=&#8221;Industrial-Engineering-Hydraulic-Cylinders-Factory&#8221; title_text=&#8221;Industrial-Engineering-Hydraulic-Cylinders-Factory-1&#8243; hover_enabled=&#8221;0&#8243; sticky_enabled=&#8221;0&#8243;][\/et_pb_image][\/et_pb_column][\/et_pb_row][\/et_pb_section]<\/p>","protected":false},"excerpt":{"rendered":"<p>Industrial Engineering Hydraulic CylindersTypes of Industrial Engineering Hydraulic CylindersHigh-Performance Hydraulic Cylinders for Italy\u2019s Industrial Engineering Sector FMP Company specializes in manufacturing premium hydraulic cylinders engineered to meet the rigorous demands of industrial applications. From\u00a0Milan\u2019s manufacturing hubs\u00a0to\u00a0Venice\u2019s marine industries, our diverse product range includes\u00a0welded hydraulic cylinders,\u00a0integrated valve cylinders,\u00a0position-sensing smart cylinders, and\u00a0high-pressure models\u00a0designed for extreme environments. Whether [&hellip;]<\/p>","protected":false},"author":2,"featured_media":0,"parent":0,"menu_order":0,"comment_status":"closed","ping_status":"closed","template":"","meta":{"_et_pb_use_builder":"on","_et_pb_old_content":"","_et_gb_content_width":"","footnotes":""},"class_list":["post-7581","page","type-page","status-publish","hentry"],"_links":{"self":[{"href":"https:\/\/fmp-components.com\/lv\/wp-json\/wp\/v2\/pages\/7581","targetHints":{"allow":["GET"]}}],"collection":[{"href":"https:\/\/fmp-components.com\/lv\/wp-json\/wp\/v2\/pages"}],"about":[{"href":"https:\/\/fmp-components.com\/lv\/wp-json\/wp\/v2\/types\/page"}],"author":[{"embeddable":true,"href":"https:\/\/fmp-components.com\/lv\/wp-json\/wp\/v2\/users\/2"}],"replies":[{"embeddable":true,"href":"https:\/\/fmp-components.com\/lv\/wp-json\/wp\/v2\/comments?post=7581"}],"version-history":[{"count":8,"href":"https:\/\/fmp-components.com\/lv\/wp-json\/wp\/v2\/pages\/7581\/revisions"}],"predecessor-version":[{"id":7611,"href":"https:\/\/fmp-components.com\/lv\/wp-json\/wp\/v2\/pages\/7581\/revisions\/7611"}],"wp:attachment":[{"href":"https:\/\/fmp-components.com\/lv\/wp-json\/wp\/v2\/media?parent=7581"}],"curies":[{"name":"wp","href":"https:\/\/api.w.org\/{rel}","templated":true}]}}