{"id":7540,"date":"2025-03-28T05:36:23","date_gmt":"2025-03-28T05:36:23","guid":{"rendered":"https:\/\/fmp-components.com\/?page_id=7540"},"modified":"2025-03-28T07:40:12","modified_gmt":"2025-03-28T07:40:12","slug":"construction-machinery-hydraulic-cylinders-2","status":"publish","type":"page","link":"https:\/\/fmp-components.com\/lv\/construction-machinery-hydraulic-cylinders-2\/","title":{"rendered":"Celtniec\u012bbas tehnikas hidrauliskie cilindri"},"content":{"rendered":"<p>[et_pb_section fb_built=&#8221;1&#8243; theme_builder_area=&#8221;post_content&#8221; _builder_version=&#8221;4.27.4&#8243; _module_preset=&#8221;default&#8221; alt=&#8221;Construction-Machinery-Hydraulic-Cylinders-Banner&#8221; title_text=&#8221;Construction-Machinery-Hydraulic-Cylinders-Banner-1&#8243; background_image=&#8221;https:\/\/fmp-components.com\/wp-content\/uploads\/2025\/03\/Construction-Machinery-Hydraulic-Cylinders-Banner-1.webp&#8221; hover_enabled=&#8221;0&#8243; sticky_enabled=&#8221;0&#8243; min_height=&#8221;356px&#8221;][et_pb_row _builder_version=&#8221;4.27.4&#8243; _module_preset=&#8221;default&#8221; theme_builder_area=&#8221;post_content&#8221;][et_pb_column _builder_version=&#8221;4.27.4&#8243; _module_preset=&#8221;default&#8221; type=&#8221;4_4&#8243; theme_builder_area=&#8221;post_content&#8221;][et_pb_text _builder_version=&#8221;4.27.4&#8243; _module_preset=&#8221;default&#8221; theme_builder_area=&#8221;post_content&#8221; header_font=&#8221;Frank Ruhl Libre||||||||&#8221; header_font_size=&#8221;60px&#8221; header_text_color=&#8221;#FFFFFF&#8221; header_text_shadow_style=&#8221;preset1&#8243; hover_enabled=&#8221;0&#8243; sticky_enabled=&#8221;0&#8243;]<\/p>\n<h1 style=\"text-align: center;\">Celtniec\u012bbas tehnikas hidrauliskie cilindri<\/h1>\n<p>[\/et_pb_text][et_pb_text _builder_version=&#8221;4.27.4&#8243; _module_preset=&#8221;default&#8221; theme_builder_area=&#8221;post_content&#8221; text_text_color=&#8221;#FFFFFF&#8221; text_font_size=&#8221;16px&#8221; text_line_height=&#8221;1.8em&#8221; hover_enabled=&#8221;0&#8243; sticky_enabled=&#8221;0&#8243;]<\/p>\n<p style=\"text-align: center;\">Uz\u0146\u0113mum\u0101 FMP m\u0113s specializ\u0113jamies pla\u0161a kl\u0101sta celtniec\u012bbas ma\u0161\u012bnu hidraulisko cilindru ra\u017eo\u0161an\u0101, kas paredz\u0113ti da\u017e\u0101du nozaru vajadz\u012bbu apmierin\u0101\u0161anai. Papildus m\u016bsu pla\u0161ajam produktu kl\u0101stam m\u0113s pied\u0101v\u0101jam ar\u012b piel\u0101gotus risin\u0101jumus, kas piel\u0101goti j\u016bsu \u012bpa\u0161aj\u0101m pras\u012bb\u0101m. Ja m\u016bsu produktu sarakst\u0101 neatrodat nepiecie\u0161amo modeli, tas noz\u012bm\u0113, ka mums v\u0113l nav bijusi iesp\u0113ja to atjaunin\u0101t. L\u016bdzu, rakstiet mums e-pastu ar inform\u0101ciju par mekl\u0113to modeli, un m\u016bsu in\u017eenieri atbild\u0113s 24 stundu laik\u0101, lai jums pal\u012bdz\u0113tu.<\/p>\n<p>[\/et_pb_text][\/et_pb_column][\/et_pb_row][\/et_pb_section][et_pb_section fb_built=&#8221;1&#8243; theme_builder_area=&#8221;post_content&#8221; _builder_version=&#8221;4.27.4&#8243; _module_preset=&#8221;default&#8221; custom_padding=&#8221;||1px|||&#8221;][et_pb_row _builder_version=&#8221;4.27.4&#8243; _module_preset=&#8221;default&#8221; theme_builder_area=&#8221;post_content&#8221;][et_pb_column _builder_version=&#8221;4.27.4&#8243; _module_preset=&#8221;default&#8221; type=&#8221;4_4&#8243; theme_builder_area=&#8221;post_content&#8221;][et_pb_text _builder_version=&#8221;4.27.4&#8243; _module_preset=&#8221;default&#8221; theme_builder_area=&#8221;post_content&#8221; header_2_font=&#8221;Frank Ruhl Libre||||||||&#8221; header_2_font_size=&#8221;30px&#8221; hover_enabled=&#8221;0&#8243; sticky_enabled=&#8221;0&#8243;]<\/p>\n<h2 style=\"text-align: center;\">B\u016bvniec\u012bbas ma\u0161\u012bnu hidraulisko cilindru veidi<\/h2>\n<p>[\/et_pb_text][et_pb_shop _builder_version=&#8221;4.27.4&#8243; _module_preset=&#8221;default&#8221; theme_builder_area=&#8221;post_content&#8221; type=&#8221;product_category&#8221; include_categories=&#8221;24&#8243; columns_number=&#8221;3&#8243; hover_enabled=&#8221;0&#8243; sticky_enabled=&#8221;0&#8243;][\/et_pb_shop][\/et_pb_column][\/et_pb_row][\/et_pb_section][et_pb_section fb_built=&#8221;1&#8243; theme_builder_area=&#8221;post_content&#8221; _builder_version=&#8221;4.27.4&#8243; _module_preset=&#8221;default&#8221; custom_padding=&#8221;20px|||||&#8221;][et_pb_row _builder_version=&#8221;4.27.4&#8243; _module_preset=&#8221;default&#8221; theme_builder_area=&#8221;post_content&#8221;][et_pb_column _builder_version=&#8221;4.27.4&#8243; _module_preset=&#8221;default&#8221; type=&#8221;4_4&#8243; theme_builder_area=&#8221;post_content&#8221;][et_pb_text _builder_version=&#8221;4.27.4&#8243; _module_preset=&#8221;default&#8221; theme_builder_area=&#8221;post_content&#8221; header_2_font=&#8221;Frank Ruhl Libre||||||||&#8221; header_2_font_size=&#8221;30px&#8221; hover_enabled=&#8221;0&#8243; sticky_enabled=&#8221;0&#8243;]<\/p>\n<h2 style=\"text-align: center;\">Hidraulisko cilindru loma celtniec\u012bbas ma\u0161\u012bn\u0101s<\/h2>\n<p>[\/et_pb_text][\/et_pb_column][\/et_pb_row][et_pb_row _builder_version=&#8221;4.27.4&#8243; _module_preset=&#8221;default&#8221; column_structure=&#8221;1_2,1_2&#8243; theme_builder_area=&#8221;post_content&#8221; use_custom_gutter=&#8221;on&#8221; gutter_width=&#8221;2&#8243; hover_enabled=&#8221;0&#8243; sticky_enabled=&#8221;0&#8243;][et_pb_column _builder_version=&#8221;4.27.4&#8243; _module_preset=&#8221;default&#8221; type=&#8221;1_2&#8243; theme_builder_area=&#8221;post_content&#8221;][et_pb_text _builder_version=&#8221;4.27.4&#8243; _module_preset=&#8221;default&#8221; theme_builder_area=&#8221;post_content&#8221; hover_enabled=&#8221;0&#8243; sticky_enabled=&#8221;0&#8243; header_3_font=&#8221;Frank Ruhl Libre||||||||&#8221; text_font_size=&#8221;15px&#8221;]<\/p>\n<div>\n<h3>B\u016bvniec\u012bbas supervaro\u0146i:<\/h3>\n<p>Hidrauliskie cilindri ir k\u0101 slepeni supervaro\u0146i celtniec\u012bbas ma\u0161\u012bn\u0101m.<br \/>Tie nodro\u0161ina milz\u012bgu iztur\u012bbu un r\u016bp\u012bgu kontroli sare\u017e\u0123\u012btiem darbiem noslogot\u0101s viet\u0101s vis\u0101 It\u0101lij\u0101, no Mil\u0101nas l\u012bdz Ven\u0113cijai.<\/p>\n<h3>K\u0101 tie darbojas:<\/h3>\n<p>\u0160\u012bs svar\u012bg\u0101s da\u013cas p\u0101rv\u0113r\u0161 hidraulisko ener\u0123iju taisnvirziena kust\u012bb\u0101.<br \/>Tie pal\u012bdz t\u0101d\u0101m ma\u0161\u012bn\u0101m k\u0101 ekskavatori, ekskavatori-iekr\u0101v\u0113ji un pa\u0161izg\u0101z\u0113ji pacelt smagas lietas, stumt zemi un \u0101tri un viegli rakt.<\/p>\n<h3>Piem\u0113ri darb\u012bb\u0101:<\/h3>\n<p>Ekskavatoros hidrauliskie cilindri p\u0101rvieto garo roku un kausu, lai izraktu prec\u012bzus caurumus \u0113ku pamatiem Florences vecajos rajonos vai Ven\u0113cijas kan\u0101lu tuvum\u0101.<br \/>Bolo\u0146as r\u016bpn\u012bcu rajonos buldozeros p\u0101rvieto lielo asmeni, lai saplacin\u0101tu vai att\u012br\u012btu zemi.<br \/>Speci\u0101lie teleskopiskie cilindri pa\u0161izg\u0101z\u0113jos \u013coti \u0101tri izkrauj smagus materi\u0101lus.<\/p>\n<\/div>\n<p>[\/et_pb_text][\/et_pb_column][et_pb_column _builder_version=&#8221;4.27.4&#8243; _module_preset=&#8221;default&#8221; type=&#8221;1_2&#8243; theme_builder_area=&#8221;post_content&#8221;][et_pb_image src=&#8221;https:\/\/fmp-components.com\/wp-content\/uploads\/2025\/03\/Construction-Machinery-Hydraulic-Cylinders-6.webp&#8221; _builder_version=&#8221;4.27.4&#8243; _module_preset=&#8221;default&#8221; theme_builder_area=&#8221;post_content&#8221; alt=&#8221;Construction-Machinery-Hydraulic-Cylinders&#8221; title_text=&#8221;Construction-Machinery-Hydraulic-Cylinders-6&#8243; hover_enabled=&#8221;0&#8243; sticky_enabled=&#8221;0&#8243;][\/et_pb_image][\/et_pb_column][\/et_pb_row][et_pb_row _builder_version=&#8221;4.27.4&#8243; _module_preset=&#8221;default&#8221; column_structure=&#8221;1_2,1_2&#8243; theme_builder_area=&#8221;post_content&#8221; use_custom_gutter=&#8221;on&#8221; gutter_width=&#8221;2&#8243; hover_enabled=&#8221;0&#8243; sticky_enabled=&#8221;0&#8243;][et_pb_column _builder_version=&#8221;4.27.4&#8243; _module_preset=&#8221;default&#8221; type=&#8221;1_2&#8243; theme_builder_area=&#8221;post_content&#8221;][et_pb_image src=&#8221;https:\/\/fmp-components.com\/wp-content\/uploads\/2025\/03\/Construction-Machinery-Hydraulic-Cylinders-8.webp&#8221; _builder_version=&#8221;4.27.4&#8243; _module_preset=&#8221;default&#8221; theme_builder_area=&#8221;post_content&#8221; alt=&#8221;Construction-Machinery-Hydraulic-Cylinders&#8221; title_text=&#8221;Construction-Machinery-Hydraulic-Cylinders-8&#8243; hover_enabled=&#8221;0&#8243; sticky_enabled=&#8221;0&#8243;][\/et_pb_image][\/et_pb_column][et_pb_column _builder_version=&#8221;4.27.4&#8243; _module_preset=&#8221;default&#8221; type=&#8221;1_2&#8243; theme_builder_area=&#8221;post_content&#8221;][et_pb_text _builder_version=&#8221;4.27.4&#8243; _module_preset=&#8221;default&#8221; theme_builder_area=&#8221;post_content&#8221; header_3_font=&#8221;Frank Ruhl Libre||||||||&#8221; text_font_size=&#8221;15px&#8221; hover_enabled=&#8221;0&#8243; sticky_enabled=&#8221;0&#8243;]<\/p>\n<div>\n<h3>Padarot ma\u0161\u012bnas dro\u0161\u0101kas un lab\u0101kas:<\/h3>\n<p>Divk\u0101r\u0161as darb\u012bbas cilindri (miniiekr\u0101v\u0113jos un celt\u0146os Mil\u0101n\u0101) stumj un velk, lai nodro\u0161in\u0101tu vienm\u0113r\u012bgu pacel\u0161anu un nolai\u0161anu.<br \/>Teleskopiskie cilindri (celt\u0146os un gl\u0101b\u0161anas instrumentos Florenc\u0113) izstiepjas gari, lai str\u0101d\u0101tu \u0161aur\u0101s pils\u0113tas telp\u0101s.<br \/>Metin\u0101tie cilindru korpusi ir \u012bpa\u0161i iztur\u012bgi un ilgi kalpo It\u0101lijas zieme\u013cu nel\u012bdzenajos apgabalos, pasarg\u0101jot tos no r\u016bsas un net\u012brumiem.<\/p>\n<h3>Laika taup\u012b\u0161ana:<\/h3>\n<p>To iztur\u012bba noz\u012bm\u0113, ka ma\u0161\u012bnas tik bie\u017ei nesaboj\u0101jas.<br \/>Tas pal\u012bdz savlaic\u012bgi pabeigt lielus projektus strauji augo\u0161\u0101s pils\u0113t\u0101s, piem\u0113ram, Bolo\u0146\u0101, kur visur ir jauni ce\u013ci un \u0113kas.<\/p>\n<h3>B\u016bvniec\u012bbas mugurkauls:<\/h3>\n<p>Hidrauliskie cilindri apvieno jaudu ar r\u016bp\u012bgu kontroli.<br \/>Tie ir k\u0101 m\u016bsdienu celtniec\u012bbas ma\u0161\u012bnu sp\u0113c\u012bgais mugurkauls.<\/p>\n<\/div>\n<p>[\/et_pb_text][\/et_pb_column][\/et_pb_row][\/et_pb_section][et_pb_section fb_built=&#8221;1&#8243; theme_builder_area=&#8221;post_content&#8221; _builder_version=&#8221;4.27.4&#8243; _module_preset=&#8221;default&#8221; alt=&#8221;Construction-Machinery-Hydraulic-Cylinders&#8221; title_text=&#8221;Construction-Machinery-Hydraulic-Cylinders&#8221; background_image=&#8221;https:\/\/fmp-components.com\/wp-content\/uploads\/2025\/03\/Construction-Machinery-Hydraulic-Cylinders-Banner.webp&#8221; hover_enabled=&#8221;0&#8243; sticky_enabled=&#8221;0&#8243; min_height=&#8221;436px&#8221; use_background_color_gradient=&#8221;on&#8221; background_color_gradient_stops=&#8221;rgba(0,0,0,0.51) 0%|rgba(0,0,0,0.29) 100%&#8221; background_color_gradient_overlays_image=&#8221;on&#8221;][et_pb_row _builder_version=&#8221;4.27.4&#8243; _module_preset=&#8221;default&#8221; theme_builder_area=&#8221;post_content&#8221; custom_padding=&#8221;88px|||||&#8221;][et_pb_column _builder_version=&#8221;4.27.4&#8243; _module_preset=&#8221;default&#8221; type=&#8221;4_4&#8243; theme_builder_area=&#8221;post_content&#8221;][et_pb_text _builder_version=&#8221;4.27.4&#8243; _module_preset=&#8221;default&#8221; theme_builder_area=&#8221;post_content&#8221; text_font_size=&#8221;18px&#8221; text_line_height=&#8221;2em&#8221; text_text_color=&#8221;#FFFFFF&#8221; text_text_shadow_style=&#8221;preset1&#8243; hover_enabled=&#8221;0&#8243; sticky_enabled=&#8221;0&#8243;]<\/p>\n<p style=\"text-align: center;\">Uz\u0146\u0113mum\u0101 FMP m\u0113s lepojamies ar to, ka ra\u017eojam visu veidu augst\u0101k\u0101s klases hidrauliskos cilindrus celtniec\u012bbas tehnikai, pal\u012bdzot klientiem no Mil\u0101nas l\u012bdz pat It\u0101lijas dienvidiem. Neatkar\u012bgi no t\u0101, vai jums ir nepiecie\u0161ami iztur\u012bgi cilindri ekskavatoriem vai \u012bpa\u0161i cilindri for\u0161iem projektiem Ven\u0113cij\u0101, m\u016bsu komanda It\u0101lij\u0101 var rad\u012bt iztur\u012bgus, augstas veiktsp\u0113jas produktus tie\u0161i jums. M\u0113s koncentr\u0113jamies uz jaun\u0101m idej\u0101m un viet\u0113jo ekspertu zin\u0101\u0161an\u0101m, lai p\u0101rliecin\u0101tos, ka m\u016bsu cilindri var tikt gal\u0101 ar It\u0101lijas sare\u017e\u0123\u012btajiem celtniec\u012bbas darbiem. M\u0113s esam gatavi pal\u012bdz\u0113t gan ar regul\u0101r\u0101m vajadz\u012bb\u0101m, gan ar individu\u0101liem projektiem, vienm\u0113r pied\u0101v\u0101jot \u0101tru un uzticamu servisu.<\/p>\n<p>[\/et_pb_teksts][\/et_pb_kolumna][\/et_pb_rinda][\/et_pb_sekcija]<\/p>","protected":false},"excerpt":{"rendered":"<p>Construction Machinery Hydraulic CylindersAt FMP Company, we specialize in manufacturing a wide range of Construction Machinery Hydraulic Cylinders designed to meet diverse industry needs. In addition to our extensive product lineup, we also offer customized solutions tailored to your specific requirements. If you don\u2019t find the model you need in our product list, it simply [&hellip;]<\/p>","protected":false},"author":2,"featured_media":0,"parent":0,"menu_order":0,"comment_status":"closed","ping_status":"closed","template":"","meta":{"_et_pb_use_builder":"on","_et_pb_old_content":"","_et_gb_content_width":"","footnotes":""},"class_list":["post-7540","page","type-page","status-publish","hentry"],"_links":{"self":[{"href":"https:\/\/fmp-components.com\/lv\/wp-json\/wp\/v2\/pages\/7540","targetHints":{"allow":["GET"]}}],"collection":[{"href":"https:\/\/fmp-components.com\/lv\/wp-json\/wp\/v2\/pages"}],"about":[{"href":"https:\/\/fmp-components.com\/lv\/wp-json\/wp\/v2\/types\/page"}],"author":[{"embeddable":true,"href":"https:\/\/fmp-components.com\/lv\/wp-json\/wp\/v2\/users\/2"}],"replies":[{"embeddable":true,"href":"https:\/\/fmp-components.com\/lv\/wp-json\/wp\/v2\/comments?post=7540"}],"version-history":[{"count":13,"href":"https:\/\/fmp-components.com\/lv\/wp-json\/wp\/v2\/pages\/7540\/revisions"}],"predecessor-version":[{"id":7562,"href":"https:\/\/fmp-components.com\/lv\/wp-json\/wp\/v2\/pages\/7540\/revisions\/7562"}],"wp:attachment":[{"href":"https:\/\/fmp-components.com\/lv\/wp-json\/wp\/v2\/media?parent=7540"}],"curies":[{"name":"wp","href":"https:\/\/api.w.org\/{rel}","templated":true}]}}