{"id":7511,"date":"2025-03-27T05:42:56","date_gmt":"2025-03-27T05:42:56","guid":{"rendered":"https:\/\/fmp-components.com\/?page_id=7511"},"modified":"2025-03-27T06:33:13","modified_gmt":"2025-03-27T06:33:13","slug":"aerial-work-vehicle-hydraulic-cylinders-2","status":"publish","type":"page","link":"https:\/\/fmp-components.com\/lv\/aerial-work-vehicle-hydraulic-cylinders-2\/","title":{"rendered":"Gaisa darba transportl\u012bdzek\u013cu hidrauliskie cilindri"},"content":{"rendered":"<p>[et_pb_section fb_built=&#8221;1&#8243; theme_builder_area=&#8221;post_content&#8221; _builder_version=&#8221;4.27.4&#8243; _module_preset=&#8221;default&#8221; alt=&#8221;Aerial-Work-Vehicle-Hydraulic-Cylinders-banner&#8221; title_text=&#8221;Aerial-Work-Vehicle-Hydraulic-Cylinders-banner&#8221; background_image=&#8221;https:\/\/fmp-components.com\/wp-content\/uploads\/2025\/03\/Aerial-Work-Vehicle-Hydraulic-Cylinders-banner.webp&#8221; hover_enabled=&#8221;0&#8243; sticky_enabled=&#8221;0&#8243; min_height=&#8221;348px&#8221; use_background_color_gradient=&#8221;on&#8221; background_color_gradient_stops=&#8221;rgba(0,0,0,0.35) 0%|rgba(0,0,0,0.3) 100%&#8221; background_color_gradient_overlays_image=&#8221;on&#8221;][et_pb_row _builder_version=&#8221;4.27.4&#8243; _module_preset=&#8221;default&#8221; theme_builder_area=&#8221;post_content&#8221;][et_pb_column _builder_version=&#8221;4.27.4&#8243; _module_preset=&#8221;default&#8221; type=&#8221;4_4&#8243; theme_builder_area=&#8221;post_content&#8221;][et_pb_text _builder_version=&#8221;4.27.4&#8243; _module_preset=&#8221;default&#8221; theme_builder_area=&#8221;post_content&#8221; header_font=&#8221;Frank Ruhl Libre||||||||&#8221; header_font_size=&#8221;70px&#8221; header_text_color=&#8221;#FFFFFF&#8221; header_text_shadow_style=&#8221;preset1&#8243; hover_enabled=&#8221;0&#8243; sticky_enabled=&#8221;0&#8243;]<\/p>\n<h1 style=\"text-align: center;\">Gaisa darba transportl\u012bdzek\u013cu hidrauliskie cilindri<\/h1>\n<p>[\/et_pb_text][et_pb_text _builder_version=&#8221;4.27.4&#8243; _module_preset=&#8221;default&#8221; theme_builder_area=&#8221;post_content&#8221; text_text_color=&#8221;#FFFFFF&#8221; text_font_size=&#8221;16px&#8221; text_line_height=&#8221;1.8em&#8221; hover_enabled=&#8221;0&#8243; sticky_enabled=&#8221;0&#8243;]<\/p>\n<p style=\"text-align: center;\">Uz\u0146\u0113mum\u0101 FMP m\u0113s specializ\u0113jamies pla\u0161a kl\u0101sta pac\u0113l\u0101ju hidraulisko cilindru ra\u017eo\u0161an\u0101, kas paredz\u0113ti da\u017e\u0101du nozaru vajadz\u012bb\u0101m. Papildus m\u016bsu pla\u0161ajam produktu kl\u0101stam m\u0113s pied\u0101v\u0101jam ar\u012b piel\u0101gotus risin\u0101jumus, kas piel\u0101goti j\u016bsu \u012bpa\u0161aj\u0101m pras\u012bb\u0101m. Ja m\u016bsu produktu sarakst\u0101 neatrodat nepiecie\u0161amo modeli, tas noz\u012bm\u0113, ka mums v\u0113l nav bijusi iesp\u0113ja to aug\u0161upiel\u0101d\u0113t. L\u016bdzu, rakstiet mums e-pastu ar sav\u0101m v\u0113lamaj\u0101m specifik\u0101cij\u0101m, un m\u016bsu kvalific\u0113tie in\u017eenieri atbild\u0113s 24 stundu laik\u0101, lai jums pal\u012bdz\u0113tu.<\/p>\n<p>[\/et_pb_text][\/et_pb_column][\/et_pb_row][\/et_pb_section][et_pb_section fb_built=&#8221;1&#8243; theme_builder_area=&#8221;post_content&#8221; _builder_version=&#8221;4.27.4&#8243; _module_preset=&#8221;default&#8221;][et_pb_row _builder_version=&#8221;4.27.4&#8243; _module_preset=&#8221;default&#8221; theme_builder_area=&#8221;post_content&#8221;][et_pb_column _builder_version=&#8221;4.27.4&#8243; _module_preset=&#8221;default&#8221; type=&#8221;4_4&#8243; theme_builder_area=&#8221;post_content&#8221;][et_pb_shop _builder_version=&#8221;4.27.4&#8243; _module_preset=&#8221;default&#8221; theme_builder_area=&#8221;post_content&#8221; type=&#8221;product_category&#8221; include_categories=&#8221;22&#8243; columns_number=&#8221;3&#8243; hover_enabled=&#8221;0&#8243; sticky_enabled=&#8221;0&#8243;][\/et_pb_shop][\/et_pb_column][\/et_pb_row][\/et_pb_section][et_pb_section fb_built=&#8221;1&#8243; theme_builder_area=&#8221;post_content&#8221; _builder_version=&#8221;4.27.4&#8243; _module_preset=&#8221;default&#8221;][et_pb_row _builder_version=&#8221;4.27.4&#8243; _module_preset=&#8221;default&#8221; theme_builder_area=&#8221;post_content&#8221; column_structure=&#8221;1_2,1_2&#8243;][et_pb_column _builder_version=&#8221;4.27.4&#8243; _module_preset=&#8221;default&#8221; type=&#8221;1_2&#8243; theme_builder_area=&#8221;post_content&#8221;][et_pb_image src=&#8221;https:\/\/fmp-components.com\/wp-content\/uploads\/2025\/03\/aerial-work-platforms-hydraulic-cylinder-1.webp&#8221; _builder_version=&#8221;4.27.4&#8243; _module_preset=&#8221;default&#8221; theme_builder_area=&#8221;post_content&#8221; alt=&#8221;aerial-work-platforms-hydraulic-cylinder-1&#8243; title_text=&#8221;aerial-work-platforms-hydraulic-cylinder-1&#8243; hover_enabled=&#8221;0&#8243; sticky_enabled=&#8221;0&#8243;][\/et_pb_image][\/et_pb_column][et_pb_column _builder_version=&#8221;4.27.4&#8243; _module_preset=&#8221;default&#8221; type=&#8221;1_2&#8243; theme_builder_area=&#8221;post_content&#8221;][et_pb_text _builder_version=&#8221;4.27.4&#8243; _module_preset=&#8221;default&#8221; theme_builder_area=&#8221;post_content&#8221; hover_enabled=&#8221;0&#8243; sticky_enabled=&#8221;0&#8243; header_2_font=&#8221;Frank Ruhl Libre||||||||&#8221; header_2_font_size=&#8221;35px&#8221;]<\/p>\n<h2>Hidrauliskie cilindri gaisa darba transportl\u012bdzek\u013cos<\/h2>\n<p>Hidrauliskie cilindri ir gaisa darba transportl\u012bdzek\u013cu (AWV) st\u016brakmens, kas nodro\u0161ina prec\u012bzu platformu, piem\u0113ram, \u0161\u0137\u0113rveida pac\u0113l\u0101ju, piekabei piestiprin\u0101tu str\u0113les pac\u0113l\u0101ju, ar dzin\u0113ju darbin\u0101mu str\u0113les pac\u0113l\u0101ju un vertik\u0101lo masta pac\u0113l\u0101ju, kust\u012bbu un stabilit\u0101ti. Str\u0101d\u0101jot augstum\u0101, uzticam\u012bba nav apsprie\u017eama, un sadarb\u012bba ar FMPde ekspertiem nodro\u0161ina t\u0101du dro\u0161\u012bbas un veiktsp\u0113jas standartu k\u0101 ANSI un CSA pras\u012bbu iev\u0113ro\u0161anu. S\u0101kot ar darba groza izl\u012bdzin\u0101\u0161anu un beidzot ar galven\u0101s str\u0113les pagarin\u0101\u0161anu, hidrauliskie cilindri \u013cauj AWV veikt kritiski svar\u012bgus uzdevumus t\u0101d\u0101s nozar\u0113s k\u0101 b\u016bvniec\u012bba, apkope un komun\u0101lie pakalpojumi. Katrs cilindra veids, neatkar\u012bgi no t\u0101, vai tas ir aug\u0161\u0113jais izl\u012bdzin\u0101\u0161anas cilindrs, kas notur galveno str\u0113li horizont\u0101l\u0101 st\u0101vokl\u012b, vai galven\u0101s str\u0113les pagarin\u0101\u0161anas cilindrs, kas kontrol\u0113 str\u0113les garumu, darbojas kop\u0101, lai nodro\u0161in\u0101tu vienm\u0113r\u012bgu un kontrol\u0113tu darb\u012bbu sare\u017e\u0123\u012btos apst\u0101k\u013cos.<\/p>\n<p>[\/et_pb_text][\/et_pb_column][\/et_pb_row][et_pb_row _builder_version=&#8221;4.27.4&#8243; _module_preset=&#8221;default&#8221; theme_builder_area=&#8221;post_content&#8221;][et_pb_column _builder_version=&#8221;4.27.4&#8243; _module_preset=&#8221;default&#8221; type=&#8221;4_4&#8243; theme_builder_area=&#8221;post_content&#8221;][et_pb_text _builder_version=&#8221;4.27.4&#8243; _module_preset=&#8221;default&#8221; theme_builder_area=&#8221;post_content&#8221; hover_enabled=&#8221;0&#8243; sticky_enabled=&#8221;0&#8243;]<\/p>\n<p>Pilnpiedzi\u0146as transportl\u012bdzek\u013cos (AWV) specializ\u0113tiem hidrauliskajiem cilindriem ir at\u0161\u0137ir\u012bgi m\u0113r\u0137i, lai uzlabotu funkcionalit\u0101ti un dro\u0161\u012bbu. Konsoles cilindrs regul\u0113 darba groza horizont\u0101lo le\u0146\u0137i, savuk\u0101rt salok\u0101m\u0101s sviras le\u0146\u0137a cilindrs maina artikul\u0113to str\u0113les le\u0146\u0137i, lai tas atbilstu da\u017e\u0101du uzdevumu pras\u012bb\u0101m. St\u016bres cilindri atvieglo autonomu kust\u012bbu, un peldo\u0161ie cilindri absorb\u0113 triecienus, lai saglab\u0101tu l\u012bdzsvaru uz nel\u012bdzena reljefa. Tikm\u0113r galvenais str\u0113les le\u0146\u0137a cilindrs atbalsta visas sviras pozicion\u0113\u0161anu, nodro\u0161inot konstrukcijas integrit\u0101ti liel\u0101 augstum\u0101. Pateicoties prasm\u012bgai in\u017eenieru komandai, \u0161ie cilindri nodro\u0161ina precizit\u0101ti un iztur\u012bbu, kas nepiecie\u0161ama darbam gais\u0101, padarot hidraulisk\u0101s sist\u0113mas neaizst\u0101jamas dro\u0161\u0101m un efekt\u012bv\u0101m darb\u012bb\u0101m augstkaln\u0101.<\/p>\n<p>[\/et_pb_teksts][\/et_pb_kolumna][\/et_pb_rinda][\/et_pb_sekcija]<\/p>","protected":false},"excerpt":{"rendered":"<p>Aerial Work Vehicle Hydraulic CylindersAt FMP Company, we specialize in manufacturing a wide range of Aerial Work Vehicle Hydraulic Cylinders designed to meet diverse industry needs. In addition to our extensive product lineup, we also offer customized solutions tailored to your specific requirements. If you don\u2019t find the model you need in our product list, [&hellip;]<\/p>","protected":false},"author":2,"featured_media":0,"parent":0,"menu_order":0,"comment_status":"closed","ping_status":"closed","template":"","meta":{"_et_pb_use_builder":"on","_et_pb_old_content":"","_et_gb_content_width":"","footnotes":""},"class_list":["post-7511","page","type-page","status-publish","hentry"],"_links":{"self":[{"href":"https:\/\/fmp-components.com\/lv\/wp-json\/wp\/v2\/pages\/7511","targetHints":{"allow":["GET"]}}],"collection":[{"href":"https:\/\/fmp-components.com\/lv\/wp-json\/wp\/v2\/pages"}],"about":[{"href":"https:\/\/fmp-components.com\/lv\/wp-json\/wp\/v2\/types\/page"}],"author":[{"embeddable":true,"href":"https:\/\/fmp-components.com\/lv\/wp-json\/wp\/v2\/users\/2"}],"replies":[{"embeddable":true,"href":"https:\/\/fmp-components.com\/lv\/wp-json\/wp\/v2\/comments?post=7511"}],"version-history":[{"count":7,"href":"https:\/\/fmp-components.com\/lv\/wp-json\/wp\/v2\/pages\/7511\/revisions"}],"predecessor-version":[{"id":7522,"href":"https:\/\/fmp-components.com\/lv\/wp-json\/wp\/v2\/pages\/7511\/revisions\/7522"}],"wp:attachment":[{"href":"https:\/\/fmp-components.com\/lv\/wp-json\/wp\/v2\/media?parent=7511"}],"curies":[{"name":"wp","href":"https:\/\/api.w.org\/{rel}","templated":true}]}}