{"id":7276,"date":"2025-03-21T06:23:21","date_gmt":"2025-03-21T06:23:21","guid":{"rendered":"https:\/\/fmp-components.com\/?page_id=7276"},"modified":"2025-03-21T07:44:30","modified_gmt":"2025-03-21T07:44:30","slug":"telescopic-hydraulic-cylinders-2","status":"publish","type":"page","link":"https:\/\/fmp-components.com\/lv\/telescopic-hydraulic-cylinders-2\/","title":{"rendered":"Teleskopiskie hidrauliskie cilindri"},"content":{"rendered":"<p>[et_pb_section fb_built=&#8221;1&#8243; theme_builder_area=&#8221;post_content&#8221; _builder_version=&#8221;4.27.4&#8243; _module_preset=&#8221;default&#8221; alt=&#8221;Telescopic-Hydraulic-Cylinders-banner&#8221; title_text=&#8221;Telescopic-Hydraulic-Cylinders-banner-1&#8243; background_image=&#8221;https:\/\/fmp-components.com\/wp-content\/uploads\/2025\/03\/Telescopic-Hydraulic-Cylinders-banner-1.webp&#8221; hover_enabled=&#8221;0&#8243; sticky_enabled=&#8221;0&#8243; min_height=&#8221;299px&#8221;][et_pb_row _builder_version=&#8221;4.27.4&#8243; _module_preset=&#8221;default&#8221; theme_builder_area=&#8221;post_content&#8221;][et_pb_column _builder_version=&#8221;4.27.4&#8243; _module_preset=&#8221;default&#8221; type=&#8221;4_4&#8243; theme_builder_area=&#8221;post_content&#8221;][et_pb_text _builder_version=&#8221;4.27.4&#8243; _module_preset=&#8221;default&#8221; theme_builder_area=&#8221;post_content&#8221; header_font=&#8221;Frank Ruhl Libre||||||||&#8221; header_font_size=&#8221;60px&#8221; header_text_shadow_style=&#8221;preset1&#8243; header_text_color=&#8221;#FFFFFF&#8221; hover_enabled=&#8221;0&#8243; sticky_enabled=&#8221;0&#8243;]<\/p>\n<h1 style=\"text-align: center;\">Teleskopiskie hidrauliskie cilindri<\/h1>\n<p>[\/et_pb_text][\/et_pb_column][\/et_pb_row][\/et_pb_section][et_pb_section fb_built=&#8221;1&#8243; theme_builder_area=&#8221;post_content&#8221; _builder_version=&#8221;4.27.4&#8243; _module_preset=&#8221;default&#8221;][et_pb_row _builder_version=&#8221;4.27.4&#8243; _module_preset=&#8221;default&#8221; theme_builder_area=&#8221;post_content&#8221;][et_pb_column _builder_version=&#8221;4.27.4&#8243; _module_preset=&#8221;default&#8221; type=&#8221;4_4&#8243; theme_builder_area=&#8221;post_content&#8221;][et_pb_shop _builder_version=&#8221;4.27.4&#8243; _module_preset=&#8221;default&#8221; theme_builder_area=&#8221;post_content&#8221; type=&#8221;product_category&#8221; include_categories=&#8221;103&#8243; show_pagination=&#8221;on&#8221; hover_enabled=&#8221;0&#8243; sticky_enabled=&#8221;0&#8243;][\/et_pb_shop][\/et_pb_column][\/et_pb_row][\/et_pb_section][et_pb_section fb_built=&#8221;1&#8243; theme_builder_area=&#8221;post_content&#8221; _builder_version=&#8221;4.27.4&#8243; _module_preset=&#8221;default&#8221;][et_pb_row _builder_version=&#8221;4.27.4&#8243; _module_preset=&#8221;default&#8221; theme_builder_area=&#8221;post_content&#8221;][et_pb_column _builder_version=&#8221;4.27.4&#8243; _module_preset=&#8221;default&#8221; type=&#8221;4_4&#8243; theme_builder_area=&#8221;post_content&#8221;][et_pb_text _builder_version=&#8221;4.27.4&#8243; _module_preset=&#8221;default&#8221; theme_builder_area=&#8221;post_content&#8221; header_2_font=&#8221;Frank Ruhl Libre||||||||&#8221; header_2_font_size=&#8221;45px&#8221; text_font_size=&#8221;16px&#8221; text_line_height=&#8221;1.8em&#8221; hover_enabled=&#8221;0&#8243; sticky_enabled=&#8221;0&#8243;]<\/p>\n<div>\n<h2>Teleskopiskie hidrauliskie cilindri: jauda un precizit\u0101te no FMP uz\u0146\u0113muma<\/h2>\n<p class=\"break-words\">Hidraulisko sist\u0113mu jom\u0101 teleskopiskie hidrauliskie cilindri ir paz\u012bstami ar savu sp\u0113ju nodro\u0161in\u0101t pla\u0161u sniedzam\u012bbu kompakt\u0101 konstrukcij\u0101. \u0160\u012bs daudzpus\u012bg\u0101s sast\u0101vda\u013cas ir b\u016btiskas lietojumos, kuros nepiecie\u0161ami gari g\u0101jieni ierobe\u017eot\u0101s telp\u0101s, padarot t\u0101s neaizst\u0101jamas da\u017e\u0101d\u0101s nozar\u0113s. FMP lepojas ar to, ka ir vado\u0161ais augstas kvalit\u0101tes teleskopisko hidraulisko cilindru ra\u017eot\u0101js, kas apkalpo klientus vis\u0101 It\u0101lij\u0101, tostarp ros\u012bgos centros, piem\u0113ram, Mil\u0101n\u0101, v\u0113sturiskaj\u0101 Ven\u0113cij\u0101, m\u0101kslinieciskaj\u0101 Florenc\u0113 un industri\u0101laj\u0101 Bolo\u0146\u0101. M\u016bsu ap\u0146em\u0161an\u0101s nodro\u0161in\u0101t kvalit\u0101ti, inov\u0101cijas un klientu apmierin\u0101t\u012bbu padara m\u016bs par j\u016bsu uzticamo partneri hidraulisko risin\u0101jumu jom\u0101.<\/p>\n<\/div>\n<p>[\/et_pb_text][\/et_pb_column][\/et_pb_row][et_pb_row _builder_version=&#8221;4.27.4&#8243; _module_preset=&#8221;default&#8221; column_structure=&#8221;1_2,1_2&#8243; theme_builder_area=&#8221;post_content&#8221; use_custom_gutter=&#8221;on&#8221; gutter_width=&#8221;2&#8243; hover_enabled=&#8221;0&#8243; sticky_enabled=&#8221;0&#8243; custom_padding=&#8221;||1px|||&#8221;][et_pb_column _builder_version=&#8221;4.27.4&#8243; _module_preset=&#8221;default&#8221; type=&#8221;1_2&#8243; theme_builder_area=&#8221;post_content&#8221;][et_pb_image src=&#8221;https:\/\/fmp-components.com\/wp-content\/uploads\/2025\/03\/Telescopic-Hydraulic-Cylinders-product-1.webp&#8221; _builder_version=&#8221;4.27.4&#8243; _module_preset=&#8221;default&#8221; theme_builder_area=&#8221;post_content&#8221; alt=&#8221;Telescopic-Hydraulic-Cylinders&#8221; title_text=&#8221;Telescopic-Hydraulic-Cylinders-product-1&#8243; hover_enabled=&#8221;0&#8243; sticky_enabled=&#8221;0&#8243;][\/et_pb_image][\/et_pb_column][et_pb_column _builder_version=&#8221;4.27.4&#8243; _module_preset=&#8221;default&#8221; type=&#8221;1_2&#8243; theme_builder_area=&#8221;post_content&#8221;][et_pb_image src=&#8221;https:\/\/fmp-components.com\/wp-content\/uploads\/2025\/03\/Telescopic-Hydraulic-Cylinders-product-2.webp&#8221; _builder_version=&#8221;4.27.4&#8243; _module_preset=&#8221;default&#8221; theme_builder_area=&#8221;post_content&#8221; alt=&#8221;Telescopic-Hydraulic-Cylinders&#8221; title_text=&#8221;Telescopic-Hydraulic-Cylinders-product-2&#8243; hover_enabled=&#8221;0&#8243; sticky_enabled=&#8221;0&#8243;][\/et_pb_image][\/et_pb_column][\/et_pb_row][et_pb_row _builder_version=&#8221;4.27.4&#8243; _module_preset=&#8221;default&#8221; column_structure=&#8221;1_2,1_2&#8243; theme_builder_area=&#8221;post_content&#8221; use_custom_gutter=&#8221;on&#8221; gutter_width=&#8221;2&#8243; hover_enabled=&#8221;0&#8243; sticky_enabled=&#8221;0&#8243; custom_padding=&#8221;10px|||||&#8221;][et_pb_column _builder_version=&#8221;4.27.4&#8243; _module_preset=&#8221;default&#8221; type=&#8221;1_2&#8243; theme_builder_area=&#8221;post_content&#8221;][et_pb_image src=&#8221;https:\/\/fmp-components.com\/wp-content\/uploads\/2025\/03\/Telescopic-Hydraulic-Cylinders-product-3.webp&#8221; _builder_version=&#8221;4.27.4&#8243; _module_preset=&#8221;default&#8221; theme_builder_area=&#8221;post_content&#8221; alt=&#8221;Telescopic-Hydraulic-Cylinders&#8221; title_text=&#8221;Telescopic-Hydraulic-Cylinders-product-3&#8243; hover_enabled=&#8221;0&#8243; sticky_enabled=&#8221;0&#8243;][\/et_pb_image][\/et_pb_column][et_pb_column _builder_version=&#8221;4.27.4&#8243; _module_preset=&#8221;default&#8221; type=&#8221;1_2&#8243; theme_builder_area=&#8221;post_content&#8221;][et_pb_image src=&#8221;https:\/\/fmp-components.com\/wp-content\/uploads\/2025\/03\/Telescopic-Hydraulic-Cylinders-product-4.webp&#8221; _builder_version=&#8221;4.27.4&#8243; _module_preset=&#8221;default&#8221; theme_builder_area=&#8221;post_content&#8221; alt=&#8221;Telescopic-Hydraulic-Cylinders&#8221; title_text=&#8221;Telescopic-Hydraulic-Cylinders-product-4&#8243; hover_enabled=&#8221;0&#8243; sticky_enabled=&#8221;0&#8243;][\/et_pb_image][\/et_pb_column][\/et_pb_row][et_pb_row _builder_version=&#8221;4.27.4&#8243; _module_preset=&#8221;default&#8221; theme_builder_area=&#8221;post_content&#8221;][et_pb_column _builder_version=&#8221;4.27.4&#8243; _module_preset=&#8221;default&#8221; type=&#8221;4_4&#8243; theme_builder_area=&#8221;post_content&#8221;][et_pb_text _builder_version=&#8221;4.27.4&#8243; _module_preset=&#8221;default&#8221; theme_builder_area=&#8221;post_content&#8221; header_2_font=&#8221;Frank Ruhl Libre||||||||&#8221; header_2_font_size=&#8221;40px&#8221; text_font_size=&#8221;16px&#8221; text_line_height=&#8221;1.8em&#8221; hover_enabled=&#8221;0&#8243; sticky_enabled=&#8221;0&#8243;]<\/p>\n<div>\n<h2>Teleskopisko hidraulisko cilindru pielietojums<\/h2>\n<p class=\"break-words\">Teleskopiskie hidrauliskie cilindri ir neticami daudzpus\u012bgi, darbinot pla\u0161u iek\u0101rtu kl\u0101stu vair\u0101k\u0101s nozar\u0113s.<\/p>\n<p class=\"break-words\">It\u0101lij\u0101 \u0161iem cilindriem ir iz\u0161\u0137iro\u0161a noz\u012bme viet\u0113j\u0101s r\u016bpniec\u012bbas nozar\u0113s. Mil\u0101n\u0101, kas ir b\u016bvniec\u012bbas centrs, tie darbina celt\u0146us, kas veido pils\u0113tas panor\u0101mu. Lauksaimniec\u012bbas re\u0123ionos net\u0101lu no Florences tie darbina tehniku, kas uztur saimniec\u012bbu produktivit\u0101ti. Ven\u0113cij\u0101, kur \u0161aur\u0101s ielas prasa kompaktus risin\u0101jumus, tie ir vit\u0101li svar\u012bgi atkritumu apsaimnieko\u0161anas transportl\u012bdzek\u013ciem. Tikm\u0113r Bolo\u0146as ra\u017eo\u0161anas nozare pa\u013caujas uz tiem, lai nodro\u0161in\u0101tu stabilu iek\u0101rtu veiktsp\u0113ju.<\/p>\n<\/div>\n<p>[\/et_pb_text][\/et_pb_column][\/et_pb_row][et_pb_row _builder_version=&#8221;4.27.4&#8243; _module_preset=&#8221;default&#8221; column_structure=&#8221;1_2,1_2&#8243; theme_builder_area=&#8221;post_content&#8221;][et_pb_column _builder_version=&#8221;4.27.4&#8243; _module_preset=&#8221;default&#8221; type=&#8221;1_2&#8243; theme_builder_area=&#8221;post_content&#8221;][et_pb_blurb title=&#8221;Construction&#8221; image=&#8221;https:\/\/fmp-components.com\/wp-content\/uploads\/2025\/03\/excavators.webp&#8221; _builder_version=&#8221;4.27.4&#8243; _module_preset=&#8221;default&#8221; theme_builder_area=&#8221;post_content&#8221; header_text_align=&#8221;center&#8221; text_orientation=&#8221;center&#8221; alt=&#8221;excavators&#8221; title_text=&#8221;excavators&#8221; hover_enabled=&#8221;0&#8243; sticky_enabled=&#8221;0&#8243;]<\/p>\n<p>Izmanto celt\u0146os un ekskavatoros cel\u0161anas un snieg\u0161anas sp\u0113ju nodro\u0161in\u0101\u0161anai.<\/p>\n<p>[\/et_pb_blurb][\/et_pb_column][et_pb_column _builder_version=&#8221;4.27.4&#8243; _module_preset=&#8221;default&#8221; type=&#8221;1_2&#8243; theme_builder_area=&#8221;post_content&#8221;][et_pb_blurb title=&#8221;Agriculture&#8221; image=&#8221;https:\/\/fmp-components.com\/wp-content\/uploads\/2025\/03\/Agriculture-harvester.webp&#8221; _builder_version=&#8221;4.27.4&#8243; _module_preset=&#8221;default&#8221; theme_builder_area=&#8221;post_content&#8221; header_text_align=&#8221;center&#8221; text_orientation=&#8221;center&#8221; alt=&#8221;Agriculture-harvester&#8221; title_text=&#8221;Agriculture-harvester&#8221; hover_enabled=&#8221;0&#8243; sticky_enabled=&#8221;0&#8243;]<\/p>\n<p>Atrodams kombainos un iekr\u0101v\u0113jos efekt\u012bvai materi\u0101lu apstr\u0101dei.<\/p>\n<p>[\/et_pb_blurb][\/et_pb_column][\/et_pb_row][et_pb_row _builder_version=&#8221;4.27.4&#8243; _module_preset=&#8221;default&#8221; column_structure=&#8221;1_2,1_2&#8243; theme_builder_area=&#8221;post_content&#8221;][et_pb_column _builder_version=&#8221;4.27.4&#8243; _module_preset=&#8221;default&#8221; type=&#8221;1_2&#8243; theme_builder_area=&#8221;post_content&#8221;][et_pb_blurb title=&#8221;Waste Management&#8221; image=&#8221;https:\/\/fmp-components.com\/wp-content\/uploads\/2025\/03\/garbage-trucks.webp&#8221; _builder_version=&#8221;4.27.4&#8243; _module_preset=&#8221;default&#8221; theme_builder_area=&#8221;post_content&#8221; header_text_align=&#8221;center&#8221; text_orientation=&#8221;center&#8221; alt=&#8221;garbage-trucks&#8221; title_text=&#8221;garbage-trucks&#8221; hover_enabled=&#8221;0&#8243; sticky_enabled=&#8221;0&#8243;]<\/p>\n<p>Izmanto atkritumu sav\u0101k\u0161anas automa\u0161\u012bn\u0101s un kompaktoros, lai nodro\u0161in\u0101tu kompaktu, bet jaud\u012bgu darb\u012bbu.<\/p>\n<p>[\/et_pb_blurb][\/et_pb_column][et_pb_column _builder_version=&#8221;4.27.4&#8243; _module_preset=&#8221;default&#8221; type=&#8221;1_2&#8243; theme_builder_area=&#8221;post_content&#8221;][et_pb_blurb title=&#8221;Transportation&#8221; image=&#8221;https:\/\/fmp-components.com\/wp-content\/uploads\/2025\/03\/dump-trucks.webp&#8221; _builder_version=&#8221;4.27.4&#8243; _module_preset=&#8221;default&#8221; theme_builder_area=&#8221;post_content&#8221; header_text_align=&#8221;center&#8221; text_orientation=&#8221;center&#8221; alt=&#8221;dump-trucks&#8221; title_text=&#8221;dump-trucks&#8221; hover_enabled=&#8221;0&#8243; sticky_enabled=&#8221;0&#8243;]<\/p>\n<p>Neat\u0146emama sast\u0101vda\u013ca pa\u0161izg\u0101z\u0113jiem un p\u0101rkrau\u0161anas piekab\u0113m smago kravu apstr\u0101dei.<\/p>\n<p>[\/et_pb_blurb][\/et_pb_column][\/et_pb_row][\/et_pb_section][et_pb_section fb_built=&#8221;1&#8243; theme_builder_area=&#8221;post_content&#8221; _builder_version=&#8221;4.27.4&#8243; _module_preset=&#8221;default&#8221;][et_pb_row _builder_version=&#8221;4.27.4&#8243; _module_preset=&#8221;default&#8221; theme_builder_area=&#8221;post_content&#8221; max_width=&#8221;1250px&#8221; width=&#8221;100%&#8221; hover_enabled=&#8221;0&#8243; sticky_enabled=&#8221;0&#8243;][et_pb_column _builder_version=&#8221;4.27.4&#8243; _module_preset=&#8221;default&#8221; type=&#8221;4_4&#8243; theme_builder_area=&#8221;post_content&#8221;][et_pb_text _builder_version=&#8221;4.27.4&#8243; _module_preset=&#8221;default&#8221; theme_builder_area=&#8221;post_content&#8221; hover_enabled=&#8221;0&#8243; sticky_enabled=&#8221;0&#8243; text_font_size=&#8221;16px&#8221; text_line_height=&#8221;1.8em&#8221;]<\/p>\n<div>\n<h2>FMP teleskopiskie hidrauliskie cilindri<\/h2>\n<p class=\"break-words\">FMP pied\u0101v\u0101 pla\u0161u teleskopisko hidraulisko cilindru kl\u0101stu, kas piel\u0101gots da\u017e\u0101d\u0101m vajadz\u012bb\u0101m:<\/p>\n<ul class=\"marker:text-secondary\">\n<li class=\"break-words\"><strong>Vienvirziena darb\u012bbas cilindri<\/strong>Lieliski piem\u0113rots lietojumiem, kuros ievilk\u0161anu veicina gravit\u0101cija vai \u0101r\u0113ji sp\u0113ki, piem\u0113ram, pa\u0161izg\u0101z\u0113jiem.<\/li>\n<li class=\"break-words\"><strong>Divk\u0101r\u0161as darb\u012bbas cilindri<\/strong>Izstr\u0101d\u0101ts prec\u012bzai darb\u012bbai, izmantojot hidraulisko sp\u0113ku gan izvilk\u0161anai, gan ievilk\u0161anai, ide\u0101li piem\u0113rots celtniec\u012bbas iek\u0101rt\u0101m.<\/li>\n<li class=\"break-words\"><strong>Kombin\u0113tie cilindri<\/strong>Apvienojot abu veidu priek\u0161roc\u012bbas specializ\u0113t\u0101m lietojumprogramm\u0101m.<\/li>\n<\/ul>\n<p class=\"break-words\">M\u016bsu cilindriem ir iespaid\u012bgas specifik\u0101cijas:<\/p>\n<ul class=\"marker:text-secondary\">\n<li class=\"break-words\">Urbumu izm\u0113ri l\u012bdz 15 coll\u0101m.<\/li>\n<li class=\"break-words\">G\u0101jiena garums l\u012bdz 500 coll\u0101m.<\/li>\n<li class=\"break-words\">L\u012bdz 5 posmiem.<\/li>\n<li class=\"break-words\">Darba spiediens l\u012bdz 2000 psi, ar piel\u0101got\u0101m opcij\u0101m augst\u0101kam spiedienam.<\/li>\n<\/ul>\n<p class=\"break-words\">M\u016bsu cilindri ir izgatavoti no augstas stipr\u012bbas t\u0113rauda, \u200b\u200bcieti hrom\u0113tiem pak\u0101pieniem un iztur\u012bgiem bl\u012bv\u0113jumiem, lai iztur\u0113tu sare\u017e\u0123\u012btus apst\u0101k\u013cus. T\u0101das funkcijas k\u0101 regul\u0113jams V veida bl\u012bv\u0113jums un papildu mont\u0101\u017eas stili (\u0161\u0137\u0113rscaurule vai stienis) nodro\u0161ina piel\u0101go\u0161anos j\u016bsu apr\u012bkojumam.<\/p>\n<h3>Piel\u0101go\u0161ana j\u016bsu pirkstu galos<\/h3>\n<p class=\"break-words\">Viena no m\u016bsu izcil\u0101kaj\u0101m priek\u0161roc\u012bb\u0101m ir sp\u0113ja pieg\u0101d\u0101t piel\u0101gotus teleskopiskos hidrauliskos cilindrus. Neatkar\u012bgi no t\u0101, vai jums ir nepiecie\u0161ams noteikts urbuma izm\u0113rs, g\u0101jiena garums vai mont\u0101\u017eas konfigur\u0101cija, m\u016bsu pieredz\u0113ju\u0161\u0101 in\u017eenieru komanda sadarbojas ar jums, lai izstr\u0101d\u0101tu risin\u0101jumu, kas lieliski atbilst j\u016bsu pielietojumam \u2014 vai t\u0101 b\u016btu atkritumu ved\u0113ja ma\u0161\u012bna Florenc\u0113 vai celtnis Mil\u0101n\u0101. M\u016bsu \u0101trais izpildes laiks \u2014 bie\u017ei vien m\u0113ne\u0161a laik\u0101 \u2014 m\u016bs at\u0161\u0137ir, nodro\u0161inot, ka j\u016bs sa\u0146emsiet savu piel\u0101goto cilindru \u0101tr\u0101k nek\u0101 nozares standarts.<\/p>\n<p class=\"break-words\">Ja m\u016bsu produktu sarakst\u0101 neatrodat tie\u0161i jums nepiecie\u0161amo modeli, neuztraucieties \u2014 iesp\u0113jams, mums v\u0113l nav bijusi iesp\u0113ja to iek\u013caut sarakst\u0101. Vienk\u0101r\u0161i nos\u016btiet mums e-pastu ar sav\u0101m specifik\u0101cij\u0101m, un m\u016bsu in\u017eenieri 24 stundu laik\u0101 atbild\u0113s ar personaliz\u0113tu risin\u0101jumu.<\/p>\n<\/div>\n<p>[\/et_pb_text][\/et_pb_column][\/et_pb_row][et_pb_row _builder_version=&#8221;4.27.4&#8243; _module_preset=&#8221;default&#8221; column_structure=&#8221;1_2,1_2&#8243; theme_builder_area=&#8221;post_content&#8221; use_custom_gutter=&#8221;on&#8221; gutter_width=&#8221;2&#8243; hover_enabled=&#8221;0&#8243; sticky_enabled=&#8221;0&#8243; max_width=&#8221;1250px&#8221; width=&#8221;100%&#8221;][et_pb_column _builder_version=&#8221;4.27.4&#8243; _module_preset=&#8221;default&#8221; type=&#8221;1_2&#8243; theme_builder_area=&#8221;post_content&#8221;][et_pb_image src=&#8221;https:\/\/fmp-components.com\/wp-content\/uploads\/2025\/03\/fmp-hydraulic-cylinder-factory.webp&#8221; _builder_version=&#8221;4.27.4&#8243; _module_preset=&#8221;default&#8221; theme_builder_area=&#8221;post_content&#8221; alt=&#8221;fmp-hydraulic-cylinder-factory&#8221; title_text=&#8221;fmp-hydraulic-cylinder-factory&#8221; hover_enabled=&#8221;0&#8243; sticky_enabled=&#8221;0&#8243;][\/et_pb_image][\/et_pb_column][et_pb_column _builder_version=&#8221;4.27.4&#8243; _module_preset=&#8221;default&#8221; type=&#8221;1_2&#8243; theme_builder_area=&#8221;post_content&#8221;][et_pb_image src=&#8221;https:\/\/fmp-components.com\/wp-content\/uploads\/2025\/03\/fmp-hydraulic-cylinder-factory2.webp&#8221; _builder_version=&#8221;4.27.4&#8243; _module_preset=&#8221;default&#8221; theme_builder_area=&#8221;post_content&#8221; alt=&#8221;fmp-hydraulic-cylinder-factory2&#8243; title_text=&#8221;fmp-hydraulic-cylinder-factory2&#8243; hover_enabled=&#8221;0&#8243; sticky_enabled=&#8221;0&#8243;][\/et_pb_image][\/et_pb_column][\/et_pb_row][\/et_pb_section]<\/p>","protected":false},"excerpt":{"rendered":"<p>Telescopic Hydraulic Cylinders Telescopic Hydraulic Cylinders: Power and Precision from FMP Company In the realm of hydraulic systems, telescopic hydraulic cylinders are renowned for their ability to provide extended reach within a compact design. These versatile components are vital for applications requiring long strokes in limited spaces, making them indispensable across various industries. At FMP, [&hellip;]<\/p>","protected":false},"author":2,"featured_media":0,"parent":0,"menu_order":0,"comment_status":"closed","ping_status":"closed","template":"","meta":{"_et_pb_use_builder":"on","_et_pb_old_content":"","_et_gb_content_width":"","footnotes":""},"class_list":["post-7276","page","type-page","status-publish","hentry"],"_links":{"self":[{"href":"https:\/\/fmp-components.com\/lv\/wp-json\/wp\/v2\/pages\/7276","targetHints":{"allow":["GET"]}}],"collection":[{"href":"https:\/\/fmp-components.com\/lv\/wp-json\/wp\/v2\/pages"}],"about":[{"href":"https:\/\/fmp-components.com\/lv\/wp-json\/wp\/v2\/types\/page"}],"author":[{"embeddable":true,"href":"https:\/\/fmp-components.com\/lv\/wp-json\/wp\/v2\/users\/2"}],"replies":[{"embeddable":true,"href":"https:\/\/fmp-components.com\/lv\/wp-json\/wp\/v2\/comments?post=7276"}],"version-history":[{"count":12,"href":"https:\/\/fmp-components.com\/lv\/wp-json\/wp\/v2\/pages\/7276\/revisions"}],"predecessor-version":[{"id":7304,"href":"https:\/\/fmp-components.com\/lv\/wp-json\/wp\/v2\/pages\/7276\/revisions\/7304"}],"wp:attachment":[{"href":"https:\/\/fmp-components.com\/lv\/wp-json\/wp\/v2\/media?parent=7276"}],"curies":[{"name":"wp","href":"https:\/\/api.w.org\/{rel}","templated":true}]}}